{"id":72743,"date":"2024-09-25T23:17:45","date_gmt":"2024-09-25T21:17:45","guid":{"rendered":"https:\/\/revolutionpadelstore.com\/nox-at10-pro-cup-hard-by-agustin-tapia-2025\/"},"modified":"2026-04-01T07:13:26","modified_gmt":"2026-04-01T05:13:26","slug":"nox-at10-pro-cup-hard-by-agustin-tapia-2025-1","status":"publish","type":"product","link":"https:\/\/revolutionpadelstore.com\/de\/produkt\/nox-at10-pro-cup-hard-by-agustin-tapia-2025-1\/","title":{"rendered":"NOX AT10 PRO CUP HARD BY AGUSTIN TAPIA 2025"},"content":{"rendered":"<h2>Nox AT10 Pro Cup Hard von Agust\u00edn Tapia 2025, schnelle Schl\u00e4ge mit h\u00f6chster Pr\u00e4zision<\/h2>\n<p>Der Nox AT10 Pro Cup Hard-Schl\u00e4ger, Teil der Kollektion 2025, wurde von einem der bekanntesten Padel-Spieler der Welt, dem Argentinier <strong>Agust\u00edn Tapia<\/strong>, ausgew\u00e4hlt. Dieses Modell wurde entwickelt, um \u00fcberragende Leistung zu bieten und es Ihnen zu erm\u00f6glichen, jeden Punkt mit einer deutlichen Verbesserung der Technik und Kontrolle \u00fcber das Spiel zu meistern. Sein elegantes schwarzes Design mit silbernen Details und einer 3D-Textur verleiht ihm einen stilisierten und modernen Touch, der auf dem Platz nicht unbemerkt bleibt.<\/p>\n<h2>Nox AT10 Pro Cup Hard von Agust\u00edn Tapia 2025, leistungsstarke Profispieler<\/h2>\n<p>Diese neue Version von Nox richtet sich an fortgeschrittene und professionelle Spieler, die die Geschwindigkeit ihres Spiels steigern m\u00f6chten. Die Tropfenform und die mittlere Balance des Schl\u00e4gers sorgen f\u00fcr ein hervorragendes Gleichgewicht zwischen Kontrolle und Kraft und erm\u00f6glichen eine optimale Leistung sowohl bei defensiven als auch bei offensiven Schl\u00e4gen. Bei jedem Schlag mit dem AT10 Pro Cup Hard k\u00f6nnen Sie sp\u00fcren, wie Sie den Rhythmus des Spiels kontrollieren, eine ideale Funktion f\u00fcr technische Spieler wie Padels eigener \u201eMozart\u201c, Agust\u00edn Tapia. Dieser Schl\u00e4ger verf\u00fcgt \u00fcber eine Reihe fortschrittlicher Technologien, die seine Qualit\u00e4t und Leistung verbessern.<\/p>\n<h2>Mit Nox AT10 Pro Cup Hard von Agust\u00edn Tapia 2025<\/h2>\n<p style=\"padding-left: 40px\"><em>-Fiber Glass Silver<\/em>, ein Fiberglas, das eine Steifigkeit zwischen Carbon und Glas bietet und ein Gef\u00fchl der <strong>Kontrolle<\/em> vermittelt ohne auf <strong>Macht<\/strong> zu verzichten.<\/p>\n<p style=\"padding-left: 40px\"><em>-EV50-Gummi<\/em>, hohe Dichte und Reaktivit\u00e4t, was die Geschwindigkeit des Balls bei Schl\u00e4gen in der N\u00e4he des Netzes erh\u00f6ht und einen soliden Ballkontakt mit mittlerer bis hoher Schlagkraft bietet H\u00e4rte.<\/p>\n<p style=\"padding-left: 40px\"><em>-Carbon-Rahmen<\/em>, der eine gr\u00f6\u00dfere <strong>Haltbarkeit<\/strong> und Steifigkeit der gesamten Struktur des Schl\u00e4gers<\/p>\n<p> garantiert<\/p>\n<p style=\"padding-left: 40px\"><em>-Smart Strap System<\/em>, das einen einfachen Austausch des Kabels erm\u00f6glicht, was die Hygiene verbessert und die Garantie aufrechterh\u00e4lt.<\/p>\n<h3>Nox AT10 Pro Cup Hard von Agust\u00edn Tapia 2025 jetzt im Revolution Padel Store erh\u00e4ltlich<\/h3>\n<p>Wenn Sie ein Wettkampfspieler sind, der nach Ausgewogenheit in Ihrem Spiel und h\u00f6herer Geschwindigkeit bei Ihren Schl\u00e4gen sucht, ist der Nox AT10 Pro Cup Hard die perfekte Option.<\/p>\n<h2>Nox AT10 Pro Cup Hard By Agust\u00edn Tapia 2025, golpes veloces con la mayor precisi\u00f3n<\/h2>\n","protected":false},"excerpt":{"rendered":"<p>Nox AT10 Pro Cup Hard-Schl\u00e4ger vom Spieler Agust\u00edn Tapia, aus der 2025-Kollektion, f\u00fcr Hochleistungsspieler.<\/p>\n","protected":false},"featured_media":125353,"comment_status":"open","ping_status":"closed","template":"","meta":{"_acf_changed":false,"_joinchat":[]},"acabado":[1089],"balance":[1139],"dureza":[1154],"forma":[1184],"jugador":[1189,1199],"marca":[1259],"nivel-de-juego":[1334],"superficie":[1359],"tipo-de-juego":[1384],"product_brand":[],"product_cat":[299],"product_tag":[],"class_list":{"0":"post-72743","1":"product","2":"type-product","3":"status-publish","4":"has-post-thumbnail","6":"acabado-3d-entlasten","7":"balance-mittel","8":"dureza-media-de","9":"forma-lagrima-de","10":"jugador-mann","11":"jugador-mehrzweck","12":"marca-nox-de","13":"superficie-rugosa-de","14":"tipo-de-juego-mehrzweck","15":"product_cat-palas-de-padel-de","17":"first","18":"instock","19":"sale","20":"taxable","21":"shipping-taxable","22":"purchasable","23":"product-type-simple"},"acf":[],"yoast_head":"<!-- This site is optimized with the Yoast SEO plugin v27.3 - https:\/\/yoast.com\/product\/yoast-seo-wordpress\/ -->\n<title>NOX AT10 PRO CUP HARD BY AGUSTIN TAPIA 2025 - Revolution Padel Store<\/title>\n<meta name=\"description\" content=\"Este nuevo lanzamiento de Nox est\u00e1 dirigido a jugadores de\u00a0nivel avanzado\u00a0y\u00a0profesional\u00a0que buscan aumentar la velocidad de su juego. La\u00a0forma de l\u00e1grima\u00a0y el balance medio de la pala proporcionan un equilibrio excelente entre control y potencia, lo que facilita un\u00a0rendimiento\u00a0\u00f3ptimo tanto en golpes defensivos como ofensivos. Cada golpe con la AT10 Pro Cup Hard te permite sentir c\u00f3mo\u00a0controlas el ritmo\u00a0del partido, una caracter\u00edstica ideal para jugadores t\u00e9cnicos como el propio &quot;Mozart&quot; del p\u00e1del, Agust\u00edn Tapia. Esta pala cuenta con una serie de tecnolog\u00edas avanzadas que mejoran su calidad y rendimiento.\" \/>\n<meta name=\"robots\" content=\"index, follow, max-snippet:-1, max-image-preview:large, max-video-preview:-1\" \/>\n<link rel=\"canonical\" href=\"https:\/\/revolutionpadelstore.com\/de\/produkt\/nox-at10-pro-cup-hard-by-agustin-tapia-2025-1\/\" \/>\n<meta property=\"og:locale\" content=\"de_DE\" \/>\n<meta property=\"og:type\" content=\"article\" \/>\n<meta property=\"og:title\" content=\"NOX AT10 PRO CUP HARD BY AGUSTIN TAPIA 2025 - Revolution Padel Store\" \/>\n<meta property=\"og:description\" content=\"Este nuevo lanzamiento de Nox est\u00e1 dirigido a jugadores de\u00a0nivel avanzado\u00a0y\u00a0profesional\u00a0que buscan aumentar la velocidad de su juego. La\u00a0forma de l\u00e1grima\u00a0y el balance medio de la pala proporcionan un equilibrio excelente entre control y potencia, lo que facilita un\u00a0rendimiento\u00a0\u00f3ptimo tanto en golpes defensivos como ofensivos. Cada golpe con la AT10 Pro Cup Hard te permite sentir c\u00f3mo\u00a0controlas el ritmo\u00a0del partido, una caracter\u00edstica ideal para jugadores t\u00e9cnicos como el propio &quot;Mozart&quot; del p\u00e1del, Agust\u00edn Tapia. Esta pala cuenta con una serie de tecnolog\u00edas avanzadas que mejoran su calidad y rendimiento.\" \/>\n<meta property=\"og:url\" content=\"https:\/\/revolutionpadelstore.com\/de\/produkt\/nox-at10-pro-cup-hard-by-agustin-tapia-2025-1\/\" \/>\n<meta property=\"og:site_name\" content=\"Revolution Padel Store\" \/>\n<meta property=\"article:modified_time\" content=\"2026-04-01T05:13:26+00:00\" \/>\n<meta property=\"og:image\" content=\"https:\/\/revolutionpadelstore.com\/wp-content\/uploads\/2024\/10\/113544_pala_nox_at10_pro_cup_hard_by_agustin_tapia_pat10pch25_1500x1500_1_f947.webp\" \/>\n\t<meta property=\"og:image:width\" content=\"1500\" \/>\n\t<meta property=\"og:image:height\" content=\"1500\" \/>\n\t<meta property=\"og:image:type\" content=\"image\/webp\" \/>\n<meta name=\"twitter:card\" content=\"summary_large_image\" \/>\n<meta name=\"twitter:label1\" content=\"Gesch\u00e4tzte Lesezeit\" \/>\n\t<meta name=\"twitter:data1\" content=\"2\u00a0Minuten\" \/>\n<script type=\"application\/ld+json\" class=\"yoast-schema-graph\">{\"@context\":\"https:\\\/\\\/schema.org\",\"@graph\":[{\"@type\":\"WebPage\",\"@id\":\"https:\\\/\\\/revolutionpadelstore.com\\\/de\\\/produkt\\\/nox-at10-pro-cup-hard-by-agustin-tapia-2025-1\\\/\",\"url\":\"https:\\\/\\\/revolutionpadelstore.com\\\/de\\\/produkt\\\/nox-at10-pro-cup-hard-by-agustin-tapia-2025-1\\\/\",\"name\":\"NOX AT10 PRO CUP HARD BY AGUSTIN TAPIA 2025 - Revolution Padel Store\",\"isPartOf\":{\"@id\":\"https:\\\/\\\/revolutionpadelstore.com\\\/de\\\/#website\"},\"primaryImageOfPage\":{\"@id\":\"https:\\\/\\\/revolutionpadelstore.com\\\/de\\\/produkt\\\/nox-at10-pro-cup-hard-by-agustin-tapia-2025-1\\\/#primaryimage\"},\"image\":{\"@id\":\"https:\\\/\\\/revolutionpadelstore.com\\\/de\\\/produkt\\\/nox-at10-pro-cup-hard-by-agustin-tapia-2025-1\\\/#primaryimage\"},\"thumbnailUrl\":\"https:\\\/\\\/revolutionpadelstore.com\\\/wp-content\\\/uploads\\\/2024\\\/10\\\/113544_pala_nox_at10_pro_cup_hard_by_agustin_tapia_pat10pch25_1500x1500_1_f947.webp\",\"datePublished\":\"2024-09-25T21:17:45+00:00\",\"dateModified\":\"2026-04-01T05:13:26+00:00\",\"description\":\"Este nuevo lanzamiento de Nox est\u00e1 dirigido a jugadores de\u00a0nivel avanzado\u00a0y\u00a0profesional\u00a0que buscan aumentar la velocidad de su juego. La\u00a0forma de l\u00e1grima\u00a0y el balance medio de la pala proporcionan un equilibrio excelente entre control y potencia, lo que facilita un\u00a0rendimiento\u00a0\u00f3ptimo tanto en golpes defensivos como ofensivos. Cada golpe con la AT10 Pro Cup Hard te permite sentir c\u00f3mo\u00a0controlas el ritmo\u00a0del partido, una caracter\u00edstica ideal para jugadores t\u00e9cnicos como el propio \\\"Mozart\\\" del p\u00e1del, Agust\u00edn Tapia. Esta pala cuenta con una serie de tecnolog\u00edas avanzadas que mejoran su calidad y rendimiento.\",\"breadcrumb\":{\"@id\":\"https:\\\/\\\/revolutionpadelstore.com\\\/de\\\/produkt\\\/nox-at10-pro-cup-hard-by-agustin-tapia-2025-1\\\/#breadcrumb\"},\"inLanguage\":\"de\",\"potentialAction\":[{\"@type\":\"ReadAction\",\"target\":[\"https:\\\/\\\/revolutionpadelstore.com\\\/de\\\/produkt\\\/nox-at10-pro-cup-hard-by-agustin-tapia-2025-1\\\/\"]}]},{\"@type\":\"ImageObject\",\"inLanguage\":\"de\",\"@id\":\"https:\\\/\\\/revolutionpadelstore.com\\\/de\\\/produkt\\\/nox-at10-pro-cup-hard-by-agustin-tapia-2025-1\\\/#primaryimage\",\"url\":\"https:\\\/\\\/revolutionpadelstore.com\\\/wp-content\\\/uploads\\\/2024\\\/10\\\/113544_pala_nox_at10_pro_cup_hard_by_agustin_tapia_pat10pch25_1500x1500_1_f947.webp\",\"contentUrl\":\"https:\\\/\\\/revolutionpadelstore.com\\\/wp-content\\\/uploads\\\/2024\\\/10\\\/113544_pala_nox_at10_pro_cup_hard_by_agustin_tapia_pat10pch25_1500x1500_1_f947.webp\",\"width\":1500,\"height\":1500},{\"@type\":\"BreadcrumbList\",\"@id\":\"https:\\\/\\\/revolutionpadelstore.com\\\/de\\\/produkt\\\/nox-at10-pro-cup-hard-by-agustin-tapia-2025-1\\\/#breadcrumb\",\"itemListElement\":[{\"@type\":\"ListItem\",\"position\":1,\"name\":\"Portada\",\"item\":\"https:\\\/\\\/revolutionpadelstore.com\\\/de\\\/\"},{\"@type\":\"ListItem\",\"position\":2,\"name\":\"Shop\",\"item\":\"https:\\\/\\\/revolutionpadelstore.com\\\/de\\\/tienda\\\/\"},{\"@type\":\"ListItem\",\"position\":3,\"name\":\"NOX AT10 PRO CUP HARD BY AGUSTIN TAPIA 2025\"}]},{\"@type\":\"WebSite\",\"@id\":\"https:\\\/\\\/revolutionpadelstore.com\\\/de\\\/#website\",\"url\":\"https:\\\/\\\/revolutionpadelstore.com\\\/de\\\/\",\"name\":\"Revolution Padel Store\",\"description\":\"\",\"publisher\":{\"@id\":\"https:\\\/\\\/revolutionpadelstore.com\\\/de\\\/#organization\"},\"potentialAction\":[{\"@type\":\"SearchAction\",\"target\":{\"@type\":\"EntryPoint\",\"urlTemplate\":\"https:\\\/\\\/revolutionpadelstore.com\\\/de\\\/?s={search_term_string}\"},\"query-input\":{\"@type\":\"PropertyValueSpecification\",\"valueRequired\":true,\"valueName\":\"search_term_string\"}}],\"inLanguage\":\"de\"},{\"@type\":\"Organization\",\"@id\":\"https:\\\/\\\/revolutionpadelstore.com\\\/de\\\/#organization\",\"name\":\"Revolution Padel Store\",\"url\":\"https:\\\/\\\/revolutionpadelstore.com\\\/de\\\/\",\"logo\":{\"@type\":\"ImageObject\",\"inLanguage\":\"de\",\"@id\":\"https:\\\/\\\/revolutionpadelstore.com\\\/de\\\/#\\\/schema\\\/logo\\\/image\\\/\",\"url\":\"https:\\\/\\\/revolutionpadelstore.com\\\/wp-content\\\/uploads\\\/2026\\\/02\\\/revolution-padel-store.jpg\",\"contentUrl\":\"https:\\\/\\\/revolutionpadelstore.com\\\/wp-content\\\/uploads\\\/2026\\\/02\\\/revolution-padel-store.jpg\",\"width\":2000,\"height\":2000,\"caption\":\"Revolution Padel Store\"},\"image\":{\"@id\":\"https:\\\/\\\/revolutionpadelstore.com\\\/de\\\/#\\\/schema\\\/logo\\\/image\\\/\"},\"sameAs\":[\"https:\\\/\\\/www.instagram.com\\\/revolutionpadelstore\\\/\"]}]}<\/script>\n<!-- \/ Yoast SEO plugin. -->","yoast_head_json":{"title":"NOX AT10 PRO CUP HARD BY AGUSTIN TAPIA 2025 - Revolution Padel Store","description":"Este nuevo lanzamiento de Nox est\u00e1 dirigido a jugadores de\u00a0nivel avanzado\u00a0y\u00a0profesional\u00a0que buscan aumentar la velocidad de su juego. La\u00a0forma de l\u00e1grima\u00a0y el balance medio de la pala proporcionan un equilibrio excelente entre control y potencia, lo que facilita un\u00a0rendimiento\u00a0\u00f3ptimo tanto en golpes defensivos como ofensivos. Cada golpe con la AT10 Pro Cup Hard te permite sentir c\u00f3mo\u00a0controlas el ritmo\u00a0del partido, una caracter\u00edstica ideal para jugadores t\u00e9cnicos como el propio \"Mozart\" del p\u00e1del, Agust\u00edn Tapia. Esta pala cuenta con una serie de tecnolog\u00edas avanzadas que mejoran su calidad y rendimiento.","robots":{"index":"index","follow":"follow","max-snippet":"max-snippet:-1","max-image-preview":"max-image-preview:large","max-video-preview":"max-video-preview:-1"},"canonical":"https:\/\/revolutionpadelstore.com\/de\/produkt\/nox-at10-pro-cup-hard-by-agustin-tapia-2025-1\/","og_locale":"de_DE","og_type":"article","og_title":"NOX AT10 PRO CUP HARD BY AGUSTIN TAPIA 2025 - Revolution Padel Store","og_description":"Este nuevo lanzamiento de Nox est\u00e1 dirigido a jugadores de\u00a0nivel avanzado\u00a0y\u00a0profesional\u00a0que buscan aumentar la velocidad de su juego. La\u00a0forma de l\u00e1grima\u00a0y el balance medio de la pala proporcionan un equilibrio excelente entre control y potencia, lo que facilita un\u00a0rendimiento\u00a0\u00f3ptimo tanto en golpes defensivos como ofensivos. Cada golpe con la AT10 Pro Cup Hard te permite sentir c\u00f3mo\u00a0controlas el ritmo\u00a0del partido, una caracter\u00edstica ideal para jugadores t\u00e9cnicos como el propio \"Mozart\" del p\u00e1del, Agust\u00edn Tapia. Esta pala cuenta con una serie de tecnolog\u00edas avanzadas que mejoran su calidad y rendimiento.","og_url":"https:\/\/revolutionpadelstore.com\/de\/produkt\/nox-at10-pro-cup-hard-by-agustin-tapia-2025-1\/","og_site_name":"Revolution Padel Store","article_modified_time":"2026-04-01T05:13:26+00:00","og_image":[{"width":1500,"height":1500,"url":"https:\/\/revolutionpadelstore.com\/wp-content\/uploads\/2024\/10\/113544_pala_nox_at10_pro_cup_hard_by_agustin_tapia_pat10pch25_1500x1500_1_f947.webp","type":"image\/webp"}],"twitter_card":"summary_large_image","twitter_misc":{"Gesch\u00e4tzte Lesezeit":"2\u00a0Minuten"},"schema":{"@context":"https:\/\/schema.org","@graph":[{"@type":"WebPage","@id":"https:\/\/revolutionpadelstore.com\/de\/produkt\/nox-at10-pro-cup-hard-by-agustin-tapia-2025-1\/","url":"https:\/\/revolutionpadelstore.com\/de\/produkt\/nox-at10-pro-cup-hard-by-agustin-tapia-2025-1\/","name":"NOX AT10 PRO CUP HARD BY AGUSTIN TAPIA 2025 - Revolution Padel Store","isPartOf":{"@id":"https:\/\/revolutionpadelstore.com\/de\/#website"},"primaryImageOfPage":{"@id":"https:\/\/revolutionpadelstore.com\/de\/produkt\/nox-at10-pro-cup-hard-by-agustin-tapia-2025-1\/#primaryimage"},"image":{"@id":"https:\/\/revolutionpadelstore.com\/de\/produkt\/nox-at10-pro-cup-hard-by-agustin-tapia-2025-1\/#primaryimage"},"thumbnailUrl":"https:\/\/revolutionpadelstore.com\/wp-content\/uploads\/2024\/10\/113544_pala_nox_at10_pro_cup_hard_by_agustin_tapia_pat10pch25_1500x1500_1_f947.webp","datePublished":"2024-09-25T21:17:45+00:00","dateModified":"2026-04-01T05:13:26+00:00","description":"Este nuevo lanzamiento de Nox est\u00e1 dirigido a jugadores de\u00a0nivel avanzado\u00a0y\u00a0profesional\u00a0que buscan aumentar la velocidad de su juego. La\u00a0forma de l\u00e1grima\u00a0y el balance medio de la pala proporcionan un equilibrio excelente entre control y potencia, lo que facilita un\u00a0rendimiento\u00a0\u00f3ptimo tanto en golpes defensivos como ofensivos. Cada golpe con la AT10 Pro Cup Hard te permite sentir c\u00f3mo\u00a0controlas el ritmo\u00a0del partido, una caracter\u00edstica ideal para jugadores t\u00e9cnicos como el propio \"Mozart\" del p\u00e1del, Agust\u00edn Tapia. Esta pala cuenta con una serie de tecnolog\u00edas avanzadas que mejoran su calidad y rendimiento.","breadcrumb":{"@id":"https:\/\/revolutionpadelstore.com\/de\/produkt\/nox-at10-pro-cup-hard-by-agustin-tapia-2025-1\/#breadcrumb"},"inLanguage":"de","potentialAction":[{"@type":"ReadAction","target":["https:\/\/revolutionpadelstore.com\/de\/produkt\/nox-at10-pro-cup-hard-by-agustin-tapia-2025-1\/"]}]},{"@type":"ImageObject","inLanguage":"de","@id":"https:\/\/revolutionpadelstore.com\/de\/produkt\/nox-at10-pro-cup-hard-by-agustin-tapia-2025-1\/#primaryimage","url":"https:\/\/revolutionpadelstore.com\/wp-content\/uploads\/2024\/10\/113544_pala_nox_at10_pro_cup_hard_by_agustin_tapia_pat10pch25_1500x1500_1_f947.webp","contentUrl":"https:\/\/revolutionpadelstore.com\/wp-content\/uploads\/2024\/10\/113544_pala_nox_at10_pro_cup_hard_by_agustin_tapia_pat10pch25_1500x1500_1_f947.webp","width":1500,"height":1500},{"@type":"BreadcrumbList","@id":"https:\/\/revolutionpadelstore.com\/de\/produkt\/nox-at10-pro-cup-hard-by-agustin-tapia-2025-1\/#breadcrumb","itemListElement":[{"@type":"ListItem","position":1,"name":"Portada","item":"https:\/\/revolutionpadelstore.com\/de\/"},{"@type":"ListItem","position":2,"name":"Shop","item":"https:\/\/revolutionpadelstore.com\/de\/tienda\/"},{"@type":"ListItem","position":3,"name":"NOX AT10 PRO CUP HARD BY AGUSTIN TAPIA 2025"}]},{"@type":"WebSite","@id":"https:\/\/revolutionpadelstore.com\/de\/#website","url":"https:\/\/revolutionpadelstore.com\/de\/","name":"Revolution Padel Store","description":"","publisher":{"@id":"https:\/\/revolutionpadelstore.com\/de\/#organization"},"potentialAction":[{"@type":"SearchAction","target":{"@type":"EntryPoint","urlTemplate":"https:\/\/revolutionpadelstore.com\/de\/?s={search_term_string}"},"query-input":{"@type":"PropertyValueSpecification","valueRequired":true,"valueName":"search_term_string"}}],"inLanguage":"de"},{"@type":"Organization","@id":"https:\/\/revolutionpadelstore.com\/de\/#organization","name":"Revolution Padel Store","url":"https:\/\/revolutionpadelstore.com\/de\/","logo":{"@type":"ImageObject","inLanguage":"de","@id":"https:\/\/revolutionpadelstore.com\/de\/#\/schema\/logo\/image\/","url":"https:\/\/revolutionpadelstore.com\/wp-content\/uploads\/2026\/02\/revolution-padel-store.jpg","contentUrl":"https:\/\/revolutionpadelstore.com\/wp-content\/uploads\/2026\/02\/revolution-padel-store.jpg","width":2000,"height":2000,"caption":"Revolution Padel Store"},"image":{"@id":"https:\/\/revolutionpadelstore.com\/de\/#\/schema\/logo\/image\/"},"sameAs":["https:\/\/www.instagram.com\/revolutionpadelstore\/"]}]}},"_links":{"self":[{"href":"https:\/\/revolutionpadelstore.com\/de\/wp-json\/wp\/v2\/product\/72743","targetHints":{"allow":["GET"]}}],"collection":[{"href":"https:\/\/revolutionpadelstore.com\/de\/wp-json\/wp\/v2\/product"}],"about":[{"href":"https:\/\/revolutionpadelstore.com\/de\/wp-json\/wp\/v2\/types\/product"}],"replies":[{"embeddable":true,"href":"https:\/\/revolutionpadelstore.com\/de\/wp-json\/wp\/v2\/comments?post=72743"}],"wp:featuredmedia":[{"embeddable":true,"href":"https:\/\/revolutionpadelstore.com\/de\/wp-json\/wp\/v2\/media\/125353"}],"wp:attachment":[{"href":"https:\/\/revolutionpadelstore.com\/de\/wp-json\/wp\/v2\/media?parent=72743"}],"wp:term":[{"taxonomy":"acabado","embeddable":true,"href":"https:\/\/revolutionpadelstore.com\/de\/wp-json\/wp\/v2\/acabado?post=72743"},{"taxonomy":"balance","embeddable":true,"href":"https:\/\/revolutionpadelstore.com\/de\/wp-json\/wp\/v2\/balance?post=72743"},{"taxonomy":"dureza","embeddable":true,"href":"https:\/\/revolutionpadelstore.com\/de\/wp-json\/wp\/v2\/dureza?post=72743"},{"taxonomy":"forma","embeddable":true,"href":"https:\/\/revolutionpadelstore.com\/de\/wp-json\/wp\/v2\/forma?post=72743"},{"taxonomy":"jugador","embeddable":true,"href":"https:\/\/revolutionpadelstore.com\/de\/wp-json\/wp\/v2\/jugador?post=72743"},{"taxonomy":"marca","embeddable":true,"href":"https:\/\/revolutionpadelstore.com\/de\/wp-json\/wp\/v2\/marca?post=72743"},{"taxonomy":"nivel-de-juego","embeddable":true,"href":"https:\/\/revolutionpadelstore.com\/de\/wp-json\/wp\/v2\/nivel-de-juego?post=72743"},{"taxonomy":"superficie","embeddable":true,"href":"https:\/\/revolutionpadelstore.com\/de\/wp-json\/wp\/v2\/superficie?post=72743"},{"taxonomy":"tipo-de-juego","embeddable":true,"href":"https:\/\/revolutionpadelstore.com\/de\/wp-json\/wp\/v2\/tipo-de-juego?post=72743"},{"taxonomy":"product_brand","embeddable":true,"href":"https:\/\/revolutionpadelstore.com\/de\/wp-json\/wp\/v2\/product_brand?post=72743"},{"taxonomy":"product_cat","embeddable":true,"href":"https:\/\/revolutionpadelstore.com\/de\/wp-json\/wp\/v2\/product_cat?post=72743"},{"taxonomy":"product_tag","embeddable":true,"href":"https:\/\/revolutionpadelstore.com\/de\/wp-json\/wp\/v2\/product_tag?post=72743"}],"curies":[{"name":"wp","href":"https:\/\/api.w.org\/{rel}","templated":true}]}}