{"id":63695,"date":"2024-08-22T13:04:19","date_gmt":"2024-08-22T11:04:19","guid":{"rendered":"https:\/\/revolutionpadelstore.com\/mizuno-wave-exceed-tour-6-cc-61gc2474-28-azul\/"},"modified":"2026-04-09T14:01:59","modified_gmt":"2026-04-09T12:01:59","slug":"mizuno-wave-exceed-tour-6-cc-azul-1","status":"publish","type":"product","link":"https:\/\/revolutionpadelstore.com\/de\/produkt\/mizuno-wave-exceed-tour-6-cc-azul-1\/","title":{"rendered":"MIZUNO WAVE EXCEED TOUR 6 CC AZUL"},"content":{"rendered":"<h2>Mizuno Wave Exceed Tour 6 CC Blau, \u00fcberlegene Agilit\u00e4t<\/h2>\n<p>Die Wave Exceed Tour CC Blue Herren-Padelschuhe von Mizuno wurden f\u00fcr <strong>Padelspieler auf fortgeschrittenem Niveau<\/strong> entwickelt, die einen leichten, widerstandsf\u00e4higen und bequemen Sportschuh suchen, der schnelle, agile und reibungslose Bewegungen gew\u00e4hrleistet <strong>ideal f\u00fcr intensives Spielen<\/strong>.<\/p>\n<p>Die Sohle verf\u00fcgt \u00fcber flexible Rillen, die eine schnelle Reaktion, guten Halt und Vielseitigkeit auf dem Spielfeld beg\u00fcnstigen. In die Zwischensohle wurde die Mizuno Enerzy-Technologie integriert, ein sehr widerstandsf\u00e4higes Material, das f\u00fcr Weichheit und au\u00dfergew\u00f6hnliche R\u00fcckfederung sorgt.<\/p>\n<h3>Schnelle und stabile Bewegungen<\/h3>\n<p>Der obere Teil dieser <strong>Mizuno-Herrenschuhe<\/strong> besteht aus atmungsaktiven, widerstandsf\u00e4higen und leichten Materialien, die maximalen Komfort bieten, indem sie einen kontinuierlichen Luftstrom f\u00fcr <strong>mehr Frische<\/strong> erm\u00f6glichen. Auf diese Weise bleiben Ihre F\u00fc\u00dfe trocken, frisch und von schlechten Ger\u00fcchen ferngehalten.<\/p>\n<p>Die <em>Dyna-Elet Wrap<\/em>-Technologie besteht aus einer \u00d6senstruktur mit gro\u00dfen \u00d6ffnungen, die f\u00fcr eine <strong>ideale Passform<\/strong> sorgt und sich perfekt an die Bewegung des Fu\u00dfes anpasst. Die Zwischensohle ist mit der Mizuno Wave-Platte ausgestattet, die die Energier\u00fcckgabe optimiert und die Stabilit\u00e4t und Unterst\u00fctzung beim Gleiten erh\u00f6ht.<\/p>\n<p>Die diagonale D-Flex Groove im Mittelfu\u00df f\u00f6rdert schnellere, agilere Drehungen, indem sie die nat\u00fcrliche Bewegung des K\u00f6rpers in Richtungswechsel \u00fcbertr\u00e4gt.<\/p>\n<h2>Mizuno Wave Exceed Tour 6 CC Azul, agilidad superior<\/h2>\n","protected":false},"excerpt":{"rendered":"<p>Mizuno Wave Exceed Tour 6 CC Blue Herren-Padelschuhe, die dank der D-Flex Groove stabile, sichere und agile Kurven und Richtungswechsel erm\u00f6glichen.<\/p>\n","protected":false},"featured_media":62321,"comment_status":"open","ping_status":"closed","template":"","meta":{"_acf_changed":false,"_joinchat":[]},"acabado":[],"balance":[],"dureza":[],"forma":[],"jugador":[1189],"marca":[1329],"nivel-de-juego":[],"superficie":[],"tipo-de-juego":[],"product_brand":[],"product_cat":[831],"product_tag":[],"class_list":{"0":"post-63695","1":"product","2":"type-product","3":"status-publish","4":"has-post-thumbnail","6":"jugador-mann","7":"marca-mizuno-de","8":"product_cat-turnschuhe","10":"first","11":"instock","12":"sale","13":"taxable","14":"shipping-taxable","15":"purchasable","16":"product-type-variable"},"acf":[],"yoast_head":"<!-- This site is optimized with the Yoast SEO plugin v27.4 - https:\/\/yoast.com\/product\/yoast-seo-wordpress\/ -->\n<title>MIZUNO WAVE EXCEED TOUR 6 CC AZUL - Revolution Padel Store<\/title>\n<meta name=\"description\" content=\"Dise\u00f1adas para jugadores de p\u00e1del de nivel avanzado que busquen un calzado deportivo ligero, resistente y c\u00f3modo que asegure unos movimientos r\u00e1pidos, \u00e1giles y suaves, las zapatillas de p\u00e1del para hombre Wave Exceed Tour CC Azul de Mizuno son ideales para un juego intenso.\" \/>\n<meta name=\"robots\" content=\"index, follow, max-snippet:-1, max-image-preview:large, max-video-preview:-1\" \/>\n<link rel=\"canonical\" href=\"https:\/\/revolutionpadelstore.com\/de\/produkt\/mizuno-wave-exceed-tour-6-cc-azul-1\/\" \/>\n<meta property=\"og:locale\" content=\"de_DE\" \/>\n<meta property=\"og:type\" content=\"article\" \/>\n<meta property=\"og:title\" content=\"COMPRAR MIZUNO WAVE EXCEED TOUR 6 CC 61GC2474 28 AZUL\" \/>\n<meta property=\"og:description\" content=\"Dise\u00f1adas para jugadores de p\u00e1del de nivel avanzado que busquen un calzado deportivo ligero, resistente y c\u00f3modo que asegure unos movimientos r\u00e1pidos, \u00e1giles y suaves, las zapatillas de p\u00e1del para hombre Wave Exceed Tour CC Azul de Mizuno son ideales para un juego intenso.\" \/>\n<meta property=\"og:url\" content=\"https:\/\/revolutionpadelstore.com\/de\/produkt\/mizuno-wave-exceed-tour-6-cc-azul-1\/\" \/>\n<meta property=\"og:site_name\" content=\"Revolution Padel Store\" \/>\n<meta property=\"article:modified_time\" content=\"2026-04-09T12:01:59+00:00\" \/>\n<meta property=\"og:image\" content=\"https:\/\/revolutionpadelstore.com\/wp-content\/uploads\/2024\/08\/111982_zapatillas_mizuno_wave_exceed_tour_6_cc_61gc2474_28_1000x1000_1_9584.webp\" \/>\n\t<meta property=\"og:image:width\" content=\"1000\" \/>\n\t<meta property=\"og:image:height\" content=\"1000\" \/>\n\t<meta property=\"og:image:type\" content=\"image\/webp\" \/>\n<meta name=\"twitter:card\" content=\"summary_large_image\" \/>\n<meta name=\"twitter:label1\" content=\"Gesch\u00e4tzte Lesezeit\" \/>\n\t<meta name=\"twitter:data1\" content=\"2\u00a0Minuten\" \/>\n<script type=\"application\/ld+json\" class=\"yoast-schema-graph\">{\"@context\":\"https:\\\/\\\/schema.org\",\"@graph\":[{\"@type\":\"WebPage\",\"@id\":\"https:\\\/\\\/revolutionpadelstore.com\\\/de\\\/produkt\\\/mizuno-wave-exceed-tour-6-cc-azul-1\\\/\",\"url\":\"https:\\\/\\\/revolutionpadelstore.com\\\/de\\\/produkt\\\/mizuno-wave-exceed-tour-6-cc-azul-1\\\/\",\"name\":\"MIZUNO WAVE EXCEED TOUR 6 CC AZUL - Revolution Padel Store\",\"isPartOf\":{\"@id\":\"https:\\\/\\\/revolutionpadelstore.com\\\/de\\\/#website\"},\"primaryImageOfPage\":{\"@id\":\"https:\\\/\\\/revolutionpadelstore.com\\\/de\\\/produkt\\\/mizuno-wave-exceed-tour-6-cc-azul-1\\\/#primaryimage\"},\"image\":{\"@id\":\"https:\\\/\\\/revolutionpadelstore.com\\\/de\\\/produkt\\\/mizuno-wave-exceed-tour-6-cc-azul-1\\\/#primaryimage\"},\"thumbnailUrl\":\"https:\\\/\\\/revolutionpadelstore.com\\\/wp-content\\\/uploads\\\/2024\\\/08\\\/111982_zapatillas_mizuno_wave_exceed_tour_6_cc_61gc2474_28_1000x1000_1_9584.webp\",\"datePublished\":\"2024-08-22T11:04:19+00:00\",\"dateModified\":\"2026-04-09T12:01:59+00:00\",\"description\":\"Dise\u00f1adas para jugadores de p\u00e1del de nivel avanzado que busquen un calzado deportivo ligero, resistente y c\u00f3modo que asegure unos movimientos r\u00e1pidos, \u00e1giles y suaves, las zapatillas de p\u00e1del para hombre Wave Exceed Tour CC Azul de Mizuno son ideales para un juego intenso.\",\"breadcrumb\":{\"@id\":\"https:\\\/\\\/revolutionpadelstore.com\\\/de\\\/produkt\\\/mizuno-wave-exceed-tour-6-cc-azul-1\\\/#breadcrumb\"},\"inLanguage\":\"de\",\"potentialAction\":[{\"@type\":\"ReadAction\",\"target\":[\"https:\\\/\\\/revolutionpadelstore.com\\\/de\\\/produkt\\\/mizuno-wave-exceed-tour-6-cc-azul-1\\\/\"]}]},{\"@type\":\"ImageObject\",\"inLanguage\":\"de\",\"@id\":\"https:\\\/\\\/revolutionpadelstore.com\\\/de\\\/produkt\\\/mizuno-wave-exceed-tour-6-cc-azul-1\\\/#primaryimage\",\"url\":\"https:\\\/\\\/revolutionpadelstore.com\\\/wp-content\\\/uploads\\\/2024\\\/08\\\/111982_zapatillas_mizuno_wave_exceed_tour_6_cc_61gc2474_28_1000x1000_1_9584.webp\",\"contentUrl\":\"https:\\\/\\\/revolutionpadelstore.com\\\/wp-content\\\/uploads\\\/2024\\\/08\\\/111982_zapatillas_mizuno_wave_exceed_tour_6_cc_61gc2474_28_1000x1000_1_9584.webp\",\"width\":1000,\"height\":1000},{\"@type\":\"BreadcrumbList\",\"@id\":\"https:\\\/\\\/revolutionpadelstore.com\\\/de\\\/produkt\\\/mizuno-wave-exceed-tour-6-cc-azul-1\\\/#breadcrumb\",\"itemListElement\":[{\"@type\":\"ListItem\",\"position\":1,\"name\":\"Portada\",\"item\":\"https:\\\/\\\/revolutionpadelstore.com\\\/de\\\/\"},{\"@type\":\"ListItem\",\"position\":2,\"name\":\"Shop\",\"item\":\"https:\\\/\\\/revolutionpadelstore.com\\\/de\\\/tienda\\\/\"},{\"@type\":\"ListItem\",\"position\":3,\"name\":\"MIZUNO WAVE EXCEED TOUR 6 CC AZUL\"}]},{\"@type\":\"WebSite\",\"@id\":\"https:\\\/\\\/revolutionpadelstore.com\\\/de\\\/#website\",\"url\":\"https:\\\/\\\/revolutionpadelstore.com\\\/de\\\/\",\"name\":\"Revolution Padel Store\",\"description\":\"\",\"publisher\":{\"@id\":\"https:\\\/\\\/revolutionpadelstore.com\\\/de\\\/#organization\"},\"potentialAction\":[{\"@type\":\"SearchAction\",\"target\":{\"@type\":\"EntryPoint\",\"urlTemplate\":\"https:\\\/\\\/revolutionpadelstore.com\\\/de\\\/?s={search_term_string}\"},\"query-input\":{\"@type\":\"PropertyValueSpecification\",\"valueRequired\":true,\"valueName\":\"search_term_string\"}}],\"inLanguage\":\"de\"},{\"@type\":\"Organization\",\"@id\":\"https:\\\/\\\/revolutionpadelstore.com\\\/de\\\/#organization\",\"name\":\"Revolution Padel Store\",\"url\":\"https:\\\/\\\/revolutionpadelstore.com\\\/de\\\/\",\"logo\":{\"@type\":\"ImageObject\",\"inLanguage\":\"de\",\"@id\":\"https:\\\/\\\/revolutionpadelstore.com\\\/de\\\/#\\\/schema\\\/logo\\\/image\\\/\",\"url\":\"https:\\\/\\\/revolutionpadelstore.com\\\/wp-content\\\/uploads\\\/2026\\\/02\\\/revolution-padel-store.jpg\",\"contentUrl\":\"https:\\\/\\\/revolutionpadelstore.com\\\/wp-content\\\/uploads\\\/2026\\\/02\\\/revolution-padel-store.jpg\",\"width\":2000,\"height\":2000,\"caption\":\"Revolution Padel Store\"},\"image\":{\"@id\":\"https:\\\/\\\/revolutionpadelstore.com\\\/de\\\/#\\\/schema\\\/logo\\\/image\\\/\"},\"sameAs\":[\"https:\\\/\\\/www.instagram.com\\\/revolutionpadelstore\\\/\"]}]}<\/script>\n<!-- \/ Yoast SEO plugin. -->","yoast_head_json":{"title":"MIZUNO WAVE EXCEED TOUR 6 CC AZUL - Revolution Padel Store","description":"Dise\u00f1adas para jugadores de p\u00e1del de nivel avanzado que busquen un calzado deportivo ligero, resistente y c\u00f3modo que asegure unos movimientos r\u00e1pidos, \u00e1giles y suaves, las zapatillas de p\u00e1del para hombre Wave Exceed Tour CC Azul de Mizuno son ideales para un juego intenso.","robots":{"index":"index","follow":"follow","max-snippet":"max-snippet:-1","max-image-preview":"max-image-preview:large","max-video-preview":"max-video-preview:-1"},"canonical":"https:\/\/revolutionpadelstore.com\/de\/produkt\/mizuno-wave-exceed-tour-6-cc-azul-1\/","og_locale":"de_DE","og_type":"article","og_title":"COMPRAR MIZUNO WAVE EXCEED TOUR 6 CC 61GC2474 28 AZUL","og_description":"Dise\u00f1adas para jugadores de p\u00e1del de nivel avanzado que busquen un calzado deportivo ligero, resistente y c\u00f3modo que asegure unos movimientos r\u00e1pidos, \u00e1giles y suaves, las zapatillas de p\u00e1del para hombre Wave Exceed Tour CC Azul de Mizuno son ideales para un juego intenso.","og_url":"https:\/\/revolutionpadelstore.com\/de\/produkt\/mizuno-wave-exceed-tour-6-cc-azul-1\/","og_site_name":"Revolution Padel Store","article_modified_time":"2026-04-09T12:01:59+00:00","og_image":[{"width":1000,"height":1000,"url":"https:\/\/revolutionpadelstore.com\/wp-content\/uploads\/2024\/08\/111982_zapatillas_mizuno_wave_exceed_tour_6_cc_61gc2474_28_1000x1000_1_9584.webp","type":"image\/webp"}],"twitter_card":"summary_large_image","twitter_misc":{"Gesch\u00e4tzte Lesezeit":"2\u00a0Minuten"},"schema":{"@context":"https:\/\/schema.org","@graph":[{"@type":"WebPage","@id":"https:\/\/revolutionpadelstore.com\/de\/produkt\/mizuno-wave-exceed-tour-6-cc-azul-1\/","url":"https:\/\/revolutionpadelstore.com\/de\/produkt\/mizuno-wave-exceed-tour-6-cc-azul-1\/","name":"MIZUNO WAVE EXCEED TOUR 6 CC AZUL - Revolution Padel Store","isPartOf":{"@id":"https:\/\/revolutionpadelstore.com\/de\/#website"},"primaryImageOfPage":{"@id":"https:\/\/revolutionpadelstore.com\/de\/produkt\/mizuno-wave-exceed-tour-6-cc-azul-1\/#primaryimage"},"image":{"@id":"https:\/\/revolutionpadelstore.com\/de\/produkt\/mizuno-wave-exceed-tour-6-cc-azul-1\/#primaryimage"},"thumbnailUrl":"https:\/\/revolutionpadelstore.com\/wp-content\/uploads\/2024\/08\/111982_zapatillas_mizuno_wave_exceed_tour_6_cc_61gc2474_28_1000x1000_1_9584.webp","datePublished":"2024-08-22T11:04:19+00:00","dateModified":"2026-04-09T12:01:59+00:00","description":"Dise\u00f1adas para jugadores de p\u00e1del de nivel avanzado que busquen un calzado deportivo ligero, resistente y c\u00f3modo que asegure unos movimientos r\u00e1pidos, \u00e1giles y suaves, las zapatillas de p\u00e1del para hombre Wave Exceed Tour CC Azul de Mizuno son ideales para un juego intenso.","breadcrumb":{"@id":"https:\/\/revolutionpadelstore.com\/de\/produkt\/mizuno-wave-exceed-tour-6-cc-azul-1\/#breadcrumb"},"inLanguage":"de","potentialAction":[{"@type":"ReadAction","target":["https:\/\/revolutionpadelstore.com\/de\/produkt\/mizuno-wave-exceed-tour-6-cc-azul-1\/"]}]},{"@type":"ImageObject","inLanguage":"de","@id":"https:\/\/revolutionpadelstore.com\/de\/produkt\/mizuno-wave-exceed-tour-6-cc-azul-1\/#primaryimage","url":"https:\/\/revolutionpadelstore.com\/wp-content\/uploads\/2024\/08\/111982_zapatillas_mizuno_wave_exceed_tour_6_cc_61gc2474_28_1000x1000_1_9584.webp","contentUrl":"https:\/\/revolutionpadelstore.com\/wp-content\/uploads\/2024\/08\/111982_zapatillas_mizuno_wave_exceed_tour_6_cc_61gc2474_28_1000x1000_1_9584.webp","width":1000,"height":1000},{"@type":"BreadcrumbList","@id":"https:\/\/revolutionpadelstore.com\/de\/produkt\/mizuno-wave-exceed-tour-6-cc-azul-1\/#breadcrumb","itemListElement":[{"@type":"ListItem","position":1,"name":"Portada","item":"https:\/\/revolutionpadelstore.com\/de\/"},{"@type":"ListItem","position":2,"name":"Shop","item":"https:\/\/revolutionpadelstore.com\/de\/tienda\/"},{"@type":"ListItem","position":3,"name":"MIZUNO WAVE EXCEED TOUR 6 CC AZUL"}]},{"@type":"WebSite","@id":"https:\/\/revolutionpadelstore.com\/de\/#website","url":"https:\/\/revolutionpadelstore.com\/de\/","name":"Revolution Padel Store","description":"","publisher":{"@id":"https:\/\/revolutionpadelstore.com\/de\/#organization"},"potentialAction":[{"@type":"SearchAction","target":{"@type":"EntryPoint","urlTemplate":"https:\/\/revolutionpadelstore.com\/de\/?s={search_term_string}"},"query-input":{"@type":"PropertyValueSpecification","valueRequired":true,"valueName":"search_term_string"}}],"inLanguage":"de"},{"@type":"Organization","@id":"https:\/\/revolutionpadelstore.com\/de\/#organization","name":"Revolution Padel Store","url":"https:\/\/revolutionpadelstore.com\/de\/","logo":{"@type":"ImageObject","inLanguage":"de","@id":"https:\/\/revolutionpadelstore.com\/de\/#\/schema\/logo\/image\/","url":"https:\/\/revolutionpadelstore.com\/wp-content\/uploads\/2026\/02\/revolution-padel-store.jpg","contentUrl":"https:\/\/revolutionpadelstore.com\/wp-content\/uploads\/2026\/02\/revolution-padel-store.jpg","width":2000,"height":2000,"caption":"Revolution Padel Store"},"image":{"@id":"https:\/\/revolutionpadelstore.com\/de\/#\/schema\/logo\/image\/"},"sameAs":["https:\/\/www.instagram.com\/revolutionpadelstore\/"]}]}},"_links":{"self":[{"href":"https:\/\/revolutionpadelstore.com\/de\/wp-json\/wp\/v2\/product\/63695","targetHints":{"allow":["GET"]}}],"collection":[{"href":"https:\/\/revolutionpadelstore.com\/de\/wp-json\/wp\/v2\/product"}],"about":[{"href":"https:\/\/revolutionpadelstore.com\/de\/wp-json\/wp\/v2\/types\/product"}],"replies":[{"embeddable":true,"href":"https:\/\/revolutionpadelstore.com\/de\/wp-json\/wp\/v2\/comments?post=63695"}],"wp:featuredmedia":[{"embeddable":true,"href":"https:\/\/revolutionpadelstore.com\/de\/wp-json\/wp\/v2\/media\/62321"}],"wp:attachment":[{"href":"https:\/\/revolutionpadelstore.com\/de\/wp-json\/wp\/v2\/media?parent=63695"}],"wp:term":[{"taxonomy":"acabado","embeddable":true,"href":"https:\/\/revolutionpadelstore.com\/de\/wp-json\/wp\/v2\/acabado?post=63695"},{"taxonomy":"balance","embeddable":true,"href":"https:\/\/revolutionpadelstore.com\/de\/wp-json\/wp\/v2\/balance?post=63695"},{"taxonomy":"dureza","embeddable":true,"href":"https:\/\/revolutionpadelstore.com\/de\/wp-json\/wp\/v2\/dureza?post=63695"},{"taxonomy":"forma","embeddable":true,"href":"https:\/\/revolutionpadelstore.com\/de\/wp-json\/wp\/v2\/forma?post=63695"},{"taxonomy":"jugador","embeddable":true,"href":"https:\/\/revolutionpadelstore.com\/de\/wp-json\/wp\/v2\/jugador?post=63695"},{"taxonomy":"marca","embeddable":true,"href":"https:\/\/revolutionpadelstore.com\/de\/wp-json\/wp\/v2\/marca?post=63695"},{"taxonomy":"nivel-de-juego","embeddable":true,"href":"https:\/\/revolutionpadelstore.com\/de\/wp-json\/wp\/v2\/nivel-de-juego?post=63695"},{"taxonomy":"superficie","embeddable":true,"href":"https:\/\/revolutionpadelstore.com\/de\/wp-json\/wp\/v2\/superficie?post=63695"},{"taxonomy":"tipo-de-juego","embeddable":true,"href":"https:\/\/revolutionpadelstore.com\/de\/wp-json\/wp\/v2\/tipo-de-juego?post=63695"},{"taxonomy":"product_brand","embeddable":true,"href":"https:\/\/revolutionpadelstore.com\/de\/wp-json\/wp\/v2\/product_brand?post=63695"},{"taxonomy":"product_cat","embeddable":true,"href":"https:\/\/revolutionpadelstore.com\/de\/wp-json\/wp\/v2\/product_cat?post=63695"},{"taxonomy":"product_tag","embeddable":true,"href":"https:\/\/revolutionpadelstore.com\/de\/wp-json\/wp\/v2\/product_tag?post=63695"}],"curies":[{"name":"wp","href":"https:\/\/api.w.org\/{rel}","templated":true}]}}