{"id":53855,"date":"2024-07-15T10:30:27","date_gmt":"2024-07-15T08:30:27","guid":{"rendered":"https:\/\/revolutionpadelstore.com\/paletero-rebel\/"},"modified":"2026-04-08T11:13:57","modified_gmt":"2026-04-08T09:13:57","slug":"paletero-harlem-padel-rebel-1","status":"publish","type":"product","link":"https:\/\/revolutionpadelstore.com\/de\/produkt\/paletero-harlem-padel-rebel-1\/","title":{"rendered":"PALETERO HARLEM PADEL REBEL"},"content":{"rendered":"<p>Hergestellt aus mikroperforiertem Kunstleder. Zwei thermostatische F\u00e4cher f\u00fcr jeweils 2 Schl\u00e4ger. Zentrale Kabine mit <strong>45 Liter Fassungsverm\u00f6gen<\/strong> und zwei Innentaschen. <strong>Bel\u00fcfteter Schuhst\u00e4nder<\/strong>, um Ihre Padel-Schuhe frei von Schwei\u00df und Sand oder Ihre gebrauchte Kleidung zu transportieren. Zwei Au\u00dfentaschen zur Aufbewahrung von Schl\u00fcsseln und M\u00fcnzen getrennt von Ihrem Smartphone oder Ihrer Brille. Eine versteckte Tasche auf der R\u00fcckseite zur Aufbewahrung Ihrer wertvollsten Gegenst\u00e4nde. Ergonomisch getestet, um die Last ohne Beschwerden zu tragen.<\/p>\n","protected":false},"excerpt":{"rendered":"<p>Hergestellt aus mikroperforiertem Kunstleder. Zwei thermostatische F\u00e4cher f\u00fcr jeweils 2 Schl\u00e4ger. Zentrale Kabine mit 45 Liter Fassungsverm\u00f6gen und zwei Innentaschen. Bel\u00fcfteter Schuhst\u00e4nder, um Ihre Padel-Schuhe frei von Schwei\u00df und Sand oder Ihre gebrauchte Kleidung zu transportieren. Zwei Au\u00dfentaschen zur Aufbewahrung von Schl\u00fcsseln und M\u00fcnzen getrennt von Ihrem Smartphone oder Ihrer Brille. Eine versteckte Tasche auf [&hellip;]<\/p>\n","protected":false},"featured_media":53816,"comment_status":"open","ping_status":"closed","template":"","meta":{"_acf_changed":false,"_joinchat":[]},"acabado":[],"balance":[],"dureza":[],"forma":[],"jugador":[],"marca":[1234],"nivel-de-juego":[],"superficie":[],"tipo-de-juego":[],"product_brand":[],"product_cat":[314],"product_tag":[],"class_list":{"0":"post-53855","1":"product","2":"type-product","3":"status-publish","4":"has-post-thumbnail","6":"marca-harlem-padel-de","7":"product_cat-taschen","9":"first","10":"outofstock","11":"sale","12":"taxable","13":"shipping-taxable","14":"purchasable","15":"product-type-simple"},"acf":[],"yoast_head":"<!-- This site is optimized with the Yoast SEO plugin v27.4 - https:\/\/yoast.com\/product\/yoast-seo-wordpress\/ -->\n<title>PALETERO HARLEM PADEL REBEL - Revolution Padel Store<\/title>\n<meta name=\"description\" content=\"Cuida tu material mas preciado llevando hasta cuatro palas en compartimentos termost\u00e1tico evitando los choques t\u00e9rmicos del verano y del invierno. Ambos compartimentos disponen de un divisor completamente extra\u00edble para evitar que tus palas se ara\u00f1en y tus palas rugosas no sean un problema.\" \/>\n<meta name=\"robots\" content=\"index, follow, max-snippet:-1, max-image-preview:large, max-video-preview:-1\" \/>\n<link rel=\"canonical\" href=\"https:\/\/revolutionpadelstore.com\/de\/produkt\/paletero-harlem-padel-rebel-1\/\" \/>\n<meta property=\"og:locale\" content=\"de_DE\" \/>\n<meta property=\"og:type\" content=\"article\" \/>\n<meta property=\"og:title\" content=\"COMPRAR PALETERO REBEL\" \/>\n<meta property=\"og:description\" content=\"Cuida tu material mas preciado llevando hasta cuatro palas en compartimentos termost\u00e1tico evitando los choques t\u00e9rmicos del verano y del invierno. Ambos compartimentos disponen de un divisor completamente extra\u00edble para evitar que tus palas se ara\u00f1en y tus palas rugosas no sean un problema.\" \/>\n<meta property=\"og:url\" content=\"https:\/\/revolutionpadelstore.com\/de\/produkt\/paletero-harlem-padel-rebel-1\/\" \/>\n<meta property=\"og:site_name\" content=\"Revolution Padel Store\" \/>\n<meta property=\"article:modified_time\" content=\"2026-04-08T09:13:57+00:00\" \/>\n<meta property=\"og:image\" content=\"https:\/\/revolutionpadelstore.com\/wp-content\/uploads\/2024\/07\/3_REBEL_W8A5270-1024x683.png\" \/>\n\t<meta property=\"og:image:width\" content=\"1024\" \/>\n\t<meta property=\"og:image:height\" content=\"683\" \/>\n\t<meta property=\"og:image:type\" content=\"image\/png\" \/>\n<meta name=\"twitter:card\" content=\"summary_large_image\" \/>\n<meta name=\"twitter:label1\" content=\"Gesch\u00e4tzte Lesezeit\" \/>\n\t<meta name=\"twitter:data1\" content=\"1\u00a0Minute\" \/>\n<script type=\"application\/ld+json\" class=\"yoast-schema-graph\">{\"@context\":\"https:\\\/\\\/schema.org\",\"@graph\":[{\"@type\":\"WebPage\",\"@id\":\"https:\\\/\\\/revolutionpadelstore.com\\\/de\\\/produkt\\\/paletero-harlem-padel-rebel-1\\\/\",\"url\":\"https:\\\/\\\/revolutionpadelstore.com\\\/de\\\/produkt\\\/paletero-harlem-padel-rebel-1\\\/\",\"name\":\"PALETERO HARLEM PADEL REBEL - Revolution Padel Store\",\"isPartOf\":{\"@id\":\"https:\\\/\\\/revolutionpadelstore.com\\\/de\\\/#website\"},\"primaryImageOfPage\":{\"@id\":\"https:\\\/\\\/revolutionpadelstore.com\\\/de\\\/produkt\\\/paletero-harlem-padel-rebel-1\\\/#primaryimage\"},\"image\":{\"@id\":\"https:\\\/\\\/revolutionpadelstore.com\\\/de\\\/produkt\\\/paletero-harlem-padel-rebel-1\\\/#primaryimage\"},\"thumbnailUrl\":\"https:\\\/\\\/revolutionpadelstore.com\\\/wp-content\\\/uploads\\\/2024\\\/07\\\/3_REBEL_W8A5270.png\",\"datePublished\":\"2024-07-15T08:30:27+00:00\",\"dateModified\":\"2026-04-08T09:13:57+00:00\",\"description\":\"Cuida tu material mas preciado llevando hasta cuatro palas en compartimentos termost\u00e1tico evitando los choques t\u00e9rmicos del verano y del invierno. Ambos compartimentos disponen de un divisor completamente extra\u00edble para evitar que tus palas se ara\u00f1en y tus palas rugosas no sean un problema.\",\"breadcrumb\":{\"@id\":\"https:\\\/\\\/revolutionpadelstore.com\\\/de\\\/produkt\\\/paletero-harlem-padel-rebel-1\\\/#breadcrumb\"},\"inLanguage\":\"de\",\"potentialAction\":[{\"@type\":\"ReadAction\",\"target\":[\"https:\\\/\\\/revolutionpadelstore.com\\\/de\\\/produkt\\\/paletero-harlem-padel-rebel-1\\\/\"]}]},{\"@type\":\"ImageObject\",\"inLanguage\":\"de\",\"@id\":\"https:\\\/\\\/revolutionpadelstore.com\\\/de\\\/produkt\\\/paletero-harlem-padel-rebel-1\\\/#primaryimage\",\"url\":\"https:\\\/\\\/revolutionpadelstore.com\\\/wp-content\\\/uploads\\\/2024\\\/07\\\/3_REBEL_W8A5270.png\",\"contentUrl\":\"https:\\\/\\\/revolutionpadelstore.com\\\/wp-content\\\/uploads\\\/2024\\\/07\\\/3_REBEL_W8A5270.png\",\"width\":3543,\"height\":2362},{\"@type\":\"BreadcrumbList\",\"@id\":\"https:\\\/\\\/revolutionpadelstore.com\\\/de\\\/produkt\\\/paletero-harlem-padel-rebel-1\\\/#breadcrumb\",\"itemListElement\":[{\"@type\":\"ListItem\",\"position\":1,\"name\":\"Portada\",\"item\":\"https:\\\/\\\/revolutionpadelstore.com\\\/de\\\/\"},{\"@type\":\"ListItem\",\"position\":2,\"name\":\"Shop\",\"item\":\"https:\\\/\\\/revolutionpadelstore.com\\\/de\\\/tienda\\\/\"},{\"@type\":\"ListItem\",\"position\":3,\"name\":\"PALETERO HARLEM PADEL REBEL\"}]},{\"@type\":\"WebSite\",\"@id\":\"https:\\\/\\\/revolutionpadelstore.com\\\/de\\\/#website\",\"url\":\"https:\\\/\\\/revolutionpadelstore.com\\\/de\\\/\",\"name\":\"Revolution Padel Store\",\"description\":\"\",\"publisher\":{\"@id\":\"https:\\\/\\\/revolutionpadelstore.com\\\/de\\\/#organization\"},\"potentialAction\":[{\"@type\":\"SearchAction\",\"target\":{\"@type\":\"EntryPoint\",\"urlTemplate\":\"https:\\\/\\\/revolutionpadelstore.com\\\/de\\\/?s={search_term_string}\"},\"query-input\":{\"@type\":\"PropertyValueSpecification\",\"valueRequired\":true,\"valueName\":\"search_term_string\"}}],\"inLanguage\":\"de\"},{\"@type\":\"Organization\",\"@id\":\"https:\\\/\\\/revolutionpadelstore.com\\\/de\\\/#organization\",\"name\":\"Revolution Padel Store\",\"url\":\"https:\\\/\\\/revolutionpadelstore.com\\\/de\\\/\",\"logo\":{\"@type\":\"ImageObject\",\"inLanguage\":\"de\",\"@id\":\"https:\\\/\\\/revolutionpadelstore.com\\\/de\\\/#\\\/schema\\\/logo\\\/image\\\/\",\"url\":\"https:\\\/\\\/revolutionpadelstore.com\\\/wp-content\\\/uploads\\\/2026\\\/02\\\/revolution-padel-store.jpg\",\"contentUrl\":\"https:\\\/\\\/revolutionpadelstore.com\\\/wp-content\\\/uploads\\\/2026\\\/02\\\/revolution-padel-store.jpg\",\"width\":2000,\"height\":2000,\"caption\":\"Revolution Padel Store\"},\"image\":{\"@id\":\"https:\\\/\\\/revolutionpadelstore.com\\\/de\\\/#\\\/schema\\\/logo\\\/image\\\/\"},\"sameAs\":[\"https:\\\/\\\/www.instagram.com\\\/revolutionpadelstore\\\/\"]}]}<\/script>\n<!-- \/ Yoast SEO plugin. -->","yoast_head_json":{"title":"PALETERO HARLEM PADEL REBEL - Revolution Padel Store","description":"Cuida tu material mas preciado llevando hasta cuatro palas en compartimentos termost\u00e1tico evitando los choques t\u00e9rmicos del verano y del invierno. Ambos compartimentos disponen de un divisor completamente extra\u00edble para evitar que tus palas se ara\u00f1en y tus palas rugosas no sean un problema.","robots":{"index":"index","follow":"follow","max-snippet":"max-snippet:-1","max-image-preview":"max-image-preview:large","max-video-preview":"max-video-preview:-1"},"canonical":"https:\/\/revolutionpadelstore.com\/de\/produkt\/paletero-harlem-padel-rebel-1\/","og_locale":"de_DE","og_type":"article","og_title":"COMPRAR PALETERO REBEL","og_description":"Cuida tu material mas preciado llevando hasta cuatro palas en compartimentos termost\u00e1tico evitando los choques t\u00e9rmicos del verano y del invierno. Ambos compartimentos disponen de un divisor completamente extra\u00edble para evitar que tus palas se ara\u00f1en y tus palas rugosas no sean un problema.","og_url":"https:\/\/revolutionpadelstore.com\/de\/produkt\/paletero-harlem-padel-rebel-1\/","og_site_name":"Revolution Padel Store","article_modified_time":"2026-04-08T09:13:57+00:00","og_image":[{"width":1024,"height":683,"url":"https:\/\/revolutionpadelstore.com\/wp-content\/uploads\/2024\/07\/3_REBEL_W8A5270-1024x683.png","type":"image\/png"}],"twitter_card":"summary_large_image","twitter_misc":{"Gesch\u00e4tzte Lesezeit":"1\u00a0Minute"},"schema":{"@context":"https:\/\/schema.org","@graph":[{"@type":"WebPage","@id":"https:\/\/revolutionpadelstore.com\/de\/produkt\/paletero-harlem-padel-rebel-1\/","url":"https:\/\/revolutionpadelstore.com\/de\/produkt\/paletero-harlem-padel-rebel-1\/","name":"PALETERO HARLEM PADEL REBEL - Revolution Padel Store","isPartOf":{"@id":"https:\/\/revolutionpadelstore.com\/de\/#website"},"primaryImageOfPage":{"@id":"https:\/\/revolutionpadelstore.com\/de\/produkt\/paletero-harlem-padel-rebel-1\/#primaryimage"},"image":{"@id":"https:\/\/revolutionpadelstore.com\/de\/produkt\/paletero-harlem-padel-rebel-1\/#primaryimage"},"thumbnailUrl":"https:\/\/revolutionpadelstore.com\/wp-content\/uploads\/2024\/07\/3_REBEL_W8A5270.png","datePublished":"2024-07-15T08:30:27+00:00","dateModified":"2026-04-08T09:13:57+00:00","description":"Cuida tu material mas preciado llevando hasta cuatro palas en compartimentos termost\u00e1tico evitando los choques t\u00e9rmicos del verano y del invierno. Ambos compartimentos disponen de un divisor completamente extra\u00edble para evitar que tus palas se ara\u00f1en y tus palas rugosas no sean un problema.","breadcrumb":{"@id":"https:\/\/revolutionpadelstore.com\/de\/produkt\/paletero-harlem-padel-rebel-1\/#breadcrumb"},"inLanguage":"de","potentialAction":[{"@type":"ReadAction","target":["https:\/\/revolutionpadelstore.com\/de\/produkt\/paletero-harlem-padel-rebel-1\/"]}]},{"@type":"ImageObject","inLanguage":"de","@id":"https:\/\/revolutionpadelstore.com\/de\/produkt\/paletero-harlem-padel-rebel-1\/#primaryimage","url":"https:\/\/revolutionpadelstore.com\/wp-content\/uploads\/2024\/07\/3_REBEL_W8A5270.png","contentUrl":"https:\/\/revolutionpadelstore.com\/wp-content\/uploads\/2024\/07\/3_REBEL_W8A5270.png","width":3543,"height":2362},{"@type":"BreadcrumbList","@id":"https:\/\/revolutionpadelstore.com\/de\/produkt\/paletero-harlem-padel-rebel-1\/#breadcrumb","itemListElement":[{"@type":"ListItem","position":1,"name":"Portada","item":"https:\/\/revolutionpadelstore.com\/de\/"},{"@type":"ListItem","position":2,"name":"Shop","item":"https:\/\/revolutionpadelstore.com\/de\/tienda\/"},{"@type":"ListItem","position":3,"name":"PALETERO HARLEM PADEL REBEL"}]},{"@type":"WebSite","@id":"https:\/\/revolutionpadelstore.com\/de\/#website","url":"https:\/\/revolutionpadelstore.com\/de\/","name":"Revolution Padel Store","description":"","publisher":{"@id":"https:\/\/revolutionpadelstore.com\/de\/#organization"},"potentialAction":[{"@type":"SearchAction","target":{"@type":"EntryPoint","urlTemplate":"https:\/\/revolutionpadelstore.com\/de\/?s={search_term_string}"},"query-input":{"@type":"PropertyValueSpecification","valueRequired":true,"valueName":"search_term_string"}}],"inLanguage":"de"},{"@type":"Organization","@id":"https:\/\/revolutionpadelstore.com\/de\/#organization","name":"Revolution Padel Store","url":"https:\/\/revolutionpadelstore.com\/de\/","logo":{"@type":"ImageObject","inLanguage":"de","@id":"https:\/\/revolutionpadelstore.com\/de\/#\/schema\/logo\/image\/","url":"https:\/\/revolutionpadelstore.com\/wp-content\/uploads\/2026\/02\/revolution-padel-store.jpg","contentUrl":"https:\/\/revolutionpadelstore.com\/wp-content\/uploads\/2026\/02\/revolution-padel-store.jpg","width":2000,"height":2000,"caption":"Revolution Padel Store"},"image":{"@id":"https:\/\/revolutionpadelstore.com\/de\/#\/schema\/logo\/image\/"},"sameAs":["https:\/\/www.instagram.com\/revolutionpadelstore\/"]}]}},"_links":{"self":[{"href":"https:\/\/revolutionpadelstore.com\/de\/wp-json\/wp\/v2\/product\/53855","targetHints":{"allow":["GET"]}}],"collection":[{"href":"https:\/\/revolutionpadelstore.com\/de\/wp-json\/wp\/v2\/product"}],"about":[{"href":"https:\/\/revolutionpadelstore.com\/de\/wp-json\/wp\/v2\/types\/product"}],"replies":[{"embeddable":true,"href":"https:\/\/revolutionpadelstore.com\/de\/wp-json\/wp\/v2\/comments?post=53855"}],"wp:featuredmedia":[{"embeddable":true,"href":"https:\/\/revolutionpadelstore.com\/de\/wp-json\/wp\/v2\/media\/53816"}],"wp:attachment":[{"href":"https:\/\/revolutionpadelstore.com\/de\/wp-json\/wp\/v2\/media?parent=53855"}],"wp:term":[{"taxonomy":"acabado","embeddable":true,"href":"https:\/\/revolutionpadelstore.com\/de\/wp-json\/wp\/v2\/acabado?post=53855"},{"taxonomy":"balance","embeddable":true,"href":"https:\/\/revolutionpadelstore.com\/de\/wp-json\/wp\/v2\/balance?post=53855"},{"taxonomy":"dureza","embeddable":true,"href":"https:\/\/revolutionpadelstore.com\/de\/wp-json\/wp\/v2\/dureza?post=53855"},{"taxonomy":"forma","embeddable":true,"href":"https:\/\/revolutionpadelstore.com\/de\/wp-json\/wp\/v2\/forma?post=53855"},{"taxonomy":"jugador","embeddable":true,"href":"https:\/\/revolutionpadelstore.com\/de\/wp-json\/wp\/v2\/jugador?post=53855"},{"taxonomy":"marca","embeddable":true,"href":"https:\/\/revolutionpadelstore.com\/de\/wp-json\/wp\/v2\/marca?post=53855"},{"taxonomy":"nivel-de-juego","embeddable":true,"href":"https:\/\/revolutionpadelstore.com\/de\/wp-json\/wp\/v2\/nivel-de-juego?post=53855"},{"taxonomy":"superficie","embeddable":true,"href":"https:\/\/revolutionpadelstore.com\/de\/wp-json\/wp\/v2\/superficie?post=53855"},{"taxonomy":"tipo-de-juego","embeddable":true,"href":"https:\/\/revolutionpadelstore.com\/de\/wp-json\/wp\/v2\/tipo-de-juego?post=53855"},{"taxonomy":"product_brand","embeddable":true,"href":"https:\/\/revolutionpadelstore.com\/de\/wp-json\/wp\/v2\/product_brand?post=53855"},{"taxonomy":"product_cat","embeddable":true,"href":"https:\/\/revolutionpadelstore.com\/de\/wp-json\/wp\/v2\/product_cat?post=53855"},{"taxonomy":"product_tag","embeddable":true,"href":"https:\/\/revolutionpadelstore.com\/de\/wp-json\/wp\/v2\/product_tag?post=53855"}],"curies":[{"name":"wp","href":"https:\/\/api.w.org\/{rel}","templated":true}]}}