{"id":305756,"date":"2025-11-09T20:58:42","date_gmt":"2025-11-09T19:58:42","guid":{"rendered":"https:\/\/revolutionpadelstore.com\/caja-25-overgrips-adidas-microperforados\/"},"modified":"2026-04-08T01:15:47","modified_gmt":"2026-04-07T23:15:47","slug":"caja-25-overgrips-adidas-microperforados-1","status":"publish","type":"product","link":"https:\/\/revolutionpadelstore.com\/de\/produkt\/caja-25-overgrips-adidas-microperforados-1\/","title":{"rendered":"CAJA 25 OVERGRIPS ADIDAS MICROPERFORADOS"},"content":{"rendered":"<h2><strong>AC2TA1 Mikroperforierte Overgrips \u2013 Professioneller Griff mit maximalem Komfort<\/strong><\/h2>\n<h2><strong>Haftung, Atmungsaktivit\u00e4t und Haltbarkeit bei jedem Spiel<\/strong><\/h2>\n<p>Die mikroperforierten Overgrips AC2TA1 sind f\u00fcr eine \u00fcberragende Leistung auf dem Platz konzipiert. Sie kombinieren hervorragende Haftung mit hoher Schwei\u00dfaufnahmef\u00e4higkeit und Wasserbest\u00e4ndigkeit und garantieren so einen trockenen und sicheren Halt auch in den intensivsten Momenten des Spiels. Dank ihrer weichen Haptik und Mikroperforation sorgen sie f\u00fcr optimale Bel\u00fcftung und ein professionelles Gef\u00fchl bei jedem Schlag.<\/p>\n<p>Diese aus hochwertigen Materialien gefertigten Overgrips zeichnen sich durch Langlebigkeit und Komfort aus. Dar\u00fcber hinaus erm\u00f6glicht das Design mit seitlichen Einschnitten eine schnelle und effiziente Installation, ideal sowohl f\u00fcr Amateurspieler als auch f\u00fcr Profis, die das Beste in jedem Detail suchen.<\/p>\n<h2><strong>Vorteile des AC2TA1 Overgrip<\/strong><\/h2>\n<p>-Hervorragender Halt durch haftende und bel\u00fcftete Oberfl\u00e4che.<\/p>\n<p>-Hohe Schwei\u00dfaufnahme, um die H\u00e4nde trocken zu halten.<\/p>\n<p>&#8211; Strapazierf\u00e4higes Material f\u00fcr den Langzeitgebrauch.<\/p>\n<p>-Schnelle Montage dank seitlicher Aussparungen.<\/p>\n<p>-Erh\u00e4ltlich in drei Farben: Wei\u00df, Schwarz und Rot.<\/p>\n<p><strong>Technische Details<\/strong><\/p>\n<p>-Referenz: AC2TA1<\/p>\n<p>-Format: Trommel mit 25 Einheiten<\/p>\n<p>-Farben: Wei\u00df, Schwarz und Rot<\/p>\n<p><strong>Verbessern Sie Ihre Leistung mit dem AC2TA1 Overgrip<\/strong>: mehr Grip, mehr Komfort und l\u00e4ngere Haltbarkeit bei jedem Schlag. W\u00e4hlen Sie ein Zubeh\u00f6r, das in Ihrem Spiel einen Unterschied machen soll.<\/p>\n<p>Ab sofort in unserem Online-Shop <a href=\"http:\/\/www.revolutionpadelstore.com\/\">www.revolutionpadelstore.com<\/a> erh\u00e4ltlich, wahrscheinlich zum besten Preis auf dem Markt.<\/p>\n<h2><strong>Overgrips Microperforados AC2TA1 \u2013 Agarre profesional con m\u00e1xima comodidad<\/strong><\/p>\n","protected":false},"excerpt":{"rendered":"<p>Die mikroperforierten \u00dcbergriffe AC2TA1 bieten eine ideale Kombination aus maximalem Grip, hoher Schwei\u00dfaufnahme und Wasserbest\u00e4ndigkeit<\/p>\n","protected":false},"featured_media":305727,"comment_status":"open","ping_status":"closed","template":"","meta":{"_acf_changed":false,"_joinchat":[]},"acabado":[],"balance":[],"dureza":[],"forma":[],"jugador":[],"marca":[1229],"nivel-de-juego":[],"superficie":[],"tipo-de-juego":[],"product_brand":[],"product_cat":[558],"product_tag":[],"class_list":{"0":"post-305756","1":"product","2":"type-product","3":"status-publish","4":"has-post-thumbnail","6":"marca-adidas-de","7":"product_cat-zubehor","9":"first","10":"instock","11":"sale","12":"taxable","13":"shipping-taxable","14":"purchasable","15":"product-type-simple"},"acf":[],"yoast_head":"<!-- This site is optimized with the Yoast SEO plugin v27.4 - https:\/\/yoast.com\/product\/yoast-seo-wordpress\/ -->\n<title>CAJA 25 OVERGRIPS ADIDAS MICROPERFORADOS - Revolution Padel Store<\/title>\n<meta name=\"description\" content=\"Overgrip Microperforado AC2TA1 con excelente agarre, absorci\u00f3n de sudor y durabilidad. Pack de 25 unidades en blanco, negro y rojo. Compra online al mejor precio.\" \/>\n<meta name=\"robots\" content=\"index, follow, max-snippet:-1, max-image-preview:large, max-video-preview:-1\" \/>\n<link rel=\"canonical\" href=\"https:\/\/revolutionpadelstore.com\/de\/produkt\/caja-25-overgrips-adidas-microperforados-1\/\" \/>\n<meta property=\"og:locale\" content=\"de_DE\" \/>\n<meta property=\"og:type\" content=\"article\" \/>\n<meta property=\"og:title\" content=\"CAJA 25 OVERGRIPS ADIDAS MICROPERFORADOS - Revolution Padel Store\" \/>\n<meta property=\"og:description\" content=\"Overgrip Microperforado AC2TA1 con excelente agarre, absorci\u00f3n de sudor y durabilidad. Pack de 25 unidades en blanco, negro y rojo. Compra online al mejor precio.\" \/>\n<meta property=\"og:url\" content=\"https:\/\/revolutionpadelstore.com\/de\/produkt\/caja-25-overgrips-adidas-microperforados-1\/\" \/>\n<meta property=\"og:site_name\" content=\"Revolution Padel Store\" \/>\n<meta property=\"article:modified_time\" content=\"2026-04-07T23:15:47+00:00\" \/>\n<meta property=\"og:image\" content=\"https:\/\/revolutionpadelstore.com\/wp-content\/uploads\/2025\/11\/25-1.png\" \/>\n\t<meta property=\"og:image:width\" content=\"1500\" \/>\n\t<meta property=\"og:image:height\" content=\"1500\" \/>\n\t<meta property=\"og:image:type\" content=\"image\/png\" \/>\n<meta name=\"twitter:card\" content=\"summary_large_image\" \/>\n<meta name=\"twitter:label1\" content=\"Gesch\u00e4tzte Lesezeit\" \/>\n\t<meta name=\"twitter:data1\" content=\"1\u00a0Minute\" \/>\n<script type=\"application\/ld+json\" class=\"yoast-schema-graph\">{\"@context\":\"https:\\\/\\\/schema.org\",\"@graph\":[{\"@type\":\"WebPage\",\"@id\":\"https:\\\/\\\/revolutionpadelstore.com\\\/de\\\/produkt\\\/caja-25-overgrips-adidas-microperforados-1\\\/\",\"url\":\"https:\\\/\\\/revolutionpadelstore.com\\\/de\\\/produkt\\\/caja-25-overgrips-adidas-microperforados-1\\\/\",\"name\":\"CAJA 25 OVERGRIPS ADIDAS MICROPERFORADOS - Revolution Padel Store\",\"isPartOf\":{\"@id\":\"https:\\\/\\\/revolutionpadelstore.com\\\/de\\\/#website\"},\"primaryImageOfPage\":{\"@id\":\"https:\\\/\\\/revolutionpadelstore.com\\\/de\\\/produkt\\\/caja-25-overgrips-adidas-microperforados-1\\\/#primaryimage\"},\"image\":{\"@id\":\"https:\\\/\\\/revolutionpadelstore.com\\\/de\\\/produkt\\\/caja-25-overgrips-adidas-microperforados-1\\\/#primaryimage\"},\"thumbnailUrl\":\"https:\\\/\\\/revolutionpadelstore.com\\\/wp-content\\\/uploads\\\/2025\\\/11\\\/25-1.png\",\"datePublished\":\"2025-11-09T19:58:42+00:00\",\"dateModified\":\"2026-04-07T23:15:47+00:00\",\"description\":\"Overgrip Microperforado AC2TA1 con excelente agarre, absorci\u00f3n de sudor y durabilidad. Pack de 25 unidades en blanco, negro y rojo. Compra online al mejor precio.\",\"breadcrumb\":{\"@id\":\"https:\\\/\\\/revolutionpadelstore.com\\\/de\\\/produkt\\\/caja-25-overgrips-adidas-microperforados-1\\\/#breadcrumb\"},\"inLanguage\":\"de\",\"potentialAction\":[{\"@type\":\"ReadAction\",\"target\":[\"https:\\\/\\\/revolutionpadelstore.com\\\/de\\\/produkt\\\/caja-25-overgrips-adidas-microperforados-1\\\/\"]}]},{\"@type\":\"ImageObject\",\"inLanguage\":\"de\",\"@id\":\"https:\\\/\\\/revolutionpadelstore.com\\\/de\\\/produkt\\\/caja-25-overgrips-adidas-microperforados-1\\\/#primaryimage\",\"url\":\"https:\\\/\\\/revolutionpadelstore.com\\\/wp-content\\\/uploads\\\/2025\\\/11\\\/25-1.png\",\"contentUrl\":\"https:\\\/\\\/revolutionpadelstore.com\\\/wp-content\\\/uploads\\\/2025\\\/11\\\/25-1.png\",\"width\":1500,\"height\":1500},{\"@type\":\"BreadcrumbList\",\"@id\":\"https:\\\/\\\/revolutionpadelstore.com\\\/de\\\/produkt\\\/caja-25-overgrips-adidas-microperforados-1\\\/#breadcrumb\",\"itemListElement\":[{\"@type\":\"ListItem\",\"position\":1,\"name\":\"Portada\",\"item\":\"https:\\\/\\\/revolutionpadelstore.com\\\/de\\\/\"},{\"@type\":\"ListItem\",\"position\":2,\"name\":\"Shop\",\"item\":\"https:\\\/\\\/revolutionpadelstore.com\\\/de\\\/tienda\\\/\"},{\"@type\":\"ListItem\",\"position\":3,\"name\":\"CAJA 25 OVERGRIPS ADIDAS MICROPERFORADOS\"}]},{\"@type\":\"WebSite\",\"@id\":\"https:\\\/\\\/revolutionpadelstore.com\\\/de\\\/#website\",\"url\":\"https:\\\/\\\/revolutionpadelstore.com\\\/de\\\/\",\"name\":\"Revolution Padel Store\",\"description\":\"\",\"publisher\":{\"@id\":\"https:\\\/\\\/revolutionpadelstore.com\\\/de\\\/#organization\"},\"potentialAction\":[{\"@type\":\"SearchAction\",\"target\":{\"@type\":\"EntryPoint\",\"urlTemplate\":\"https:\\\/\\\/revolutionpadelstore.com\\\/de\\\/?s={search_term_string}\"},\"query-input\":{\"@type\":\"PropertyValueSpecification\",\"valueRequired\":true,\"valueName\":\"search_term_string\"}}],\"inLanguage\":\"de\"},{\"@type\":\"Organization\",\"@id\":\"https:\\\/\\\/revolutionpadelstore.com\\\/de\\\/#organization\",\"name\":\"Revolution Padel Store\",\"url\":\"https:\\\/\\\/revolutionpadelstore.com\\\/de\\\/\",\"logo\":{\"@type\":\"ImageObject\",\"inLanguage\":\"de\",\"@id\":\"https:\\\/\\\/revolutionpadelstore.com\\\/de\\\/#\\\/schema\\\/logo\\\/image\\\/\",\"url\":\"https:\\\/\\\/revolutionpadelstore.com\\\/wp-content\\\/uploads\\\/2026\\\/02\\\/revolution-padel-store.jpg\",\"contentUrl\":\"https:\\\/\\\/revolutionpadelstore.com\\\/wp-content\\\/uploads\\\/2026\\\/02\\\/revolution-padel-store.jpg\",\"width\":2000,\"height\":2000,\"caption\":\"Revolution Padel Store\"},\"image\":{\"@id\":\"https:\\\/\\\/revolutionpadelstore.com\\\/de\\\/#\\\/schema\\\/logo\\\/image\\\/\"},\"sameAs\":[\"https:\\\/\\\/www.instagram.com\\\/revolutionpadelstore\\\/\"]}]}<\/script>\n<!-- \/ Yoast SEO plugin. -->","yoast_head_json":{"title":"CAJA 25 OVERGRIPS ADIDAS MICROPERFORADOS - Revolution Padel Store","description":"Overgrip Microperforado AC2TA1 con excelente agarre, absorci\u00f3n de sudor y durabilidad. Pack de 25 unidades en blanco, negro y rojo. Compra online al mejor precio.","robots":{"index":"index","follow":"follow","max-snippet":"max-snippet:-1","max-image-preview":"max-image-preview:large","max-video-preview":"max-video-preview:-1"},"canonical":"https:\/\/revolutionpadelstore.com\/de\/produkt\/caja-25-overgrips-adidas-microperforados-1\/","og_locale":"de_DE","og_type":"article","og_title":"CAJA 25 OVERGRIPS ADIDAS MICROPERFORADOS - Revolution Padel Store","og_description":"Overgrip Microperforado AC2TA1 con excelente agarre, absorci\u00f3n de sudor y durabilidad. Pack de 25 unidades en blanco, negro y rojo. Compra online al mejor precio.","og_url":"https:\/\/revolutionpadelstore.com\/de\/produkt\/caja-25-overgrips-adidas-microperforados-1\/","og_site_name":"Revolution Padel Store","article_modified_time":"2026-04-07T23:15:47+00:00","og_image":[{"width":1500,"height":1500,"url":"https:\/\/revolutionpadelstore.com\/wp-content\/uploads\/2025\/11\/25-1.png","type":"image\/png"}],"twitter_card":"summary_large_image","twitter_misc":{"Gesch\u00e4tzte Lesezeit":"1\u00a0Minute"},"schema":{"@context":"https:\/\/schema.org","@graph":[{"@type":"WebPage","@id":"https:\/\/revolutionpadelstore.com\/de\/produkt\/caja-25-overgrips-adidas-microperforados-1\/","url":"https:\/\/revolutionpadelstore.com\/de\/produkt\/caja-25-overgrips-adidas-microperforados-1\/","name":"CAJA 25 OVERGRIPS ADIDAS MICROPERFORADOS - Revolution Padel Store","isPartOf":{"@id":"https:\/\/revolutionpadelstore.com\/de\/#website"},"primaryImageOfPage":{"@id":"https:\/\/revolutionpadelstore.com\/de\/produkt\/caja-25-overgrips-adidas-microperforados-1\/#primaryimage"},"image":{"@id":"https:\/\/revolutionpadelstore.com\/de\/produkt\/caja-25-overgrips-adidas-microperforados-1\/#primaryimage"},"thumbnailUrl":"https:\/\/revolutionpadelstore.com\/wp-content\/uploads\/2025\/11\/25-1.png","datePublished":"2025-11-09T19:58:42+00:00","dateModified":"2026-04-07T23:15:47+00:00","description":"Overgrip Microperforado AC2TA1 con excelente agarre, absorci\u00f3n de sudor y durabilidad. Pack de 25 unidades en blanco, negro y rojo. Compra online al mejor precio.","breadcrumb":{"@id":"https:\/\/revolutionpadelstore.com\/de\/produkt\/caja-25-overgrips-adidas-microperforados-1\/#breadcrumb"},"inLanguage":"de","potentialAction":[{"@type":"ReadAction","target":["https:\/\/revolutionpadelstore.com\/de\/produkt\/caja-25-overgrips-adidas-microperforados-1\/"]}]},{"@type":"ImageObject","inLanguage":"de","@id":"https:\/\/revolutionpadelstore.com\/de\/produkt\/caja-25-overgrips-adidas-microperforados-1\/#primaryimage","url":"https:\/\/revolutionpadelstore.com\/wp-content\/uploads\/2025\/11\/25-1.png","contentUrl":"https:\/\/revolutionpadelstore.com\/wp-content\/uploads\/2025\/11\/25-1.png","width":1500,"height":1500},{"@type":"BreadcrumbList","@id":"https:\/\/revolutionpadelstore.com\/de\/produkt\/caja-25-overgrips-adidas-microperforados-1\/#breadcrumb","itemListElement":[{"@type":"ListItem","position":1,"name":"Portada","item":"https:\/\/revolutionpadelstore.com\/de\/"},{"@type":"ListItem","position":2,"name":"Shop","item":"https:\/\/revolutionpadelstore.com\/de\/tienda\/"},{"@type":"ListItem","position":3,"name":"CAJA 25 OVERGRIPS ADIDAS MICROPERFORADOS"}]},{"@type":"WebSite","@id":"https:\/\/revolutionpadelstore.com\/de\/#website","url":"https:\/\/revolutionpadelstore.com\/de\/","name":"Revolution Padel Store","description":"","publisher":{"@id":"https:\/\/revolutionpadelstore.com\/de\/#organization"},"potentialAction":[{"@type":"SearchAction","target":{"@type":"EntryPoint","urlTemplate":"https:\/\/revolutionpadelstore.com\/de\/?s={search_term_string}"},"query-input":{"@type":"PropertyValueSpecification","valueRequired":true,"valueName":"search_term_string"}}],"inLanguage":"de"},{"@type":"Organization","@id":"https:\/\/revolutionpadelstore.com\/de\/#organization","name":"Revolution Padel Store","url":"https:\/\/revolutionpadelstore.com\/de\/","logo":{"@type":"ImageObject","inLanguage":"de","@id":"https:\/\/revolutionpadelstore.com\/de\/#\/schema\/logo\/image\/","url":"https:\/\/revolutionpadelstore.com\/wp-content\/uploads\/2026\/02\/revolution-padel-store.jpg","contentUrl":"https:\/\/revolutionpadelstore.com\/wp-content\/uploads\/2026\/02\/revolution-padel-store.jpg","width":2000,"height":2000,"caption":"Revolution Padel Store"},"image":{"@id":"https:\/\/revolutionpadelstore.com\/de\/#\/schema\/logo\/image\/"},"sameAs":["https:\/\/www.instagram.com\/revolutionpadelstore\/"]}]}},"_links":{"self":[{"href":"https:\/\/revolutionpadelstore.com\/de\/wp-json\/wp\/v2\/product\/305756","targetHints":{"allow":["GET"]}}],"collection":[{"href":"https:\/\/revolutionpadelstore.com\/de\/wp-json\/wp\/v2\/product"}],"about":[{"href":"https:\/\/revolutionpadelstore.com\/de\/wp-json\/wp\/v2\/types\/product"}],"replies":[{"embeddable":true,"href":"https:\/\/revolutionpadelstore.com\/de\/wp-json\/wp\/v2\/comments?post=305756"}],"wp:featuredmedia":[{"embeddable":true,"href":"https:\/\/revolutionpadelstore.com\/de\/wp-json\/wp\/v2\/media\/305727"}],"wp:attachment":[{"href":"https:\/\/revolutionpadelstore.com\/de\/wp-json\/wp\/v2\/media?parent=305756"}],"wp:term":[{"taxonomy":"acabado","embeddable":true,"href":"https:\/\/revolutionpadelstore.com\/de\/wp-json\/wp\/v2\/acabado?post=305756"},{"taxonomy":"balance","embeddable":true,"href":"https:\/\/revolutionpadelstore.com\/de\/wp-json\/wp\/v2\/balance?post=305756"},{"taxonomy":"dureza","embeddable":true,"href":"https:\/\/revolutionpadelstore.com\/de\/wp-json\/wp\/v2\/dureza?post=305756"},{"taxonomy":"forma","embeddable":true,"href":"https:\/\/revolutionpadelstore.com\/de\/wp-json\/wp\/v2\/forma?post=305756"},{"taxonomy":"jugador","embeddable":true,"href":"https:\/\/revolutionpadelstore.com\/de\/wp-json\/wp\/v2\/jugador?post=305756"},{"taxonomy":"marca","embeddable":true,"href":"https:\/\/revolutionpadelstore.com\/de\/wp-json\/wp\/v2\/marca?post=305756"},{"taxonomy":"nivel-de-juego","embeddable":true,"href":"https:\/\/revolutionpadelstore.com\/de\/wp-json\/wp\/v2\/nivel-de-juego?post=305756"},{"taxonomy":"superficie","embeddable":true,"href":"https:\/\/revolutionpadelstore.com\/de\/wp-json\/wp\/v2\/superficie?post=305756"},{"taxonomy":"tipo-de-juego","embeddable":true,"href":"https:\/\/revolutionpadelstore.com\/de\/wp-json\/wp\/v2\/tipo-de-juego?post=305756"},{"taxonomy":"product_brand","embeddable":true,"href":"https:\/\/revolutionpadelstore.com\/de\/wp-json\/wp\/v2\/product_brand?post=305756"},{"taxonomy":"product_cat","embeddable":true,"href":"https:\/\/revolutionpadelstore.com\/de\/wp-json\/wp\/v2\/product_cat?post=305756"},{"taxonomy":"product_tag","embeddable":true,"href":"https:\/\/revolutionpadelstore.com\/de\/wp-json\/wp\/v2\/product_tag?post=305756"}],"curies":[{"name":"wp","href":"https:\/\/api.w.org\/{rel}","templated":true}]}}