{"id":305720,"date":"2025-11-09T20:28:06","date_gmt":"2025-11-09T19:28:06","guid":{"rendered":"https:\/\/revolutionpadelstore.com\/nox-at-genius-attack-18k-2024\/"},"modified":"2026-04-02T14:01:21","modified_gmt":"2026-04-02T12:01:21","slug":"nox-at-genius-attack-18k-2024-1","status":"publish","type":"product","link":"https:\/\/revolutionpadelstore.com\/de\/produkt\/nox-at-genius-attack-18k-2024-1\/","title":{"rendered":"NOX AT GENIUS ATTACK 18K 2024"},"content":{"rendered":"<h2><strong>NOX AT10 Luxury Genius Attack 18K 2024 Schl\u00e4ger \u2013 <\/strong>T\u00f6dliche Power mit pr\u00e4ziser Kontrolle<\/h2>\n<p>Entdecken Sie den <strong>NOX AT10 Luxury Genius Attack 18K 2024<\/strong>-Schl\u00e4ger, der zusammen mit <strong>Agust\u00edn Tapia<\/strong> f\u00fcr Padel-Spieler entwickelt wurde, die maximale Offensivleistung suchen. Mit seinem <strong>Diamantformat<\/strong> ist dieser Schl\u00e4ger f\u00fcr diejenigen konzipiert, die jedem Schlag mehr Aggressivit\u00e4t und Kraft verleihen m\u00f6chten, ohne dabei auf Handlichkeit oder Kontrolle zu verzichten.<\/p>\n<h2>Innovation bis ins Detail: Padel der Zukunft<\/h2>\n<p><strong>-Neue Form, neue Materialien und exklusive Technologien<\/strong>.<\/p>\n<p>-Integration von <strong>EOS Flap<\/strong>, seitlichen Perforationen f\u00fcr bessere Handhabbarkeit und optimierte Gewichtsverteilung.<\/p>\n<p><strong>-Verl\u00e4ngerter Griff<\/strong> f\u00fcr besseren Halt und mehr Komfort beim Luftspiel.<\/p>\n<h2>Kontrolle, Festigkeit und Komfort an jedem Punkt<\/h2>\n<p><strong>-18K aluminisierte Kohlefaser<\/strong> auf der Vorderseite f\u00fcr ein solides, angenehmes und homogenes Gef\u00fchl bei Temperaturschwankungen.<\/p>\n<p><strong>&#8211; Mehrschichtiger MLD Black EVA-Kern<\/strong>, der die Ballausgabe in der Verteidigung und die Kraft im Angriff in Einklang bringt.<\/p>\n<p><strong>-DCS-Technologie (Dynamic Composite Structure)<\/strong> zur Verbesserung der Haltbarkeit und Schlagfestigkeit.<\/p>\n<h2>Weniger Vibrationen, mehr Grip und individuelle Anpassung<\/h2>\n<p><strong>-Pulse System<\/strong>: Gummib\u00e4nder, die Vibrationen vom Rahmen auf den Griff reduzieren.<\/p>\n<p><strong>-NOX Custom Grip\u00ae<\/strong>: patentiert und zertifiziert von Testea Padel, verbessert den Grip um 52 % und reduziert Vibrationen um 29 %.<\/p>\n<p><strong>-Smartstrap\u00ae<\/strong>: austauschbares Sicherheitsleinensystem, hygienischer, sicherer und anpassbar.<\/p>\n<h2>Raue Wabenoberfl\u00e4che f\u00fcr Spin-Hits<\/h2>\n<p>Steigern Sie Ihren Spin und dominieren Sie das Spiel mit der rauen, gepr\u00e4gten Wabenoberfl\u00e4che. Ideal f\u00fcr Layups, Vipers und Schl\u00e4ge mit Slice oder Topspin.<\/p>\n<h2>Qualit\u00e4t zertifiziert von Testea Padel<\/h2>\n<p>Jeder NOX-Luxury-Schl\u00e4ger ist bruchsicher und beh\u00e4lt seine Leistung auch nach intensiver Nutzung. Ideal f\u00fcr anspruchsvolle Spieler, die professionelle Qualit\u00e4t suchen.<\/p>\n<h2>Warum diesen Schl\u00e4ger w\u00e4hlen?<\/h2>\n<p>-Ideal f\u00fcr <strong>fortgeschrittene und professionelle Spieler<\/strong>.<\/p>\n<p>-Hochwertige Materialien und Design der neuesten Generation.<\/p>\n<p>-Exklusivit\u00e4t eines gemeinsam mit <strong>Agust\u00edn Tapia<\/strong> entwickelten Modells.<\/p>\n<p>-Optimale Leistung in Angriffssituationen, ohne die Kontrolle in der Verteidigung zu verlieren.<\/p>\n<p><strong>Holen Sie sich jetzt den neuen NOX AT10 Luxury Genius Attack 18K 2024 in unserem Online-Shop <a href=\"https:\/\/www.revolutionpadelstore.com\/\">www.revolutionpadelstore.com<\/a>, wahrscheinlich zum besten Preis auf dem Markt!<\/strong><\/p>\n","protected":false},"excerpt":{"rendered":"<p>Dank seines rautenf\u00f6rmigen Designs bietet dieser Schl\u00e4ger maximale Kraft und Aggressivit\u00e4t bei jedem Schlag, ohne auf die Handhabbarkeit oder Kontrolle zu verzichten, die jeder Spieler ben\u00f6tigt.<\/p>\n","protected":false},"featured_media":305691,"comment_status":"open","ping_status":"closed","template":"","meta":{"_acf_changed":false,"_joinchat":[]},"acabado":[],"balance":[],"dureza":[],"forma":[],"jugador":[],"marca":[1259],"nivel-de-juego":[],"superficie":[],"tipo-de-juego":[],"product_brand":[],"product_cat":[299],"product_tag":[],"class_list":{"0":"post-305720","1":"product","2":"type-product","3":"status-publish","4":"has-post-thumbnail","6":"marca-nox-de","7":"product_cat-palas-de-padel-de","9":"first","10":"instock","11":"sale","12":"taxable","13":"shipping-taxable","14":"purchasable","15":"product-type-simple"},"acf":[],"yoast_head":"<!-- This site is optimized with the Yoast SEO plugin v27.3 - https:\/\/yoast.com\/product\/yoast-seo-wordpress\/ -->\n<title>NOX AT GENIUS ATTACK 18K 2024 - Revolution Padel Store<\/title>\n<meta name=\"description\" content=\"Pala NOX AT10 Luxury Genius Attack 18K 2024 dise\u00f1ada con Agust\u00edn Tapia. Potencia y control total, materiales premium, tecnolog\u00edas exclusivas y grip optimizado. \u00a1C\u00f3mprala al mejor precio en Revolution Padel Store!\" \/>\n<meta name=\"robots\" content=\"index, follow, max-snippet:-1, max-image-preview:large, max-video-preview:-1\" \/>\n<link rel=\"canonical\" href=\"https:\/\/revolutionpadelstore.com\/de\/produkt\/nox-at-genius-attack-18k-2024-1\/\" \/>\n<meta property=\"og:locale\" content=\"de_DE\" \/>\n<meta property=\"og:type\" content=\"article\" \/>\n<meta property=\"og:title\" content=\"NOX AT GENIUS ATTACK 18K 2024 - Revolution Padel Store\" \/>\n<meta property=\"og:description\" content=\"Pala NOX AT10 Luxury Genius Attack 18K 2024 dise\u00f1ada con Agust\u00edn Tapia. Potencia y control total, materiales premium, tecnolog\u00edas exclusivas y grip optimizado. \u00a1C\u00f3mprala al mejor precio en Revolution Padel Store!\" \/>\n<meta property=\"og:url\" content=\"https:\/\/revolutionpadelstore.com\/de\/produkt\/nox-at-genius-attack-18k-2024-1\/\" \/>\n<meta property=\"og:site_name\" content=\"Revolution Padel Store\" \/>\n<meta property=\"article:modified_time\" content=\"2026-04-02T12:01:21+00:00\" \/>\n<meta property=\"og:image\" content=\"https:\/\/revolutionpadelstore.com\/wp-content\/uploads\/2025\/11\/20-1.png\" \/>\n\t<meta property=\"og:image:width\" content=\"1500\" \/>\n\t<meta property=\"og:image:height\" content=\"1500\" \/>\n\t<meta property=\"og:image:type\" content=\"image\/png\" \/>\n<meta name=\"twitter:card\" content=\"summary_large_image\" \/>\n<meta name=\"twitter:label1\" content=\"Gesch\u00e4tzte Lesezeit\" \/>\n\t<meta name=\"twitter:data1\" content=\"2\u00a0Minuten\" \/>\n<script type=\"application\/ld+json\" class=\"yoast-schema-graph\">{\"@context\":\"https:\\\/\\\/schema.org\",\"@graph\":[{\"@type\":\"WebPage\",\"@id\":\"https:\\\/\\\/revolutionpadelstore.com\\\/de\\\/produkt\\\/nox-at-genius-attack-18k-2024-1\\\/\",\"url\":\"https:\\\/\\\/revolutionpadelstore.com\\\/de\\\/produkt\\\/nox-at-genius-attack-18k-2024-1\\\/\",\"name\":\"NOX AT GENIUS ATTACK 18K 2024 - Revolution Padel Store\",\"isPartOf\":{\"@id\":\"https:\\\/\\\/revolutionpadelstore.com\\\/de\\\/#website\"},\"primaryImageOfPage\":{\"@id\":\"https:\\\/\\\/revolutionpadelstore.com\\\/de\\\/produkt\\\/nox-at-genius-attack-18k-2024-1\\\/#primaryimage\"},\"image\":{\"@id\":\"https:\\\/\\\/revolutionpadelstore.com\\\/de\\\/produkt\\\/nox-at-genius-attack-18k-2024-1\\\/#primaryimage\"},\"thumbnailUrl\":\"https:\\\/\\\/revolutionpadelstore.com\\\/wp-content\\\/uploads\\\/2025\\\/11\\\/20-1.png\",\"datePublished\":\"2025-11-09T19:28:06+00:00\",\"dateModified\":\"2026-04-02T12:01:21+00:00\",\"description\":\"Pala NOX AT10 Luxury Genius Attack 18K 2024 dise\u00f1ada con Agust\u00edn Tapia. Potencia y control total, materiales premium, tecnolog\u00edas exclusivas y grip optimizado. \u00a1C\u00f3mprala al mejor precio en Revolution Padel Store!\",\"breadcrumb\":{\"@id\":\"https:\\\/\\\/revolutionpadelstore.com\\\/de\\\/produkt\\\/nox-at-genius-attack-18k-2024-1\\\/#breadcrumb\"},\"inLanguage\":\"de\",\"potentialAction\":[{\"@type\":\"ReadAction\",\"target\":[\"https:\\\/\\\/revolutionpadelstore.com\\\/de\\\/produkt\\\/nox-at-genius-attack-18k-2024-1\\\/\"]}]},{\"@type\":\"ImageObject\",\"inLanguage\":\"de\",\"@id\":\"https:\\\/\\\/revolutionpadelstore.com\\\/de\\\/produkt\\\/nox-at-genius-attack-18k-2024-1\\\/#primaryimage\",\"url\":\"https:\\\/\\\/revolutionpadelstore.com\\\/wp-content\\\/uploads\\\/2025\\\/11\\\/20-1.png\",\"contentUrl\":\"https:\\\/\\\/revolutionpadelstore.com\\\/wp-content\\\/uploads\\\/2025\\\/11\\\/20-1.png\",\"width\":1500,\"height\":1500},{\"@type\":\"BreadcrumbList\",\"@id\":\"https:\\\/\\\/revolutionpadelstore.com\\\/de\\\/produkt\\\/nox-at-genius-attack-18k-2024-1\\\/#breadcrumb\",\"itemListElement\":[{\"@type\":\"ListItem\",\"position\":1,\"name\":\"Portada\",\"item\":\"https:\\\/\\\/revolutionpadelstore.com\\\/de\\\/\"},{\"@type\":\"ListItem\",\"position\":2,\"name\":\"Shop\",\"item\":\"https:\\\/\\\/revolutionpadelstore.com\\\/de\\\/tienda\\\/\"},{\"@type\":\"ListItem\",\"position\":3,\"name\":\"NOX AT GENIUS ATTACK 18K 2024\"}]},{\"@type\":\"WebSite\",\"@id\":\"https:\\\/\\\/revolutionpadelstore.com\\\/de\\\/#website\",\"url\":\"https:\\\/\\\/revolutionpadelstore.com\\\/de\\\/\",\"name\":\"Revolution Padel Store\",\"description\":\"\",\"publisher\":{\"@id\":\"https:\\\/\\\/revolutionpadelstore.com\\\/de\\\/#organization\"},\"potentialAction\":[{\"@type\":\"SearchAction\",\"target\":{\"@type\":\"EntryPoint\",\"urlTemplate\":\"https:\\\/\\\/revolutionpadelstore.com\\\/de\\\/?s={search_term_string}\"},\"query-input\":{\"@type\":\"PropertyValueSpecification\",\"valueRequired\":true,\"valueName\":\"search_term_string\"}}],\"inLanguage\":\"de\"},{\"@type\":\"Organization\",\"@id\":\"https:\\\/\\\/revolutionpadelstore.com\\\/de\\\/#organization\",\"name\":\"Revolution Padel Store\",\"url\":\"https:\\\/\\\/revolutionpadelstore.com\\\/de\\\/\",\"logo\":{\"@type\":\"ImageObject\",\"inLanguage\":\"de\",\"@id\":\"https:\\\/\\\/revolutionpadelstore.com\\\/de\\\/#\\\/schema\\\/logo\\\/image\\\/\",\"url\":\"https:\\\/\\\/revolutionpadelstore.com\\\/wp-content\\\/uploads\\\/2026\\\/02\\\/revolution-padel-store.jpg\",\"contentUrl\":\"https:\\\/\\\/revolutionpadelstore.com\\\/wp-content\\\/uploads\\\/2026\\\/02\\\/revolution-padel-store.jpg\",\"width\":2000,\"height\":2000,\"caption\":\"Revolution Padel Store\"},\"image\":{\"@id\":\"https:\\\/\\\/revolutionpadelstore.com\\\/de\\\/#\\\/schema\\\/logo\\\/image\\\/\"},\"sameAs\":[\"https:\\\/\\\/www.instagram.com\\\/revolutionpadelstore\\\/\"]}]}<\/script>\n<!-- \/ Yoast SEO plugin. -->","yoast_head_json":{"title":"NOX AT GENIUS ATTACK 18K 2024 - Revolution Padel Store","description":"Pala NOX AT10 Luxury Genius Attack 18K 2024 dise\u00f1ada con Agust\u00edn Tapia. Potencia y control total, materiales premium, tecnolog\u00edas exclusivas y grip optimizado. \u00a1C\u00f3mprala al mejor precio en Revolution Padel Store!","robots":{"index":"index","follow":"follow","max-snippet":"max-snippet:-1","max-image-preview":"max-image-preview:large","max-video-preview":"max-video-preview:-1"},"canonical":"https:\/\/revolutionpadelstore.com\/de\/produkt\/nox-at-genius-attack-18k-2024-1\/","og_locale":"de_DE","og_type":"article","og_title":"NOX AT GENIUS ATTACK 18K 2024 - Revolution Padel Store","og_description":"Pala NOX AT10 Luxury Genius Attack 18K 2024 dise\u00f1ada con Agust\u00edn Tapia. Potencia y control total, materiales premium, tecnolog\u00edas exclusivas y grip optimizado. \u00a1C\u00f3mprala al mejor precio en Revolution Padel Store!","og_url":"https:\/\/revolutionpadelstore.com\/de\/produkt\/nox-at-genius-attack-18k-2024-1\/","og_site_name":"Revolution Padel Store","article_modified_time":"2026-04-02T12:01:21+00:00","og_image":[{"width":1500,"height":1500,"url":"https:\/\/revolutionpadelstore.com\/wp-content\/uploads\/2025\/11\/20-1.png","type":"image\/png"}],"twitter_card":"summary_large_image","twitter_misc":{"Gesch\u00e4tzte Lesezeit":"2\u00a0Minuten"},"schema":{"@context":"https:\/\/schema.org","@graph":[{"@type":"WebPage","@id":"https:\/\/revolutionpadelstore.com\/de\/produkt\/nox-at-genius-attack-18k-2024-1\/","url":"https:\/\/revolutionpadelstore.com\/de\/produkt\/nox-at-genius-attack-18k-2024-1\/","name":"NOX AT GENIUS ATTACK 18K 2024 - Revolution Padel Store","isPartOf":{"@id":"https:\/\/revolutionpadelstore.com\/de\/#website"},"primaryImageOfPage":{"@id":"https:\/\/revolutionpadelstore.com\/de\/produkt\/nox-at-genius-attack-18k-2024-1\/#primaryimage"},"image":{"@id":"https:\/\/revolutionpadelstore.com\/de\/produkt\/nox-at-genius-attack-18k-2024-1\/#primaryimage"},"thumbnailUrl":"https:\/\/revolutionpadelstore.com\/wp-content\/uploads\/2025\/11\/20-1.png","datePublished":"2025-11-09T19:28:06+00:00","dateModified":"2026-04-02T12:01:21+00:00","description":"Pala NOX AT10 Luxury Genius Attack 18K 2024 dise\u00f1ada con Agust\u00edn Tapia. Potencia y control total, materiales premium, tecnolog\u00edas exclusivas y grip optimizado. \u00a1C\u00f3mprala al mejor precio en Revolution Padel Store!","breadcrumb":{"@id":"https:\/\/revolutionpadelstore.com\/de\/produkt\/nox-at-genius-attack-18k-2024-1\/#breadcrumb"},"inLanguage":"de","potentialAction":[{"@type":"ReadAction","target":["https:\/\/revolutionpadelstore.com\/de\/produkt\/nox-at-genius-attack-18k-2024-1\/"]}]},{"@type":"ImageObject","inLanguage":"de","@id":"https:\/\/revolutionpadelstore.com\/de\/produkt\/nox-at-genius-attack-18k-2024-1\/#primaryimage","url":"https:\/\/revolutionpadelstore.com\/wp-content\/uploads\/2025\/11\/20-1.png","contentUrl":"https:\/\/revolutionpadelstore.com\/wp-content\/uploads\/2025\/11\/20-1.png","width":1500,"height":1500},{"@type":"BreadcrumbList","@id":"https:\/\/revolutionpadelstore.com\/de\/produkt\/nox-at-genius-attack-18k-2024-1\/#breadcrumb","itemListElement":[{"@type":"ListItem","position":1,"name":"Portada","item":"https:\/\/revolutionpadelstore.com\/de\/"},{"@type":"ListItem","position":2,"name":"Shop","item":"https:\/\/revolutionpadelstore.com\/de\/tienda\/"},{"@type":"ListItem","position":3,"name":"NOX AT GENIUS ATTACK 18K 2024"}]},{"@type":"WebSite","@id":"https:\/\/revolutionpadelstore.com\/de\/#website","url":"https:\/\/revolutionpadelstore.com\/de\/","name":"Revolution Padel Store","description":"","publisher":{"@id":"https:\/\/revolutionpadelstore.com\/de\/#organization"},"potentialAction":[{"@type":"SearchAction","target":{"@type":"EntryPoint","urlTemplate":"https:\/\/revolutionpadelstore.com\/de\/?s={search_term_string}"},"query-input":{"@type":"PropertyValueSpecification","valueRequired":true,"valueName":"search_term_string"}}],"inLanguage":"de"},{"@type":"Organization","@id":"https:\/\/revolutionpadelstore.com\/de\/#organization","name":"Revolution Padel Store","url":"https:\/\/revolutionpadelstore.com\/de\/","logo":{"@type":"ImageObject","inLanguage":"de","@id":"https:\/\/revolutionpadelstore.com\/de\/#\/schema\/logo\/image\/","url":"https:\/\/revolutionpadelstore.com\/wp-content\/uploads\/2026\/02\/revolution-padel-store.jpg","contentUrl":"https:\/\/revolutionpadelstore.com\/wp-content\/uploads\/2026\/02\/revolution-padel-store.jpg","width":2000,"height":2000,"caption":"Revolution Padel Store"},"image":{"@id":"https:\/\/revolutionpadelstore.com\/de\/#\/schema\/logo\/image\/"},"sameAs":["https:\/\/www.instagram.com\/revolutionpadelstore\/"]}]}},"_links":{"self":[{"href":"https:\/\/revolutionpadelstore.com\/de\/wp-json\/wp\/v2\/product\/305720","targetHints":{"allow":["GET"]}}],"collection":[{"href":"https:\/\/revolutionpadelstore.com\/de\/wp-json\/wp\/v2\/product"}],"about":[{"href":"https:\/\/revolutionpadelstore.com\/de\/wp-json\/wp\/v2\/types\/product"}],"replies":[{"embeddable":true,"href":"https:\/\/revolutionpadelstore.com\/de\/wp-json\/wp\/v2\/comments?post=305720"}],"wp:featuredmedia":[{"embeddable":true,"href":"https:\/\/revolutionpadelstore.com\/de\/wp-json\/wp\/v2\/media\/305691"}],"wp:attachment":[{"href":"https:\/\/revolutionpadelstore.com\/de\/wp-json\/wp\/v2\/media?parent=305720"}],"wp:term":[{"taxonomy":"acabado","embeddable":true,"href":"https:\/\/revolutionpadelstore.com\/de\/wp-json\/wp\/v2\/acabado?post=305720"},{"taxonomy":"balance","embeddable":true,"href":"https:\/\/revolutionpadelstore.com\/de\/wp-json\/wp\/v2\/balance?post=305720"},{"taxonomy":"dureza","embeddable":true,"href":"https:\/\/revolutionpadelstore.com\/de\/wp-json\/wp\/v2\/dureza?post=305720"},{"taxonomy":"forma","embeddable":true,"href":"https:\/\/revolutionpadelstore.com\/de\/wp-json\/wp\/v2\/forma?post=305720"},{"taxonomy":"jugador","embeddable":true,"href":"https:\/\/revolutionpadelstore.com\/de\/wp-json\/wp\/v2\/jugador?post=305720"},{"taxonomy":"marca","embeddable":true,"href":"https:\/\/revolutionpadelstore.com\/de\/wp-json\/wp\/v2\/marca?post=305720"},{"taxonomy":"nivel-de-juego","embeddable":true,"href":"https:\/\/revolutionpadelstore.com\/de\/wp-json\/wp\/v2\/nivel-de-juego?post=305720"},{"taxonomy":"superficie","embeddable":true,"href":"https:\/\/revolutionpadelstore.com\/de\/wp-json\/wp\/v2\/superficie?post=305720"},{"taxonomy":"tipo-de-juego","embeddable":true,"href":"https:\/\/revolutionpadelstore.com\/de\/wp-json\/wp\/v2\/tipo-de-juego?post=305720"},{"taxonomy":"product_brand","embeddable":true,"href":"https:\/\/revolutionpadelstore.com\/de\/wp-json\/wp\/v2\/product_brand?post=305720"},{"taxonomy":"product_cat","embeddable":true,"href":"https:\/\/revolutionpadelstore.com\/de\/wp-json\/wp\/v2\/product_cat?post=305720"},{"taxonomy":"product_tag","embeddable":true,"href":"https:\/\/revolutionpadelstore.com\/de\/wp-json\/wp\/v2\/product_tag?post=305720"}],"curies":[{"name":"wp","href":"https:\/\/api.w.org\/{rel}","templated":true}]}}