{"id":305533,"date":"2025-11-08T00:25:26","date_gmt":"2025-11-07T23:25:26","guid":{"rendered":"https:\/\/revolutionpadelstore.com\/paletero-bullpadel-bpp26021-pearl\/"},"modified":"2026-04-08T01:50:11","modified_gmt":"2026-04-07T23:50:11","slug":"paletero-bullpadel-bpp26021-pearl-1","status":"publish","type":"product","link":"https:\/\/revolutionpadelstore.com\/de\/produkt\/paletero-bullpadel-bpp26021-pearl-1\/","title":{"rendered":"PALETERO BULLPADEL BPP26021 PEARL"},"content":{"rendered":"<h2>Bullpadel Pearl Padelschl\u00e4gertasche \u2013 Bea Gonz\u00e1lez Edition<\/h2>\n<h2>Stil, Leichtigkeit und maximale Kapazit\u00e4t f\u00fcr anspruchsvolle Spieler<\/h2>\n<p>Die neue <strong>Bullpadel Pearl Schl\u00e4gertasche<\/strong>, die exklusiv f\u00fcr den Schl\u00e4ger der Profispielerin <strong>Bea Gonz\u00e1lez<\/strong> entwickelt wurde, ist die perfekte Erg\u00e4nzung f\u00fcr alle, die <strong>Eleganz, Leistung und Funktionalit\u00e4t auf dem Platz<\/strong> suchen.<\/p>\n<p>Diese Padelschl\u00e4gertasche besteht aus leichten und widerstandsf\u00e4higen Materialien und bietet eine einzigartige Kombination aus <strong>Kapazit\u00e4t und erstklassigem Design<\/strong>, ideal f\u00fcr den Transport Ihrer gesamten Padelausr\u00fcstung mit maximaler Organisation.<\/p>\n<h2>Hauptmerkmale<\/h2>\n<p><strong>-Gro\u00dfes Mittelfach<\/strong> f\u00fcr Kleidung, Handt\u00fccher und Accessoires.<\/p>\n<p><strong>-2 seitliche Thermof\u00e4cher<\/strong> mit Gesamtkapazit\u00e4t f\u00fcr <strong>bis zu 4 Padelschl\u00e4ger<\/strong> und sch\u00fctzen diese vor Hitze und Feuchtigkeit.<\/p>\n<p><strong>-Unabh\u00e4ngiger und bel\u00fcfteter Bereich<\/strong> f\u00fcr gebrauchte Schuhe oder Kleidung, ideal, um alles in Ordnung und geruchsfrei zu halten.<\/p>\n<p><strong>-Seitentasche mit Schnellzugriff<\/strong> f\u00fcr pers\u00f6nliche Gegenst\u00e4nde wie Schl\u00fcssel, Handy oder Geldb\u00f6rse.<\/p>\n<p>-Exklusives Design mit der <strong>Handschrift von Bea Gonz\u00e1lez<\/strong>, das einen Hauch von Vornehmheit und Professionalit\u00e4t verleiht.<\/p>\n<h2>Hervorragende Vorteile<\/h2>\n<p><strong>-Leichtigkeit<\/strong> f\u00fcr mehr Komfort beim Transport.<\/p>\n<p><strong>-Ergonomisches und elegantes Design<\/strong>, perfekt f\u00fcr Spieler, die Wert auf Stil legen.<\/p>\n<p><strong>-Vollst\u00e4ndige Organisation der Padel-Ausr\u00fcstung<\/strong>, ohne auf Platz oder \u00c4sthetik zu verzichten.<\/p>\n<p>-Best\u00e4ndige und \u00e4u\u00dferst langlebige Materialien f\u00fcr den intensiven Gebrauch.<\/p>\n<h2>Warum sollten Sie sich f\u00fcr die Padel-Tasche Pearl entscheiden?<\/h2>\n<p>Diese Padelschl\u00e4gertasche zeichnet sich nicht nur durch ihr Fassungsverm\u00f6gen und ihre Funktionalit\u00e4t aus, sondern auch durch ihr <strong>exklusives und professionelles<\/strong> Image, da sie eine perfekte Erweiterung des Pearl-Padelschl\u00e4gers und des Spielstils von Bea Gonz\u00e1lez darstellt.<\/p>\n<p><strong>Ab sofort in unserem Online-Shop <a href=\"https:\/\/www.revolutionpadelstore.com\/\">www.revolutionpadelstore.com<\/a><\/strong> erh\u00e4ltlich, wahrscheinlich zum <strong>besten Preis auf dem Markt<\/strong>. Holen Sie es sich und verbessern Sie Ihr Spiel mit Stil!<\/p>\n<h2>Paletero Bullpadel Pearl &#8211; Edici\u00f3n Bea Gonz\u00e1lez<\/h2>\n","protected":false},"excerpt":{"rendered":"<p>Die Bullpadel Pearl Schl\u00e4gertasche, die speziell als Erg\u00e4nzung zum Schl\u00e4ger der Profispielerin Bea Gonz\u00e1lez entwickelt wurde, vereint perfekt Stil, Leistung und Funktionalit\u00e4t und ist damit die ideale Wahl f\u00fcr alle, die auf und neben dem Platz mit Eleganz auffallen m\u00f6chten.<\/p>\n","protected":false},"featured_media":305539,"comment_status":"open","ping_status":"closed","template":"","meta":{"_acf_changed":false,"_joinchat":[]},"acabado":[],"balance":[],"dureza":[],"forma":[],"jugador":[],"marca":[1254],"nivel-de-juego":[],"superficie":[],"tipo-de-juego":[],"product_brand":[],"product_cat":[314],"product_tag":[],"class_list":{"0":"post-305533","1":"product","2":"type-product","3":"status-publish","4":"has-post-thumbnail","6":"marca-bullpadel-de","7":"product_cat-taschen","9":"first","10":"instock","11":"sale","12":"taxable","13":"shipping-taxable","14":"purchasable","15":"product-type-simple"},"acf":[],"yoast_head":"<!-- This site is optimized with the Yoast SEO plugin v27.4 - https:\/\/yoast.com\/product\/yoast-seo-wordpress\/ -->\n<title>PALETERO BULLPADEL BPP26021 PEARL - Revolution Padel Store<\/title>\n<meta name=\"description\" content=\"Descubre el paletero Bullpadel Pearl edici\u00f3n Bea Gonz\u00e1lez: elegante, ligero y con m\u00e1xima capacidad para 4 palas. \u00a1C\u00f3mpralo en Revolution Padel Store al mejor precio online!\" \/>\n<meta name=\"robots\" content=\"index, follow, max-snippet:-1, max-image-preview:large, max-video-preview:-1\" \/>\n<link rel=\"canonical\" href=\"https:\/\/revolutionpadelstore.com\/de\/produkt\/paletero-bullpadel-bpp26021-pearl-1\/\" \/>\n<meta property=\"og:locale\" content=\"de_DE\" \/>\n<meta property=\"og:type\" content=\"article\" \/>\n<meta property=\"og:title\" content=\"PALETERO BULLPADEL BPP26021 PEARL - Revolution Padel Store\" \/>\n<meta property=\"og:description\" content=\"Descubre el paletero Bullpadel Pearl edici\u00f3n Bea Gonz\u00e1lez: elegante, ligero y con m\u00e1xima capacidad para 4 palas. \u00a1C\u00f3mpralo en Revolution Padel Store al mejor precio online!\" \/>\n<meta property=\"og:url\" content=\"https:\/\/revolutionpadelstore.com\/de\/produkt\/paletero-bullpadel-bpp26021-pearl-1\/\" \/>\n<meta property=\"og:site_name\" content=\"Revolution Padel Store\" \/>\n<meta property=\"article:modified_time\" content=\"2026-04-07T23:50:11+00:00\" \/>\n<meta property=\"og:image\" content=\"https:\/\/revolutionpadelstore.com\/wp-content\/uploads\/2025\/11\/15-1.png\" \/>\n\t<meta property=\"og:image:width\" content=\"1500\" \/>\n\t<meta property=\"og:image:height\" content=\"1500\" \/>\n\t<meta property=\"og:image:type\" content=\"image\/png\" \/>\n<meta name=\"twitter:card\" content=\"summary_large_image\" \/>\n<meta name=\"twitter:label1\" content=\"Gesch\u00e4tzte Lesezeit\" \/>\n\t<meta name=\"twitter:data1\" content=\"2\u00a0Minuten\" \/>\n<script type=\"application\/ld+json\" class=\"yoast-schema-graph\">{\"@context\":\"https:\\\/\\\/schema.org\",\"@graph\":[{\"@type\":\"WebPage\",\"@id\":\"https:\\\/\\\/revolutionpadelstore.com\\\/de\\\/produkt\\\/paletero-bullpadel-bpp26021-pearl-1\\\/\",\"url\":\"https:\\\/\\\/revolutionpadelstore.com\\\/de\\\/produkt\\\/paletero-bullpadel-bpp26021-pearl-1\\\/\",\"name\":\"PALETERO BULLPADEL BPP26021 PEARL - Revolution Padel Store\",\"isPartOf\":{\"@id\":\"https:\\\/\\\/revolutionpadelstore.com\\\/de\\\/#website\"},\"primaryImageOfPage\":{\"@id\":\"https:\\\/\\\/revolutionpadelstore.com\\\/de\\\/produkt\\\/paletero-bullpadel-bpp26021-pearl-1\\\/#primaryimage\"},\"image\":{\"@id\":\"https:\\\/\\\/revolutionpadelstore.com\\\/de\\\/produkt\\\/paletero-bullpadel-bpp26021-pearl-1\\\/#primaryimage\"},\"thumbnailUrl\":\"https:\\\/\\\/revolutionpadelstore.com\\\/wp-content\\\/uploads\\\/2025\\\/11\\\/15-1.png\",\"datePublished\":\"2025-11-07T23:25:26+00:00\",\"dateModified\":\"2026-04-07T23:50:11+00:00\",\"description\":\"Descubre el paletero Bullpadel Pearl edici\u00f3n Bea Gonz\u00e1lez: elegante, ligero y con m\u00e1xima capacidad para 4 palas. \u00a1C\u00f3mpralo en Revolution Padel Store al mejor precio online!\",\"breadcrumb\":{\"@id\":\"https:\\\/\\\/revolutionpadelstore.com\\\/de\\\/produkt\\\/paletero-bullpadel-bpp26021-pearl-1\\\/#breadcrumb\"},\"inLanguage\":\"de\",\"potentialAction\":[{\"@type\":\"ReadAction\",\"target\":[\"https:\\\/\\\/revolutionpadelstore.com\\\/de\\\/produkt\\\/paletero-bullpadel-bpp26021-pearl-1\\\/\"]}]},{\"@type\":\"ImageObject\",\"inLanguage\":\"de\",\"@id\":\"https:\\\/\\\/revolutionpadelstore.com\\\/de\\\/produkt\\\/paletero-bullpadel-bpp26021-pearl-1\\\/#primaryimage\",\"url\":\"https:\\\/\\\/revolutionpadelstore.com\\\/wp-content\\\/uploads\\\/2025\\\/11\\\/15-1.png\",\"contentUrl\":\"https:\\\/\\\/revolutionpadelstore.com\\\/wp-content\\\/uploads\\\/2025\\\/11\\\/15-1.png\",\"width\":1500,\"height\":1500},{\"@type\":\"BreadcrumbList\",\"@id\":\"https:\\\/\\\/revolutionpadelstore.com\\\/de\\\/produkt\\\/paletero-bullpadel-bpp26021-pearl-1\\\/#breadcrumb\",\"itemListElement\":[{\"@type\":\"ListItem\",\"position\":1,\"name\":\"Portada\",\"item\":\"https:\\\/\\\/revolutionpadelstore.com\\\/de\\\/\"},{\"@type\":\"ListItem\",\"position\":2,\"name\":\"Shop\",\"item\":\"https:\\\/\\\/revolutionpadelstore.com\\\/de\\\/tienda\\\/\"},{\"@type\":\"ListItem\",\"position\":3,\"name\":\"PALETERO BULLPADEL BPP26021 PEARL\"}]},{\"@type\":\"WebSite\",\"@id\":\"https:\\\/\\\/revolutionpadelstore.com\\\/de\\\/#website\",\"url\":\"https:\\\/\\\/revolutionpadelstore.com\\\/de\\\/\",\"name\":\"Revolution Padel Store\",\"description\":\"\",\"publisher\":{\"@id\":\"https:\\\/\\\/revolutionpadelstore.com\\\/de\\\/#organization\"},\"potentialAction\":[{\"@type\":\"SearchAction\",\"target\":{\"@type\":\"EntryPoint\",\"urlTemplate\":\"https:\\\/\\\/revolutionpadelstore.com\\\/de\\\/?s={search_term_string}\"},\"query-input\":{\"@type\":\"PropertyValueSpecification\",\"valueRequired\":true,\"valueName\":\"search_term_string\"}}],\"inLanguage\":\"de\"},{\"@type\":\"Organization\",\"@id\":\"https:\\\/\\\/revolutionpadelstore.com\\\/de\\\/#organization\",\"name\":\"Revolution Padel Store\",\"url\":\"https:\\\/\\\/revolutionpadelstore.com\\\/de\\\/\",\"logo\":{\"@type\":\"ImageObject\",\"inLanguage\":\"de\",\"@id\":\"https:\\\/\\\/revolutionpadelstore.com\\\/de\\\/#\\\/schema\\\/logo\\\/image\\\/\",\"url\":\"https:\\\/\\\/revolutionpadelstore.com\\\/wp-content\\\/uploads\\\/2026\\\/02\\\/revolution-padel-store.jpg\",\"contentUrl\":\"https:\\\/\\\/revolutionpadelstore.com\\\/wp-content\\\/uploads\\\/2026\\\/02\\\/revolution-padel-store.jpg\",\"width\":2000,\"height\":2000,\"caption\":\"Revolution Padel Store\"},\"image\":{\"@id\":\"https:\\\/\\\/revolutionpadelstore.com\\\/de\\\/#\\\/schema\\\/logo\\\/image\\\/\"},\"sameAs\":[\"https:\\\/\\\/www.instagram.com\\\/revolutionpadelstore\\\/\"]}]}<\/script>\n<!-- \/ Yoast SEO plugin. -->","yoast_head_json":{"title":"PALETERO BULLPADEL BPP26021 PEARL - Revolution Padel Store","description":"Descubre el paletero Bullpadel Pearl edici\u00f3n Bea Gonz\u00e1lez: elegante, ligero y con m\u00e1xima capacidad para 4 palas. \u00a1C\u00f3mpralo en Revolution Padel Store al mejor precio online!","robots":{"index":"index","follow":"follow","max-snippet":"max-snippet:-1","max-image-preview":"max-image-preview:large","max-video-preview":"max-video-preview:-1"},"canonical":"https:\/\/revolutionpadelstore.com\/de\/produkt\/paletero-bullpadel-bpp26021-pearl-1\/","og_locale":"de_DE","og_type":"article","og_title":"PALETERO BULLPADEL BPP26021 PEARL - Revolution Padel Store","og_description":"Descubre el paletero Bullpadel Pearl edici\u00f3n Bea Gonz\u00e1lez: elegante, ligero y con m\u00e1xima capacidad para 4 palas. \u00a1C\u00f3mpralo en Revolution Padel Store al mejor precio online!","og_url":"https:\/\/revolutionpadelstore.com\/de\/produkt\/paletero-bullpadel-bpp26021-pearl-1\/","og_site_name":"Revolution Padel Store","article_modified_time":"2026-04-07T23:50:11+00:00","og_image":[{"width":1500,"height":1500,"url":"https:\/\/revolutionpadelstore.com\/wp-content\/uploads\/2025\/11\/15-1.png","type":"image\/png"}],"twitter_card":"summary_large_image","twitter_misc":{"Gesch\u00e4tzte Lesezeit":"2\u00a0Minuten"},"schema":{"@context":"https:\/\/schema.org","@graph":[{"@type":"WebPage","@id":"https:\/\/revolutionpadelstore.com\/de\/produkt\/paletero-bullpadel-bpp26021-pearl-1\/","url":"https:\/\/revolutionpadelstore.com\/de\/produkt\/paletero-bullpadel-bpp26021-pearl-1\/","name":"PALETERO BULLPADEL BPP26021 PEARL - Revolution Padel Store","isPartOf":{"@id":"https:\/\/revolutionpadelstore.com\/de\/#website"},"primaryImageOfPage":{"@id":"https:\/\/revolutionpadelstore.com\/de\/produkt\/paletero-bullpadel-bpp26021-pearl-1\/#primaryimage"},"image":{"@id":"https:\/\/revolutionpadelstore.com\/de\/produkt\/paletero-bullpadel-bpp26021-pearl-1\/#primaryimage"},"thumbnailUrl":"https:\/\/revolutionpadelstore.com\/wp-content\/uploads\/2025\/11\/15-1.png","datePublished":"2025-11-07T23:25:26+00:00","dateModified":"2026-04-07T23:50:11+00:00","description":"Descubre el paletero Bullpadel Pearl edici\u00f3n Bea Gonz\u00e1lez: elegante, ligero y con m\u00e1xima capacidad para 4 palas. \u00a1C\u00f3mpralo en Revolution Padel Store al mejor precio online!","breadcrumb":{"@id":"https:\/\/revolutionpadelstore.com\/de\/produkt\/paletero-bullpadel-bpp26021-pearl-1\/#breadcrumb"},"inLanguage":"de","potentialAction":[{"@type":"ReadAction","target":["https:\/\/revolutionpadelstore.com\/de\/produkt\/paletero-bullpadel-bpp26021-pearl-1\/"]}]},{"@type":"ImageObject","inLanguage":"de","@id":"https:\/\/revolutionpadelstore.com\/de\/produkt\/paletero-bullpadel-bpp26021-pearl-1\/#primaryimage","url":"https:\/\/revolutionpadelstore.com\/wp-content\/uploads\/2025\/11\/15-1.png","contentUrl":"https:\/\/revolutionpadelstore.com\/wp-content\/uploads\/2025\/11\/15-1.png","width":1500,"height":1500},{"@type":"BreadcrumbList","@id":"https:\/\/revolutionpadelstore.com\/de\/produkt\/paletero-bullpadel-bpp26021-pearl-1\/#breadcrumb","itemListElement":[{"@type":"ListItem","position":1,"name":"Portada","item":"https:\/\/revolutionpadelstore.com\/de\/"},{"@type":"ListItem","position":2,"name":"Shop","item":"https:\/\/revolutionpadelstore.com\/de\/tienda\/"},{"@type":"ListItem","position":3,"name":"PALETERO BULLPADEL BPP26021 PEARL"}]},{"@type":"WebSite","@id":"https:\/\/revolutionpadelstore.com\/de\/#website","url":"https:\/\/revolutionpadelstore.com\/de\/","name":"Revolution Padel Store","description":"","publisher":{"@id":"https:\/\/revolutionpadelstore.com\/de\/#organization"},"potentialAction":[{"@type":"SearchAction","target":{"@type":"EntryPoint","urlTemplate":"https:\/\/revolutionpadelstore.com\/de\/?s={search_term_string}"},"query-input":{"@type":"PropertyValueSpecification","valueRequired":true,"valueName":"search_term_string"}}],"inLanguage":"de"},{"@type":"Organization","@id":"https:\/\/revolutionpadelstore.com\/de\/#organization","name":"Revolution Padel Store","url":"https:\/\/revolutionpadelstore.com\/de\/","logo":{"@type":"ImageObject","inLanguage":"de","@id":"https:\/\/revolutionpadelstore.com\/de\/#\/schema\/logo\/image\/","url":"https:\/\/revolutionpadelstore.com\/wp-content\/uploads\/2026\/02\/revolution-padel-store.jpg","contentUrl":"https:\/\/revolutionpadelstore.com\/wp-content\/uploads\/2026\/02\/revolution-padel-store.jpg","width":2000,"height":2000,"caption":"Revolution Padel Store"},"image":{"@id":"https:\/\/revolutionpadelstore.com\/de\/#\/schema\/logo\/image\/"},"sameAs":["https:\/\/www.instagram.com\/revolutionpadelstore\/"]}]}},"_links":{"self":[{"href":"https:\/\/revolutionpadelstore.com\/de\/wp-json\/wp\/v2\/product\/305533","targetHints":{"allow":["GET"]}}],"collection":[{"href":"https:\/\/revolutionpadelstore.com\/de\/wp-json\/wp\/v2\/product"}],"about":[{"href":"https:\/\/revolutionpadelstore.com\/de\/wp-json\/wp\/v2\/types\/product"}],"replies":[{"embeddable":true,"href":"https:\/\/revolutionpadelstore.com\/de\/wp-json\/wp\/v2\/comments?post=305533"}],"wp:featuredmedia":[{"embeddable":true,"href":"https:\/\/revolutionpadelstore.com\/de\/wp-json\/wp\/v2\/media\/305539"}],"wp:attachment":[{"href":"https:\/\/revolutionpadelstore.com\/de\/wp-json\/wp\/v2\/media?parent=305533"}],"wp:term":[{"taxonomy":"acabado","embeddable":true,"href":"https:\/\/revolutionpadelstore.com\/de\/wp-json\/wp\/v2\/acabado?post=305533"},{"taxonomy":"balance","embeddable":true,"href":"https:\/\/revolutionpadelstore.com\/de\/wp-json\/wp\/v2\/balance?post=305533"},{"taxonomy":"dureza","embeddable":true,"href":"https:\/\/revolutionpadelstore.com\/de\/wp-json\/wp\/v2\/dureza?post=305533"},{"taxonomy":"forma","embeddable":true,"href":"https:\/\/revolutionpadelstore.com\/de\/wp-json\/wp\/v2\/forma?post=305533"},{"taxonomy":"jugador","embeddable":true,"href":"https:\/\/revolutionpadelstore.com\/de\/wp-json\/wp\/v2\/jugador?post=305533"},{"taxonomy":"marca","embeddable":true,"href":"https:\/\/revolutionpadelstore.com\/de\/wp-json\/wp\/v2\/marca?post=305533"},{"taxonomy":"nivel-de-juego","embeddable":true,"href":"https:\/\/revolutionpadelstore.com\/de\/wp-json\/wp\/v2\/nivel-de-juego?post=305533"},{"taxonomy":"superficie","embeddable":true,"href":"https:\/\/revolutionpadelstore.com\/de\/wp-json\/wp\/v2\/superficie?post=305533"},{"taxonomy":"tipo-de-juego","embeddable":true,"href":"https:\/\/revolutionpadelstore.com\/de\/wp-json\/wp\/v2\/tipo-de-juego?post=305533"},{"taxonomy":"product_brand","embeddable":true,"href":"https:\/\/revolutionpadelstore.com\/de\/wp-json\/wp\/v2\/product_brand?post=305533"},{"taxonomy":"product_cat","embeddable":true,"href":"https:\/\/revolutionpadelstore.com\/de\/wp-json\/wp\/v2\/product_cat?post=305533"},{"taxonomy":"product_tag","embeddable":true,"href":"https:\/\/revolutionpadelstore.com\/de\/wp-json\/wp\/v2\/product_tag?post=305533"}],"curies":[{"name":"wp","href":"https:\/\/api.w.org\/{rel}","templated":true}]}}