{"id":305494,"date":"2025-11-08T00:52:17","date_gmt":"2025-11-07T23:52:17","guid":{"rendered":"https:\/\/revolutionpadelstore.com\/mochila-bullpadel\/"},"modified":"2026-04-08T01:39:52","modified_gmt":"2026-04-07T23:39:52","slug":"mochila-bullpadel-bpm26021-pearl","status":"publish","type":"product","link":"https:\/\/revolutionpadelstore.com\/de\/produkt\/mochila-bullpadel-bpm26021-pearl\/","title":{"rendered":"MOCHILA BULLPADEL BPM26021 PEARL"},"content":{"rendered":"<h2><strong>Pearl Technical Backpack von Bea Gonz\u00e1lez \u2013 Stil, Schutz und Funktionalit\u00e4t in jedem Spiel<\/strong><\/h2>\n<p>Der technische Rucksack Pearl ist das unverzichtbare Accessoire f\u00fcr Padelspieler, die Leistung und Design suchen. Entwickelt, um sich perfekt mit dem Pearl-Schl\u00e4ger zu kombinieren, wurde er mit dem einzigartigen und sportlichen Touch von Bea Gonz\u00e1lez, einer der herausragendsten Spielerinnen der World Padel Tour, entworfen.<\/p>\n<p>Dieser aus hochwertigen Materialien gefertigte Rucksack zeichnet sich durch sein Gleichgewicht zwischen Funktionalit\u00e4t und \u00c4sthetik aus. Es verf\u00fcgt \u00fcber ein thermoverst\u00e4rktes und gepolstertes Fach, das Ihren Schl\u00e4ger oder Laptop vor St\u00f6\u00dfen und Temperaturschwankungen sch\u00fctzt. Ideal sowohl f\u00fcr Ihr Training als auch f\u00fcr den t\u00e4glichen Gebrauch.<\/p>\n<h2><strong>Hervorgehobene Funktionen<\/strong><\/h2>\n<p>-Thermisches und gepolstertes Fach f\u00fcr Schl\u00e4ger oder Laptop.<\/p>\n<p>-Gro\u00dfer Hauptraum f\u00fcr Kleidung, Handt\u00fccher oder Accessoires.<\/p>\n<p>-Vordertasche mit Zwickel f\u00fcr schnellen Zugriff auf pers\u00f6nliche Gegenst\u00e4nde.<\/p>\n<p>-Zwei elastische Seitentaschen, perfekt f\u00fcr Getr\u00e4nke oder B\u00e4lle.<\/p>\n<p>-Verstellbare Tr\u00e4ger zur Anpassung des Volumens und zur Verbesserung des Komforts.<\/p>\n<p>Sein exklusives Design mit der Signatur von Bea Gonz\u00e1lez verleiht diesem Rucksack nicht nur einen raffinierten Touch, sondern macht ihn auch zu einem einzigartigen Einzelst\u00fcck, das auf und neben dem Platz auff\u00e4llt.<\/p>\n<h2><strong>Warum sollten Sie sich f\u00fcr den technischen Rucksack Pearl entscheiden?<\/strong><\/h2>\n<p>-Entwickelt f\u00fcr Spieler, die Wert auf Stil und hohe Leistung legen.<\/p>\n<p>-Ideal f\u00fcr den komfortablen und sicheren Transport Ihrer Ausr\u00fcstung.<\/p>\n<p>-Best\u00e4ndiges Material und Designdetails, die den Unterschied machen.<\/p>\n<p>-Perfekt f\u00fcr Sport oder den t\u00e4glichen Gebrauch.<\/p>\n<p>&#8211; Holen Sie sich den technischen Rucksack Pearl und steigern Sie Ihr Erlebnis auf und neben der Strecke. Jetzt in unserem Online-Shop <a href=\"http:\/\/www.revolutionpadelstore.com\/\">www.revolutionpadelstore.com<\/a> erh\u00e4ltlich, wahrscheinlich zum besten Preis auf dem Markt.<\/p>\n<h2><strong>Mochila T\u00e9cnica Pearl by Bea Gonz\u00e1lez \u2013 Estilo, protecci\u00f3n y funcionalidad en cada partido<\/strong><\/p>\n","protected":false},"excerpt":{"rendered":"<p>Der technische Rucksack Pearl wurde entwickelt, um maximale Leistung zu bieten, ohne auf Design zu verzichten, und ist der perfekte Verb\u00fcndete f\u00fcr jeden Padel-Spieler.<\/p>\n","protected":false},"featured_media":305500,"comment_status":"open","ping_status":"closed","template":"","meta":{"_acf_changed":false,"_joinchat":[]},"acabado":[],"balance":[],"dureza":[],"forma":[],"jugador":[],"marca":[1254],"nivel-de-juego":[],"superficie":[],"tipo-de-juego":[],"product_brand":[],"product_cat":[314],"product_tag":[],"class_list":{"0":"post-305494","1":"product","2":"type-product","3":"status-publish","4":"has-post-thumbnail","6":"marca-bullpadel-de","7":"product_cat-taschen","9":"first","10":"instock","11":"sale","12":"taxable","13":"shipping-taxable","14":"purchasable","15":"product-type-simple"},"acf":[],"yoast_head":"<!-- This site is optimized with the Yoast SEO plugin v27.4 - https:\/\/yoast.com\/product\/yoast-seo-wordpress\/ -->\n<title>MOCHILA BULLPADEL BPM26021 PEARL - Revolution Padel Store<\/title>\n<meta name=\"description\" content=\"Mochila t\u00e9cnica Pearl dise\u00f1ada por Bea Gonz\u00e1lez. Con compartimento t\u00e9rmico, gran capacidad y estilo exclusivo. C\u00f3mprala online al mejor precio.\" \/>\n<meta name=\"robots\" content=\"index, follow, max-snippet:-1, max-image-preview:large, max-video-preview:-1\" \/>\n<link rel=\"canonical\" href=\"https:\/\/revolutionpadelstore.com\/de\/produkt\/mochila-bullpadel-bpm26021-pearl\/\" \/>\n<meta property=\"og:locale\" content=\"de_DE\" \/>\n<meta property=\"og:type\" content=\"article\" \/>\n<meta property=\"og:title\" content=\"MOCHILA BULLPADEL BPM26021 PEARL - Revolution Padel Store\" \/>\n<meta property=\"og:description\" content=\"Mochila t\u00e9cnica Pearl dise\u00f1ada por Bea Gonz\u00e1lez. Con compartimento t\u00e9rmico, gran capacidad y estilo exclusivo. C\u00f3mprala online al mejor precio.\" \/>\n<meta property=\"og:url\" content=\"https:\/\/revolutionpadelstore.com\/de\/produkt\/mochila-bullpadel-bpm26021-pearl\/\" \/>\n<meta property=\"og:site_name\" content=\"Revolution Padel Store\" \/>\n<meta property=\"article:modified_time\" content=\"2026-04-07T23:39:52+00:00\" \/>\n<meta property=\"og:image\" content=\"https:\/\/revolutionpadelstore.com\/wp-content\/uploads\/2025\/11\/10-1.png\" \/>\n\t<meta property=\"og:image:width\" content=\"1500\" \/>\n\t<meta property=\"og:image:height\" content=\"1500\" \/>\n\t<meta property=\"og:image:type\" content=\"image\/png\" \/>\n<meta name=\"twitter:card\" content=\"summary_large_image\" \/>\n<meta name=\"twitter:label1\" content=\"Gesch\u00e4tzte Lesezeit\" \/>\n\t<meta name=\"twitter:data1\" content=\"2\u00a0Minuten\" \/>\n<script type=\"application\/ld+json\" class=\"yoast-schema-graph\">{\"@context\":\"https:\\\/\\\/schema.org\",\"@graph\":[{\"@type\":\"WebPage\",\"@id\":\"https:\\\/\\\/revolutionpadelstore.com\\\/de\\\/produkt\\\/mochila-bullpadel-bpm26021-pearl\\\/\",\"url\":\"https:\\\/\\\/revolutionpadelstore.com\\\/de\\\/produkt\\\/mochila-bullpadel-bpm26021-pearl\\\/\",\"name\":\"MOCHILA BULLPADEL BPM26021 PEARL - Revolution Padel Store\",\"isPartOf\":{\"@id\":\"https:\\\/\\\/revolutionpadelstore.com\\\/de\\\/#website\"},\"primaryImageOfPage\":{\"@id\":\"https:\\\/\\\/revolutionpadelstore.com\\\/de\\\/produkt\\\/mochila-bullpadel-bpm26021-pearl\\\/#primaryimage\"},\"image\":{\"@id\":\"https:\\\/\\\/revolutionpadelstore.com\\\/de\\\/produkt\\\/mochila-bullpadel-bpm26021-pearl\\\/#primaryimage\"},\"thumbnailUrl\":\"https:\\\/\\\/revolutionpadelstore.com\\\/wp-content\\\/uploads\\\/2025\\\/11\\\/10-1.png\",\"datePublished\":\"2025-11-07T23:52:17+00:00\",\"dateModified\":\"2026-04-07T23:39:52+00:00\",\"description\":\"Mochila t\u00e9cnica Pearl dise\u00f1ada por Bea Gonz\u00e1lez. Con compartimento t\u00e9rmico, gran capacidad y estilo exclusivo. C\u00f3mprala online al mejor precio.\",\"breadcrumb\":{\"@id\":\"https:\\\/\\\/revolutionpadelstore.com\\\/de\\\/produkt\\\/mochila-bullpadel-bpm26021-pearl\\\/#breadcrumb\"},\"inLanguage\":\"de\",\"potentialAction\":[{\"@type\":\"ReadAction\",\"target\":[\"https:\\\/\\\/revolutionpadelstore.com\\\/de\\\/produkt\\\/mochila-bullpadel-bpm26021-pearl\\\/\"]}]},{\"@type\":\"ImageObject\",\"inLanguage\":\"de\",\"@id\":\"https:\\\/\\\/revolutionpadelstore.com\\\/de\\\/produkt\\\/mochila-bullpadel-bpm26021-pearl\\\/#primaryimage\",\"url\":\"https:\\\/\\\/revolutionpadelstore.com\\\/wp-content\\\/uploads\\\/2025\\\/11\\\/10-1.png\",\"contentUrl\":\"https:\\\/\\\/revolutionpadelstore.com\\\/wp-content\\\/uploads\\\/2025\\\/11\\\/10-1.png\",\"width\":1500,\"height\":1500},{\"@type\":\"BreadcrumbList\",\"@id\":\"https:\\\/\\\/revolutionpadelstore.com\\\/de\\\/produkt\\\/mochila-bullpadel-bpm26021-pearl\\\/#breadcrumb\",\"itemListElement\":[{\"@type\":\"ListItem\",\"position\":1,\"name\":\"Portada\",\"item\":\"https:\\\/\\\/revolutionpadelstore.com\\\/de\\\/\"},{\"@type\":\"ListItem\",\"position\":2,\"name\":\"Shop\",\"item\":\"https:\\\/\\\/revolutionpadelstore.com\\\/de\\\/tienda\\\/\"},{\"@type\":\"ListItem\",\"position\":3,\"name\":\"MOCHILA BULLPADEL BPM26021 PEARL\"}]},{\"@type\":\"WebSite\",\"@id\":\"https:\\\/\\\/revolutionpadelstore.com\\\/de\\\/#website\",\"url\":\"https:\\\/\\\/revolutionpadelstore.com\\\/de\\\/\",\"name\":\"Revolution Padel Store\",\"description\":\"\",\"publisher\":{\"@id\":\"https:\\\/\\\/revolutionpadelstore.com\\\/de\\\/#organization\"},\"potentialAction\":[{\"@type\":\"SearchAction\",\"target\":{\"@type\":\"EntryPoint\",\"urlTemplate\":\"https:\\\/\\\/revolutionpadelstore.com\\\/de\\\/?s={search_term_string}\"},\"query-input\":{\"@type\":\"PropertyValueSpecification\",\"valueRequired\":true,\"valueName\":\"search_term_string\"}}],\"inLanguage\":\"de\"},{\"@type\":\"Organization\",\"@id\":\"https:\\\/\\\/revolutionpadelstore.com\\\/de\\\/#organization\",\"name\":\"Revolution Padel Store\",\"url\":\"https:\\\/\\\/revolutionpadelstore.com\\\/de\\\/\",\"logo\":{\"@type\":\"ImageObject\",\"inLanguage\":\"de\",\"@id\":\"https:\\\/\\\/revolutionpadelstore.com\\\/de\\\/#\\\/schema\\\/logo\\\/image\\\/\",\"url\":\"https:\\\/\\\/revolutionpadelstore.com\\\/wp-content\\\/uploads\\\/2026\\\/02\\\/revolution-padel-store.jpg\",\"contentUrl\":\"https:\\\/\\\/revolutionpadelstore.com\\\/wp-content\\\/uploads\\\/2026\\\/02\\\/revolution-padel-store.jpg\",\"width\":2000,\"height\":2000,\"caption\":\"Revolution Padel Store\"},\"image\":{\"@id\":\"https:\\\/\\\/revolutionpadelstore.com\\\/de\\\/#\\\/schema\\\/logo\\\/image\\\/\"},\"sameAs\":[\"https:\\\/\\\/www.instagram.com\\\/revolutionpadelstore\\\/\"]}]}<\/script>\n<!-- \/ Yoast SEO plugin. -->","yoast_head_json":{"title":"MOCHILA BULLPADEL BPM26021 PEARL - Revolution Padel Store","description":"Mochila t\u00e9cnica Pearl dise\u00f1ada por Bea Gonz\u00e1lez. Con compartimento t\u00e9rmico, gran capacidad y estilo exclusivo. C\u00f3mprala online al mejor precio.","robots":{"index":"index","follow":"follow","max-snippet":"max-snippet:-1","max-image-preview":"max-image-preview:large","max-video-preview":"max-video-preview:-1"},"canonical":"https:\/\/revolutionpadelstore.com\/de\/produkt\/mochila-bullpadel-bpm26021-pearl\/","og_locale":"de_DE","og_type":"article","og_title":"MOCHILA BULLPADEL BPM26021 PEARL - Revolution Padel Store","og_description":"Mochila t\u00e9cnica Pearl dise\u00f1ada por Bea Gonz\u00e1lez. Con compartimento t\u00e9rmico, gran capacidad y estilo exclusivo. C\u00f3mprala online al mejor precio.","og_url":"https:\/\/revolutionpadelstore.com\/de\/produkt\/mochila-bullpadel-bpm26021-pearl\/","og_site_name":"Revolution Padel Store","article_modified_time":"2026-04-07T23:39:52+00:00","og_image":[{"width":1500,"height":1500,"url":"https:\/\/revolutionpadelstore.com\/wp-content\/uploads\/2025\/11\/10-1.png","type":"image\/png"}],"twitter_card":"summary_large_image","twitter_misc":{"Gesch\u00e4tzte Lesezeit":"2\u00a0Minuten"},"schema":{"@context":"https:\/\/schema.org","@graph":[{"@type":"WebPage","@id":"https:\/\/revolutionpadelstore.com\/de\/produkt\/mochila-bullpadel-bpm26021-pearl\/","url":"https:\/\/revolutionpadelstore.com\/de\/produkt\/mochila-bullpadel-bpm26021-pearl\/","name":"MOCHILA BULLPADEL BPM26021 PEARL - Revolution Padel Store","isPartOf":{"@id":"https:\/\/revolutionpadelstore.com\/de\/#website"},"primaryImageOfPage":{"@id":"https:\/\/revolutionpadelstore.com\/de\/produkt\/mochila-bullpadel-bpm26021-pearl\/#primaryimage"},"image":{"@id":"https:\/\/revolutionpadelstore.com\/de\/produkt\/mochila-bullpadel-bpm26021-pearl\/#primaryimage"},"thumbnailUrl":"https:\/\/revolutionpadelstore.com\/wp-content\/uploads\/2025\/11\/10-1.png","datePublished":"2025-11-07T23:52:17+00:00","dateModified":"2026-04-07T23:39:52+00:00","description":"Mochila t\u00e9cnica Pearl dise\u00f1ada por Bea Gonz\u00e1lez. Con compartimento t\u00e9rmico, gran capacidad y estilo exclusivo. C\u00f3mprala online al mejor precio.","breadcrumb":{"@id":"https:\/\/revolutionpadelstore.com\/de\/produkt\/mochila-bullpadel-bpm26021-pearl\/#breadcrumb"},"inLanguage":"de","potentialAction":[{"@type":"ReadAction","target":["https:\/\/revolutionpadelstore.com\/de\/produkt\/mochila-bullpadel-bpm26021-pearl\/"]}]},{"@type":"ImageObject","inLanguage":"de","@id":"https:\/\/revolutionpadelstore.com\/de\/produkt\/mochila-bullpadel-bpm26021-pearl\/#primaryimage","url":"https:\/\/revolutionpadelstore.com\/wp-content\/uploads\/2025\/11\/10-1.png","contentUrl":"https:\/\/revolutionpadelstore.com\/wp-content\/uploads\/2025\/11\/10-1.png","width":1500,"height":1500},{"@type":"BreadcrumbList","@id":"https:\/\/revolutionpadelstore.com\/de\/produkt\/mochila-bullpadel-bpm26021-pearl\/#breadcrumb","itemListElement":[{"@type":"ListItem","position":1,"name":"Portada","item":"https:\/\/revolutionpadelstore.com\/de\/"},{"@type":"ListItem","position":2,"name":"Shop","item":"https:\/\/revolutionpadelstore.com\/de\/tienda\/"},{"@type":"ListItem","position":3,"name":"MOCHILA BULLPADEL BPM26021 PEARL"}]},{"@type":"WebSite","@id":"https:\/\/revolutionpadelstore.com\/de\/#website","url":"https:\/\/revolutionpadelstore.com\/de\/","name":"Revolution Padel Store","description":"","publisher":{"@id":"https:\/\/revolutionpadelstore.com\/de\/#organization"},"potentialAction":[{"@type":"SearchAction","target":{"@type":"EntryPoint","urlTemplate":"https:\/\/revolutionpadelstore.com\/de\/?s={search_term_string}"},"query-input":{"@type":"PropertyValueSpecification","valueRequired":true,"valueName":"search_term_string"}}],"inLanguage":"de"},{"@type":"Organization","@id":"https:\/\/revolutionpadelstore.com\/de\/#organization","name":"Revolution Padel Store","url":"https:\/\/revolutionpadelstore.com\/de\/","logo":{"@type":"ImageObject","inLanguage":"de","@id":"https:\/\/revolutionpadelstore.com\/de\/#\/schema\/logo\/image\/","url":"https:\/\/revolutionpadelstore.com\/wp-content\/uploads\/2026\/02\/revolution-padel-store.jpg","contentUrl":"https:\/\/revolutionpadelstore.com\/wp-content\/uploads\/2026\/02\/revolution-padel-store.jpg","width":2000,"height":2000,"caption":"Revolution Padel Store"},"image":{"@id":"https:\/\/revolutionpadelstore.com\/de\/#\/schema\/logo\/image\/"},"sameAs":["https:\/\/www.instagram.com\/revolutionpadelstore\/"]}]}},"_links":{"self":[{"href":"https:\/\/revolutionpadelstore.com\/de\/wp-json\/wp\/v2\/product\/305494","targetHints":{"allow":["GET"]}}],"collection":[{"href":"https:\/\/revolutionpadelstore.com\/de\/wp-json\/wp\/v2\/product"}],"about":[{"href":"https:\/\/revolutionpadelstore.com\/de\/wp-json\/wp\/v2\/types\/product"}],"replies":[{"embeddable":true,"href":"https:\/\/revolutionpadelstore.com\/de\/wp-json\/wp\/v2\/comments?post=305494"}],"wp:featuredmedia":[{"embeddable":true,"href":"https:\/\/revolutionpadelstore.com\/de\/wp-json\/wp\/v2\/media\/305500"}],"wp:attachment":[{"href":"https:\/\/revolutionpadelstore.com\/de\/wp-json\/wp\/v2\/media?parent=305494"}],"wp:term":[{"taxonomy":"acabado","embeddable":true,"href":"https:\/\/revolutionpadelstore.com\/de\/wp-json\/wp\/v2\/acabado?post=305494"},{"taxonomy":"balance","embeddable":true,"href":"https:\/\/revolutionpadelstore.com\/de\/wp-json\/wp\/v2\/balance?post=305494"},{"taxonomy":"dureza","embeddable":true,"href":"https:\/\/revolutionpadelstore.com\/de\/wp-json\/wp\/v2\/dureza?post=305494"},{"taxonomy":"forma","embeddable":true,"href":"https:\/\/revolutionpadelstore.com\/de\/wp-json\/wp\/v2\/forma?post=305494"},{"taxonomy":"jugador","embeddable":true,"href":"https:\/\/revolutionpadelstore.com\/de\/wp-json\/wp\/v2\/jugador?post=305494"},{"taxonomy":"marca","embeddable":true,"href":"https:\/\/revolutionpadelstore.com\/de\/wp-json\/wp\/v2\/marca?post=305494"},{"taxonomy":"nivel-de-juego","embeddable":true,"href":"https:\/\/revolutionpadelstore.com\/de\/wp-json\/wp\/v2\/nivel-de-juego?post=305494"},{"taxonomy":"superficie","embeddable":true,"href":"https:\/\/revolutionpadelstore.com\/de\/wp-json\/wp\/v2\/superficie?post=305494"},{"taxonomy":"tipo-de-juego","embeddable":true,"href":"https:\/\/revolutionpadelstore.com\/de\/wp-json\/wp\/v2\/tipo-de-juego?post=305494"},{"taxonomy":"product_brand","embeddable":true,"href":"https:\/\/revolutionpadelstore.com\/de\/wp-json\/wp\/v2\/product_brand?post=305494"},{"taxonomy":"product_cat","embeddable":true,"href":"https:\/\/revolutionpadelstore.com\/de\/wp-json\/wp\/v2\/product_cat?post=305494"},{"taxonomy":"product_tag","embeddable":true,"href":"https:\/\/revolutionpadelstore.com\/de\/wp-json\/wp\/v2\/product_tag?post=305494"}],"curies":[{"name":"wp","href":"https:\/\/api.w.org\/{rel}","templated":true}]}}