{"id":294760,"date":"2025-10-23T00:09:35","date_gmt":"2025-10-22T22:09:35","guid":{"rendered":"https:\/\/revolutionpadelstore.com\/?post_type=product&#038;p=294760"},"modified":"2026-04-20T02:02:19","modified_gmt":"2026-04-20T00:02:19","slug":"siux-diablo-pro-2026-night-blue-1","status":"publish","type":"product","link":"https:\/\/revolutionpadelstore.com\/de\/produkt\/siux-diablo-pro-2026-night-blue-1\/","title":{"rendered":"SIUX DIABLO PRO 2026 NIGHT BLUE"},"content":{"rendered":"<h2>Siux Diablo Pro 2026 Night Blue \u2013 Pr\u00e4zision, Kraft und Stil, um jeden Punkt zu dominieren<\/h2>\n<p>Der <strong>Siux Diablo Pro 2026 Night Blue<\/strong> stellt die endg\u00fcltige Weiterentwicklung einer der symboltr\u00e4chtigsten Padel-Saga dar. Dieser professionelle Schl\u00e4ger wurde in Zusammenarbeit mit dem talentierten <strong>Tino Libaak<\/strong> entwickelt und kombiniert beeindruckende \u00c4sthetik mit modernsten Technologien, um Ihnen vollst\u00e4ndige Kontrolle zu bieten, ohne auf Kraft zu verzichten.<\/p>\n<p>Dieser Schl\u00e4ger in <strong>Nachtblau<\/strong> und <strong>mattem Finish mit 3D-Relief<\/strong> wurde f\u00fcr anspruchsvolle Spieler entwickelt, die ein Gleichgewicht zwischen Angriff und Verteidigung suchen. Er steht f\u00fcr Eleganz, Aggressivit\u00e4t und hohe Leistung auf dem Platz.<\/p>\n<h2>Hybrides Gaming\/Steuerung mit professioneller Leistung<\/h2>\n<p>Der Siux Diablo Pro 2026 Night Blue ist ideal f\u00fcr einen hybriden Spielstil und bietet:<\/p>\n<p><strong>-Tropfenform<\/strong>: perfekte Mischung aus Kraft und Kontrolle.<\/p>\n<p><strong>-Mittlere Balance<\/strong>: Ideal f\u00fcr pr\u00e4zise Schl\u00e4ge ohne Schlagkraftverlust.<\/p>\n<p><strong>-Mittelhohe H\u00e4rte (7\/10)<\/strong>: festes Gef\u00fchl und hervorragende Ballausgabe.<\/p>\n<p><strong>-Gewicht zwischen 355 und 375 g<\/strong>: Balance zwischen Handlichkeit und Stabilit\u00e4t.<\/p>\n<p>Ein vielseitiges und \u00e4u\u00dferst wettbewerbsf\u00e4higes Modell f\u00fcr Profi- oder Spitzenspieler, die in jedem Spiel h\u00f6chste Anspr\u00fcche stellen.<\/p>\n<h2>Elite-Technologien und -Materialien<\/h2>\n<p>Dieser Schl\u00e4ger enth\u00e4lt die besten Materialien auf dem Markt, was zu einer \u00fcberragenden Leistung f\u00fchrt:<\/p>\n<p><strong>-24K TeXtreme Carbon<\/strong> auf den Schlagfl\u00e4chen \u2192 Steifigkeit, Haltbarkeit und mehr Leistung.<\/p>\n<p><strong>-EVA Pro-Gummi<\/strong> im Kern \u2192 Hervorragende Kontrolle, Komfort und Vibrationsd\u00e4mpfung.<\/p>\n<p><strong>-Matte Oberfl\u00e4che + 3D-Relief<\/strong> \u2192 Gr\u00f6\u00dfere Wirkung bei jedem Schlag und hervorragender Halt.<\/p>\n<p><strong>-Switch Strap System<\/strong> \u2192 Austauschbarer und hygienischer Gurt f\u00fcr mehr Komfort.<\/p>\n<p><strong>-Unterschrift von Tino Libaak<\/strong> \u2192 Prestige und Professionalit\u00e4t garantiert.<\/p>\n<h2>Hervorragende Vorteile<\/h2>\n<p>-Fester und stabiler Ballkontakt f\u00fcr ein technisches und aggressives Spiel.<\/p>\n<p>-Exklusive \u00c4sthetik mit erstklassiger Verarbeitung.<\/p>\n<p>-Ideal f\u00fcr alle, die <strong>professionelle Padelschl\u00e4ger<\/strong> mit maximaler Kontrolle suchen.<\/p>\n<h2>F\u00fcr wen ist diese Schaufel?<\/h2>\n<p>Der <strong>Siux Diablo Pro 2026<\/strong> ist f\u00fcr <strong>fortgeschrittene oder professionelle Spieler<\/strong> konzipiert, die einen leistungsstarken, pr\u00e4zisen und optisch beeindruckenden Schl\u00e4ger w\u00fcnschen. Seine Ausgewogenheit und Festigkeit machen ihn perfekt, um von hinten auf dem Spielfeld zu dominieren oder Punkte im Netz mit Nachdruck zu verwerten.<\/p>\n<h2>Machen Sie die Macht des Teufels zu Ihrer!<\/h2>\n<p>Entdecken Sie die ganze Leistung dieses Schl\u00e4gers in unserem Online-Shop <strong><a href=\"https:\/\/www.revolutionpadelstore.com\/\">www.revolutionpadelstore.com<\/a><\/strong>, <strong>wahrscheinlich zum besten Preis auf dem Markt<\/strong>. Nutzen Sie diese Gelegenheit, wie die Profis zu spielen und Ihr Niveau in jedem Spiel zu steigern.<\/p>\n<h2>Siux Diablo Pro 2026 Night Blue \u2013 Precisi\u00f3n, potencia y estilo para dominar cada punto<\/h2>\n","protected":false},"excerpt":{"rendered":"<p>Siux Diablo Pro 2026 Night Blue \u2013 Tino Libaaks Schl\u00e4ger, der Ihr Spiel auf das h\u00f6chste Niveau hebt. Hergestellt aus 24K TeXtreme Carbon und EVA-Kern f\u00fcr au\u00dfergew\u00f6hnliche Kraft und Kontrolle. Sein mattes Finish mit 3D-Relief und mittlerer Balance bietet Ihnen in jeder Hinsicht professionelle Leistung und un\u00fcbertroffenen Stil.<\/p>\n","protected":false},"featured_media":305409,"comment_status":"open","ping_status":"closed","template":"","meta":{"_acf_changed":false,"_joinchat":[]},"acabado":[1089,1084],"balance":[1139],"dureza":[1159,1154],"forma":[1184],"jugador":[],"marca":[1304],"nivel-de-juego":[1334],"superficie":[1359],"tipo-de-juego":[1369,1384],"product_brand":[],"product_cat":[299],"product_tag":[],"class_list":{"0":"post-294760","1":"product","2":"type-product","3":"status-publish","4":"has-post-thumbnail","6":"acabado-3d-entlasten","7":"acabado-kumpel","8":"balance-mittel","9":"dureza-dura-de","10":"dureza-media-de","11":"forma-lagrima-de","12":"marca-siux-de","13":"superficie-rugosa-de","14":"tipo-de-juego-kontrolle","15":"tipo-de-juego-mehrzweck","16":"product_cat-palas-de-padel-de","18":"first","19":"instock","20":"sale","21":"taxable","22":"shipping-taxable","23":"purchasable","24":"product-type-simple"},"acf":[],"yoast_head":"<!-- This site is optimized with the Yoast SEO plugin v27.4 - https:\/\/yoast.com\/product\/yoast-seo-wordpress\/ -->\n<title>SIUX DIABLO PRO 2026 NIGHT BLUE - Revolution Padel Store<\/title>\n<meta name=\"description\" content=\"Descubre la nueva Siux Diablo Pro 2026 Night Blue, una pala profesional de alto rendimiento firmada por Tino Libaak. Potencia, control y dise\u00f1o premium. C\u00f3mprala ahora en Revolution Padel Store al mejor precio.\" \/>\n<meta name=\"robots\" content=\"index, follow, max-snippet:-1, max-image-preview:large, max-video-preview:-1\" \/>\n<link rel=\"canonical\" href=\"https:\/\/revolutionpadelstore.com\/de\/produkt\/siux-diablo-pro-2026-night-blue-1\/\" \/>\n<meta property=\"og:locale\" content=\"de_DE\" \/>\n<meta property=\"og:type\" content=\"article\" \/>\n<meta property=\"og:title\" content=\"SIUX DIABLO PRO 2026 NIGHT BLUE - Revolution Padel Store\" \/>\n<meta property=\"og:description\" content=\"Descubre la nueva Siux Diablo Pro 2026 Night Blue, una pala profesional de alto rendimiento firmada por Tino Libaak. Potencia, control y dise\u00f1o premium. C\u00f3mprala ahora en Revolution Padel Store al mejor precio.\" \/>\n<meta property=\"og:url\" content=\"https:\/\/revolutionpadelstore.com\/de\/produkt\/siux-diablo-pro-2026-night-blue-1\/\" \/>\n<meta property=\"og:site_name\" content=\"Revolution Padel Store\" \/>\n<meta property=\"article:modified_time\" content=\"2026-04-20T00:02:19+00:00\" \/>\n<meta property=\"og:image\" content=\"https:\/\/revolutionpadelstore.com\/wp-content\/uploads\/2025\/10\/121744-pala-siux-diablo-pro-2026-night-blue-200042-1500x1500-1.webp\" \/>\n\t<meta property=\"og:image:width\" content=\"1500\" \/>\n\t<meta property=\"og:image:height\" content=\"1500\" \/>\n\t<meta property=\"og:image:type\" content=\"image\/webp\" \/>\n<meta name=\"twitter:card\" content=\"summary_large_image\" \/>\n<script type=\"application\/ld+json\" class=\"yoast-schema-graph\">{\"@context\":\"https:\\\/\\\/schema.org\",\"@graph\":[{\"@type\":\"WebPage\",\"@id\":\"https:\\\/\\\/revolutionpadelstore.com\\\/de\\\/produkt\\\/siux-diablo-pro-2026-night-blue-1\\\/\",\"url\":\"https:\\\/\\\/revolutionpadelstore.com\\\/de\\\/produkt\\\/siux-diablo-pro-2026-night-blue-1\\\/\",\"name\":\"SIUX DIABLO PRO 2026 NIGHT BLUE - Revolution Padel Store\",\"isPartOf\":{\"@id\":\"https:\\\/\\\/revolutionpadelstore.com\\\/de\\\/#website\"},\"primaryImageOfPage\":{\"@id\":\"https:\\\/\\\/revolutionpadelstore.com\\\/de\\\/produkt\\\/siux-diablo-pro-2026-night-blue-1\\\/#primaryimage\"},\"image\":{\"@id\":\"https:\\\/\\\/revolutionpadelstore.com\\\/de\\\/produkt\\\/siux-diablo-pro-2026-night-blue-1\\\/#primaryimage\"},\"thumbnailUrl\":\"https:\\\/\\\/revolutionpadelstore.com\\\/wp-content\\\/uploads\\\/2025\\\/10\\\/121744-pala-siux-diablo-pro-2026-night-blue-200042-1500x1500-1.webp\",\"datePublished\":\"2025-10-22T22:09:35+00:00\",\"dateModified\":\"2026-04-20T00:02:19+00:00\",\"description\":\"Descubre la nueva Siux Diablo Pro 2026 Night Blue, una pala profesional de alto rendimiento firmada por Tino Libaak. Potencia, control y dise\u00f1o premium. C\u00f3mprala ahora en Revolution Padel Store al mejor precio.\",\"breadcrumb\":{\"@id\":\"https:\\\/\\\/revolutionpadelstore.com\\\/de\\\/produkt\\\/siux-diablo-pro-2026-night-blue-1\\\/#breadcrumb\"},\"inLanguage\":\"de\",\"potentialAction\":[{\"@type\":\"ReadAction\",\"target\":[\"https:\\\/\\\/revolutionpadelstore.com\\\/de\\\/produkt\\\/siux-diablo-pro-2026-night-blue-1\\\/\"]}]},{\"@type\":\"ImageObject\",\"inLanguage\":\"de\",\"@id\":\"https:\\\/\\\/revolutionpadelstore.com\\\/de\\\/produkt\\\/siux-diablo-pro-2026-night-blue-1\\\/#primaryimage\",\"url\":\"https:\\\/\\\/revolutionpadelstore.com\\\/wp-content\\\/uploads\\\/2025\\\/10\\\/121744-pala-siux-diablo-pro-2026-night-blue-200042-1500x1500-1.webp\",\"contentUrl\":\"https:\\\/\\\/revolutionpadelstore.com\\\/wp-content\\\/uploads\\\/2025\\\/10\\\/121744-pala-siux-diablo-pro-2026-night-blue-200042-1500x1500-1.webp\",\"width\":1500,\"height\":1500},{\"@type\":\"BreadcrumbList\",\"@id\":\"https:\\\/\\\/revolutionpadelstore.com\\\/de\\\/produkt\\\/siux-diablo-pro-2026-night-blue-1\\\/#breadcrumb\",\"itemListElement\":[{\"@type\":\"ListItem\",\"position\":1,\"name\":\"Portada\",\"item\":\"https:\\\/\\\/revolutionpadelstore.com\\\/de\\\/\"},{\"@type\":\"ListItem\",\"position\":2,\"name\":\"Shop\",\"item\":\"https:\\\/\\\/revolutionpadelstore.com\\\/de\\\/tienda\\\/\"},{\"@type\":\"ListItem\",\"position\":3,\"name\":\"SIUX DIABLO PRO 2026 NIGHT BLUE\"}]},{\"@type\":\"WebSite\",\"@id\":\"https:\\\/\\\/revolutionpadelstore.com\\\/de\\\/#website\",\"url\":\"https:\\\/\\\/revolutionpadelstore.com\\\/de\\\/\",\"name\":\"Revolution Padel Store\",\"description\":\"\",\"publisher\":{\"@id\":\"https:\\\/\\\/revolutionpadelstore.com\\\/de\\\/#organization\"},\"potentialAction\":[{\"@type\":\"SearchAction\",\"target\":{\"@type\":\"EntryPoint\",\"urlTemplate\":\"https:\\\/\\\/revolutionpadelstore.com\\\/de\\\/?s={search_term_string}\"},\"query-input\":{\"@type\":\"PropertyValueSpecification\",\"valueRequired\":true,\"valueName\":\"search_term_string\"}}],\"inLanguage\":\"de\"},{\"@type\":\"Organization\",\"@id\":\"https:\\\/\\\/revolutionpadelstore.com\\\/de\\\/#organization\",\"name\":\"Revolution Padel Store\",\"url\":\"https:\\\/\\\/revolutionpadelstore.com\\\/de\\\/\",\"logo\":{\"@type\":\"ImageObject\",\"inLanguage\":\"de\",\"@id\":\"https:\\\/\\\/revolutionpadelstore.com\\\/de\\\/#\\\/schema\\\/logo\\\/image\\\/\",\"url\":\"https:\\\/\\\/revolutionpadelstore.com\\\/wp-content\\\/uploads\\\/2026\\\/02\\\/revolution-padel-store.jpg\",\"contentUrl\":\"https:\\\/\\\/revolutionpadelstore.com\\\/wp-content\\\/uploads\\\/2026\\\/02\\\/revolution-padel-store.jpg\",\"width\":2000,\"height\":2000,\"caption\":\"Revolution Padel Store\"},\"image\":{\"@id\":\"https:\\\/\\\/revolutionpadelstore.com\\\/de\\\/#\\\/schema\\\/logo\\\/image\\\/\"},\"sameAs\":[\"https:\\\/\\\/www.instagram.com\\\/revolutionpadelstore\\\/\"]}]}<\/script>\n<!-- \/ Yoast SEO plugin. -->","yoast_head_json":{"title":"SIUX DIABLO PRO 2026 NIGHT BLUE - Revolution Padel Store","description":"Descubre la nueva Siux Diablo Pro 2026 Night Blue, una pala profesional de alto rendimiento firmada por Tino Libaak. Potencia, control y dise\u00f1o premium. C\u00f3mprala ahora en Revolution Padel Store al mejor precio.","robots":{"index":"index","follow":"follow","max-snippet":"max-snippet:-1","max-image-preview":"max-image-preview:large","max-video-preview":"max-video-preview:-1"},"canonical":"https:\/\/revolutionpadelstore.com\/de\/produkt\/siux-diablo-pro-2026-night-blue-1\/","og_locale":"de_DE","og_type":"article","og_title":"SIUX DIABLO PRO 2026 NIGHT BLUE - Revolution Padel Store","og_description":"Descubre la nueva Siux Diablo Pro 2026 Night Blue, una pala profesional de alto rendimiento firmada por Tino Libaak. Potencia, control y dise\u00f1o premium. C\u00f3mprala ahora en Revolution Padel Store al mejor precio.","og_url":"https:\/\/revolutionpadelstore.com\/de\/produkt\/siux-diablo-pro-2026-night-blue-1\/","og_site_name":"Revolution Padel Store","article_modified_time":"2026-04-20T00:02:19+00:00","og_image":[{"width":1500,"height":1500,"url":"https:\/\/revolutionpadelstore.com\/wp-content\/uploads\/2025\/10\/121744-pala-siux-diablo-pro-2026-night-blue-200042-1500x1500-1.webp","type":"image\/webp"}],"twitter_card":"summary_large_image","schema":{"@context":"https:\/\/schema.org","@graph":[{"@type":"WebPage","@id":"https:\/\/revolutionpadelstore.com\/de\/produkt\/siux-diablo-pro-2026-night-blue-1\/","url":"https:\/\/revolutionpadelstore.com\/de\/produkt\/siux-diablo-pro-2026-night-blue-1\/","name":"SIUX DIABLO PRO 2026 NIGHT BLUE - Revolution Padel Store","isPartOf":{"@id":"https:\/\/revolutionpadelstore.com\/de\/#website"},"primaryImageOfPage":{"@id":"https:\/\/revolutionpadelstore.com\/de\/produkt\/siux-diablo-pro-2026-night-blue-1\/#primaryimage"},"image":{"@id":"https:\/\/revolutionpadelstore.com\/de\/produkt\/siux-diablo-pro-2026-night-blue-1\/#primaryimage"},"thumbnailUrl":"https:\/\/revolutionpadelstore.com\/wp-content\/uploads\/2025\/10\/121744-pala-siux-diablo-pro-2026-night-blue-200042-1500x1500-1.webp","datePublished":"2025-10-22T22:09:35+00:00","dateModified":"2026-04-20T00:02:19+00:00","description":"Descubre la nueva Siux Diablo Pro 2026 Night Blue, una pala profesional de alto rendimiento firmada por Tino Libaak. Potencia, control y dise\u00f1o premium. C\u00f3mprala ahora en Revolution Padel Store al mejor precio.","breadcrumb":{"@id":"https:\/\/revolutionpadelstore.com\/de\/produkt\/siux-diablo-pro-2026-night-blue-1\/#breadcrumb"},"inLanguage":"de","potentialAction":[{"@type":"ReadAction","target":["https:\/\/revolutionpadelstore.com\/de\/produkt\/siux-diablo-pro-2026-night-blue-1\/"]}]},{"@type":"ImageObject","inLanguage":"de","@id":"https:\/\/revolutionpadelstore.com\/de\/produkt\/siux-diablo-pro-2026-night-blue-1\/#primaryimage","url":"https:\/\/revolutionpadelstore.com\/wp-content\/uploads\/2025\/10\/121744-pala-siux-diablo-pro-2026-night-blue-200042-1500x1500-1.webp","contentUrl":"https:\/\/revolutionpadelstore.com\/wp-content\/uploads\/2025\/10\/121744-pala-siux-diablo-pro-2026-night-blue-200042-1500x1500-1.webp","width":1500,"height":1500},{"@type":"BreadcrumbList","@id":"https:\/\/revolutionpadelstore.com\/de\/produkt\/siux-diablo-pro-2026-night-blue-1\/#breadcrumb","itemListElement":[{"@type":"ListItem","position":1,"name":"Portada","item":"https:\/\/revolutionpadelstore.com\/de\/"},{"@type":"ListItem","position":2,"name":"Shop","item":"https:\/\/revolutionpadelstore.com\/de\/tienda\/"},{"@type":"ListItem","position":3,"name":"SIUX DIABLO PRO 2026 NIGHT BLUE"}]},{"@type":"WebSite","@id":"https:\/\/revolutionpadelstore.com\/de\/#website","url":"https:\/\/revolutionpadelstore.com\/de\/","name":"Revolution Padel Store","description":"","publisher":{"@id":"https:\/\/revolutionpadelstore.com\/de\/#organization"},"potentialAction":[{"@type":"SearchAction","target":{"@type":"EntryPoint","urlTemplate":"https:\/\/revolutionpadelstore.com\/de\/?s={search_term_string}"},"query-input":{"@type":"PropertyValueSpecification","valueRequired":true,"valueName":"search_term_string"}}],"inLanguage":"de"},{"@type":"Organization","@id":"https:\/\/revolutionpadelstore.com\/de\/#organization","name":"Revolution Padel Store","url":"https:\/\/revolutionpadelstore.com\/de\/","logo":{"@type":"ImageObject","inLanguage":"de","@id":"https:\/\/revolutionpadelstore.com\/de\/#\/schema\/logo\/image\/","url":"https:\/\/revolutionpadelstore.com\/wp-content\/uploads\/2026\/02\/revolution-padel-store.jpg","contentUrl":"https:\/\/revolutionpadelstore.com\/wp-content\/uploads\/2026\/02\/revolution-padel-store.jpg","width":2000,"height":2000,"caption":"Revolution Padel Store"},"image":{"@id":"https:\/\/revolutionpadelstore.com\/de\/#\/schema\/logo\/image\/"},"sameAs":["https:\/\/www.instagram.com\/revolutionpadelstore\/"]}]}},"_links":{"self":[{"href":"https:\/\/revolutionpadelstore.com\/de\/wp-json\/wp\/v2\/product\/294760","targetHints":{"allow":["GET"]}}],"collection":[{"href":"https:\/\/revolutionpadelstore.com\/de\/wp-json\/wp\/v2\/product"}],"about":[{"href":"https:\/\/revolutionpadelstore.com\/de\/wp-json\/wp\/v2\/types\/product"}],"replies":[{"embeddable":true,"href":"https:\/\/revolutionpadelstore.com\/de\/wp-json\/wp\/v2\/comments?post=294760"}],"wp:featuredmedia":[{"embeddable":true,"href":"https:\/\/revolutionpadelstore.com\/de\/wp-json\/wp\/v2\/media\/305409"}],"wp:attachment":[{"href":"https:\/\/revolutionpadelstore.com\/de\/wp-json\/wp\/v2\/media?parent=294760"}],"wp:term":[{"taxonomy":"acabado","embeddable":true,"href":"https:\/\/revolutionpadelstore.com\/de\/wp-json\/wp\/v2\/acabado?post=294760"},{"taxonomy":"balance","embeddable":true,"href":"https:\/\/revolutionpadelstore.com\/de\/wp-json\/wp\/v2\/balance?post=294760"},{"taxonomy":"dureza","embeddable":true,"href":"https:\/\/revolutionpadelstore.com\/de\/wp-json\/wp\/v2\/dureza?post=294760"},{"taxonomy":"forma","embeddable":true,"href":"https:\/\/revolutionpadelstore.com\/de\/wp-json\/wp\/v2\/forma?post=294760"},{"taxonomy":"jugador","embeddable":true,"href":"https:\/\/revolutionpadelstore.com\/de\/wp-json\/wp\/v2\/jugador?post=294760"},{"taxonomy":"marca","embeddable":true,"href":"https:\/\/revolutionpadelstore.com\/de\/wp-json\/wp\/v2\/marca?post=294760"},{"taxonomy":"nivel-de-juego","embeddable":true,"href":"https:\/\/revolutionpadelstore.com\/de\/wp-json\/wp\/v2\/nivel-de-juego?post=294760"},{"taxonomy":"superficie","embeddable":true,"href":"https:\/\/revolutionpadelstore.com\/de\/wp-json\/wp\/v2\/superficie?post=294760"},{"taxonomy":"tipo-de-juego","embeddable":true,"href":"https:\/\/revolutionpadelstore.com\/de\/wp-json\/wp\/v2\/tipo-de-juego?post=294760"},{"taxonomy":"product_brand","embeddable":true,"href":"https:\/\/revolutionpadelstore.com\/de\/wp-json\/wp\/v2\/product_brand?post=294760"},{"taxonomy":"product_cat","embeddable":true,"href":"https:\/\/revolutionpadelstore.com\/de\/wp-json\/wp\/v2\/product_cat?post=294760"},{"taxonomy":"product_tag","embeddable":true,"href":"https:\/\/revolutionpadelstore.com\/de\/wp-json\/wp\/v2\/product_tag?post=294760"}],"curies":[{"name":"wp","href":"https:\/\/api.w.org\/{rel}","templated":true}]}}