{"id":294071,"date":"2025-11-06T23:24:42","date_gmt":"2025-11-06T22:24:42","guid":{"rendered":"https:\/\/revolutionpadelstore.com\/?post_type=product&#038;p=294071"},"modified":"2026-04-10T14:04:55","modified_gmt":"2026-04-10T12:04:55","slug":"calcetines-enebe-revolution-1","status":"publish","type":"product","link":"https:\/\/revolutionpadelstore.com\/de\/produkt\/calcetines-enebe-revolution-1\/","title":{"rendered":"CALCETINES ENEBE REVOLUTION"},"content":{"rendered":"<h2>Enebe Revolution Socken \u2013 Komfort und Leistung in jedem Spiel<\/h2>\n<p>Bringen Sie Ihr Spiel auf die n\u00e4chste Stufe mit den <strong>Enebe Revolution Socken<\/strong>, die speziell f\u00fcr Padelspieler entwickelt wurden, die Komfort, perfekte Passform und Haltbarkeit auf dem Platz suchen. Diese aus einer Kombination technischer Stoffe gefertigten Socken passen sich der Fu\u00dfform an und bieten optimalen Halt bei intensivem Training oder Wettkampfspielen.<\/p>\n<h2>Hervorgehobene Funktionen<\/h2>\n<p><strong>-Ergonomische Passform:<\/strong> Sie passen sich der Fu\u00dfkontur an und sorgen f\u00fcr einen sicheren und bequemen Sitz.<\/p>\n<p><strong>-Technisches Mischgewebe:<\/strong> Kombination aus 70 % Polyester, 28 % Baumwolle und 2 % Elasthan, ideal f\u00fcr gute Atmungsaktivit\u00e4t und Elastizit\u00e4t.<\/p>\n<p><strong>-Flachnaht an der Spitze:<\/strong> Reduziert das Risiko von Scheuerstellen und Blasen, auch bei l\u00e4ngeren Sitzungen.<\/p>\n<p><strong>-Vielseitiges und sportliches Design:<\/strong> Perfekt f\u00fcr Training und Wettk\u00e4mpfe.<\/p>\n<h2>Hauptvorteile<\/h2>\n<p><strong>-Maximaler Komfort w\u00e4hrend des Spiels.<\/strong><\/p>\n<p><strong>-Vermeidung von Beschwerden dank des Designs ohne dicke N\u00e4hte.<\/strong><\/p>\n<p><strong>-Atmungsaktivit\u00e4t jederzeit garantiert.<\/strong><\/p>\n<p><strong>-Haltbarkeit f\u00fcr den Dauereinsatz auf Paddle-Tennispl\u00e4tzen.<\/strong><\/p>\n<h2>Ideal f\u00fcr&#8230;<\/h2>\n<p>Diese Socken sind die perfekte Erg\u00e4nzung f\u00fcr jeden Spieler, der seine Padel-Ausr\u00fcstung mit hochwertigen technischen Produkten verbessern m\u00f6chte. Egal, ob Sie Anf\u00e4nger oder Profi sind, Sie werden den Unterschied bei jedem Schritt bemerken.<\/p>\n<p><em>Die Enebe Revolution Socken sind in unserem Online-Shop <a href=\"https:\/\/www.revolutionpadelstore.com\/\">www.revolutionpadelstore.com<\/a> erh\u00e4ltlich, wahrscheinlich zum besten Preis auf dem Markt. F\u00fcgen Sie sie Ihrem Warenkorb hinzu und sp\u00fcren Sie den Komfort in jedem Spiel.<\/em><\/p>\n","protected":false},"excerpt":{"rendered":"<p>Enebe Revolution Socken \u2013 Komfort und Leistung in jedem Spiel Bringen Sie Ihr Spiel auf die n\u00e4chste Stufe mit den Enebe Revolution Socken, die speziell f\u00fcr Padelspieler entwickelt wurden, die Komfort, perfekte Passform und Haltbarkeit auf dem Platz suchen. Diese aus einer Kombination technischer Stoffe gefertigten Socken passen sich der Fu\u00dfform an und bieten optimalen [&hellip;]<\/p>\n","protected":false},"featured_media":294095,"comment_status":"open","ping_status":"closed","template":"","meta":{"_acf_changed":false,"_joinchat":[]},"acabado":[],"balance":[],"dureza":[],"forma":[],"jugador":[],"marca":[1294],"nivel-de-juego":[],"superficie":[],"tipo-de-juego":[],"product_brand":[],"product_cat":[558],"product_tag":[],"class_list":{"0":"post-294071","1":"product","2":"type-product","3":"status-publish","4":"has-post-thumbnail","6":"marca-enebe-de","7":"product_cat-zubehor","9":"first","10":"instock","11":"sale","12":"taxable","13":"shipping-taxable","14":"purchasable","15":"product-type-variable"},"acf":[],"yoast_head":"<!-- This site is optimized with the Yoast SEO plugin v27.4 - https:\/\/yoast.com\/product\/yoast-seo-wordpress\/ -->\n<title>CALCETINES ENEBE REVOLUTION - Revolution Padel Store<\/title>\n<meta name=\"description\" content=\"Descubre los Calcetines Enebe Revolution en Revolution Padel Store. M\u00e1xima comodidad, ajuste perfecto y dise\u00f1o t\u00e9cnico para jugadores exigentes. \u00a1C\u00f3mpralos online al mejor precio!\" \/>\n<meta name=\"robots\" content=\"index, follow, max-snippet:-1, max-image-preview:large, max-video-preview:-1\" \/>\n<link rel=\"canonical\" href=\"https:\/\/revolutionpadelstore.com\/de\/produkt\/calcetines-enebe-revolution-1\/\" \/>\n<meta property=\"og:locale\" content=\"de_DE\" \/>\n<meta property=\"og:type\" content=\"article\" \/>\n<meta property=\"og:title\" content=\"CALCETINES ENEBE REVOLUTION - Revolution Padel Store\" \/>\n<meta property=\"og:description\" content=\"Descubre los Calcetines Enebe Revolution en Revolution Padel Store. M\u00e1xima comodidad, ajuste perfecto y dise\u00f1o t\u00e9cnico para jugadores exigentes. \u00a1C\u00f3mpralos online al mejor precio!\" \/>\n<meta property=\"og:url\" content=\"https:\/\/revolutionpadelstore.com\/de\/produkt\/calcetines-enebe-revolution-1\/\" \/>\n<meta property=\"og:site_name\" content=\"Revolution Padel Store\" \/>\n<meta property=\"article:modified_time\" content=\"2026-04-10T12:04:55+00:00\" \/>\n<meta property=\"og:image\" content=\"https:\/\/revolutionpadelstore.com\/wp-content\/uploads\/2025\/11\/14209-1.jpg\" \/>\n\t<meta property=\"og:image:width\" content=\"1920\" \/>\n\t<meta property=\"og:image:height\" content=\"1920\" \/>\n\t<meta property=\"og:image:type\" content=\"image\/jpeg\" \/>\n<meta name=\"twitter:card\" content=\"summary_large_image\" \/>\n<meta name=\"twitter:label1\" content=\"Gesch\u00e4tzte Lesezeit\" \/>\n\t<meta name=\"twitter:data1\" content=\"1\u00a0Minute\" \/>\n<script type=\"application\/ld+json\" class=\"yoast-schema-graph\">{\"@context\":\"https:\\\/\\\/schema.org\",\"@graph\":[{\"@type\":\"WebPage\",\"@id\":\"https:\\\/\\\/revolutionpadelstore.com\\\/de\\\/produkt\\\/calcetines-enebe-revolution-1\\\/\",\"url\":\"https:\\\/\\\/revolutionpadelstore.com\\\/de\\\/produkt\\\/calcetines-enebe-revolution-1\\\/\",\"name\":\"CALCETINES ENEBE REVOLUTION - Revolution Padel Store\",\"isPartOf\":{\"@id\":\"https:\\\/\\\/revolutionpadelstore.com\\\/de\\\/#website\"},\"primaryImageOfPage\":{\"@id\":\"https:\\\/\\\/revolutionpadelstore.com\\\/de\\\/produkt\\\/calcetines-enebe-revolution-1\\\/#primaryimage\"},\"image\":{\"@id\":\"https:\\\/\\\/revolutionpadelstore.com\\\/de\\\/produkt\\\/calcetines-enebe-revolution-1\\\/#primaryimage\"},\"thumbnailUrl\":\"https:\\\/\\\/revolutionpadelstore.com\\\/wp-content\\\/uploads\\\/2025\\\/11\\\/14209-1.jpg\",\"datePublished\":\"2025-11-06T22:24:42+00:00\",\"dateModified\":\"2026-04-10T12:04:55+00:00\",\"description\":\"Descubre los Calcetines Enebe Revolution en Revolution Padel Store. M\u00e1xima comodidad, ajuste perfecto y dise\u00f1o t\u00e9cnico para jugadores exigentes. \u00a1C\u00f3mpralos online al mejor precio!\",\"breadcrumb\":{\"@id\":\"https:\\\/\\\/revolutionpadelstore.com\\\/de\\\/produkt\\\/calcetines-enebe-revolution-1\\\/#breadcrumb\"},\"inLanguage\":\"de\",\"potentialAction\":[{\"@type\":\"ReadAction\",\"target\":[\"https:\\\/\\\/revolutionpadelstore.com\\\/de\\\/produkt\\\/calcetines-enebe-revolution-1\\\/\"]}]},{\"@type\":\"ImageObject\",\"inLanguage\":\"de\",\"@id\":\"https:\\\/\\\/revolutionpadelstore.com\\\/de\\\/produkt\\\/calcetines-enebe-revolution-1\\\/#primaryimage\",\"url\":\"https:\\\/\\\/revolutionpadelstore.com\\\/wp-content\\\/uploads\\\/2025\\\/11\\\/14209-1.jpg\",\"contentUrl\":\"https:\\\/\\\/revolutionpadelstore.com\\\/wp-content\\\/uploads\\\/2025\\\/11\\\/14209-1.jpg\",\"width\":1920,\"height\":1920},{\"@type\":\"BreadcrumbList\",\"@id\":\"https:\\\/\\\/revolutionpadelstore.com\\\/de\\\/produkt\\\/calcetines-enebe-revolution-1\\\/#breadcrumb\",\"itemListElement\":[{\"@type\":\"ListItem\",\"position\":1,\"name\":\"Portada\",\"item\":\"https:\\\/\\\/revolutionpadelstore.com\\\/de\\\/\"},{\"@type\":\"ListItem\",\"position\":2,\"name\":\"Shop\",\"item\":\"https:\\\/\\\/revolutionpadelstore.com\\\/de\\\/tienda\\\/\"},{\"@type\":\"ListItem\",\"position\":3,\"name\":\"CALCETINES ENEBE REVOLUTION\"}]},{\"@type\":\"WebSite\",\"@id\":\"https:\\\/\\\/revolutionpadelstore.com\\\/de\\\/#website\",\"url\":\"https:\\\/\\\/revolutionpadelstore.com\\\/de\\\/\",\"name\":\"Revolution Padel Store\",\"description\":\"\",\"publisher\":{\"@id\":\"https:\\\/\\\/revolutionpadelstore.com\\\/de\\\/#organization\"},\"potentialAction\":[{\"@type\":\"SearchAction\",\"target\":{\"@type\":\"EntryPoint\",\"urlTemplate\":\"https:\\\/\\\/revolutionpadelstore.com\\\/de\\\/?s={search_term_string}\"},\"query-input\":{\"@type\":\"PropertyValueSpecification\",\"valueRequired\":true,\"valueName\":\"search_term_string\"}}],\"inLanguage\":\"de\"},{\"@type\":\"Organization\",\"@id\":\"https:\\\/\\\/revolutionpadelstore.com\\\/de\\\/#organization\",\"name\":\"Revolution Padel Store\",\"url\":\"https:\\\/\\\/revolutionpadelstore.com\\\/de\\\/\",\"logo\":{\"@type\":\"ImageObject\",\"inLanguage\":\"de\",\"@id\":\"https:\\\/\\\/revolutionpadelstore.com\\\/de\\\/#\\\/schema\\\/logo\\\/image\\\/\",\"url\":\"https:\\\/\\\/revolutionpadelstore.com\\\/wp-content\\\/uploads\\\/2026\\\/02\\\/revolution-padel-store.jpg\",\"contentUrl\":\"https:\\\/\\\/revolutionpadelstore.com\\\/wp-content\\\/uploads\\\/2026\\\/02\\\/revolution-padel-store.jpg\",\"width\":2000,\"height\":2000,\"caption\":\"Revolution Padel Store\"},\"image\":{\"@id\":\"https:\\\/\\\/revolutionpadelstore.com\\\/de\\\/#\\\/schema\\\/logo\\\/image\\\/\"},\"sameAs\":[\"https:\\\/\\\/www.instagram.com\\\/revolutionpadelstore\\\/\"]}]}<\/script>\n<!-- \/ Yoast SEO plugin. -->","yoast_head_json":{"title":"CALCETINES ENEBE REVOLUTION - Revolution Padel Store","description":"Descubre los Calcetines Enebe Revolution en Revolution Padel Store. M\u00e1xima comodidad, ajuste perfecto y dise\u00f1o t\u00e9cnico para jugadores exigentes. \u00a1C\u00f3mpralos online al mejor precio!","robots":{"index":"index","follow":"follow","max-snippet":"max-snippet:-1","max-image-preview":"max-image-preview:large","max-video-preview":"max-video-preview:-1"},"canonical":"https:\/\/revolutionpadelstore.com\/de\/produkt\/calcetines-enebe-revolution-1\/","og_locale":"de_DE","og_type":"article","og_title":"CALCETINES ENEBE REVOLUTION - Revolution Padel Store","og_description":"Descubre los Calcetines Enebe Revolution en Revolution Padel Store. M\u00e1xima comodidad, ajuste perfecto y dise\u00f1o t\u00e9cnico para jugadores exigentes. \u00a1C\u00f3mpralos online al mejor precio!","og_url":"https:\/\/revolutionpadelstore.com\/de\/produkt\/calcetines-enebe-revolution-1\/","og_site_name":"Revolution Padel Store","article_modified_time":"2026-04-10T12:04:55+00:00","og_image":[{"width":1920,"height":1920,"url":"https:\/\/revolutionpadelstore.com\/wp-content\/uploads\/2025\/11\/14209-1.jpg","type":"image\/jpeg"}],"twitter_card":"summary_large_image","twitter_misc":{"Gesch\u00e4tzte Lesezeit":"1\u00a0Minute"},"schema":{"@context":"https:\/\/schema.org","@graph":[{"@type":"WebPage","@id":"https:\/\/revolutionpadelstore.com\/de\/produkt\/calcetines-enebe-revolution-1\/","url":"https:\/\/revolutionpadelstore.com\/de\/produkt\/calcetines-enebe-revolution-1\/","name":"CALCETINES ENEBE REVOLUTION - Revolution Padel Store","isPartOf":{"@id":"https:\/\/revolutionpadelstore.com\/de\/#website"},"primaryImageOfPage":{"@id":"https:\/\/revolutionpadelstore.com\/de\/produkt\/calcetines-enebe-revolution-1\/#primaryimage"},"image":{"@id":"https:\/\/revolutionpadelstore.com\/de\/produkt\/calcetines-enebe-revolution-1\/#primaryimage"},"thumbnailUrl":"https:\/\/revolutionpadelstore.com\/wp-content\/uploads\/2025\/11\/14209-1.jpg","datePublished":"2025-11-06T22:24:42+00:00","dateModified":"2026-04-10T12:04:55+00:00","description":"Descubre los Calcetines Enebe Revolution en Revolution Padel Store. M\u00e1xima comodidad, ajuste perfecto y dise\u00f1o t\u00e9cnico para jugadores exigentes. \u00a1C\u00f3mpralos online al mejor precio!","breadcrumb":{"@id":"https:\/\/revolutionpadelstore.com\/de\/produkt\/calcetines-enebe-revolution-1\/#breadcrumb"},"inLanguage":"de","potentialAction":[{"@type":"ReadAction","target":["https:\/\/revolutionpadelstore.com\/de\/produkt\/calcetines-enebe-revolution-1\/"]}]},{"@type":"ImageObject","inLanguage":"de","@id":"https:\/\/revolutionpadelstore.com\/de\/produkt\/calcetines-enebe-revolution-1\/#primaryimage","url":"https:\/\/revolutionpadelstore.com\/wp-content\/uploads\/2025\/11\/14209-1.jpg","contentUrl":"https:\/\/revolutionpadelstore.com\/wp-content\/uploads\/2025\/11\/14209-1.jpg","width":1920,"height":1920},{"@type":"BreadcrumbList","@id":"https:\/\/revolutionpadelstore.com\/de\/produkt\/calcetines-enebe-revolution-1\/#breadcrumb","itemListElement":[{"@type":"ListItem","position":1,"name":"Portada","item":"https:\/\/revolutionpadelstore.com\/de\/"},{"@type":"ListItem","position":2,"name":"Shop","item":"https:\/\/revolutionpadelstore.com\/de\/tienda\/"},{"@type":"ListItem","position":3,"name":"CALCETINES ENEBE REVOLUTION"}]},{"@type":"WebSite","@id":"https:\/\/revolutionpadelstore.com\/de\/#website","url":"https:\/\/revolutionpadelstore.com\/de\/","name":"Revolution Padel Store","description":"","publisher":{"@id":"https:\/\/revolutionpadelstore.com\/de\/#organization"},"potentialAction":[{"@type":"SearchAction","target":{"@type":"EntryPoint","urlTemplate":"https:\/\/revolutionpadelstore.com\/de\/?s={search_term_string}"},"query-input":{"@type":"PropertyValueSpecification","valueRequired":true,"valueName":"search_term_string"}}],"inLanguage":"de"},{"@type":"Organization","@id":"https:\/\/revolutionpadelstore.com\/de\/#organization","name":"Revolution Padel Store","url":"https:\/\/revolutionpadelstore.com\/de\/","logo":{"@type":"ImageObject","inLanguage":"de","@id":"https:\/\/revolutionpadelstore.com\/de\/#\/schema\/logo\/image\/","url":"https:\/\/revolutionpadelstore.com\/wp-content\/uploads\/2026\/02\/revolution-padel-store.jpg","contentUrl":"https:\/\/revolutionpadelstore.com\/wp-content\/uploads\/2026\/02\/revolution-padel-store.jpg","width":2000,"height":2000,"caption":"Revolution Padel Store"},"image":{"@id":"https:\/\/revolutionpadelstore.com\/de\/#\/schema\/logo\/image\/"},"sameAs":["https:\/\/www.instagram.com\/revolutionpadelstore\/"]}]}},"_links":{"self":[{"href":"https:\/\/revolutionpadelstore.com\/de\/wp-json\/wp\/v2\/product\/294071","targetHints":{"allow":["GET"]}}],"collection":[{"href":"https:\/\/revolutionpadelstore.com\/de\/wp-json\/wp\/v2\/product"}],"about":[{"href":"https:\/\/revolutionpadelstore.com\/de\/wp-json\/wp\/v2\/types\/product"}],"replies":[{"embeddable":true,"href":"https:\/\/revolutionpadelstore.com\/de\/wp-json\/wp\/v2\/comments?post=294071"}],"wp:featuredmedia":[{"embeddable":true,"href":"https:\/\/revolutionpadelstore.com\/de\/wp-json\/wp\/v2\/media\/294095"}],"wp:attachment":[{"href":"https:\/\/revolutionpadelstore.com\/de\/wp-json\/wp\/v2\/media?parent=294071"}],"wp:term":[{"taxonomy":"acabado","embeddable":true,"href":"https:\/\/revolutionpadelstore.com\/de\/wp-json\/wp\/v2\/acabado?post=294071"},{"taxonomy":"balance","embeddable":true,"href":"https:\/\/revolutionpadelstore.com\/de\/wp-json\/wp\/v2\/balance?post=294071"},{"taxonomy":"dureza","embeddable":true,"href":"https:\/\/revolutionpadelstore.com\/de\/wp-json\/wp\/v2\/dureza?post=294071"},{"taxonomy":"forma","embeddable":true,"href":"https:\/\/revolutionpadelstore.com\/de\/wp-json\/wp\/v2\/forma?post=294071"},{"taxonomy":"jugador","embeddable":true,"href":"https:\/\/revolutionpadelstore.com\/de\/wp-json\/wp\/v2\/jugador?post=294071"},{"taxonomy":"marca","embeddable":true,"href":"https:\/\/revolutionpadelstore.com\/de\/wp-json\/wp\/v2\/marca?post=294071"},{"taxonomy":"nivel-de-juego","embeddable":true,"href":"https:\/\/revolutionpadelstore.com\/de\/wp-json\/wp\/v2\/nivel-de-juego?post=294071"},{"taxonomy":"superficie","embeddable":true,"href":"https:\/\/revolutionpadelstore.com\/de\/wp-json\/wp\/v2\/superficie?post=294071"},{"taxonomy":"tipo-de-juego","embeddable":true,"href":"https:\/\/revolutionpadelstore.com\/de\/wp-json\/wp\/v2\/tipo-de-juego?post=294071"},{"taxonomy":"product_brand","embeddable":true,"href":"https:\/\/revolutionpadelstore.com\/de\/wp-json\/wp\/v2\/product_brand?post=294071"},{"taxonomy":"product_cat","embeddable":true,"href":"https:\/\/revolutionpadelstore.com\/de\/wp-json\/wp\/v2\/product_cat?post=294071"},{"taxonomy":"product_tag","embeddable":true,"href":"https:\/\/revolutionpadelstore.com\/de\/wp-json\/wp\/v2\/product_tag?post=294071"}],"curies":[{"name":"wp","href":"https:\/\/api.w.org\/{rel}","templated":true}]}}