{"id":293994,"date":"2025-11-06T22:50:54","date_gmt":"2025-11-06T21:50:54","guid":{"rendered":"https:\/\/revolutionpadelstore.com\/?post_type=product&#038;p=293994"},"modified":"2026-04-19T02:01:44","modified_gmt":"2026-04-19T00:01:44","slug":"nox-at10-luxury-genius-18k-alum-buenos-aires-exclusive-edition-1","status":"publish","type":"product","link":"https:\/\/revolutionpadelstore.com\/de\/produkt\/nox-at10-luxury-genius-18k-alum-buenos-aires-exclusive-edition-1\/","title":{"rendered":"NOX AT10 LUXURY GENIUS 18K ALUM BUENOS AIRES EXCLUSIVE EDITION"},"content":{"rendered":"<h2>NOX AT10 Luxury Genius 18K Alum Buenos Aires Edition \u2013 Limited Edition von Agust\u00edn Tapia<\/h2>\n<p>Der <strong>NOX AT10 Luxury Genius 18K Alum Buenos Aires Limited Edition<\/strong> ist nicht nur ein Padelschl\u00e4ger, er ist ein <strong>einzigartiges Kollektionsst\u00fcck<\/strong>, das den Wurzeln von Agust\u00edn Tapia Tribut zollt. Inspiriert von den Farben der argentinischen Flagge und speziell f\u00fcr den <strong>Premier Padel Buenos Aires P1<\/strong> entworfen, repr\u00e4sentiert dieser Schl\u00e4ger die Seele des argentinischen Padel, die von einem der Besten der Welt auf den Platz gebracht wurde.<\/p>\n<h2>\ud83c\udde6\ud83c\uddf7 Ein Design mit Seele und Charakter<\/h2>\n<p>Diese limitierte Edition verbindet das Emotionale mit der fortschrittlichsten <strong>NOX<\/strong>-Technologie und vereint exklusive \u00c4sthetik und professionelle Leistung. Jedes Detail spiegelt Tapias Stolz auf sein Land wider und Sie k\u00f6nnen denselben Schl\u00e4ger in Ihren H\u00e4nden halten, mit dem er an den anspruchsvollsten Turnieren der Welt teilnimmt.<\/p>\n<h2>Hochleistungstechnologie<\/h2>\n<p><strong>-18K aluminisierter Kohlenstoff<\/strong>: sorgt f\u00fcr einen festen, gleichm\u00e4\u00dfigen und widerstandsf\u00e4higen Griff gegen\u00fcber Temperaturschwankungen.<\/p>\n<p><strong>-Mehrschichtiger schwarzer EVA-Kern<\/strong>: Bietet eine ideale Balance zwischen Kraft und Kontrolle, mit optimaler Ballausgabe in Verteidigung und Angriff.<\/p>\n<p><strong>-Smartstrap\u00ae System<\/strong>: austauschbare Sicherheitsschnur, die Hygiene und individuelle Anpassung verbessert.<\/p>\n<p><strong>-Exklusive Spin-raue Oberfl\u00e4che<\/strong>: Ideal, um Schl\u00e4ge mit gr\u00f6\u00dferer Wirkung und Pr\u00e4zision zu erzeugen.<\/p>\n<p><strong>-NOX Custom Grip\u00ae<\/strong>: Verbessert den Grip, reduziert Vibrationen und erh\u00f6ht den Komfort an jeder Stelle.<\/p>\n<h2>Exklusivit\u00e4t und Pr\u00e4zision zum Greifen nah<\/h2>\n<p>Nur wenige werden in den Genuss dieser limitierten Edition kommen, einem Schl\u00e4ger f\u00fcr <strong>fortgeschrittene oder professionelle Spieler<\/strong>, die Qualit\u00e4t, Exklusivit\u00e4t und Leistung suchen. Wenn Sie ein Paddle-Tennis-Liebhaber und ein Tapia-Fan sind, ist dies Ihre Gelegenheit, einen Schl\u00e4ger mit Geschichte in die H\u00e4nde zu bekommen.<\/p>\n<h2>Warum diese Schaufel kaufen?<\/h2>\n<p>-Offizielle limitierte Auflage des Premier Padel Buenos Aires.<\/p>\n<p>&#8211; Dieselben Materialien und Spezifikationen, die Agust\u00edn Tapia im Wettbewerb verwendet.<\/p>\n<p>-Kombiniert modernste Technologien und exklusives NOX-Design.<\/p>\n<p>-Ideal f\u00fcr anspruchsvolle Spieler, die Pr\u00e4zision, Kraft und Kontrolle suchen.<\/p>\n<h2>Holen Sie sich jetzt Ihren professionellen NOX-Padelschl\u00e4ger<\/h2>\n<p>Verpassen Sie nicht die Gelegenheit, einen <strong>ikonischen, leistungsstarken und sammelw\u00fcrdigen Schl\u00e4ger<\/strong> zu besitzen. Er lebt Padel mit der gleichen Intensit\u00e4t wie Agust\u00edn Tapia.<\/p>\n<p><strong>Ab sofort in unserem Online-Shop <a href=\"http:\/\/www.revolutionpadelstore.com\/\">www.revolutionpadelstore.com<\/a> erh\u00e4ltlich, wahrscheinlich zum besten Preis auf dem Markt.<\/strong><\/p>\n","protected":false},"excerpt":{"rendered":"<p>Der NOX AT10 Luxury Genius 18K Alum Buenos Aires Limited Edition ist nicht nur ein Schl\u00e4ger, er ist ein Padel-Meisterwerk. Diese limitierte Edition wurde f\u00fcr echte Enthusiasten kreiert und ist eine Hommage an die Wurzeln und den Wettbewerbsgeist von Agust\u00edn Tapia, indem sie Spitzenleistung und absolute Exklusivit\u00e4t vereint.<\/p>\n","protected":false},"featured_media":294000,"comment_status":"open","ping_status":"closed","template":"","meta":{"_acf_changed":false,"_joinchat":[]},"acabado":[1094],"balance":[1139],"dureza":[1154],"forma":[1184],"jugador":[],"marca":[1259],"nivel-de-juego":[1334],"superficie":[1359],"tipo-de-juego":[1384],"product_brand":[],"product_cat":[299],"product_tag":[],"class_list":{"0":"post-293994","1":"product","2":"type-product","3":"status-publish","4":"has-post-thumbnail","6":"acabado-arenoso-de","7":"balance-mittel","8":"dureza-media-de","9":"forma-lagrima-de","10":"marca-nox-de","11":"superficie-rugosa-de","12":"tipo-de-juego-mehrzweck","13":"product_cat-palas-de-padel-de","15":"first","16":"instock","17":"sale","18":"taxable","19":"shipping-taxable","20":"purchasable","21":"product-type-simple"},"acf":[],"yoast_head":"<!-- This site is optimized with the Yoast SEO plugin v27.4 - https:\/\/yoast.com\/product\/yoast-seo-wordpress\/ -->\n<title>NOX AT10 LUXURY GENIUS 18K ALUM BUENOS AIRES EXCLUSIVE EDITION - Revolution Padel Store<\/title>\n<meta name=\"description\" content=\"Descubre la NOX AT10 Luxury Genius 18K Alum Buenos Aires Edition, la pala oficial de Agust\u00edn Tapia en edici\u00f3n limitada. M\u00e1ximo control, potencia y dise\u00f1o exclusivo. \u00a1Compra online al mejor precio en Revolution Padel Store!\" \/>\n<meta name=\"robots\" content=\"index, follow, max-snippet:-1, max-image-preview:large, max-video-preview:-1\" \/>\n<link rel=\"canonical\" href=\"https:\/\/revolutionpadelstore.com\/de\/produkt\/nox-at10-luxury-genius-18k-alum-buenos-aires-exclusive-edition-1\/\" \/>\n<meta property=\"og:locale\" content=\"de_DE\" \/>\n<meta property=\"og:type\" content=\"article\" \/>\n<meta property=\"og:title\" content=\"NOX AT10 LUXURY GENIUS 18K ALUM BUENOS AIRES EXCLUSIVE EDITION - Revolution Padel Store\" \/>\n<meta property=\"og:description\" content=\"Descubre la NOX AT10 Luxury Genius 18K Alum Buenos Aires Edition, la pala oficial de Agust\u00edn Tapia en edici\u00f3n limitada. M\u00e1ximo control, potencia y dise\u00f1o exclusivo. \u00a1Compra online al mejor precio en Revolution Padel Store!\" \/>\n<meta property=\"og:url\" content=\"https:\/\/revolutionpadelstore.com\/de\/produkt\/nox-at10-luxury-genius-18k-alum-buenos-aires-exclusive-edition-1\/\" \/>\n<meta property=\"og:site_name\" content=\"Revolution Padel Store\" \/>\n<meta property=\"article:modified_time\" content=\"2026-04-19T00:01:44+00:00\" \/>\n<meta property=\"og:image\" content=\"https:\/\/revolutionpadelstore.com\/wp-content\/uploads\/2025\/11\/13.png\" \/>\n\t<meta property=\"og:image:width\" content=\"1500\" \/>\n\t<meta property=\"og:image:height\" content=\"1500\" \/>\n\t<meta property=\"og:image:type\" content=\"image\/png\" \/>\n<meta name=\"twitter:card\" content=\"summary_large_image\" \/>\n<meta name=\"twitter:label1\" content=\"Gesch\u00e4tzte Lesezeit\" \/>\n\t<meta name=\"twitter:data1\" content=\"2\u00a0Minuten\" \/>\n<script type=\"application\/ld+json\" class=\"yoast-schema-graph\">{\"@context\":\"https:\\\/\\\/schema.org\",\"@graph\":[{\"@type\":\"WebPage\",\"@id\":\"https:\\\/\\\/revolutionpadelstore.com\\\/de\\\/produkt\\\/nox-at10-luxury-genius-18k-alum-buenos-aires-exclusive-edition-1\\\/\",\"url\":\"https:\\\/\\\/revolutionpadelstore.com\\\/de\\\/produkt\\\/nox-at10-luxury-genius-18k-alum-buenos-aires-exclusive-edition-1\\\/\",\"name\":\"NOX AT10 LUXURY GENIUS 18K ALUM BUENOS AIRES EXCLUSIVE EDITION - Revolution Padel Store\",\"isPartOf\":{\"@id\":\"https:\\\/\\\/revolutionpadelstore.com\\\/de\\\/#website\"},\"primaryImageOfPage\":{\"@id\":\"https:\\\/\\\/revolutionpadelstore.com\\\/de\\\/produkt\\\/nox-at10-luxury-genius-18k-alum-buenos-aires-exclusive-edition-1\\\/#primaryimage\"},\"image\":{\"@id\":\"https:\\\/\\\/revolutionpadelstore.com\\\/de\\\/produkt\\\/nox-at10-luxury-genius-18k-alum-buenos-aires-exclusive-edition-1\\\/#primaryimage\"},\"thumbnailUrl\":\"https:\\\/\\\/revolutionpadelstore.com\\\/wp-content\\\/uploads\\\/2025\\\/11\\\/13.png\",\"datePublished\":\"2025-11-06T21:50:54+00:00\",\"dateModified\":\"2026-04-19T00:01:44+00:00\",\"description\":\"Descubre la NOX AT10 Luxury Genius 18K Alum Buenos Aires Edition, la pala oficial de Agust\u00edn Tapia en edici\u00f3n limitada. M\u00e1ximo control, potencia y dise\u00f1o exclusivo. \u00a1Compra online al mejor precio en Revolution Padel Store!\",\"breadcrumb\":{\"@id\":\"https:\\\/\\\/revolutionpadelstore.com\\\/de\\\/produkt\\\/nox-at10-luxury-genius-18k-alum-buenos-aires-exclusive-edition-1\\\/#breadcrumb\"},\"inLanguage\":\"de\",\"potentialAction\":[{\"@type\":\"ReadAction\",\"target\":[\"https:\\\/\\\/revolutionpadelstore.com\\\/de\\\/produkt\\\/nox-at10-luxury-genius-18k-alum-buenos-aires-exclusive-edition-1\\\/\"]}]},{\"@type\":\"ImageObject\",\"inLanguage\":\"de\",\"@id\":\"https:\\\/\\\/revolutionpadelstore.com\\\/de\\\/produkt\\\/nox-at10-luxury-genius-18k-alum-buenos-aires-exclusive-edition-1\\\/#primaryimage\",\"url\":\"https:\\\/\\\/revolutionpadelstore.com\\\/wp-content\\\/uploads\\\/2025\\\/11\\\/13.png\",\"contentUrl\":\"https:\\\/\\\/revolutionpadelstore.com\\\/wp-content\\\/uploads\\\/2025\\\/11\\\/13.png\",\"width\":1500,\"height\":1500},{\"@type\":\"BreadcrumbList\",\"@id\":\"https:\\\/\\\/revolutionpadelstore.com\\\/de\\\/produkt\\\/nox-at10-luxury-genius-18k-alum-buenos-aires-exclusive-edition-1\\\/#breadcrumb\",\"itemListElement\":[{\"@type\":\"ListItem\",\"position\":1,\"name\":\"Portada\",\"item\":\"https:\\\/\\\/revolutionpadelstore.com\\\/de\\\/\"},{\"@type\":\"ListItem\",\"position\":2,\"name\":\"Shop\",\"item\":\"https:\\\/\\\/revolutionpadelstore.com\\\/de\\\/tienda\\\/\"},{\"@type\":\"ListItem\",\"position\":3,\"name\":\"NOX AT10 LUXURY GENIUS 18K ALUM BUENOS AIRES EXCLUSIVE EDITION\"}]},{\"@type\":\"WebSite\",\"@id\":\"https:\\\/\\\/revolutionpadelstore.com\\\/de\\\/#website\",\"url\":\"https:\\\/\\\/revolutionpadelstore.com\\\/de\\\/\",\"name\":\"Revolution Padel Store\",\"description\":\"\",\"publisher\":{\"@id\":\"https:\\\/\\\/revolutionpadelstore.com\\\/de\\\/#organization\"},\"potentialAction\":[{\"@type\":\"SearchAction\",\"target\":{\"@type\":\"EntryPoint\",\"urlTemplate\":\"https:\\\/\\\/revolutionpadelstore.com\\\/de\\\/?s={search_term_string}\"},\"query-input\":{\"@type\":\"PropertyValueSpecification\",\"valueRequired\":true,\"valueName\":\"search_term_string\"}}],\"inLanguage\":\"de\"},{\"@type\":\"Organization\",\"@id\":\"https:\\\/\\\/revolutionpadelstore.com\\\/de\\\/#organization\",\"name\":\"Revolution Padel Store\",\"url\":\"https:\\\/\\\/revolutionpadelstore.com\\\/de\\\/\",\"logo\":{\"@type\":\"ImageObject\",\"inLanguage\":\"de\",\"@id\":\"https:\\\/\\\/revolutionpadelstore.com\\\/de\\\/#\\\/schema\\\/logo\\\/image\\\/\",\"url\":\"https:\\\/\\\/revolutionpadelstore.com\\\/wp-content\\\/uploads\\\/2026\\\/02\\\/revolution-padel-store.jpg\",\"contentUrl\":\"https:\\\/\\\/revolutionpadelstore.com\\\/wp-content\\\/uploads\\\/2026\\\/02\\\/revolution-padel-store.jpg\",\"width\":2000,\"height\":2000,\"caption\":\"Revolution Padel Store\"},\"image\":{\"@id\":\"https:\\\/\\\/revolutionpadelstore.com\\\/de\\\/#\\\/schema\\\/logo\\\/image\\\/\"},\"sameAs\":[\"https:\\\/\\\/www.instagram.com\\\/revolutionpadelstore\\\/\"]}]}<\/script>\n<!-- \/ Yoast SEO plugin. -->","yoast_head_json":{"title":"NOX AT10 LUXURY GENIUS 18K ALUM BUENOS AIRES EXCLUSIVE EDITION - Revolution Padel Store","description":"Descubre la NOX AT10 Luxury Genius 18K Alum Buenos Aires Edition, la pala oficial de Agust\u00edn Tapia en edici\u00f3n limitada. M\u00e1ximo control, potencia y dise\u00f1o exclusivo. \u00a1Compra online al mejor precio en Revolution Padel Store!","robots":{"index":"index","follow":"follow","max-snippet":"max-snippet:-1","max-image-preview":"max-image-preview:large","max-video-preview":"max-video-preview:-1"},"canonical":"https:\/\/revolutionpadelstore.com\/de\/produkt\/nox-at10-luxury-genius-18k-alum-buenos-aires-exclusive-edition-1\/","og_locale":"de_DE","og_type":"article","og_title":"NOX AT10 LUXURY GENIUS 18K ALUM BUENOS AIRES EXCLUSIVE EDITION - Revolution Padel Store","og_description":"Descubre la NOX AT10 Luxury Genius 18K Alum Buenos Aires Edition, la pala oficial de Agust\u00edn Tapia en edici\u00f3n limitada. M\u00e1ximo control, potencia y dise\u00f1o exclusivo. \u00a1Compra online al mejor precio en Revolution Padel Store!","og_url":"https:\/\/revolutionpadelstore.com\/de\/produkt\/nox-at10-luxury-genius-18k-alum-buenos-aires-exclusive-edition-1\/","og_site_name":"Revolution Padel Store","article_modified_time":"2026-04-19T00:01:44+00:00","og_image":[{"width":1500,"height":1500,"url":"https:\/\/revolutionpadelstore.com\/wp-content\/uploads\/2025\/11\/13.png","type":"image\/png"}],"twitter_card":"summary_large_image","twitter_misc":{"Gesch\u00e4tzte Lesezeit":"2\u00a0Minuten"},"schema":{"@context":"https:\/\/schema.org","@graph":[{"@type":"WebPage","@id":"https:\/\/revolutionpadelstore.com\/de\/produkt\/nox-at10-luxury-genius-18k-alum-buenos-aires-exclusive-edition-1\/","url":"https:\/\/revolutionpadelstore.com\/de\/produkt\/nox-at10-luxury-genius-18k-alum-buenos-aires-exclusive-edition-1\/","name":"NOX AT10 LUXURY GENIUS 18K ALUM BUENOS AIRES EXCLUSIVE EDITION - Revolution Padel Store","isPartOf":{"@id":"https:\/\/revolutionpadelstore.com\/de\/#website"},"primaryImageOfPage":{"@id":"https:\/\/revolutionpadelstore.com\/de\/produkt\/nox-at10-luxury-genius-18k-alum-buenos-aires-exclusive-edition-1\/#primaryimage"},"image":{"@id":"https:\/\/revolutionpadelstore.com\/de\/produkt\/nox-at10-luxury-genius-18k-alum-buenos-aires-exclusive-edition-1\/#primaryimage"},"thumbnailUrl":"https:\/\/revolutionpadelstore.com\/wp-content\/uploads\/2025\/11\/13.png","datePublished":"2025-11-06T21:50:54+00:00","dateModified":"2026-04-19T00:01:44+00:00","description":"Descubre la NOX AT10 Luxury Genius 18K Alum Buenos Aires Edition, la pala oficial de Agust\u00edn Tapia en edici\u00f3n limitada. M\u00e1ximo control, potencia y dise\u00f1o exclusivo. \u00a1Compra online al mejor precio en Revolution Padel Store!","breadcrumb":{"@id":"https:\/\/revolutionpadelstore.com\/de\/produkt\/nox-at10-luxury-genius-18k-alum-buenos-aires-exclusive-edition-1\/#breadcrumb"},"inLanguage":"de","potentialAction":[{"@type":"ReadAction","target":["https:\/\/revolutionpadelstore.com\/de\/produkt\/nox-at10-luxury-genius-18k-alum-buenos-aires-exclusive-edition-1\/"]}]},{"@type":"ImageObject","inLanguage":"de","@id":"https:\/\/revolutionpadelstore.com\/de\/produkt\/nox-at10-luxury-genius-18k-alum-buenos-aires-exclusive-edition-1\/#primaryimage","url":"https:\/\/revolutionpadelstore.com\/wp-content\/uploads\/2025\/11\/13.png","contentUrl":"https:\/\/revolutionpadelstore.com\/wp-content\/uploads\/2025\/11\/13.png","width":1500,"height":1500},{"@type":"BreadcrumbList","@id":"https:\/\/revolutionpadelstore.com\/de\/produkt\/nox-at10-luxury-genius-18k-alum-buenos-aires-exclusive-edition-1\/#breadcrumb","itemListElement":[{"@type":"ListItem","position":1,"name":"Portada","item":"https:\/\/revolutionpadelstore.com\/de\/"},{"@type":"ListItem","position":2,"name":"Shop","item":"https:\/\/revolutionpadelstore.com\/de\/tienda\/"},{"@type":"ListItem","position":3,"name":"NOX AT10 LUXURY GENIUS 18K ALUM BUENOS AIRES EXCLUSIVE EDITION"}]},{"@type":"WebSite","@id":"https:\/\/revolutionpadelstore.com\/de\/#website","url":"https:\/\/revolutionpadelstore.com\/de\/","name":"Revolution Padel Store","description":"","publisher":{"@id":"https:\/\/revolutionpadelstore.com\/de\/#organization"},"potentialAction":[{"@type":"SearchAction","target":{"@type":"EntryPoint","urlTemplate":"https:\/\/revolutionpadelstore.com\/de\/?s={search_term_string}"},"query-input":{"@type":"PropertyValueSpecification","valueRequired":true,"valueName":"search_term_string"}}],"inLanguage":"de"},{"@type":"Organization","@id":"https:\/\/revolutionpadelstore.com\/de\/#organization","name":"Revolution Padel Store","url":"https:\/\/revolutionpadelstore.com\/de\/","logo":{"@type":"ImageObject","inLanguage":"de","@id":"https:\/\/revolutionpadelstore.com\/de\/#\/schema\/logo\/image\/","url":"https:\/\/revolutionpadelstore.com\/wp-content\/uploads\/2026\/02\/revolution-padel-store.jpg","contentUrl":"https:\/\/revolutionpadelstore.com\/wp-content\/uploads\/2026\/02\/revolution-padel-store.jpg","width":2000,"height":2000,"caption":"Revolution Padel Store"},"image":{"@id":"https:\/\/revolutionpadelstore.com\/de\/#\/schema\/logo\/image\/"},"sameAs":["https:\/\/www.instagram.com\/revolutionpadelstore\/"]}]}},"_links":{"self":[{"href":"https:\/\/revolutionpadelstore.com\/de\/wp-json\/wp\/v2\/product\/293994","targetHints":{"allow":["GET"]}}],"collection":[{"href":"https:\/\/revolutionpadelstore.com\/de\/wp-json\/wp\/v2\/product"}],"about":[{"href":"https:\/\/revolutionpadelstore.com\/de\/wp-json\/wp\/v2\/types\/product"}],"replies":[{"embeddable":true,"href":"https:\/\/revolutionpadelstore.com\/de\/wp-json\/wp\/v2\/comments?post=293994"}],"wp:featuredmedia":[{"embeddable":true,"href":"https:\/\/revolutionpadelstore.com\/de\/wp-json\/wp\/v2\/media\/294000"}],"wp:attachment":[{"href":"https:\/\/revolutionpadelstore.com\/de\/wp-json\/wp\/v2\/media?parent=293994"}],"wp:term":[{"taxonomy":"acabado","embeddable":true,"href":"https:\/\/revolutionpadelstore.com\/de\/wp-json\/wp\/v2\/acabado?post=293994"},{"taxonomy":"balance","embeddable":true,"href":"https:\/\/revolutionpadelstore.com\/de\/wp-json\/wp\/v2\/balance?post=293994"},{"taxonomy":"dureza","embeddable":true,"href":"https:\/\/revolutionpadelstore.com\/de\/wp-json\/wp\/v2\/dureza?post=293994"},{"taxonomy":"forma","embeddable":true,"href":"https:\/\/revolutionpadelstore.com\/de\/wp-json\/wp\/v2\/forma?post=293994"},{"taxonomy":"jugador","embeddable":true,"href":"https:\/\/revolutionpadelstore.com\/de\/wp-json\/wp\/v2\/jugador?post=293994"},{"taxonomy":"marca","embeddable":true,"href":"https:\/\/revolutionpadelstore.com\/de\/wp-json\/wp\/v2\/marca?post=293994"},{"taxonomy":"nivel-de-juego","embeddable":true,"href":"https:\/\/revolutionpadelstore.com\/de\/wp-json\/wp\/v2\/nivel-de-juego?post=293994"},{"taxonomy":"superficie","embeddable":true,"href":"https:\/\/revolutionpadelstore.com\/de\/wp-json\/wp\/v2\/superficie?post=293994"},{"taxonomy":"tipo-de-juego","embeddable":true,"href":"https:\/\/revolutionpadelstore.com\/de\/wp-json\/wp\/v2\/tipo-de-juego?post=293994"},{"taxonomy":"product_brand","embeddable":true,"href":"https:\/\/revolutionpadelstore.com\/de\/wp-json\/wp\/v2\/product_brand?post=293994"},{"taxonomy":"product_cat","embeddable":true,"href":"https:\/\/revolutionpadelstore.com\/de\/wp-json\/wp\/v2\/product_cat?post=293994"},{"taxonomy":"product_tag","embeddable":true,"href":"https:\/\/revolutionpadelstore.com\/de\/wp-json\/wp\/v2\/product_tag?post=293994"}],"curies":[{"name":"wp","href":"https:\/\/api.w.org\/{rel}","templated":true}]}}