{"id":293981,"date":"2025-11-06T19:41:08","date_gmt":"2025-11-06T18:41:08","guid":{"rendered":"https:\/\/revolutionpadelstore.com\/pack-de-2-munequeras-enebe\/"},"modified":"2026-04-10T14:02:52","modified_gmt":"2026-04-10T12:02:52","slug":"pack-de-2-munequeras-enebe-1","status":"publish","type":"product","link":"https:\/\/revolutionpadelstore.com\/de\/produkt\/pack-de-2-munequeras-enebe-1\/","title":{"rendered":"PACK DE 2 MU\u00d1EQUERAS ENEBE"},"content":{"rendered":"<h2>Packung mit 2 Paddel-Armb\u00e4ndern \u2013 Wei\u00df und Schwarz \u2013 atmungsaktiv und verstellbar<\/h2>\n<p>Entdecken Sie das 2er-Pack Armb\u00e4nder, das speziell f\u00fcr Padel-Spieler entwickelt wurde, die bei jedem Spiel zus\u00e4tzlichen Schutz, Komfort und Stil suchen. Dieses Set enth\u00e4lt ein wei\u00dfes und ein schwarzes Armband, ideal zum Kombinieren mit jeder Ausr\u00fcstung.<\/p>\n<p>Hergestellt aus hochwertigen Fasern wie Baumwolle, Polyamid, Viskose und Elasthan, bieten sie eine hervorragende Anpassungsf\u00e4higkeit an das Handgelenk und erm\u00f6glichen Bewegungsfreiheit und einen sicheren Sitz. Seine Zusammensetzung sorgt f\u00fcr optimale Atmungsaktivit\u00e4t, verhindert die Ansammlung von Schwei\u00df und verbessert den Grip des Schl\u00e4gers bei intensivsten Ballwechseln.<\/p>\n<h2>Technische Eigenschaften<\/h2>\n<p><strong>-Enth\u00e4lt 2 Armb\u00e4nder<\/strong>: 1 wei\u00dfes und 1 schwarzes<\/p>\n<p><strong>-Premium-Materialien<\/strong>:<\/p>\n<p>69 % Baumwolle<\/p>\n<p>22 % Polyamid<\/p>\n<p>5 % Viskose<\/p>\n<p>4 % Elastan<\/p>\n<p><strong>-Breite<\/strong>: 8 cm<\/p>\n<p><strong>-Hohe Atmungsaktivit\u00e4t<\/strong>: Verhindert \u00fcberm\u00e4\u00dfiges Schwitzen<\/p>\n<p><strong>-Ergonomisches Design<\/strong>: Passt sich perfekt an jedes Handgelenk an<\/p>\n<p><strong>-Pr\u00e4sentation<\/strong>: Lieferung im praktischen Blister<\/p>\n<h2>Besondere Vorteile<\/h2>\n<p>-Verbessert die Leistung durch Reduzierung der Feuchtigkeit in den H\u00e4nden<\/p>\n<p>-Sch\u00fctzt die Handgelenke bei St\u00f6\u00dfen und intensiven Bewegungen<\/p>\n<p>-Vielseitige und moderne Farbkombination<\/p>\n<p>-Ideal f\u00fcr Training und Wettk\u00e4mpfe<\/p>\n<h2>Warum dieses Paket w\u00e4hlen?<\/h2>\n<p>Perfekt f\u00fcr Gamer, die funktionelles und langlebiges Zubeh\u00f6r suchen. Egal, ob Sie gerade erst anfangen oder bereits auf einem fortgeschrittenen Niveau an Wettk\u00e4mpfen teilnehmen, dieses Armbandpaket wird Ihr idealer Verb\u00fcndeter auf dem Platz sein.<\/p>\n<p><strong>Bestellen Sie jetzt und verbessern Sie Ihr Spiel mit Stil und Komfort!<\/strong><br \/>\nDas Produkt ist in unserem Online-Shop <a href=\"https:\/\/www.revolutionpadelstore.com\/\">www.revolutionpadelstore.com<\/a> erh\u00e4ltlich, wahrscheinlich zum besten Preis auf dem Markt.<\/p>\n<h2>Pack de 2 Mu\u00f1equeras de P\u00e1del \u2013 Blanca y Negra &#8211; Transpirables y Ajustables<\/h2>\n","protected":false},"excerpt":{"rendered":"<p>Packung mit 2 Paddel-Armb\u00e4ndern \u2013 Wei\u00df und Schwarz \u2013 atmungsaktiv und verstellbar Entdecken Sie das 2er-Pack Armb\u00e4nder, das speziell f\u00fcr Padel-Spieler entwickelt wurde, die bei jedem Spiel zus\u00e4tzlichen Schutz, Komfort und Stil suchen. Dieses Set enth\u00e4lt ein wei\u00dfes und ein schwarzes Armband, ideal zum Kombinieren mit jeder Ausr\u00fcstung. Hergestellt aus hochwertigen Fasern wie Baumwolle, Polyamid, [&hellip;]<\/p>\n","protected":false},"featured_media":293976,"comment_status":"open","ping_status":"closed","template":"","meta":{"_acf_changed":false,"_joinchat":[]},"acabado":[],"balance":[],"dureza":[],"forma":[],"jugador":[],"marca":[1294],"nivel-de-juego":[],"superficie":[],"tipo-de-juego":[],"product_brand":[],"product_cat":[558],"product_tag":[],"class_list":{"0":"post-293981","1":"product","2":"type-product","3":"status-publish","4":"has-post-thumbnail","6":"marca-enebe-de","7":"product_cat-zubehor","9":"first","10":"instock","11":"sale","12":"taxable","13":"shipping-taxable","14":"purchasable","15":"product-type-simple"},"acf":[],"yoast_head":"<!-- This site is optimized with the Yoast SEO plugin v27.4 - https:\/\/yoast.com\/product\/yoast-seo-wordpress\/ -->\n<title>PACK DE 2 MU\u00d1EQUERAS ENEBE - Revolution Padel Store<\/title>\n<meta name=\"description\" content=\"Pack de 2 mu\u00f1equeras de p\u00e1del (blanca y negra) con ajuste perfecto y tejido transpirable. Protege tus mu\u00f1ecas y mejora tu rendimiento. \u00a1C\u00f3mpralas online al mejor precio en Revolution Padel Store!\" \/>\n<meta name=\"robots\" content=\"index, follow, max-snippet:-1, max-image-preview:large, max-video-preview:-1\" \/>\n<link rel=\"canonical\" href=\"https:\/\/revolutionpadelstore.com\/de\/produkt\/pack-de-2-munequeras-enebe-1\/\" \/>\n<meta property=\"og:locale\" content=\"de_DE\" \/>\n<meta property=\"og:type\" content=\"article\" \/>\n<meta property=\"og:title\" content=\"PACK DE 2 MU\u00d1EQUERAS ENEBE - Revolution Padel Store\" \/>\n<meta property=\"og:description\" content=\"Pack de 2 mu\u00f1equeras de p\u00e1del (blanca y negra) con ajuste perfecto y tejido transpirable. Protege tus mu\u00f1ecas y mejora tu rendimiento. \u00a1C\u00f3mpralas online al mejor precio en Revolution Padel Store!\" \/>\n<meta property=\"og:url\" content=\"https:\/\/revolutionpadelstore.com\/de\/produkt\/pack-de-2-munequeras-enebe-1\/\" \/>\n<meta property=\"og:site_name\" content=\"Revolution Padel Store\" \/>\n<meta property=\"article:modified_time\" content=\"2026-04-10T12:02:52+00:00\" \/>\n<meta property=\"og:image\" content=\"https:\/\/revolutionpadelstore.com\/wp-content\/uploads\/2025\/11\/FOTO-PALAS-38.png\" \/>\n\t<meta property=\"og:image:width\" content=\"1500\" \/>\n\t<meta property=\"og:image:height\" content=\"1500\" \/>\n\t<meta property=\"og:image:type\" content=\"image\/png\" \/>\n<meta name=\"twitter:card\" content=\"summary_large_image\" \/>\n<meta name=\"twitter:label1\" content=\"Gesch\u00e4tzte Lesezeit\" \/>\n\t<meta name=\"twitter:data1\" content=\"1\u00a0Minute\" \/>\n<script type=\"application\/ld+json\" class=\"yoast-schema-graph\">{\"@context\":\"https:\\\/\\\/schema.org\",\"@graph\":[{\"@type\":\"WebPage\",\"@id\":\"https:\\\/\\\/revolutionpadelstore.com\\\/de\\\/produkt\\\/pack-de-2-munequeras-enebe-1\\\/\",\"url\":\"https:\\\/\\\/revolutionpadelstore.com\\\/de\\\/produkt\\\/pack-de-2-munequeras-enebe-1\\\/\",\"name\":\"PACK DE 2 MU\u00d1EQUERAS ENEBE - Revolution Padel Store\",\"isPartOf\":{\"@id\":\"https:\\\/\\\/revolutionpadelstore.com\\\/de\\\/#website\"},\"primaryImageOfPage\":{\"@id\":\"https:\\\/\\\/revolutionpadelstore.com\\\/de\\\/produkt\\\/pack-de-2-munequeras-enebe-1\\\/#primaryimage\"},\"image\":{\"@id\":\"https:\\\/\\\/revolutionpadelstore.com\\\/de\\\/produkt\\\/pack-de-2-munequeras-enebe-1\\\/#primaryimage\"},\"thumbnailUrl\":\"https:\\\/\\\/revolutionpadelstore.com\\\/wp-content\\\/uploads\\\/2025\\\/11\\\/FOTO-PALAS-38.png\",\"datePublished\":\"2025-11-06T18:41:08+00:00\",\"dateModified\":\"2026-04-10T12:02:52+00:00\",\"description\":\"Pack de 2 mu\u00f1equeras de p\u00e1del (blanca y negra) con ajuste perfecto y tejido transpirable. Protege tus mu\u00f1ecas y mejora tu rendimiento. \u00a1C\u00f3mpralas online al mejor precio en Revolution Padel Store!\",\"breadcrumb\":{\"@id\":\"https:\\\/\\\/revolutionpadelstore.com\\\/de\\\/produkt\\\/pack-de-2-munequeras-enebe-1\\\/#breadcrumb\"},\"inLanguage\":\"de\",\"potentialAction\":[{\"@type\":\"ReadAction\",\"target\":[\"https:\\\/\\\/revolutionpadelstore.com\\\/de\\\/produkt\\\/pack-de-2-munequeras-enebe-1\\\/\"]}]},{\"@type\":\"ImageObject\",\"inLanguage\":\"de\",\"@id\":\"https:\\\/\\\/revolutionpadelstore.com\\\/de\\\/produkt\\\/pack-de-2-munequeras-enebe-1\\\/#primaryimage\",\"url\":\"https:\\\/\\\/revolutionpadelstore.com\\\/wp-content\\\/uploads\\\/2025\\\/11\\\/FOTO-PALAS-38.png\",\"contentUrl\":\"https:\\\/\\\/revolutionpadelstore.com\\\/wp-content\\\/uploads\\\/2025\\\/11\\\/FOTO-PALAS-38.png\",\"width\":1500,\"height\":1500},{\"@type\":\"BreadcrumbList\",\"@id\":\"https:\\\/\\\/revolutionpadelstore.com\\\/de\\\/produkt\\\/pack-de-2-munequeras-enebe-1\\\/#breadcrumb\",\"itemListElement\":[{\"@type\":\"ListItem\",\"position\":1,\"name\":\"Portada\",\"item\":\"https:\\\/\\\/revolutionpadelstore.com\\\/de\\\/\"},{\"@type\":\"ListItem\",\"position\":2,\"name\":\"Shop\",\"item\":\"https:\\\/\\\/revolutionpadelstore.com\\\/de\\\/tienda\\\/\"},{\"@type\":\"ListItem\",\"position\":3,\"name\":\"PACK DE 2 MU\u00d1EQUERAS ENEBE\"}]},{\"@type\":\"WebSite\",\"@id\":\"https:\\\/\\\/revolutionpadelstore.com\\\/de\\\/#website\",\"url\":\"https:\\\/\\\/revolutionpadelstore.com\\\/de\\\/\",\"name\":\"Revolution Padel Store\",\"description\":\"\",\"publisher\":{\"@id\":\"https:\\\/\\\/revolutionpadelstore.com\\\/de\\\/#organization\"},\"potentialAction\":[{\"@type\":\"SearchAction\",\"target\":{\"@type\":\"EntryPoint\",\"urlTemplate\":\"https:\\\/\\\/revolutionpadelstore.com\\\/de\\\/?s={search_term_string}\"},\"query-input\":{\"@type\":\"PropertyValueSpecification\",\"valueRequired\":true,\"valueName\":\"search_term_string\"}}],\"inLanguage\":\"de\"},{\"@type\":\"Organization\",\"@id\":\"https:\\\/\\\/revolutionpadelstore.com\\\/de\\\/#organization\",\"name\":\"Revolution Padel Store\",\"url\":\"https:\\\/\\\/revolutionpadelstore.com\\\/de\\\/\",\"logo\":{\"@type\":\"ImageObject\",\"inLanguage\":\"de\",\"@id\":\"https:\\\/\\\/revolutionpadelstore.com\\\/de\\\/#\\\/schema\\\/logo\\\/image\\\/\",\"url\":\"https:\\\/\\\/revolutionpadelstore.com\\\/wp-content\\\/uploads\\\/2026\\\/02\\\/revolution-padel-store.jpg\",\"contentUrl\":\"https:\\\/\\\/revolutionpadelstore.com\\\/wp-content\\\/uploads\\\/2026\\\/02\\\/revolution-padel-store.jpg\",\"width\":2000,\"height\":2000,\"caption\":\"Revolution Padel Store\"},\"image\":{\"@id\":\"https:\\\/\\\/revolutionpadelstore.com\\\/de\\\/#\\\/schema\\\/logo\\\/image\\\/\"},\"sameAs\":[\"https:\\\/\\\/www.instagram.com\\\/revolutionpadelstore\\\/\"]}]}<\/script>\n<!-- \/ Yoast SEO plugin. -->","yoast_head_json":{"title":"PACK DE 2 MU\u00d1EQUERAS ENEBE - Revolution Padel Store","description":"Pack de 2 mu\u00f1equeras de p\u00e1del (blanca y negra) con ajuste perfecto y tejido transpirable. Protege tus mu\u00f1ecas y mejora tu rendimiento. \u00a1C\u00f3mpralas online al mejor precio en Revolution Padel Store!","robots":{"index":"index","follow":"follow","max-snippet":"max-snippet:-1","max-image-preview":"max-image-preview:large","max-video-preview":"max-video-preview:-1"},"canonical":"https:\/\/revolutionpadelstore.com\/de\/produkt\/pack-de-2-munequeras-enebe-1\/","og_locale":"de_DE","og_type":"article","og_title":"PACK DE 2 MU\u00d1EQUERAS ENEBE - Revolution Padel Store","og_description":"Pack de 2 mu\u00f1equeras de p\u00e1del (blanca y negra) con ajuste perfecto y tejido transpirable. Protege tus mu\u00f1ecas y mejora tu rendimiento. \u00a1C\u00f3mpralas online al mejor precio en Revolution Padel Store!","og_url":"https:\/\/revolutionpadelstore.com\/de\/produkt\/pack-de-2-munequeras-enebe-1\/","og_site_name":"Revolution Padel Store","article_modified_time":"2026-04-10T12:02:52+00:00","og_image":[{"width":1500,"height":1500,"url":"https:\/\/revolutionpadelstore.com\/wp-content\/uploads\/2025\/11\/FOTO-PALAS-38.png","type":"image\/png"}],"twitter_card":"summary_large_image","twitter_misc":{"Gesch\u00e4tzte Lesezeit":"1\u00a0Minute"},"schema":{"@context":"https:\/\/schema.org","@graph":[{"@type":"WebPage","@id":"https:\/\/revolutionpadelstore.com\/de\/produkt\/pack-de-2-munequeras-enebe-1\/","url":"https:\/\/revolutionpadelstore.com\/de\/produkt\/pack-de-2-munequeras-enebe-1\/","name":"PACK DE 2 MU\u00d1EQUERAS ENEBE - Revolution Padel Store","isPartOf":{"@id":"https:\/\/revolutionpadelstore.com\/de\/#website"},"primaryImageOfPage":{"@id":"https:\/\/revolutionpadelstore.com\/de\/produkt\/pack-de-2-munequeras-enebe-1\/#primaryimage"},"image":{"@id":"https:\/\/revolutionpadelstore.com\/de\/produkt\/pack-de-2-munequeras-enebe-1\/#primaryimage"},"thumbnailUrl":"https:\/\/revolutionpadelstore.com\/wp-content\/uploads\/2025\/11\/FOTO-PALAS-38.png","datePublished":"2025-11-06T18:41:08+00:00","dateModified":"2026-04-10T12:02:52+00:00","description":"Pack de 2 mu\u00f1equeras de p\u00e1del (blanca y negra) con ajuste perfecto y tejido transpirable. Protege tus mu\u00f1ecas y mejora tu rendimiento. \u00a1C\u00f3mpralas online al mejor precio en Revolution Padel Store!","breadcrumb":{"@id":"https:\/\/revolutionpadelstore.com\/de\/produkt\/pack-de-2-munequeras-enebe-1\/#breadcrumb"},"inLanguage":"de","potentialAction":[{"@type":"ReadAction","target":["https:\/\/revolutionpadelstore.com\/de\/produkt\/pack-de-2-munequeras-enebe-1\/"]}]},{"@type":"ImageObject","inLanguage":"de","@id":"https:\/\/revolutionpadelstore.com\/de\/produkt\/pack-de-2-munequeras-enebe-1\/#primaryimage","url":"https:\/\/revolutionpadelstore.com\/wp-content\/uploads\/2025\/11\/FOTO-PALAS-38.png","contentUrl":"https:\/\/revolutionpadelstore.com\/wp-content\/uploads\/2025\/11\/FOTO-PALAS-38.png","width":1500,"height":1500},{"@type":"BreadcrumbList","@id":"https:\/\/revolutionpadelstore.com\/de\/produkt\/pack-de-2-munequeras-enebe-1\/#breadcrumb","itemListElement":[{"@type":"ListItem","position":1,"name":"Portada","item":"https:\/\/revolutionpadelstore.com\/de\/"},{"@type":"ListItem","position":2,"name":"Shop","item":"https:\/\/revolutionpadelstore.com\/de\/tienda\/"},{"@type":"ListItem","position":3,"name":"PACK DE 2 MU\u00d1EQUERAS ENEBE"}]},{"@type":"WebSite","@id":"https:\/\/revolutionpadelstore.com\/de\/#website","url":"https:\/\/revolutionpadelstore.com\/de\/","name":"Revolution Padel Store","description":"","publisher":{"@id":"https:\/\/revolutionpadelstore.com\/de\/#organization"},"potentialAction":[{"@type":"SearchAction","target":{"@type":"EntryPoint","urlTemplate":"https:\/\/revolutionpadelstore.com\/de\/?s={search_term_string}"},"query-input":{"@type":"PropertyValueSpecification","valueRequired":true,"valueName":"search_term_string"}}],"inLanguage":"de"},{"@type":"Organization","@id":"https:\/\/revolutionpadelstore.com\/de\/#organization","name":"Revolution Padel Store","url":"https:\/\/revolutionpadelstore.com\/de\/","logo":{"@type":"ImageObject","inLanguage":"de","@id":"https:\/\/revolutionpadelstore.com\/de\/#\/schema\/logo\/image\/","url":"https:\/\/revolutionpadelstore.com\/wp-content\/uploads\/2026\/02\/revolution-padel-store.jpg","contentUrl":"https:\/\/revolutionpadelstore.com\/wp-content\/uploads\/2026\/02\/revolution-padel-store.jpg","width":2000,"height":2000,"caption":"Revolution Padel Store"},"image":{"@id":"https:\/\/revolutionpadelstore.com\/de\/#\/schema\/logo\/image\/"},"sameAs":["https:\/\/www.instagram.com\/revolutionpadelstore\/"]}]}},"_links":{"self":[{"href":"https:\/\/revolutionpadelstore.com\/de\/wp-json\/wp\/v2\/product\/293981","targetHints":{"allow":["GET"]}}],"collection":[{"href":"https:\/\/revolutionpadelstore.com\/de\/wp-json\/wp\/v2\/product"}],"about":[{"href":"https:\/\/revolutionpadelstore.com\/de\/wp-json\/wp\/v2\/types\/product"}],"replies":[{"embeddable":true,"href":"https:\/\/revolutionpadelstore.com\/de\/wp-json\/wp\/v2\/comments?post=293981"}],"wp:featuredmedia":[{"embeddable":true,"href":"https:\/\/revolutionpadelstore.com\/de\/wp-json\/wp\/v2\/media\/293976"}],"wp:attachment":[{"href":"https:\/\/revolutionpadelstore.com\/de\/wp-json\/wp\/v2\/media?parent=293981"}],"wp:term":[{"taxonomy":"acabado","embeddable":true,"href":"https:\/\/revolutionpadelstore.com\/de\/wp-json\/wp\/v2\/acabado?post=293981"},{"taxonomy":"balance","embeddable":true,"href":"https:\/\/revolutionpadelstore.com\/de\/wp-json\/wp\/v2\/balance?post=293981"},{"taxonomy":"dureza","embeddable":true,"href":"https:\/\/revolutionpadelstore.com\/de\/wp-json\/wp\/v2\/dureza?post=293981"},{"taxonomy":"forma","embeddable":true,"href":"https:\/\/revolutionpadelstore.com\/de\/wp-json\/wp\/v2\/forma?post=293981"},{"taxonomy":"jugador","embeddable":true,"href":"https:\/\/revolutionpadelstore.com\/de\/wp-json\/wp\/v2\/jugador?post=293981"},{"taxonomy":"marca","embeddable":true,"href":"https:\/\/revolutionpadelstore.com\/de\/wp-json\/wp\/v2\/marca?post=293981"},{"taxonomy":"nivel-de-juego","embeddable":true,"href":"https:\/\/revolutionpadelstore.com\/de\/wp-json\/wp\/v2\/nivel-de-juego?post=293981"},{"taxonomy":"superficie","embeddable":true,"href":"https:\/\/revolutionpadelstore.com\/de\/wp-json\/wp\/v2\/superficie?post=293981"},{"taxonomy":"tipo-de-juego","embeddable":true,"href":"https:\/\/revolutionpadelstore.com\/de\/wp-json\/wp\/v2\/tipo-de-juego?post=293981"},{"taxonomy":"product_brand","embeddable":true,"href":"https:\/\/revolutionpadelstore.com\/de\/wp-json\/wp\/v2\/product_brand?post=293981"},{"taxonomy":"product_cat","embeddable":true,"href":"https:\/\/revolutionpadelstore.com\/de\/wp-json\/wp\/v2\/product_cat?post=293981"},{"taxonomy":"product_tag","embeddable":true,"href":"https:\/\/revolutionpadelstore.com\/de\/wp-json\/wp\/v2\/product_tag?post=293981"}],"curies":[{"name":"wp","href":"https:\/\/api.w.org\/{rel}","templated":true}]}}