{"id":293968,"date":"2025-11-06T19:23:41","date_gmt":"2025-11-06T18:23:41","guid":{"rendered":"https:\/\/revolutionpadelstore.com\/mochila-enebe-dreams-marino-beige\/"},"modified":"2026-04-10T14:02:47","modified_gmt":"2026-04-10T12:02:47","slug":"mochila-enebe-dreams-marino-beige-1","status":"publish","type":"product","link":"https:\/\/revolutionpadelstore.com\/de\/produkt\/mochila-enebe-dreams-marino-beige-1\/","title":{"rendered":"MOCHILA ENEBE DREAMS MARINO\/BEIGE"},"content":{"rendered":"<h2>Enebe Dreams Marineblau-Beige-Rucksack \u2013 Eleganz und Funktionalit\u00e4t f\u00fcr Paddle-Tennis-Liebhaber<\/h2>\n<p>Der <strong>Enebe Dreams Navy Blue Beige Rucksack<\/strong> wurde f\u00fcr diejenigen entwickelt, die Padel mit Leidenschaft und Stil leben. Dieser Rucksack eignet sich perfekt f\u00fcr Trainingseinheiten, Spiele oder sogar zur Arbeit und vereint Eleganz, Komfort und Kapazit\u00e4t in einem modernen und vielseitigen Design, das sich jeder Situation anpasst.<\/p>\n<p>Dieser Rucksack besteht aus hochwertigen Materialien und erstklassiger Verarbeitung und bietet nicht nur eine hohe Haltbarkeit, sondern auch einen eleganten Look mit dem unverwechselbaren <strong>Enebe<\/strong>-Logo als Symbol f\u00fcr Authentizit\u00e4t und Leistung.<\/p>\n<h2>Hervorgehobene Funktionen<\/h2>\n<p><strong>-Gro\u00dfes und bel\u00fcftetes Mittelfach<\/strong>: Ideal zum Tragen Ihrer Padel-Kleidung, Schuhe und anderen Trainingszubeh\u00f6rs, ohne sich um Ger\u00fcche sorgen zu m\u00fcssen.<\/p>\n<p><strong>-Multifunktions-Seitentasche<\/strong>: schneller und sicherer Zugriff auf pers\u00f6nliche Gegenst\u00e4nde wie Schl\u00fcssel, Geldb\u00f6rse oder Handy.<\/p>\n<p><strong>-Seitliches elastisches Netz<\/strong>: Perfekt, um Ihre Wasserflasche oder Ihren Ballschlauch immer griffbereit zu haben.<\/p>\n<p><strong>-Ergonomisch gepolsterte Griffe<\/strong>: Verstellbares Design, das den Druck auf die Schultern verringert und jederzeit ein bequemes Tragen gew\u00e4hrleistet.<\/p>\n<p><strong>-Atmungsaktives R\u00fcckenteil<\/strong>: Verbessert die Bel\u00fcftung und verhindert Hitzestau, ideal f\u00fcr die intensivsten Reisen.<\/p>\n<p><strong>-Exklusives Design<\/strong>: Kombination aus Marineblau mit beigen Details, die f\u00fcr einen Hauch von Unterscheidungskraft sorgen, verst\u00e4rkt durch das Enebe-Logo auf der Vorderseite.<\/p>\n<h2>Warum den Enebe Dreams Rucksack w\u00e4hlen?<\/h2>\n<p><strong>-F\u00fchrende Marke im Padelsport<\/strong>: Enebe steht f\u00fcr Qualit\u00e4t und Erfahrung in der Welt des Padelsports.<\/p>\n<p><strong>-Design f\u00fcr den Spieler<\/strong>: Jedes Fach entspricht den tats\u00e4chlichen Bed\u00fcrfnissen des Padel-Spielers.<\/p>\n<p><strong>-Garantierter Komfort<\/strong>: M\u00fcheloser Transport dank fortschrittlicher Ergonomie.<\/p>\n<p><strong>-Absolute Vielseitigkeit<\/strong>: perfekt f\u00fcr die Rennstrecke und den t\u00e4glichen Gebrauch.<\/p>\n<h2>Holen Sie es sich noch heute!<\/h2>\n<p>Verpassen Sie nicht den <strong>Enebe Dreams Navy Blue Beige Rucksack<\/strong>, der ab sofort in unserem Online-Shop <strong><a href=\"https:\/\/www.revolutionpadelstore.com\/\">www.revolutionpadelstore.com<\/a><\/strong> erh\u00e4ltlich ist, <strong>wahrscheinlich zum besten Preis auf dem Markt<\/strong>. W\u00e4hlen Sie Qualit\u00e4t, w\u00e4hlen Sie Enebe.<\/p>\n<h2>Mochila Enebe Dreams Azul Marino Beige &#8211; Elegancia y funcionalidad para los amantes del p\u00e1del<\/h2>\n","protected":false},"excerpt":{"rendered":"<p>Der Enebe Dreams Navy Blue Beige Rucksack vereint Design, Komfort und Stil f\u00fcr diejenigen, die Padel mit Leidenschaft leben. Seine moderne und funktionale \u00c4sthetik macht ihn zum perfekten Begleiter auf und neben dem Platz.<\/p>\n","protected":false},"featured_media":293957,"comment_status":"open","ping_status":"closed","template":"","meta":{"_acf_changed":false,"_joinchat":[]},"acabado":[],"balance":[],"dureza":[],"forma":[],"jugador":[],"marca":[1294],"nivel-de-juego":[],"superficie":[],"tipo-de-juego":[],"product_brand":[],"product_cat":[314],"product_tag":[],"class_list":{"0":"post-293968","1":"product","2":"type-product","3":"status-publish","4":"has-post-thumbnail","6":"marca-enebe-de","7":"product_cat-taschen","9":"first","10":"instock","11":"sale","12":"taxable","13":"shipping-taxable","14":"purchasable","15":"product-type-simple"},"acf":[],"yoast_head":"<!-- This site is optimized with the Yoast SEO plugin v27.4 - https:\/\/yoast.com\/product\/yoast-seo-wordpress\/ -->\n<title>MOCHILA ENEBE DREAMS MARINO\/BEIGE - Revolution Padel Store<\/title>\n<meta name=\"description\" content=\"Descubre la mochila Enebe Dreams Azul Marino Beige, ideal para jugadores de p\u00e1del que buscan estilo, comodidad y funcionalidad. C\u00f3mprala online en Revolution Padel Store al mejor precio.\" \/>\n<meta name=\"robots\" content=\"index, follow, max-snippet:-1, max-image-preview:large, max-video-preview:-1\" \/>\n<link rel=\"canonical\" href=\"https:\/\/revolutionpadelstore.com\/de\/produkt\/mochila-enebe-dreams-marino-beige-1\/\" \/>\n<meta property=\"og:locale\" content=\"de_DE\" \/>\n<meta property=\"og:type\" content=\"article\" \/>\n<meta property=\"og:title\" content=\"MOCHILA ENEBE DREAMS MARINO\/BEIGE - Revolution Padel Store\" \/>\n<meta property=\"og:description\" content=\"Descubre la mochila Enebe Dreams Azul Marino Beige, ideal para jugadores de p\u00e1del que buscan estilo, comodidad y funcionalidad. C\u00f3mprala online en Revolution Padel Store al mejor precio.\" \/>\n<meta property=\"og:url\" content=\"https:\/\/revolutionpadelstore.com\/de\/produkt\/mochila-enebe-dreams-marino-beige-1\/\" \/>\n<meta property=\"og:site_name\" content=\"Revolution Padel Store\" \/>\n<meta property=\"article:modified_time\" content=\"2026-04-10T12:02:47+00:00\" \/>\n<meta property=\"og:image\" content=\"https:\/\/revolutionpadelstore.com\/wp-content\/uploads\/2025\/11\/10.png\" \/>\n\t<meta property=\"og:image:width\" content=\"1500\" \/>\n\t<meta property=\"og:image:height\" content=\"1500\" \/>\n\t<meta property=\"og:image:type\" content=\"image\/png\" \/>\n<meta name=\"twitter:card\" content=\"summary_large_image\" \/>\n<meta name=\"twitter:label1\" content=\"Gesch\u00e4tzte Lesezeit\" \/>\n\t<meta name=\"twitter:data1\" content=\"2\u00a0Minuten\" \/>\n<script type=\"application\/ld+json\" class=\"yoast-schema-graph\">{\"@context\":\"https:\\\/\\\/schema.org\",\"@graph\":[{\"@type\":\"WebPage\",\"@id\":\"https:\\\/\\\/revolutionpadelstore.com\\\/de\\\/produkt\\\/mochila-enebe-dreams-marino-beige-1\\\/\",\"url\":\"https:\\\/\\\/revolutionpadelstore.com\\\/de\\\/produkt\\\/mochila-enebe-dreams-marino-beige-1\\\/\",\"name\":\"MOCHILA ENEBE DREAMS MARINO\\\/BEIGE - Revolution Padel Store\",\"isPartOf\":{\"@id\":\"https:\\\/\\\/revolutionpadelstore.com\\\/de\\\/#website\"},\"primaryImageOfPage\":{\"@id\":\"https:\\\/\\\/revolutionpadelstore.com\\\/de\\\/produkt\\\/mochila-enebe-dreams-marino-beige-1\\\/#primaryimage\"},\"image\":{\"@id\":\"https:\\\/\\\/revolutionpadelstore.com\\\/de\\\/produkt\\\/mochila-enebe-dreams-marino-beige-1\\\/#primaryimage\"},\"thumbnailUrl\":\"https:\\\/\\\/revolutionpadelstore.com\\\/wp-content\\\/uploads\\\/2025\\\/11\\\/10.png\",\"datePublished\":\"2025-11-06T18:23:41+00:00\",\"dateModified\":\"2026-04-10T12:02:47+00:00\",\"description\":\"Descubre la mochila Enebe Dreams Azul Marino Beige, ideal para jugadores de p\u00e1del que buscan estilo, comodidad y funcionalidad. C\u00f3mprala online en Revolution Padel Store al mejor precio.\",\"breadcrumb\":{\"@id\":\"https:\\\/\\\/revolutionpadelstore.com\\\/de\\\/produkt\\\/mochila-enebe-dreams-marino-beige-1\\\/#breadcrumb\"},\"inLanguage\":\"de\",\"potentialAction\":[{\"@type\":\"ReadAction\",\"target\":[\"https:\\\/\\\/revolutionpadelstore.com\\\/de\\\/produkt\\\/mochila-enebe-dreams-marino-beige-1\\\/\"]}]},{\"@type\":\"ImageObject\",\"inLanguage\":\"de\",\"@id\":\"https:\\\/\\\/revolutionpadelstore.com\\\/de\\\/produkt\\\/mochila-enebe-dreams-marino-beige-1\\\/#primaryimage\",\"url\":\"https:\\\/\\\/revolutionpadelstore.com\\\/wp-content\\\/uploads\\\/2025\\\/11\\\/10.png\",\"contentUrl\":\"https:\\\/\\\/revolutionpadelstore.com\\\/wp-content\\\/uploads\\\/2025\\\/11\\\/10.png\",\"width\":1500,\"height\":1500},{\"@type\":\"BreadcrumbList\",\"@id\":\"https:\\\/\\\/revolutionpadelstore.com\\\/de\\\/produkt\\\/mochila-enebe-dreams-marino-beige-1\\\/#breadcrumb\",\"itemListElement\":[{\"@type\":\"ListItem\",\"position\":1,\"name\":\"Portada\",\"item\":\"https:\\\/\\\/revolutionpadelstore.com\\\/de\\\/\"},{\"@type\":\"ListItem\",\"position\":2,\"name\":\"Shop\",\"item\":\"https:\\\/\\\/revolutionpadelstore.com\\\/de\\\/tienda\\\/\"},{\"@type\":\"ListItem\",\"position\":3,\"name\":\"MOCHILA ENEBE DREAMS MARINO\\\/BEIGE\"}]},{\"@type\":\"WebSite\",\"@id\":\"https:\\\/\\\/revolutionpadelstore.com\\\/de\\\/#website\",\"url\":\"https:\\\/\\\/revolutionpadelstore.com\\\/de\\\/\",\"name\":\"Revolution Padel Store\",\"description\":\"\",\"publisher\":{\"@id\":\"https:\\\/\\\/revolutionpadelstore.com\\\/de\\\/#organization\"},\"potentialAction\":[{\"@type\":\"SearchAction\",\"target\":{\"@type\":\"EntryPoint\",\"urlTemplate\":\"https:\\\/\\\/revolutionpadelstore.com\\\/de\\\/?s={search_term_string}\"},\"query-input\":{\"@type\":\"PropertyValueSpecification\",\"valueRequired\":true,\"valueName\":\"search_term_string\"}}],\"inLanguage\":\"de\"},{\"@type\":\"Organization\",\"@id\":\"https:\\\/\\\/revolutionpadelstore.com\\\/de\\\/#organization\",\"name\":\"Revolution Padel Store\",\"url\":\"https:\\\/\\\/revolutionpadelstore.com\\\/de\\\/\",\"logo\":{\"@type\":\"ImageObject\",\"inLanguage\":\"de\",\"@id\":\"https:\\\/\\\/revolutionpadelstore.com\\\/de\\\/#\\\/schema\\\/logo\\\/image\\\/\",\"url\":\"https:\\\/\\\/revolutionpadelstore.com\\\/wp-content\\\/uploads\\\/2026\\\/02\\\/revolution-padel-store.jpg\",\"contentUrl\":\"https:\\\/\\\/revolutionpadelstore.com\\\/wp-content\\\/uploads\\\/2026\\\/02\\\/revolution-padel-store.jpg\",\"width\":2000,\"height\":2000,\"caption\":\"Revolution Padel Store\"},\"image\":{\"@id\":\"https:\\\/\\\/revolutionpadelstore.com\\\/de\\\/#\\\/schema\\\/logo\\\/image\\\/\"},\"sameAs\":[\"https:\\\/\\\/www.instagram.com\\\/revolutionpadelstore\\\/\"]}]}<\/script>\n<!-- \/ Yoast SEO plugin. -->","yoast_head_json":{"title":"MOCHILA ENEBE DREAMS MARINO\/BEIGE - Revolution Padel Store","description":"Descubre la mochila Enebe Dreams Azul Marino Beige, ideal para jugadores de p\u00e1del que buscan estilo, comodidad y funcionalidad. C\u00f3mprala online en Revolution Padel Store al mejor precio.","robots":{"index":"index","follow":"follow","max-snippet":"max-snippet:-1","max-image-preview":"max-image-preview:large","max-video-preview":"max-video-preview:-1"},"canonical":"https:\/\/revolutionpadelstore.com\/de\/produkt\/mochila-enebe-dreams-marino-beige-1\/","og_locale":"de_DE","og_type":"article","og_title":"MOCHILA ENEBE DREAMS MARINO\/BEIGE - Revolution Padel Store","og_description":"Descubre la mochila Enebe Dreams Azul Marino Beige, ideal para jugadores de p\u00e1del que buscan estilo, comodidad y funcionalidad. C\u00f3mprala online en Revolution Padel Store al mejor precio.","og_url":"https:\/\/revolutionpadelstore.com\/de\/produkt\/mochila-enebe-dreams-marino-beige-1\/","og_site_name":"Revolution Padel Store","article_modified_time":"2026-04-10T12:02:47+00:00","og_image":[{"width":1500,"height":1500,"url":"https:\/\/revolutionpadelstore.com\/wp-content\/uploads\/2025\/11\/10.png","type":"image\/png"}],"twitter_card":"summary_large_image","twitter_misc":{"Gesch\u00e4tzte Lesezeit":"2\u00a0Minuten"},"schema":{"@context":"https:\/\/schema.org","@graph":[{"@type":"WebPage","@id":"https:\/\/revolutionpadelstore.com\/de\/produkt\/mochila-enebe-dreams-marino-beige-1\/","url":"https:\/\/revolutionpadelstore.com\/de\/produkt\/mochila-enebe-dreams-marino-beige-1\/","name":"MOCHILA ENEBE DREAMS MARINO\/BEIGE - Revolution Padel Store","isPartOf":{"@id":"https:\/\/revolutionpadelstore.com\/de\/#website"},"primaryImageOfPage":{"@id":"https:\/\/revolutionpadelstore.com\/de\/produkt\/mochila-enebe-dreams-marino-beige-1\/#primaryimage"},"image":{"@id":"https:\/\/revolutionpadelstore.com\/de\/produkt\/mochila-enebe-dreams-marino-beige-1\/#primaryimage"},"thumbnailUrl":"https:\/\/revolutionpadelstore.com\/wp-content\/uploads\/2025\/11\/10.png","datePublished":"2025-11-06T18:23:41+00:00","dateModified":"2026-04-10T12:02:47+00:00","description":"Descubre la mochila Enebe Dreams Azul Marino Beige, ideal para jugadores de p\u00e1del que buscan estilo, comodidad y funcionalidad. C\u00f3mprala online en Revolution Padel Store al mejor precio.","breadcrumb":{"@id":"https:\/\/revolutionpadelstore.com\/de\/produkt\/mochila-enebe-dreams-marino-beige-1\/#breadcrumb"},"inLanguage":"de","potentialAction":[{"@type":"ReadAction","target":["https:\/\/revolutionpadelstore.com\/de\/produkt\/mochila-enebe-dreams-marino-beige-1\/"]}]},{"@type":"ImageObject","inLanguage":"de","@id":"https:\/\/revolutionpadelstore.com\/de\/produkt\/mochila-enebe-dreams-marino-beige-1\/#primaryimage","url":"https:\/\/revolutionpadelstore.com\/wp-content\/uploads\/2025\/11\/10.png","contentUrl":"https:\/\/revolutionpadelstore.com\/wp-content\/uploads\/2025\/11\/10.png","width":1500,"height":1500},{"@type":"BreadcrumbList","@id":"https:\/\/revolutionpadelstore.com\/de\/produkt\/mochila-enebe-dreams-marino-beige-1\/#breadcrumb","itemListElement":[{"@type":"ListItem","position":1,"name":"Portada","item":"https:\/\/revolutionpadelstore.com\/de\/"},{"@type":"ListItem","position":2,"name":"Shop","item":"https:\/\/revolutionpadelstore.com\/de\/tienda\/"},{"@type":"ListItem","position":3,"name":"MOCHILA ENEBE DREAMS MARINO\/BEIGE"}]},{"@type":"WebSite","@id":"https:\/\/revolutionpadelstore.com\/de\/#website","url":"https:\/\/revolutionpadelstore.com\/de\/","name":"Revolution Padel Store","description":"","publisher":{"@id":"https:\/\/revolutionpadelstore.com\/de\/#organization"},"potentialAction":[{"@type":"SearchAction","target":{"@type":"EntryPoint","urlTemplate":"https:\/\/revolutionpadelstore.com\/de\/?s={search_term_string}"},"query-input":{"@type":"PropertyValueSpecification","valueRequired":true,"valueName":"search_term_string"}}],"inLanguage":"de"},{"@type":"Organization","@id":"https:\/\/revolutionpadelstore.com\/de\/#organization","name":"Revolution Padel Store","url":"https:\/\/revolutionpadelstore.com\/de\/","logo":{"@type":"ImageObject","inLanguage":"de","@id":"https:\/\/revolutionpadelstore.com\/de\/#\/schema\/logo\/image\/","url":"https:\/\/revolutionpadelstore.com\/wp-content\/uploads\/2026\/02\/revolution-padel-store.jpg","contentUrl":"https:\/\/revolutionpadelstore.com\/wp-content\/uploads\/2026\/02\/revolution-padel-store.jpg","width":2000,"height":2000,"caption":"Revolution Padel Store"},"image":{"@id":"https:\/\/revolutionpadelstore.com\/de\/#\/schema\/logo\/image\/"},"sameAs":["https:\/\/www.instagram.com\/revolutionpadelstore\/"]}]}},"_links":{"self":[{"href":"https:\/\/revolutionpadelstore.com\/de\/wp-json\/wp\/v2\/product\/293968","targetHints":{"allow":["GET"]}}],"collection":[{"href":"https:\/\/revolutionpadelstore.com\/de\/wp-json\/wp\/v2\/product"}],"about":[{"href":"https:\/\/revolutionpadelstore.com\/de\/wp-json\/wp\/v2\/types\/product"}],"replies":[{"embeddable":true,"href":"https:\/\/revolutionpadelstore.com\/de\/wp-json\/wp\/v2\/comments?post=293968"}],"wp:featuredmedia":[{"embeddable":true,"href":"https:\/\/revolutionpadelstore.com\/de\/wp-json\/wp\/v2\/media\/293957"}],"wp:attachment":[{"href":"https:\/\/revolutionpadelstore.com\/de\/wp-json\/wp\/v2\/media?parent=293968"}],"wp:term":[{"taxonomy":"acabado","embeddable":true,"href":"https:\/\/revolutionpadelstore.com\/de\/wp-json\/wp\/v2\/acabado?post=293968"},{"taxonomy":"balance","embeddable":true,"href":"https:\/\/revolutionpadelstore.com\/de\/wp-json\/wp\/v2\/balance?post=293968"},{"taxonomy":"dureza","embeddable":true,"href":"https:\/\/revolutionpadelstore.com\/de\/wp-json\/wp\/v2\/dureza?post=293968"},{"taxonomy":"forma","embeddable":true,"href":"https:\/\/revolutionpadelstore.com\/de\/wp-json\/wp\/v2\/forma?post=293968"},{"taxonomy":"jugador","embeddable":true,"href":"https:\/\/revolutionpadelstore.com\/de\/wp-json\/wp\/v2\/jugador?post=293968"},{"taxonomy":"marca","embeddable":true,"href":"https:\/\/revolutionpadelstore.com\/de\/wp-json\/wp\/v2\/marca?post=293968"},{"taxonomy":"nivel-de-juego","embeddable":true,"href":"https:\/\/revolutionpadelstore.com\/de\/wp-json\/wp\/v2\/nivel-de-juego?post=293968"},{"taxonomy":"superficie","embeddable":true,"href":"https:\/\/revolutionpadelstore.com\/de\/wp-json\/wp\/v2\/superficie?post=293968"},{"taxonomy":"tipo-de-juego","embeddable":true,"href":"https:\/\/revolutionpadelstore.com\/de\/wp-json\/wp\/v2\/tipo-de-juego?post=293968"},{"taxonomy":"product_brand","embeddable":true,"href":"https:\/\/revolutionpadelstore.com\/de\/wp-json\/wp\/v2\/product_brand?post=293968"},{"taxonomy":"product_cat","embeddable":true,"href":"https:\/\/revolutionpadelstore.com\/de\/wp-json\/wp\/v2\/product_cat?post=293968"},{"taxonomy":"product_tag","embeddable":true,"href":"https:\/\/revolutionpadelstore.com\/de\/wp-json\/wp\/v2\/product_tag?post=293968"}],"curies":[{"name":"wp","href":"https:\/\/api.w.org\/{rel}","templated":true}]}}