{"id":293844,"date":"2025-11-06T00:51:01","date_gmt":"2025-11-05T23:51:01","guid":{"rendered":"https:\/\/revolutionpadelstore.com\/camiseta-nox-pro-blackberry-rose-degraded\/"},"modified":"2026-04-08T01:59:24","modified_gmt":"2026-04-07T23:59:24","slug":"camiseta-nox-pro-blackberry-rose-degraded-1","status":"publish","type":"product","link":"https:\/\/revolutionpadelstore.com\/de\/produkt\/camiseta-nox-pro-blackberry-rose-degraded-1\/","title":{"rendered":"CAMISETA NOX PRO BLACKBERRY ROSE DEGRADED"},"content":{"rendered":"<h2>NOX PRO BLACKBERRY ROSE DEGRADED T-SHIRT \u2013 Leistung, Frische und Stil auf dem Platz<\/h2>\n<p>Das <strong>NOX PRO BLACKBERRY ROSE DEGRADED T-Shirt<\/strong> vereint modernes Design, fortschrittliche Technologie und h\u00f6chsten Komfort f\u00fcr die anspruchsvollsten Spieler. Mit einem attraktiven <strong>Verlauf in Lila- und Rosat\u00f6nen<\/strong> zeichnet sich dieses Kleidungsst\u00fcck nicht nur durch seine anspruchsvolle \u00c4sthetik aus, sondern auch durch seine F\u00e4higkeit, Sie in den intensivsten Momenten des Spiels zu begleiten.<\/p>\n<p>Es ist mit der exklusiven <strong>BALANCE FRESH\u00ae<\/strong>-Technologie von NOX ausgestattet, die die Bel\u00fcftung verbessert und die Schwei\u00dfverdunstung beschleunigt und so w\u00e4hrend des gesamten Spiels Frische und Leichtigkeit garantiert.<\/p>\n<p>Sein <strong>normaler<\/strong> Schnitt mit kurzen \u00c4rmeln und technischem Stoff erm\u00f6glichen nat\u00fcrliche Beweglichkeit, passen sich dem K\u00f6rper ohne Einschr\u00e4nkungen an und vermeiden Beschwerden w\u00e4hrend des Spiels.<\/p>\n<h2>Hervorgehobene Funktionen<\/h2>\n<p><strong>-Balance Fresh\u00ae-Technologie<\/strong>: Verbessert die Atmungsaktivit\u00e4t, reguliert die K\u00f6rpertemperatur und h\u00e4lt die Haut jederzeit trocken.<\/p>\n<p><strong>-Hochleistungstechnisches Material<\/strong>: Bestehend aus 92 % Polyester und 8 % Elasthan, bietet es Elastizit\u00e4t, Widerstandsf\u00e4higkeit und Komfort bei jeder Bewegung.<\/p>\n<p><strong>-Ergonomischer Schnitt mit normaler Passform<\/strong>: Bequeme und nat\u00fcrliche Passform, die dank der flachen N\u00e4hte Ihre Bewegungen ohne Reibung begleitet.<\/p>\n<p><strong>Einfache Wartung<\/strong>: Best\u00e4ndig gegen Dauergebrauch und h\u00e4ufiges Waschen, beh\u00e4lt Form und Farbe wie am ersten Tag.<\/p>\n<h2>Hauptvorteile des NOX PRO BLACKBERRY ROSE DEGRADED T-Shirts<\/h2>\n<p><strong>-Maximaler Komfort<\/strong>: Entwickelt f\u00fcr lange Trainingseinheiten und hochintensive Spiele.<\/p>\n<p><strong>-Elegantes und sportliches Design<\/strong>: Der Farbverlauf in Rosa und Lila sorgt f\u00fcr ein professionelles und feminines Image auf dem Platz.<\/p>\n<p><strong>-Leistung ohne Grenzen<\/strong>: Perfekt f\u00fcr Spieler, die technische Leistung suchen, ohne auf Stil zu verzichten.<\/p>\n<h2>Erh\u00e4ltlich im Revolution Padel Store<\/h2>\n<p>Holen Sie sich das T-Shirt NOX PRO BLACKBERRY ROSE DEGRADED bei <strong><a href=\"http:\/\/www.revolutionpadelstore.com\/\">www.revolutionpadelstore.com<\/a><\/strong>, Ihrem Gesch\u00e4ft, das auf <strong>Paddelbekleidung<\/strong> und offizielle Produkte von <strong>den besten Marken auf dem Markt<\/strong>, wie NOX, spezialisiert ist.<\/p>\n<p>Kaufen Sie jetzt und genie\u00dfen Sie dieses exklusive Kleidungsst\u00fcck zum wahrscheinlich besten Preis auf dem Markt!<\/p>\n<h2>CAMISETA NOX PRO BLACKBERRY ROSE DEGRADED \u2013 Rendimiento, frescura y estilo en la pista<\/h2>\n","protected":false},"excerpt":{"rendered":"<p>NOX PRO BLACKBERRY ROSE DEGRADED T-SHIRT \u2013 Leistung, Frische und Stil auf dem Platz Das NOX PRO BLACKBERRY ROSE DEGRADED T-Shirt vereint modernes Design, fortschrittliche Technologie und h\u00f6chsten Komfort f\u00fcr die anspruchsvollsten Spieler. Mit einem attraktiven Verlauf in Lila- und Rosat\u00f6nen zeichnet sich dieses Kleidungsst\u00fcck nicht nur durch seine anspruchsvolle \u00c4sthetik aus, sondern auch durch [&hellip;]<\/p>\n","protected":false},"featured_media":293817,"comment_status":"open","ping_status":"closed","template":"","meta":{"_acf_changed":false,"_joinchat":[]},"acabado":[],"balance":[],"dureza":[],"forma":[],"jugador":[],"marca":[1259],"nivel-de-juego":[],"superficie":[],"tipo-de-juego":[],"product_brand":[],"product_cat":[323],"product_tag":[],"class_list":{"0":"post-293844","1":"product","2":"type-product","3":"status-publish","4":"has-post-thumbnail","6":"marca-nox-de","7":"product_cat-ropa-de","9":"first","10":"instock","11":"sale","12":"taxable","13":"shipping-taxable","14":"purchasable","15":"product-type-variable"},"acf":[],"yoast_head":"<!-- This site is optimized with the Yoast SEO plugin v27.4 - https:\/\/yoast.com\/product\/yoast-seo-wordpress\/ -->\n<title>CAMISETA NOX PRO BLACKBERRY ROSE DEGRADED - Revolution Padel Store<\/title>\n<meta name=\"description\" content=\"Descubre la camiseta NOX PRO BLACKBERRY ROSE DEGRADED en Revolution Padel Store. Estilo, tecnolog\u00eda Balance Fresh\u00ae y libertad de movimiento para jugadoras que buscan rendimiento y elegancia. \u00a1Probablemente al mejor precio del mercado!\" \/>\n<meta name=\"robots\" content=\"index, follow, max-snippet:-1, max-image-preview:large, max-video-preview:-1\" \/>\n<link rel=\"canonical\" href=\"https:\/\/revolutionpadelstore.com\/de\/produkt\/camiseta-nox-pro-blackberry-rose-degraded-1\/\" \/>\n<meta property=\"og:locale\" content=\"de_DE\" \/>\n<meta property=\"og:type\" content=\"article\" \/>\n<meta property=\"og:title\" content=\"CAMISETA NOX PRO BLACKBERRY ROSE DEGRADED - Revolution Padel Store\" \/>\n<meta property=\"og:description\" content=\"Descubre la camiseta NOX PRO BLACKBERRY ROSE DEGRADED en Revolution Padel Store. Estilo, tecnolog\u00eda Balance Fresh\u00ae y libertad de movimiento para jugadoras que buscan rendimiento y elegancia. \u00a1Probablemente al mejor precio del mercado!\" \/>\n<meta property=\"og:url\" content=\"https:\/\/revolutionpadelstore.com\/de\/produkt\/camiseta-nox-pro-blackberry-rose-degraded-1\/\" \/>\n<meta property=\"og:site_name\" content=\"Revolution Padel Store\" \/>\n<meta property=\"article:modified_time\" content=\"2026-04-07T23:59:24+00:00\" \/>\n<meta property=\"og:image\" content=\"https:\/\/revolutionpadelstore.com\/wp-content\/uploads\/2025\/11\/2.png\" \/>\n\t<meta property=\"og:image:width\" content=\"1500\" \/>\n\t<meta property=\"og:image:height\" content=\"1500\" \/>\n\t<meta property=\"og:image:type\" content=\"image\/png\" \/>\n<meta name=\"twitter:card\" content=\"summary_large_image\" \/>\n<meta name=\"twitter:label1\" content=\"Gesch\u00e4tzte Lesezeit\" \/>\n\t<meta name=\"twitter:data1\" content=\"2\u00a0Minuten\" \/>\n<script type=\"application\/ld+json\" class=\"yoast-schema-graph\">{\"@context\":\"https:\\\/\\\/schema.org\",\"@graph\":[{\"@type\":\"WebPage\",\"@id\":\"https:\\\/\\\/revolutionpadelstore.com\\\/de\\\/produkt\\\/camiseta-nox-pro-blackberry-rose-degraded-1\\\/\",\"url\":\"https:\\\/\\\/revolutionpadelstore.com\\\/de\\\/produkt\\\/camiseta-nox-pro-blackberry-rose-degraded-1\\\/\",\"name\":\"CAMISETA NOX PRO BLACKBERRY ROSE DEGRADED - Revolution Padel Store\",\"isPartOf\":{\"@id\":\"https:\\\/\\\/revolutionpadelstore.com\\\/de\\\/#website\"},\"primaryImageOfPage\":{\"@id\":\"https:\\\/\\\/revolutionpadelstore.com\\\/de\\\/produkt\\\/camiseta-nox-pro-blackberry-rose-degraded-1\\\/#primaryimage\"},\"image\":{\"@id\":\"https:\\\/\\\/revolutionpadelstore.com\\\/de\\\/produkt\\\/camiseta-nox-pro-blackberry-rose-degraded-1\\\/#primaryimage\"},\"thumbnailUrl\":\"https:\\\/\\\/revolutionpadelstore.com\\\/wp-content\\\/uploads\\\/2025\\\/11\\\/2.png\",\"datePublished\":\"2025-11-05T23:51:01+00:00\",\"dateModified\":\"2026-04-07T23:59:24+00:00\",\"description\":\"Descubre la camiseta NOX PRO BLACKBERRY ROSE DEGRADED en Revolution Padel Store. Estilo, tecnolog\u00eda Balance Fresh\u00ae y libertad de movimiento para jugadoras que buscan rendimiento y elegancia. \u00a1Probablemente al mejor precio del mercado!\",\"breadcrumb\":{\"@id\":\"https:\\\/\\\/revolutionpadelstore.com\\\/de\\\/produkt\\\/camiseta-nox-pro-blackberry-rose-degraded-1\\\/#breadcrumb\"},\"inLanguage\":\"de\",\"potentialAction\":[{\"@type\":\"ReadAction\",\"target\":[\"https:\\\/\\\/revolutionpadelstore.com\\\/de\\\/produkt\\\/camiseta-nox-pro-blackberry-rose-degraded-1\\\/\"]}]},{\"@type\":\"ImageObject\",\"inLanguage\":\"de\",\"@id\":\"https:\\\/\\\/revolutionpadelstore.com\\\/de\\\/produkt\\\/camiseta-nox-pro-blackberry-rose-degraded-1\\\/#primaryimage\",\"url\":\"https:\\\/\\\/revolutionpadelstore.com\\\/wp-content\\\/uploads\\\/2025\\\/11\\\/2.png\",\"contentUrl\":\"https:\\\/\\\/revolutionpadelstore.com\\\/wp-content\\\/uploads\\\/2025\\\/11\\\/2.png\",\"width\":1500,\"height\":1500},{\"@type\":\"BreadcrumbList\",\"@id\":\"https:\\\/\\\/revolutionpadelstore.com\\\/de\\\/produkt\\\/camiseta-nox-pro-blackberry-rose-degraded-1\\\/#breadcrumb\",\"itemListElement\":[{\"@type\":\"ListItem\",\"position\":1,\"name\":\"Portada\",\"item\":\"https:\\\/\\\/revolutionpadelstore.com\\\/de\\\/\"},{\"@type\":\"ListItem\",\"position\":2,\"name\":\"Shop\",\"item\":\"https:\\\/\\\/revolutionpadelstore.com\\\/de\\\/tienda\\\/\"},{\"@type\":\"ListItem\",\"position\":3,\"name\":\"CAMISETA NOX PRO BLACKBERRY ROSE DEGRADED\"}]},{\"@type\":\"WebSite\",\"@id\":\"https:\\\/\\\/revolutionpadelstore.com\\\/de\\\/#website\",\"url\":\"https:\\\/\\\/revolutionpadelstore.com\\\/de\\\/\",\"name\":\"Revolution Padel Store\",\"description\":\"\",\"publisher\":{\"@id\":\"https:\\\/\\\/revolutionpadelstore.com\\\/de\\\/#organization\"},\"potentialAction\":[{\"@type\":\"SearchAction\",\"target\":{\"@type\":\"EntryPoint\",\"urlTemplate\":\"https:\\\/\\\/revolutionpadelstore.com\\\/de\\\/?s={search_term_string}\"},\"query-input\":{\"@type\":\"PropertyValueSpecification\",\"valueRequired\":true,\"valueName\":\"search_term_string\"}}],\"inLanguage\":\"de\"},{\"@type\":\"Organization\",\"@id\":\"https:\\\/\\\/revolutionpadelstore.com\\\/de\\\/#organization\",\"name\":\"Revolution Padel Store\",\"url\":\"https:\\\/\\\/revolutionpadelstore.com\\\/de\\\/\",\"logo\":{\"@type\":\"ImageObject\",\"inLanguage\":\"de\",\"@id\":\"https:\\\/\\\/revolutionpadelstore.com\\\/de\\\/#\\\/schema\\\/logo\\\/image\\\/\",\"url\":\"https:\\\/\\\/revolutionpadelstore.com\\\/wp-content\\\/uploads\\\/2026\\\/02\\\/revolution-padel-store.jpg\",\"contentUrl\":\"https:\\\/\\\/revolutionpadelstore.com\\\/wp-content\\\/uploads\\\/2026\\\/02\\\/revolution-padel-store.jpg\",\"width\":2000,\"height\":2000,\"caption\":\"Revolution Padel Store\"},\"image\":{\"@id\":\"https:\\\/\\\/revolutionpadelstore.com\\\/de\\\/#\\\/schema\\\/logo\\\/image\\\/\"},\"sameAs\":[\"https:\\\/\\\/www.instagram.com\\\/revolutionpadelstore\\\/\"]}]}<\/script>\n<!-- \/ Yoast SEO plugin. -->","yoast_head_json":{"title":"CAMISETA NOX PRO BLACKBERRY ROSE DEGRADED - Revolution Padel Store","description":"Descubre la camiseta NOX PRO BLACKBERRY ROSE DEGRADED en Revolution Padel Store. Estilo, tecnolog\u00eda Balance Fresh\u00ae y libertad de movimiento para jugadoras que buscan rendimiento y elegancia. \u00a1Probablemente al mejor precio del mercado!","robots":{"index":"index","follow":"follow","max-snippet":"max-snippet:-1","max-image-preview":"max-image-preview:large","max-video-preview":"max-video-preview:-1"},"canonical":"https:\/\/revolutionpadelstore.com\/de\/produkt\/camiseta-nox-pro-blackberry-rose-degraded-1\/","og_locale":"de_DE","og_type":"article","og_title":"CAMISETA NOX PRO BLACKBERRY ROSE DEGRADED - Revolution Padel Store","og_description":"Descubre la camiseta NOX PRO BLACKBERRY ROSE DEGRADED en Revolution Padel Store. Estilo, tecnolog\u00eda Balance Fresh\u00ae y libertad de movimiento para jugadoras que buscan rendimiento y elegancia. \u00a1Probablemente al mejor precio del mercado!","og_url":"https:\/\/revolutionpadelstore.com\/de\/produkt\/camiseta-nox-pro-blackberry-rose-degraded-1\/","og_site_name":"Revolution Padel Store","article_modified_time":"2026-04-07T23:59:24+00:00","og_image":[{"width":1500,"height":1500,"url":"https:\/\/revolutionpadelstore.com\/wp-content\/uploads\/2025\/11\/2.png","type":"image\/png"}],"twitter_card":"summary_large_image","twitter_misc":{"Gesch\u00e4tzte Lesezeit":"2\u00a0Minuten"},"schema":{"@context":"https:\/\/schema.org","@graph":[{"@type":"WebPage","@id":"https:\/\/revolutionpadelstore.com\/de\/produkt\/camiseta-nox-pro-blackberry-rose-degraded-1\/","url":"https:\/\/revolutionpadelstore.com\/de\/produkt\/camiseta-nox-pro-blackberry-rose-degraded-1\/","name":"CAMISETA NOX PRO BLACKBERRY ROSE DEGRADED - Revolution Padel Store","isPartOf":{"@id":"https:\/\/revolutionpadelstore.com\/de\/#website"},"primaryImageOfPage":{"@id":"https:\/\/revolutionpadelstore.com\/de\/produkt\/camiseta-nox-pro-blackberry-rose-degraded-1\/#primaryimage"},"image":{"@id":"https:\/\/revolutionpadelstore.com\/de\/produkt\/camiseta-nox-pro-blackberry-rose-degraded-1\/#primaryimage"},"thumbnailUrl":"https:\/\/revolutionpadelstore.com\/wp-content\/uploads\/2025\/11\/2.png","datePublished":"2025-11-05T23:51:01+00:00","dateModified":"2026-04-07T23:59:24+00:00","description":"Descubre la camiseta NOX PRO BLACKBERRY ROSE DEGRADED en Revolution Padel Store. Estilo, tecnolog\u00eda Balance Fresh\u00ae y libertad de movimiento para jugadoras que buscan rendimiento y elegancia. \u00a1Probablemente al mejor precio del mercado!","breadcrumb":{"@id":"https:\/\/revolutionpadelstore.com\/de\/produkt\/camiseta-nox-pro-blackberry-rose-degraded-1\/#breadcrumb"},"inLanguage":"de","potentialAction":[{"@type":"ReadAction","target":["https:\/\/revolutionpadelstore.com\/de\/produkt\/camiseta-nox-pro-blackberry-rose-degraded-1\/"]}]},{"@type":"ImageObject","inLanguage":"de","@id":"https:\/\/revolutionpadelstore.com\/de\/produkt\/camiseta-nox-pro-blackberry-rose-degraded-1\/#primaryimage","url":"https:\/\/revolutionpadelstore.com\/wp-content\/uploads\/2025\/11\/2.png","contentUrl":"https:\/\/revolutionpadelstore.com\/wp-content\/uploads\/2025\/11\/2.png","width":1500,"height":1500},{"@type":"BreadcrumbList","@id":"https:\/\/revolutionpadelstore.com\/de\/produkt\/camiseta-nox-pro-blackberry-rose-degraded-1\/#breadcrumb","itemListElement":[{"@type":"ListItem","position":1,"name":"Portada","item":"https:\/\/revolutionpadelstore.com\/de\/"},{"@type":"ListItem","position":2,"name":"Shop","item":"https:\/\/revolutionpadelstore.com\/de\/tienda\/"},{"@type":"ListItem","position":3,"name":"CAMISETA NOX PRO BLACKBERRY ROSE DEGRADED"}]},{"@type":"WebSite","@id":"https:\/\/revolutionpadelstore.com\/de\/#website","url":"https:\/\/revolutionpadelstore.com\/de\/","name":"Revolution Padel Store","description":"","publisher":{"@id":"https:\/\/revolutionpadelstore.com\/de\/#organization"},"potentialAction":[{"@type":"SearchAction","target":{"@type":"EntryPoint","urlTemplate":"https:\/\/revolutionpadelstore.com\/de\/?s={search_term_string}"},"query-input":{"@type":"PropertyValueSpecification","valueRequired":true,"valueName":"search_term_string"}}],"inLanguage":"de"},{"@type":"Organization","@id":"https:\/\/revolutionpadelstore.com\/de\/#organization","name":"Revolution Padel Store","url":"https:\/\/revolutionpadelstore.com\/de\/","logo":{"@type":"ImageObject","inLanguage":"de","@id":"https:\/\/revolutionpadelstore.com\/de\/#\/schema\/logo\/image\/","url":"https:\/\/revolutionpadelstore.com\/wp-content\/uploads\/2026\/02\/revolution-padel-store.jpg","contentUrl":"https:\/\/revolutionpadelstore.com\/wp-content\/uploads\/2026\/02\/revolution-padel-store.jpg","width":2000,"height":2000,"caption":"Revolution Padel Store"},"image":{"@id":"https:\/\/revolutionpadelstore.com\/de\/#\/schema\/logo\/image\/"},"sameAs":["https:\/\/www.instagram.com\/revolutionpadelstore\/"]}]}},"_links":{"self":[{"href":"https:\/\/revolutionpadelstore.com\/de\/wp-json\/wp\/v2\/product\/293844","targetHints":{"allow":["GET"]}}],"collection":[{"href":"https:\/\/revolutionpadelstore.com\/de\/wp-json\/wp\/v2\/product"}],"about":[{"href":"https:\/\/revolutionpadelstore.com\/de\/wp-json\/wp\/v2\/types\/product"}],"replies":[{"embeddable":true,"href":"https:\/\/revolutionpadelstore.com\/de\/wp-json\/wp\/v2\/comments?post=293844"}],"wp:featuredmedia":[{"embeddable":true,"href":"https:\/\/revolutionpadelstore.com\/de\/wp-json\/wp\/v2\/media\/293817"}],"wp:attachment":[{"href":"https:\/\/revolutionpadelstore.com\/de\/wp-json\/wp\/v2\/media?parent=293844"}],"wp:term":[{"taxonomy":"acabado","embeddable":true,"href":"https:\/\/revolutionpadelstore.com\/de\/wp-json\/wp\/v2\/acabado?post=293844"},{"taxonomy":"balance","embeddable":true,"href":"https:\/\/revolutionpadelstore.com\/de\/wp-json\/wp\/v2\/balance?post=293844"},{"taxonomy":"dureza","embeddable":true,"href":"https:\/\/revolutionpadelstore.com\/de\/wp-json\/wp\/v2\/dureza?post=293844"},{"taxonomy":"forma","embeddable":true,"href":"https:\/\/revolutionpadelstore.com\/de\/wp-json\/wp\/v2\/forma?post=293844"},{"taxonomy":"jugador","embeddable":true,"href":"https:\/\/revolutionpadelstore.com\/de\/wp-json\/wp\/v2\/jugador?post=293844"},{"taxonomy":"marca","embeddable":true,"href":"https:\/\/revolutionpadelstore.com\/de\/wp-json\/wp\/v2\/marca?post=293844"},{"taxonomy":"nivel-de-juego","embeddable":true,"href":"https:\/\/revolutionpadelstore.com\/de\/wp-json\/wp\/v2\/nivel-de-juego?post=293844"},{"taxonomy":"superficie","embeddable":true,"href":"https:\/\/revolutionpadelstore.com\/de\/wp-json\/wp\/v2\/superficie?post=293844"},{"taxonomy":"tipo-de-juego","embeddable":true,"href":"https:\/\/revolutionpadelstore.com\/de\/wp-json\/wp\/v2\/tipo-de-juego?post=293844"},{"taxonomy":"product_brand","embeddable":true,"href":"https:\/\/revolutionpadelstore.com\/de\/wp-json\/wp\/v2\/product_brand?post=293844"},{"taxonomy":"product_cat","embeddable":true,"href":"https:\/\/revolutionpadelstore.com\/de\/wp-json\/wp\/v2\/product_cat?post=293844"},{"taxonomy":"product_tag","embeddable":true,"href":"https:\/\/revolutionpadelstore.com\/de\/wp-json\/wp\/v2\/product_tag?post=293844"}],"curies":[{"name":"wp","href":"https:\/\/api.w.org\/{rel}","templated":true}]}}