{"id":293790,"date":"2025-11-06T00:33:48","date_gmt":"2025-11-05T23:33:48","guid":{"rendered":"https:\/\/revolutionpadelstore.com\/camiseta-nox-pro-blackberry\/"},"modified":"2026-04-08T02:03:40","modified_gmt":"2026-04-08T00:03:40","slug":"camiseta-nox-pro-blackberry-1","status":"publish","type":"product","link":"https:\/\/revolutionpadelstore.com\/de\/produkt\/camiseta-nox-pro-blackberry-1\/","title":{"rendered":"CAMISETA NOX PRO BLACKBERRY"},"content":{"rendered":"<h2>NOX PRO BLACKBERRY T-SHIRT \u2013 Stil, Technologie und Leistung auf dem Platz<\/h2>\n<p>Das NOX PRO BLACKBERRY T-Shirt definiert Eleganz auf dem Platz mit einem modernen und minimalistischen Design in Lila neu und vereint Funktionalit\u00e4t und Stil f\u00fcr anspruchsvolle Spieler. Dieses Kleidungsst\u00fcck besteht aus ultraleichtem technischem Stoff und der <strong>BALANCE FRESH\u00ae<\/strong>-Technologie und garantiert ein frisches und komfortables Spielerlebnis bei jedem Spiel.<\/p>\n<p>Dank seines <strong>Relax Fit<\/strong>-Schnitts und hochwertiger Materialien bietet es absolute Bewegungsfreiheit, sodass Sie ohne Einschr\u00e4nkungen auf h\u00f6chstem Niveau spielen k\u00f6nnen.<\/p>\n<h2>Hervorgehobene Funktionen<\/h2>\n<p><strong>-Balance Fresh\u00ae-Technologie<\/strong>: Verbessert die Schwei\u00dfbildung und reguliert die K\u00f6rpertemperatur, sodass Sie auch bei intensivsten Spielen trocken bleiben.<\/p>\n<p><strong>-Technisches High-End-Gewebe<\/strong>: Zusammensetzung aus 92 % Polyester und 8 % Elastan, ideal f\u00fcr mehr Elastizit\u00e4t, Widerstandsf\u00e4higkeit und Haltbarkeit.<\/p>\n<p><strong>-Ergonomischer Schnitt mit entspannter Passform<\/strong>: An den K\u00f6rper des Spielers angepasstes Design, das dank seiner flachen N\u00e4hte Scheuern und Unbehagen verhindert.<\/p>\n<p><strong>-Einfache Wartung<\/strong>: Beh\u00e4lt Form und Farbe nach jedem Waschen bei und sorgt so f\u00fcr eine lange Nutzungsdauer.<\/p>\n<h2>Vorteile der Wahl des PRO BLACKBERRY T-Shirts<\/h2>\n<p><strong>-Maximaler Komfort<\/strong>: Ideal f\u00fcr lange Trainingseinheiten oder anspruchsvolle Spiele.<\/p>\n<p><strong>-Professioneller Stil auf dem Platz<\/strong>: Sein Brombeerton mit kontrastierenden Details sorgt f\u00fcr einen eleganten und sportlichen Look.<\/p>\n<p><strong>-Vielseitigkeit<\/strong>: Perfekt sowohl f\u00fcr das Training als auch f\u00fcr offizielle Wettk\u00e4mpfe.<\/p>\n<h2>Warum im Revolution Padel Store kaufen?<\/h2>\n<p>Im <strong>Revolution Padel Store<\/strong> bieten wir Ihnen offizielle Produkte der besten <strong>Paddelmarken<\/strong> wie NOX zu wettbewerbsf\u00e4higen Preisen, schnellem Versand und spezialisiertem Service. Dieses T-Shirt ist in unserem Shop wahrscheinlich <strong>zum besten Preis auf dem Markt<\/strong> erh\u00e4ltlich.<\/p>\n<p>Geben Sie jetzt Ihre Bestellung auf und sp\u00fcren Sie den Unterschied auf dem Platz!<\/p>\n<h2>CAMISETA NOX PRO BLACKBERRY \u2013 Estilo, tecnolog\u00eda y rendimiento en la pista<\/h2>\n","protected":false},"excerpt":{"rendered":"<p>NOX PRO BLACKBERRY T-SHIRT \u2013 Stil, Technologie und Leistung auf dem Platz Das NOX PRO BLACKBERRY T-Shirt definiert Eleganz auf dem Platz mit einem modernen und minimalistischen Design in Lila neu und vereint Funktionalit\u00e4t und Stil f\u00fcr anspruchsvolle Spieler. Dieses Kleidungsst\u00fcck besteht aus ultraleichtem technischem Stoff und der BALANCE FRESH\u00ae-Technologie und garantiert ein frisches und [&hellip;]<\/p>\n","protected":false},"featured_media":293763,"comment_status":"open","ping_status":"closed","template":"","meta":{"_acf_changed":false,"_joinchat":[]},"acabado":[],"balance":[],"dureza":[],"forma":[],"jugador":[],"marca":[1259],"nivel-de-juego":[],"superficie":[],"tipo-de-juego":[],"product_brand":[],"product_cat":[323],"product_tag":[],"class_list":{"0":"post-293790","1":"product","2":"type-product","3":"status-publish","4":"has-post-thumbnail","6":"marca-nox-de","7":"product_cat-ropa-de","9":"first","10":"instock","11":"sale","12":"taxable","13":"shipping-taxable","14":"purchasable","15":"product-type-variable"},"acf":[],"yoast_head":"<!-- This site is optimized with the Yoast SEO plugin v27.4 - https:\/\/yoast.com\/product\/yoast-seo-wordpress\/ -->\n<title>CAMISETA NOX PRO BLACKBERRY - Revolution Padel Store<\/title>\n<meta name=\"description\" content=\"Compra la camiseta NOX PRO BLACKBERRY en Revolution Padel Store. Dise\u00f1o t\u00e9cnico, tecnolog\u00eda Balance Fresh\u00ae y comodidad total para destacar en la pista. \u00a1Probablemente al mejor precio del mercado!\" \/>\n<meta name=\"robots\" content=\"index, follow, max-snippet:-1, max-image-preview:large, max-video-preview:-1\" \/>\n<link rel=\"canonical\" href=\"https:\/\/revolutionpadelstore.com\/de\/produkt\/camiseta-nox-pro-blackberry-1\/\" \/>\n<meta property=\"og:locale\" content=\"de_DE\" \/>\n<meta property=\"og:type\" content=\"article\" \/>\n<meta property=\"og:title\" content=\"CAMISETA NOX PRO BLACKBERRY - Revolution Padel Store\" \/>\n<meta property=\"og:description\" content=\"Compra la camiseta NOX PRO BLACKBERRY en Revolution Padel Store. Dise\u00f1o t\u00e9cnico, tecnolog\u00eda Balance Fresh\u00ae y comodidad total para destacar en la pista. \u00a1Probablemente al mejor precio del mercado!\" \/>\n<meta property=\"og:url\" content=\"https:\/\/revolutionpadelstore.com\/de\/produkt\/camiseta-nox-pro-blackberry-1\/\" \/>\n<meta property=\"og:site_name\" content=\"Revolution Padel Store\" \/>\n<meta property=\"article:modified_time\" content=\"2026-04-08T00:03:40+00:00\" \/>\n<meta property=\"og:image\" content=\"https:\/\/revolutionpadelstore.com\/wp-content\/uploads\/2025\/11\/495.png\" \/>\n\t<meta property=\"og:image:width\" content=\"1500\" \/>\n\t<meta property=\"og:image:height\" content=\"1500\" \/>\n\t<meta property=\"og:image:type\" content=\"image\/png\" \/>\n<meta name=\"twitter:card\" content=\"summary_large_image\" \/>\n<meta name=\"twitter:label1\" content=\"Gesch\u00e4tzte Lesezeit\" \/>\n\t<meta name=\"twitter:data1\" content=\"1\u00a0Minute\" \/>\n<script type=\"application\/ld+json\" class=\"yoast-schema-graph\">{\"@context\":\"https:\\\/\\\/schema.org\",\"@graph\":[{\"@type\":\"WebPage\",\"@id\":\"https:\\\/\\\/revolutionpadelstore.com\\\/de\\\/produkt\\\/camiseta-nox-pro-blackberry-1\\\/\",\"url\":\"https:\\\/\\\/revolutionpadelstore.com\\\/de\\\/produkt\\\/camiseta-nox-pro-blackberry-1\\\/\",\"name\":\"CAMISETA NOX PRO BLACKBERRY - Revolution Padel Store\",\"isPartOf\":{\"@id\":\"https:\\\/\\\/revolutionpadelstore.com\\\/de\\\/#website\"},\"primaryImageOfPage\":{\"@id\":\"https:\\\/\\\/revolutionpadelstore.com\\\/de\\\/produkt\\\/camiseta-nox-pro-blackberry-1\\\/#primaryimage\"},\"image\":{\"@id\":\"https:\\\/\\\/revolutionpadelstore.com\\\/de\\\/produkt\\\/camiseta-nox-pro-blackberry-1\\\/#primaryimage\"},\"thumbnailUrl\":\"https:\\\/\\\/revolutionpadelstore.com\\\/wp-content\\\/uploads\\\/2025\\\/11\\\/495.png\",\"datePublished\":\"2025-11-05T23:33:48+00:00\",\"dateModified\":\"2026-04-08T00:03:40+00:00\",\"description\":\"Compra la camiseta NOX PRO BLACKBERRY en Revolution Padel Store. Dise\u00f1o t\u00e9cnico, tecnolog\u00eda Balance Fresh\u00ae y comodidad total para destacar en la pista. \u00a1Probablemente al mejor precio del mercado!\",\"breadcrumb\":{\"@id\":\"https:\\\/\\\/revolutionpadelstore.com\\\/de\\\/produkt\\\/camiseta-nox-pro-blackberry-1\\\/#breadcrumb\"},\"inLanguage\":\"de\",\"potentialAction\":[{\"@type\":\"ReadAction\",\"target\":[\"https:\\\/\\\/revolutionpadelstore.com\\\/de\\\/produkt\\\/camiseta-nox-pro-blackberry-1\\\/\"]}]},{\"@type\":\"ImageObject\",\"inLanguage\":\"de\",\"@id\":\"https:\\\/\\\/revolutionpadelstore.com\\\/de\\\/produkt\\\/camiseta-nox-pro-blackberry-1\\\/#primaryimage\",\"url\":\"https:\\\/\\\/revolutionpadelstore.com\\\/wp-content\\\/uploads\\\/2025\\\/11\\\/495.png\",\"contentUrl\":\"https:\\\/\\\/revolutionpadelstore.com\\\/wp-content\\\/uploads\\\/2025\\\/11\\\/495.png\",\"width\":1500,\"height\":1500},{\"@type\":\"BreadcrumbList\",\"@id\":\"https:\\\/\\\/revolutionpadelstore.com\\\/de\\\/produkt\\\/camiseta-nox-pro-blackberry-1\\\/#breadcrumb\",\"itemListElement\":[{\"@type\":\"ListItem\",\"position\":1,\"name\":\"Portada\",\"item\":\"https:\\\/\\\/revolutionpadelstore.com\\\/de\\\/\"},{\"@type\":\"ListItem\",\"position\":2,\"name\":\"Shop\",\"item\":\"https:\\\/\\\/revolutionpadelstore.com\\\/de\\\/tienda\\\/\"},{\"@type\":\"ListItem\",\"position\":3,\"name\":\"CAMISETA NOX PRO BLACKBERRY\"}]},{\"@type\":\"WebSite\",\"@id\":\"https:\\\/\\\/revolutionpadelstore.com\\\/de\\\/#website\",\"url\":\"https:\\\/\\\/revolutionpadelstore.com\\\/de\\\/\",\"name\":\"Revolution Padel Store\",\"description\":\"\",\"publisher\":{\"@id\":\"https:\\\/\\\/revolutionpadelstore.com\\\/de\\\/#organization\"},\"potentialAction\":[{\"@type\":\"SearchAction\",\"target\":{\"@type\":\"EntryPoint\",\"urlTemplate\":\"https:\\\/\\\/revolutionpadelstore.com\\\/de\\\/?s={search_term_string}\"},\"query-input\":{\"@type\":\"PropertyValueSpecification\",\"valueRequired\":true,\"valueName\":\"search_term_string\"}}],\"inLanguage\":\"de\"},{\"@type\":\"Organization\",\"@id\":\"https:\\\/\\\/revolutionpadelstore.com\\\/de\\\/#organization\",\"name\":\"Revolution Padel Store\",\"url\":\"https:\\\/\\\/revolutionpadelstore.com\\\/de\\\/\",\"logo\":{\"@type\":\"ImageObject\",\"inLanguage\":\"de\",\"@id\":\"https:\\\/\\\/revolutionpadelstore.com\\\/de\\\/#\\\/schema\\\/logo\\\/image\\\/\",\"url\":\"https:\\\/\\\/revolutionpadelstore.com\\\/wp-content\\\/uploads\\\/2026\\\/02\\\/revolution-padel-store.jpg\",\"contentUrl\":\"https:\\\/\\\/revolutionpadelstore.com\\\/wp-content\\\/uploads\\\/2026\\\/02\\\/revolution-padel-store.jpg\",\"width\":2000,\"height\":2000,\"caption\":\"Revolution Padel Store\"},\"image\":{\"@id\":\"https:\\\/\\\/revolutionpadelstore.com\\\/de\\\/#\\\/schema\\\/logo\\\/image\\\/\"},\"sameAs\":[\"https:\\\/\\\/www.instagram.com\\\/revolutionpadelstore\\\/\"]}]}<\/script>\n<!-- \/ Yoast SEO plugin. -->","yoast_head_json":{"title":"CAMISETA NOX PRO BLACKBERRY - Revolution Padel Store","description":"Compra la camiseta NOX PRO BLACKBERRY en Revolution Padel Store. Dise\u00f1o t\u00e9cnico, tecnolog\u00eda Balance Fresh\u00ae y comodidad total para destacar en la pista. \u00a1Probablemente al mejor precio del mercado!","robots":{"index":"index","follow":"follow","max-snippet":"max-snippet:-1","max-image-preview":"max-image-preview:large","max-video-preview":"max-video-preview:-1"},"canonical":"https:\/\/revolutionpadelstore.com\/de\/produkt\/camiseta-nox-pro-blackberry-1\/","og_locale":"de_DE","og_type":"article","og_title":"CAMISETA NOX PRO BLACKBERRY - Revolution Padel Store","og_description":"Compra la camiseta NOX PRO BLACKBERRY en Revolution Padel Store. Dise\u00f1o t\u00e9cnico, tecnolog\u00eda Balance Fresh\u00ae y comodidad total para destacar en la pista. \u00a1Probablemente al mejor precio del mercado!","og_url":"https:\/\/revolutionpadelstore.com\/de\/produkt\/camiseta-nox-pro-blackberry-1\/","og_site_name":"Revolution Padel Store","article_modified_time":"2026-04-08T00:03:40+00:00","og_image":[{"width":1500,"height":1500,"url":"https:\/\/revolutionpadelstore.com\/wp-content\/uploads\/2025\/11\/495.png","type":"image\/png"}],"twitter_card":"summary_large_image","twitter_misc":{"Gesch\u00e4tzte Lesezeit":"1\u00a0Minute"},"schema":{"@context":"https:\/\/schema.org","@graph":[{"@type":"WebPage","@id":"https:\/\/revolutionpadelstore.com\/de\/produkt\/camiseta-nox-pro-blackberry-1\/","url":"https:\/\/revolutionpadelstore.com\/de\/produkt\/camiseta-nox-pro-blackberry-1\/","name":"CAMISETA NOX PRO BLACKBERRY - Revolution Padel Store","isPartOf":{"@id":"https:\/\/revolutionpadelstore.com\/de\/#website"},"primaryImageOfPage":{"@id":"https:\/\/revolutionpadelstore.com\/de\/produkt\/camiseta-nox-pro-blackberry-1\/#primaryimage"},"image":{"@id":"https:\/\/revolutionpadelstore.com\/de\/produkt\/camiseta-nox-pro-blackberry-1\/#primaryimage"},"thumbnailUrl":"https:\/\/revolutionpadelstore.com\/wp-content\/uploads\/2025\/11\/495.png","datePublished":"2025-11-05T23:33:48+00:00","dateModified":"2026-04-08T00:03:40+00:00","description":"Compra la camiseta NOX PRO BLACKBERRY en Revolution Padel Store. Dise\u00f1o t\u00e9cnico, tecnolog\u00eda Balance Fresh\u00ae y comodidad total para destacar en la pista. \u00a1Probablemente al mejor precio del mercado!","breadcrumb":{"@id":"https:\/\/revolutionpadelstore.com\/de\/produkt\/camiseta-nox-pro-blackberry-1\/#breadcrumb"},"inLanguage":"de","potentialAction":[{"@type":"ReadAction","target":["https:\/\/revolutionpadelstore.com\/de\/produkt\/camiseta-nox-pro-blackberry-1\/"]}]},{"@type":"ImageObject","inLanguage":"de","@id":"https:\/\/revolutionpadelstore.com\/de\/produkt\/camiseta-nox-pro-blackberry-1\/#primaryimage","url":"https:\/\/revolutionpadelstore.com\/wp-content\/uploads\/2025\/11\/495.png","contentUrl":"https:\/\/revolutionpadelstore.com\/wp-content\/uploads\/2025\/11\/495.png","width":1500,"height":1500},{"@type":"BreadcrumbList","@id":"https:\/\/revolutionpadelstore.com\/de\/produkt\/camiseta-nox-pro-blackberry-1\/#breadcrumb","itemListElement":[{"@type":"ListItem","position":1,"name":"Portada","item":"https:\/\/revolutionpadelstore.com\/de\/"},{"@type":"ListItem","position":2,"name":"Shop","item":"https:\/\/revolutionpadelstore.com\/de\/tienda\/"},{"@type":"ListItem","position":3,"name":"CAMISETA NOX PRO BLACKBERRY"}]},{"@type":"WebSite","@id":"https:\/\/revolutionpadelstore.com\/de\/#website","url":"https:\/\/revolutionpadelstore.com\/de\/","name":"Revolution Padel Store","description":"","publisher":{"@id":"https:\/\/revolutionpadelstore.com\/de\/#organization"},"potentialAction":[{"@type":"SearchAction","target":{"@type":"EntryPoint","urlTemplate":"https:\/\/revolutionpadelstore.com\/de\/?s={search_term_string}"},"query-input":{"@type":"PropertyValueSpecification","valueRequired":true,"valueName":"search_term_string"}}],"inLanguage":"de"},{"@type":"Organization","@id":"https:\/\/revolutionpadelstore.com\/de\/#organization","name":"Revolution Padel Store","url":"https:\/\/revolutionpadelstore.com\/de\/","logo":{"@type":"ImageObject","inLanguage":"de","@id":"https:\/\/revolutionpadelstore.com\/de\/#\/schema\/logo\/image\/","url":"https:\/\/revolutionpadelstore.com\/wp-content\/uploads\/2026\/02\/revolution-padel-store.jpg","contentUrl":"https:\/\/revolutionpadelstore.com\/wp-content\/uploads\/2026\/02\/revolution-padel-store.jpg","width":2000,"height":2000,"caption":"Revolution Padel Store"},"image":{"@id":"https:\/\/revolutionpadelstore.com\/de\/#\/schema\/logo\/image\/"},"sameAs":["https:\/\/www.instagram.com\/revolutionpadelstore\/"]}]}},"_links":{"self":[{"href":"https:\/\/revolutionpadelstore.com\/de\/wp-json\/wp\/v2\/product\/293790","targetHints":{"allow":["GET"]}}],"collection":[{"href":"https:\/\/revolutionpadelstore.com\/de\/wp-json\/wp\/v2\/product"}],"about":[{"href":"https:\/\/revolutionpadelstore.com\/de\/wp-json\/wp\/v2\/types\/product"}],"replies":[{"embeddable":true,"href":"https:\/\/revolutionpadelstore.com\/de\/wp-json\/wp\/v2\/comments?post=293790"}],"wp:featuredmedia":[{"embeddable":true,"href":"https:\/\/revolutionpadelstore.com\/de\/wp-json\/wp\/v2\/media\/293763"}],"wp:attachment":[{"href":"https:\/\/revolutionpadelstore.com\/de\/wp-json\/wp\/v2\/media?parent=293790"}],"wp:term":[{"taxonomy":"acabado","embeddable":true,"href":"https:\/\/revolutionpadelstore.com\/de\/wp-json\/wp\/v2\/acabado?post=293790"},{"taxonomy":"balance","embeddable":true,"href":"https:\/\/revolutionpadelstore.com\/de\/wp-json\/wp\/v2\/balance?post=293790"},{"taxonomy":"dureza","embeddable":true,"href":"https:\/\/revolutionpadelstore.com\/de\/wp-json\/wp\/v2\/dureza?post=293790"},{"taxonomy":"forma","embeddable":true,"href":"https:\/\/revolutionpadelstore.com\/de\/wp-json\/wp\/v2\/forma?post=293790"},{"taxonomy":"jugador","embeddable":true,"href":"https:\/\/revolutionpadelstore.com\/de\/wp-json\/wp\/v2\/jugador?post=293790"},{"taxonomy":"marca","embeddable":true,"href":"https:\/\/revolutionpadelstore.com\/de\/wp-json\/wp\/v2\/marca?post=293790"},{"taxonomy":"nivel-de-juego","embeddable":true,"href":"https:\/\/revolutionpadelstore.com\/de\/wp-json\/wp\/v2\/nivel-de-juego?post=293790"},{"taxonomy":"superficie","embeddable":true,"href":"https:\/\/revolutionpadelstore.com\/de\/wp-json\/wp\/v2\/superficie?post=293790"},{"taxonomy":"tipo-de-juego","embeddable":true,"href":"https:\/\/revolutionpadelstore.com\/de\/wp-json\/wp\/v2\/tipo-de-juego?post=293790"},{"taxonomy":"product_brand","embeddable":true,"href":"https:\/\/revolutionpadelstore.com\/de\/wp-json\/wp\/v2\/product_brand?post=293790"},{"taxonomy":"product_cat","embeddable":true,"href":"https:\/\/revolutionpadelstore.com\/de\/wp-json\/wp\/v2\/product_cat?post=293790"},{"taxonomy":"product_tag","embeddable":true,"href":"https:\/\/revolutionpadelstore.com\/de\/wp-json\/wp\/v2\/product_tag?post=293790"}],"curies":[{"name":"wp","href":"https:\/\/api.w.org\/{rel}","templated":true}]}}