{"id":293654,"date":"2025-10-23T00:16:56","date_gmt":"2025-10-22T22:16:56","guid":{"rendered":"https:\/\/revolutionpadelstore.com\/siux-valkiria-pro-2026\/"},"modified":"2026-04-01T00:00:32","modified_gmt":"2026-03-31T22:00:32","slug":"siux-valkiria-pro-2026-1","status":"publish","type":"product","link":"https:\/\/revolutionpadelstore.com\/de\/produkt\/siux-valkiria-pro-2026-1\/","title":{"rendered":"SIUX VALKIRIA PRO 2026"},"content":{"rendered":"<h2>Siux Valkiria Pro 2026 \u2013 offizieller Schl\u00e4ger von Sof\u00eda Ara\u00fajo<\/h2>\n<h2>Totale Dominanz auf dem Platz mit perfekter Balance zwischen Kraft und Kontrolle<\/h2>\n<p>Entdecken Sie den <strong>Siux Valkiria Pro 2026<\/strong>, den professionellen Padelschl\u00e4ger, der in Zusammenarbeit mit <strong>Sof\u00eda Ara\u00fajo<\/strong>, Spielerin der World Padel Tour, entwickelt wurde. Dieses exklusive Modell vereint explosive Kraft, pr\u00e4zise Kontrolle und au\u00dfergew\u00f6hnlichen Komfort und ist ideal f\u00fcr Spieler, die alle Aspekte des Spiels beherrschen.<\/p>\n<p>Mit seiner <strong>Tropfenform und mittleren Balance<\/strong> bietet dieser Schl\u00e4ger vielseitige Leistung im Angriff und in der Verteidigung und eignet sich f\u00fcr <strong>fortgeschrittene oder wettbewerbsorientierte Spieler<\/strong>, die Pr\u00e4zision suchen, ohne auf Man\u00f6vrierf\u00e4higkeit zu verzichten.<\/p>\n<h2>Technische Eigenschaften auf hohem Niveau<\/h2>\n<p><strong>Tropfenform<\/strong> und <strong>mittlere Balance<\/strong> f\u00fcr ein ausgeglichenes Spiel.<\/p>\n<p><strong>-24K aluminisiertes Carbon<\/strong> auf den Schlagfl\u00e4chen: maximale Reaktivit\u00e4t und Kraft bei jedem Schlag.<\/p>\n<p><strong>-EVA-Weichkern<\/strong> mit mittlerer H\u00e4rte, der ein hervorragendes Ballgef\u00fchl und eine hervorragende Ballausgabe bietet.<\/p>\n<p><strong>-3K-Carbonrahmen<\/strong>, der die Haltbarkeit und Schlagfestigkeit verbessert.<\/p>\n<p><strong>-3D mattes, raues Finish<\/strong>, das Topspin-Effekte verst\u00e4rkt.<\/p>\n<p><strong>-Leichtes Gewicht (340-360 g)<\/strong> f\u00fcr mehr Beweglichkeit und Kontrolle bei schnellen Bewegungen.<\/p>\n<p><strong>-Dual Pro Grip<\/strong> und <strong>austauschbarer Riemen<\/strong> f\u00fcr sicheren und ergonomischen Halt.<\/p>\n<p>&#8211; Exklusives Design, genehmigt von <strong>Sof\u00eda Ara\u00fajo<\/strong>, Profispielerin.<\/p>\n<h2>F\u00fcr wen ist das Valkyria Pro 2026 geeignet?<\/h2>\n<p>Er richtet sich an <strong>professionelle oder fortgeschrittene Spieler<\/strong>, die einen soliden, leichten und zuverl\u00e4ssigen Schl\u00e4ger in anspruchsvollen Situationen suchen. Perfekt f\u00fcr alle, die das Tempo des Spiels kontrollieren, kraftvoll zuschlagen oder pr\u00e4zise verteidigen m\u00f6chten.<\/p>\n<p>Seine erstklassige Konstruktion vermittelt ein Gef\u00fchl von <strong>leichter Solidit\u00e4t<\/strong> und beg\u00fcnstigt ein offensives Spiel, ohne bei l\u00e4ngeren Punkten die Kontrolle zu verlieren.<\/p>\n<h2>Holen Sie es sich jetzt<\/h2>\n<p>Der <strong>Siux Valkiria Pro 2026<\/strong> ist nicht nur ein Schl\u00e4ger, er ist ein Wettkampfger\u00e4t, das entwickelt wurde, um <strong>Spiele zu gewinnen<\/strong>. Steigern Sie Ihr Niveau mit diesem offiziellen Schl\u00e4ger, einer der Referenzen im Damen-Padel. <strong>Spielen Sie in jedem Punkt Ihr bestes Spiel<\/strong>.<\/p>\n<p><em>Jetzt in unserem Online-Shop <a href=\"https:\/\/www.revolutionpadelstore.com\/\">www.revolutionpadelstore.com<\/a> erh\u00e4ltlich, wahrscheinlich zum besten Preis auf dem Markt.<\/em><\/p>\n","protected":false},"excerpt":{"rendered":"<p>Kontrollieren Sie jeden Schlag mit diesem tropfenf\u00f6rmigen Siux-Schl\u00e4ger, der f\u00fcr Profispieler entwickelt wurde, mit 24K-Carbonfl\u00e4chen und einem Hochleistungs-EVA-Kern.<\/p>\n","protected":false},"featured_media":293595,"comment_status":"open","ping_status":"closed","template":"","meta":{"_acf_changed":false,"_joinchat":[]},"acabado":[1089,1084],"balance":[1139],"dureza":[1154],"forma":[1184],"jugador":[1194],"marca":[1304],"nivel-de-juego":[1334,1344],"superficie":[1359],"tipo-de-juego":[1384],"product_brand":[],"product_cat":[299],"product_tag":[],"class_list":{"0":"post-293654","1":"product","2":"type-product","3":"status-publish","4":"has-post-thumbnail","6":"acabado-3d-entlasten","7":"acabado-kumpel","8":"balance-mittel","9":"dureza-media-de","10":"forma-lagrima-de","11":"jugador-frau","12":"marca-siux-de","13":"superficie-rugosa-de","14":"tipo-de-juego-mehrzweck","15":"product_cat-palas-de-padel-de","17":"first","18":"instock","19":"sale","20":"taxable","21":"shipping-taxable","22":"purchasable","23":"product-type-simple"},"acf":[],"yoast_head":"<!-- This site is optimized with the Yoast SEO plugin v27.3 - https:\/\/yoast.com\/product\/yoast-seo-wordpress\/ -->\n<title>SIUX VALKIRIA PRO 2026 - Revolution Padel Store<\/title>\n<meta name=\"description\" content=\"Compra la nueva Siux Valkiria Pro 2026, pala oficial de Sof\u00eda Ara\u00fajo. Carbono 24K, n\u00facleo EVA Soft y acabado rugoso. Potencia, control y ligereza en www.revolutionpadelstore.com.\" \/>\n<meta name=\"robots\" content=\"index, follow, max-snippet:-1, max-image-preview:large, max-video-preview:-1\" \/>\n<link rel=\"canonical\" href=\"https:\/\/revolutionpadelstore.com\/de\/produkt\/siux-valkiria-pro-2026-1\/\" \/>\n<meta property=\"og:locale\" content=\"de_DE\" \/>\n<meta property=\"og:type\" content=\"article\" \/>\n<meta property=\"og:title\" content=\"SIUX VALKIRIA PRO 2026 - Revolution Padel Store\" \/>\n<meta property=\"og:description\" content=\"Compra la nueva Siux Valkiria Pro 2026, pala oficial de Sof\u00eda Ara\u00fajo. Carbono 24K, n\u00facleo EVA Soft y acabado rugoso. Potencia, control y ligereza en www.revolutionpadelstore.com.\" \/>\n<meta property=\"og:url\" content=\"https:\/\/revolutionpadelstore.com\/de\/produkt\/siux-valkiria-pro-2026-1\/\" \/>\n<meta property=\"og:site_name\" content=\"Revolution Padel Store\" \/>\n<meta property=\"article:modified_time\" content=\"2026-03-31T22:00:32+00:00\" \/>\n<meta property=\"og:image\" content=\"https:\/\/revolutionpadelstore.com\/wp-content\/uploads\/2025\/10\/121760-pala-siux-valkiria-pro-2026-200047-1500x1500-1.webp\" \/>\n\t<meta property=\"og:image:width\" content=\"1500\" \/>\n\t<meta property=\"og:image:height\" content=\"1500\" \/>\n\t<meta property=\"og:image:type\" content=\"image\/webp\" \/>\n<meta name=\"twitter:card\" content=\"summary_large_image\" \/>\n<meta name=\"twitter:label1\" content=\"Gesch\u00e4tzte Lesezeit\" \/>\n\t<meta name=\"twitter:data1\" content=\"2\u00a0Minuten\" \/>\n<script type=\"application\/ld+json\" class=\"yoast-schema-graph\">{\"@context\":\"https:\\\/\\\/schema.org\",\"@graph\":[{\"@type\":\"WebPage\",\"@id\":\"https:\\\/\\\/revolutionpadelstore.com\\\/de\\\/produkt\\\/siux-valkiria-pro-2026-1\\\/\",\"url\":\"https:\\\/\\\/revolutionpadelstore.com\\\/de\\\/produkt\\\/siux-valkiria-pro-2026-1\\\/\",\"name\":\"SIUX VALKIRIA PRO 2026 - Revolution Padel Store\",\"isPartOf\":{\"@id\":\"https:\\\/\\\/revolutionpadelstore.com\\\/de\\\/#website\"},\"primaryImageOfPage\":{\"@id\":\"https:\\\/\\\/revolutionpadelstore.com\\\/de\\\/produkt\\\/siux-valkiria-pro-2026-1\\\/#primaryimage\"},\"image\":{\"@id\":\"https:\\\/\\\/revolutionpadelstore.com\\\/de\\\/produkt\\\/siux-valkiria-pro-2026-1\\\/#primaryimage\"},\"thumbnailUrl\":\"https:\\\/\\\/revolutionpadelstore.com\\\/wp-content\\\/uploads\\\/2025\\\/10\\\/121760-pala-siux-valkiria-pro-2026-200047-1500x1500-1.webp\",\"datePublished\":\"2025-10-22T22:16:56+00:00\",\"dateModified\":\"2026-03-31T22:00:32+00:00\",\"description\":\"Compra la nueva Siux Valkiria Pro 2026, pala oficial de Sof\u00eda Ara\u00fajo. Carbono 24K, n\u00facleo EVA Soft y acabado rugoso. Potencia, control y ligereza en www.revolutionpadelstore.com.\",\"breadcrumb\":{\"@id\":\"https:\\\/\\\/revolutionpadelstore.com\\\/de\\\/produkt\\\/siux-valkiria-pro-2026-1\\\/#breadcrumb\"},\"inLanguage\":\"de\",\"potentialAction\":[{\"@type\":\"ReadAction\",\"target\":[\"https:\\\/\\\/revolutionpadelstore.com\\\/de\\\/produkt\\\/siux-valkiria-pro-2026-1\\\/\"]}]},{\"@type\":\"ImageObject\",\"inLanguage\":\"de\",\"@id\":\"https:\\\/\\\/revolutionpadelstore.com\\\/de\\\/produkt\\\/siux-valkiria-pro-2026-1\\\/#primaryimage\",\"url\":\"https:\\\/\\\/revolutionpadelstore.com\\\/wp-content\\\/uploads\\\/2025\\\/10\\\/121760-pala-siux-valkiria-pro-2026-200047-1500x1500-1.webp\",\"contentUrl\":\"https:\\\/\\\/revolutionpadelstore.com\\\/wp-content\\\/uploads\\\/2025\\\/10\\\/121760-pala-siux-valkiria-pro-2026-200047-1500x1500-1.webp\",\"width\":1500,\"height\":1500},{\"@type\":\"BreadcrumbList\",\"@id\":\"https:\\\/\\\/revolutionpadelstore.com\\\/de\\\/produkt\\\/siux-valkiria-pro-2026-1\\\/#breadcrumb\",\"itemListElement\":[{\"@type\":\"ListItem\",\"position\":1,\"name\":\"Portada\",\"item\":\"https:\\\/\\\/revolutionpadelstore.com\\\/de\\\/\"},{\"@type\":\"ListItem\",\"position\":2,\"name\":\"Shop\",\"item\":\"https:\\\/\\\/revolutionpadelstore.com\\\/de\\\/tienda\\\/\"},{\"@type\":\"ListItem\",\"position\":3,\"name\":\"SIUX VALKIRIA PRO 2026\"}]},{\"@type\":\"WebSite\",\"@id\":\"https:\\\/\\\/revolutionpadelstore.com\\\/de\\\/#website\",\"url\":\"https:\\\/\\\/revolutionpadelstore.com\\\/de\\\/\",\"name\":\"Revolution Padel Store\",\"description\":\"\",\"publisher\":{\"@id\":\"https:\\\/\\\/revolutionpadelstore.com\\\/de\\\/#organization\"},\"potentialAction\":[{\"@type\":\"SearchAction\",\"target\":{\"@type\":\"EntryPoint\",\"urlTemplate\":\"https:\\\/\\\/revolutionpadelstore.com\\\/de\\\/?s={search_term_string}\"},\"query-input\":{\"@type\":\"PropertyValueSpecification\",\"valueRequired\":true,\"valueName\":\"search_term_string\"}}],\"inLanguage\":\"de\"},{\"@type\":\"Organization\",\"@id\":\"https:\\\/\\\/revolutionpadelstore.com\\\/de\\\/#organization\",\"name\":\"Revolution Padel Store\",\"url\":\"https:\\\/\\\/revolutionpadelstore.com\\\/de\\\/\",\"logo\":{\"@type\":\"ImageObject\",\"inLanguage\":\"de\",\"@id\":\"https:\\\/\\\/revolutionpadelstore.com\\\/de\\\/#\\\/schema\\\/logo\\\/image\\\/\",\"url\":\"https:\\\/\\\/revolutionpadelstore.com\\\/wp-content\\\/uploads\\\/2026\\\/02\\\/revolution-padel-store.jpg\",\"contentUrl\":\"https:\\\/\\\/revolutionpadelstore.com\\\/wp-content\\\/uploads\\\/2026\\\/02\\\/revolution-padel-store.jpg\",\"width\":2000,\"height\":2000,\"caption\":\"Revolution Padel Store\"},\"image\":{\"@id\":\"https:\\\/\\\/revolutionpadelstore.com\\\/de\\\/#\\\/schema\\\/logo\\\/image\\\/\"},\"sameAs\":[\"https:\\\/\\\/www.instagram.com\\\/revolutionpadelstore\\\/\"]}]}<\/script>\n<!-- \/ Yoast SEO plugin. -->","yoast_head_json":{"title":"SIUX VALKIRIA PRO 2026 - Revolution Padel Store","description":"Compra la nueva Siux Valkiria Pro 2026, pala oficial de Sof\u00eda Ara\u00fajo. Carbono 24K, n\u00facleo EVA Soft y acabado rugoso. Potencia, control y ligereza en www.revolutionpadelstore.com.","robots":{"index":"index","follow":"follow","max-snippet":"max-snippet:-1","max-image-preview":"max-image-preview:large","max-video-preview":"max-video-preview:-1"},"canonical":"https:\/\/revolutionpadelstore.com\/de\/produkt\/siux-valkiria-pro-2026-1\/","og_locale":"de_DE","og_type":"article","og_title":"SIUX VALKIRIA PRO 2026 - Revolution Padel Store","og_description":"Compra la nueva Siux Valkiria Pro 2026, pala oficial de Sof\u00eda Ara\u00fajo. Carbono 24K, n\u00facleo EVA Soft y acabado rugoso. Potencia, control y ligereza en www.revolutionpadelstore.com.","og_url":"https:\/\/revolutionpadelstore.com\/de\/produkt\/siux-valkiria-pro-2026-1\/","og_site_name":"Revolution Padel Store","article_modified_time":"2026-03-31T22:00:32+00:00","og_image":[{"width":1500,"height":1500,"url":"https:\/\/revolutionpadelstore.com\/wp-content\/uploads\/2025\/10\/121760-pala-siux-valkiria-pro-2026-200047-1500x1500-1.webp","type":"image\/webp"}],"twitter_card":"summary_large_image","twitter_misc":{"Gesch\u00e4tzte Lesezeit":"2\u00a0Minuten"},"schema":{"@context":"https:\/\/schema.org","@graph":[{"@type":"WebPage","@id":"https:\/\/revolutionpadelstore.com\/de\/produkt\/siux-valkiria-pro-2026-1\/","url":"https:\/\/revolutionpadelstore.com\/de\/produkt\/siux-valkiria-pro-2026-1\/","name":"SIUX VALKIRIA PRO 2026 - Revolution Padel Store","isPartOf":{"@id":"https:\/\/revolutionpadelstore.com\/de\/#website"},"primaryImageOfPage":{"@id":"https:\/\/revolutionpadelstore.com\/de\/produkt\/siux-valkiria-pro-2026-1\/#primaryimage"},"image":{"@id":"https:\/\/revolutionpadelstore.com\/de\/produkt\/siux-valkiria-pro-2026-1\/#primaryimage"},"thumbnailUrl":"https:\/\/revolutionpadelstore.com\/wp-content\/uploads\/2025\/10\/121760-pala-siux-valkiria-pro-2026-200047-1500x1500-1.webp","datePublished":"2025-10-22T22:16:56+00:00","dateModified":"2026-03-31T22:00:32+00:00","description":"Compra la nueva Siux Valkiria Pro 2026, pala oficial de Sof\u00eda Ara\u00fajo. Carbono 24K, n\u00facleo EVA Soft y acabado rugoso. Potencia, control y ligereza en www.revolutionpadelstore.com.","breadcrumb":{"@id":"https:\/\/revolutionpadelstore.com\/de\/produkt\/siux-valkiria-pro-2026-1\/#breadcrumb"},"inLanguage":"de","potentialAction":[{"@type":"ReadAction","target":["https:\/\/revolutionpadelstore.com\/de\/produkt\/siux-valkiria-pro-2026-1\/"]}]},{"@type":"ImageObject","inLanguage":"de","@id":"https:\/\/revolutionpadelstore.com\/de\/produkt\/siux-valkiria-pro-2026-1\/#primaryimage","url":"https:\/\/revolutionpadelstore.com\/wp-content\/uploads\/2025\/10\/121760-pala-siux-valkiria-pro-2026-200047-1500x1500-1.webp","contentUrl":"https:\/\/revolutionpadelstore.com\/wp-content\/uploads\/2025\/10\/121760-pala-siux-valkiria-pro-2026-200047-1500x1500-1.webp","width":1500,"height":1500},{"@type":"BreadcrumbList","@id":"https:\/\/revolutionpadelstore.com\/de\/produkt\/siux-valkiria-pro-2026-1\/#breadcrumb","itemListElement":[{"@type":"ListItem","position":1,"name":"Portada","item":"https:\/\/revolutionpadelstore.com\/de\/"},{"@type":"ListItem","position":2,"name":"Shop","item":"https:\/\/revolutionpadelstore.com\/de\/tienda\/"},{"@type":"ListItem","position":3,"name":"SIUX VALKIRIA PRO 2026"}]},{"@type":"WebSite","@id":"https:\/\/revolutionpadelstore.com\/de\/#website","url":"https:\/\/revolutionpadelstore.com\/de\/","name":"Revolution Padel Store","description":"","publisher":{"@id":"https:\/\/revolutionpadelstore.com\/de\/#organization"},"potentialAction":[{"@type":"SearchAction","target":{"@type":"EntryPoint","urlTemplate":"https:\/\/revolutionpadelstore.com\/de\/?s={search_term_string}"},"query-input":{"@type":"PropertyValueSpecification","valueRequired":true,"valueName":"search_term_string"}}],"inLanguage":"de"},{"@type":"Organization","@id":"https:\/\/revolutionpadelstore.com\/de\/#organization","name":"Revolution Padel Store","url":"https:\/\/revolutionpadelstore.com\/de\/","logo":{"@type":"ImageObject","inLanguage":"de","@id":"https:\/\/revolutionpadelstore.com\/de\/#\/schema\/logo\/image\/","url":"https:\/\/revolutionpadelstore.com\/wp-content\/uploads\/2026\/02\/revolution-padel-store.jpg","contentUrl":"https:\/\/revolutionpadelstore.com\/wp-content\/uploads\/2026\/02\/revolution-padel-store.jpg","width":2000,"height":2000,"caption":"Revolution Padel Store"},"image":{"@id":"https:\/\/revolutionpadelstore.com\/de\/#\/schema\/logo\/image\/"},"sameAs":["https:\/\/www.instagram.com\/revolutionpadelstore\/"]}]}},"_links":{"self":[{"href":"https:\/\/revolutionpadelstore.com\/de\/wp-json\/wp\/v2\/product\/293654","targetHints":{"allow":["GET"]}}],"collection":[{"href":"https:\/\/revolutionpadelstore.com\/de\/wp-json\/wp\/v2\/product"}],"about":[{"href":"https:\/\/revolutionpadelstore.com\/de\/wp-json\/wp\/v2\/types\/product"}],"replies":[{"embeddable":true,"href":"https:\/\/revolutionpadelstore.com\/de\/wp-json\/wp\/v2\/comments?post=293654"}],"wp:featuredmedia":[{"embeddable":true,"href":"https:\/\/revolutionpadelstore.com\/de\/wp-json\/wp\/v2\/media\/293595"}],"wp:attachment":[{"href":"https:\/\/revolutionpadelstore.com\/de\/wp-json\/wp\/v2\/media?parent=293654"}],"wp:term":[{"taxonomy":"acabado","embeddable":true,"href":"https:\/\/revolutionpadelstore.com\/de\/wp-json\/wp\/v2\/acabado?post=293654"},{"taxonomy":"balance","embeddable":true,"href":"https:\/\/revolutionpadelstore.com\/de\/wp-json\/wp\/v2\/balance?post=293654"},{"taxonomy":"dureza","embeddable":true,"href":"https:\/\/revolutionpadelstore.com\/de\/wp-json\/wp\/v2\/dureza?post=293654"},{"taxonomy":"forma","embeddable":true,"href":"https:\/\/revolutionpadelstore.com\/de\/wp-json\/wp\/v2\/forma?post=293654"},{"taxonomy":"jugador","embeddable":true,"href":"https:\/\/revolutionpadelstore.com\/de\/wp-json\/wp\/v2\/jugador?post=293654"},{"taxonomy":"marca","embeddable":true,"href":"https:\/\/revolutionpadelstore.com\/de\/wp-json\/wp\/v2\/marca?post=293654"},{"taxonomy":"nivel-de-juego","embeddable":true,"href":"https:\/\/revolutionpadelstore.com\/de\/wp-json\/wp\/v2\/nivel-de-juego?post=293654"},{"taxonomy":"superficie","embeddable":true,"href":"https:\/\/revolutionpadelstore.com\/de\/wp-json\/wp\/v2\/superficie?post=293654"},{"taxonomy":"tipo-de-juego","embeddable":true,"href":"https:\/\/revolutionpadelstore.com\/de\/wp-json\/wp\/v2\/tipo-de-juego?post=293654"},{"taxonomy":"product_brand","embeddable":true,"href":"https:\/\/revolutionpadelstore.com\/de\/wp-json\/wp\/v2\/product_brand?post=293654"},{"taxonomy":"product_cat","embeddable":true,"href":"https:\/\/revolutionpadelstore.com\/de\/wp-json\/wp\/v2\/product_cat?post=293654"},{"taxonomy":"product_tag","embeddable":true,"href":"https:\/\/revolutionpadelstore.com\/de\/wp-json\/wp\/v2\/product_tag?post=293654"}],"curies":[{"name":"wp","href":"https:\/\/api.w.org\/{rel}","templated":true}]}}