{"id":293648,"date":"2025-10-23T00:22:45","date_gmt":"2025-10-22T22:22:45","guid":{"rendered":"https:\/\/revolutionpadelstore.com\/siux-valkiria-elite-2\/"},"modified":"2026-03-31T23:58:15","modified_gmt":"2026-03-31T21:58:15","slug":"siux-valkiria-elite-2-1","status":"publish","type":"product","link":"https:\/\/revolutionpadelstore.com\/de\/produkt\/siux-valkiria-elite-2-1\/","title":{"rendered":"SIUX VALKIRIA ELITE 2"},"content":{"rendered":"<h2>Siux Valkiria Elite 2 \u2013 Kraft, Kontrolle und Eleganz f\u00fcr anspruchsvolle Spieler<\/h2>\n<p>Entdecken Sie den neuen <strong>Siux Valkiria Elite 2 2026<\/strong>, einen Padelschl\u00e4ger, der f\u00fcr Spieler entwickelt wurde, die eine perfekte Balance zwischen <strong>Kraft und Kontrolle<\/strong> suchen. Mit seinem femininen und eleganten Design erm\u00f6glicht Ihnen dieser Hochleistungsschl\u00e4ger, jeden Punkt mit Festigkeit und Stil zu dominieren.<\/p>\n<h2>Hervorgehobene technische Eigenschaften<\/h2>\n<p><strong>-Form<\/strong>: Tropfenform, ideal f\u00fcr ein vielseitiges Spiel<\/p>\n<p><strong>-Balance<\/strong>: mittel, was sowohl Angriffe als auch Verteidigungen erleichtert<\/p>\n<p><strong>-Gewicht<\/strong>: leicht (340-360 Gramm), verbessert die Handhabung und reduziert Erm\u00fcdungserscheinungen<\/p>\n<p><strong>-Kern<\/strong>: <strong>EVA Soft<\/strong>-Gummi, mittelweicher Griff f\u00fcr fl\u00fcssige Ballausgabe<\/p>\n<p><strong>-Flats<\/strong>: <strong>3K Carbon<\/strong>, hohe Haltbarkeit und Widerstandsf\u00e4higkeit<\/p>\n<p><strong>-Finish<\/strong>: <strong>sandig matt<\/strong>, perfekt f\u00fcr Schl\u00e4ge mit Spin<\/p>\n<p><strong>-Switch Strap System<\/strong>: austauschbarer Riemen f\u00fcr mehr Komfort und individuelle Anpassung<\/p>\n<h2>F\u00fcr wen ist die Valkyrie Elite 2?<\/h2>\n<p>Dieser Schl\u00e4ger ist f\u00fcr <strong>fortgeschrittene oder professionelle Spieler<\/strong> konzipiert, die ein vielseitiges Werkzeug ben\u00f6tigen, das sowohl f\u00fcr Offensiv- als auch f\u00fcr Defensivspiele geeignet ist. Dank seines geringen Gewichts und der mittleren Balance erm\u00f6glicht er eine agile Beweglichkeit auf dem Platz und eine schnelle Reaktion auf jeden Schlag.<\/p>\n<p>Das mittelweiche Gef\u00fchl des Kerns bietet eine <strong>sensible und pr\u00e4zise Kontrolle<\/strong>, ohne auf Kraft zu verzichten, wenn Sie sie am meisten brauchen.<\/p>\n<h2>Design mit Pers\u00f6nlichkeit<\/h2>\n<p>Die <strong>sorgf\u00e4ltige und feminine \u00c4sthetik<\/strong> des Siux Valkiria Elite 2 macht diesen Padelschl\u00e4ger zu einer nat\u00fcrlichen Erweiterung Ihres Spielstils. Es kombiniert ein professionelles Finish mit eleganten optischen Details und ist ideal f\u00fcr Spieler, die auf und neben dem Platz auffallen m\u00f6chten.<\/p>\n<h2>Hauptvorteile<\/h2>\n<p>-Komfort und Leistung in intensiven Spielen<\/p>\n<p>-Power ohne die Kontrolle zu verlieren<\/p>\n<p>-Hervorragende Ballausgabe<\/p>\n<p>-Ideal f\u00fcr Druckeffekte<\/p>\n<p>-Exklusives Design mit hochwertigen Materialien<\/p>\n<p>-Angepasst an Spieler, die in jedem Spiel das Beste wollen<\/p>\n<h2>Kaufen Sie den Siux Valkiria Elite 2 zum besten Preis<\/h2>\n<p>Wenn Sie auf der Suche nach einem professionellen Padelschl\u00e4ger sind, der <strong>Kraft, Kontrolle, Komfort und Stil<\/strong> vereint, ist der <strong>Siux Valkiria Elite 2 2026<\/strong> Ihr perfekter Verb\u00fcndeter. Ab sofort in unserem Online-Shop <a href=\"https:\/\/www.revolutionpadelstore.com\/\">www.revolutionpadelstore.com<\/a> erh\u00e4ltlich, wahrscheinlich zum besten Preis auf dem Markt. Holen Sie es sich und bringen Sie Ihr Spiel auf die n\u00e4chste Stufe!<\/p>\n<h2>Siux Valkiria Elite 2 \u2013 Potencia, control y elegancia para jugadoras exigentes<\/h2>\n","protected":false},"excerpt":{"rendered":"<p>Bew\u00e4ltigen Sie erfolgreich jede Spielherausforderung mit der Vielseitigkeit und Leistung dieses tropfenf\u00f6rmigen Siux-Schl\u00e4gers, der sich perfekt f\u00fcr erfahrene Spieler eignet.<\/p>\n","protected":false},"featured_media":293553,"comment_status":"open","ping_status":"closed","template":"","meta":{"_acf_changed":false,"_joinchat":[]},"acabado":[1094,1084],"balance":[1139],"dureza":[1154],"forma":[1184],"jugador":[1194],"marca":[1304],"nivel-de-juego":[1334],"superficie":[1359],"tipo-de-juego":[1384],"product_brand":[],"product_cat":[299],"product_tag":[],"class_list":{"0":"post-293648","1":"product","2":"type-product","3":"status-publish","4":"has-post-thumbnail","6":"acabado-arenoso-de","7":"acabado-kumpel","8":"balance-mittel","9":"dureza-media-de","10":"forma-lagrima-de","11":"jugador-frau","12":"marca-siux-de","13":"superficie-rugosa-de","14":"tipo-de-juego-mehrzweck","15":"product_cat-palas-de-padel-de","17":"first","18":"instock","19":"sale","20":"taxable","21":"shipping-taxable","22":"purchasable","23":"product-type-simple"},"acf":[],"yoast_head":"<!-- This site is optimized with the Yoast SEO plugin v27.3 - https:\/\/yoast.com\/product\/yoast-seo-wordpress\/ -->\n<title>SIUX VALKIRIA ELITE 2 - Revolution Padel Store<\/title>\n<meta name=\"description\" content=\"Compra la pala Siux Valkiria Elite 2 2026 en Revolution Padel Store. Potencia, control y dise\u00f1o elegante para jugadoras avanzadas. \u00a1Desc\u00fabrela al mejor precio!\" \/>\n<meta name=\"robots\" content=\"index, follow, max-snippet:-1, max-image-preview:large, max-video-preview:-1\" \/>\n<link rel=\"canonical\" href=\"https:\/\/revolutionpadelstore.com\/de\/produkt\/siux-valkiria-elite-2-1\/\" \/>\n<meta property=\"og:locale\" content=\"de_DE\" \/>\n<meta property=\"og:type\" content=\"article\" \/>\n<meta property=\"og:title\" content=\"SIUX VALKIRIA ELITE 2 - Revolution Padel Store\" \/>\n<meta property=\"og:description\" content=\"Compra la pala Siux Valkiria Elite 2 2026 en Revolution Padel Store. Potencia, control y dise\u00f1o elegante para jugadoras avanzadas. \u00a1Desc\u00fabrela al mejor precio!\" \/>\n<meta property=\"og:url\" content=\"https:\/\/revolutionpadelstore.com\/de\/produkt\/siux-valkiria-elite-2-1\/\" \/>\n<meta property=\"og:site_name\" content=\"Revolution Padel Store\" \/>\n<meta property=\"article:modified_time\" content=\"2026-03-31T21:58:15+00:00\" \/>\n<meta property=\"og:image\" content=\"https:\/\/revolutionpadelstore.com\/wp-content\/uploads\/2025\/10\/121759-pala-siux-valkiria-elite-2-200051-1500x1500-1.webp\" \/>\n\t<meta property=\"og:image:width\" content=\"1500\" \/>\n\t<meta property=\"og:image:height\" content=\"1500\" \/>\n\t<meta property=\"og:image:type\" content=\"image\/webp\" \/>\n<meta name=\"twitter:card\" content=\"summary_large_image\" \/>\n<meta name=\"twitter:label1\" content=\"Gesch\u00e4tzte Lesezeit\" \/>\n\t<meta name=\"twitter:data1\" content=\"2\u00a0Minuten\" \/>\n<script type=\"application\/ld+json\" class=\"yoast-schema-graph\">{\"@context\":\"https:\\\/\\\/schema.org\",\"@graph\":[{\"@type\":\"WebPage\",\"@id\":\"https:\\\/\\\/revolutionpadelstore.com\\\/de\\\/produkt\\\/siux-valkiria-elite-2-1\\\/\",\"url\":\"https:\\\/\\\/revolutionpadelstore.com\\\/de\\\/produkt\\\/siux-valkiria-elite-2-1\\\/\",\"name\":\"SIUX VALKIRIA ELITE 2 - Revolution Padel Store\",\"isPartOf\":{\"@id\":\"https:\\\/\\\/revolutionpadelstore.com\\\/de\\\/#website\"},\"primaryImageOfPage\":{\"@id\":\"https:\\\/\\\/revolutionpadelstore.com\\\/de\\\/produkt\\\/siux-valkiria-elite-2-1\\\/#primaryimage\"},\"image\":{\"@id\":\"https:\\\/\\\/revolutionpadelstore.com\\\/de\\\/produkt\\\/siux-valkiria-elite-2-1\\\/#primaryimage\"},\"thumbnailUrl\":\"https:\\\/\\\/revolutionpadelstore.com\\\/wp-content\\\/uploads\\\/2025\\\/10\\\/121759-pala-siux-valkiria-elite-2-200051-1500x1500-1.webp\",\"datePublished\":\"2025-10-22T22:22:45+00:00\",\"dateModified\":\"2026-03-31T21:58:15+00:00\",\"description\":\"Compra la pala Siux Valkiria Elite 2 2026 en Revolution Padel Store. Potencia, control y dise\u00f1o elegante para jugadoras avanzadas. \u00a1Desc\u00fabrela al mejor precio!\",\"breadcrumb\":{\"@id\":\"https:\\\/\\\/revolutionpadelstore.com\\\/de\\\/produkt\\\/siux-valkiria-elite-2-1\\\/#breadcrumb\"},\"inLanguage\":\"de\",\"potentialAction\":[{\"@type\":\"ReadAction\",\"target\":[\"https:\\\/\\\/revolutionpadelstore.com\\\/de\\\/produkt\\\/siux-valkiria-elite-2-1\\\/\"]}]},{\"@type\":\"ImageObject\",\"inLanguage\":\"de\",\"@id\":\"https:\\\/\\\/revolutionpadelstore.com\\\/de\\\/produkt\\\/siux-valkiria-elite-2-1\\\/#primaryimage\",\"url\":\"https:\\\/\\\/revolutionpadelstore.com\\\/wp-content\\\/uploads\\\/2025\\\/10\\\/121759-pala-siux-valkiria-elite-2-200051-1500x1500-1.webp\",\"contentUrl\":\"https:\\\/\\\/revolutionpadelstore.com\\\/wp-content\\\/uploads\\\/2025\\\/10\\\/121759-pala-siux-valkiria-elite-2-200051-1500x1500-1.webp\",\"width\":1500,\"height\":1500},{\"@type\":\"BreadcrumbList\",\"@id\":\"https:\\\/\\\/revolutionpadelstore.com\\\/de\\\/produkt\\\/siux-valkiria-elite-2-1\\\/#breadcrumb\",\"itemListElement\":[{\"@type\":\"ListItem\",\"position\":1,\"name\":\"Portada\",\"item\":\"https:\\\/\\\/revolutionpadelstore.com\\\/de\\\/\"},{\"@type\":\"ListItem\",\"position\":2,\"name\":\"Shop\",\"item\":\"https:\\\/\\\/revolutionpadelstore.com\\\/de\\\/tienda\\\/\"},{\"@type\":\"ListItem\",\"position\":3,\"name\":\"SIUX VALKIRIA ELITE 2\"}]},{\"@type\":\"WebSite\",\"@id\":\"https:\\\/\\\/revolutionpadelstore.com\\\/de\\\/#website\",\"url\":\"https:\\\/\\\/revolutionpadelstore.com\\\/de\\\/\",\"name\":\"Revolution Padel Store\",\"description\":\"\",\"publisher\":{\"@id\":\"https:\\\/\\\/revolutionpadelstore.com\\\/de\\\/#organization\"},\"potentialAction\":[{\"@type\":\"SearchAction\",\"target\":{\"@type\":\"EntryPoint\",\"urlTemplate\":\"https:\\\/\\\/revolutionpadelstore.com\\\/de\\\/?s={search_term_string}\"},\"query-input\":{\"@type\":\"PropertyValueSpecification\",\"valueRequired\":true,\"valueName\":\"search_term_string\"}}],\"inLanguage\":\"de\"},{\"@type\":\"Organization\",\"@id\":\"https:\\\/\\\/revolutionpadelstore.com\\\/de\\\/#organization\",\"name\":\"Revolution Padel Store\",\"url\":\"https:\\\/\\\/revolutionpadelstore.com\\\/de\\\/\",\"logo\":{\"@type\":\"ImageObject\",\"inLanguage\":\"de\",\"@id\":\"https:\\\/\\\/revolutionpadelstore.com\\\/de\\\/#\\\/schema\\\/logo\\\/image\\\/\",\"url\":\"https:\\\/\\\/revolutionpadelstore.com\\\/wp-content\\\/uploads\\\/2026\\\/02\\\/revolution-padel-store.jpg\",\"contentUrl\":\"https:\\\/\\\/revolutionpadelstore.com\\\/wp-content\\\/uploads\\\/2026\\\/02\\\/revolution-padel-store.jpg\",\"width\":2000,\"height\":2000,\"caption\":\"Revolution Padel Store\"},\"image\":{\"@id\":\"https:\\\/\\\/revolutionpadelstore.com\\\/de\\\/#\\\/schema\\\/logo\\\/image\\\/\"},\"sameAs\":[\"https:\\\/\\\/www.instagram.com\\\/revolutionpadelstore\\\/\"]}]}<\/script>\n<!-- \/ Yoast SEO plugin. -->","yoast_head_json":{"title":"SIUX VALKIRIA ELITE 2 - Revolution Padel Store","description":"Compra la pala Siux Valkiria Elite 2 2026 en Revolution Padel Store. Potencia, control y dise\u00f1o elegante para jugadoras avanzadas. \u00a1Desc\u00fabrela al mejor precio!","robots":{"index":"index","follow":"follow","max-snippet":"max-snippet:-1","max-image-preview":"max-image-preview:large","max-video-preview":"max-video-preview:-1"},"canonical":"https:\/\/revolutionpadelstore.com\/de\/produkt\/siux-valkiria-elite-2-1\/","og_locale":"de_DE","og_type":"article","og_title":"SIUX VALKIRIA ELITE 2 - Revolution Padel Store","og_description":"Compra la pala Siux Valkiria Elite 2 2026 en Revolution Padel Store. Potencia, control y dise\u00f1o elegante para jugadoras avanzadas. \u00a1Desc\u00fabrela al mejor precio!","og_url":"https:\/\/revolutionpadelstore.com\/de\/produkt\/siux-valkiria-elite-2-1\/","og_site_name":"Revolution Padel Store","article_modified_time":"2026-03-31T21:58:15+00:00","og_image":[{"width":1500,"height":1500,"url":"https:\/\/revolutionpadelstore.com\/wp-content\/uploads\/2025\/10\/121759-pala-siux-valkiria-elite-2-200051-1500x1500-1.webp","type":"image\/webp"}],"twitter_card":"summary_large_image","twitter_misc":{"Gesch\u00e4tzte Lesezeit":"2\u00a0Minuten"},"schema":{"@context":"https:\/\/schema.org","@graph":[{"@type":"WebPage","@id":"https:\/\/revolutionpadelstore.com\/de\/produkt\/siux-valkiria-elite-2-1\/","url":"https:\/\/revolutionpadelstore.com\/de\/produkt\/siux-valkiria-elite-2-1\/","name":"SIUX VALKIRIA ELITE 2 - Revolution Padel Store","isPartOf":{"@id":"https:\/\/revolutionpadelstore.com\/de\/#website"},"primaryImageOfPage":{"@id":"https:\/\/revolutionpadelstore.com\/de\/produkt\/siux-valkiria-elite-2-1\/#primaryimage"},"image":{"@id":"https:\/\/revolutionpadelstore.com\/de\/produkt\/siux-valkiria-elite-2-1\/#primaryimage"},"thumbnailUrl":"https:\/\/revolutionpadelstore.com\/wp-content\/uploads\/2025\/10\/121759-pala-siux-valkiria-elite-2-200051-1500x1500-1.webp","datePublished":"2025-10-22T22:22:45+00:00","dateModified":"2026-03-31T21:58:15+00:00","description":"Compra la pala Siux Valkiria Elite 2 2026 en Revolution Padel Store. Potencia, control y dise\u00f1o elegante para jugadoras avanzadas. \u00a1Desc\u00fabrela al mejor precio!","breadcrumb":{"@id":"https:\/\/revolutionpadelstore.com\/de\/produkt\/siux-valkiria-elite-2-1\/#breadcrumb"},"inLanguage":"de","potentialAction":[{"@type":"ReadAction","target":["https:\/\/revolutionpadelstore.com\/de\/produkt\/siux-valkiria-elite-2-1\/"]}]},{"@type":"ImageObject","inLanguage":"de","@id":"https:\/\/revolutionpadelstore.com\/de\/produkt\/siux-valkiria-elite-2-1\/#primaryimage","url":"https:\/\/revolutionpadelstore.com\/wp-content\/uploads\/2025\/10\/121759-pala-siux-valkiria-elite-2-200051-1500x1500-1.webp","contentUrl":"https:\/\/revolutionpadelstore.com\/wp-content\/uploads\/2025\/10\/121759-pala-siux-valkiria-elite-2-200051-1500x1500-1.webp","width":1500,"height":1500},{"@type":"BreadcrumbList","@id":"https:\/\/revolutionpadelstore.com\/de\/produkt\/siux-valkiria-elite-2-1\/#breadcrumb","itemListElement":[{"@type":"ListItem","position":1,"name":"Portada","item":"https:\/\/revolutionpadelstore.com\/de\/"},{"@type":"ListItem","position":2,"name":"Shop","item":"https:\/\/revolutionpadelstore.com\/de\/tienda\/"},{"@type":"ListItem","position":3,"name":"SIUX VALKIRIA ELITE 2"}]},{"@type":"WebSite","@id":"https:\/\/revolutionpadelstore.com\/de\/#website","url":"https:\/\/revolutionpadelstore.com\/de\/","name":"Revolution Padel Store","description":"","publisher":{"@id":"https:\/\/revolutionpadelstore.com\/de\/#organization"},"potentialAction":[{"@type":"SearchAction","target":{"@type":"EntryPoint","urlTemplate":"https:\/\/revolutionpadelstore.com\/de\/?s={search_term_string}"},"query-input":{"@type":"PropertyValueSpecification","valueRequired":true,"valueName":"search_term_string"}}],"inLanguage":"de"},{"@type":"Organization","@id":"https:\/\/revolutionpadelstore.com\/de\/#organization","name":"Revolution Padel Store","url":"https:\/\/revolutionpadelstore.com\/de\/","logo":{"@type":"ImageObject","inLanguage":"de","@id":"https:\/\/revolutionpadelstore.com\/de\/#\/schema\/logo\/image\/","url":"https:\/\/revolutionpadelstore.com\/wp-content\/uploads\/2026\/02\/revolution-padel-store.jpg","contentUrl":"https:\/\/revolutionpadelstore.com\/wp-content\/uploads\/2026\/02\/revolution-padel-store.jpg","width":2000,"height":2000,"caption":"Revolution Padel Store"},"image":{"@id":"https:\/\/revolutionpadelstore.com\/de\/#\/schema\/logo\/image\/"},"sameAs":["https:\/\/www.instagram.com\/revolutionpadelstore\/"]}]}},"_links":{"self":[{"href":"https:\/\/revolutionpadelstore.com\/de\/wp-json\/wp\/v2\/product\/293648","targetHints":{"allow":["GET"]}}],"collection":[{"href":"https:\/\/revolutionpadelstore.com\/de\/wp-json\/wp\/v2\/product"}],"about":[{"href":"https:\/\/revolutionpadelstore.com\/de\/wp-json\/wp\/v2\/types\/product"}],"replies":[{"embeddable":true,"href":"https:\/\/revolutionpadelstore.com\/de\/wp-json\/wp\/v2\/comments?post=293648"}],"wp:featuredmedia":[{"embeddable":true,"href":"https:\/\/revolutionpadelstore.com\/de\/wp-json\/wp\/v2\/media\/293553"}],"wp:attachment":[{"href":"https:\/\/revolutionpadelstore.com\/de\/wp-json\/wp\/v2\/media?parent=293648"}],"wp:term":[{"taxonomy":"acabado","embeddable":true,"href":"https:\/\/revolutionpadelstore.com\/de\/wp-json\/wp\/v2\/acabado?post=293648"},{"taxonomy":"balance","embeddable":true,"href":"https:\/\/revolutionpadelstore.com\/de\/wp-json\/wp\/v2\/balance?post=293648"},{"taxonomy":"dureza","embeddable":true,"href":"https:\/\/revolutionpadelstore.com\/de\/wp-json\/wp\/v2\/dureza?post=293648"},{"taxonomy":"forma","embeddable":true,"href":"https:\/\/revolutionpadelstore.com\/de\/wp-json\/wp\/v2\/forma?post=293648"},{"taxonomy":"jugador","embeddable":true,"href":"https:\/\/revolutionpadelstore.com\/de\/wp-json\/wp\/v2\/jugador?post=293648"},{"taxonomy":"marca","embeddable":true,"href":"https:\/\/revolutionpadelstore.com\/de\/wp-json\/wp\/v2\/marca?post=293648"},{"taxonomy":"nivel-de-juego","embeddable":true,"href":"https:\/\/revolutionpadelstore.com\/de\/wp-json\/wp\/v2\/nivel-de-juego?post=293648"},{"taxonomy":"superficie","embeddable":true,"href":"https:\/\/revolutionpadelstore.com\/de\/wp-json\/wp\/v2\/superficie?post=293648"},{"taxonomy":"tipo-de-juego","embeddable":true,"href":"https:\/\/revolutionpadelstore.com\/de\/wp-json\/wp\/v2\/tipo-de-juego?post=293648"},{"taxonomy":"product_brand","embeddable":true,"href":"https:\/\/revolutionpadelstore.com\/de\/wp-json\/wp\/v2\/product_brand?post=293648"},{"taxonomy":"product_cat","embeddable":true,"href":"https:\/\/revolutionpadelstore.com\/de\/wp-json\/wp\/v2\/product_cat?post=293648"},{"taxonomy":"product_tag","embeddable":true,"href":"https:\/\/revolutionpadelstore.com\/de\/wp-json\/wp\/v2\/product_tag?post=293648"}],"curies":[{"name":"wp","href":"https:\/\/api.w.org\/{rel}","templated":true}]}}