{"id":293630,"date":"2025-10-23T00:19:42","date_gmt":"2025-10-22T22:19:42","guid":{"rendered":"https:\/\/revolutionpadelstore.com\/siux-pegasus-pro-2026-storm-grey\/"},"modified":"2026-04-10T02:03:31","modified_gmt":"2026-04-10T00:03:31","slug":"siux-pegasus-pro-2026-storm-grey-1","status":"publish","type":"product","link":"https:\/\/revolutionpadelstore.com\/de\/produkt\/siux-pegasus-pro-2026-storm-grey-1\/","title":{"rendered":"SIUX PEGASUS PRO 2026 STORM GREY"},"content":{"rendered":"<h2><strong>Siux Pegasus Pro 2026 Storm Grey \u2013 Professionelle Leistung mit Elite-Design<\/strong><\/h2>\n<h2><strong>Dominieren Sie den Platz mit dem von \u00c1lex Chozas signierten Schl\u00e4ger<\/strong><\/h2>\n<p>Der Siux Pegasus Pro 2026 Storm Grey ist ein leistungsstarker Padelschl\u00e4ger, der f\u00fcr professionelle Spieler entwickelt wurde, die bei jedem Schlag Kraft, Pr\u00e4zision und Stabilit\u00e4t ben\u00f6tigen. Sein elegantes Design in Sturmgrau mit mattem Finish und 3D-Relief bietet nicht nur eine auff\u00e4llige \u00c4sthetik, sondern auch ein besseres Gef\u00fchl von Griffigkeit und Spin am Ball.<\/p>\n<p>Dieser Schl\u00e4ger geh\u00f6rt zur Siux 2026 Pro-Reihe und verf\u00fcgt \u00fcber die Qualit\u00e4tsgarantie einer der renommiertesten Marken auf dem Markt, unterzeichnet vom Profispieler \u00c1lex Chozas.<\/p>\n<h2><strong>Hybrid-Power f\u00fcr vielseitiges und aggressives Spiel<\/strong><\/h2>\n<p>Der Siux Pegasus Pro 2026 wurde f\u00fcr Offensivspieler entwickelt, die die Kontrolle nicht abgeben wollen. Seine Tropfenform und mittlere Balance sorgen f\u00fcr ein perfektes Gleichgewicht zwischen Man\u00f6vrierf\u00e4higkeit und Kraft, ideal, um alle Phasen des Spiels souver\u00e4n zu dominieren.<\/p>\n<p>Dank seiner hohen H\u00e4rte (9\/10) und der Materialien der neuesten Generation bietet dieser Schl\u00e4ger eine schnelle, solide und pr\u00e4zise Reaktion, sodass Sie aggressive Schl\u00e4ge mit gro\u00dfer Stabilit\u00e4t ausf\u00fchren k\u00f6nnen.<\/p>\n<h2><strong>Hervorragende technische Eigenschaften:<\/strong><\/h2>\n<p>-12K Carbon auf den Schlagfl\u00e4chen: gr\u00f6\u00dfere Steifigkeit und explosive Kraft bei jedem Schlag.<\/p>\n<p>-EVA-Gummikern: Bietet einen festen Ballkontakt und eine kontrollierte Ballausgabe.<\/p>\n<p>-Tropfenform: breiter Sweetspot f\u00fcr ein Hybridspiel aus Kraft und Kontrolle.<\/p>\n<p>-Gewicht 355\u2013375 g: ideale Balance zwischen Kraft und Man\u00f6vrierf\u00e4higkeit.<\/p>\n<p>-H\u00e4rte 9\/10: solide Empfindungen bei jedem Aufprall.<\/p>\n<p>-Medium Balance: perfekte Stabilit\u00e4t f\u00fcr anspruchsvolle Spieler.<\/p>\n<p>-Matte Oberfl\u00e4che mit 3D-Relief: verbessert Spin und Griffigkeit am Ball.<\/p>\n<p>-Switch Strap System: austauschbares Armband, das Hygiene und individuelle Anpassung f\u00f6rdert.<\/p>\n<p>-Professionelle Handschrift von \u00c1lex Chozas: Garantie f\u00fcr kompetitives Gaming auf h\u00f6chstem Niveau.<\/p>\n<h2><strong>F\u00fcr wen ist dieser Schl\u00e4ger ideal?<\/strong><\/h2>\n<p>Der Siux Pegasus Pro 2026 Storm Grey ist konzipiert f\u00fcr:<\/p>\n<p>-Professionelle oder fortgeschrittene Spieler.<\/p>\n<p>-Sportler, die einen leistungsstarken, aber ausgewogenen Schl\u00e4ger suchen.<\/p>\n<p>-Wer Wert auf hochwertige Materialien und exklusives Design legt.<\/p>\n<p>-Liebhaber der Marke Siux, die den Empfehlungen professioneller Spieler folgen.<\/p>\n<h2><strong>Warum den Siux Pegasus Pro 2026 im Revolution Padel Store kaufen<\/strong><\/h2>\n<p>Bei <a href=\"http:\/\/www.revolutionpadelstore.com\/\">www.revolutionpadelstore.com<\/a> bieten wir Ihnen den Siux Pegasus Pro 2026 Storm Grey wahrscheinlich zum besten Preis auf dem Markt an, mit:<\/p>\n<p>-Schneller und sicherer Versand.<\/p>\n<p>-Offizielle Qualit\u00e4tsgarantie.<\/p>\n<p>-Pers\u00f6nliche Beratung.<\/p>\n<p>-100 % sichere Zahlung.<\/p>\n<p>Holen Sie sich einen der besten professionellen Padelschl\u00e4ger des Jahres und sp\u00fcren Sie den Unterschied vom ersten Punkt an. Mit Siux Pegasus Pro 2026 geh\u00f6rt die Strecke Ihnen!<\/p>\n<p><strong>Kaufen Sie jetzt und bringen Sie Ihr Spiel auf die n\u00e4chste Stufe!<\/strong><br \/>\nDominieren Sie jedes Spiel mit einem Schl\u00e4ger, der f\u00fcr die Elite entwickelt wurde. Der Siux Pegasus Pro 2026 Storm Grey bietet Ihnen maximale Leistung und professionellen Stil und ist ab sofort unter <a href=\"http:\/\/www.revolutionpadelstore.com\/\">www.revolutionpadelstore.com<\/a> erh\u00e4ltlich, wahrscheinlich zum besten Preis auf dem Markt.<\/p>\n<h2><strong>Siux Pegasus Pro 2026 Storm Grey \u2013 Potencia profesional con dise\u00f1o de \u00e9lite<\/strong><\/p>\n","protected":false},"excerpt":{"rendered":"<p>Sp\u00fcren Sie die Kraft in jedem Schlag mit dem neuen Siux Pegasus Pro 2026 Storm Grey. Ein professioneller Hybridschl\u00e4ger, der dank seines 12K-Carbons, des Hochleistungs-EVA-Kerns und einer matten Oberfl\u00e4che mit 3D-Relief, die den Spin bei jedem Schlag verbessert, St\u00e4rke, Kontrolle und Pr\u00e4zision vereint. Seine mittlere Balance bietet ein ausgewogenes und explosives Gameplay. Der von \u00c1lex Chozas signierte Padelschl\u00e4ger, der Ihr Spiel auf die n\u00e4chste Stufe bringt!<\/p>\n","protected":false},"featured_media":293511,"comment_status":"open","ping_status":"closed","template":"","meta":{"_acf_changed":false,"_joinchat":[]},"acabado":[1089,1084],"balance":[1139],"dureza":[1159],"forma":[1184],"jugador":[],"marca":[1304],"nivel-de-juego":[1334,1344],"superficie":[1359],"tipo-de-juego":[1374,1384],"product_brand":[],"product_cat":[299],"product_tag":[],"class_list":{"0":"post-293630","1":"product","2":"type-product","3":"status-publish","4":"has-post-thumbnail","6":"acabado-3d-entlasten","7":"acabado-kumpel","8":"balance-mittel","9":"dureza-dura-de","10":"forma-lagrima-de","11":"marca-siux-de","12":"superficie-rugosa-de","13":"tipo-de-juego-leistung","14":"tipo-de-juego-mehrzweck","15":"product_cat-palas-de-padel-de","17":"first","18":"instock","19":"sale","20":"taxable","21":"shipping-taxable","22":"purchasable","23":"product-type-simple"},"acf":[],"yoast_head":"<!-- This site is optimized with the Yoast SEO plugin v27.5 - https:\/\/yoast.com\/product\/yoast-seo-wordpress\/ -->\n<title>SIUX PEGASUS PRO 2026 STORM GREY - Revolution Padel Store<\/title>\n<meta name=\"description\" content=\"Pala Siux Pegasus Pro 2026 Storm Grey para jugadores profesionales. Potencia, control y dise\u00f1o premium con firma de \u00c1lex Chozas. \u00a1C\u00f3mprala al mejor precio en Revolution Padel Store!\" \/>\n<meta name=\"robots\" content=\"index, follow, max-snippet:-1, max-image-preview:large, max-video-preview:-1\" \/>\n<link rel=\"canonical\" href=\"https:\/\/revolutionpadelstore.com\/de\/produkt\/siux-pegasus-pro-2026-storm-grey-1\/\" \/>\n<meta property=\"og:locale\" content=\"de_DE\" \/>\n<meta property=\"og:type\" content=\"article\" \/>\n<meta property=\"og:title\" content=\"SIUX PEGASUS PRO 2026 STORM GREY - Revolution Padel Store\" \/>\n<meta property=\"og:description\" content=\"Pala Siux Pegasus Pro 2026 Storm Grey para jugadores profesionales. Potencia, control y dise\u00f1o premium con firma de \u00c1lex Chozas. \u00a1C\u00f3mprala al mejor precio en Revolution Padel Store!\" \/>\n<meta property=\"og:url\" content=\"https:\/\/revolutionpadelstore.com\/de\/produkt\/siux-pegasus-pro-2026-storm-grey-1\/\" \/>\n<meta property=\"og:site_name\" content=\"Revolution Padel Store\" \/>\n<meta property=\"article:modified_time\" content=\"2026-04-10T00:03:31+00:00\" \/>\n<meta property=\"og:image\" content=\"https:\/\/revolutionpadelstore.com\/wp-content\/uploads\/2025\/10\/121755-pala-siux-pegasus-pro-2026-storm-grey-20049-1500x1500-1.webp\" \/>\n\t<meta property=\"og:image:width\" content=\"1500\" \/>\n\t<meta property=\"og:image:height\" content=\"1500\" \/>\n\t<meta property=\"og:image:type\" content=\"image\/webp\" \/>\n<meta name=\"twitter:card\" content=\"summary_large_image\" \/>\n<meta name=\"twitter:label1\" content=\"Gesch\u00e4tzte Lesezeit\" \/>\n\t<meta name=\"twitter:data1\" content=\"2\u00a0Minuten\" \/>\n<script type=\"application\/ld+json\" class=\"yoast-schema-graph\">{\"@context\":\"https:\\\/\\\/schema.org\",\"@graph\":[{\"@type\":\"WebPage\",\"@id\":\"https:\\\/\\\/revolutionpadelstore.com\\\/de\\\/produkt\\\/siux-pegasus-pro-2026-storm-grey-1\\\/\",\"url\":\"https:\\\/\\\/revolutionpadelstore.com\\\/de\\\/produkt\\\/siux-pegasus-pro-2026-storm-grey-1\\\/\",\"name\":\"SIUX PEGASUS PRO 2026 STORM GREY - Revolution Padel Store\",\"isPartOf\":{\"@id\":\"https:\\\/\\\/revolutionpadelstore.com\\\/de\\\/#website\"},\"primaryImageOfPage\":{\"@id\":\"https:\\\/\\\/revolutionpadelstore.com\\\/de\\\/produkt\\\/siux-pegasus-pro-2026-storm-grey-1\\\/#primaryimage\"},\"image\":{\"@id\":\"https:\\\/\\\/revolutionpadelstore.com\\\/de\\\/produkt\\\/siux-pegasus-pro-2026-storm-grey-1\\\/#primaryimage\"},\"thumbnailUrl\":\"https:\\\/\\\/revolutionpadelstore.com\\\/wp-content\\\/uploads\\\/2025\\\/10\\\/121755-pala-siux-pegasus-pro-2026-storm-grey-20049-1500x1500-1.webp\",\"datePublished\":\"2025-10-22T22:19:42+00:00\",\"dateModified\":\"2026-04-10T00:03:31+00:00\",\"description\":\"Pala Siux Pegasus Pro 2026 Storm Grey para jugadores profesionales. Potencia, control y dise\u00f1o premium con firma de \u00c1lex Chozas. \u00a1C\u00f3mprala al mejor precio en Revolution Padel Store!\",\"breadcrumb\":{\"@id\":\"https:\\\/\\\/revolutionpadelstore.com\\\/de\\\/produkt\\\/siux-pegasus-pro-2026-storm-grey-1\\\/#breadcrumb\"},\"inLanguage\":\"de\",\"potentialAction\":[{\"@type\":\"ReadAction\",\"target\":[\"https:\\\/\\\/revolutionpadelstore.com\\\/de\\\/produkt\\\/siux-pegasus-pro-2026-storm-grey-1\\\/\"]}]},{\"@type\":\"ImageObject\",\"inLanguage\":\"de\",\"@id\":\"https:\\\/\\\/revolutionpadelstore.com\\\/de\\\/produkt\\\/siux-pegasus-pro-2026-storm-grey-1\\\/#primaryimage\",\"url\":\"https:\\\/\\\/revolutionpadelstore.com\\\/wp-content\\\/uploads\\\/2025\\\/10\\\/121755-pala-siux-pegasus-pro-2026-storm-grey-20049-1500x1500-1.webp\",\"contentUrl\":\"https:\\\/\\\/revolutionpadelstore.com\\\/wp-content\\\/uploads\\\/2025\\\/10\\\/121755-pala-siux-pegasus-pro-2026-storm-grey-20049-1500x1500-1.webp\",\"width\":1500,\"height\":1500},{\"@type\":\"BreadcrumbList\",\"@id\":\"https:\\\/\\\/revolutionpadelstore.com\\\/de\\\/produkt\\\/siux-pegasus-pro-2026-storm-grey-1\\\/#breadcrumb\",\"itemListElement\":[{\"@type\":\"ListItem\",\"position\":1,\"name\":\"Portada\",\"item\":\"https:\\\/\\\/revolutionpadelstore.com\\\/de\\\/\"},{\"@type\":\"ListItem\",\"position\":2,\"name\":\"Shop\",\"item\":\"https:\\\/\\\/revolutionpadelstore.com\\\/de\\\/tienda\\\/\"},{\"@type\":\"ListItem\",\"position\":3,\"name\":\"SIUX PEGASUS PRO 2026 STORM GREY\"}]},{\"@type\":\"WebSite\",\"@id\":\"https:\\\/\\\/revolutionpadelstore.com\\\/de\\\/#website\",\"url\":\"https:\\\/\\\/revolutionpadelstore.com\\\/de\\\/\",\"name\":\"Revolution Padel Store\",\"description\":\"\",\"publisher\":{\"@id\":\"https:\\\/\\\/revolutionpadelstore.com\\\/de\\\/#organization\"},\"potentialAction\":[{\"@type\":\"SearchAction\",\"target\":{\"@type\":\"EntryPoint\",\"urlTemplate\":\"https:\\\/\\\/revolutionpadelstore.com\\\/de\\\/?s={search_term_string}\"},\"query-input\":{\"@type\":\"PropertyValueSpecification\",\"valueRequired\":true,\"valueName\":\"search_term_string\"}}],\"inLanguage\":\"de\"},{\"@type\":\"Organization\",\"@id\":\"https:\\\/\\\/revolutionpadelstore.com\\\/de\\\/#organization\",\"name\":\"Revolution Padel Store\",\"url\":\"https:\\\/\\\/revolutionpadelstore.com\\\/de\\\/\",\"logo\":{\"@type\":\"ImageObject\",\"inLanguage\":\"de\",\"@id\":\"https:\\\/\\\/revolutionpadelstore.com\\\/de\\\/#\\\/schema\\\/logo\\\/image\\\/\",\"url\":\"https:\\\/\\\/revolutionpadelstore.com\\\/wp-content\\\/uploads\\\/2026\\\/02\\\/revolution-padel-store.jpg\",\"contentUrl\":\"https:\\\/\\\/revolutionpadelstore.com\\\/wp-content\\\/uploads\\\/2026\\\/02\\\/revolution-padel-store.jpg\",\"width\":2000,\"height\":2000,\"caption\":\"Revolution Padel Store\"},\"image\":{\"@id\":\"https:\\\/\\\/revolutionpadelstore.com\\\/de\\\/#\\\/schema\\\/logo\\\/image\\\/\"},\"sameAs\":[\"https:\\\/\\\/www.instagram.com\\\/revolutionpadelstore\\\/\"]}]}<\/script>\n<!-- \/ Yoast SEO plugin. -->","yoast_head_json":{"title":"SIUX PEGASUS PRO 2026 STORM GREY - Revolution Padel Store","description":"Pala Siux Pegasus Pro 2026 Storm Grey para jugadores profesionales. Potencia, control y dise\u00f1o premium con firma de \u00c1lex Chozas. \u00a1C\u00f3mprala al mejor precio en Revolution Padel Store!","robots":{"index":"index","follow":"follow","max-snippet":"max-snippet:-1","max-image-preview":"max-image-preview:large","max-video-preview":"max-video-preview:-1"},"canonical":"https:\/\/revolutionpadelstore.com\/de\/produkt\/siux-pegasus-pro-2026-storm-grey-1\/","og_locale":"de_DE","og_type":"article","og_title":"SIUX PEGASUS PRO 2026 STORM GREY - Revolution Padel Store","og_description":"Pala Siux Pegasus Pro 2026 Storm Grey para jugadores profesionales. Potencia, control y dise\u00f1o premium con firma de \u00c1lex Chozas. \u00a1C\u00f3mprala al mejor precio en Revolution Padel Store!","og_url":"https:\/\/revolutionpadelstore.com\/de\/produkt\/siux-pegasus-pro-2026-storm-grey-1\/","og_site_name":"Revolution Padel Store","article_modified_time":"2026-04-10T00:03:31+00:00","og_image":[{"width":1500,"height":1500,"url":"https:\/\/revolutionpadelstore.com\/wp-content\/uploads\/2025\/10\/121755-pala-siux-pegasus-pro-2026-storm-grey-20049-1500x1500-1.webp","type":"image\/webp"}],"twitter_card":"summary_large_image","twitter_misc":{"Gesch\u00e4tzte Lesezeit":"2\u00a0Minuten"},"schema":{"@context":"https:\/\/schema.org","@graph":[{"@type":"WebPage","@id":"https:\/\/revolutionpadelstore.com\/de\/produkt\/siux-pegasus-pro-2026-storm-grey-1\/","url":"https:\/\/revolutionpadelstore.com\/de\/produkt\/siux-pegasus-pro-2026-storm-grey-1\/","name":"SIUX PEGASUS PRO 2026 STORM GREY - Revolution Padel Store","isPartOf":{"@id":"https:\/\/revolutionpadelstore.com\/de\/#website"},"primaryImageOfPage":{"@id":"https:\/\/revolutionpadelstore.com\/de\/produkt\/siux-pegasus-pro-2026-storm-grey-1\/#primaryimage"},"image":{"@id":"https:\/\/revolutionpadelstore.com\/de\/produkt\/siux-pegasus-pro-2026-storm-grey-1\/#primaryimage"},"thumbnailUrl":"https:\/\/revolutionpadelstore.com\/wp-content\/uploads\/2025\/10\/121755-pala-siux-pegasus-pro-2026-storm-grey-20049-1500x1500-1.webp","datePublished":"2025-10-22T22:19:42+00:00","dateModified":"2026-04-10T00:03:31+00:00","description":"Pala Siux Pegasus Pro 2026 Storm Grey para jugadores profesionales. Potencia, control y dise\u00f1o premium con firma de \u00c1lex Chozas. \u00a1C\u00f3mprala al mejor precio en Revolution Padel Store!","breadcrumb":{"@id":"https:\/\/revolutionpadelstore.com\/de\/produkt\/siux-pegasus-pro-2026-storm-grey-1\/#breadcrumb"},"inLanguage":"de","potentialAction":[{"@type":"ReadAction","target":["https:\/\/revolutionpadelstore.com\/de\/produkt\/siux-pegasus-pro-2026-storm-grey-1\/"]}]},{"@type":"ImageObject","inLanguage":"de","@id":"https:\/\/revolutionpadelstore.com\/de\/produkt\/siux-pegasus-pro-2026-storm-grey-1\/#primaryimage","url":"https:\/\/revolutionpadelstore.com\/wp-content\/uploads\/2025\/10\/121755-pala-siux-pegasus-pro-2026-storm-grey-20049-1500x1500-1.webp","contentUrl":"https:\/\/revolutionpadelstore.com\/wp-content\/uploads\/2025\/10\/121755-pala-siux-pegasus-pro-2026-storm-grey-20049-1500x1500-1.webp","width":1500,"height":1500},{"@type":"BreadcrumbList","@id":"https:\/\/revolutionpadelstore.com\/de\/produkt\/siux-pegasus-pro-2026-storm-grey-1\/#breadcrumb","itemListElement":[{"@type":"ListItem","position":1,"name":"Portada","item":"https:\/\/revolutionpadelstore.com\/de\/"},{"@type":"ListItem","position":2,"name":"Shop","item":"https:\/\/revolutionpadelstore.com\/de\/tienda\/"},{"@type":"ListItem","position":3,"name":"SIUX PEGASUS PRO 2026 STORM GREY"}]},{"@type":"WebSite","@id":"https:\/\/revolutionpadelstore.com\/de\/#website","url":"https:\/\/revolutionpadelstore.com\/de\/","name":"Revolution Padel Store","description":"","publisher":{"@id":"https:\/\/revolutionpadelstore.com\/de\/#organization"},"potentialAction":[{"@type":"SearchAction","target":{"@type":"EntryPoint","urlTemplate":"https:\/\/revolutionpadelstore.com\/de\/?s={search_term_string}"},"query-input":{"@type":"PropertyValueSpecification","valueRequired":true,"valueName":"search_term_string"}}],"inLanguage":"de"},{"@type":"Organization","@id":"https:\/\/revolutionpadelstore.com\/de\/#organization","name":"Revolution Padel Store","url":"https:\/\/revolutionpadelstore.com\/de\/","logo":{"@type":"ImageObject","inLanguage":"de","@id":"https:\/\/revolutionpadelstore.com\/de\/#\/schema\/logo\/image\/","url":"https:\/\/revolutionpadelstore.com\/wp-content\/uploads\/2026\/02\/revolution-padel-store.jpg","contentUrl":"https:\/\/revolutionpadelstore.com\/wp-content\/uploads\/2026\/02\/revolution-padel-store.jpg","width":2000,"height":2000,"caption":"Revolution Padel Store"},"image":{"@id":"https:\/\/revolutionpadelstore.com\/de\/#\/schema\/logo\/image\/"},"sameAs":["https:\/\/www.instagram.com\/revolutionpadelstore\/"]}]}},"_links":{"self":[{"href":"https:\/\/revolutionpadelstore.com\/de\/wp-json\/wp\/v2\/product\/293630","targetHints":{"allow":["GET"]}}],"collection":[{"href":"https:\/\/revolutionpadelstore.com\/de\/wp-json\/wp\/v2\/product"}],"about":[{"href":"https:\/\/revolutionpadelstore.com\/de\/wp-json\/wp\/v2\/types\/product"}],"replies":[{"embeddable":true,"href":"https:\/\/revolutionpadelstore.com\/de\/wp-json\/wp\/v2\/comments?post=293630"}],"wp:featuredmedia":[{"embeddable":true,"href":"https:\/\/revolutionpadelstore.com\/de\/wp-json\/wp\/v2\/media\/293511"}],"wp:attachment":[{"href":"https:\/\/revolutionpadelstore.com\/de\/wp-json\/wp\/v2\/media?parent=293630"}],"wp:term":[{"taxonomy":"acabado","embeddable":true,"href":"https:\/\/revolutionpadelstore.com\/de\/wp-json\/wp\/v2\/acabado?post=293630"},{"taxonomy":"balance","embeddable":true,"href":"https:\/\/revolutionpadelstore.com\/de\/wp-json\/wp\/v2\/balance?post=293630"},{"taxonomy":"dureza","embeddable":true,"href":"https:\/\/revolutionpadelstore.com\/de\/wp-json\/wp\/v2\/dureza?post=293630"},{"taxonomy":"forma","embeddable":true,"href":"https:\/\/revolutionpadelstore.com\/de\/wp-json\/wp\/v2\/forma?post=293630"},{"taxonomy":"jugador","embeddable":true,"href":"https:\/\/revolutionpadelstore.com\/de\/wp-json\/wp\/v2\/jugador?post=293630"},{"taxonomy":"marca","embeddable":true,"href":"https:\/\/revolutionpadelstore.com\/de\/wp-json\/wp\/v2\/marca?post=293630"},{"taxonomy":"nivel-de-juego","embeddable":true,"href":"https:\/\/revolutionpadelstore.com\/de\/wp-json\/wp\/v2\/nivel-de-juego?post=293630"},{"taxonomy":"superficie","embeddable":true,"href":"https:\/\/revolutionpadelstore.com\/de\/wp-json\/wp\/v2\/superficie?post=293630"},{"taxonomy":"tipo-de-juego","embeddable":true,"href":"https:\/\/revolutionpadelstore.com\/de\/wp-json\/wp\/v2\/tipo-de-juego?post=293630"},{"taxonomy":"product_brand","embeddable":true,"href":"https:\/\/revolutionpadelstore.com\/de\/wp-json\/wp\/v2\/product_brand?post=293630"},{"taxonomy":"product_cat","embeddable":true,"href":"https:\/\/revolutionpadelstore.com\/de\/wp-json\/wp\/v2\/product_cat?post=293630"},{"taxonomy":"product_tag","embeddable":true,"href":"https:\/\/revolutionpadelstore.com\/de\/wp-json\/wp\/v2\/product_tag?post=293630"}],"curies":[{"name":"wp","href":"https:\/\/api.w.org\/{rel}","templated":true}]}}