{"id":293601,"date":"2025-10-23T00:24:05","date_gmt":"2025-10-22T22:24:05","guid":{"rendered":"https:\/\/revolutionpadelstore.com\/siux-diablo-elite-6\/"},"modified":"2026-04-10T14:02:35","modified_gmt":"2026-04-10T12:02:35","slug":"siux-diablo-elite-6-6","status":"publish","type":"product","link":"https:\/\/revolutionpadelstore.com\/de\/produkt\/siux-diablo-elite-6-6\/","title":{"rendered":"SIUX DIABLO ELITE 6"},"content":{"rendered":"<h2><strong>Siux Diablo Elite 6 \u2013 Pr\u00e4zision und Kraft in perfekter Balance<\/strong><\/h2>\n<p>Der <strong>Siux Diablo Elite 6<\/strong> ist der definitive Schl\u00e4ger f\u00fcr fortgeschrittene Spieler, die herausragende Leistung mit einer perfekten Kombination aus Kontrolle und Power suchen. Als Teil der exklusiven <strong>Elite 2026<\/strong>-Reihe von Siux entwickelt dieses Modell das Erbe der Diablo-Saga mit einem eleganten, schlichten Design und einem sandigen, matten Finish weiter, das die Wirkung jedes Schusses verst\u00e4rkt.<\/p>\n<h2><strong>Professioneller Padelschl\u00e4ger f\u00fcr anspruchsvolle Spieler<\/strong><\/h2>\n<p>Dieser tropfenf\u00f6rmige Schl\u00e4ger mit mittlerer Balance wurde f\u00fcr ein Hybrid-\/Kontrollspiel entwickelt und erm\u00f6glicht es Ihnen, das Offensivspiel zu dominieren, ohne an Pr\u00e4zision in der Verteidigung zu verlieren. Seine <strong>mittlere H\u00e4rte (6,5\/10)<\/strong> bietet einen festen, aber komfortablen Touch, ideal f\u00fcr alle, die Vielseitigkeit und Stabilit\u00e4t suchen, ohne auf das Gef\u00fchl bei jedem Schlag zu verzichten.<\/p>\n<p>Dank seines Gewichts von <strong>355-375 Gramm<\/strong> garantiert der Diablo Elite 6 eine <strong>\u00fcberragende Man\u00f6vrierf\u00e4higkeit<\/strong>, perfekt f\u00fcr die schnelle Anpassung an jede Situation auf der Strecke.<\/p>\n<h2><strong>Technische Eigenschaften des Siux Diablo Elite 6<\/strong><\/h2>\n<p><strong>-3K-Carbon-Schlagfl\u00e4chen<\/strong>: perfekte Balance zwischen Kraft und Flexibilit\u00e4t.<\/p>\n<p><strong>-Weicher EVA-Kern<\/strong>: mehr Komfort, Kontrolle und Ballausgabe.<\/p>\n<p><strong>-Tropfenform<\/strong>: Vielseitigkeit im Angriff und in der Verteidigung mit einer gro\u00dfen Aufprallzone.<\/p>\n<p><strong>-Gewicht von 355\u2013375 g<\/strong>: ideal f\u00fcr Spieler, die Wert auf Handhabbarkeit legen.<\/p>\n<p><strong>-Mittlere H\u00e4rte (6,5\/10)<\/strong>: ausgezeichnete Balance zwischen Festigkeit und Komfort.<\/p>\n<p><strong>-Medium Balance<\/strong>: maximale Kontrolle ohne Schlagkraftverlust.<\/p>\n<p><strong>-Sandiges mattes Finish<\/strong>: Optimiert Topspin-Effekte.<\/p>\n<p><strong>-Switch Strap System<\/strong>: austauschbarer und ergonomischer Gurt, mehr Sicherheit und Komfort.<\/p>\n<p><strong>-Elite 2026 Edition<\/strong>: Spitzentechnologie und professionelles Design.<\/p>\n<h2><strong>Wichtige Vorteile f\u00fcr Ihr Spiel<\/strong><\/h2>\n<p>-Verbessert die Kontrolle ohne Leistungseinbu\u00dfen.<\/p>\n<p>-Perfekt f\u00fcr Spieler, die das vielseitige Spiel beherrschen.<\/p>\n<p>-Ideal f\u00fcr Wettkampfspiele und intensives Training.<\/p>\n<p>-Anspruchsvolles Design, das Qualit\u00e4t und Leistung vermittelt.<\/p>\n<h2><strong>Warum den Siux Diablo Elite 6 w\u00e4hlen?<\/strong><\/h2>\n<p>Wenn Sie auf der Suche nach einem High-End-Schl\u00e4ger sind, der Ihre Leistung steigert und Sie in jedem Punkt zuverl\u00e4ssig begleitet, ist der <strong>Diablo Elite 6<\/strong> die beste Wahl. Unterst\u00fctzt von einer der renommiertesten Padel-Marken, Siux, und f\u00fcr diejenigen entwickelt, die bei jedem Schlag das Beste verlangen.<\/p>\n<h2><strong>Jetzt zum besten Preis sichern!<\/strong><\/h2>\n<p>Kaufen Sie den <strong>Siux Diablo Elite 6<\/strong> noch heute in unserem Online-Shop <a href=\"https:\/\/www.revolutionpadelstore.com\/\">www.revolutionpadelstore.com<\/a> und sichern Sie sich einen der besten professionellen Padelschl\u00e4ger auf dem Markt. Wahrscheinlich zum <strong>besten Preis auf dem Markt<\/strong>, mit schnellem Versand und offizieller Garantie.<\/p>\n<h2><strong>Siux Diablo Elite 6 \u2013 Precisi\u00f3n y potencia en equilibrio perfecto<\/strong><\/p>\n","protected":false},"excerpt":{"rendered":"<p>Entdecken Sie den <strong data-start=\"402\" data-end=\"431\">neuen Siux Diablo Elite 6<\/strong>, einen Schl\u00e4ger, der <strong data-start=\"454\" data-end=\"476\">Power und Kontrolle<\/strong> dank seiner <strong data-start=\"490\" data-end=\"512\">Hybridstruktur<\/strong> und <strong data-start=\"514\" data-end=\"528\">Carbon vereint 3K<\/strong> und <strong data-start=\"532\" data-end=\"546\">EVA-Kern<\/strong>. Seine <strong data-start=\"551\" data-end=\"578\">sandig-matte Oberfl\u00e4che<\/strong> und die <strong data-start=\"584\" data-end=\"607\">ausgewogene Balance<\/strong> bieten au\u00dfergew\u00f6hnliche Leistung bei jedem Schuss.<strong data-start=\"402\" data-end=\"431\">nueva Siux Diablo Elite 6<\/strong><\/p>\n","protected":false},"featured_media":293337,"comment_status":"open","ping_status":"closed","template":"","meta":{"_acf_changed":false,"_joinchat":[]},"acabado":[1094,1084],"balance":[1139],"dureza":[1154],"forma":[1184],"jugador":[],"marca":[1304],"nivel-de-juego":[1334],"superficie":[1359],"tipo-de-juego":[1369,1384],"product_brand":[],"product_cat":[299],"product_tag":[],"class_list":{"0":"post-293601","1":"product","2":"type-product","3":"status-publish","4":"has-post-thumbnail","6":"acabado-arenoso-de","7":"acabado-kumpel","8":"balance-mittel","9":"dureza-media-de","10":"forma-lagrima-de","11":"marca-siux-de","12":"superficie-rugosa-de","13":"tipo-de-juego-kontrolle","14":"tipo-de-juego-mehrzweck","15":"product_cat-palas-de-padel-de","17":"first","18":"instock","19":"sale","20":"taxable","21":"shipping-taxable","22":"purchasable","23":"product-type-simple"},"acf":[],"yoast_head":"<!-- This site is optimized with the Yoast SEO plugin v27.4 - https:\/\/yoast.com\/product\/yoast-seo-wordpress\/ -->\n<title>SIUX DIABLO ELITE 6 - Revolution Padel Store<\/title>\n<meta name=\"description\" content=\"Descubre la Siux Diablo Elite 6, pala de p\u00e1del profesional con equilibrio perfecto entre control y potencia. Disponible en Revolution Padel Store al mejor precio online.\" \/>\n<meta name=\"robots\" content=\"index, follow, max-snippet:-1, max-image-preview:large, max-video-preview:-1\" \/>\n<link rel=\"canonical\" href=\"https:\/\/revolutionpadelstore.com\/de\/produkt\/siux-diablo-elite-6-6\/\" \/>\n<meta property=\"og:locale\" content=\"de_DE\" \/>\n<meta property=\"og:type\" content=\"article\" \/>\n<meta property=\"og:title\" content=\"SIUX DIABLO ELITE 6 - Revolution Padel Store\" \/>\n<meta property=\"og:description\" content=\"Descubre la Siux Diablo Elite 6, pala de p\u00e1del profesional con equilibrio perfecto entre control y potencia. Disponible en Revolution Padel Store al mejor precio online.\" \/>\n<meta property=\"og:url\" content=\"https:\/\/revolutionpadelstore.com\/de\/produkt\/siux-diablo-elite-6-6\/\" \/>\n<meta property=\"og:site_name\" content=\"Revolution Padel Store\" \/>\n<meta property=\"article:modified_time\" content=\"2026-04-10T12:02:35+00:00\" \/>\n<meta property=\"og:image\" content=\"https:\/\/revolutionpadelstore.com\/wp-content\/uploads\/2025\/10\/121743-pala-siux-diablo-elite-6-200052-1500x1500-1.webp\" \/>\n\t<meta property=\"og:image:width\" content=\"1500\" \/>\n\t<meta property=\"og:image:height\" content=\"1500\" \/>\n\t<meta property=\"og:image:type\" content=\"image\/webp\" \/>\n<meta name=\"twitter:card\" content=\"summary_large_image\" \/>\n<meta name=\"twitter:label1\" content=\"Gesch\u00e4tzte Lesezeit\" \/>\n\t<meta name=\"twitter:data1\" content=\"2\u00a0Minuten\" \/>\n<script type=\"application\/ld+json\" class=\"yoast-schema-graph\">{\"@context\":\"https:\\\/\\\/schema.org\",\"@graph\":[{\"@type\":\"WebPage\",\"@id\":\"https:\\\/\\\/revolutionpadelstore.com\\\/de\\\/produkt\\\/siux-diablo-elite-6-6\\\/\",\"url\":\"https:\\\/\\\/revolutionpadelstore.com\\\/de\\\/produkt\\\/siux-diablo-elite-6-6\\\/\",\"name\":\"SIUX DIABLO ELITE 6 - Revolution Padel Store\",\"isPartOf\":{\"@id\":\"https:\\\/\\\/revolutionpadelstore.com\\\/de\\\/#website\"},\"primaryImageOfPage\":{\"@id\":\"https:\\\/\\\/revolutionpadelstore.com\\\/de\\\/produkt\\\/siux-diablo-elite-6-6\\\/#primaryimage\"},\"image\":{\"@id\":\"https:\\\/\\\/revolutionpadelstore.com\\\/de\\\/produkt\\\/siux-diablo-elite-6-6\\\/#primaryimage\"},\"thumbnailUrl\":\"https:\\\/\\\/revolutionpadelstore.com\\\/wp-content\\\/uploads\\\/2025\\\/10\\\/121743-pala-siux-diablo-elite-6-200052-1500x1500-1.webp\",\"datePublished\":\"2025-10-22T22:24:05+00:00\",\"dateModified\":\"2026-04-10T12:02:35+00:00\",\"description\":\"Descubre la Siux Diablo Elite 6, pala de p\u00e1del profesional con equilibrio perfecto entre control y potencia. Disponible en Revolution Padel Store al mejor precio online.\",\"breadcrumb\":{\"@id\":\"https:\\\/\\\/revolutionpadelstore.com\\\/de\\\/produkt\\\/siux-diablo-elite-6-6\\\/#breadcrumb\"},\"inLanguage\":\"de\",\"potentialAction\":[{\"@type\":\"ReadAction\",\"target\":[\"https:\\\/\\\/revolutionpadelstore.com\\\/de\\\/produkt\\\/siux-diablo-elite-6-6\\\/\"]}]},{\"@type\":\"ImageObject\",\"inLanguage\":\"de\",\"@id\":\"https:\\\/\\\/revolutionpadelstore.com\\\/de\\\/produkt\\\/siux-diablo-elite-6-6\\\/#primaryimage\",\"url\":\"https:\\\/\\\/revolutionpadelstore.com\\\/wp-content\\\/uploads\\\/2025\\\/10\\\/121743-pala-siux-diablo-elite-6-200052-1500x1500-1.webp\",\"contentUrl\":\"https:\\\/\\\/revolutionpadelstore.com\\\/wp-content\\\/uploads\\\/2025\\\/10\\\/121743-pala-siux-diablo-elite-6-200052-1500x1500-1.webp\",\"width\":1500,\"height\":1500},{\"@type\":\"BreadcrumbList\",\"@id\":\"https:\\\/\\\/revolutionpadelstore.com\\\/de\\\/produkt\\\/siux-diablo-elite-6-6\\\/#breadcrumb\",\"itemListElement\":[{\"@type\":\"ListItem\",\"position\":1,\"name\":\"Portada\",\"item\":\"https:\\\/\\\/revolutionpadelstore.com\\\/de\\\/\"},{\"@type\":\"ListItem\",\"position\":2,\"name\":\"Shop\",\"item\":\"https:\\\/\\\/revolutionpadelstore.com\\\/de\\\/tienda\\\/\"},{\"@type\":\"ListItem\",\"position\":3,\"name\":\"SIUX DIABLO ELITE 6\"}]},{\"@type\":\"WebSite\",\"@id\":\"https:\\\/\\\/revolutionpadelstore.com\\\/de\\\/#website\",\"url\":\"https:\\\/\\\/revolutionpadelstore.com\\\/de\\\/\",\"name\":\"Revolution Padel Store\",\"description\":\"\",\"publisher\":{\"@id\":\"https:\\\/\\\/revolutionpadelstore.com\\\/de\\\/#organization\"},\"potentialAction\":[{\"@type\":\"SearchAction\",\"target\":{\"@type\":\"EntryPoint\",\"urlTemplate\":\"https:\\\/\\\/revolutionpadelstore.com\\\/de\\\/?s={search_term_string}\"},\"query-input\":{\"@type\":\"PropertyValueSpecification\",\"valueRequired\":true,\"valueName\":\"search_term_string\"}}],\"inLanguage\":\"de\"},{\"@type\":\"Organization\",\"@id\":\"https:\\\/\\\/revolutionpadelstore.com\\\/de\\\/#organization\",\"name\":\"Revolution Padel Store\",\"url\":\"https:\\\/\\\/revolutionpadelstore.com\\\/de\\\/\",\"logo\":{\"@type\":\"ImageObject\",\"inLanguage\":\"de\",\"@id\":\"https:\\\/\\\/revolutionpadelstore.com\\\/de\\\/#\\\/schema\\\/logo\\\/image\\\/\",\"url\":\"https:\\\/\\\/revolutionpadelstore.com\\\/wp-content\\\/uploads\\\/2026\\\/02\\\/revolution-padel-store.jpg\",\"contentUrl\":\"https:\\\/\\\/revolutionpadelstore.com\\\/wp-content\\\/uploads\\\/2026\\\/02\\\/revolution-padel-store.jpg\",\"width\":2000,\"height\":2000,\"caption\":\"Revolution Padel Store\"},\"image\":{\"@id\":\"https:\\\/\\\/revolutionpadelstore.com\\\/de\\\/#\\\/schema\\\/logo\\\/image\\\/\"},\"sameAs\":[\"https:\\\/\\\/www.instagram.com\\\/revolutionpadelstore\\\/\"]}]}<\/script>\n<!-- \/ Yoast SEO plugin. -->","yoast_head_json":{"title":"SIUX DIABLO ELITE 6 - Revolution Padel Store","description":"Descubre la Siux Diablo Elite 6, pala de p\u00e1del profesional con equilibrio perfecto entre control y potencia. Disponible en Revolution Padel Store al mejor precio online.","robots":{"index":"index","follow":"follow","max-snippet":"max-snippet:-1","max-image-preview":"max-image-preview:large","max-video-preview":"max-video-preview:-1"},"canonical":"https:\/\/revolutionpadelstore.com\/de\/produkt\/siux-diablo-elite-6-6\/","og_locale":"de_DE","og_type":"article","og_title":"SIUX DIABLO ELITE 6 - Revolution Padel Store","og_description":"Descubre la Siux Diablo Elite 6, pala de p\u00e1del profesional con equilibrio perfecto entre control y potencia. Disponible en Revolution Padel Store al mejor precio online.","og_url":"https:\/\/revolutionpadelstore.com\/de\/produkt\/siux-diablo-elite-6-6\/","og_site_name":"Revolution Padel Store","article_modified_time":"2026-04-10T12:02:35+00:00","og_image":[{"width":1500,"height":1500,"url":"https:\/\/revolutionpadelstore.com\/wp-content\/uploads\/2025\/10\/121743-pala-siux-diablo-elite-6-200052-1500x1500-1.webp","type":"image\/webp"}],"twitter_card":"summary_large_image","twitter_misc":{"Gesch\u00e4tzte Lesezeit":"2\u00a0Minuten"},"schema":{"@context":"https:\/\/schema.org","@graph":[{"@type":"WebPage","@id":"https:\/\/revolutionpadelstore.com\/de\/produkt\/siux-diablo-elite-6-6\/","url":"https:\/\/revolutionpadelstore.com\/de\/produkt\/siux-diablo-elite-6-6\/","name":"SIUX DIABLO ELITE 6 - Revolution Padel Store","isPartOf":{"@id":"https:\/\/revolutionpadelstore.com\/de\/#website"},"primaryImageOfPage":{"@id":"https:\/\/revolutionpadelstore.com\/de\/produkt\/siux-diablo-elite-6-6\/#primaryimage"},"image":{"@id":"https:\/\/revolutionpadelstore.com\/de\/produkt\/siux-diablo-elite-6-6\/#primaryimage"},"thumbnailUrl":"https:\/\/revolutionpadelstore.com\/wp-content\/uploads\/2025\/10\/121743-pala-siux-diablo-elite-6-200052-1500x1500-1.webp","datePublished":"2025-10-22T22:24:05+00:00","dateModified":"2026-04-10T12:02:35+00:00","description":"Descubre la Siux Diablo Elite 6, pala de p\u00e1del profesional con equilibrio perfecto entre control y potencia. Disponible en Revolution Padel Store al mejor precio online.","breadcrumb":{"@id":"https:\/\/revolutionpadelstore.com\/de\/produkt\/siux-diablo-elite-6-6\/#breadcrumb"},"inLanguage":"de","potentialAction":[{"@type":"ReadAction","target":["https:\/\/revolutionpadelstore.com\/de\/produkt\/siux-diablo-elite-6-6\/"]}]},{"@type":"ImageObject","inLanguage":"de","@id":"https:\/\/revolutionpadelstore.com\/de\/produkt\/siux-diablo-elite-6-6\/#primaryimage","url":"https:\/\/revolutionpadelstore.com\/wp-content\/uploads\/2025\/10\/121743-pala-siux-diablo-elite-6-200052-1500x1500-1.webp","contentUrl":"https:\/\/revolutionpadelstore.com\/wp-content\/uploads\/2025\/10\/121743-pala-siux-diablo-elite-6-200052-1500x1500-1.webp","width":1500,"height":1500},{"@type":"BreadcrumbList","@id":"https:\/\/revolutionpadelstore.com\/de\/produkt\/siux-diablo-elite-6-6\/#breadcrumb","itemListElement":[{"@type":"ListItem","position":1,"name":"Portada","item":"https:\/\/revolutionpadelstore.com\/de\/"},{"@type":"ListItem","position":2,"name":"Shop","item":"https:\/\/revolutionpadelstore.com\/de\/tienda\/"},{"@type":"ListItem","position":3,"name":"SIUX DIABLO ELITE 6"}]},{"@type":"WebSite","@id":"https:\/\/revolutionpadelstore.com\/de\/#website","url":"https:\/\/revolutionpadelstore.com\/de\/","name":"Revolution Padel Store","description":"","publisher":{"@id":"https:\/\/revolutionpadelstore.com\/de\/#organization"},"potentialAction":[{"@type":"SearchAction","target":{"@type":"EntryPoint","urlTemplate":"https:\/\/revolutionpadelstore.com\/de\/?s={search_term_string}"},"query-input":{"@type":"PropertyValueSpecification","valueRequired":true,"valueName":"search_term_string"}}],"inLanguage":"de"},{"@type":"Organization","@id":"https:\/\/revolutionpadelstore.com\/de\/#organization","name":"Revolution Padel Store","url":"https:\/\/revolutionpadelstore.com\/de\/","logo":{"@type":"ImageObject","inLanguage":"de","@id":"https:\/\/revolutionpadelstore.com\/de\/#\/schema\/logo\/image\/","url":"https:\/\/revolutionpadelstore.com\/wp-content\/uploads\/2026\/02\/revolution-padel-store.jpg","contentUrl":"https:\/\/revolutionpadelstore.com\/wp-content\/uploads\/2026\/02\/revolution-padel-store.jpg","width":2000,"height":2000,"caption":"Revolution Padel Store"},"image":{"@id":"https:\/\/revolutionpadelstore.com\/de\/#\/schema\/logo\/image\/"},"sameAs":["https:\/\/www.instagram.com\/revolutionpadelstore\/"]}]}},"_links":{"self":[{"href":"https:\/\/revolutionpadelstore.com\/de\/wp-json\/wp\/v2\/product\/293601","targetHints":{"allow":["GET"]}}],"collection":[{"href":"https:\/\/revolutionpadelstore.com\/de\/wp-json\/wp\/v2\/product"}],"about":[{"href":"https:\/\/revolutionpadelstore.com\/de\/wp-json\/wp\/v2\/types\/product"}],"replies":[{"embeddable":true,"href":"https:\/\/revolutionpadelstore.com\/de\/wp-json\/wp\/v2\/comments?post=293601"}],"wp:featuredmedia":[{"embeddable":true,"href":"https:\/\/revolutionpadelstore.com\/de\/wp-json\/wp\/v2\/media\/293337"}],"wp:attachment":[{"href":"https:\/\/revolutionpadelstore.com\/de\/wp-json\/wp\/v2\/media?parent=293601"}],"wp:term":[{"taxonomy":"acabado","embeddable":true,"href":"https:\/\/revolutionpadelstore.com\/de\/wp-json\/wp\/v2\/acabado?post=293601"},{"taxonomy":"balance","embeddable":true,"href":"https:\/\/revolutionpadelstore.com\/de\/wp-json\/wp\/v2\/balance?post=293601"},{"taxonomy":"dureza","embeddable":true,"href":"https:\/\/revolutionpadelstore.com\/de\/wp-json\/wp\/v2\/dureza?post=293601"},{"taxonomy":"forma","embeddable":true,"href":"https:\/\/revolutionpadelstore.com\/de\/wp-json\/wp\/v2\/forma?post=293601"},{"taxonomy":"jugador","embeddable":true,"href":"https:\/\/revolutionpadelstore.com\/de\/wp-json\/wp\/v2\/jugador?post=293601"},{"taxonomy":"marca","embeddable":true,"href":"https:\/\/revolutionpadelstore.com\/de\/wp-json\/wp\/v2\/marca?post=293601"},{"taxonomy":"nivel-de-juego","embeddable":true,"href":"https:\/\/revolutionpadelstore.com\/de\/wp-json\/wp\/v2\/nivel-de-juego?post=293601"},{"taxonomy":"superficie","embeddable":true,"href":"https:\/\/revolutionpadelstore.com\/de\/wp-json\/wp\/v2\/superficie?post=293601"},{"taxonomy":"tipo-de-juego","embeddable":true,"href":"https:\/\/revolutionpadelstore.com\/de\/wp-json\/wp\/v2\/tipo-de-juego?post=293601"},{"taxonomy":"product_brand","embeddable":true,"href":"https:\/\/revolutionpadelstore.com\/de\/wp-json\/wp\/v2\/product_brand?post=293601"},{"taxonomy":"product_cat","embeddable":true,"href":"https:\/\/revolutionpadelstore.com\/de\/wp-json\/wp\/v2\/product_cat?post=293601"},{"taxonomy":"product_tag","embeddable":true,"href":"https:\/\/revolutionpadelstore.com\/de\/wp-json\/wp\/v2\/product_tag?post=293601"}],"curies":[{"name":"wp","href":"https:\/\/api.w.org\/{rel}","templated":true}]}}