{"id":292972,"date":"2025-09-27T13:05:50","date_gmt":"2025-09-27T11:05:50","guid":{"rendered":"https:\/\/revolutionpadelstore.com\/dunlop-aero-star-team\/"},"modified":"2026-04-08T03:49:04","modified_gmt":"2026-04-08T01:49:04","slug":"dunlop-aero-star-team-1","status":"publish","type":"product","link":"https:\/\/revolutionpadelstore.com\/de\/produkt\/dunlop-aero-star-team-1\/","title":{"rendered":"DUNLOP AERO-STAR TEAM"},"content":{"rendered":"<h2>DUNLOP AERO-STAR TEAM \u2013 EXPLOSIVE KRAFT BEI JEDEM SCHLAG<\/h2>\n<p>Der <strong>Dunlop Aero-Star Team<\/strong> ist der ideale Schl\u00e4ger f\u00fcr Spieler, die auf der Suche nach <strong>maximaler Power<\/strong> und kompromissloser Leistung sind. Seine <strong>Diamant<\/strong>-Form erm\u00f6glicht es Ihnen, aggressive und kraftvolle Schl\u00e4ge aus jedem Bereich des Spielfelds zu erzeugen, was ihn zu einem hervorragenden Verb\u00fcndeten f\u00fcr Offensivspieler macht, die das Spiel von oben dominieren.<\/p>\n<h2>Hochwertige Technologie und Materialien<\/h2>\n<p>Dieser Schl\u00e4ger besteht aus <strong>100 % Carbon<\/strong> und bietet eine widerstandsf\u00e4hige, leichte und langlebige Struktur, die auch bei den anspruchsvollsten Spielen optimale Leistung garantiert. Sein <strong>EVA-Gummi<\/strong>-Kern sorgt f\u00fcr einen spektakul\u00e4ren Ballaussto\u00df mit einer idealen Mischung aus <strong>Kraft und Kontrolle<\/strong> und erm\u00f6glicht so pr\u00e4zise und schnelle Schl\u00e4ge.<\/p>\n<h2>Hervorgehobene technische Eigenschaften<\/h2>\n<p><strong>-Form<\/strong>: Diamant \u2013 ideal f\u00fcr Spieler, die Wert auf Leistung legen.<\/p>\n<p><strong>-Zusammensetzung<\/strong>: 100 % Carbon \u2013 \u00fcberlegene Haltbarkeit und Leichtigkeit.<\/p>\n<p><strong>-Kern<\/strong>: EVA-Gummi \u2013 h\u00f6here Ballleistung und Vibrationsd\u00e4mpfung.<\/p>\n<p><strong>-Spielertyp<\/strong>: Fortgeschrittener\/mittlerer Spieler mit offensivem Stil.<\/p>\n<p><strong>-Spielstil<\/strong>: Angriff \/ Gesamtkraft.<\/p>\n<h2>Hauptvorteile<\/h2>\n<p>-Erzeugt eine h\u00f6here Ballbeschleunigung ohne Kraftaufwand.<\/p>\n<p>-Solide Reaktion bei Volleys und Sch\u00fcssen.<\/p>\n<p>-Professionelles Design mit erstklassiger Verarbeitung.<\/p>\n<p>-Hohe Verschlei\u00dffestigkeit f\u00fcr intensiven Gebrauch.<\/p>\n<h2>Warum sollten Sie sich f\u00fcr das Dunlop Aero-Star Team entscheiden?<\/h2>\n<p>Weil es fortschrittliche Technologien, erstklassige Materialien und ein Design vereint, das Ihr Offensivspiel verbessert. Wenn Sie ein Spieler sind, der mit Kraft und Pr\u00e4zision dominieren m\u00f6chte, ist dieser Schl\u00e4ger genau das Richtige f\u00fcr Sie.<\/p>\n<p><strong>Jetzt erh\u00e4ltlich in unserem Online-Shop <a href=\"https:\/\/www.revolutionpadelstore.com\/\">www.revolutionpadelstore.com<\/a><\/strong>, wahrscheinlich <strong>zum besten Preis auf dem Markt<\/strong>. Lassen Sie sich das nicht entgehen und steigern Sie Ihr Spielniveau mit Dunlop.<\/p>\n<h2>DUNLOP AERO-STAR TEAM \u2013 POTENCIA EXPLOSIVA EN CADA GOLPE<\/h2>\n","protected":false},"excerpt":{"rendered":"<p><strong data-start=\"151\" data-end=\"217\">Dunlop Aero-Star Team \u2013 Entfesseln Sie Ihre ganze Kraft bei jedem Schlag.<\/strong><br data-start=\"217\" data-end=\"220\" \/>Entwickelt f\u00fcr Spieler, die Energie, Pr\u00e4zision und Gesamtleistung auf dem Platz suchen.<strong data-start=\"151\" data-end=\"217\">Dunlop Aero-Star Team \u2013 Libera toda tu potencia en cada golpe.<\/strong><\/p>\n","protected":false},"featured_media":292984,"comment_status":"open","ping_status":"closed","template":"","meta":{"_acf_changed":false,"_joinchat":[]},"acabado":[1084],"balance":[1134],"dureza":[1154],"forma":[1169],"jugador":[],"marca":[1209],"nivel-de-juego":[1334],"superficie":[1359],"tipo-de-juego":[1374],"product_brand":[],"product_cat":[299],"product_tag":[],"class_list":{"0":"post-292972","1":"product","2":"type-product","3":"status-publish","4":"has-post-thumbnail","6":"acabado-kumpel","7":"balance-hoch","8":"dureza-media-de","9":"forma-diamante-de","10":"marca-dunlop-de","11":"superficie-rugosa-de","12":"tipo-de-juego-leistung","13":"product_cat-palas-de-padel-de","15":"first","16":"instock","17":"sale","18":"taxable","19":"shipping-taxable","20":"purchasable","21":"product-type-simple"},"acf":[],"yoast_head":"<!-- This site is optimized with the Yoast SEO plugin v27.4 - https:\/\/yoast.com\/product\/yoast-seo-wordpress\/ -->\n<title>DUNLOP AERO-STAR TEAM - Revolution Padel Store<\/title>\n<meta name=\"description\" content=\"Descubre la pala Dunlop Aero-Star Team: forma diamante, carbono 100% y goma EVA para m\u00e1xima potencia y precisi\u00f3n. \u00a1C\u00f3mprala al mejor precio en revolutionpadelstore.com!\" \/>\n<meta name=\"robots\" content=\"index, follow, max-snippet:-1, max-image-preview:large, max-video-preview:-1\" \/>\n<link rel=\"canonical\" href=\"https:\/\/revolutionpadelstore.com\/de\/produkt\/dunlop-aero-star-team-1\/\" \/>\n<meta property=\"og:locale\" content=\"de_DE\" \/>\n<meta property=\"og:type\" content=\"article\" \/>\n<meta property=\"og:title\" content=\"DUNLOP AERO-STAR TEAM - Revolution Padel Store\" \/>\n<meta property=\"og:description\" content=\"Descubre la pala Dunlop Aero-Star Team: forma diamante, carbono 100% y goma EVA para m\u00e1xima potencia y precisi\u00f3n. \u00a1C\u00f3mprala al mejor precio en revolutionpadelstore.com!\" \/>\n<meta property=\"og:url\" content=\"https:\/\/revolutionpadelstore.com\/de\/produkt\/dunlop-aero-star-team-1\/\" \/>\n<meta property=\"og:site_name\" content=\"Revolution Padel Store\" \/>\n<meta property=\"article:modified_time\" content=\"2026-04-08T01:49:04+00:00\" \/>\n<meta property=\"og:image\" content=\"https:\/\/revolutionpadelstore.com\/wp-content\/uploads\/2025\/09\/imagen_1_104753_1a49ee18_1336.webp\" \/>\n\t<meta property=\"og:image:width\" content=\"1000\" \/>\n\t<meta property=\"og:image:height\" content=\"1000\" \/>\n\t<meta property=\"og:image:type\" content=\"image\/webp\" \/>\n<meta name=\"twitter:card\" content=\"summary_large_image\" \/>\n<meta name=\"twitter:label1\" content=\"Gesch\u00e4tzte Lesezeit\" \/>\n\t<meta name=\"twitter:data1\" content=\"1\u00a0Minute\" \/>\n<script type=\"application\/ld+json\" class=\"yoast-schema-graph\">{\"@context\":\"https:\\\/\\\/schema.org\",\"@graph\":[{\"@type\":\"WebPage\",\"@id\":\"https:\\\/\\\/revolutionpadelstore.com\\\/de\\\/produkt\\\/dunlop-aero-star-team-1\\\/\",\"url\":\"https:\\\/\\\/revolutionpadelstore.com\\\/de\\\/produkt\\\/dunlop-aero-star-team-1\\\/\",\"name\":\"DUNLOP AERO-STAR TEAM - Revolution Padel Store\",\"isPartOf\":{\"@id\":\"https:\\\/\\\/revolutionpadelstore.com\\\/de\\\/#website\"},\"primaryImageOfPage\":{\"@id\":\"https:\\\/\\\/revolutionpadelstore.com\\\/de\\\/produkt\\\/dunlop-aero-star-team-1\\\/#primaryimage\"},\"image\":{\"@id\":\"https:\\\/\\\/revolutionpadelstore.com\\\/de\\\/produkt\\\/dunlop-aero-star-team-1\\\/#primaryimage\"},\"thumbnailUrl\":\"https:\\\/\\\/revolutionpadelstore.com\\\/wp-content\\\/uploads\\\/2025\\\/09\\\/imagen_1_104753_1a49ee18_1336.webp\",\"datePublished\":\"2025-09-27T11:05:50+00:00\",\"dateModified\":\"2026-04-08T01:49:04+00:00\",\"description\":\"Descubre la pala Dunlop Aero-Star Team: forma diamante, carbono 100% y goma EVA para m\u00e1xima potencia y precisi\u00f3n. \u00a1C\u00f3mprala al mejor precio en revolutionpadelstore.com!\",\"breadcrumb\":{\"@id\":\"https:\\\/\\\/revolutionpadelstore.com\\\/de\\\/produkt\\\/dunlop-aero-star-team-1\\\/#breadcrumb\"},\"inLanguage\":\"de\",\"potentialAction\":[{\"@type\":\"ReadAction\",\"target\":[\"https:\\\/\\\/revolutionpadelstore.com\\\/de\\\/produkt\\\/dunlop-aero-star-team-1\\\/\"]}]},{\"@type\":\"ImageObject\",\"inLanguage\":\"de\",\"@id\":\"https:\\\/\\\/revolutionpadelstore.com\\\/de\\\/produkt\\\/dunlop-aero-star-team-1\\\/#primaryimage\",\"url\":\"https:\\\/\\\/revolutionpadelstore.com\\\/wp-content\\\/uploads\\\/2025\\\/09\\\/imagen_1_104753_1a49ee18_1336.webp\",\"contentUrl\":\"https:\\\/\\\/revolutionpadelstore.com\\\/wp-content\\\/uploads\\\/2025\\\/09\\\/imagen_1_104753_1a49ee18_1336.webp\",\"width\":1000,\"height\":1000},{\"@type\":\"BreadcrumbList\",\"@id\":\"https:\\\/\\\/revolutionpadelstore.com\\\/de\\\/produkt\\\/dunlop-aero-star-team-1\\\/#breadcrumb\",\"itemListElement\":[{\"@type\":\"ListItem\",\"position\":1,\"name\":\"Portada\",\"item\":\"https:\\\/\\\/revolutionpadelstore.com\\\/de\\\/\"},{\"@type\":\"ListItem\",\"position\":2,\"name\":\"Shop\",\"item\":\"https:\\\/\\\/revolutionpadelstore.com\\\/de\\\/tienda\\\/\"},{\"@type\":\"ListItem\",\"position\":3,\"name\":\"DUNLOP AERO-STAR TEAM\"}]},{\"@type\":\"WebSite\",\"@id\":\"https:\\\/\\\/revolutionpadelstore.com\\\/de\\\/#website\",\"url\":\"https:\\\/\\\/revolutionpadelstore.com\\\/de\\\/\",\"name\":\"Revolution Padel Store\",\"description\":\"\",\"publisher\":{\"@id\":\"https:\\\/\\\/revolutionpadelstore.com\\\/de\\\/#organization\"},\"potentialAction\":[{\"@type\":\"SearchAction\",\"target\":{\"@type\":\"EntryPoint\",\"urlTemplate\":\"https:\\\/\\\/revolutionpadelstore.com\\\/de\\\/?s={search_term_string}\"},\"query-input\":{\"@type\":\"PropertyValueSpecification\",\"valueRequired\":true,\"valueName\":\"search_term_string\"}}],\"inLanguage\":\"de\"},{\"@type\":\"Organization\",\"@id\":\"https:\\\/\\\/revolutionpadelstore.com\\\/de\\\/#organization\",\"name\":\"Revolution Padel Store\",\"url\":\"https:\\\/\\\/revolutionpadelstore.com\\\/de\\\/\",\"logo\":{\"@type\":\"ImageObject\",\"inLanguage\":\"de\",\"@id\":\"https:\\\/\\\/revolutionpadelstore.com\\\/de\\\/#\\\/schema\\\/logo\\\/image\\\/\",\"url\":\"https:\\\/\\\/revolutionpadelstore.com\\\/wp-content\\\/uploads\\\/2026\\\/02\\\/revolution-padel-store.jpg\",\"contentUrl\":\"https:\\\/\\\/revolutionpadelstore.com\\\/wp-content\\\/uploads\\\/2026\\\/02\\\/revolution-padel-store.jpg\",\"width\":2000,\"height\":2000,\"caption\":\"Revolution Padel Store\"},\"image\":{\"@id\":\"https:\\\/\\\/revolutionpadelstore.com\\\/de\\\/#\\\/schema\\\/logo\\\/image\\\/\"},\"sameAs\":[\"https:\\\/\\\/www.instagram.com\\\/revolutionpadelstore\\\/\"]}]}<\/script>\n<!-- \/ Yoast SEO plugin. -->","yoast_head_json":{"title":"DUNLOP AERO-STAR TEAM - Revolution Padel Store","description":"Descubre la pala Dunlop Aero-Star Team: forma diamante, carbono 100% y goma EVA para m\u00e1xima potencia y precisi\u00f3n. \u00a1C\u00f3mprala al mejor precio en revolutionpadelstore.com!","robots":{"index":"index","follow":"follow","max-snippet":"max-snippet:-1","max-image-preview":"max-image-preview:large","max-video-preview":"max-video-preview:-1"},"canonical":"https:\/\/revolutionpadelstore.com\/de\/produkt\/dunlop-aero-star-team-1\/","og_locale":"de_DE","og_type":"article","og_title":"DUNLOP AERO-STAR TEAM - Revolution Padel Store","og_description":"Descubre la pala Dunlop Aero-Star Team: forma diamante, carbono 100% y goma EVA para m\u00e1xima potencia y precisi\u00f3n. \u00a1C\u00f3mprala al mejor precio en revolutionpadelstore.com!","og_url":"https:\/\/revolutionpadelstore.com\/de\/produkt\/dunlop-aero-star-team-1\/","og_site_name":"Revolution Padel Store","article_modified_time":"2026-04-08T01:49:04+00:00","og_image":[{"width":1000,"height":1000,"url":"https:\/\/revolutionpadelstore.com\/wp-content\/uploads\/2025\/09\/imagen_1_104753_1a49ee18_1336.webp","type":"image\/webp"}],"twitter_card":"summary_large_image","twitter_misc":{"Gesch\u00e4tzte Lesezeit":"1\u00a0Minute"},"schema":{"@context":"https:\/\/schema.org","@graph":[{"@type":"WebPage","@id":"https:\/\/revolutionpadelstore.com\/de\/produkt\/dunlop-aero-star-team-1\/","url":"https:\/\/revolutionpadelstore.com\/de\/produkt\/dunlop-aero-star-team-1\/","name":"DUNLOP AERO-STAR TEAM - Revolution Padel Store","isPartOf":{"@id":"https:\/\/revolutionpadelstore.com\/de\/#website"},"primaryImageOfPage":{"@id":"https:\/\/revolutionpadelstore.com\/de\/produkt\/dunlop-aero-star-team-1\/#primaryimage"},"image":{"@id":"https:\/\/revolutionpadelstore.com\/de\/produkt\/dunlop-aero-star-team-1\/#primaryimage"},"thumbnailUrl":"https:\/\/revolutionpadelstore.com\/wp-content\/uploads\/2025\/09\/imagen_1_104753_1a49ee18_1336.webp","datePublished":"2025-09-27T11:05:50+00:00","dateModified":"2026-04-08T01:49:04+00:00","description":"Descubre la pala Dunlop Aero-Star Team: forma diamante, carbono 100% y goma EVA para m\u00e1xima potencia y precisi\u00f3n. \u00a1C\u00f3mprala al mejor precio en revolutionpadelstore.com!","breadcrumb":{"@id":"https:\/\/revolutionpadelstore.com\/de\/produkt\/dunlop-aero-star-team-1\/#breadcrumb"},"inLanguage":"de","potentialAction":[{"@type":"ReadAction","target":["https:\/\/revolutionpadelstore.com\/de\/produkt\/dunlop-aero-star-team-1\/"]}]},{"@type":"ImageObject","inLanguage":"de","@id":"https:\/\/revolutionpadelstore.com\/de\/produkt\/dunlop-aero-star-team-1\/#primaryimage","url":"https:\/\/revolutionpadelstore.com\/wp-content\/uploads\/2025\/09\/imagen_1_104753_1a49ee18_1336.webp","contentUrl":"https:\/\/revolutionpadelstore.com\/wp-content\/uploads\/2025\/09\/imagen_1_104753_1a49ee18_1336.webp","width":1000,"height":1000},{"@type":"BreadcrumbList","@id":"https:\/\/revolutionpadelstore.com\/de\/produkt\/dunlop-aero-star-team-1\/#breadcrumb","itemListElement":[{"@type":"ListItem","position":1,"name":"Portada","item":"https:\/\/revolutionpadelstore.com\/de\/"},{"@type":"ListItem","position":2,"name":"Shop","item":"https:\/\/revolutionpadelstore.com\/de\/tienda\/"},{"@type":"ListItem","position":3,"name":"DUNLOP AERO-STAR TEAM"}]},{"@type":"WebSite","@id":"https:\/\/revolutionpadelstore.com\/de\/#website","url":"https:\/\/revolutionpadelstore.com\/de\/","name":"Revolution Padel Store","description":"","publisher":{"@id":"https:\/\/revolutionpadelstore.com\/de\/#organization"},"potentialAction":[{"@type":"SearchAction","target":{"@type":"EntryPoint","urlTemplate":"https:\/\/revolutionpadelstore.com\/de\/?s={search_term_string}"},"query-input":{"@type":"PropertyValueSpecification","valueRequired":true,"valueName":"search_term_string"}}],"inLanguage":"de"},{"@type":"Organization","@id":"https:\/\/revolutionpadelstore.com\/de\/#organization","name":"Revolution Padel Store","url":"https:\/\/revolutionpadelstore.com\/de\/","logo":{"@type":"ImageObject","inLanguage":"de","@id":"https:\/\/revolutionpadelstore.com\/de\/#\/schema\/logo\/image\/","url":"https:\/\/revolutionpadelstore.com\/wp-content\/uploads\/2026\/02\/revolution-padel-store.jpg","contentUrl":"https:\/\/revolutionpadelstore.com\/wp-content\/uploads\/2026\/02\/revolution-padel-store.jpg","width":2000,"height":2000,"caption":"Revolution Padel Store"},"image":{"@id":"https:\/\/revolutionpadelstore.com\/de\/#\/schema\/logo\/image\/"},"sameAs":["https:\/\/www.instagram.com\/revolutionpadelstore\/"]}]}},"_links":{"self":[{"href":"https:\/\/revolutionpadelstore.com\/de\/wp-json\/wp\/v2\/product\/292972","targetHints":{"allow":["GET"]}}],"collection":[{"href":"https:\/\/revolutionpadelstore.com\/de\/wp-json\/wp\/v2\/product"}],"about":[{"href":"https:\/\/revolutionpadelstore.com\/de\/wp-json\/wp\/v2\/types\/product"}],"replies":[{"embeddable":true,"href":"https:\/\/revolutionpadelstore.com\/de\/wp-json\/wp\/v2\/comments?post=292972"}],"wp:featuredmedia":[{"embeddable":true,"href":"https:\/\/revolutionpadelstore.com\/de\/wp-json\/wp\/v2\/media\/292984"}],"wp:attachment":[{"href":"https:\/\/revolutionpadelstore.com\/de\/wp-json\/wp\/v2\/media?parent=292972"}],"wp:term":[{"taxonomy":"acabado","embeddable":true,"href":"https:\/\/revolutionpadelstore.com\/de\/wp-json\/wp\/v2\/acabado?post=292972"},{"taxonomy":"balance","embeddable":true,"href":"https:\/\/revolutionpadelstore.com\/de\/wp-json\/wp\/v2\/balance?post=292972"},{"taxonomy":"dureza","embeddable":true,"href":"https:\/\/revolutionpadelstore.com\/de\/wp-json\/wp\/v2\/dureza?post=292972"},{"taxonomy":"forma","embeddable":true,"href":"https:\/\/revolutionpadelstore.com\/de\/wp-json\/wp\/v2\/forma?post=292972"},{"taxonomy":"jugador","embeddable":true,"href":"https:\/\/revolutionpadelstore.com\/de\/wp-json\/wp\/v2\/jugador?post=292972"},{"taxonomy":"marca","embeddable":true,"href":"https:\/\/revolutionpadelstore.com\/de\/wp-json\/wp\/v2\/marca?post=292972"},{"taxonomy":"nivel-de-juego","embeddable":true,"href":"https:\/\/revolutionpadelstore.com\/de\/wp-json\/wp\/v2\/nivel-de-juego?post=292972"},{"taxonomy":"superficie","embeddable":true,"href":"https:\/\/revolutionpadelstore.com\/de\/wp-json\/wp\/v2\/superficie?post=292972"},{"taxonomy":"tipo-de-juego","embeddable":true,"href":"https:\/\/revolutionpadelstore.com\/de\/wp-json\/wp\/v2\/tipo-de-juego?post=292972"},{"taxonomy":"product_brand","embeddable":true,"href":"https:\/\/revolutionpadelstore.com\/de\/wp-json\/wp\/v2\/product_brand?post=292972"},{"taxonomy":"product_cat","embeddable":true,"href":"https:\/\/revolutionpadelstore.com\/de\/wp-json\/wp\/v2\/product_cat?post=292972"},{"taxonomy":"product_tag","embeddable":true,"href":"https:\/\/revolutionpadelstore.com\/de\/wp-json\/wp\/v2\/product_tag?post=292972"}],"curies":[{"name":"wp","href":"https:\/\/api.w.org\/{rel}","templated":true}]}}