{"id":286307,"date":"2025-10-10T23:54:54","date_gmt":"2025-10-10T21:54:54","guid":{"rendered":"https:\/\/revolutionpadelstore.com\/nox-x-hero-red\/"},"modified":"2026-04-03T02:01:22","modified_gmt":"2026-04-03T00:01:22","slug":"nox-x-hero-red-1","status":"publish","type":"product","link":"https:\/\/revolutionpadelstore.com\/de\/produkt\/nox-x-hero-red-1\/","title":{"rendered":"NOX X-HERO RED"},"content":{"rendered":"<h2><strong>NOX X-Hero Red 2026 \u2013 Kontrolle und Kraft, um vom ersten Spiel an zu dominieren<\/strong><\/h2>\n<h2><strong>Entdecken Sie den idealen Padelschl\u00e4ger f\u00fcr aufstrebende Spieler<\/strong><\/h2>\n<p>Der <strong>NOX X-Hero Red 2026<\/strong> wurde f\u00fcr Anf\u00e4nger und Fortgeschrittene entwickelt, die ihre Technik verbessern m\u00f6chten, ohne auf Komfort oder Leistung zu verzichten. Seine runde Form und sein weiches Spielgef\u00fchl bieten eine perfekte Balance zwischen Kontrolle, Pr\u00e4zision und leichter Kraft und machen ihn zu einer idealen Option, um von hinten auf dem Spielfeld zu dominieren und bei Bedarf entschlossen anzugreifen.<\/p>\n<p>Dank seines gro\u00dfen Sweetspots werden selbst au\u00dfermittige Treffer zu effektiven Schl\u00e4gen, was das Selbstvertrauen und die Sicherheit bei jedem Ballwechsel erh\u00f6ht.<\/p>\n<h2><strong>Auff\u00e4lliges Design und langlebige Konstruktion<\/strong><\/h2>\n<p><strong>-Moderne \u00c4sthetik in leuchtendem Rot und Grau<\/strong>, mit einer gl\u00e4nzenden Oberfl\u00e4che, die auf den ersten Blick auff\u00e4llt.<\/p>\n<p><strong>-Struktur verst\u00e4rkt mit Carbon-Rahmen<\/strong>, die Festigkeit und eine l\u00e4ngere Lebensdauer gegen Abnutzung durch intensiven Gebrauch bietet.<\/p>\n<p><strong>-Mittlere Balance<\/strong>, die Stabilit\u00e4t und Vielseitigkeit bietet und an offensive und defensive Stile angepasst werden kann.<\/p>\n<p>Der NOX X-Hero Red 2026 \u00fcberzeugt nicht nur auf der Rennstrecke, sondern besticht auch durch sein auff\u00e4lliges Design \u2013 perfekt f\u00fcr alle, die mit Pers\u00f6nlichkeit auffallen m\u00f6chten.<\/p>\n<h2><strong>NOX X-Hero Red 2026 Vorgestellte Technologien<\/strong><\/h2>\n<p><strong>-HR3 White EVA<\/strong>: Weichgummikern mit geringer Dichte, der f\u00fcr ein angenehmes Ballgef\u00fchl und eine hervorragende Ballausgabe sorgt.<\/p>\n<p><strong>-Fiber Glass 3K<\/strong>: Oberfl\u00e4chen mit drei Glasfaserschichten, die eine gute Widerstandsf\u00e4higkeit und ein gutes Schlaggef\u00fchl gew\u00e4hrleisten.<\/p>\n<p><strong>-Dynamic Composite Structure (DCS)<\/strong>: Zus\u00e4tzliche Verst\u00e4rkung im Rahmen, die vor Bruch durch au\u00dfermittige Treffer sch\u00fctzt.<\/p>\n<p><strong>-Carbon-Rahmen<\/strong>: Vollcarbon-Rahmen, der f\u00fcr Steifigkeit und Haltbarkeit sorgt.<\/p>\n<p><strong>-Runde Form + mittlere Balance<\/strong>: Erm\u00f6glicht Ihnen eine pr\u00e4zise Steuerung des Spiels, ohne an Kraft zu verlieren.<\/p>\n<h2><strong>F\u00fcr wen ist NOX X-Hero Red 2026 geeignet?<\/strong><\/h2>\n<p>-Spieler, die <strong>mit Padel beginnen<\/strong> oder sich auf einem <strong>mittleren Niveau<\/strong> befinden und einen Schl\u00e4ger mit <strong>Kontrolle, Komfort und attraktivem Design<\/strong> suchen.<\/p>\n<p>-Ideal f\u00fcr diejenigen, die ihre Technik dank seiner Handlichkeit und guten Haptik problemlos verbessern m\u00f6chten.<\/p>\n<p>-Perfekt f\u00fcr Freizeitspiele, Kurse oder Amateurturniere.<\/p>\n<h2><strong>Warum den NOX X-Hero Red 2026 w\u00e4hlen?<\/strong><\/h2>\n<p>-Balance zwischen <strong>Lichtleistung und Kontrolle<\/strong><br \/>\n-Exklusives Design, das nicht unbemerkt bleibt<br \/>\n-Spitzentechnologie in einem erschwinglichen Schl\u00e4ger<br \/>\n-Ideal, um sicher im Spiel voranzukommen<br \/>\n-\u00dcberlegene Haltbarkeit dank seines Carbonrahmens<\/p>\n<h2><strong>Nehmen Sie den NOX X-Hero Red 2026 zum besten Preis<\/strong><\/h2>\n<p>Wenn Sie auf der Suche nach einem Padelschl\u00e4ger sind, der Design, Komfort und Leistung ohne Komplikationen vereint, ist der <strong>NOX X-Hero Red 2026<\/strong> die perfekte Wahl. Verpassen Sie nicht die Gelegenheit, Ihr Spiel mit einem zuverl\u00e4ssigen und langlebigen Schl\u00e4ger zu verbessern.<\/p>\n<p><strong>Ab sofort in unserem Online-Shop <a href=\"https:\/\/www.revolutionpadelstore.com\/\">www.revolutionpadelstore.com<\/a><\/strong> erh\u00e4ltlich, <strong>wahrscheinlich zum besten Preis auf dem Markt<\/strong>. Klicken Sie und machen Sie es noch heute zu Ihrem!<\/p>\n<h2><strong>NOX X-Hero Red 2026 \u2013 Control y potencia para dominar desde el primer partido<\/strong><\/p>\n","protected":false},"excerpt":{"rendered":"<p>Entdecken Sie die Kraft und Eleganz des <strong data-start=\"113\" data-end=\"136\">NOX X-Hero Red 2026<\/strong>, eines Schl\u00e4gers, der sich durch sein lebendiges Design und seine perfekte Balance auszeichnet. Genie\u00dfen Sie die totale Kontrolle, ein Gef\u00fchl von au\u00dfergew\u00f6hnlichem Komfort und Haltbarkeit, das Sie bei jedem Spiel begleiten wird. Ideal f\u00fcr alle, die den n\u00e4chsten Schritt in ihrem Spiel machen wollen.<strong data-start=\"113\" data-end=\"136\">NOX X-Hero Red 2026<\/strong><\/p>\n","protected":false},"featured_media":286422,"comment_status":"open","ping_status":"closed","template":"","meta":{"_acf_changed":false,"_joinchat":[]},"acabado":[1079],"balance":[1139],"dureza":[1149],"forma":[1179],"jugador":[],"marca":[1259],"nivel-de-juego":[1349],"superficie":[1354],"tipo-de-juego":[1369,1384],"product_brand":[],"product_cat":[299],"product_tag":[],"class_list":{"0":"post-286307","1":"product","2":"type-product","3":"status-publish","4":"has-post-thumbnail","6":"acabado-helligkeit","7":"balance-mittel","8":"dureza-blanda-de","9":"forma-rund","10":"marca-nox-de","11":"superficie-lisa-de","12":"tipo-de-juego-kontrolle","13":"tipo-de-juego-mehrzweck","14":"product_cat-palas-de-padel-de","16":"first","17":"instock","18":"taxable","19":"shipping-taxable","20":"purchasable","21":"product-type-simple"},"acf":[],"yoast_head":"<!-- This site is optimized with the Yoast SEO plugin v27.3 - https:\/\/yoast.com\/product\/yoast-seo-wordpress\/ -->\n<title>NOX X-HERO RED - Revolution Padel Store<\/title>\n<meta name=\"description\" content=\"Compra la NOX X-Hero Red 2026 al mejor precio en Revolution Padel Store. Pala ideal para jugadores principiantes e intermedios. Control, dise\u00f1o llamativo y m\u00e1xima comodidad.\" \/>\n<meta name=\"robots\" content=\"index, follow, max-snippet:-1, max-image-preview:large, max-video-preview:-1\" \/>\n<link rel=\"canonical\" href=\"https:\/\/revolutionpadelstore.com\/de\/produkt\/nox-x-hero-red-1\/\" \/>\n<meta property=\"og:locale\" content=\"de_DE\" \/>\n<meta property=\"og:type\" content=\"article\" \/>\n<meta property=\"og:title\" content=\"NOX X-HERO RED - Revolution Padel Store\" \/>\n<meta property=\"og:description\" content=\"Compra la NOX X-Hero Red 2026 al mejor precio en Revolution Padel Store. Pala ideal para jugadores principiantes e intermedios. Control, dise\u00f1o llamativo y m\u00e1xima comodidad.\" \/>\n<meta property=\"og:url\" content=\"https:\/\/revolutionpadelstore.com\/de\/produkt\/nox-x-hero-red-1\/\" \/>\n<meta property=\"og:site_name\" content=\"Revolution Padel Store\" \/>\n<meta property=\"article:modified_time\" content=\"2026-04-03T00:01:22+00:00\" \/>\n<meta property=\"og:image\" content=\"https:\/\/revolutionpadelstore.com\/wp-content\/uploads\/2025\/10\/120983-pala-nox-x-hero-red-pxherore-1500x1500-1.webp\" \/>\n\t<meta property=\"og:image:width\" content=\"1500\" \/>\n\t<meta property=\"og:image:height\" content=\"1500\" \/>\n\t<meta property=\"og:image:type\" content=\"image\/webp\" \/>\n<meta name=\"twitter:card\" content=\"summary_large_image\" \/>\n<meta name=\"twitter:label1\" content=\"Gesch\u00e4tzte Lesezeit\" \/>\n\t<meta name=\"twitter:data1\" content=\"2\u00a0Minuten\" \/>\n<script type=\"application\/ld+json\" class=\"yoast-schema-graph\">{\"@context\":\"https:\\\/\\\/schema.org\",\"@graph\":[{\"@type\":\"WebPage\",\"@id\":\"https:\\\/\\\/revolutionpadelstore.com\\\/de\\\/produkt\\\/nox-x-hero-red-1\\\/\",\"url\":\"https:\\\/\\\/revolutionpadelstore.com\\\/de\\\/produkt\\\/nox-x-hero-red-1\\\/\",\"name\":\"NOX X-HERO RED - Revolution Padel Store\",\"isPartOf\":{\"@id\":\"https:\\\/\\\/revolutionpadelstore.com\\\/de\\\/#website\"},\"primaryImageOfPage\":{\"@id\":\"https:\\\/\\\/revolutionpadelstore.com\\\/de\\\/produkt\\\/nox-x-hero-red-1\\\/#primaryimage\"},\"image\":{\"@id\":\"https:\\\/\\\/revolutionpadelstore.com\\\/de\\\/produkt\\\/nox-x-hero-red-1\\\/#primaryimage\"},\"thumbnailUrl\":\"https:\\\/\\\/revolutionpadelstore.com\\\/wp-content\\\/uploads\\\/2025\\\/10\\\/120983-pala-nox-x-hero-red-pxherore-1500x1500-1.webp\",\"datePublished\":\"2025-10-10T21:54:54+00:00\",\"dateModified\":\"2026-04-03T00:01:22+00:00\",\"description\":\"Compra la NOX X-Hero Red 2026 al mejor precio en Revolution Padel Store. Pala ideal para jugadores principiantes e intermedios. Control, dise\u00f1o llamativo y m\u00e1xima comodidad.\",\"breadcrumb\":{\"@id\":\"https:\\\/\\\/revolutionpadelstore.com\\\/de\\\/produkt\\\/nox-x-hero-red-1\\\/#breadcrumb\"},\"inLanguage\":\"de\",\"potentialAction\":[{\"@type\":\"ReadAction\",\"target\":[\"https:\\\/\\\/revolutionpadelstore.com\\\/de\\\/produkt\\\/nox-x-hero-red-1\\\/\"]}]},{\"@type\":\"ImageObject\",\"inLanguage\":\"de\",\"@id\":\"https:\\\/\\\/revolutionpadelstore.com\\\/de\\\/produkt\\\/nox-x-hero-red-1\\\/#primaryimage\",\"url\":\"https:\\\/\\\/revolutionpadelstore.com\\\/wp-content\\\/uploads\\\/2025\\\/10\\\/120983-pala-nox-x-hero-red-pxherore-1500x1500-1.webp\",\"contentUrl\":\"https:\\\/\\\/revolutionpadelstore.com\\\/wp-content\\\/uploads\\\/2025\\\/10\\\/120983-pala-nox-x-hero-red-pxherore-1500x1500-1.webp\",\"width\":1500,\"height\":1500},{\"@type\":\"BreadcrumbList\",\"@id\":\"https:\\\/\\\/revolutionpadelstore.com\\\/de\\\/produkt\\\/nox-x-hero-red-1\\\/#breadcrumb\",\"itemListElement\":[{\"@type\":\"ListItem\",\"position\":1,\"name\":\"Portada\",\"item\":\"https:\\\/\\\/revolutionpadelstore.com\\\/de\\\/\"},{\"@type\":\"ListItem\",\"position\":2,\"name\":\"Shop\",\"item\":\"https:\\\/\\\/revolutionpadelstore.com\\\/de\\\/tienda\\\/\"},{\"@type\":\"ListItem\",\"position\":3,\"name\":\"NOX X-HERO RED\"}]},{\"@type\":\"WebSite\",\"@id\":\"https:\\\/\\\/revolutionpadelstore.com\\\/de\\\/#website\",\"url\":\"https:\\\/\\\/revolutionpadelstore.com\\\/de\\\/\",\"name\":\"Revolution Padel Store\",\"description\":\"\",\"publisher\":{\"@id\":\"https:\\\/\\\/revolutionpadelstore.com\\\/de\\\/#organization\"},\"potentialAction\":[{\"@type\":\"SearchAction\",\"target\":{\"@type\":\"EntryPoint\",\"urlTemplate\":\"https:\\\/\\\/revolutionpadelstore.com\\\/de\\\/?s={search_term_string}\"},\"query-input\":{\"@type\":\"PropertyValueSpecification\",\"valueRequired\":true,\"valueName\":\"search_term_string\"}}],\"inLanguage\":\"de\"},{\"@type\":\"Organization\",\"@id\":\"https:\\\/\\\/revolutionpadelstore.com\\\/de\\\/#organization\",\"name\":\"Revolution Padel Store\",\"url\":\"https:\\\/\\\/revolutionpadelstore.com\\\/de\\\/\",\"logo\":{\"@type\":\"ImageObject\",\"inLanguage\":\"de\",\"@id\":\"https:\\\/\\\/revolutionpadelstore.com\\\/de\\\/#\\\/schema\\\/logo\\\/image\\\/\",\"url\":\"https:\\\/\\\/revolutionpadelstore.com\\\/wp-content\\\/uploads\\\/2026\\\/02\\\/revolution-padel-store.jpg\",\"contentUrl\":\"https:\\\/\\\/revolutionpadelstore.com\\\/wp-content\\\/uploads\\\/2026\\\/02\\\/revolution-padel-store.jpg\",\"width\":2000,\"height\":2000,\"caption\":\"Revolution Padel Store\"},\"image\":{\"@id\":\"https:\\\/\\\/revolutionpadelstore.com\\\/de\\\/#\\\/schema\\\/logo\\\/image\\\/\"},\"sameAs\":[\"https:\\\/\\\/www.instagram.com\\\/revolutionpadelstore\\\/\"]}]}<\/script>\n<!-- \/ Yoast SEO plugin. -->","yoast_head_json":{"title":"NOX X-HERO RED - Revolution Padel Store","description":"Compra la NOX X-Hero Red 2026 al mejor precio en Revolution Padel Store. Pala ideal para jugadores principiantes e intermedios. Control, dise\u00f1o llamativo y m\u00e1xima comodidad.","robots":{"index":"index","follow":"follow","max-snippet":"max-snippet:-1","max-image-preview":"max-image-preview:large","max-video-preview":"max-video-preview:-1"},"canonical":"https:\/\/revolutionpadelstore.com\/de\/produkt\/nox-x-hero-red-1\/","og_locale":"de_DE","og_type":"article","og_title":"NOX X-HERO RED - Revolution Padel Store","og_description":"Compra la NOX X-Hero Red 2026 al mejor precio en Revolution Padel Store. Pala ideal para jugadores principiantes e intermedios. Control, dise\u00f1o llamativo y m\u00e1xima comodidad.","og_url":"https:\/\/revolutionpadelstore.com\/de\/produkt\/nox-x-hero-red-1\/","og_site_name":"Revolution Padel Store","article_modified_time":"2026-04-03T00:01:22+00:00","og_image":[{"width":1500,"height":1500,"url":"https:\/\/revolutionpadelstore.com\/wp-content\/uploads\/2025\/10\/120983-pala-nox-x-hero-red-pxherore-1500x1500-1.webp","type":"image\/webp"}],"twitter_card":"summary_large_image","twitter_misc":{"Gesch\u00e4tzte Lesezeit":"2\u00a0Minuten"},"schema":{"@context":"https:\/\/schema.org","@graph":[{"@type":"WebPage","@id":"https:\/\/revolutionpadelstore.com\/de\/produkt\/nox-x-hero-red-1\/","url":"https:\/\/revolutionpadelstore.com\/de\/produkt\/nox-x-hero-red-1\/","name":"NOX X-HERO RED - Revolution Padel Store","isPartOf":{"@id":"https:\/\/revolutionpadelstore.com\/de\/#website"},"primaryImageOfPage":{"@id":"https:\/\/revolutionpadelstore.com\/de\/produkt\/nox-x-hero-red-1\/#primaryimage"},"image":{"@id":"https:\/\/revolutionpadelstore.com\/de\/produkt\/nox-x-hero-red-1\/#primaryimage"},"thumbnailUrl":"https:\/\/revolutionpadelstore.com\/wp-content\/uploads\/2025\/10\/120983-pala-nox-x-hero-red-pxherore-1500x1500-1.webp","datePublished":"2025-10-10T21:54:54+00:00","dateModified":"2026-04-03T00:01:22+00:00","description":"Compra la NOX X-Hero Red 2026 al mejor precio en Revolution Padel Store. Pala ideal para jugadores principiantes e intermedios. Control, dise\u00f1o llamativo y m\u00e1xima comodidad.","breadcrumb":{"@id":"https:\/\/revolutionpadelstore.com\/de\/produkt\/nox-x-hero-red-1\/#breadcrumb"},"inLanguage":"de","potentialAction":[{"@type":"ReadAction","target":["https:\/\/revolutionpadelstore.com\/de\/produkt\/nox-x-hero-red-1\/"]}]},{"@type":"ImageObject","inLanguage":"de","@id":"https:\/\/revolutionpadelstore.com\/de\/produkt\/nox-x-hero-red-1\/#primaryimage","url":"https:\/\/revolutionpadelstore.com\/wp-content\/uploads\/2025\/10\/120983-pala-nox-x-hero-red-pxherore-1500x1500-1.webp","contentUrl":"https:\/\/revolutionpadelstore.com\/wp-content\/uploads\/2025\/10\/120983-pala-nox-x-hero-red-pxherore-1500x1500-1.webp","width":1500,"height":1500},{"@type":"BreadcrumbList","@id":"https:\/\/revolutionpadelstore.com\/de\/produkt\/nox-x-hero-red-1\/#breadcrumb","itemListElement":[{"@type":"ListItem","position":1,"name":"Portada","item":"https:\/\/revolutionpadelstore.com\/de\/"},{"@type":"ListItem","position":2,"name":"Shop","item":"https:\/\/revolutionpadelstore.com\/de\/tienda\/"},{"@type":"ListItem","position":3,"name":"NOX X-HERO RED"}]},{"@type":"WebSite","@id":"https:\/\/revolutionpadelstore.com\/de\/#website","url":"https:\/\/revolutionpadelstore.com\/de\/","name":"Revolution Padel Store","description":"","publisher":{"@id":"https:\/\/revolutionpadelstore.com\/de\/#organization"},"potentialAction":[{"@type":"SearchAction","target":{"@type":"EntryPoint","urlTemplate":"https:\/\/revolutionpadelstore.com\/de\/?s={search_term_string}"},"query-input":{"@type":"PropertyValueSpecification","valueRequired":true,"valueName":"search_term_string"}}],"inLanguage":"de"},{"@type":"Organization","@id":"https:\/\/revolutionpadelstore.com\/de\/#organization","name":"Revolution Padel Store","url":"https:\/\/revolutionpadelstore.com\/de\/","logo":{"@type":"ImageObject","inLanguage":"de","@id":"https:\/\/revolutionpadelstore.com\/de\/#\/schema\/logo\/image\/","url":"https:\/\/revolutionpadelstore.com\/wp-content\/uploads\/2026\/02\/revolution-padel-store.jpg","contentUrl":"https:\/\/revolutionpadelstore.com\/wp-content\/uploads\/2026\/02\/revolution-padel-store.jpg","width":2000,"height":2000,"caption":"Revolution Padel Store"},"image":{"@id":"https:\/\/revolutionpadelstore.com\/de\/#\/schema\/logo\/image\/"},"sameAs":["https:\/\/www.instagram.com\/revolutionpadelstore\/"]}]}},"_links":{"self":[{"href":"https:\/\/revolutionpadelstore.com\/de\/wp-json\/wp\/v2\/product\/286307","targetHints":{"allow":["GET"]}}],"collection":[{"href":"https:\/\/revolutionpadelstore.com\/de\/wp-json\/wp\/v2\/product"}],"about":[{"href":"https:\/\/revolutionpadelstore.com\/de\/wp-json\/wp\/v2\/types\/product"}],"replies":[{"embeddable":true,"href":"https:\/\/revolutionpadelstore.com\/de\/wp-json\/wp\/v2\/comments?post=286307"}],"wp:featuredmedia":[{"embeddable":true,"href":"https:\/\/revolutionpadelstore.com\/de\/wp-json\/wp\/v2\/media\/286422"}],"wp:attachment":[{"href":"https:\/\/revolutionpadelstore.com\/de\/wp-json\/wp\/v2\/media?parent=286307"}],"wp:term":[{"taxonomy":"acabado","embeddable":true,"href":"https:\/\/revolutionpadelstore.com\/de\/wp-json\/wp\/v2\/acabado?post=286307"},{"taxonomy":"balance","embeddable":true,"href":"https:\/\/revolutionpadelstore.com\/de\/wp-json\/wp\/v2\/balance?post=286307"},{"taxonomy":"dureza","embeddable":true,"href":"https:\/\/revolutionpadelstore.com\/de\/wp-json\/wp\/v2\/dureza?post=286307"},{"taxonomy":"forma","embeddable":true,"href":"https:\/\/revolutionpadelstore.com\/de\/wp-json\/wp\/v2\/forma?post=286307"},{"taxonomy":"jugador","embeddable":true,"href":"https:\/\/revolutionpadelstore.com\/de\/wp-json\/wp\/v2\/jugador?post=286307"},{"taxonomy":"marca","embeddable":true,"href":"https:\/\/revolutionpadelstore.com\/de\/wp-json\/wp\/v2\/marca?post=286307"},{"taxonomy":"nivel-de-juego","embeddable":true,"href":"https:\/\/revolutionpadelstore.com\/de\/wp-json\/wp\/v2\/nivel-de-juego?post=286307"},{"taxonomy":"superficie","embeddable":true,"href":"https:\/\/revolutionpadelstore.com\/de\/wp-json\/wp\/v2\/superficie?post=286307"},{"taxonomy":"tipo-de-juego","embeddable":true,"href":"https:\/\/revolutionpadelstore.com\/de\/wp-json\/wp\/v2\/tipo-de-juego?post=286307"},{"taxonomy":"product_brand","embeddable":true,"href":"https:\/\/revolutionpadelstore.com\/de\/wp-json\/wp\/v2\/product_brand?post=286307"},{"taxonomy":"product_cat","embeddable":true,"href":"https:\/\/revolutionpadelstore.com\/de\/wp-json\/wp\/v2\/product_cat?post=286307"},{"taxonomy":"product_tag","embeddable":true,"href":"https:\/\/revolutionpadelstore.com\/de\/wp-json\/wp\/v2\/product_tag?post=286307"}],"curies":[{"name":"wp","href":"https:\/\/api.w.org\/{rel}","templated":true}]}}