{"id":285202,"date":"2025-09-29T00:34:55","date_gmt":"2025-09-28T22:34:55","guid":{"rendered":"https:\/\/revolutionpadelstore.com\/?post_type=product&#038;p=285202"},"modified":"2026-04-01T00:43:53","modified_gmt":"2026-03-31T22:43:53","slug":"paletero-dunlop-intro-blk-red-1","status":"publish","type":"product","link":"https:\/\/revolutionpadelstore.com\/de\/produkt\/paletero-dunlop-intro-blk-red-1\/","title":{"rendered":"PALETERO DUNLOP INTRO BLK\/RED"},"content":{"rendered":"<h2>Dunlop Tour Intro Red Padel-Tasche \u2013 Komfort, Schutz und Kapazit\u00e4t f\u00fcr Ihre Spiele<\/h2>\n<p>Die <strong>Dunlop Tour Intro Red Paddle Bag<\/strong> ist das perfekte Accessoire f\u00fcr Spieler, die bei jedem Spiel <strong>Qualit\u00e4t, Funktionalit\u00e4t und Stil<\/strong> suchen. Diese Padelschl\u00e4gertasche besteht aus widerstandsf\u00e4higen Materialien und einem modernen Design und bietet eine optimale Raumverteilung, sodass Sie alles, was Sie brauchen, bequem zum Platz transportieren k\u00f6nnen.<\/p>\n<h2>Highlights des Dunlop Tour Intro Red<\/h2>\n<p><strong>Gepolstertes Schl\u00e4gerfach<\/strong>: Enth\u00e4lt eine Seitentasche, die speziell zum Schutz Ihres Padelschl\u00e4gers entwickelt wurde. Der gepolsterte Innenraum garantiert die Sicherheit Ihres Schl\u00e4gers beim Transport.<\/p>\n<p><strong>-Gro\u00dfes Mittelfach<\/strong>: Ideal zum Verstauen Ihrer Spielkleidung, Ihres Handtuchs, Zubeh\u00f6rs und allem, was Sie vor und nach dem Spiel ben\u00f6tigen.<\/p>\n<p><strong>Gepolsterte Rucksackgriffe<\/strong>: Es verf\u00fcgt \u00fcber zwei ergonomische und gepolsterte Riemen, sodass Sie die Padel-Tasche als Rucksack tragen k\u00f6nnen, ohne Beschwerden oder Beschwerden in den Schultern.<\/p>\n<p><strong>-Design in Rot mit schwarzen Details<\/strong>: Eine moderne \u00c4sthetik, die sich mit Ihrer Ausr\u00fcstung verbindet und auf dem Platz hervorsticht.<\/p>\n<h2>Warum diese Padelschl\u00e4gertasche w\u00e4hlen?<\/h2>\n<p>Dieses Modell der <strong>Dunlop Padel-Tasche<\/strong> ist ideal f\u00fcr Amateur- und Fortgeschrittenenspieler, die ein Gleichgewicht zwischen Qualit\u00e4t, Kapazit\u00e4t und Komfort suchen. Sein funktionales Design und seine robuste Bauweise machen es zu einer klugen Wahl f\u00fcr alle, die ihre Ausr\u00fcstung organisiert und gesch\u00fctzt aufbewahren m\u00f6chten.<\/p>\n<p>Da es sich au\u00dferdem um eine anerkannte Marke wie <strong>Dunlop P\u00e1del<\/strong> handelt, k\u00f6nnen Sie auf die Langlebigkeit und die Qualit\u00e4t der Verarbeitung vertrauen.<\/p>\n<h2>Nehmen Sie es noch heute<\/h2>\n<p>Optimieren Sie Ihr Erlebnis auf und neben dem Platz mit der <strong>Dunlop Tour Intro Red Paddle Bag<\/strong>. Nutzen Sie diese Gelegenheit und <strong>geben Sie gleich jetzt Ihre Bestellung<\/strong> in unserem Online-Shop auf. Begrenzte Verf\u00fcgbarkeit.<\/p>\n<p><strong>Erh\u00e4ltlich unter <a href=\"http:\/\/www.revolutionpadelstore.com\/\">www.revolutionpadelstore.com<\/a><\/strong>, wahrscheinlich zum besten Preis auf dem Markt.<\/p>\n<h2>Paletero Dunlop Tour Intro Rojo \u2013 Comodidad, protecci\u00f3n y capacidad para tus partidos<\/h2>\n","protected":false},"excerpt":{"rendered":"<p>Die Dunlop Tour Intro Red Padel-Tasche ist die ideale Wahl f\u00fcr Spieler, die bei jedem Padel-Match Wert auf Qualit\u00e4t, Funktionalit\u00e4t und Stil legen.<\/p>\n","protected":false},"featured_media":293014,"comment_status":"open","ping_status":"closed","template":"","meta":{"_acf_changed":false,"_joinchat":[]},"acabado":[],"balance":[],"dureza":[],"forma":[],"jugador":[],"marca":[1209],"nivel-de-juego":[],"superficie":[],"tipo-de-juego":[],"product_brand":[],"product_cat":[314],"product_tag":[],"class_list":{"0":"post-285202","1":"product","2":"type-product","3":"status-publish","4":"has-post-thumbnail","6":"marca-dunlop-de","7":"product_cat-taschen","9":"first","10":"instock","11":"sale","12":"taxable","13":"shipping-taxable","14":"purchasable","15":"product-type-simple"},"acf":[],"yoast_head":"<!-- This site is optimized with the Yoast SEO plugin v27.3 - https:\/\/yoast.com\/product\/yoast-seo-wordpress\/ -->\n<title>PALETERO DUNLOP INTRO BLK\/RED - Revolution Padel Store<\/title>\n<meta name=\"description\" content=\"Descubre el Paletero Dunlop Tour Intro Rojo con compartimento acolchado para pala, gran capacidad y asas estilo mochila. C\u00f3mpralo en Revolution Padel Store al mejor precio.\" \/>\n<meta name=\"robots\" content=\"index, follow, max-snippet:-1, max-image-preview:large, max-video-preview:-1\" \/>\n<link rel=\"canonical\" href=\"https:\/\/revolutionpadelstore.com\/de\/produkt\/paletero-dunlop-intro-blk-red-1\/\" \/>\n<meta property=\"og:locale\" content=\"de_DE\" \/>\n<meta property=\"og:type\" content=\"article\" \/>\n<meta property=\"og:title\" content=\"PALETERO DUNLOP INTRO BLK\/RED - Revolution Padel Store\" \/>\n<meta property=\"og:description\" content=\"Descubre el Paletero Dunlop Tour Intro Rojo con compartimento acolchado para pala, gran capacidad y asas estilo mochila. C\u00f3mpralo en Revolution Padel Store al mejor precio.\" \/>\n<meta property=\"og:url\" content=\"https:\/\/revolutionpadelstore.com\/de\/produkt\/paletero-dunlop-intro-blk-red-1\/\" \/>\n<meta property=\"og:site_name\" content=\"Revolution Padel Store\" \/>\n<meta property=\"article:modified_time\" content=\"2026-03-31T22:43:53+00:00\" \/>\n<meta property=\"og:image\" content=\"https:\/\/revolutionpadelstore.com\/wp-content\/uploads\/2025\/09\/FOTO-PALAS-34-1.png\" \/>\n\t<meta property=\"og:image:width\" content=\"1500\" \/>\n\t<meta property=\"og:image:height\" content=\"1500\" \/>\n\t<meta property=\"og:image:type\" content=\"image\/png\" \/>\n<meta name=\"twitter:card\" content=\"summary_large_image\" \/>\n<meta name=\"twitter:label1\" content=\"Gesch\u00e4tzte Lesezeit\" \/>\n\t<meta name=\"twitter:data1\" content=\"2\u00a0Minuten\" \/>\n<script type=\"application\/ld+json\" class=\"yoast-schema-graph\">{\"@context\":\"https:\\\/\\\/schema.org\",\"@graph\":[{\"@type\":\"WebPage\",\"@id\":\"https:\\\/\\\/revolutionpadelstore.com\\\/de\\\/produkt\\\/paletero-dunlop-intro-blk-red-1\\\/\",\"url\":\"https:\\\/\\\/revolutionpadelstore.com\\\/de\\\/produkt\\\/paletero-dunlop-intro-blk-red-1\\\/\",\"name\":\"PALETERO DUNLOP INTRO BLK\\\/RED - Revolution Padel Store\",\"isPartOf\":{\"@id\":\"https:\\\/\\\/revolutionpadelstore.com\\\/de\\\/#website\"},\"primaryImageOfPage\":{\"@id\":\"https:\\\/\\\/revolutionpadelstore.com\\\/de\\\/produkt\\\/paletero-dunlop-intro-blk-red-1\\\/#primaryimage\"},\"image\":{\"@id\":\"https:\\\/\\\/revolutionpadelstore.com\\\/de\\\/produkt\\\/paletero-dunlop-intro-blk-red-1\\\/#primaryimage\"},\"thumbnailUrl\":\"https:\\\/\\\/revolutionpadelstore.com\\\/wp-content\\\/uploads\\\/2025\\\/09\\\/FOTO-PALAS-34-1.png\",\"datePublished\":\"2025-09-28T22:34:55+00:00\",\"dateModified\":\"2026-03-31T22:43:53+00:00\",\"description\":\"Descubre el Paletero Dunlop Tour Intro Rojo con compartimento acolchado para pala, gran capacidad y asas estilo mochila. C\u00f3mpralo en Revolution Padel Store al mejor precio.\",\"breadcrumb\":{\"@id\":\"https:\\\/\\\/revolutionpadelstore.com\\\/de\\\/produkt\\\/paletero-dunlop-intro-blk-red-1\\\/#breadcrumb\"},\"inLanguage\":\"de\",\"potentialAction\":[{\"@type\":\"ReadAction\",\"target\":[\"https:\\\/\\\/revolutionpadelstore.com\\\/de\\\/produkt\\\/paletero-dunlop-intro-blk-red-1\\\/\"]}]},{\"@type\":\"ImageObject\",\"inLanguage\":\"de\",\"@id\":\"https:\\\/\\\/revolutionpadelstore.com\\\/de\\\/produkt\\\/paletero-dunlop-intro-blk-red-1\\\/#primaryimage\",\"url\":\"https:\\\/\\\/revolutionpadelstore.com\\\/wp-content\\\/uploads\\\/2025\\\/09\\\/FOTO-PALAS-34-1.png\",\"contentUrl\":\"https:\\\/\\\/revolutionpadelstore.com\\\/wp-content\\\/uploads\\\/2025\\\/09\\\/FOTO-PALAS-34-1.png\",\"width\":1500,\"height\":1500},{\"@type\":\"BreadcrumbList\",\"@id\":\"https:\\\/\\\/revolutionpadelstore.com\\\/de\\\/produkt\\\/paletero-dunlop-intro-blk-red-1\\\/#breadcrumb\",\"itemListElement\":[{\"@type\":\"ListItem\",\"position\":1,\"name\":\"Portada\",\"item\":\"https:\\\/\\\/revolutionpadelstore.com\\\/de\\\/\"},{\"@type\":\"ListItem\",\"position\":2,\"name\":\"Shop\",\"item\":\"https:\\\/\\\/revolutionpadelstore.com\\\/de\\\/tienda\\\/\"},{\"@type\":\"ListItem\",\"position\":3,\"name\":\"PALETERO DUNLOP INTRO BLK\\\/RED\"}]},{\"@type\":\"WebSite\",\"@id\":\"https:\\\/\\\/revolutionpadelstore.com\\\/de\\\/#website\",\"url\":\"https:\\\/\\\/revolutionpadelstore.com\\\/de\\\/\",\"name\":\"Revolution Padel Store\",\"description\":\"\",\"publisher\":{\"@id\":\"https:\\\/\\\/revolutionpadelstore.com\\\/de\\\/#organization\"},\"potentialAction\":[{\"@type\":\"SearchAction\",\"target\":{\"@type\":\"EntryPoint\",\"urlTemplate\":\"https:\\\/\\\/revolutionpadelstore.com\\\/de\\\/?s={search_term_string}\"},\"query-input\":{\"@type\":\"PropertyValueSpecification\",\"valueRequired\":true,\"valueName\":\"search_term_string\"}}],\"inLanguage\":\"de\"},{\"@type\":\"Organization\",\"@id\":\"https:\\\/\\\/revolutionpadelstore.com\\\/de\\\/#organization\",\"name\":\"Revolution Padel Store\",\"url\":\"https:\\\/\\\/revolutionpadelstore.com\\\/de\\\/\",\"logo\":{\"@type\":\"ImageObject\",\"inLanguage\":\"de\",\"@id\":\"https:\\\/\\\/revolutionpadelstore.com\\\/de\\\/#\\\/schema\\\/logo\\\/image\\\/\",\"url\":\"https:\\\/\\\/revolutionpadelstore.com\\\/wp-content\\\/uploads\\\/2026\\\/02\\\/revolution-padel-store.jpg\",\"contentUrl\":\"https:\\\/\\\/revolutionpadelstore.com\\\/wp-content\\\/uploads\\\/2026\\\/02\\\/revolution-padel-store.jpg\",\"width\":2000,\"height\":2000,\"caption\":\"Revolution Padel Store\"},\"image\":{\"@id\":\"https:\\\/\\\/revolutionpadelstore.com\\\/de\\\/#\\\/schema\\\/logo\\\/image\\\/\"},\"sameAs\":[\"https:\\\/\\\/www.instagram.com\\\/revolutionpadelstore\\\/\"]}]}<\/script>\n<!-- \/ Yoast SEO plugin. -->","yoast_head_json":{"title":"PALETERO DUNLOP INTRO BLK\/RED - Revolution Padel Store","description":"Descubre el Paletero Dunlop Tour Intro Rojo con compartimento acolchado para pala, gran capacidad y asas estilo mochila. C\u00f3mpralo en Revolution Padel Store al mejor precio.","robots":{"index":"index","follow":"follow","max-snippet":"max-snippet:-1","max-image-preview":"max-image-preview:large","max-video-preview":"max-video-preview:-1"},"canonical":"https:\/\/revolutionpadelstore.com\/de\/produkt\/paletero-dunlop-intro-blk-red-1\/","og_locale":"de_DE","og_type":"article","og_title":"PALETERO DUNLOP INTRO BLK\/RED - Revolution Padel Store","og_description":"Descubre el Paletero Dunlop Tour Intro Rojo con compartimento acolchado para pala, gran capacidad y asas estilo mochila. C\u00f3mpralo en Revolution Padel Store al mejor precio.","og_url":"https:\/\/revolutionpadelstore.com\/de\/produkt\/paletero-dunlop-intro-blk-red-1\/","og_site_name":"Revolution Padel Store","article_modified_time":"2026-03-31T22:43:53+00:00","og_image":[{"width":1500,"height":1500,"url":"https:\/\/revolutionpadelstore.com\/wp-content\/uploads\/2025\/09\/FOTO-PALAS-34-1.png","type":"image\/png"}],"twitter_card":"summary_large_image","twitter_misc":{"Gesch\u00e4tzte Lesezeit":"2\u00a0Minuten"},"schema":{"@context":"https:\/\/schema.org","@graph":[{"@type":"WebPage","@id":"https:\/\/revolutionpadelstore.com\/de\/produkt\/paletero-dunlop-intro-blk-red-1\/","url":"https:\/\/revolutionpadelstore.com\/de\/produkt\/paletero-dunlop-intro-blk-red-1\/","name":"PALETERO DUNLOP INTRO BLK\/RED - Revolution Padel Store","isPartOf":{"@id":"https:\/\/revolutionpadelstore.com\/de\/#website"},"primaryImageOfPage":{"@id":"https:\/\/revolutionpadelstore.com\/de\/produkt\/paletero-dunlop-intro-blk-red-1\/#primaryimage"},"image":{"@id":"https:\/\/revolutionpadelstore.com\/de\/produkt\/paletero-dunlop-intro-blk-red-1\/#primaryimage"},"thumbnailUrl":"https:\/\/revolutionpadelstore.com\/wp-content\/uploads\/2025\/09\/FOTO-PALAS-34-1.png","datePublished":"2025-09-28T22:34:55+00:00","dateModified":"2026-03-31T22:43:53+00:00","description":"Descubre el Paletero Dunlop Tour Intro Rojo con compartimento acolchado para pala, gran capacidad y asas estilo mochila. C\u00f3mpralo en Revolution Padel Store al mejor precio.","breadcrumb":{"@id":"https:\/\/revolutionpadelstore.com\/de\/produkt\/paletero-dunlop-intro-blk-red-1\/#breadcrumb"},"inLanguage":"de","potentialAction":[{"@type":"ReadAction","target":["https:\/\/revolutionpadelstore.com\/de\/produkt\/paletero-dunlop-intro-blk-red-1\/"]}]},{"@type":"ImageObject","inLanguage":"de","@id":"https:\/\/revolutionpadelstore.com\/de\/produkt\/paletero-dunlop-intro-blk-red-1\/#primaryimage","url":"https:\/\/revolutionpadelstore.com\/wp-content\/uploads\/2025\/09\/FOTO-PALAS-34-1.png","contentUrl":"https:\/\/revolutionpadelstore.com\/wp-content\/uploads\/2025\/09\/FOTO-PALAS-34-1.png","width":1500,"height":1500},{"@type":"BreadcrumbList","@id":"https:\/\/revolutionpadelstore.com\/de\/produkt\/paletero-dunlop-intro-blk-red-1\/#breadcrumb","itemListElement":[{"@type":"ListItem","position":1,"name":"Portada","item":"https:\/\/revolutionpadelstore.com\/de\/"},{"@type":"ListItem","position":2,"name":"Shop","item":"https:\/\/revolutionpadelstore.com\/de\/tienda\/"},{"@type":"ListItem","position":3,"name":"PALETERO DUNLOP INTRO BLK\/RED"}]},{"@type":"WebSite","@id":"https:\/\/revolutionpadelstore.com\/de\/#website","url":"https:\/\/revolutionpadelstore.com\/de\/","name":"Revolution Padel Store","description":"","publisher":{"@id":"https:\/\/revolutionpadelstore.com\/de\/#organization"},"potentialAction":[{"@type":"SearchAction","target":{"@type":"EntryPoint","urlTemplate":"https:\/\/revolutionpadelstore.com\/de\/?s={search_term_string}"},"query-input":{"@type":"PropertyValueSpecification","valueRequired":true,"valueName":"search_term_string"}}],"inLanguage":"de"},{"@type":"Organization","@id":"https:\/\/revolutionpadelstore.com\/de\/#organization","name":"Revolution Padel Store","url":"https:\/\/revolutionpadelstore.com\/de\/","logo":{"@type":"ImageObject","inLanguage":"de","@id":"https:\/\/revolutionpadelstore.com\/de\/#\/schema\/logo\/image\/","url":"https:\/\/revolutionpadelstore.com\/wp-content\/uploads\/2026\/02\/revolution-padel-store.jpg","contentUrl":"https:\/\/revolutionpadelstore.com\/wp-content\/uploads\/2026\/02\/revolution-padel-store.jpg","width":2000,"height":2000,"caption":"Revolution Padel Store"},"image":{"@id":"https:\/\/revolutionpadelstore.com\/de\/#\/schema\/logo\/image\/"},"sameAs":["https:\/\/www.instagram.com\/revolutionpadelstore\/"]}]}},"_links":{"self":[{"href":"https:\/\/revolutionpadelstore.com\/de\/wp-json\/wp\/v2\/product\/285202","targetHints":{"allow":["GET"]}}],"collection":[{"href":"https:\/\/revolutionpadelstore.com\/de\/wp-json\/wp\/v2\/product"}],"about":[{"href":"https:\/\/revolutionpadelstore.com\/de\/wp-json\/wp\/v2\/types\/product"}],"replies":[{"embeddable":true,"href":"https:\/\/revolutionpadelstore.com\/de\/wp-json\/wp\/v2\/comments?post=285202"}],"wp:featuredmedia":[{"embeddable":true,"href":"https:\/\/revolutionpadelstore.com\/de\/wp-json\/wp\/v2\/media\/293014"}],"wp:attachment":[{"href":"https:\/\/revolutionpadelstore.com\/de\/wp-json\/wp\/v2\/media?parent=285202"}],"wp:term":[{"taxonomy":"acabado","embeddable":true,"href":"https:\/\/revolutionpadelstore.com\/de\/wp-json\/wp\/v2\/acabado?post=285202"},{"taxonomy":"balance","embeddable":true,"href":"https:\/\/revolutionpadelstore.com\/de\/wp-json\/wp\/v2\/balance?post=285202"},{"taxonomy":"dureza","embeddable":true,"href":"https:\/\/revolutionpadelstore.com\/de\/wp-json\/wp\/v2\/dureza?post=285202"},{"taxonomy":"forma","embeddable":true,"href":"https:\/\/revolutionpadelstore.com\/de\/wp-json\/wp\/v2\/forma?post=285202"},{"taxonomy":"jugador","embeddable":true,"href":"https:\/\/revolutionpadelstore.com\/de\/wp-json\/wp\/v2\/jugador?post=285202"},{"taxonomy":"marca","embeddable":true,"href":"https:\/\/revolutionpadelstore.com\/de\/wp-json\/wp\/v2\/marca?post=285202"},{"taxonomy":"nivel-de-juego","embeddable":true,"href":"https:\/\/revolutionpadelstore.com\/de\/wp-json\/wp\/v2\/nivel-de-juego?post=285202"},{"taxonomy":"superficie","embeddable":true,"href":"https:\/\/revolutionpadelstore.com\/de\/wp-json\/wp\/v2\/superficie?post=285202"},{"taxonomy":"tipo-de-juego","embeddable":true,"href":"https:\/\/revolutionpadelstore.com\/de\/wp-json\/wp\/v2\/tipo-de-juego?post=285202"},{"taxonomy":"product_brand","embeddable":true,"href":"https:\/\/revolutionpadelstore.com\/de\/wp-json\/wp\/v2\/product_brand?post=285202"},{"taxonomy":"product_cat","embeddable":true,"href":"https:\/\/revolutionpadelstore.com\/de\/wp-json\/wp\/v2\/product_cat?post=285202"},{"taxonomy":"product_tag","embeddable":true,"href":"https:\/\/revolutionpadelstore.com\/de\/wp-json\/wp\/v2\/product_tag?post=285202"}],"curies":[{"name":"wp","href":"https:\/\/api.w.org\/{rel}","templated":true}]}}