{"id":285197,"date":"2025-09-29T00:38:01","date_gmt":"2025-09-28T22:38:01","guid":{"rendered":"https:\/\/revolutionpadelstore.com\/?post_type=product&#038;p=285197"},"modified":"2026-04-10T14:01:51","modified_gmt":"2026-04-10T12:01:51","slug":"paletero-dunlop-intro-blk-fluo-green-1","status":"publish","type":"product","link":"https:\/\/revolutionpadelstore.com\/de\/produkt\/paletero-dunlop-intro-blk-fluo-green-1\/","title":{"rendered":"PALETERO DUNLOP INTRO BLK\/ FLUO GREEN"},"content":{"rendered":"<h2>Dunlop Tour Intro Green Paddle Bag \u2013 Funktionalit\u00e4t und Komfort mit sportlichem Design<\/h2>\n<p>Die <strong>Dunlop Tour Intro Green Paddle Bag<\/strong> ist die perfekte Option f\u00fcr alle, die ihre Padelausr\u00fcstung organisiert, bequem und stilvoll transportieren m\u00f6chten. Mit einem <strong>mittleren<\/strong> Design und modernen Linien zeichnet sich diese Padelschl\u00e4gertasche durch ihre Praktikabilit\u00e4t und optimale Raumverteilung aus.<\/p>\n<h2>Hauptmerkmale des Dunlop Tour Intro Verde<\/h2>\n<p><strong>-Fach f\u00fcr Paddle-Tennisschl\u00e4ger<\/strong>: Unabh\u00e4ngiger Raum, der speziell zum Schutz Ihres Schl\u00e4gers vor m\u00f6glichen St\u00f6\u00dfen oder Kratzern entwickelt wurde.<\/p>\n<p><strong>-Gro\u00dfes Hauptfach<\/strong>: Mit stabilem Rei\u00dfverschluss, ideal f\u00fcr die Aufbewahrung von Spielkleidung, Handt\u00fcchern, Zubeh\u00f6r und allem, was Sie f\u00fcr Ihr Training und Ihre Wettk\u00e4mpfe ben\u00f6tigen.<\/p>\n<p><strong>-Ideale Gr\u00f6\u00dfe (53 x 29 x 34 cm): Dank seines mittleren Formats k\u00f6nnen Sie das N\u00f6tigste transportieren, ohne unn\u00f6tiges Gewicht mit sich herumzutragen, wobei der Komfort beim Transport stets gewahrt bleibt.<\/p>\n<p><strong>-Ergonomisches und komfortables Design<\/strong>: Entwickelt, um Sie jeden Tag zu begleiten, ohne umst\u00e4ndlich oder in der Kapazit\u00e4t eingeschr\u00e4nkt zu sein.<\/p>\n<p><strong>-Haltbare Materialien<\/strong>: Hergestellt aus widerstandsf\u00e4higen Stoffen, die eine lange Nutzungsdauer auch bei intensiver Nutzung gew\u00e4hrleisten.<\/p>\n<h2>Der Paletero, der Sie jeden Tag begleitet<\/h2>\n<p>Dieses Modell der <strong>Dunlop Padelschl\u00e4gertasche<\/strong> wurde f\u00fcr diejenigen entwickelt, die Wert auf die perfekte Balance zwischen Platz, Leichtigkeit und Stil legen. Es ist ideal f\u00fcr <strong>normale Spieler<\/strong>, die nur das N\u00f6tigste mitnehmen m\u00f6chten, ohne auf Komfort oder Ordnung zu verzichten.<\/p>\n<p>Die gr\u00fcne Farbe, kombiniert mit n\u00fcchternen und sportlichen Oberfl\u00e4chen, verleiht ihm eine unverwechselbare Note, die auf der Rennstrecke nicht unbemerkt bleibt.<\/p>\n<h2>Holen Sie sich jetzt Ihr Exemplar!<\/h2>\n<p>Lassen Sie nicht zu, dass Unordnung Ihre Padel-Routine ruiniert. Mit der <strong>Dunlop Tour Intro Green Paddle Bag<\/strong> haben Sie alles griffbereit und gesch\u00fctzt. <strong>Kaufen Sie jetzt in unserem Online-Shop<\/strong> und machen Sie sich bereit, auf und neben der Strecke hervorzustechen.<\/p>\n<p><strong>Jetzt erh\u00e4ltlich unter <a href=\"http:\/\/www.revolutionpadelstore.com\/\">www.revolutionpadelstore.com<\/a><\/strong>, wahrscheinlich zum besten Preis auf dem Markt.<\/p>\n<h2>Paletero Dunlop Tour Intro Verde \u2013 Funcionalidad y comodidad con dise\u00f1o deportivo<\/h2>\n","protected":false},"excerpt":{"rendered":"<p>Die Dunlop Tour Intro Green Padel-Tasche ist die ideale Wahl f\u00fcr alle, die ihre Padel-Ausr\u00fcstung bequem, ordentlich und mit einem Hauch von Stil transportieren m\u00f6chten.<\/p>\n","protected":false},"featured_media":293021,"comment_status":"open","ping_status":"closed","template":"","meta":{"_acf_changed":false,"_joinchat":[]},"acabado":[],"balance":[],"dureza":[],"forma":[],"jugador":[],"marca":[1209],"nivel-de-juego":[],"superficie":[],"tipo-de-juego":[],"product_brand":[],"product_cat":[314],"product_tag":[],"class_list":{"0":"post-285197","1":"product","2":"type-product","3":"status-publish","4":"has-post-thumbnail","6":"marca-dunlop-de","7":"product_cat-taschen","9":"first","10":"instock","11":"sale","12":"taxable","13":"shipping-taxable","14":"purchasable","15":"product-type-simple"},"acf":[],"yoast_head":"<!-- This site is optimized with the Yoast SEO plugin v27.4 - https:\/\/yoast.com\/product\/yoast-seo-wordpress\/ -->\n<title>PALETERO DUNLOP INTRO BLK\/ FLUO GREEN - Revolution Padel Store<\/title>\n<meta name=\"description\" content=\"Compra el Paletero Dunlop Tour Intro Verde, pr\u00e1ctico, resistente y con espacio ideal para pala y ropa. Dise\u00f1o ergon\u00f3mico. Disponible en Revolution Padel Store al mejor precio.\" \/>\n<meta name=\"robots\" content=\"index, follow, max-snippet:-1, max-image-preview:large, max-video-preview:-1\" \/>\n<link rel=\"canonical\" href=\"https:\/\/revolutionpadelstore.com\/de\/produkt\/paletero-dunlop-intro-blk-fluo-green-1\/\" \/>\n<meta property=\"og:locale\" content=\"de_DE\" \/>\n<meta property=\"og:type\" content=\"article\" \/>\n<meta property=\"og:title\" content=\"PALETERO DUNLOP INTRO BLK\/ FLUO GREEN - Revolution Padel Store\" \/>\n<meta property=\"og:description\" content=\"Compra el Paletero Dunlop Tour Intro Verde, pr\u00e1ctico, resistente y con espacio ideal para pala y ropa. Dise\u00f1o ergon\u00f3mico. Disponible en Revolution Padel Store al mejor precio.\" \/>\n<meta property=\"og:url\" content=\"https:\/\/revolutionpadelstore.com\/de\/produkt\/paletero-dunlop-intro-blk-fluo-green-1\/\" \/>\n<meta property=\"og:site_name\" content=\"Revolution Padel Store\" \/>\n<meta property=\"article:modified_time\" content=\"2026-04-10T12:01:51+00:00\" \/>\n<meta property=\"og:image\" content=\"https:\/\/revolutionpadelstore.com\/wp-content\/uploads\/2025\/09\/FOTO-PALAS-35.png\" \/>\n\t<meta property=\"og:image:width\" content=\"1500\" \/>\n\t<meta property=\"og:image:height\" content=\"1500\" \/>\n\t<meta property=\"og:image:type\" content=\"image\/png\" \/>\n<meta name=\"twitter:card\" content=\"summary_large_image\" \/>\n<meta name=\"twitter:label1\" content=\"Gesch\u00e4tzte Lesezeit\" \/>\n\t<meta name=\"twitter:data1\" content=\"2\u00a0Minuten\" \/>\n<script type=\"application\/ld+json\" class=\"yoast-schema-graph\">{\"@context\":\"https:\\\/\\\/schema.org\",\"@graph\":[{\"@type\":\"WebPage\",\"@id\":\"https:\\\/\\\/revolutionpadelstore.com\\\/de\\\/produkt\\\/paletero-dunlop-intro-blk-fluo-green-1\\\/\",\"url\":\"https:\\\/\\\/revolutionpadelstore.com\\\/de\\\/produkt\\\/paletero-dunlop-intro-blk-fluo-green-1\\\/\",\"name\":\"PALETERO DUNLOP INTRO BLK\\\/ FLUO GREEN - Revolution Padel Store\",\"isPartOf\":{\"@id\":\"https:\\\/\\\/revolutionpadelstore.com\\\/de\\\/#website\"},\"primaryImageOfPage\":{\"@id\":\"https:\\\/\\\/revolutionpadelstore.com\\\/de\\\/produkt\\\/paletero-dunlop-intro-blk-fluo-green-1\\\/#primaryimage\"},\"image\":{\"@id\":\"https:\\\/\\\/revolutionpadelstore.com\\\/de\\\/produkt\\\/paletero-dunlop-intro-blk-fluo-green-1\\\/#primaryimage\"},\"thumbnailUrl\":\"https:\\\/\\\/revolutionpadelstore.com\\\/wp-content\\\/uploads\\\/2025\\\/09\\\/FOTO-PALAS-35.png\",\"datePublished\":\"2025-09-28T22:38:01+00:00\",\"dateModified\":\"2026-04-10T12:01:51+00:00\",\"description\":\"Compra el Paletero Dunlop Tour Intro Verde, pr\u00e1ctico, resistente y con espacio ideal para pala y ropa. Dise\u00f1o ergon\u00f3mico. Disponible en Revolution Padel Store al mejor precio.\",\"breadcrumb\":{\"@id\":\"https:\\\/\\\/revolutionpadelstore.com\\\/de\\\/produkt\\\/paletero-dunlop-intro-blk-fluo-green-1\\\/#breadcrumb\"},\"inLanguage\":\"de\",\"potentialAction\":[{\"@type\":\"ReadAction\",\"target\":[\"https:\\\/\\\/revolutionpadelstore.com\\\/de\\\/produkt\\\/paletero-dunlop-intro-blk-fluo-green-1\\\/\"]}]},{\"@type\":\"ImageObject\",\"inLanguage\":\"de\",\"@id\":\"https:\\\/\\\/revolutionpadelstore.com\\\/de\\\/produkt\\\/paletero-dunlop-intro-blk-fluo-green-1\\\/#primaryimage\",\"url\":\"https:\\\/\\\/revolutionpadelstore.com\\\/wp-content\\\/uploads\\\/2025\\\/09\\\/FOTO-PALAS-35.png\",\"contentUrl\":\"https:\\\/\\\/revolutionpadelstore.com\\\/wp-content\\\/uploads\\\/2025\\\/09\\\/FOTO-PALAS-35.png\",\"width\":1500,\"height\":1500},{\"@type\":\"BreadcrumbList\",\"@id\":\"https:\\\/\\\/revolutionpadelstore.com\\\/de\\\/produkt\\\/paletero-dunlop-intro-blk-fluo-green-1\\\/#breadcrumb\",\"itemListElement\":[{\"@type\":\"ListItem\",\"position\":1,\"name\":\"Portada\",\"item\":\"https:\\\/\\\/revolutionpadelstore.com\\\/de\\\/\"},{\"@type\":\"ListItem\",\"position\":2,\"name\":\"Shop\",\"item\":\"https:\\\/\\\/revolutionpadelstore.com\\\/de\\\/tienda\\\/\"},{\"@type\":\"ListItem\",\"position\":3,\"name\":\"PALETERO DUNLOP INTRO BLK\\\/ FLUO GREEN\"}]},{\"@type\":\"WebSite\",\"@id\":\"https:\\\/\\\/revolutionpadelstore.com\\\/de\\\/#website\",\"url\":\"https:\\\/\\\/revolutionpadelstore.com\\\/de\\\/\",\"name\":\"Revolution Padel Store\",\"description\":\"\",\"publisher\":{\"@id\":\"https:\\\/\\\/revolutionpadelstore.com\\\/de\\\/#organization\"},\"potentialAction\":[{\"@type\":\"SearchAction\",\"target\":{\"@type\":\"EntryPoint\",\"urlTemplate\":\"https:\\\/\\\/revolutionpadelstore.com\\\/de\\\/?s={search_term_string}\"},\"query-input\":{\"@type\":\"PropertyValueSpecification\",\"valueRequired\":true,\"valueName\":\"search_term_string\"}}],\"inLanguage\":\"de\"},{\"@type\":\"Organization\",\"@id\":\"https:\\\/\\\/revolutionpadelstore.com\\\/de\\\/#organization\",\"name\":\"Revolution Padel Store\",\"url\":\"https:\\\/\\\/revolutionpadelstore.com\\\/de\\\/\",\"logo\":{\"@type\":\"ImageObject\",\"inLanguage\":\"de\",\"@id\":\"https:\\\/\\\/revolutionpadelstore.com\\\/de\\\/#\\\/schema\\\/logo\\\/image\\\/\",\"url\":\"https:\\\/\\\/revolutionpadelstore.com\\\/wp-content\\\/uploads\\\/2026\\\/02\\\/revolution-padel-store.jpg\",\"contentUrl\":\"https:\\\/\\\/revolutionpadelstore.com\\\/wp-content\\\/uploads\\\/2026\\\/02\\\/revolution-padel-store.jpg\",\"width\":2000,\"height\":2000,\"caption\":\"Revolution Padel Store\"},\"image\":{\"@id\":\"https:\\\/\\\/revolutionpadelstore.com\\\/de\\\/#\\\/schema\\\/logo\\\/image\\\/\"},\"sameAs\":[\"https:\\\/\\\/www.instagram.com\\\/revolutionpadelstore\\\/\"]}]}<\/script>\n<!-- \/ Yoast SEO plugin. -->","yoast_head_json":{"title":"PALETERO DUNLOP INTRO BLK\/ FLUO GREEN - Revolution Padel Store","description":"Compra el Paletero Dunlop Tour Intro Verde, pr\u00e1ctico, resistente y con espacio ideal para pala y ropa. Dise\u00f1o ergon\u00f3mico. Disponible en Revolution Padel Store al mejor precio.","robots":{"index":"index","follow":"follow","max-snippet":"max-snippet:-1","max-image-preview":"max-image-preview:large","max-video-preview":"max-video-preview:-1"},"canonical":"https:\/\/revolutionpadelstore.com\/de\/produkt\/paletero-dunlop-intro-blk-fluo-green-1\/","og_locale":"de_DE","og_type":"article","og_title":"PALETERO DUNLOP INTRO BLK\/ FLUO GREEN - Revolution Padel Store","og_description":"Compra el Paletero Dunlop Tour Intro Verde, pr\u00e1ctico, resistente y con espacio ideal para pala y ropa. Dise\u00f1o ergon\u00f3mico. Disponible en Revolution Padel Store al mejor precio.","og_url":"https:\/\/revolutionpadelstore.com\/de\/produkt\/paletero-dunlop-intro-blk-fluo-green-1\/","og_site_name":"Revolution Padel Store","article_modified_time":"2026-04-10T12:01:51+00:00","og_image":[{"width":1500,"height":1500,"url":"https:\/\/revolutionpadelstore.com\/wp-content\/uploads\/2025\/09\/FOTO-PALAS-35.png","type":"image\/png"}],"twitter_card":"summary_large_image","twitter_misc":{"Gesch\u00e4tzte Lesezeit":"2\u00a0Minuten"},"schema":{"@context":"https:\/\/schema.org","@graph":[{"@type":"WebPage","@id":"https:\/\/revolutionpadelstore.com\/de\/produkt\/paletero-dunlop-intro-blk-fluo-green-1\/","url":"https:\/\/revolutionpadelstore.com\/de\/produkt\/paletero-dunlop-intro-blk-fluo-green-1\/","name":"PALETERO DUNLOP INTRO BLK\/ FLUO GREEN - Revolution Padel Store","isPartOf":{"@id":"https:\/\/revolutionpadelstore.com\/de\/#website"},"primaryImageOfPage":{"@id":"https:\/\/revolutionpadelstore.com\/de\/produkt\/paletero-dunlop-intro-blk-fluo-green-1\/#primaryimage"},"image":{"@id":"https:\/\/revolutionpadelstore.com\/de\/produkt\/paletero-dunlop-intro-blk-fluo-green-1\/#primaryimage"},"thumbnailUrl":"https:\/\/revolutionpadelstore.com\/wp-content\/uploads\/2025\/09\/FOTO-PALAS-35.png","datePublished":"2025-09-28T22:38:01+00:00","dateModified":"2026-04-10T12:01:51+00:00","description":"Compra el Paletero Dunlop Tour Intro Verde, pr\u00e1ctico, resistente y con espacio ideal para pala y ropa. Dise\u00f1o ergon\u00f3mico. Disponible en Revolution Padel Store al mejor precio.","breadcrumb":{"@id":"https:\/\/revolutionpadelstore.com\/de\/produkt\/paletero-dunlop-intro-blk-fluo-green-1\/#breadcrumb"},"inLanguage":"de","potentialAction":[{"@type":"ReadAction","target":["https:\/\/revolutionpadelstore.com\/de\/produkt\/paletero-dunlop-intro-blk-fluo-green-1\/"]}]},{"@type":"ImageObject","inLanguage":"de","@id":"https:\/\/revolutionpadelstore.com\/de\/produkt\/paletero-dunlop-intro-blk-fluo-green-1\/#primaryimage","url":"https:\/\/revolutionpadelstore.com\/wp-content\/uploads\/2025\/09\/FOTO-PALAS-35.png","contentUrl":"https:\/\/revolutionpadelstore.com\/wp-content\/uploads\/2025\/09\/FOTO-PALAS-35.png","width":1500,"height":1500},{"@type":"BreadcrumbList","@id":"https:\/\/revolutionpadelstore.com\/de\/produkt\/paletero-dunlop-intro-blk-fluo-green-1\/#breadcrumb","itemListElement":[{"@type":"ListItem","position":1,"name":"Portada","item":"https:\/\/revolutionpadelstore.com\/de\/"},{"@type":"ListItem","position":2,"name":"Shop","item":"https:\/\/revolutionpadelstore.com\/de\/tienda\/"},{"@type":"ListItem","position":3,"name":"PALETERO DUNLOP INTRO BLK\/ FLUO GREEN"}]},{"@type":"WebSite","@id":"https:\/\/revolutionpadelstore.com\/de\/#website","url":"https:\/\/revolutionpadelstore.com\/de\/","name":"Revolution Padel Store","description":"","publisher":{"@id":"https:\/\/revolutionpadelstore.com\/de\/#organization"},"potentialAction":[{"@type":"SearchAction","target":{"@type":"EntryPoint","urlTemplate":"https:\/\/revolutionpadelstore.com\/de\/?s={search_term_string}"},"query-input":{"@type":"PropertyValueSpecification","valueRequired":true,"valueName":"search_term_string"}}],"inLanguage":"de"},{"@type":"Organization","@id":"https:\/\/revolutionpadelstore.com\/de\/#organization","name":"Revolution Padel Store","url":"https:\/\/revolutionpadelstore.com\/de\/","logo":{"@type":"ImageObject","inLanguage":"de","@id":"https:\/\/revolutionpadelstore.com\/de\/#\/schema\/logo\/image\/","url":"https:\/\/revolutionpadelstore.com\/wp-content\/uploads\/2026\/02\/revolution-padel-store.jpg","contentUrl":"https:\/\/revolutionpadelstore.com\/wp-content\/uploads\/2026\/02\/revolution-padel-store.jpg","width":2000,"height":2000,"caption":"Revolution Padel Store"},"image":{"@id":"https:\/\/revolutionpadelstore.com\/de\/#\/schema\/logo\/image\/"},"sameAs":["https:\/\/www.instagram.com\/revolutionpadelstore\/"]}]}},"_links":{"self":[{"href":"https:\/\/revolutionpadelstore.com\/de\/wp-json\/wp\/v2\/product\/285197","targetHints":{"allow":["GET"]}}],"collection":[{"href":"https:\/\/revolutionpadelstore.com\/de\/wp-json\/wp\/v2\/product"}],"about":[{"href":"https:\/\/revolutionpadelstore.com\/de\/wp-json\/wp\/v2\/types\/product"}],"replies":[{"embeddable":true,"href":"https:\/\/revolutionpadelstore.com\/de\/wp-json\/wp\/v2\/comments?post=285197"}],"wp:featuredmedia":[{"embeddable":true,"href":"https:\/\/revolutionpadelstore.com\/de\/wp-json\/wp\/v2\/media\/293021"}],"wp:attachment":[{"href":"https:\/\/revolutionpadelstore.com\/de\/wp-json\/wp\/v2\/media?parent=285197"}],"wp:term":[{"taxonomy":"acabado","embeddable":true,"href":"https:\/\/revolutionpadelstore.com\/de\/wp-json\/wp\/v2\/acabado?post=285197"},{"taxonomy":"balance","embeddable":true,"href":"https:\/\/revolutionpadelstore.com\/de\/wp-json\/wp\/v2\/balance?post=285197"},{"taxonomy":"dureza","embeddable":true,"href":"https:\/\/revolutionpadelstore.com\/de\/wp-json\/wp\/v2\/dureza?post=285197"},{"taxonomy":"forma","embeddable":true,"href":"https:\/\/revolutionpadelstore.com\/de\/wp-json\/wp\/v2\/forma?post=285197"},{"taxonomy":"jugador","embeddable":true,"href":"https:\/\/revolutionpadelstore.com\/de\/wp-json\/wp\/v2\/jugador?post=285197"},{"taxonomy":"marca","embeddable":true,"href":"https:\/\/revolutionpadelstore.com\/de\/wp-json\/wp\/v2\/marca?post=285197"},{"taxonomy":"nivel-de-juego","embeddable":true,"href":"https:\/\/revolutionpadelstore.com\/de\/wp-json\/wp\/v2\/nivel-de-juego?post=285197"},{"taxonomy":"superficie","embeddable":true,"href":"https:\/\/revolutionpadelstore.com\/de\/wp-json\/wp\/v2\/superficie?post=285197"},{"taxonomy":"tipo-de-juego","embeddable":true,"href":"https:\/\/revolutionpadelstore.com\/de\/wp-json\/wp\/v2\/tipo-de-juego?post=285197"},{"taxonomy":"product_brand","embeddable":true,"href":"https:\/\/revolutionpadelstore.com\/de\/wp-json\/wp\/v2\/product_brand?post=285197"},{"taxonomy":"product_cat","embeddable":true,"href":"https:\/\/revolutionpadelstore.com\/de\/wp-json\/wp\/v2\/product_cat?post=285197"},{"taxonomy":"product_tag","embeddable":true,"href":"https:\/\/revolutionpadelstore.com\/de\/wp-json\/wp\/v2\/product_tag?post=285197"}],"curies":[{"name":"wp","href":"https:\/\/api.w.org\/{rel}","templated":true}]}}