{"id":285192,"date":"2025-09-29T00:39:52","date_gmt":"2025-09-28T22:39:52","guid":{"rendered":"https:\/\/revolutionpadelstore.com\/?post_type=product&#038;p=285192"},"modified":"2026-04-10T14:01:56","modified_gmt":"2026-04-10T12:01:56","slug":"paletero-dunlop-intro-blk-fluo-orange-1","status":"publish","type":"product","link":"https:\/\/revolutionpadelstore.com\/de\/produkt\/paletero-dunlop-intro-blk-fluo-orange-1\/","title":{"rendered":"PALETERO DUNLOP INTRO BLK\/ FLUO ORANGE"},"content":{"rendered":"<h2>Dunlop Tour Intro Orange Paddle Bag \u2013 Sportliches Design, Komfort und Funktionalit\u00e4t<\/h2>\n<p>Die <strong>Dunlop Tour Intro Orange Paddle Bag<\/strong> ist die perfekte Erg\u00e4nzung f\u00fcr Spieler, die eine ideale Kombination aus <strong>Kapazit\u00e4t, Leichtigkeit und sportlichem Stil<\/strong> suchen. Dieses mittelgro\u00dfe Modell wurde von <strong>Dunlop Padel<\/strong> entworfen, einer Marke, die international f\u00fcr ihre Innovation und Qualit\u00e4t bei Padel-Ausr\u00fcstung bekannt ist. Es ist ideal, um Sie nach dem Arbeitstag bei Ihrem Training, Ihren Kursen oder Spielen zu begleiten.<\/p>\n<h2>Hauptmerkmale<\/h2>\n<p><strong>-Kompaktes und funktionales Design<\/strong> in den Farben Schwarz und Orange.<\/p>\n<p>-Zwei <strong>gro\u00dfe Hauptf\u00e4cher<\/strong>:<\/p>\n<p><strong>-Hochwertige, widerstandsf\u00e4hige Materialien<\/strong>, die Langlebigkeit garantieren.<\/p>\n<p><strong>-Stabile Verschl\u00fcsse<\/strong> und leichtg\u00e4ngige Rei\u00dfverschl\u00fcsse sorgen f\u00fcr einfachen Zugriff.<\/p>\n<p><strong>-Ergonomische Griffe und gepolsterte Riemen<\/strong> f\u00fcr bequemes Tragen auf der Schulter oder in der Hand.<\/p>\n<h2>Vorteile der Dunlop Tour Intro Padel Bag<\/h2>\n<p>-Ideal f\u00fcr Spieler, die das N\u00f6tigste transportieren m\u00f6chten, ohne eine sperrige Tasche f\u00fcr Padelschl\u00e4ger dabei zu haben.<\/p>\n<p>-Perfekt f\u00fcr alle, die nach der Arbeit oder der Uni spielen.<\/p>\n<p>-Seine <strong>mittlere Gr\u00f6\u00dfe<\/strong> bietet gerade genug Platz, ohne an Mobilit\u00e4t einzub\u00fc\u00dfen.<\/p>\n<p>-Modernes und professionelles Design, das <strong>auf jedem Platz hervorsticht<\/strong>.<\/p>\n<h2> Warum diese Padelschl\u00e4gertasche w\u00e4hlen?<\/h2>\n<p>Dieses Modell ist die ideale Option f\u00fcr alle, die eine <strong>funktionale, elegante und widerstandsf\u00e4hige Padelschl\u00e4gertasche<\/strong> zu einem wettbewerbsf\u00e4higen Preis suchen. Sein Design soll Ihren Alltag erleichtern, ohne auf Stil oder Komfort zu verzichten.<\/p>\n<p><strong>Bestellen Sie noch heute und verbessern Sie Ihr Erlebnis auf der Rennstrecke mit Dunlop.<\/strong><\/p>\n<p><strong>Jetzt erh\u00e4ltlich in unserem Online-Shop <a href=\"https:\/\/www.revolutionpadelstore.com\/\">www.revolutionpadelstore.com<\/a>, wahrscheinlich zum besten Preis auf dem Markt.<\/strong><\/p>\n","protected":false},"excerpt":{"rendered":"<p>Die Dunlop Tour Intro Orange Padel-Tasche wurde f\u00fcr Spieler entwickelt, die Wert auf Komfort und Stil legen und bietet die perfekte Kombination aus Kapazit\u00e4t, geringem Gewicht und sportlichem Aussehen.<\/p>\n","protected":false},"featured_media":293034,"comment_status":"open","ping_status":"closed","template":"","meta":{"_acf_changed":false,"_joinchat":[]},"acabado":[],"balance":[],"dureza":[],"forma":[],"jugador":[],"marca":[1209],"nivel-de-juego":[],"superficie":[],"tipo-de-juego":[],"product_brand":[],"product_cat":[314],"product_tag":[],"class_list":{"0":"post-285192","1":"product","2":"type-product","3":"status-publish","4":"has-post-thumbnail","6":"marca-dunlop-de","7":"product_cat-taschen","9":"first","10":"instock","11":"sale","12":"taxable","13":"shipping-taxable","14":"purchasable","15":"product-type-simple"},"acf":[],"yoast_head":"<!-- This site is optimized with the Yoast SEO plugin v27.4 - https:\/\/yoast.com\/product\/yoast-seo-wordpress\/ -->\n<title>PALETERO DUNLOP INTRO BLK\/ FLUO ORANGE - Revolution Padel Store<\/title>\n<meta name=\"description\" content=\"Descubre el Paletero Dunlop Tour Intro Naranja, ideal para transportar tu pala y textil con comodidad y estilo. Compacto, resistente y perfecto para el d\u00eda a d\u00eda. \u00a1Compra online al mejor precio en Revolution Padel Store!\" \/>\n<meta name=\"robots\" content=\"index, follow, max-snippet:-1, max-image-preview:large, max-video-preview:-1\" \/>\n<link rel=\"canonical\" href=\"https:\/\/revolutionpadelstore.com\/de\/produkt\/paletero-dunlop-intro-blk-fluo-orange-1\/\" \/>\n<meta property=\"og:locale\" content=\"de_DE\" \/>\n<meta property=\"og:type\" content=\"article\" \/>\n<meta property=\"og:title\" content=\"PALETERO DUNLOP INTRO BLK\/ FLUO ORANGE - Revolution Padel Store\" \/>\n<meta property=\"og:description\" content=\"Descubre el Paletero Dunlop Tour Intro Naranja, ideal para transportar tu pala y textil con comodidad y estilo. Compacto, resistente y perfecto para el d\u00eda a d\u00eda. \u00a1Compra online al mejor precio en Revolution Padel Store!\" \/>\n<meta property=\"og:url\" content=\"https:\/\/revolutionpadelstore.com\/de\/produkt\/paletero-dunlop-intro-blk-fluo-orange-1\/\" \/>\n<meta property=\"og:site_name\" content=\"Revolution Padel Store\" \/>\n<meta property=\"article:modified_time\" content=\"2026-04-10T12:01:56+00:00\" \/>\n<meta property=\"og:image\" content=\"https:\/\/revolutionpadelstore.com\/wp-content\/uploads\/2025\/09\/FOTO-PALAS-36.png\" \/>\n\t<meta property=\"og:image:width\" content=\"1500\" \/>\n\t<meta property=\"og:image:height\" content=\"1500\" \/>\n\t<meta property=\"og:image:type\" content=\"image\/png\" \/>\n<meta name=\"twitter:card\" content=\"summary_large_image\" \/>\n<script type=\"application\/ld+json\" class=\"yoast-schema-graph\">{\"@context\":\"https:\\\/\\\/schema.org\",\"@graph\":[{\"@type\":\"WebPage\",\"@id\":\"https:\\\/\\\/revolutionpadelstore.com\\\/de\\\/produkt\\\/paletero-dunlop-intro-blk-fluo-orange-1\\\/\",\"url\":\"https:\\\/\\\/revolutionpadelstore.com\\\/de\\\/produkt\\\/paletero-dunlop-intro-blk-fluo-orange-1\\\/\",\"name\":\"PALETERO DUNLOP INTRO BLK\\\/ FLUO ORANGE - Revolution Padel Store\",\"isPartOf\":{\"@id\":\"https:\\\/\\\/revolutionpadelstore.com\\\/de\\\/#website\"},\"primaryImageOfPage\":{\"@id\":\"https:\\\/\\\/revolutionpadelstore.com\\\/de\\\/produkt\\\/paletero-dunlop-intro-blk-fluo-orange-1\\\/#primaryimage\"},\"image\":{\"@id\":\"https:\\\/\\\/revolutionpadelstore.com\\\/de\\\/produkt\\\/paletero-dunlop-intro-blk-fluo-orange-1\\\/#primaryimage\"},\"thumbnailUrl\":\"https:\\\/\\\/revolutionpadelstore.com\\\/wp-content\\\/uploads\\\/2025\\\/09\\\/FOTO-PALAS-36.png\",\"datePublished\":\"2025-09-28T22:39:52+00:00\",\"dateModified\":\"2026-04-10T12:01:56+00:00\",\"description\":\"Descubre el Paletero Dunlop Tour Intro Naranja, ideal para transportar tu pala y textil con comodidad y estilo. Compacto, resistente y perfecto para el d\u00eda a d\u00eda. \u00a1Compra online al mejor precio en Revolution Padel Store!\",\"breadcrumb\":{\"@id\":\"https:\\\/\\\/revolutionpadelstore.com\\\/de\\\/produkt\\\/paletero-dunlop-intro-blk-fluo-orange-1\\\/#breadcrumb\"},\"inLanguage\":\"de\",\"potentialAction\":[{\"@type\":\"ReadAction\",\"target\":[\"https:\\\/\\\/revolutionpadelstore.com\\\/de\\\/produkt\\\/paletero-dunlop-intro-blk-fluo-orange-1\\\/\"]}]},{\"@type\":\"ImageObject\",\"inLanguage\":\"de\",\"@id\":\"https:\\\/\\\/revolutionpadelstore.com\\\/de\\\/produkt\\\/paletero-dunlop-intro-blk-fluo-orange-1\\\/#primaryimage\",\"url\":\"https:\\\/\\\/revolutionpadelstore.com\\\/wp-content\\\/uploads\\\/2025\\\/09\\\/FOTO-PALAS-36.png\",\"contentUrl\":\"https:\\\/\\\/revolutionpadelstore.com\\\/wp-content\\\/uploads\\\/2025\\\/09\\\/FOTO-PALAS-36.png\",\"width\":1500,\"height\":1500},{\"@type\":\"BreadcrumbList\",\"@id\":\"https:\\\/\\\/revolutionpadelstore.com\\\/de\\\/produkt\\\/paletero-dunlop-intro-blk-fluo-orange-1\\\/#breadcrumb\",\"itemListElement\":[{\"@type\":\"ListItem\",\"position\":1,\"name\":\"Portada\",\"item\":\"https:\\\/\\\/revolutionpadelstore.com\\\/de\\\/\"},{\"@type\":\"ListItem\",\"position\":2,\"name\":\"Shop\",\"item\":\"https:\\\/\\\/revolutionpadelstore.com\\\/de\\\/tienda\\\/\"},{\"@type\":\"ListItem\",\"position\":3,\"name\":\"PALETERO DUNLOP INTRO BLK\\\/ FLUO ORANGE\"}]},{\"@type\":\"WebSite\",\"@id\":\"https:\\\/\\\/revolutionpadelstore.com\\\/de\\\/#website\",\"url\":\"https:\\\/\\\/revolutionpadelstore.com\\\/de\\\/\",\"name\":\"Revolution Padel Store\",\"description\":\"\",\"publisher\":{\"@id\":\"https:\\\/\\\/revolutionpadelstore.com\\\/de\\\/#organization\"},\"potentialAction\":[{\"@type\":\"SearchAction\",\"target\":{\"@type\":\"EntryPoint\",\"urlTemplate\":\"https:\\\/\\\/revolutionpadelstore.com\\\/de\\\/?s={search_term_string}\"},\"query-input\":{\"@type\":\"PropertyValueSpecification\",\"valueRequired\":true,\"valueName\":\"search_term_string\"}}],\"inLanguage\":\"de\"},{\"@type\":\"Organization\",\"@id\":\"https:\\\/\\\/revolutionpadelstore.com\\\/de\\\/#organization\",\"name\":\"Revolution Padel Store\",\"url\":\"https:\\\/\\\/revolutionpadelstore.com\\\/de\\\/\",\"logo\":{\"@type\":\"ImageObject\",\"inLanguage\":\"de\",\"@id\":\"https:\\\/\\\/revolutionpadelstore.com\\\/de\\\/#\\\/schema\\\/logo\\\/image\\\/\",\"url\":\"https:\\\/\\\/revolutionpadelstore.com\\\/wp-content\\\/uploads\\\/2026\\\/02\\\/revolution-padel-store.jpg\",\"contentUrl\":\"https:\\\/\\\/revolutionpadelstore.com\\\/wp-content\\\/uploads\\\/2026\\\/02\\\/revolution-padel-store.jpg\",\"width\":2000,\"height\":2000,\"caption\":\"Revolution Padel Store\"},\"image\":{\"@id\":\"https:\\\/\\\/revolutionpadelstore.com\\\/de\\\/#\\\/schema\\\/logo\\\/image\\\/\"},\"sameAs\":[\"https:\\\/\\\/www.instagram.com\\\/revolutionpadelstore\\\/\"]}]}<\/script>\n<!-- \/ Yoast SEO plugin. -->","yoast_head_json":{"title":"PALETERO DUNLOP INTRO BLK\/ FLUO ORANGE - Revolution Padel Store","description":"Descubre el Paletero Dunlop Tour Intro Naranja, ideal para transportar tu pala y textil con comodidad y estilo. Compacto, resistente y perfecto para el d\u00eda a d\u00eda. \u00a1Compra online al mejor precio en Revolution Padel Store!","robots":{"index":"index","follow":"follow","max-snippet":"max-snippet:-1","max-image-preview":"max-image-preview:large","max-video-preview":"max-video-preview:-1"},"canonical":"https:\/\/revolutionpadelstore.com\/de\/produkt\/paletero-dunlop-intro-blk-fluo-orange-1\/","og_locale":"de_DE","og_type":"article","og_title":"PALETERO DUNLOP INTRO BLK\/ FLUO ORANGE - Revolution Padel Store","og_description":"Descubre el Paletero Dunlop Tour Intro Naranja, ideal para transportar tu pala y textil con comodidad y estilo. Compacto, resistente y perfecto para el d\u00eda a d\u00eda. \u00a1Compra online al mejor precio en Revolution Padel Store!","og_url":"https:\/\/revolutionpadelstore.com\/de\/produkt\/paletero-dunlop-intro-blk-fluo-orange-1\/","og_site_name":"Revolution Padel Store","article_modified_time":"2026-04-10T12:01:56+00:00","og_image":[{"width":1500,"height":1500,"url":"https:\/\/revolutionpadelstore.com\/wp-content\/uploads\/2025\/09\/FOTO-PALAS-36.png","type":"image\/png"}],"twitter_card":"summary_large_image","schema":{"@context":"https:\/\/schema.org","@graph":[{"@type":"WebPage","@id":"https:\/\/revolutionpadelstore.com\/de\/produkt\/paletero-dunlop-intro-blk-fluo-orange-1\/","url":"https:\/\/revolutionpadelstore.com\/de\/produkt\/paletero-dunlop-intro-blk-fluo-orange-1\/","name":"PALETERO DUNLOP INTRO BLK\/ FLUO ORANGE - Revolution Padel Store","isPartOf":{"@id":"https:\/\/revolutionpadelstore.com\/de\/#website"},"primaryImageOfPage":{"@id":"https:\/\/revolutionpadelstore.com\/de\/produkt\/paletero-dunlop-intro-blk-fluo-orange-1\/#primaryimage"},"image":{"@id":"https:\/\/revolutionpadelstore.com\/de\/produkt\/paletero-dunlop-intro-blk-fluo-orange-1\/#primaryimage"},"thumbnailUrl":"https:\/\/revolutionpadelstore.com\/wp-content\/uploads\/2025\/09\/FOTO-PALAS-36.png","datePublished":"2025-09-28T22:39:52+00:00","dateModified":"2026-04-10T12:01:56+00:00","description":"Descubre el Paletero Dunlop Tour Intro Naranja, ideal para transportar tu pala y textil con comodidad y estilo. Compacto, resistente y perfecto para el d\u00eda a d\u00eda. \u00a1Compra online al mejor precio en Revolution Padel Store!","breadcrumb":{"@id":"https:\/\/revolutionpadelstore.com\/de\/produkt\/paletero-dunlop-intro-blk-fluo-orange-1\/#breadcrumb"},"inLanguage":"de","potentialAction":[{"@type":"ReadAction","target":["https:\/\/revolutionpadelstore.com\/de\/produkt\/paletero-dunlop-intro-blk-fluo-orange-1\/"]}]},{"@type":"ImageObject","inLanguage":"de","@id":"https:\/\/revolutionpadelstore.com\/de\/produkt\/paletero-dunlop-intro-blk-fluo-orange-1\/#primaryimage","url":"https:\/\/revolutionpadelstore.com\/wp-content\/uploads\/2025\/09\/FOTO-PALAS-36.png","contentUrl":"https:\/\/revolutionpadelstore.com\/wp-content\/uploads\/2025\/09\/FOTO-PALAS-36.png","width":1500,"height":1500},{"@type":"BreadcrumbList","@id":"https:\/\/revolutionpadelstore.com\/de\/produkt\/paletero-dunlop-intro-blk-fluo-orange-1\/#breadcrumb","itemListElement":[{"@type":"ListItem","position":1,"name":"Portada","item":"https:\/\/revolutionpadelstore.com\/de\/"},{"@type":"ListItem","position":2,"name":"Shop","item":"https:\/\/revolutionpadelstore.com\/de\/tienda\/"},{"@type":"ListItem","position":3,"name":"PALETERO DUNLOP INTRO BLK\/ FLUO ORANGE"}]},{"@type":"WebSite","@id":"https:\/\/revolutionpadelstore.com\/de\/#website","url":"https:\/\/revolutionpadelstore.com\/de\/","name":"Revolution Padel Store","description":"","publisher":{"@id":"https:\/\/revolutionpadelstore.com\/de\/#organization"},"potentialAction":[{"@type":"SearchAction","target":{"@type":"EntryPoint","urlTemplate":"https:\/\/revolutionpadelstore.com\/de\/?s={search_term_string}"},"query-input":{"@type":"PropertyValueSpecification","valueRequired":true,"valueName":"search_term_string"}}],"inLanguage":"de"},{"@type":"Organization","@id":"https:\/\/revolutionpadelstore.com\/de\/#organization","name":"Revolution Padel Store","url":"https:\/\/revolutionpadelstore.com\/de\/","logo":{"@type":"ImageObject","inLanguage":"de","@id":"https:\/\/revolutionpadelstore.com\/de\/#\/schema\/logo\/image\/","url":"https:\/\/revolutionpadelstore.com\/wp-content\/uploads\/2026\/02\/revolution-padel-store.jpg","contentUrl":"https:\/\/revolutionpadelstore.com\/wp-content\/uploads\/2026\/02\/revolution-padel-store.jpg","width":2000,"height":2000,"caption":"Revolution Padel Store"},"image":{"@id":"https:\/\/revolutionpadelstore.com\/de\/#\/schema\/logo\/image\/"},"sameAs":["https:\/\/www.instagram.com\/revolutionpadelstore\/"]}]}},"_links":{"self":[{"href":"https:\/\/revolutionpadelstore.com\/de\/wp-json\/wp\/v2\/product\/285192","targetHints":{"allow":["GET"]}}],"collection":[{"href":"https:\/\/revolutionpadelstore.com\/de\/wp-json\/wp\/v2\/product"}],"about":[{"href":"https:\/\/revolutionpadelstore.com\/de\/wp-json\/wp\/v2\/types\/product"}],"replies":[{"embeddable":true,"href":"https:\/\/revolutionpadelstore.com\/de\/wp-json\/wp\/v2\/comments?post=285192"}],"wp:featuredmedia":[{"embeddable":true,"href":"https:\/\/revolutionpadelstore.com\/de\/wp-json\/wp\/v2\/media\/293034"}],"wp:attachment":[{"href":"https:\/\/revolutionpadelstore.com\/de\/wp-json\/wp\/v2\/media?parent=285192"}],"wp:term":[{"taxonomy":"acabado","embeddable":true,"href":"https:\/\/revolutionpadelstore.com\/de\/wp-json\/wp\/v2\/acabado?post=285192"},{"taxonomy":"balance","embeddable":true,"href":"https:\/\/revolutionpadelstore.com\/de\/wp-json\/wp\/v2\/balance?post=285192"},{"taxonomy":"dureza","embeddable":true,"href":"https:\/\/revolutionpadelstore.com\/de\/wp-json\/wp\/v2\/dureza?post=285192"},{"taxonomy":"forma","embeddable":true,"href":"https:\/\/revolutionpadelstore.com\/de\/wp-json\/wp\/v2\/forma?post=285192"},{"taxonomy":"jugador","embeddable":true,"href":"https:\/\/revolutionpadelstore.com\/de\/wp-json\/wp\/v2\/jugador?post=285192"},{"taxonomy":"marca","embeddable":true,"href":"https:\/\/revolutionpadelstore.com\/de\/wp-json\/wp\/v2\/marca?post=285192"},{"taxonomy":"nivel-de-juego","embeddable":true,"href":"https:\/\/revolutionpadelstore.com\/de\/wp-json\/wp\/v2\/nivel-de-juego?post=285192"},{"taxonomy":"superficie","embeddable":true,"href":"https:\/\/revolutionpadelstore.com\/de\/wp-json\/wp\/v2\/superficie?post=285192"},{"taxonomy":"tipo-de-juego","embeddable":true,"href":"https:\/\/revolutionpadelstore.com\/de\/wp-json\/wp\/v2\/tipo-de-juego?post=285192"},{"taxonomy":"product_brand","embeddable":true,"href":"https:\/\/revolutionpadelstore.com\/de\/wp-json\/wp\/v2\/product_brand?post=285192"},{"taxonomy":"product_cat","embeddable":true,"href":"https:\/\/revolutionpadelstore.com\/de\/wp-json\/wp\/v2\/product_cat?post=285192"},{"taxonomy":"product_tag","embeddable":true,"href":"https:\/\/revolutionpadelstore.com\/de\/wp-json\/wp\/v2\/product_tag?post=285192"}],"curies":[{"name":"wp","href":"https:\/\/api.w.org\/{rel}","templated":true}]}}