{"id":285182,"date":"2025-09-29T00:41:09","date_gmt":"2025-09-28T22:41:09","guid":{"rendered":"https:\/\/revolutionpadelstore.com\/?post_type=product&#038;p=285182"},"modified":"2026-04-10T14:02:00","modified_gmt":"2026-04-10T12:02:00","slug":"paletero-dunlop-intro-blk-fluo-yellow-1","status":"publish","type":"product","link":"https:\/\/revolutionpadelstore.com\/de\/produkt\/paletero-dunlop-intro-blk-fluo-yellow-1\/","title":{"rendered":"PALETERO DUNLOP INTRO BLK\/ FLUO YELLOW"},"content":{"rendered":"<h2>Dunlop Intro Yellow Paddle Bag \u2013 Komfort und klassischer Stil f\u00fcr Ihre Spiele<\/h2>\n<p>Die <strong>Dunlop Intro Yellow Padel-Tasche<\/strong> ist die ideale Wahl f\u00fcr Spieler, die bei jedem Padel-Spiel Funktionalit\u00e4t und Stil suchen. Mit einem klassischen, aber funktionalen Design erm\u00f6glicht Ihnen diese Padelschl\u00e4gertasche, alles, was Sie brauchen, unkompliziert zu transportieren und dabei stets Komfort und Organisation zu gew\u00e4hrleisten.<\/p>\n<h2>Hervorgehobene Funktionen<\/h2>\n<p><strong>-Zwei gro\u00dfe F\u00e4cher<\/strong>: Gen\u00fcgend Platz zum Verstauen Ihrer Padelschl\u00e4ger, Wechselkleidung und wichtiger Accessoires.<\/p>\n<p><strong>-Vielseitigkeit beim Transport<\/strong>: Tragen Sie es bequem in der Hand mit dem Hauptgriff oder als Rucksack dank der verst\u00e4rkten Schulterpolster.<\/p>\n<p><strong>-Garantierter Komfort<\/strong>: Gepolsterte und verstellbare Griffe, die sich auch auf langen Fahrten an Sie anpassen.<\/p>\n<p><strong>-Hochwertige Materialien<\/strong>: Entwickelt, um intensiver Nutzung standzuhalten und Ihre Ausr\u00fcstung jederzeit zu sch\u00fctzen.<\/p>\n<p><strong>-Attraktives Design<\/strong>: Erh\u00e4ltlich in einer lebendigen Farbkombination: Gelb, Schwarz und Wei\u00df.<\/p>\n<h2>Technische Daten<\/h2>\n<p><strong>-Abmessungen<\/strong>: 53 cm (L\u00e4nge) x 26 cm (Tiefe) x 28 cm (H\u00f6he)<\/p>\n<p><strong>-Farben<\/strong>: Gelb, Schwarz und Wei\u00df<\/p>\n<p><strong>Marke<\/strong>: Dunlop P\u00e1del \u2013 Synonym f\u00fcr Innovation, Langlebigkeit und Qualit\u00e4t in der Welt des Padelsports.<\/p>\n<h2>Warum sollten Sie sich f\u00fcr die Dunlop Intro Padel-Tasche entscheiden?<\/h2>\n<p>Dieses Modell ist perfekt f\u00fcr alle, die einen <strong>praktischen und leichten Padel-Rucksack<\/strong> suchen, ohne auf Platz oder Qualit\u00e4t zu verzichten. Sein ergonomisches Design und seine moderne \u00c4sthetik machen es zu einem unverzichtbaren Accessoire f\u00fcr Anf\u00e4nger und Fortgeschrittene.<\/p>\n<p>Dar\u00fcber hinaus ist die Marke <strong>Dunlop<\/strong> international f\u00fcr ihr Engagement f\u00fcr Innovation und sportliche Leistung bekannt und gew\u00e4hrleistet ein hervorragendes Preis-Leistungs-Verh\u00e4ltnis.<\/p>\n<p><strong>Holen Sie sich die Dunlop Intro Yellow Padel-Tasche jetzt unter <a href=\"http:\/\/www.revolutionpadelstore.com\/\">www.revolutionpadelstore.com<\/a>, wahrscheinlich zum besten Preis auf dem Markt.<\/strong><\/p>\n","protected":false},"excerpt":{"rendered":"<p>Die Dunlop Intro Yellow Padel-Tasche ist perfekt f\u00fcr alle, die bei jedem Padel-Match Komfort und einen Hauch von Stil suchen.<\/p>\n","protected":false},"featured_media":293048,"comment_status":"open","ping_status":"closed","template":"","meta":{"_acf_changed":false,"_joinchat":[]},"acabado":[],"balance":[],"dureza":[],"forma":[],"jugador":[],"marca":[1209],"nivel-de-juego":[],"superficie":[],"tipo-de-juego":[],"product_brand":[],"product_cat":[314],"product_tag":[],"class_list":{"0":"post-285182","1":"product","2":"type-product","3":"status-publish","4":"has-post-thumbnail","6":"marca-dunlop-de","7":"product_cat-taschen","9":"first","10":"instock","11":"sale","12":"taxable","13":"shipping-taxable","14":"purchasable","15":"product-type-simple"},"acf":[],"yoast_head":"<!-- This site is optimized with the Yoast SEO plugin v27.4 - https:\/\/yoast.com\/product\/yoast-seo-wordpress\/ -->\n<title>PALETERO DUNLOP INTRO BLK\/ FLUO YELLOW - Revolution Padel Store<\/title>\n<meta name=\"description\" content=\"Descubre el paletero Dunlop Intro Amarillo, ideal para llevar tus palas y accesorios de p\u00e1del con comodidad y estilo. \u00a1Disponible en Revolution Padel Store al mejor precio!\" \/>\n<meta name=\"robots\" content=\"index, follow, max-snippet:-1, max-image-preview:large, max-video-preview:-1\" \/>\n<link rel=\"canonical\" href=\"https:\/\/revolutionpadelstore.com\/de\/produkt\/paletero-dunlop-intro-blk-fluo-yellow-1\/\" \/>\n<meta property=\"og:locale\" content=\"de_DE\" \/>\n<meta property=\"og:type\" content=\"article\" \/>\n<meta property=\"og:title\" content=\"PALETERO DUNLOP INTRO BLK\/ FLUO YELLOW - Revolution Padel Store\" \/>\n<meta property=\"og:description\" content=\"Descubre el paletero Dunlop Intro Amarillo, ideal para llevar tus palas y accesorios de p\u00e1del con comodidad y estilo. \u00a1Disponible en Revolution Padel Store al mejor precio!\" \/>\n<meta property=\"og:url\" content=\"https:\/\/revolutionpadelstore.com\/de\/produkt\/paletero-dunlop-intro-blk-fluo-yellow-1\/\" \/>\n<meta property=\"og:site_name\" content=\"Revolution Padel Store\" \/>\n<meta property=\"article:modified_time\" content=\"2026-04-10T12:02:00+00:00\" \/>\n<meta property=\"og:image\" content=\"https:\/\/revolutionpadelstore.com\/wp-content\/uploads\/2025\/09\/FOTO-PALAS-37.png\" \/>\n\t<meta property=\"og:image:width\" content=\"1500\" \/>\n\t<meta property=\"og:image:height\" content=\"1500\" \/>\n\t<meta property=\"og:image:type\" content=\"image\/png\" \/>\n<meta name=\"twitter:card\" content=\"summary_large_image\" \/>\n<script type=\"application\/ld+json\" class=\"yoast-schema-graph\">{\"@context\":\"https:\\\/\\\/schema.org\",\"@graph\":[{\"@type\":\"WebPage\",\"@id\":\"https:\\\/\\\/revolutionpadelstore.com\\\/de\\\/produkt\\\/paletero-dunlop-intro-blk-fluo-yellow-1\\\/\",\"url\":\"https:\\\/\\\/revolutionpadelstore.com\\\/de\\\/produkt\\\/paletero-dunlop-intro-blk-fluo-yellow-1\\\/\",\"name\":\"PALETERO DUNLOP INTRO BLK\\\/ FLUO YELLOW - Revolution Padel Store\",\"isPartOf\":{\"@id\":\"https:\\\/\\\/revolutionpadelstore.com\\\/de\\\/#website\"},\"primaryImageOfPage\":{\"@id\":\"https:\\\/\\\/revolutionpadelstore.com\\\/de\\\/produkt\\\/paletero-dunlop-intro-blk-fluo-yellow-1\\\/#primaryimage\"},\"image\":{\"@id\":\"https:\\\/\\\/revolutionpadelstore.com\\\/de\\\/produkt\\\/paletero-dunlop-intro-blk-fluo-yellow-1\\\/#primaryimage\"},\"thumbnailUrl\":\"https:\\\/\\\/revolutionpadelstore.com\\\/wp-content\\\/uploads\\\/2025\\\/09\\\/FOTO-PALAS-37.png\",\"datePublished\":\"2025-09-28T22:41:09+00:00\",\"dateModified\":\"2026-04-10T12:02:00+00:00\",\"description\":\"Descubre el paletero Dunlop Intro Amarillo, ideal para llevar tus palas y accesorios de p\u00e1del con comodidad y estilo. \u00a1Disponible en Revolution Padel Store al mejor precio!\",\"breadcrumb\":{\"@id\":\"https:\\\/\\\/revolutionpadelstore.com\\\/de\\\/produkt\\\/paletero-dunlop-intro-blk-fluo-yellow-1\\\/#breadcrumb\"},\"inLanguage\":\"de\",\"potentialAction\":[{\"@type\":\"ReadAction\",\"target\":[\"https:\\\/\\\/revolutionpadelstore.com\\\/de\\\/produkt\\\/paletero-dunlop-intro-blk-fluo-yellow-1\\\/\"]}]},{\"@type\":\"ImageObject\",\"inLanguage\":\"de\",\"@id\":\"https:\\\/\\\/revolutionpadelstore.com\\\/de\\\/produkt\\\/paletero-dunlop-intro-blk-fluo-yellow-1\\\/#primaryimage\",\"url\":\"https:\\\/\\\/revolutionpadelstore.com\\\/wp-content\\\/uploads\\\/2025\\\/09\\\/FOTO-PALAS-37.png\",\"contentUrl\":\"https:\\\/\\\/revolutionpadelstore.com\\\/wp-content\\\/uploads\\\/2025\\\/09\\\/FOTO-PALAS-37.png\",\"width\":1500,\"height\":1500},{\"@type\":\"BreadcrumbList\",\"@id\":\"https:\\\/\\\/revolutionpadelstore.com\\\/de\\\/produkt\\\/paletero-dunlop-intro-blk-fluo-yellow-1\\\/#breadcrumb\",\"itemListElement\":[{\"@type\":\"ListItem\",\"position\":1,\"name\":\"Portada\",\"item\":\"https:\\\/\\\/revolutionpadelstore.com\\\/de\\\/\"},{\"@type\":\"ListItem\",\"position\":2,\"name\":\"Shop\",\"item\":\"https:\\\/\\\/revolutionpadelstore.com\\\/de\\\/tienda\\\/\"},{\"@type\":\"ListItem\",\"position\":3,\"name\":\"PALETERO DUNLOP INTRO BLK\\\/ FLUO YELLOW\"}]},{\"@type\":\"WebSite\",\"@id\":\"https:\\\/\\\/revolutionpadelstore.com\\\/de\\\/#website\",\"url\":\"https:\\\/\\\/revolutionpadelstore.com\\\/de\\\/\",\"name\":\"Revolution Padel Store\",\"description\":\"\",\"publisher\":{\"@id\":\"https:\\\/\\\/revolutionpadelstore.com\\\/de\\\/#organization\"},\"potentialAction\":[{\"@type\":\"SearchAction\",\"target\":{\"@type\":\"EntryPoint\",\"urlTemplate\":\"https:\\\/\\\/revolutionpadelstore.com\\\/de\\\/?s={search_term_string}\"},\"query-input\":{\"@type\":\"PropertyValueSpecification\",\"valueRequired\":true,\"valueName\":\"search_term_string\"}}],\"inLanguage\":\"de\"},{\"@type\":\"Organization\",\"@id\":\"https:\\\/\\\/revolutionpadelstore.com\\\/de\\\/#organization\",\"name\":\"Revolution Padel Store\",\"url\":\"https:\\\/\\\/revolutionpadelstore.com\\\/de\\\/\",\"logo\":{\"@type\":\"ImageObject\",\"inLanguage\":\"de\",\"@id\":\"https:\\\/\\\/revolutionpadelstore.com\\\/de\\\/#\\\/schema\\\/logo\\\/image\\\/\",\"url\":\"https:\\\/\\\/revolutionpadelstore.com\\\/wp-content\\\/uploads\\\/2026\\\/02\\\/revolution-padel-store.jpg\",\"contentUrl\":\"https:\\\/\\\/revolutionpadelstore.com\\\/wp-content\\\/uploads\\\/2026\\\/02\\\/revolution-padel-store.jpg\",\"width\":2000,\"height\":2000,\"caption\":\"Revolution Padel Store\"},\"image\":{\"@id\":\"https:\\\/\\\/revolutionpadelstore.com\\\/de\\\/#\\\/schema\\\/logo\\\/image\\\/\"},\"sameAs\":[\"https:\\\/\\\/www.instagram.com\\\/revolutionpadelstore\\\/\"]}]}<\/script>\n<!-- \/ Yoast SEO plugin. -->","yoast_head_json":{"title":"PALETERO DUNLOP INTRO BLK\/ FLUO YELLOW - Revolution Padel Store","description":"Descubre el paletero Dunlop Intro Amarillo, ideal para llevar tus palas y accesorios de p\u00e1del con comodidad y estilo. \u00a1Disponible en Revolution Padel Store al mejor precio!","robots":{"index":"index","follow":"follow","max-snippet":"max-snippet:-1","max-image-preview":"max-image-preview:large","max-video-preview":"max-video-preview:-1"},"canonical":"https:\/\/revolutionpadelstore.com\/de\/produkt\/paletero-dunlop-intro-blk-fluo-yellow-1\/","og_locale":"de_DE","og_type":"article","og_title":"PALETERO DUNLOP INTRO BLK\/ FLUO YELLOW - Revolution Padel Store","og_description":"Descubre el paletero Dunlop Intro Amarillo, ideal para llevar tus palas y accesorios de p\u00e1del con comodidad y estilo. \u00a1Disponible en Revolution Padel Store al mejor precio!","og_url":"https:\/\/revolutionpadelstore.com\/de\/produkt\/paletero-dunlop-intro-blk-fluo-yellow-1\/","og_site_name":"Revolution Padel Store","article_modified_time":"2026-04-10T12:02:00+00:00","og_image":[{"width":1500,"height":1500,"url":"https:\/\/revolutionpadelstore.com\/wp-content\/uploads\/2025\/09\/FOTO-PALAS-37.png","type":"image\/png"}],"twitter_card":"summary_large_image","schema":{"@context":"https:\/\/schema.org","@graph":[{"@type":"WebPage","@id":"https:\/\/revolutionpadelstore.com\/de\/produkt\/paletero-dunlop-intro-blk-fluo-yellow-1\/","url":"https:\/\/revolutionpadelstore.com\/de\/produkt\/paletero-dunlop-intro-blk-fluo-yellow-1\/","name":"PALETERO DUNLOP INTRO BLK\/ FLUO YELLOW - Revolution Padel Store","isPartOf":{"@id":"https:\/\/revolutionpadelstore.com\/de\/#website"},"primaryImageOfPage":{"@id":"https:\/\/revolutionpadelstore.com\/de\/produkt\/paletero-dunlop-intro-blk-fluo-yellow-1\/#primaryimage"},"image":{"@id":"https:\/\/revolutionpadelstore.com\/de\/produkt\/paletero-dunlop-intro-blk-fluo-yellow-1\/#primaryimage"},"thumbnailUrl":"https:\/\/revolutionpadelstore.com\/wp-content\/uploads\/2025\/09\/FOTO-PALAS-37.png","datePublished":"2025-09-28T22:41:09+00:00","dateModified":"2026-04-10T12:02:00+00:00","description":"Descubre el paletero Dunlop Intro Amarillo, ideal para llevar tus palas y accesorios de p\u00e1del con comodidad y estilo. \u00a1Disponible en Revolution Padel Store al mejor precio!","breadcrumb":{"@id":"https:\/\/revolutionpadelstore.com\/de\/produkt\/paletero-dunlop-intro-blk-fluo-yellow-1\/#breadcrumb"},"inLanguage":"de","potentialAction":[{"@type":"ReadAction","target":["https:\/\/revolutionpadelstore.com\/de\/produkt\/paletero-dunlop-intro-blk-fluo-yellow-1\/"]}]},{"@type":"ImageObject","inLanguage":"de","@id":"https:\/\/revolutionpadelstore.com\/de\/produkt\/paletero-dunlop-intro-blk-fluo-yellow-1\/#primaryimage","url":"https:\/\/revolutionpadelstore.com\/wp-content\/uploads\/2025\/09\/FOTO-PALAS-37.png","contentUrl":"https:\/\/revolutionpadelstore.com\/wp-content\/uploads\/2025\/09\/FOTO-PALAS-37.png","width":1500,"height":1500},{"@type":"BreadcrumbList","@id":"https:\/\/revolutionpadelstore.com\/de\/produkt\/paletero-dunlop-intro-blk-fluo-yellow-1\/#breadcrumb","itemListElement":[{"@type":"ListItem","position":1,"name":"Portada","item":"https:\/\/revolutionpadelstore.com\/de\/"},{"@type":"ListItem","position":2,"name":"Shop","item":"https:\/\/revolutionpadelstore.com\/de\/tienda\/"},{"@type":"ListItem","position":3,"name":"PALETERO DUNLOP INTRO BLK\/ FLUO YELLOW"}]},{"@type":"WebSite","@id":"https:\/\/revolutionpadelstore.com\/de\/#website","url":"https:\/\/revolutionpadelstore.com\/de\/","name":"Revolution Padel Store","description":"","publisher":{"@id":"https:\/\/revolutionpadelstore.com\/de\/#organization"},"potentialAction":[{"@type":"SearchAction","target":{"@type":"EntryPoint","urlTemplate":"https:\/\/revolutionpadelstore.com\/de\/?s={search_term_string}"},"query-input":{"@type":"PropertyValueSpecification","valueRequired":true,"valueName":"search_term_string"}}],"inLanguage":"de"},{"@type":"Organization","@id":"https:\/\/revolutionpadelstore.com\/de\/#organization","name":"Revolution Padel Store","url":"https:\/\/revolutionpadelstore.com\/de\/","logo":{"@type":"ImageObject","inLanguage":"de","@id":"https:\/\/revolutionpadelstore.com\/de\/#\/schema\/logo\/image\/","url":"https:\/\/revolutionpadelstore.com\/wp-content\/uploads\/2026\/02\/revolution-padel-store.jpg","contentUrl":"https:\/\/revolutionpadelstore.com\/wp-content\/uploads\/2026\/02\/revolution-padel-store.jpg","width":2000,"height":2000,"caption":"Revolution Padel Store"},"image":{"@id":"https:\/\/revolutionpadelstore.com\/de\/#\/schema\/logo\/image\/"},"sameAs":["https:\/\/www.instagram.com\/revolutionpadelstore\/"]}]}},"_links":{"self":[{"href":"https:\/\/revolutionpadelstore.com\/de\/wp-json\/wp\/v2\/product\/285182","targetHints":{"allow":["GET"]}}],"collection":[{"href":"https:\/\/revolutionpadelstore.com\/de\/wp-json\/wp\/v2\/product"}],"about":[{"href":"https:\/\/revolutionpadelstore.com\/de\/wp-json\/wp\/v2\/types\/product"}],"replies":[{"embeddable":true,"href":"https:\/\/revolutionpadelstore.com\/de\/wp-json\/wp\/v2\/comments?post=285182"}],"wp:featuredmedia":[{"embeddable":true,"href":"https:\/\/revolutionpadelstore.com\/de\/wp-json\/wp\/v2\/media\/293048"}],"wp:attachment":[{"href":"https:\/\/revolutionpadelstore.com\/de\/wp-json\/wp\/v2\/media?parent=285182"}],"wp:term":[{"taxonomy":"acabado","embeddable":true,"href":"https:\/\/revolutionpadelstore.com\/de\/wp-json\/wp\/v2\/acabado?post=285182"},{"taxonomy":"balance","embeddable":true,"href":"https:\/\/revolutionpadelstore.com\/de\/wp-json\/wp\/v2\/balance?post=285182"},{"taxonomy":"dureza","embeddable":true,"href":"https:\/\/revolutionpadelstore.com\/de\/wp-json\/wp\/v2\/dureza?post=285182"},{"taxonomy":"forma","embeddable":true,"href":"https:\/\/revolutionpadelstore.com\/de\/wp-json\/wp\/v2\/forma?post=285182"},{"taxonomy":"jugador","embeddable":true,"href":"https:\/\/revolutionpadelstore.com\/de\/wp-json\/wp\/v2\/jugador?post=285182"},{"taxonomy":"marca","embeddable":true,"href":"https:\/\/revolutionpadelstore.com\/de\/wp-json\/wp\/v2\/marca?post=285182"},{"taxonomy":"nivel-de-juego","embeddable":true,"href":"https:\/\/revolutionpadelstore.com\/de\/wp-json\/wp\/v2\/nivel-de-juego?post=285182"},{"taxonomy":"superficie","embeddable":true,"href":"https:\/\/revolutionpadelstore.com\/de\/wp-json\/wp\/v2\/superficie?post=285182"},{"taxonomy":"tipo-de-juego","embeddable":true,"href":"https:\/\/revolutionpadelstore.com\/de\/wp-json\/wp\/v2\/tipo-de-juego?post=285182"},{"taxonomy":"product_brand","embeddable":true,"href":"https:\/\/revolutionpadelstore.com\/de\/wp-json\/wp\/v2\/product_brand?post=285182"},{"taxonomy":"product_cat","embeddable":true,"href":"https:\/\/revolutionpadelstore.com\/de\/wp-json\/wp\/v2\/product_cat?post=285182"},{"taxonomy":"product_tag","embeddable":true,"href":"https:\/\/revolutionpadelstore.com\/de\/wp-json\/wp\/v2\/product_tag?post=285182"}],"curies":[{"name":"wp","href":"https:\/\/api.w.org\/{rel}","templated":true}]}}