{"id":284761,"date":"2025-10-16T17:28:30","date_gmt":"2025-10-16T15:28:30","guid":{"rendered":"https:\/\/revolutionpadelstore.com\/neceser-bullpadel-bpp25108-012-blanco\/"},"modified":"2026-04-08T03:10:13","modified_gmt":"2026-04-08T01:10:13","slug":"neceser-bullpadel-pearl-blanco-mujer-1","status":"publish","type":"product","link":"https:\/\/revolutionpadelstore.com\/de\/produkt\/neceser-bullpadel-pearl-blanco-mujer-1\/","title":{"rendered":"NECESER BULLPADEL PEARL BLANCO MUJER"},"content":{"rendered":"<h2>Bullpadel Pearl White Kulturbeutel f\u00fcr Damen \u2013 Exklusives Design und maximale Haltbarkeit<\/h2>\n<p>Die <strong>Bullpadel BPP-25018 Pearl White Kulturtasche f\u00fcr Damen<\/strong> ist das ideale Accessoire f\u00fcr alle, die bei jedem Paddle-Tennis-Match <strong>Stil, Organisation und Funktionalit\u00e4t<\/strong> vereinen m\u00f6chten. Sein modernes und elegantes Design in Wei\u00df, zusammen mit der Signatur der ber\u00fchmten Spielerin <strong>Bea Gonz\u00e1lez<\/strong>, machen es zu einem exklusiven und raffinierten St\u00fcck, das in Ihrer Sportausr\u00fcstung nicht fehlen darf.<\/p>\n<h2>Hervorgehobene Funktionen<\/h2>\n<p><strong>-Exklusives Design mit Logo und Unterschrift von Bea Gonz\u00e1lez<\/strong><\/p>\n<p><strong>-Hergestellt aus starken und langlebigen Materialien<\/strong><\/p>\n<p><strong>-Zwei Hauptf\u00e4cher mit hochwertigen Rei\u00dfverschl\u00fcssen<\/strong><\/p>\n<p><strong>-Zus\u00e4tzliche Seitentasche f\u00fcr kleines Zubeh\u00f6r<\/strong><\/p>\n<p><strong>-Verst\u00e4rkter ergonomischer Griff f\u00fcr bequemen und sicheren Transport<\/strong><\/p>\n<h2>Vorteile der Bullpadel Pearl Kulturtasche<\/h2>\n<p><strong>-Garantierte Haltbarkeit<\/strong>: H\u00e4lt dem t\u00e4glichen Gebrauch stand, ohne seine Form oder Funktionalit\u00e4t zu verlieren.<\/p>\n<p><strong>-Effiziente Organisation<\/strong>: Ideal zum Tragen von Make-up, Armb\u00e4ndern, Overgrips oder anderen wichtigen Accessoires.<\/p>\n<p><strong>-Femininer und professioneller Stil<\/strong>: Entwickelt f\u00fcr Spieler, die Wert auf \u00c4sthetik legen, ohne auf Leistung zu verzichten.<\/p>\n<p><strong>-Absolute Vielseitigkeit<\/strong>: Verwenden Sie es sowohl auf als auch au\u00dferhalb des Spielfelds.<\/p>\n<h2>Warum diesen Kulturbeutel w\u00e4hlen?<\/h2>\n<p>Diese Kulturtasche eignet sich perfekt f\u00fcr anspruchsvolle Padel-Spieler und ist nicht nur ein Accessoire, sondern eine Erweiterung Ihres Stils auf und neben dem Platz. Es l\u00e4sst sich perfekt mit anderen Produkten der Bullpadel-Linie kombinieren und bietet ein einheitliches und professionelles Erscheinungsbild.<\/p>\n<p><strong>Holen Sie sich die Bullpadel Pearl White Damen-Kulturtasche<\/strong> und zeigen Sie Organisation, Eleganz und Qualit\u00e4t bei jedem Spiel.<\/p>\n<p>Erh\u00e4ltlich in unserem Online-Shop <a href=\"https:\/\/www.revolutionpadelstore.com\/\">www.revolutionpadelstore.com<\/a>, wahrscheinlich zum besten Preis auf dem Markt.<\/p>\n<h2>Neceser Bullpadel Pearl Blanco Mujer \u2013 Dise\u00f1o Exclusivo y M\u00e1xima Durabilidad<\/h2>\n","protected":false},"excerpt":{"rendered":"<p>Entdecken Sie die Bullpadel Pearl Kulturtasche f\u00fcr Damen in elegantem Wei\u00df. Sein mittelgro\u00dfes Design bietet Ihnen den perfekten Platz, um alles, was Sie brauchen, stilvoll zu transportieren. Es besteht aus hochwertigen Materialien und vereint Funktionalit\u00e4t, Haltbarkeit und einen raffinierten Touch in jedem Detail.<\/p>\n","protected":false},"featured_media":284773,"comment_status":"open","ping_status":"closed","template":"","meta":{"_acf_changed":false,"_joinchat":[]},"acabado":[],"balance":[],"dureza":[],"forma":[],"jugador":[],"marca":[1254],"nivel-de-juego":[],"superficie":[],"tipo-de-juego":[],"product_brand":[],"product_cat":[314],"product_tag":[],"class_list":{"0":"post-284761","1":"product","2":"type-product","3":"status-publish","4":"has-post-thumbnail","6":"marca-bullpadel-de","7":"product_cat-taschen","9":"first","10":"instock","11":"sale","12":"taxable","13":"shipping-taxable","14":"purchasable","15":"product-type-simple"},"acf":[],"yoast_head":"<!-- This site is optimized with the Yoast SEO plugin v27.4 - https:\/\/yoast.com\/product\/yoast-seo-wordpress\/ -->\n<title>NECESER BULLPADEL PEARL BLANCO MUJER - Revolution Padel Store<\/title>\n<meta name=\"description\" content=\"Descubre el Neceser Bullpadel Pearl Blanco Mujer con dise\u00f1o exclusivo de Bea Gonz\u00e1lez. Resistente, elegante y funcional. \u00a1C\u00f3mpralo online en Revolution Padel Store al mejor precio!\" \/>\n<meta name=\"robots\" content=\"index, follow, max-snippet:-1, max-image-preview:large, max-video-preview:-1\" \/>\n<link rel=\"canonical\" href=\"https:\/\/revolutionpadelstore.com\/de\/produkt\/neceser-bullpadel-pearl-blanco-mujer-1\/\" \/>\n<meta property=\"og:locale\" content=\"de_DE\" \/>\n<meta property=\"og:type\" content=\"article\" \/>\n<meta property=\"og:title\" content=\"NECESER BULLPADEL PEARL BLANCO MUJER - Revolution Padel Store\" \/>\n<meta property=\"og:description\" content=\"Descubre el Neceser Bullpadel Pearl Blanco Mujer con dise\u00f1o exclusivo de Bea Gonz\u00e1lez. Resistente, elegante y funcional. \u00a1C\u00f3mpralo online en Revolution Padel Store al mejor precio!\" \/>\n<meta property=\"og:url\" content=\"https:\/\/revolutionpadelstore.com\/de\/produkt\/neceser-bullpadel-pearl-blanco-mujer-1\/\" \/>\n<meta property=\"og:site_name\" content=\"Revolution Padel Store\" \/>\n<meta property=\"article:modified_time\" content=\"2026-04-08T01:10:13+00:00\" \/>\n<meta property=\"og:image\" content=\"https:\/\/revolutionpadelstore.com\/wp-content\/uploads\/2025\/10\/113802-neceser-bullpadel-hack-bpp25018-mujer-1000x1000-1.webp\" \/>\n\t<meta property=\"og:image:width\" content=\"1000\" \/>\n\t<meta property=\"og:image:height\" content=\"1000\" \/>\n\t<meta property=\"og:image:type\" content=\"image\/webp\" \/>\n<meta name=\"twitter:card\" content=\"summary_large_image\" \/>\n<meta name=\"twitter:label1\" content=\"Gesch\u00e4tzte Lesezeit\" \/>\n\t<meta name=\"twitter:data1\" content=\"1\u00a0Minute\" \/>\n<script type=\"application\/ld+json\" class=\"yoast-schema-graph\">{\"@context\":\"https:\\\/\\\/schema.org\",\"@graph\":[{\"@type\":\"WebPage\",\"@id\":\"https:\\\/\\\/revolutionpadelstore.com\\\/de\\\/produkt\\\/neceser-bullpadel-pearl-blanco-mujer-1\\\/\",\"url\":\"https:\\\/\\\/revolutionpadelstore.com\\\/de\\\/produkt\\\/neceser-bullpadel-pearl-blanco-mujer-1\\\/\",\"name\":\"NECESER BULLPADEL PEARL BLANCO MUJER - Revolution Padel Store\",\"isPartOf\":{\"@id\":\"https:\\\/\\\/revolutionpadelstore.com\\\/de\\\/#website\"},\"primaryImageOfPage\":{\"@id\":\"https:\\\/\\\/revolutionpadelstore.com\\\/de\\\/produkt\\\/neceser-bullpadel-pearl-blanco-mujer-1\\\/#primaryimage\"},\"image\":{\"@id\":\"https:\\\/\\\/revolutionpadelstore.com\\\/de\\\/produkt\\\/neceser-bullpadel-pearl-blanco-mujer-1\\\/#primaryimage\"},\"thumbnailUrl\":\"https:\\\/\\\/revolutionpadelstore.com\\\/wp-content\\\/uploads\\\/2025\\\/10\\\/113802-neceser-bullpadel-hack-bpp25018-mujer-1000x1000-1.webp\",\"datePublished\":\"2025-10-16T15:28:30+00:00\",\"dateModified\":\"2026-04-08T01:10:13+00:00\",\"description\":\"Descubre el Neceser Bullpadel Pearl Blanco Mujer con dise\u00f1o exclusivo de Bea Gonz\u00e1lez. Resistente, elegante y funcional. \u00a1C\u00f3mpralo online en Revolution Padel Store al mejor precio!\",\"breadcrumb\":{\"@id\":\"https:\\\/\\\/revolutionpadelstore.com\\\/de\\\/produkt\\\/neceser-bullpadel-pearl-blanco-mujer-1\\\/#breadcrumb\"},\"inLanguage\":\"de\",\"potentialAction\":[{\"@type\":\"ReadAction\",\"target\":[\"https:\\\/\\\/revolutionpadelstore.com\\\/de\\\/produkt\\\/neceser-bullpadel-pearl-blanco-mujer-1\\\/\"]}]},{\"@type\":\"ImageObject\",\"inLanguage\":\"de\",\"@id\":\"https:\\\/\\\/revolutionpadelstore.com\\\/de\\\/produkt\\\/neceser-bullpadel-pearl-blanco-mujer-1\\\/#primaryimage\",\"url\":\"https:\\\/\\\/revolutionpadelstore.com\\\/wp-content\\\/uploads\\\/2025\\\/10\\\/113802-neceser-bullpadel-hack-bpp25018-mujer-1000x1000-1.webp\",\"contentUrl\":\"https:\\\/\\\/revolutionpadelstore.com\\\/wp-content\\\/uploads\\\/2025\\\/10\\\/113802-neceser-bullpadel-hack-bpp25018-mujer-1000x1000-1.webp\",\"width\":1000,\"height\":1000},{\"@type\":\"BreadcrumbList\",\"@id\":\"https:\\\/\\\/revolutionpadelstore.com\\\/de\\\/produkt\\\/neceser-bullpadel-pearl-blanco-mujer-1\\\/#breadcrumb\",\"itemListElement\":[{\"@type\":\"ListItem\",\"position\":1,\"name\":\"Portada\",\"item\":\"https:\\\/\\\/revolutionpadelstore.com\\\/de\\\/\"},{\"@type\":\"ListItem\",\"position\":2,\"name\":\"Shop\",\"item\":\"https:\\\/\\\/revolutionpadelstore.com\\\/de\\\/tienda\\\/\"},{\"@type\":\"ListItem\",\"position\":3,\"name\":\"NECESER BULLPADEL PEARL BLANCO MUJER\"}]},{\"@type\":\"WebSite\",\"@id\":\"https:\\\/\\\/revolutionpadelstore.com\\\/de\\\/#website\",\"url\":\"https:\\\/\\\/revolutionpadelstore.com\\\/de\\\/\",\"name\":\"Revolution Padel Store\",\"description\":\"\",\"publisher\":{\"@id\":\"https:\\\/\\\/revolutionpadelstore.com\\\/de\\\/#organization\"},\"potentialAction\":[{\"@type\":\"SearchAction\",\"target\":{\"@type\":\"EntryPoint\",\"urlTemplate\":\"https:\\\/\\\/revolutionpadelstore.com\\\/de\\\/?s={search_term_string}\"},\"query-input\":{\"@type\":\"PropertyValueSpecification\",\"valueRequired\":true,\"valueName\":\"search_term_string\"}}],\"inLanguage\":\"de\"},{\"@type\":\"Organization\",\"@id\":\"https:\\\/\\\/revolutionpadelstore.com\\\/de\\\/#organization\",\"name\":\"Revolution Padel Store\",\"url\":\"https:\\\/\\\/revolutionpadelstore.com\\\/de\\\/\",\"logo\":{\"@type\":\"ImageObject\",\"inLanguage\":\"de\",\"@id\":\"https:\\\/\\\/revolutionpadelstore.com\\\/de\\\/#\\\/schema\\\/logo\\\/image\\\/\",\"url\":\"https:\\\/\\\/revolutionpadelstore.com\\\/wp-content\\\/uploads\\\/2026\\\/02\\\/revolution-padel-store.jpg\",\"contentUrl\":\"https:\\\/\\\/revolutionpadelstore.com\\\/wp-content\\\/uploads\\\/2026\\\/02\\\/revolution-padel-store.jpg\",\"width\":2000,\"height\":2000,\"caption\":\"Revolution Padel Store\"},\"image\":{\"@id\":\"https:\\\/\\\/revolutionpadelstore.com\\\/de\\\/#\\\/schema\\\/logo\\\/image\\\/\"},\"sameAs\":[\"https:\\\/\\\/www.instagram.com\\\/revolutionpadelstore\\\/\"]}]}<\/script>\n<!-- \/ Yoast SEO plugin. -->","yoast_head_json":{"title":"NECESER BULLPADEL PEARL BLANCO MUJER - Revolution Padel Store","description":"Descubre el Neceser Bullpadel Pearl Blanco Mujer con dise\u00f1o exclusivo de Bea Gonz\u00e1lez. Resistente, elegante y funcional. \u00a1C\u00f3mpralo online en Revolution Padel Store al mejor precio!","robots":{"index":"index","follow":"follow","max-snippet":"max-snippet:-1","max-image-preview":"max-image-preview:large","max-video-preview":"max-video-preview:-1"},"canonical":"https:\/\/revolutionpadelstore.com\/de\/produkt\/neceser-bullpadel-pearl-blanco-mujer-1\/","og_locale":"de_DE","og_type":"article","og_title":"NECESER BULLPADEL PEARL BLANCO MUJER - Revolution Padel Store","og_description":"Descubre el Neceser Bullpadel Pearl Blanco Mujer con dise\u00f1o exclusivo de Bea Gonz\u00e1lez. Resistente, elegante y funcional. \u00a1C\u00f3mpralo online en Revolution Padel Store al mejor precio!","og_url":"https:\/\/revolutionpadelstore.com\/de\/produkt\/neceser-bullpadel-pearl-blanco-mujer-1\/","og_site_name":"Revolution Padel Store","article_modified_time":"2026-04-08T01:10:13+00:00","og_image":[{"width":1000,"height":1000,"url":"https:\/\/revolutionpadelstore.com\/wp-content\/uploads\/2025\/10\/113802-neceser-bullpadel-hack-bpp25018-mujer-1000x1000-1.webp","type":"image\/webp"}],"twitter_card":"summary_large_image","twitter_misc":{"Gesch\u00e4tzte Lesezeit":"1\u00a0Minute"},"schema":{"@context":"https:\/\/schema.org","@graph":[{"@type":"WebPage","@id":"https:\/\/revolutionpadelstore.com\/de\/produkt\/neceser-bullpadel-pearl-blanco-mujer-1\/","url":"https:\/\/revolutionpadelstore.com\/de\/produkt\/neceser-bullpadel-pearl-blanco-mujer-1\/","name":"NECESER BULLPADEL PEARL BLANCO MUJER - Revolution Padel Store","isPartOf":{"@id":"https:\/\/revolutionpadelstore.com\/de\/#website"},"primaryImageOfPage":{"@id":"https:\/\/revolutionpadelstore.com\/de\/produkt\/neceser-bullpadel-pearl-blanco-mujer-1\/#primaryimage"},"image":{"@id":"https:\/\/revolutionpadelstore.com\/de\/produkt\/neceser-bullpadel-pearl-blanco-mujer-1\/#primaryimage"},"thumbnailUrl":"https:\/\/revolutionpadelstore.com\/wp-content\/uploads\/2025\/10\/113802-neceser-bullpadel-hack-bpp25018-mujer-1000x1000-1.webp","datePublished":"2025-10-16T15:28:30+00:00","dateModified":"2026-04-08T01:10:13+00:00","description":"Descubre el Neceser Bullpadel Pearl Blanco Mujer con dise\u00f1o exclusivo de Bea Gonz\u00e1lez. Resistente, elegante y funcional. \u00a1C\u00f3mpralo online en Revolution Padel Store al mejor precio!","breadcrumb":{"@id":"https:\/\/revolutionpadelstore.com\/de\/produkt\/neceser-bullpadel-pearl-blanco-mujer-1\/#breadcrumb"},"inLanguage":"de","potentialAction":[{"@type":"ReadAction","target":["https:\/\/revolutionpadelstore.com\/de\/produkt\/neceser-bullpadel-pearl-blanco-mujer-1\/"]}]},{"@type":"ImageObject","inLanguage":"de","@id":"https:\/\/revolutionpadelstore.com\/de\/produkt\/neceser-bullpadel-pearl-blanco-mujer-1\/#primaryimage","url":"https:\/\/revolutionpadelstore.com\/wp-content\/uploads\/2025\/10\/113802-neceser-bullpadel-hack-bpp25018-mujer-1000x1000-1.webp","contentUrl":"https:\/\/revolutionpadelstore.com\/wp-content\/uploads\/2025\/10\/113802-neceser-bullpadel-hack-bpp25018-mujer-1000x1000-1.webp","width":1000,"height":1000},{"@type":"BreadcrumbList","@id":"https:\/\/revolutionpadelstore.com\/de\/produkt\/neceser-bullpadel-pearl-blanco-mujer-1\/#breadcrumb","itemListElement":[{"@type":"ListItem","position":1,"name":"Portada","item":"https:\/\/revolutionpadelstore.com\/de\/"},{"@type":"ListItem","position":2,"name":"Shop","item":"https:\/\/revolutionpadelstore.com\/de\/tienda\/"},{"@type":"ListItem","position":3,"name":"NECESER BULLPADEL PEARL BLANCO MUJER"}]},{"@type":"WebSite","@id":"https:\/\/revolutionpadelstore.com\/de\/#website","url":"https:\/\/revolutionpadelstore.com\/de\/","name":"Revolution Padel Store","description":"","publisher":{"@id":"https:\/\/revolutionpadelstore.com\/de\/#organization"},"potentialAction":[{"@type":"SearchAction","target":{"@type":"EntryPoint","urlTemplate":"https:\/\/revolutionpadelstore.com\/de\/?s={search_term_string}"},"query-input":{"@type":"PropertyValueSpecification","valueRequired":true,"valueName":"search_term_string"}}],"inLanguage":"de"},{"@type":"Organization","@id":"https:\/\/revolutionpadelstore.com\/de\/#organization","name":"Revolution Padel Store","url":"https:\/\/revolutionpadelstore.com\/de\/","logo":{"@type":"ImageObject","inLanguage":"de","@id":"https:\/\/revolutionpadelstore.com\/de\/#\/schema\/logo\/image\/","url":"https:\/\/revolutionpadelstore.com\/wp-content\/uploads\/2026\/02\/revolution-padel-store.jpg","contentUrl":"https:\/\/revolutionpadelstore.com\/wp-content\/uploads\/2026\/02\/revolution-padel-store.jpg","width":2000,"height":2000,"caption":"Revolution Padel Store"},"image":{"@id":"https:\/\/revolutionpadelstore.com\/de\/#\/schema\/logo\/image\/"},"sameAs":["https:\/\/www.instagram.com\/revolutionpadelstore\/"]}]}},"_links":{"self":[{"href":"https:\/\/revolutionpadelstore.com\/de\/wp-json\/wp\/v2\/product\/284761","targetHints":{"allow":["GET"]}}],"collection":[{"href":"https:\/\/revolutionpadelstore.com\/de\/wp-json\/wp\/v2\/product"}],"about":[{"href":"https:\/\/revolutionpadelstore.com\/de\/wp-json\/wp\/v2\/types\/product"}],"replies":[{"embeddable":true,"href":"https:\/\/revolutionpadelstore.com\/de\/wp-json\/wp\/v2\/comments?post=284761"}],"wp:featuredmedia":[{"embeddable":true,"href":"https:\/\/revolutionpadelstore.com\/de\/wp-json\/wp\/v2\/media\/284773"}],"wp:attachment":[{"href":"https:\/\/revolutionpadelstore.com\/de\/wp-json\/wp\/v2\/media?parent=284761"}],"wp:term":[{"taxonomy":"acabado","embeddable":true,"href":"https:\/\/revolutionpadelstore.com\/de\/wp-json\/wp\/v2\/acabado?post=284761"},{"taxonomy":"balance","embeddable":true,"href":"https:\/\/revolutionpadelstore.com\/de\/wp-json\/wp\/v2\/balance?post=284761"},{"taxonomy":"dureza","embeddable":true,"href":"https:\/\/revolutionpadelstore.com\/de\/wp-json\/wp\/v2\/dureza?post=284761"},{"taxonomy":"forma","embeddable":true,"href":"https:\/\/revolutionpadelstore.com\/de\/wp-json\/wp\/v2\/forma?post=284761"},{"taxonomy":"jugador","embeddable":true,"href":"https:\/\/revolutionpadelstore.com\/de\/wp-json\/wp\/v2\/jugador?post=284761"},{"taxonomy":"marca","embeddable":true,"href":"https:\/\/revolutionpadelstore.com\/de\/wp-json\/wp\/v2\/marca?post=284761"},{"taxonomy":"nivel-de-juego","embeddable":true,"href":"https:\/\/revolutionpadelstore.com\/de\/wp-json\/wp\/v2\/nivel-de-juego?post=284761"},{"taxonomy":"superficie","embeddable":true,"href":"https:\/\/revolutionpadelstore.com\/de\/wp-json\/wp\/v2\/superficie?post=284761"},{"taxonomy":"tipo-de-juego","embeddable":true,"href":"https:\/\/revolutionpadelstore.com\/de\/wp-json\/wp\/v2\/tipo-de-juego?post=284761"},{"taxonomy":"product_brand","embeddable":true,"href":"https:\/\/revolutionpadelstore.com\/de\/wp-json\/wp\/v2\/product_brand?post=284761"},{"taxonomy":"product_cat","embeddable":true,"href":"https:\/\/revolutionpadelstore.com\/de\/wp-json\/wp\/v2\/product_cat?post=284761"},{"taxonomy":"product_tag","embeddable":true,"href":"https:\/\/revolutionpadelstore.com\/de\/wp-json\/wp\/v2\/product_tag?post=284761"}],"curies":[{"name":"wp","href":"https:\/\/api.w.org\/{rel}","templated":true}]}}