{"id":284743,"date":"2025-10-16T01:35:09","date_gmt":"2025-10-15T23:35:09","guid":{"rendered":"https:\/\/revolutionpadelstore.com\/mochila-coello-tour-padel-backpack-25l\/"},"modified":"2026-04-08T03:10:44","modified_gmt":"2026-04-08T01:10:44","slug":"mochila-coello-tour-padel-backpack-25l-1","status":"publish","type":"product","link":"https:\/\/revolutionpadelstore.com\/de\/produkt\/mochila-coello-tour-padel-backpack-25l-1\/","title":{"rendered":"MOCHILA COELLO TOUR PADEL BACKPACK 25L"},"content":{"rendered":"<h2>Head Coello Tour 25L Paddelrucksack \u2013 Exklusivit\u00e4t und Stil, signiert von King Arthur<\/h2>\n<p>Der <strong>Head Coello Tour 25L Rucksack<\/strong> ist viel mehr als ein Sportaccessoire: Er ist ein Statement f\u00fcr Stil und Exklusivit\u00e4t, das gemeinsam mit dem Champion Arturo Coello entworfen wurde. Von der Rennstrecke bis zum t\u00e4glichen Leben in der Stadt zeichnet sich dieser Rucksack durch seine erstklassige \u00c4sthetik, anspruchsvolle Verarbeitung und fortschrittliche Funktionalit\u00e4t f\u00fcr anspruchsvolle Spieler aus.<\/p>\n<h2>Exklusive Coello-Edition: Design mit Identit\u00e4t<\/h2>\n<p>Es ist Teil der exklusiven <strong>Head x Arturo Coello<\/strong>-Kollektion, bei der jedes Detail zusammen mit dem Spieler selbst sorgf\u00e4ltig durchdacht wurde. Sein elegantes schwarzes Design wird durch das <strong>HEAD-Logo in Silberton<\/strong>, die <strong>tiefrote Innenseite<\/strong> (einer von Coellos Favoriten) und die ikonische gl\u00e4nzende Krone an der Seite, die sein Wesen auf dem Platz repr\u00e4sentiert, hervorgehoben. Die Kronen an den gepolsterten Tr\u00e4gern runden den Look mit einem unverkennbaren Premium-Touch ab.<\/p>\n<h2>Funktionalit\u00e4t und Komfort f\u00fcr den Alltag<\/h2>\n<p><strong>-Kapazit\u00e4t f\u00fcr 1-2 Padelschl\u00e4ger<\/strong><\/p>\n<p><strong>-Unabh\u00e4ngiges Fach f\u00fcr Turnschuhe oder gebrauchte Kleidung<\/strong><\/p>\n<p><strong>-Gro\u00dfer Innenraum mit schnellem Zugriff<\/strong><\/p>\n<p><strong>-Au\u00dfentasche mit Rei\u00dfverschluss f\u00fcr pers\u00f6nliche Gegenst\u00e4nde<\/strong><\/p>\n<p><strong>-2 seitliche Netztaschen f\u00fcr Zubeh\u00f6r oder Flaschen<\/strong><\/p>\n<p><strong>-Neues Polstersystem f\u00fcr mehr Stabilit\u00e4t und Komfort beim Transport<\/strong><\/p>\n<p>-Perfekt sowohl zum Training als auch zum Mitnehmen zur Arbeit oder Universit\u00e4t, sein ergonomisches Design garantiert jederzeit Komfort.<\/p>\n<h2>Der Nachhaltigkeit verpflichtet<\/h2>\n<p>Der Rucksack enth\u00e4lt nachhaltige Details wie:<\/p>\n<p><strong>Etikett aus Recyclingpapier mit Hanfschnur<\/strong><\/p>\n<p><strong>Verpackung in einer recycelten Kunststoffh\u00fclle<\/strong>, eine Option, die \u00f6kologische Verantwortung mit hoher sportlicher Leistung verbindet.<\/p>\n<h2>Ideal f\u00fcr diejenigen, die Folgendes suchen:<\/h2>\n<p>-Paddelrucks\u00e4cke mit exklusivem Stil<\/p>\n<p>-Produkte f\u00fcr professionelle Spieler<\/p>\n<p>-Komfortables und funktionelles Padel-Zubeh\u00f6r<\/p>\n<p>-High-End-Padel-Ausr\u00fcstung<\/p>\n<h2>Kaufen Sie jetzt den Head Coello Tour 25L Rucksack!<\/h2>\n<p>Holen Sie sich diesen einzigartigen Rucksack in unserem Online-Shop <a href=\"https:\/\/www.revolutionpadelstore.com\/\">www.revolutionpadelstore.com<\/a>, <strong>wahrscheinlich zum besten Preis auf dem Markt<\/strong>. Geben Sie noch heute Ihre Bestellung auf und tragen Sie den Geist von \u201eK\u00f6nig Artus\u201c auf und neben dem Platz mit sich.<\/p>\n<h2>Mochila de P\u00e1del Head Coello Tour 25L \u2013 Exclusividad y estilo firmados por el Rey Arturo<\/h2>\n","protected":false},"excerpt":{"rendered":"<p>Vom Tennisplatz bis in die Stadt und wohin der Tag Sie auch f\u00fchrt, der <strong data-start=\"231\" data-end=\"267\">COELLO TOUR 25L PADEL-RUCKSACK<\/strong> zeichnet sich durch sein elegantes und unverwechselbares Design aus.<strong data-start=\"231\" data-end=\"267\">MOCHILA DE P\u00c1DEL COELLO TOUR 25L<\/strong><\/p>\n","protected":false},"featured_media":284749,"comment_status":"open","ping_status":"closed","template":"","meta":{"_acf_changed":false,"_joinchat":[]},"acabado":[],"balance":[],"dureza":[],"forma":[],"jugador":[],"marca":[1219],"nivel-de-juego":[],"superficie":[],"tipo-de-juego":[],"product_brand":[],"product_cat":[314],"product_tag":[],"class_list":{"0":"post-284743","1":"product","2":"type-product","3":"status-publish","4":"has-post-thumbnail","6":"marca-kopf","7":"product_cat-taschen","9":"first","10":"instock","11":"sale","12":"taxable","13":"shipping-taxable","14":"purchasable","15":"product-type-simple"},"acf":[],"yoast_head":"<!-- This site is optimized with the Yoast SEO plugin v27.4 - https:\/\/yoast.com\/product\/yoast-seo-wordpress\/ -->\n<title>MOCHILA COELLO TOUR PADEL BACKPACK 25L - Revolution Padel Store<\/title>\n<meta name=\"description\" content=\"Descubre la mochila de p\u00e1del Head Coello Tour 25L, dise\u00f1ada junto a Arturo Coello. Estilo premium, capacidad para 2 palas, compartimento para zapatillas y detalles sostenibles. Disponible en www.revolutionpadelstore.com al mejor precio\" \/>\n<meta name=\"robots\" content=\"index, follow, max-snippet:-1, max-image-preview:large, max-video-preview:-1\" \/>\n<link rel=\"canonical\" href=\"https:\/\/revolutionpadelstore.com\/de\/produkt\/mochila-coello-tour-padel-backpack-25l-1\/\" \/>\n<meta property=\"og:locale\" content=\"de_DE\" \/>\n<meta property=\"og:type\" content=\"article\" \/>\n<meta property=\"og:title\" content=\"MOCHILA COELLO TOUR PADEL BACKPACK 25L - Revolution Padel Store\" \/>\n<meta property=\"og:description\" content=\"Descubre la mochila de p\u00e1del Head Coello Tour 25L, dise\u00f1ada junto a Arturo Coello. Estilo premium, capacidad para 2 palas, compartimento para zapatillas y detalles sostenibles. Disponible en www.revolutionpadelstore.com al mejor precio\" \/>\n<meta property=\"og:url\" content=\"https:\/\/revolutionpadelstore.com\/de\/produkt\/mochila-coello-tour-padel-backpack-25l-1\/\" \/>\n<meta property=\"og:site_name\" content=\"Revolution Padel Store\" \/>\n<meta property=\"article:modified_time\" content=\"2026-04-08T01:10:44+00:00\" \/>\n<meta property=\"og:image\" content=\"https:\/\/revolutionpadelstore.com\/wp-content\/uploads\/2025\/10\/486.png\" \/>\n\t<meta property=\"og:image:width\" content=\"1500\" \/>\n\t<meta property=\"og:image:height\" content=\"1500\" \/>\n\t<meta property=\"og:image:type\" content=\"image\/png\" \/>\n<meta name=\"twitter:card\" content=\"summary_large_image\" \/>\n<meta name=\"twitter:label1\" content=\"Gesch\u00e4tzte Lesezeit\" \/>\n\t<meta name=\"twitter:data1\" content=\"2\u00a0Minuten\" \/>\n<script type=\"application\/ld+json\" class=\"yoast-schema-graph\">{\"@context\":\"https:\\\/\\\/schema.org\",\"@graph\":[{\"@type\":\"WebPage\",\"@id\":\"https:\\\/\\\/revolutionpadelstore.com\\\/de\\\/produkt\\\/mochila-coello-tour-padel-backpack-25l-1\\\/\",\"url\":\"https:\\\/\\\/revolutionpadelstore.com\\\/de\\\/produkt\\\/mochila-coello-tour-padel-backpack-25l-1\\\/\",\"name\":\"MOCHILA COELLO TOUR PADEL BACKPACK 25L - Revolution Padel Store\",\"isPartOf\":{\"@id\":\"https:\\\/\\\/revolutionpadelstore.com\\\/de\\\/#website\"},\"primaryImageOfPage\":{\"@id\":\"https:\\\/\\\/revolutionpadelstore.com\\\/de\\\/produkt\\\/mochila-coello-tour-padel-backpack-25l-1\\\/#primaryimage\"},\"image\":{\"@id\":\"https:\\\/\\\/revolutionpadelstore.com\\\/de\\\/produkt\\\/mochila-coello-tour-padel-backpack-25l-1\\\/#primaryimage\"},\"thumbnailUrl\":\"https:\\\/\\\/revolutionpadelstore.com\\\/wp-content\\\/uploads\\\/2025\\\/10\\\/486.png\",\"datePublished\":\"2025-10-15T23:35:09+00:00\",\"dateModified\":\"2026-04-08T01:10:44+00:00\",\"description\":\"Descubre la mochila de p\u00e1del Head Coello Tour 25L, dise\u00f1ada junto a Arturo Coello. Estilo premium, capacidad para 2 palas, compartimento para zapatillas y detalles sostenibles. Disponible en www.revolutionpadelstore.com al mejor precio\",\"breadcrumb\":{\"@id\":\"https:\\\/\\\/revolutionpadelstore.com\\\/de\\\/produkt\\\/mochila-coello-tour-padel-backpack-25l-1\\\/#breadcrumb\"},\"inLanguage\":\"de\",\"potentialAction\":[{\"@type\":\"ReadAction\",\"target\":[\"https:\\\/\\\/revolutionpadelstore.com\\\/de\\\/produkt\\\/mochila-coello-tour-padel-backpack-25l-1\\\/\"]}]},{\"@type\":\"ImageObject\",\"inLanguage\":\"de\",\"@id\":\"https:\\\/\\\/revolutionpadelstore.com\\\/de\\\/produkt\\\/mochila-coello-tour-padel-backpack-25l-1\\\/#primaryimage\",\"url\":\"https:\\\/\\\/revolutionpadelstore.com\\\/wp-content\\\/uploads\\\/2025\\\/10\\\/486.png\",\"contentUrl\":\"https:\\\/\\\/revolutionpadelstore.com\\\/wp-content\\\/uploads\\\/2025\\\/10\\\/486.png\",\"width\":1500,\"height\":1500},{\"@type\":\"BreadcrumbList\",\"@id\":\"https:\\\/\\\/revolutionpadelstore.com\\\/de\\\/produkt\\\/mochila-coello-tour-padel-backpack-25l-1\\\/#breadcrumb\",\"itemListElement\":[{\"@type\":\"ListItem\",\"position\":1,\"name\":\"Portada\",\"item\":\"https:\\\/\\\/revolutionpadelstore.com\\\/de\\\/\"},{\"@type\":\"ListItem\",\"position\":2,\"name\":\"Shop\",\"item\":\"https:\\\/\\\/revolutionpadelstore.com\\\/de\\\/tienda\\\/\"},{\"@type\":\"ListItem\",\"position\":3,\"name\":\"MOCHILA COELLO TOUR PADEL BACKPACK 25L\"}]},{\"@type\":\"WebSite\",\"@id\":\"https:\\\/\\\/revolutionpadelstore.com\\\/de\\\/#website\",\"url\":\"https:\\\/\\\/revolutionpadelstore.com\\\/de\\\/\",\"name\":\"Revolution Padel Store\",\"description\":\"\",\"publisher\":{\"@id\":\"https:\\\/\\\/revolutionpadelstore.com\\\/de\\\/#organization\"},\"potentialAction\":[{\"@type\":\"SearchAction\",\"target\":{\"@type\":\"EntryPoint\",\"urlTemplate\":\"https:\\\/\\\/revolutionpadelstore.com\\\/de\\\/?s={search_term_string}\"},\"query-input\":{\"@type\":\"PropertyValueSpecification\",\"valueRequired\":true,\"valueName\":\"search_term_string\"}}],\"inLanguage\":\"de\"},{\"@type\":\"Organization\",\"@id\":\"https:\\\/\\\/revolutionpadelstore.com\\\/de\\\/#organization\",\"name\":\"Revolution Padel Store\",\"url\":\"https:\\\/\\\/revolutionpadelstore.com\\\/de\\\/\",\"logo\":{\"@type\":\"ImageObject\",\"inLanguage\":\"de\",\"@id\":\"https:\\\/\\\/revolutionpadelstore.com\\\/de\\\/#\\\/schema\\\/logo\\\/image\\\/\",\"url\":\"https:\\\/\\\/revolutionpadelstore.com\\\/wp-content\\\/uploads\\\/2026\\\/02\\\/revolution-padel-store.jpg\",\"contentUrl\":\"https:\\\/\\\/revolutionpadelstore.com\\\/wp-content\\\/uploads\\\/2026\\\/02\\\/revolution-padel-store.jpg\",\"width\":2000,\"height\":2000,\"caption\":\"Revolution Padel Store\"},\"image\":{\"@id\":\"https:\\\/\\\/revolutionpadelstore.com\\\/de\\\/#\\\/schema\\\/logo\\\/image\\\/\"},\"sameAs\":[\"https:\\\/\\\/www.instagram.com\\\/revolutionpadelstore\\\/\"]}]}<\/script>\n<!-- \/ Yoast SEO plugin. -->","yoast_head_json":{"title":"MOCHILA COELLO TOUR PADEL BACKPACK 25L - Revolution Padel Store","description":"Descubre la mochila de p\u00e1del Head Coello Tour 25L, dise\u00f1ada junto a Arturo Coello. Estilo premium, capacidad para 2 palas, compartimento para zapatillas y detalles sostenibles. Disponible en www.revolutionpadelstore.com al mejor precio","robots":{"index":"index","follow":"follow","max-snippet":"max-snippet:-1","max-image-preview":"max-image-preview:large","max-video-preview":"max-video-preview:-1"},"canonical":"https:\/\/revolutionpadelstore.com\/de\/produkt\/mochila-coello-tour-padel-backpack-25l-1\/","og_locale":"de_DE","og_type":"article","og_title":"MOCHILA COELLO TOUR PADEL BACKPACK 25L - Revolution Padel Store","og_description":"Descubre la mochila de p\u00e1del Head Coello Tour 25L, dise\u00f1ada junto a Arturo Coello. Estilo premium, capacidad para 2 palas, compartimento para zapatillas y detalles sostenibles. Disponible en www.revolutionpadelstore.com al mejor precio","og_url":"https:\/\/revolutionpadelstore.com\/de\/produkt\/mochila-coello-tour-padel-backpack-25l-1\/","og_site_name":"Revolution Padel Store","article_modified_time":"2026-04-08T01:10:44+00:00","og_image":[{"width":1500,"height":1500,"url":"https:\/\/revolutionpadelstore.com\/wp-content\/uploads\/2025\/10\/486.png","type":"image\/png"}],"twitter_card":"summary_large_image","twitter_misc":{"Gesch\u00e4tzte Lesezeit":"2\u00a0Minuten"},"schema":{"@context":"https:\/\/schema.org","@graph":[{"@type":"WebPage","@id":"https:\/\/revolutionpadelstore.com\/de\/produkt\/mochila-coello-tour-padel-backpack-25l-1\/","url":"https:\/\/revolutionpadelstore.com\/de\/produkt\/mochila-coello-tour-padel-backpack-25l-1\/","name":"MOCHILA COELLO TOUR PADEL BACKPACK 25L - Revolution Padel Store","isPartOf":{"@id":"https:\/\/revolutionpadelstore.com\/de\/#website"},"primaryImageOfPage":{"@id":"https:\/\/revolutionpadelstore.com\/de\/produkt\/mochila-coello-tour-padel-backpack-25l-1\/#primaryimage"},"image":{"@id":"https:\/\/revolutionpadelstore.com\/de\/produkt\/mochila-coello-tour-padel-backpack-25l-1\/#primaryimage"},"thumbnailUrl":"https:\/\/revolutionpadelstore.com\/wp-content\/uploads\/2025\/10\/486.png","datePublished":"2025-10-15T23:35:09+00:00","dateModified":"2026-04-08T01:10:44+00:00","description":"Descubre la mochila de p\u00e1del Head Coello Tour 25L, dise\u00f1ada junto a Arturo Coello. Estilo premium, capacidad para 2 palas, compartimento para zapatillas y detalles sostenibles. Disponible en www.revolutionpadelstore.com al mejor precio","breadcrumb":{"@id":"https:\/\/revolutionpadelstore.com\/de\/produkt\/mochila-coello-tour-padel-backpack-25l-1\/#breadcrumb"},"inLanguage":"de","potentialAction":[{"@type":"ReadAction","target":["https:\/\/revolutionpadelstore.com\/de\/produkt\/mochila-coello-tour-padel-backpack-25l-1\/"]}]},{"@type":"ImageObject","inLanguage":"de","@id":"https:\/\/revolutionpadelstore.com\/de\/produkt\/mochila-coello-tour-padel-backpack-25l-1\/#primaryimage","url":"https:\/\/revolutionpadelstore.com\/wp-content\/uploads\/2025\/10\/486.png","contentUrl":"https:\/\/revolutionpadelstore.com\/wp-content\/uploads\/2025\/10\/486.png","width":1500,"height":1500},{"@type":"BreadcrumbList","@id":"https:\/\/revolutionpadelstore.com\/de\/produkt\/mochila-coello-tour-padel-backpack-25l-1\/#breadcrumb","itemListElement":[{"@type":"ListItem","position":1,"name":"Portada","item":"https:\/\/revolutionpadelstore.com\/de\/"},{"@type":"ListItem","position":2,"name":"Shop","item":"https:\/\/revolutionpadelstore.com\/de\/tienda\/"},{"@type":"ListItem","position":3,"name":"MOCHILA COELLO TOUR PADEL BACKPACK 25L"}]},{"@type":"WebSite","@id":"https:\/\/revolutionpadelstore.com\/de\/#website","url":"https:\/\/revolutionpadelstore.com\/de\/","name":"Revolution Padel Store","description":"","publisher":{"@id":"https:\/\/revolutionpadelstore.com\/de\/#organization"},"potentialAction":[{"@type":"SearchAction","target":{"@type":"EntryPoint","urlTemplate":"https:\/\/revolutionpadelstore.com\/de\/?s={search_term_string}"},"query-input":{"@type":"PropertyValueSpecification","valueRequired":true,"valueName":"search_term_string"}}],"inLanguage":"de"},{"@type":"Organization","@id":"https:\/\/revolutionpadelstore.com\/de\/#organization","name":"Revolution Padel Store","url":"https:\/\/revolutionpadelstore.com\/de\/","logo":{"@type":"ImageObject","inLanguage":"de","@id":"https:\/\/revolutionpadelstore.com\/de\/#\/schema\/logo\/image\/","url":"https:\/\/revolutionpadelstore.com\/wp-content\/uploads\/2026\/02\/revolution-padel-store.jpg","contentUrl":"https:\/\/revolutionpadelstore.com\/wp-content\/uploads\/2026\/02\/revolution-padel-store.jpg","width":2000,"height":2000,"caption":"Revolution Padel Store"},"image":{"@id":"https:\/\/revolutionpadelstore.com\/de\/#\/schema\/logo\/image\/"},"sameAs":["https:\/\/www.instagram.com\/revolutionpadelstore\/"]}]}},"_links":{"self":[{"href":"https:\/\/revolutionpadelstore.com\/de\/wp-json\/wp\/v2\/product\/284743","targetHints":{"allow":["GET"]}}],"collection":[{"href":"https:\/\/revolutionpadelstore.com\/de\/wp-json\/wp\/v2\/product"}],"about":[{"href":"https:\/\/revolutionpadelstore.com\/de\/wp-json\/wp\/v2\/types\/product"}],"replies":[{"embeddable":true,"href":"https:\/\/revolutionpadelstore.com\/de\/wp-json\/wp\/v2\/comments?post=284743"}],"wp:featuredmedia":[{"embeddable":true,"href":"https:\/\/revolutionpadelstore.com\/de\/wp-json\/wp\/v2\/media\/284749"}],"wp:attachment":[{"href":"https:\/\/revolutionpadelstore.com\/de\/wp-json\/wp\/v2\/media?parent=284743"}],"wp:term":[{"taxonomy":"acabado","embeddable":true,"href":"https:\/\/revolutionpadelstore.com\/de\/wp-json\/wp\/v2\/acabado?post=284743"},{"taxonomy":"balance","embeddable":true,"href":"https:\/\/revolutionpadelstore.com\/de\/wp-json\/wp\/v2\/balance?post=284743"},{"taxonomy":"dureza","embeddable":true,"href":"https:\/\/revolutionpadelstore.com\/de\/wp-json\/wp\/v2\/dureza?post=284743"},{"taxonomy":"forma","embeddable":true,"href":"https:\/\/revolutionpadelstore.com\/de\/wp-json\/wp\/v2\/forma?post=284743"},{"taxonomy":"jugador","embeddable":true,"href":"https:\/\/revolutionpadelstore.com\/de\/wp-json\/wp\/v2\/jugador?post=284743"},{"taxonomy":"marca","embeddable":true,"href":"https:\/\/revolutionpadelstore.com\/de\/wp-json\/wp\/v2\/marca?post=284743"},{"taxonomy":"nivel-de-juego","embeddable":true,"href":"https:\/\/revolutionpadelstore.com\/de\/wp-json\/wp\/v2\/nivel-de-juego?post=284743"},{"taxonomy":"superficie","embeddable":true,"href":"https:\/\/revolutionpadelstore.com\/de\/wp-json\/wp\/v2\/superficie?post=284743"},{"taxonomy":"tipo-de-juego","embeddable":true,"href":"https:\/\/revolutionpadelstore.com\/de\/wp-json\/wp\/v2\/tipo-de-juego?post=284743"},{"taxonomy":"product_brand","embeddable":true,"href":"https:\/\/revolutionpadelstore.com\/de\/wp-json\/wp\/v2\/product_brand?post=284743"},{"taxonomy":"product_cat","embeddable":true,"href":"https:\/\/revolutionpadelstore.com\/de\/wp-json\/wp\/v2\/product_cat?post=284743"},{"taxonomy":"product_tag","embeddable":true,"href":"https:\/\/revolutionpadelstore.com\/de\/wp-json\/wp\/v2\/product_tag?post=284743"}],"curies":[{"name":"wp","href":"https:\/\/api.w.org\/{rel}","templated":true}]}}