{"id":271523,"date":"2025-08-10T18:42:44","date_gmt":"2025-08-10T16:42:44","guid":{"rendered":"https:\/\/revolutionpadelstore.com\/wilson-bela-ls-v3\/"},"modified":"2026-04-08T04:35:59","modified_gmt":"2026-04-08T02:35:59","slug":"wilson-bela-ls-v3","status":"publish","type":"product","link":"https:\/\/revolutionpadelstore.com\/de\/produkt\/wilson-bela-ls-v3\/","title":{"rendered":"WILSON BELA LS V3"},"content":{"rendered":"<h2><strong>Wilson Bela LS V3 \u2013 Power und Kontrolle f\u00fcr anspruchsvolle Spieler<\/strong><\/h2>\n<p>Der <strong>Wilson Bela LS V3 Padelschl\u00e4ger<\/strong> kombiniert Kraft, Kontrolle und innovatives Design und ist ideal f\u00fcr <strong>fortgeschrittene und fortgeschrittene<\/strong> Spieler, die ihre Leistung auf dem Platz steigern m\u00f6chten. Sein Tropfenformat bietet eine perfekte Balance zwischen Vielseitigkeit und Pr\u00e4zision, w\u00e4hrend seine <strong>355 Gramm<\/strong> und die ausgewogene Balance leichte und kontrollierte Schl\u00e4ge garantieren.<\/p>\n<p>Hergestellt aus einem <strong>Rahmen aus 100 % Carbon<\/strong> und einer <strong>Hybrid-Carbon- und Glasfaseroberfl\u00e4che<\/strong>, bietet es ein festes und langlebiges Ansprechverhalten, perfekt f\u00fcr intensive Matches. Der <strong>Power Foam<\/strong>-Kern absorbiert Vibrationen und mildert den Aufprall, schont so die Gelenke und bietet mehr Komfort bei jedem Schlag.<\/p>\n<h2><strong>Design und Technologie f\u00fcr ein erfolgreiches Spiel<\/strong><\/h2>\n<p><strong>-Teardrop-Format<\/strong>: gr\u00f6\u00dfere Vielseitigkeit bei Angriff und Verteidigung.<\/p>\n<p><strong>-Gewicht 355 g und mittlere Balance<\/strong>: Man\u00f6vrierf\u00e4higkeit und Stabilit\u00e4t in jedem Punkt.<\/p>\n<p><strong>-Carbonrahmen<\/strong>: Widerstandsf\u00e4higkeit und Haltbarkeit gew\u00e4hrleistet.<\/p>\n<p><strong>-Fiberglas + Carbon-Oberfl\u00e4che<\/strong>: kontrollierte Leistung und hervorragende Reaktion.<\/p>\n<p><strong>-Power Foam-Kern<\/strong>: Vibrationsd\u00e4mpfung und verbesserter Komfort.<\/p>\n<p><strong>-Duo Grid-Technologie<\/strong>: Optimiert die Reaktion bei jedem Schlag.<\/p>\n<p><strong>-Sharp Hole System<\/strong>: Pr\u00e4zise Perforationen f\u00fcr mehr Reibung und Spin.<\/p>\n<p><strong>-V-Br\u00fccke<\/strong>: beugt Verletzungen vor und verbessert die Stabilit\u00e4t bei kraftvollen Schl\u00e4gen.<\/p>\n<p><strong>-Raue Textur<\/strong>: Verbessert den Spin und die Ballkontrolle.<\/p>\n<h2><strong>Ideal f\u00fcr Spieler, die mehr suchen<\/strong><\/h2>\n<p>Der <strong>Bela LS V3<\/strong> ist f\u00fcr diejenigen konzipiert, die die Technik beherrschen und noch weiter gehen wollen. Sein <strong>vergr\u00f6\u00dferter Sweet Spot<\/strong> erleichtert das Schlagen und erh\u00f6ht die Stabilit\u00e4t und Pr\u00e4zision bei Schl\u00e4gen und Volleys. Seine \u00c4sthetik kombiniert <strong>Wei\u00df, Rot und Schwarz<\/strong> und bietet Stil und Sicherheit, um auf der Strecke hervorzustechen.<\/p>\n<h2><strong>Hauptvorteile<\/strong><\/h2>\n<p>-Ausgewogene Kraft und Kontrolle.<\/p>\n<p>-Hohe Haltbarkeit dank hochwertiger Materialien.<\/p>\n<p>-Gr\u00f6\u00dfere Schlagfl\u00e4che f\u00fcr zus\u00e4tzliche Pr\u00e4zision.<\/p>\n<p>-Komfort und Schutz vor Vibrationen.<\/p>\n<p>-Professionelle \u00c4sthetik, inspiriert von Wilsons <strong>Bela<\/strong>-Reihe.<\/p>\n<p><strong>Jetzt erh\u00e4ltlich in unserem Online-Shop <a href=\"https:\/\/www.revolutionpadelstore.com\/\">www.revolutionpadelstore.com<\/a>, wahrscheinlich zum besten Preis auf dem Markt.<\/strong><\/p>\n","protected":false},"excerpt":{"rendered":"<p>Der Wilson Bela LS V3 ist der ideale Begleiter f\u00fcr vielseitiges Spielen. Sein Carbonrahmen und der Power Foam-Kern sorgen f\u00fcr ein angenehmes Gef\u00fchl und Festigkeit bei jedem Schlag.<\/p>\n","protected":false},"featured_media":265075,"comment_status":"open","ping_status":"closed","template":"","meta":{"_acf_changed":false,"_joinchat":[]},"acabado":[1089],"balance":[1139],"dureza":[1154],"forma":[1184],"jugador":[1194,1189,1199],"marca":[1264],"nivel-de-juego":[1349,1334],"superficie":[1359],"tipo-de-juego":[1384],"product_brand":[],"product_cat":[299],"product_tag":[],"class_list":{"0":"post-271523","1":"product","2":"type-product","3":"status-publish","4":"has-post-thumbnail","6":"acabado-3d-entlasten","7":"balance-mittel","8":"dureza-media-de","9":"forma-lagrima-de","10":"jugador-frau","11":"jugador-mann","12":"jugador-mehrzweck","13":"marca-wilson-de","14":"superficie-rugosa-de","15":"tipo-de-juego-mehrzweck","16":"product_cat-palas-de-padel-de","18":"first","19":"instock","20":"sale","21":"taxable","22":"shipping-taxable","23":"purchasable","24":"product-type-simple"},"acf":[],"yoast_head":"<!-- This site is optimized with the Yoast SEO plugin v27.4 - https:\/\/yoast.com\/product\/yoast-seo-wordpress\/ -->\n<title>WILSON BELA LS V3 - Revolution Padel Store<\/title>\n<meta name=\"description\" content=\"Compra la Wilson Bela LS V3 en Revolution Padel Store. Pala de p\u00e1del formato l\u00e1grima, 355 g, n\u00facleo Power Foam y marco de carbono. Potencia, control y efectos para jugadores intermedios y avanzados.\" \/>\n<meta name=\"robots\" content=\"index, follow, max-snippet:-1, max-image-preview:large, max-video-preview:-1\" \/>\n<link rel=\"canonical\" href=\"https:\/\/revolutionpadelstore.com\/de\/produkt\/wilson-bela-ls-v3\/\" \/>\n<meta property=\"og:locale\" content=\"de_DE\" \/>\n<meta property=\"og:type\" content=\"article\" \/>\n<meta property=\"og:title\" content=\"WILSON BELA LS V3 - Revolution Padel Store\" \/>\n<meta property=\"og:description\" content=\"Compra la Wilson Bela LS V3 en Revolution Padel Store. Pala de p\u00e1del formato l\u00e1grima, 355 g, n\u00facleo Power Foam y marco de carbono. Potencia, control y efectos para jugadores intermedios y avanzados.\" \/>\n<meta property=\"og:url\" content=\"https:\/\/revolutionpadelstore.com\/de\/produkt\/wilson-bela-ls-v3\/\" \/>\n<meta property=\"og:site_name\" content=\"Revolution Padel Store\" \/>\n<meta property=\"article:modified_time\" content=\"2026-04-08T02:35:59+00:00\" \/>\n<meta property=\"og:image\" content=\"https:\/\/revolutionpadelstore.com\/wp-content\/uploads\/2025\/08\/119458-pala-wilson-bela-ls-v3-wr186711u-1500x1500-1.webp\" \/>\n\t<meta property=\"og:image:width\" content=\"1500\" \/>\n\t<meta property=\"og:image:height\" content=\"1500\" \/>\n\t<meta property=\"og:image:type\" content=\"image\/webp\" \/>\n<meta name=\"twitter:card\" content=\"summary_large_image\" \/>\n<meta name=\"twitter:label1\" content=\"Gesch\u00e4tzte Lesezeit\" \/>\n\t<meta name=\"twitter:data1\" content=\"2\u00a0Minuten\" \/>\n<script type=\"application\/ld+json\" class=\"yoast-schema-graph\">{\"@context\":\"https:\\\/\\\/schema.org\",\"@graph\":[{\"@type\":\"WebPage\",\"@id\":\"https:\\\/\\\/revolutionpadelstore.com\\\/de\\\/produkt\\\/wilson-bela-ls-v3\\\/\",\"url\":\"https:\\\/\\\/revolutionpadelstore.com\\\/de\\\/produkt\\\/wilson-bela-ls-v3\\\/\",\"name\":\"WILSON BELA LS V3 - Revolution Padel Store\",\"isPartOf\":{\"@id\":\"https:\\\/\\\/revolutionpadelstore.com\\\/de\\\/#website\"},\"primaryImageOfPage\":{\"@id\":\"https:\\\/\\\/revolutionpadelstore.com\\\/de\\\/produkt\\\/wilson-bela-ls-v3\\\/#primaryimage\"},\"image\":{\"@id\":\"https:\\\/\\\/revolutionpadelstore.com\\\/de\\\/produkt\\\/wilson-bela-ls-v3\\\/#primaryimage\"},\"thumbnailUrl\":\"https:\\\/\\\/revolutionpadelstore.com\\\/wp-content\\\/uploads\\\/2025\\\/08\\\/119458-pala-wilson-bela-ls-v3-wr186711u-1500x1500-1.webp\",\"datePublished\":\"2025-08-10T16:42:44+00:00\",\"dateModified\":\"2026-04-08T02:35:59+00:00\",\"description\":\"Compra la Wilson Bela LS V3 en Revolution Padel Store. Pala de p\u00e1del formato l\u00e1grima, 355 g, n\u00facleo Power Foam y marco de carbono. Potencia, control y efectos para jugadores intermedios y avanzados.\",\"breadcrumb\":{\"@id\":\"https:\\\/\\\/revolutionpadelstore.com\\\/de\\\/produkt\\\/wilson-bela-ls-v3\\\/#breadcrumb\"},\"inLanguage\":\"de\",\"potentialAction\":[{\"@type\":\"ReadAction\",\"target\":[\"https:\\\/\\\/revolutionpadelstore.com\\\/de\\\/produkt\\\/wilson-bela-ls-v3\\\/\"]}]},{\"@type\":\"ImageObject\",\"inLanguage\":\"de\",\"@id\":\"https:\\\/\\\/revolutionpadelstore.com\\\/de\\\/produkt\\\/wilson-bela-ls-v3\\\/#primaryimage\",\"url\":\"https:\\\/\\\/revolutionpadelstore.com\\\/wp-content\\\/uploads\\\/2025\\\/08\\\/119458-pala-wilson-bela-ls-v3-wr186711u-1500x1500-1.webp\",\"contentUrl\":\"https:\\\/\\\/revolutionpadelstore.com\\\/wp-content\\\/uploads\\\/2025\\\/08\\\/119458-pala-wilson-bela-ls-v3-wr186711u-1500x1500-1.webp\",\"width\":1500,\"height\":1500},{\"@type\":\"BreadcrumbList\",\"@id\":\"https:\\\/\\\/revolutionpadelstore.com\\\/de\\\/produkt\\\/wilson-bela-ls-v3\\\/#breadcrumb\",\"itemListElement\":[{\"@type\":\"ListItem\",\"position\":1,\"name\":\"Portada\",\"item\":\"https:\\\/\\\/revolutionpadelstore.com\\\/de\\\/\"},{\"@type\":\"ListItem\",\"position\":2,\"name\":\"Shop\",\"item\":\"https:\\\/\\\/revolutionpadelstore.com\\\/de\\\/tienda\\\/\"},{\"@type\":\"ListItem\",\"position\":3,\"name\":\"WILSON BELA LS V3\"}]},{\"@type\":\"WebSite\",\"@id\":\"https:\\\/\\\/revolutionpadelstore.com\\\/de\\\/#website\",\"url\":\"https:\\\/\\\/revolutionpadelstore.com\\\/de\\\/\",\"name\":\"Revolution Padel Store\",\"description\":\"\",\"publisher\":{\"@id\":\"https:\\\/\\\/revolutionpadelstore.com\\\/de\\\/#organization\"},\"potentialAction\":[{\"@type\":\"SearchAction\",\"target\":{\"@type\":\"EntryPoint\",\"urlTemplate\":\"https:\\\/\\\/revolutionpadelstore.com\\\/de\\\/?s={search_term_string}\"},\"query-input\":{\"@type\":\"PropertyValueSpecification\",\"valueRequired\":true,\"valueName\":\"search_term_string\"}}],\"inLanguage\":\"de\"},{\"@type\":\"Organization\",\"@id\":\"https:\\\/\\\/revolutionpadelstore.com\\\/de\\\/#organization\",\"name\":\"Revolution Padel Store\",\"url\":\"https:\\\/\\\/revolutionpadelstore.com\\\/de\\\/\",\"logo\":{\"@type\":\"ImageObject\",\"inLanguage\":\"de\",\"@id\":\"https:\\\/\\\/revolutionpadelstore.com\\\/de\\\/#\\\/schema\\\/logo\\\/image\\\/\",\"url\":\"https:\\\/\\\/revolutionpadelstore.com\\\/wp-content\\\/uploads\\\/2026\\\/02\\\/revolution-padel-store.jpg\",\"contentUrl\":\"https:\\\/\\\/revolutionpadelstore.com\\\/wp-content\\\/uploads\\\/2026\\\/02\\\/revolution-padel-store.jpg\",\"width\":2000,\"height\":2000,\"caption\":\"Revolution Padel Store\"},\"image\":{\"@id\":\"https:\\\/\\\/revolutionpadelstore.com\\\/de\\\/#\\\/schema\\\/logo\\\/image\\\/\"},\"sameAs\":[\"https:\\\/\\\/www.instagram.com\\\/revolutionpadelstore\\\/\"]}]}<\/script>\n<!-- \/ Yoast SEO plugin. -->","yoast_head_json":{"title":"WILSON BELA LS V3 - Revolution Padel Store","description":"Compra la Wilson Bela LS V3 en Revolution Padel Store. Pala de p\u00e1del formato l\u00e1grima, 355 g, n\u00facleo Power Foam y marco de carbono. Potencia, control y efectos para jugadores intermedios y avanzados.","robots":{"index":"index","follow":"follow","max-snippet":"max-snippet:-1","max-image-preview":"max-image-preview:large","max-video-preview":"max-video-preview:-1"},"canonical":"https:\/\/revolutionpadelstore.com\/de\/produkt\/wilson-bela-ls-v3\/","og_locale":"de_DE","og_type":"article","og_title":"WILSON BELA LS V3 - Revolution Padel Store","og_description":"Compra la Wilson Bela LS V3 en Revolution Padel Store. Pala de p\u00e1del formato l\u00e1grima, 355 g, n\u00facleo Power Foam y marco de carbono. Potencia, control y efectos para jugadores intermedios y avanzados.","og_url":"https:\/\/revolutionpadelstore.com\/de\/produkt\/wilson-bela-ls-v3\/","og_site_name":"Revolution Padel Store","article_modified_time":"2026-04-08T02:35:59+00:00","og_image":[{"width":1500,"height":1500,"url":"https:\/\/revolutionpadelstore.com\/wp-content\/uploads\/2025\/08\/119458-pala-wilson-bela-ls-v3-wr186711u-1500x1500-1.webp","type":"image\/webp"}],"twitter_card":"summary_large_image","twitter_misc":{"Gesch\u00e4tzte Lesezeit":"2\u00a0Minuten"},"schema":{"@context":"https:\/\/schema.org","@graph":[{"@type":"WebPage","@id":"https:\/\/revolutionpadelstore.com\/de\/produkt\/wilson-bela-ls-v3\/","url":"https:\/\/revolutionpadelstore.com\/de\/produkt\/wilson-bela-ls-v3\/","name":"WILSON BELA LS V3 - Revolution Padel Store","isPartOf":{"@id":"https:\/\/revolutionpadelstore.com\/de\/#website"},"primaryImageOfPage":{"@id":"https:\/\/revolutionpadelstore.com\/de\/produkt\/wilson-bela-ls-v3\/#primaryimage"},"image":{"@id":"https:\/\/revolutionpadelstore.com\/de\/produkt\/wilson-bela-ls-v3\/#primaryimage"},"thumbnailUrl":"https:\/\/revolutionpadelstore.com\/wp-content\/uploads\/2025\/08\/119458-pala-wilson-bela-ls-v3-wr186711u-1500x1500-1.webp","datePublished":"2025-08-10T16:42:44+00:00","dateModified":"2026-04-08T02:35:59+00:00","description":"Compra la Wilson Bela LS V3 en Revolution Padel Store. Pala de p\u00e1del formato l\u00e1grima, 355 g, n\u00facleo Power Foam y marco de carbono. Potencia, control y efectos para jugadores intermedios y avanzados.","breadcrumb":{"@id":"https:\/\/revolutionpadelstore.com\/de\/produkt\/wilson-bela-ls-v3\/#breadcrumb"},"inLanguage":"de","potentialAction":[{"@type":"ReadAction","target":["https:\/\/revolutionpadelstore.com\/de\/produkt\/wilson-bela-ls-v3\/"]}]},{"@type":"ImageObject","inLanguage":"de","@id":"https:\/\/revolutionpadelstore.com\/de\/produkt\/wilson-bela-ls-v3\/#primaryimage","url":"https:\/\/revolutionpadelstore.com\/wp-content\/uploads\/2025\/08\/119458-pala-wilson-bela-ls-v3-wr186711u-1500x1500-1.webp","contentUrl":"https:\/\/revolutionpadelstore.com\/wp-content\/uploads\/2025\/08\/119458-pala-wilson-bela-ls-v3-wr186711u-1500x1500-1.webp","width":1500,"height":1500},{"@type":"BreadcrumbList","@id":"https:\/\/revolutionpadelstore.com\/de\/produkt\/wilson-bela-ls-v3\/#breadcrumb","itemListElement":[{"@type":"ListItem","position":1,"name":"Portada","item":"https:\/\/revolutionpadelstore.com\/de\/"},{"@type":"ListItem","position":2,"name":"Shop","item":"https:\/\/revolutionpadelstore.com\/de\/tienda\/"},{"@type":"ListItem","position":3,"name":"WILSON BELA LS V3"}]},{"@type":"WebSite","@id":"https:\/\/revolutionpadelstore.com\/de\/#website","url":"https:\/\/revolutionpadelstore.com\/de\/","name":"Revolution Padel Store","description":"","publisher":{"@id":"https:\/\/revolutionpadelstore.com\/de\/#organization"},"potentialAction":[{"@type":"SearchAction","target":{"@type":"EntryPoint","urlTemplate":"https:\/\/revolutionpadelstore.com\/de\/?s={search_term_string}"},"query-input":{"@type":"PropertyValueSpecification","valueRequired":true,"valueName":"search_term_string"}}],"inLanguage":"de"},{"@type":"Organization","@id":"https:\/\/revolutionpadelstore.com\/de\/#organization","name":"Revolution Padel Store","url":"https:\/\/revolutionpadelstore.com\/de\/","logo":{"@type":"ImageObject","inLanguage":"de","@id":"https:\/\/revolutionpadelstore.com\/de\/#\/schema\/logo\/image\/","url":"https:\/\/revolutionpadelstore.com\/wp-content\/uploads\/2026\/02\/revolution-padel-store.jpg","contentUrl":"https:\/\/revolutionpadelstore.com\/wp-content\/uploads\/2026\/02\/revolution-padel-store.jpg","width":2000,"height":2000,"caption":"Revolution Padel Store"},"image":{"@id":"https:\/\/revolutionpadelstore.com\/de\/#\/schema\/logo\/image\/"},"sameAs":["https:\/\/www.instagram.com\/revolutionpadelstore\/"]}]}},"_links":{"self":[{"href":"https:\/\/revolutionpadelstore.com\/de\/wp-json\/wp\/v2\/product\/271523","targetHints":{"allow":["GET"]}}],"collection":[{"href":"https:\/\/revolutionpadelstore.com\/de\/wp-json\/wp\/v2\/product"}],"about":[{"href":"https:\/\/revolutionpadelstore.com\/de\/wp-json\/wp\/v2\/types\/product"}],"replies":[{"embeddable":true,"href":"https:\/\/revolutionpadelstore.com\/de\/wp-json\/wp\/v2\/comments?post=271523"}],"wp:featuredmedia":[{"embeddable":true,"href":"https:\/\/revolutionpadelstore.com\/de\/wp-json\/wp\/v2\/media\/265075"}],"wp:attachment":[{"href":"https:\/\/revolutionpadelstore.com\/de\/wp-json\/wp\/v2\/media?parent=271523"}],"wp:term":[{"taxonomy":"acabado","embeddable":true,"href":"https:\/\/revolutionpadelstore.com\/de\/wp-json\/wp\/v2\/acabado?post=271523"},{"taxonomy":"balance","embeddable":true,"href":"https:\/\/revolutionpadelstore.com\/de\/wp-json\/wp\/v2\/balance?post=271523"},{"taxonomy":"dureza","embeddable":true,"href":"https:\/\/revolutionpadelstore.com\/de\/wp-json\/wp\/v2\/dureza?post=271523"},{"taxonomy":"forma","embeddable":true,"href":"https:\/\/revolutionpadelstore.com\/de\/wp-json\/wp\/v2\/forma?post=271523"},{"taxonomy":"jugador","embeddable":true,"href":"https:\/\/revolutionpadelstore.com\/de\/wp-json\/wp\/v2\/jugador?post=271523"},{"taxonomy":"marca","embeddable":true,"href":"https:\/\/revolutionpadelstore.com\/de\/wp-json\/wp\/v2\/marca?post=271523"},{"taxonomy":"nivel-de-juego","embeddable":true,"href":"https:\/\/revolutionpadelstore.com\/de\/wp-json\/wp\/v2\/nivel-de-juego?post=271523"},{"taxonomy":"superficie","embeddable":true,"href":"https:\/\/revolutionpadelstore.com\/de\/wp-json\/wp\/v2\/superficie?post=271523"},{"taxonomy":"tipo-de-juego","embeddable":true,"href":"https:\/\/revolutionpadelstore.com\/de\/wp-json\/wp\/v2\/tipo-de-juego?post=271523"},{"taxonomy":"product_brand","embeddable":true,"href":"https:\/\/revolutionpadelstore.com\/de\/wp-json\/wp\/v2\/product_brand?post=271523"},{"taxonomy":"product_cat","embeddable":true,"href":"https:\/\/revolutionpadelstore.com\/de\/wp-json\/wp\/v2\/product_cat?post=271523"},{"taxonomy":"product_tag","embeddable":true,"href":"https:\/\/revolutionpadelstore.com\/de\/wp-json\/wp\/v2\/product_tag?post=271523"}],"curies":[{"name":"wp","href":"https:\/\/api.w.org\/{rel}","templated":true}]}}