{"id":271301,"date":"2025-10-10T23:51:23","date_gmt":"2025-10-10T21:51:23","guid":{"rendered":"https:\/\/revolutionpadelstore.com\/nox-equation-hard-advanced\/"},"modified":"2026-04-01T00:29:13","modified_gmt":"2026-03-31T22:29:13","slug":"nox-equation-hard-advanced-2026","status":"publish","type":"product","link":"https:\/\/revolutionpadelstore.com\/de\/produkt\/nox-equation-hard-advanced-2026\/","title":{"rendered":"NOX EQUATION HARD ADVANCED 2026"},"content":{"rendered":"<h2>Nox Equation Hard \u2013 Pr\u00e4zision, Kontrolle und professionelle Leistung<\/h2>\n<p>Der <strong>Nox Equation Hard<\/strong> kombiniert das Beste eines Kontrollschl\u00e4gers mit hochwertigen technischen Eigenschaften und ist ideal f\u00fcr Spieler, die Pr\u00e4zision suchen, ohne auf Leistung zu verzichten. Seine mittlere Balance und sein hervorragendes Handling machen ihn zu einem vielseitigen, komfortablen und \u00e4u\u00dferst effektiven Padelschl\u00e4ger auf dem Platz.<\/p>\n<h2>Hervorgehobene technische Eigenschaften<\/h2>\n<p><strong>-Paddeltyp:<\/strong> Mehrzweck \u2013 ausgewogene Kontrolle und Kraft<\/p>\n<p><strong>-Spielniveau:<\/strong> Mittelstufe bis Fortgeschritten<\/p>\n<p><strong>-Form:<\/strong> Rund<\/p>\n<p><strong>-Balance:<\/strong> Mittel<\/p>\n<p><strong>-Ungef\u00e4hres Gewicht:<\/strong> 360\u2013375 g<\/p>\n<p><strong>-Rahmen:<\/strong> 100 % Carbon f\u00fcr maximale Widerstandsf\u00e4higkeit<\/p>\n<p><strong>-Kern:<\/strong> HR3-Gummi, der in Wettkampfschl\u00e4gern verwendet wird, mit gro\u00dfem Sweetspot und hervorragender Ballausbeute<\/p>\n<p><strong>-Gesichter:<\/strong> Raues Finish <strong>Exklusiver Spin<\/strong>, der die Spin-Erzeugung verbessert<\/p>\n<p><strong>-Anti-Vibrations-Technologie:<\/strong> Reduziert Verletzungen und verbessert den Komfort<\/p>\n<p><strong>-Sicherheitssystem:<\/strong> Austauschbares Kabel <strong>Smartstrap\u00ae<\/strong>, hygienischer, sicherer und anpassbar<\/p>\n<h2>Vorteile f\u00fcr den Spieler<\/h2>\n<p>-Ausgezeichnete <strong>Kontrolle und Pr\u00e4zision<\/strong>, ideal, um das Spiel in jedem Bereich des Spielfelds zu dominieren<\/p>\n<p>-Fester Ballkontakt mit gro\u00dfartigem Schlaggef\u00fchl dank HR3-Gummi<\/p>\n<p>&#8211; H\u00f6herer <strong>Schutz vor Verletzungen<\/strong> durch das Antivibrationssystem<\/p>\n<p>-M\u00f6glichkeit der Individualisierung mit dem Smartstrap\u00ae-System<\/p>\n<p>-Erweiterte Spin-Erzeugung dank des rauen Exclusive Spin<\/p>\n<p>-Professionelle Komposition f\u00fcr anspruchsvolle Spieler<\/p>\n<h2>F\u00fcr wen ist dieser Schl\u00e4ger ideal?<\/h2>\n<p>Der Nox Equation Hard ist f\u00fcr <strong>fortgeschrittene oder fortgeschrittene<\/strong> Spieler konzipiert, die einen handlichen Schl\u00e4ger mit hervorragender Ballausbeute und einem perfekten Gleichgewicht zwischen <strong>Kontrolle und Kraft<\/strong> suchen. Es ist auch ideal f\u00fcr diejenigen, die Wert auf Spielkomfort legen, ohne Kompromisse bei der Wettbewerbsleistung einzugehen.<\/p>\n<h2>Beherrschen Sie den Platz mit der Nox-Gleichung Schwer!<\/h2>\n<p>Entdecken Sie einen Schl\u00e4ger, der maximale Kontrolle mit professionellem Spielgef\u00fchl bietet und sich ideal f\u00fcr Spieler eignet, die auf nichts verzichten m\u00f6chten. Der <strong>Equation Hard<\/strong> begleitet Sie auf Schritt und Tritt mit fortschrittlicher Technologie, h\u00f6chster Qualit\u00e4t und einem n\u00fcchternen, aber beeindruckenden Design.<\/p>\n<p><strong>Jetzt erh\u00e4ltlich in unserem Online-Shop <a href=\"https:\/\/www.revolutionpadelstore.com\/\">www.revolutionpadelstore.com<\/a>, wahrscheinlich zum besten Preis auf dem Markt.<\/strong><\/p>\n","protected":false},"excerpt":{"rendered":"<p>Der Nox Equation Hard Advanced 2026 ist eine ideale Option f\u00fcr Spieler, die Kontrolle, Man\u00f6vrierf\u00e4higkeit und Pr\u00e4zision kombinieren m\u00f6chten, ohne in entscheidenden Momenten an Kraft zu verlieren.<\/p>\n","protected":false},"featured_media":271589,"comment_status":"open","ping_status":"closed","template":"","meta":{"_acf_changed":false,"_joinchat":[]},"acabado":[],"balance":[],"dureza":[],"forma":[],"jugador":[],"marca":[1259],"nivel-de-juego":[],"superficie":[],"tipo-de-juego":[],"product_brand":[],"product_cat":[299],"product_tag":[],"class_list":{"0":"post-271301","1":"product","2":"type-product","3":"status-publish","4":"has-post-thumbnail","6":"marca-nox-de","7":"product_cat-palas-de-padel-de","9":"first","10":"instock","11":"sale","12":"taxable","13":"shipping-taxable","14":"purchasable","15":"product-type-simple"},"acf":[],"yoast_head":"<!-- This site is optimized with the Yoast SEO plugin v27.3 - https:\/\/yoast.com\/product\/yoast-seo-wordpress\/ -->\n<title>NOX EQUATION HARD ADVANCED 2026 - Revolution Padel Store<\/title>\n<meta name=\"description\" content=\"Pala Nox Equation Hard para jugadores exigentes: control, potencia, rugoso Exclusive Spin, sistema antivibraci\u00f3n y Smartstrap\u00ae. \u00a1Compra ahora en Revolution Padel Store al mejor precio!\" \/>\n<meta name=\"robots\" content=\"index, follow, max-snippet:-1, max-image-preview:large, max-video-preview:-1\" \/>\n<link rel=\"canonical\" href=\"https:\/\/revolutionpadelstore.com\/de\/produkt\/nox-equation-hard-advanced-2026\/\" \/>\n<meta property=\"og:locale\" content=\"de_DE\" \/>\n<meta property=\"og:type\" content=\"article\" \/>\n<meta property=\"og:title\" content=\"NOX EQUATION HARD ADVANCED 2026 - Revolution Padel Store\" \/>\n<meta property=\"og:description\" content=\"Pala Nox Equation Hard para jugadores exigentes: control, potencia, rugoso Exclusive Spin, sistema antivibraci\u00f3n y Smartstrap\u00ae. \u00a1Compra ahora en Revolution Padel Store al mejor precio!\" \/>\n<meta property=\"og:url\" content=\"https:\/\/revolutionpadelstore.com\/de\/produkt\/nox-equation-hard-advanced-2026\/\" \/>\n<meta property=\"og:site_name\" content=\"Revolution Padel Store\" \/>\n<meta property=\"article:modified_time\" content=\"2026-03-31T22:29:13+00:00\" \/>\n<meta property=\"og:image\" content=\"https:\/\/revolutionpadelstore.com\/wp-content\/uploads\/2025\/10\/475.png\" \/>\n\t<meta property=\"og:image:width\" content=\"1500\" \/>\n\t<meta property=\"og:image:height\" content=\"1500\" \/>\n\t<meta property=\"og:image:type\" content=\"image\/png\" \/>\n<meta name=\"twitter:card\" content=\"summary_large_image\" \/>\n<meta name=\"twitter:label1\" content=\"Gesch\u00e4tzte Lesezeit\" \/>\n\t<meta name=\"twitter:data1\" content=\"2\u00a0Minuten\" \/>\n<script type=\"application\/ld+json\" class=\"yoast-schema-graph\">{\"@context\":\"https:\\\/\\\/schema.org\",\"@graph\":[{\"@type\":\"WebPage\",\"@id\":\"https:\\\/\\\/revolutionpadelstore.com\\\/de\\\/produkt\\\/nox-equation-hard-advanced-2026\\\/\",\"url\":\"https:\\\/\\\/revolutionpadelstore.com\\\/de\\\/produkt\\\/nox-equation-hard-advanced-2026\\\/\",\"name\":\"NOX EQUATION HARD ADVANCED 2026 - Revolution Padel Store\",\"isPartOf\":{\"@id\":\"https:\\\/\\\/revolutionpadelstore.com\\\/de\\\/#website\"},\"primaryImageOfPage\":{\"@id\":\"https:\\\/\\\/revolutionpadelstore.com\\\/de\\\/produkt\\\/nox-equation-hard-advanced-2026\\\/#primaryimage\"},\"image\":{\"@id\":\"https:\\\/\\\/revolutionpadelstore.com\\\/de\\\/produkt\\\/nox-equation-hard-advanced-2026\\\/#primaryimage\"},\"thumbnailUrl\":\"https:\\\/\\\/revolutionpadelstore.com\\\/wp-content\\\/uploads\\\/2025\\\/10\\\/475.png\",\"datePublished\":\"2025-10-10T21:51:23+00:00\",\"dateModified\":\"2026-03-31T22:29:13+00:00\",\"description\":\"Pala Nox Equation Hard para jugadores exigentes: control, potencia, rugoso Exclusive Spin, sistema antivibraci\u00f3n y Smartstrap\u00ae. \u00a1Compra ahora en Revolution Padel Store al mejor precio!\",\"breadcrumb\":{\"@id\":\"https:\\\/\\\/revolutionpadelstore.com\\\/de\\\/produkt\\\/nox-equation-hard-advanced-2026\\\/#breadcrumb\"},\"inLanguage\":\"de\",\"potentialAction\":[{\"@type\":\"ReadAction\",\"target\":[\"https:\\\/\\\/revolutionpadelstore.com\\\/de\\\/produkt\\\/nox-equation-hard-advanced-2026\\\/\"]}]},{\"@type\":\"ImageObject\",\"inLanguage\":\"de\",\"@id\":\"https:\\\/\\\/revolutionpadelstore.com\\\/de\\\/produkt\\\/nox-equation-hard-advanced-2026\\\/#primaryimage\",\"url\":\"https:\\\/\\\/revolutionpadelstore.com\\\/wp-content\\\/uploads\\\/2025\\\/10\\\/475.png\",\"contentUrl\":\"https:\\\/\\\/revolutionpadelstore.com\\\/wp-content\\\/uploads\\\/2025\\\/10\\\/475.png\",\"width\":1500,\"height\":1500},{\"@type\":\"BreadcrumbList\",\"@id\":\"https:\\\/\\\/revolutionpadelstore.com\\\/de\\\/produkt\\\/nox-equation-hard-advanced-2026\\\/#breadcrumb\",\"itemListElement\":[{\"@type\":\"ListItem\",\"position\":1,\"name\":\"Portada\",\"item\":\"https:\\\/\\\/revolutionpadelstore.com\\\/de\\\/\"},{\"@type\":\"ListItem\",\"position\":2,\"name\":\"Shop\",\"item\":\"https:\\\/\\\/revolutionpadelstore.com\\\/de\\\/tienda\\\/\"},{\"@type\":\"ListItem\",\"position\":3,\"name\":\"NOX EQUATION HARD ADVANCED 2026\"}]},{\"@type\":\"WebSite\",\"@id\":\"https:\\\/\\\/revolutionpadelstore.com\\\/de\\\/#website\",\"url\":\"https:\\\/\\\/revolutionpadelstore.com\\\/de\\\/\",\"name\":\"Revolution Padel Store\",\"description\":\"\",\"publisher\":{\"@id\":\"https:\\\/\\\/revolutionpadelstore.com\\\/de\\\/#organization\"},\"potentialAction\":[{\"@type\":\"SearchAction\",\"target\":{\"@type\":\"EntryPoint\",\"urlTemplate\":\"https:\\\/\\\/revolutionpadelstore.com\\\/de\\\/?s={search_term_string}\"},\"query-input\":{\"@type\":\"PropertyValueSpecification\",\"valueRequired\":true,\"valueName\":\"search_term_string\"}}],\"inLanguage\":\"de\"},{\"@type\":\"Organization\",\"@id\":\"https:\\\/\\\/revolutionpadelstore.com\\\/de\\\/#organization\",\"name\":\"Revolution Padel Store\",\"url\":\"https:\\\/\\\/revolutionpadelstore.com\\\/de\\\/\",\"logo\":{\"@type\":\"ImageObject\",\"inLanguage\":\"de\",\"@id\":\"https:\\\/\\\/revolutionpadelstore.com\\\/de\\\/#\\\/schema\\\/logo\\\/image\\\/\",\"url\":\"https:\\\/\\\/revolutionpadelstore.com\\\/wp-content\\\/uploads\\\/2026\\\/02\\\/revolution-padel-store.jpg\",\"contentUrl\":\"https:\\\/\\\/revolutionpadelstore.com\\\/wp-content\\\/uploads\\\/2026\\\/02\\\/revolution-padel-store.jpg\",\"width\":2000,\"height\":2000,\"caption\":\"Revolution Padel Store\"},\"image\":{\"@id\":\"https:\\\/\\\/revolutionpadelstore.com\\\/de\\\/#\\\/schema\\\/logo\\\/image\\\/\"},\"sameAs\":[\"https:\\\/\\\/www.instagram.com\\\/revolutionpadelstore\\\/\"]}]}<\/script>\n<!-- \/ Yoast SEO plugin. -->","yoast_head_json":{"title":"NOX EQUATION HARD ADVANCED 2026 - Revolution Padel Store","description":"Pala Nox Equation Hard para jugadores exigentes: control, potencia, rugoso Exclusive Spin, sistema antivibraci\u00f3n y Smartstrap\u00ae. \u00a1Compra ahora en Revolution Padel Store al mejor precio!","robots":{"index":"index","follow":"follow","max-snippet":"max-snippet:-1","max-image-preview":"max-image-preview:large","max-video-preview":"max-video-preview:-1"},"canonical":"https:\/\/revolutionpadelstore.com\/de\/produkt\/nox-equation-hard-advanced-2026\/","og_locale":"de_DE","og_type":"article","og_title":"NOX EQUATION HARD ADVANCED 2026 - Revolution Padel Store","og_description":"Pala Nox Equation Hard para jugadores exigentes: control, potencia, rugoso Exclusive Spin, sistema antivibraci\u00f3n y Smartstrap\u00ae. \u00a1Compra ahora en Revolution Padel Store al mejor precio!","og_url":"https:\/\/revolutionpadelstore.com\/de\/produkt\/nox-equation-hard-advanced-2026\/","og_site_name":"Revolution Padel Store","article_modified_time":"2026-03-31T22:29:13+00:00","og_image":[{"width":1500,"height":1500,"url":"https:\/\/revolutionpadelstore.com\/wp-content\/uploads\/2025\/10\/475.png","type":"image\/png"}],"twitter_card":"summary_large_image","twitter_misc":{"Gesch\u00e4tzte Lesezeit":"2\u00a0Minuten"},"schema":{"@context":"https:\/\/schema.org","@graph":[{"@type":"WebPage","@id":"https:\/\/revolutionpadelstore.com\/de\/produkt\/nox-equation-hard-advanced-2026\/","url":"https:\/\/revolutionpadelstore.com\/de\/produkt\/nox-equation-hard-advanced-2026\/","name":"NOX EQUATION HARD ADVANCED 2026 - Revolution Padel Store","isPartOf":{"@id":"https:\/\/revolutionpadelstore.com\/de\/#website"},"primaryImageOfPage":{"@id":"https:\/\/revolutionpadelstore.com\/de\/produkt\/nox-equation-hard-advanced-2026\/#primaryimage"},"image":{"@id":"https:\/\/revolutionpadelstore.com\/de\/produkt\/nox-equation-hard-advanced-2026\/#primaryimage"},"thumbnailUrl":"https:\/\/revolutionpadelstore.com\/wp-content\/uploads\/2025\/10\/475.png","datePublished":"2025-10-10T21:51:23+00:00","dateModified":"2026-03-31T22:29:13+00:00","description":"Pala Nox Equation Hard para jugadores exigentes: control, potencia, rugoso Exclusive Spin, sistema antivibraci\u00f3n y Smartstrap\u00ae. \u00a1Compra ahora en Revolution Padel Store al mejor precio!","breadcrumb":{"@id":"https:\/\/revolutionpadelstore.com\/de\/produkt\/nox-equation-hard-advanced-2026\/#breadcrumb"},"inLanguage":"de","potentialAction":[{"@type":"ReadAction","target":["https:\/\/revolutionpadelstore.com\/de\/produkt\/nox-equation-hard-advanced-2026\/"]}]},{"@type":"ImageObject","inLanguage":"de","@id":"https:\/\/revolutionpadelstore.com\/de\/produkt\/nox-equation-hard-advanced-2026\/#primaryimage","url":"https:\/\/revolutionpadelstore.com\/wp-content\/uploads\/2025\/10\/475.png","contentUrl":"https:\/\/revolutionpadelstore.com\/wp-content\/uploads\/2025\/10\/475.png","width":1500,"height":1500},{"@type":"BreadcrumbList","@id":"https:\/\/revolutionpadelstore.com\/de\/produkt\/nox-equation-hard-advanced-2026\/#breadcrumb","itemListElement":[{"@type":"ListItem","position":1,"name":"Portada","item":"https:\/\/revolutionpadelstore.com\/de\/"},{"@type":"ListItem","position":2,"name":"Shop","item":"https:\/\/revolutionpadelstore.com\/de\/tienda\/"},{"@type":"ListItem","position":3,"name":"NOX EQUATION HARD ADVANCED 2026"}]},{"@type":"WebSite","@id":"https:\/\/revolutionpadelstore.com\/de\/#website","url":"https:\/\/revolutionpadelstore.com\/de\/","name":"Revolution Padel Store","description":"","publisher":{"@id":"https:\/\/revolutionpadelstore.com\/de\/#organization"},"potentialAction":[{"@type":"SearchAction","target":{"@type":"EntryPoint","urlTemplate":"https:\/\/revolutionpadelstore.com\/de\/?s={search_term_string}"},"query-input":{"@type":"PropertyValueSpecification","valueRequired":true,"valueName":"search_term_string"}}],"inLanguage":"de"},{"@type":"Organization","@id":"https:\/\/revolutionpadelstore.com\/de\/#organization","name":"Revolution Padel Store","url":"https:\/\/revolutionpadelstore.com\/de\/","logo":{"@type":"ImageObject","inLanguage":"de","@id":"https:\/\/revolutionpadelstore.com\/de\/#\/schema\/logo\/image\/","url":"https:\/\/revolutionpadelstore.com\/wp-content\/uploads\/2026\/02\/revolution-padel-store.jpg","contentUrl":"https:\/\/revolutionpadelstore.com\/wp-content\/uploads\/2026\/02\/revolution-padel-store.jpg","width":2000,"height":2000,"caption":"Revolution Padel Store"},"image":{"@id":"https:\/\/revolutionpadelstore.com\/de\/#\/schema\/logo\/image\/"},"sameAs":["https:\/\/www.instagram.com\/revolutionpadelstore\/"]}]}},"_links":{"self":[{"href":"https:\/\/revolutionpadelstore.com\/de\/wp-json\/wp\/v2\/product\/271301","targetHints":{"allow":["GET"]}}],"collection":[{"href":"https:\/\/revolutionpadelstore.com\/de\/wp-json\/wp\/v2\/product"}],"about":[{"href":"https:\/\/revolutionpadelstore.com\/de\/wp-json\/wp\/v2\/types\/product"}],"replies":[{"embeddable":true,"href":"https:\/\/revolutionpadelstore.com\/de\/wp-json\/wp\/v2\/comments?post=271301"}],"wp:featuredmedia":[{"embeddable":true,"href":"https:\/\/revolutionpadelstore.com\/de\/wp-json\/wp\/v2\/media\/271589"}],"wp:attachment":[{"href":"https:\/\/revolutionpadelstore.com\/de\/wp-json\/wp\/v2\/media?parent=271301"}],"wp:term":[{"taxonomy":"acabado","embeddable":true,"href":"https:\/\/revolutionpadelstore.com\/de\/wp-json\/wp\/v2\/acabado?post=271301"},{"taxonomy":"balance","embeddable":true,"href":"https:\/\/revolutionpadelstore.com\/de\/wp-json\/wp\/v2\/balance?post=271301"},{"taxonomy":"dureza","embeddable":true,"href":"https:\/\/revolutionpadelstore.com\/de\/wp-json\/wp\/v2\/dureza?post=271301"},{"taxonomy":"forma","embeddable":true,"href":"https:\/\/revolutionpadelstore.com\/de\/wp-json\/wp\/v2\/forma?post=271301"},{"taxonomy":"jugador","embeddable":true,"href":"https:\/\/revolutionpadelstore.com\/de\/wp-json\/wp\/v2\/jugador?post=271301"},{"taxonomy":"marca","embeddable":true,"href":"https:\/\/revolutionpadelstore.com\/de\/wp-json\/wp\/v2\/marca?post=271301"},{"taxonomy":"nivel-de-juego","embeddable":true,"href":"https:\/\/revolutionpadelstore.com\/de\/wp-json\/wp\/v2\/nivel-de-juego?post=271301"},{"taxonomy":"superficie","embeddable":true,"href":"https:\/\/revolutionpadelstore.com\/de\/wp-json\/wp\/v2\/superficie?post=271301"},{"taxonomy":"tipo-de-juego","embeddable":true,"href":"https:\/\/revolutionpadelstore.com\/de\/wp-json\/wp\/v2\/tipo-de-juego?post=271301"},{"taxonomy":"product_brand","embeddable":true,"href":"https:\/\/revolutionpadelstore.com\/de\/wp-json\/wp\/v2\/product_brand?post=271301"},{"taxonomy":"product_cat","embeddable":true,"href":"https:\/\/revolutionpadelstore.com\/de\/wp-json\/wp\/v2\/product_cat?post=271301"},{"taxonomy":"product_tag","embeddable":true,"href":"https:\/\/revolutionpadelstore.com\/de\/wp-json\/wp\/v2\/product_tag?post=271301"}],"curies":[{"name":"wp","href":"https:\/\/api.w.org\/{rel}","templated":true}]}}