{"id":270923,"date":"2025-10-08T00:43:29","date_gmt":"2025-10-07T22:43:29","guid":{"rendered":"https:\/\/revolutionpadelstore.com\/camiseta-bullpadel-bilma-058-verde-manzana\/"},"modified":"2026-04-08T03:32:02","modified_gmt":"2026-04-08T01:32:02","slug":"camiseta-bullpadel-bilma-058-verde-manzana-1","status":"publish","type":"product","link":"https:\/\/revolutionpadelstore.com\/de\/produkt\/camiseta-bullpadel-bilma-058-verde-manzana-1\/","title":{"rendered":"CAMISETA BULLPADEL BILMA 058 VERDE MANZANA"},"content":{"rendered":"<h2>Bullpadel Bilma Damen-T-Shirt \u2013 Bea Gonz\u00e1lez-Kollektion<\/h2>\n<p>Das <strong>Bullpadel Bilma T-Shirt<\/strong> ist Teil der exklusiven Kollektion der Profispielerin <strong>Bea Gonz\u00e1lez<\/strong>, die speziell f\u00fcr Spieler entwickelt wurde, die Leistung, Stil und Komfort auf dem Platz suchen.<\/p>\n<p>Dieses Shirt besteht aus einem <strong>technischen Polyester-Mesh-Gewebe in Kombination mit Baumwolle<\/strong> und verf\u00fcgt \u00fcber die <strong>Quicker-Dry<\/strong>-Technologie, die das Trocknen beschleunigt und die Atmungsaktivit\u00e4t bei anspruchsvollsten Spielen verbessert. Ideal f\u00fcr Spieler, die sich nicht mit weniger zufrieden geben.<\/p>\n<h2>Hervorgehobene Funktionen<\/h2>\n<p><strong>-Quicker-Dry-Technologie<\/strong>: schnelles Trocknen zur Erhaltung der Frische.<\/p>\n<p><strong>-Exklusives Bea Gonz\u00e1lez-Design<\/strong>: personalisierte Signatur auf der R\u00fcckseite.<\/p>\n<p><strong>-Kontrastierende Eins\u00e4tze<\/strong> an Hals und Schultern f\u00fcr einen modernen Stil.<\/p>\n<p><strong>Reflektierendes Logo vorne<\/strong> f\u00fcr bessere Sichtbarkeit.<\/p>\n<p><strong>-Farbe<\/strong>: Lebendiges Apfelgr\u00fcn.<\/p>\n<p><strong>-Kurze \u00c4rmel<\/strong>: absolute Bewegungsfreiheit.<\/p>\n<p><strong>-Femininer Schnitt<\/strong>: Stilisiert und passt sich bequem dem K\u00f6rper an.<\/p>\n<h2>Warum das Bullpadel Bilma T-Shirt w\u00e4hlen?<\/h2>\n<p>Weil es <strong>textile Innovation, exklusives Design und professionelle Leistung<\/strong> in einem einzigen Kleidungsst\u00fcck vereint. Egal, ob Sie trainieren, an Wettk\u00e4mpfen teilnehmen oder einfach Ihre Leidenschaft f\u00fcr Padel zeigen, mit diesem Shirt werden Sie in jedem Spiel auffallen.<\/p>\n<h2>Jetzt im Revolution Padel Store erh\u00e4ltlich!<\/h2>\n<p>Kaufen Sie das <strong>Bullpadel Bilma T-Shirt aus der Bea Gonz\u00e1lez Collection<\/strong> in unserem Online-Shop <a href=\"https:\/\/www.revolutionpadelstore.com\/\">www.revolutionpadelstore.com<\/a>, wahrscheinlich zum <strong>besten Preis auf dem Markt<\/strong>. Lassen Sie sich Ihre nicht entgehen!<\/p>\n<h2>Camiseta Bullpadel Bilma Mujer &#8211; Colecci\u00f3n Bea Gonz\u00e1lez<\/h2>\n","protected":false},"excerpt":{"rendered":"<p>Das Bullpadel Bilma T-Shirt geh\u00f6rt zur exklusiven Kollektion der Profispielerin Bea Gonz\u00e1lez, die f\u00fcr Sportler entwickelt wurde, die w\u00e4hrend des Spiels Leistung, Stil und Komfort kombinieren m\u00f6chten.<\/p>\n","protected":false},"featured_media":270890,"comment_status":"open","ping_status":"closed","template":"","meta":{"_acf_changed":false,"_joinchat":[]},"acabado":[],"balance":[],"dureza":[],"forma":[],"jugador":[],"marca":[1254],"nivel-de-juego":[],"superficie":[],"tipo-de-juego":[],"product_brand":[],"product_cat":[323],"product_tag":[],"class_list":{"0":"post-270923","1":"product","2":"type-product","3":"status-publish","4":"has-post-thumbnail","6":"marca-bullpadel-de","7":"product_cat-ropa-de","9":"first","10":"outofstock","11":"sale","12":"taxable","13":"shipping-taxable","14":"purchasable","15":"product-type-variable"},"acf":[],"yoast_head":"<!-- This site is optimized with the Yoast SEO plugin v27.4 - https:\/\/yoast.com\/product\/yoast-seo-wordpress\/ -->\n<title>CAMISETA BULLPADEL BILMA 058 VERDE MANZANA - Revolution Padel Store<\/title>\n<meta name=\"description\" content=\"Camiseta Bullpadel Bilma para mujer, colecci\u00f3n Bea Gonz\u00e1lez. Con tecnolog\u00eda Quicker-Dry, dise\u00f1o exclusivo y tejido t\u00e9cnico. C\u00f3mprala al mejor precio en www.revolutionpadelstore.com.\" \/>\n<meta name=\"robots\" content=\"index, follow, max-snippet:-1, max-image-preview:large, max-video-preview:-1\" \/>\n<link rel=\"canonical\" href=\"https:\/\/revolutionpadelstore.com\/de\/produkt\/camiseta-bullpadel-bilma-058-verde-manzana-1\/\" \/>\n<meta property=\"og:locale\" content=\"de_DE\" \/>\n<meta property=\"og:type\" content=\"article\" \/>\n<meta property=\"og:title\" content=\"CAMISETA BULLPADEL BILMA 058 VERDE MANZANA - Revolution Padel Store\" \/>\n<meta property=\"og:description\" content=\"Camiseta Bullpadel Bilma para mujer, colecci\u00f3n Bea Gonz\u00e1lez. Con tecnolog\u00eda Quicker-Dry, dise\u00f1o exclusivo y tejido t\u00e9cnico. C\u00f3mprala al mejor precio en www.revolutionpadelstore.com.\" \/>\n<meta property=\"og:url\" content=\"https:\/\/revolutionpadelstore.com\/de\/produkt\/camiseta-bullpadel-bilma-058-verde-manzana-1\/\" \/>\n<meta property=\"og:site_name\" content=\"Revolution Padel Store\" \/>\n<meta property=\"article:modified_time\" content=\"2026-04-08T01:32:02+00:00\" \/>\n<meta property=\"og:image\" content=\"https:\/\/revolutionpadelstore.com\/wp-content\/uploads\/2025\/10\/470.png\" \/>\n\t<meta property=\"og:image:width\" content=\"1500\" \/>\n\t<meta property=\"og:image:height\" content=\"1500\" \/>\n\t<meta property=\"og:image:type\" content=\"image\/png\" \/>\n<meta name=\"twitter:card\" content=\"summary_large_image\" \/>\n<meta name=\"twitter:label1\" content=\"Gesch\u00e4tzte Lesezeit\" \/>\n\t<meta name=\"twitter:data1\" content=\"1\u00a0Minute\" \/>\n<script type=\"application\/ld+json\" class=\"yoast-schema-graph\">{\"@context\":\"https:\\\/\\\/schema.org\",\"@graph\":[{\"@type\":\"WebPage\",\"@id\":\"https:\\\/\\\/revolutionpadelstore.com\\\/de\\\/produkt\\\/camiseta-bullpadel-bilma-058-verde-manzana-1\\\/\",\"url\":\"https:\\\/\\\/revolutionpadelstore.com\\\/de\\\/produkt\\\/camiseta-bullpadel-bilma-058-verde-manzana-1\\\/\",\"name\":\"CAMISETA BULLPADEL BILMA 058 VERDE MANZANA - Revolution Padel Store\",\"isPartOf\":{\"@id\":\"https:\\\/\\\/revolutionpadelstore.com\\\/de\\\/#website\"},\"primaryImageOfPage\":{\"@id\":\"https:\\\/\\\/revolutionpadelstore.com\\\/de\\\/produkt\\\/camiseta-bullpadel-bilma-058-verde-manzana-1\\\/#primaryimage\"},\"image\":{\"@id\":\"https:\\\/\\\/revolutionpadelstore.com\\\/de\\\/produkt\\\/camiseta-bullpadel-bilma-058-verde-manzana-1\\\/#primaryimage\"},\"thumbnailUrl\":\"https:\\\/\\\/revolutionpadelstore.com\\\/wp-content\\\/uploads\\\/2025\\\/10\\\/470.png\",\"datePublished\":\"2025-10-07T22:43:29+00:00\",\"dateModified\":\"2026-04-08T01:32:02+00:00\",\"description\":\"Camiseta Bullpadel Bilma para mujer, colecci\u00f3n Bea Gonz\u00e1lez. Con tecnolog\u00eda Quicker-Dry, dise\u00f1o exclusivo y tejido t\u00e9cnico. C\u00f3mprala al mejor precio en www.revolutionpadelstore.com.\",\"breadcrumb\":{\"@id\":\"https:\\\/\\\/revolutionpadelstore.com\\\/de\\\/produkt\\\/camiseta-bullpadel-bilma-058-verde-manzana-1\\\/#breadcrumb\"},\"inLanguage\":\"de\",\"potentialAction\":[{\"@type\":\"ReadAction\",\"target\":[\"https:\\\/\\\/revolutionpadelstore.com\\\/de\\\/produkt\\\/camiseta-bullpadel-bilma-058-verde-manzana-1\\\/\"]}]},{\"@type\":\"ImageObject\",\"inLanguage\":\"de\",\"@id\":\"https:\\\/\\\/revolutionpadelstore.com\\\/de\\\/produkt\\\/camiseta-bullpadel-bilma-058-verde-manzana-1\\\/#primaryimage\",\"url\":\"https:\\\/\\\/revolutionpadelstore.com\\\/wp-content\\\/uploads\\\/2025\\\/10\\\/470.png\",\"contentUrl\":\"https:\\\/\\\/revolutionpadelstore.com\\\/wp-content\\\/uploads\\\/2025\\\/10\\\/470.png\",\"width\":1500,\"height\":1500},{\"@type\":\"BreadcrumbList\",\"@id\":\"https:\\\/\\\/revolutionpadelstore.com\\\/de\\\/produkt\\\/camiseta-bullpadel-bilma-058-verde-manzana-1\\\/#breadcrumb\",\"itemListElement\":[{\"@type\":\"ListItem\",\"position\":1,\"name\":\"Portada\",\"item\":\"https:\\\/\\\/revolutionpadelstore.com\\\/de\\\/\"},{\"@type\":\"ListItem\",\"position\":2,\"name\":\"Shop\",\"item\":\"https:\\\/\\\/revolutionpadelstore.com\\\/de\\\/tienda\\\/\"},{\"@type\":\"ListItem\",\"position\":3,\"name\":\"CAMISETA BULLPADEL BILMA 058 VERDE MANZANA\"}]},{\"@type\":\"WebSite\",\"@id\":\"https:\\\/\\\/revolutionpadelstore.com\\\/de\\\/#website\",\"url\":\"https:\\\/\\\/revolutionpadelstore.com\\\/de\\\/\",\"name\":\"Revolution Padel Store\",\"description\":\"\",\"publisher\":{\"@id\":\"https:\\\/\\\/revolutionpadelstore.com\\\/de\\\/#organization\"},\"potentialAction\":[{\"@type\":\"SearchAction\",\"target\":{\"@type\":\"EntryPoint\",\"urlTemplate\":\"https:\\\/\\\/revolutionpadelstore.com\\\/de\\\/?s={search_term_string}\"},\"query-input\":{\"@type\":\"PropertyValueSpecification\",\"valueRequired\":true,\"valueName\":\"search_term_string\"}}],\"inLanguage\":\"de\"},{\"@type\":\"Organization\",\"@id\":\"https:\\\/\\\/revolutionpadelstore.com\\\/de\\\/#organization\",\"name\":\"Revolution Padel Store\",\"url\":\"https:\\\/\\\/revolutionpadelstore.com\\\/de\\\/\",\"logo\":{\"@type\":\"ImageObject\",\"inLanguage\":\"de\",\"@id\":\"https:\\\/\\\/revolutionpadelstore.com\\\/de\\\/#\\\/schema\\\/logo\\\/image\\\/\",\"url\":\"https:\\\/\\\/revolutionpadelstore.com\\\/wp-content\\\/uploads\\\/2026\\\/02\\\/revolution-padel-store.jpg\",\"contentUrl\":\"https:\\\/\\\/revolutionpadelstore.com\\\/wp-content\\\/uploads\\\/2026\\\/02\\\/revolution-padel-store.jpg\",\"width\":2000,\"height\":2000,\"caption\":\"Revolution Padel Store\"},\"image\":{\"@id\":\"https:\\\/\\\/revolutionpadelstore.com\\\/de\\\/#\\\/schema\\\/logo\\\/image\\\/\"},\"sameAs\":[\"https:\\\/\\\/www.instagram.com\\\/revolutionpadelstore\\\/\"]}]}<\/script>\n<!-- \/ Yoast SEO plugin. -->","yoast_head_json":{"title":"CAMISETA BULLPADEL BILMA 058 VERDE MANZANA - Revolution Padel Store","description":"Camiseta Bullpadel Bilma para mujer, colecci\u00f3n Bea Gonz\u00e1lez. Con tecnolog\u00eda Quicker-Dry, dise\u00f1o exclusivo y tejido t\u00e9cnico. C\u00f3mprala al mejor precio en www.revolutionpadelstore.com.","robots":{"index":"index","follow":"follow","max-snippet":"max-snippet:-1","max-image-preview":"max-image-preview:large","max-video-preview":"max-video-preview:-1"},"canonical":"https:\/\/revolutionpadelstore.com\/de\/produkt\/camiseta-bullpadel-bilma-058-verde-manzana-1\/","og_locale":"de_DE","og_type":"article","og_title":"CAMISETA BULLPADEL BILMA 058 VERDE MANZANA - Revolution Padel Store","og_description":"Camiseta Bullpadel Bilma para mujer, colecci\u00f3n Bea Gonz\u00e1lez. Con tecnolog\u00eda Quicker-Dry, dise\u00f1o exclusivo y tejido t\u00e9cnico. C\u00f3mprala al mejor precio en www.revolutionpadelstore.com.","og_url":"https:\/\/revolutionpadelstore.com\/de\/produkt\/camiseta-bullpadel-bilma-058-verde-manzana-1\/","og_site_name":"Revolution Padel Store","article_modified_time":"2026-04-08T01:32:02+00:00","og_image":[{"width":1500,"height":1500,"url":"https:\/\/revolutionpadelstore.com\/wp-content\/uploads\/2025\/10\/470.png","type":"image\/png"}],"twitter_card":"summary_large_image","twitter_misc":{"Gesch\u00e4tzte Lesezeit":"1\u00a0Minute"},"schema":{"@context":"https:\/\/schema.org","@graph":[{"@type":"WebPage","@id":"https:\/\/revolutionpadelstore.com\/de\/produkt\/camiseta-bullpadel-bilma-058-verde-manzana-1\/","url":"https:\/\/revolutionpadelstore.com\/de\/produkt\/camiseta-bullpadel-bilma-058-verde-manzana-1\/","name":"CAMISETA BULLPADEL BILMA 058 VERDE MANZANA - Revolution Padel Store","isPartOf":{"@id":"https:\/\/revolutionpadelstore.com\/de\/#website"},"primaryImageOfPage":{"@id":"https:\/\/revolutionpadelstore.com\/de\/produkt\/camiseta-bullpadel-bilma-058-verde-manzana-1\/#primaryimage"},"image":{"@id":"https:\/\/revolutionpadelstore.com\/de\/produkt\/camiseta-bullpadel-bilma-058-verde-manzana-1\/#primaryimage"},"thumbnailUrl":"https:\/\/revolutionpadelstore.com\/wp-content\/uploads\/2025\/10\/470.png","datePublished":"2025-10-07T22:43:29+00:00","dateModified":"2026-04-08T01:32:02+00:00","description":"Camiseta Bullpadel Bilma para mujer, colecci\u00f3n Bea Gonz\u00e1lez. Con tecnolog\u00eda Quicker-Dry, dise\u00f1o exclusivo y tejido t\u00e9cnico. C\u00f3mprala al mejor precio en www.revolutionpadelstore.com.","breadcrumb":{"@id":"https:\/\/revolutionpadelstore.com\/de\/produkt\/camiseta-bullpadel-bilma-058-verde-manzana-1\/#breadcrumb"},"inLanguage":"de","potentialAction":[{"@type":"ReadAction","target":["https:\/\/revolutionpadelstore.com\/de\/produkt\/camiseta-bullpadel-bilma-058-verde-manzana-1\/"]}]},{"@type":"ImageObject","inLanguage":"de","@id":"https:\/\/revolutionpadelstore.com\/de\/produkt\/camiseta-bullpadel-bilma-058-verde-manzana-1\/#primaryimage","url":"https:\/\/revolutionpadelstore.com\/wp-content\/uploads\/2025\/10\/470.png","contentUrl":"https:\/\/revolutionpadelstore.com\/wp-content\/uploads\/2025\/10\/470.png","width":1500,"height":1500},{"@type":"BreadcrumbList","@id":"https:\/\/revolutionpadelstore.com\/de\/produkt\/camiseta-bullpadel-bilma-058-verde-manzana-1\/#breadcrumb","itemListElement":[{"@type":"ListItem","position":1,"name":"Portada","item":"https:\/\/revolutionpadelstore.com\/de\/"},{"@type":"ListItem","position":2,"name":"Shop","item":"https:\/\/revolutionpadelstore.com\/de\/tienda\/"},{"@type":"ListItem","position":3,"name":"CAMISETA BULLPADEL BILMA 058 VERDE MANZANA"}]},{"@type":"WebSite","@id":"https:\/\/revolutionpadelstore.com\/de\/#website","url":"https:\/\/revolutionpadelstore.com\/de\/","name":"Revolution Padel Store","description":"","publisher":{"@id":"https:\/\/revolutionpadelstore.com\/de\/#organization"},"potentialAction":[{"@type":"SearchAction","target":{"@type":"EntryPoint","urlTemplate":"https:\/\/revolutionpadelstore.com\/de\/?s={search_term_string}"},"query-input":{"@type":"PropertyValueSpecification","valueRequired":true,"valueName":"search_term_string"}}],"inLanguage":"de"},{"@type":"Organization","@id":"https:\/\/revolutionpadelstore.com\/de\/#organization","name":"Revolution Padel Store","url":"https:\/\/revolutionpadelstore.com\/de\/","logo":{"@type":"ImageObject","inLanguage":"de","@id":"https:\/\/revolutionpadelstore.com\/de\/#\/schema\/logo\/image\/","url":"https:\/\/revolutionpadelstore.com\/wp-content\/uploads\/2026\/02\/revolution-padel-store.jpg","contentUrl":"https:\/\/revolutionpadelstore.com\/wp-content\/uploads\/2026\/02\/revolution-padel-store.jpg","width":2000,"height":2000,"caption":"Revolution Padel Store"},"image":{"@id":"https:\/\/revolutionpadelstore.com\/de\/#\/schema\/logo\/image\/"},"sameAs":["https:\/\/www.instagram.com\/revolutionpadelstore\/"]}]}},"_links":{"self":[{"href":"https:\/\/revolutionpadelstore.com\/de\/wp-json\/wp\/v2\/product\/270923","targetHints":{"allow":["GET"]}}],"collection":[{"href":"https:\/\/revolutionpadelstore.com\/de\/wp-json\/wp\/v2\/product"}],"about":[{"href":"https:\/\/revolutionpadelstore.com\/de\/wp-json\/wp\/v2\/types\/product"}],"replies":[{"embeddable":true,"href":"https:\/\/revolutionpadelstore.com\/de\/wp-json\/wp\/v2\/comments?post=270923"}],"wp:featuredmedia":[{"embeddable":true,"href":"https:\/\/revolutionpadelstore.com\/de\/wp-json\/wp\/v2\/media\/270890"}],"wp:attachment":[{"href":"https:\/\/revolutionpadelstore.com\/de\/wp-json\/wp\/v2\/media?parent=270923"}],"wp:term":[{"taxonomy":"acabado","embeddable":true,"href":"https:\/\/revolutionpadelstore.com\/de\/wp-json\/wp\/v2\/acabado?post=270923"},{"taxonomy":"balance","embeddable":true,"href":"https:\/\/revolutionpadelstore.com\/de\/wp-json\/wp\/v2\/balance?post=270923"},{"taxonomy":"dureza","embeddable":true,"href":"https:\/\/revolutionpadelstore.com\/de\/wp-json\/wp\/v2\/dureza?post=270923"},{"taxonomy":"forma","embeddable":true,"href":"https:\/\/revolutionpadelstore.com\/de\/wp-json\/wp\/v2\/forma?post=270923"},{"taxonomy":"jugador","embeddable":true,"href":"https:\/\/revolutionpadelstore.com\/de\/wp-json\/wp\/v2\/jugador?post=270923"},{"taxonomy":"marca","embeddable":true,"href":"https:\/\/revolutionpadelstore.com\/de\/wp-json\/wp\/v2\/marca?post=270923"},{"taxonomy":"nivel-de-juego","embeddable":true,"href":"https:\/\/revolutionpadelstore.com\/de\/wp-json\/wp\/v2\/nivel-de-juego?post=270923"},{"taxonomy":"superficie","embeddable":true,"href":"https:\/\/revolutionpadelstore.com\/de\/wp-json\/wp\/v2\/superficie?post=270923"},{"taxonomy":"tipo-de-juego","embeddable":true,"href":"https:\/\/revolutionpadelstore.com\/de\/wp-json\/wp\/v2\/tipo-de-juego?post=270923"},{"taxonomy":"product_brand","embeddable":true,"href":"https:\/\/revolutionpadelstore.com\/de\/wp-json\/wp\/v2\/product_brand?post=270923"},{"taxonomy":"product_cat","embeddable":true,"href":"https:\/\/revolutionpadelstore.com\/de\/wp-json\/wp\/v2\/product_cat?post=270923"},{"taxonomy":"product_tag","embeddable":true,"href":"https:\/\/revolutionpadelstore.com\/de\/wp-json\/wp\/v2\/product_tag?post=270923"}],"curies":[{"name":"wp","href":"https:\/\/api.w.org\/{rel}","templated":true}]}}