{"id":270691,"date":"2025-10-07T23:32:55","date_gmt":"2025-10-07T21:32:55","guid":{"rendered":"https:\/\/revolutionpadelstore.com\/?post_type=product&#038;p=270691"},"modified":"2026-04-08T03:33:46","modified_gmt":"2026-04-08T01:33:46","slug":"short-bullpadel-berbi-038-hielo-1","status":"publish","type":"product","link":"https:\/\/revolutionpadelstore.com\/de\/produkt\/short-bullpadel-berbi-038-hielo-1\/","title":{"rendered":"SHORT BULLPADEL BERBI 038 HIELO"},"content":{"rendered":"<h2><strong>Technische Padel-Shorts von Bea Gonz\u00e1lez \u2013 Komfort, Stil und professionelle Leistung<\/strong><\/h2>\n<p>Diese f\u00fcr anspruchsvolle Spieler konzipierten <strong>Paddel-Shorts ohne Innennetz<\/strong> zeichnen sich durch Komfort, modernen Stil und leistungsstarke Technologie aus. Dieses Modell ist auf der R\u00fcckseite vom Padel-Star <strong>Bea Gonz\u00e1lez<\/strong> signiert und verleiht Ihrer Ausr\u00fcstung eine exklusive und professionelle Note.<\/p>\n<h2><strong>Eigenschaften:<\/strong><\/h2>\n<p><strong>-Individuell angepasster Gummibund am Bund<\/strong>, der w\u00e4hrend des gesamten Spiels einen bequemen und sicheren Sitz garantiert.<\/p>\n<p><strong>-Bi-elastisches technisches Gewebe<\/strong>: Mischung aus Polyester und Elastan f\u00fcr absolute Bewegungsfreiheit auf dem Platz.<\/p>\n<p><strong>-Schnell trocknendes Binamic-Finish<\/strong>, ideal, um die Haut auch bei intensivsten Matches trocken zu halten.<\/p>\n<p><strong>-Funktionale Seitentaschen<\/strong>, perfekt zum Verstauen von B\u00e4llen oder kleinen Gegenst\u00e4nden.<\/p>\n<p><strong>-Reflektierendes Logo vorne<\/strong> sorgt f\u00fcr Sichtbarkeit und einen sportlichen und modernen Touch.<\/p>\n<h2><strong>Vorteile f\u00fcr den Paddle-Tennisspieler:<\/strong><\/h2>\n<p>-Mehr Bewegungsfreiheit dank technischem Design ohne Innennetz.<\/p>\n<p>-Individuelle Passform, die sich jedem K\u00f6rpertyp anpasst.<\/p>\n<p>-Schnelltrocknungstechnologie f\u00fcr Frische und Komfort an jedem Punkt.<\/p>\n<p>&#8211; Inspiriert und signiert von Bea Gonz\u00e1lez, ideal f\u00fcr Spieler, die einen professionellen Look suchen.<\/p>\n<p>-Diese Short ist perfekt f\u00fcr Training und Wettkampf. Mit einem minimalistischen und funktionalen Design unterstreichen Sie Ihren Stil auf dem Platz, ohne auf Leistung zu verzichten.<\/p>\n<p><strong>Jetzt erh\u00e4ltlich unter <a href=\"http:\/\/www.revolutionpadelstore.com\/\">www.revolutionpadelstore.com<\/a>, wahrscheinlich zum besten Preis auf dem Markt. Holen Sie sich die Shorts von Bea Gonz\u00e1lez und spielen Sie wie ein Profi!<\/strong><\/p>\n<h2><strong>Short t\u00e9cnico de p\u00e1del Bea Gonz\u00e1lez \u2013 Confort, estilo y rendimiento profesional<\/strong><\/p>\n","protected":false},"excerpt":{"rendered":"<p>Shorts ohne Innennetz mit personalisiertem Gummibund am Bund, auf der R\u00fcckseite von der Spielerin<strong>Bea Gonz\u00e1lez<\/strong> signiert.<strong>\u00a0Bea Gonz\u00e1lez<\/strong><\/p>\n","protected":false},"featured_media":270706,"comment_status":"open","ping_status":"closed","template":"","meta":{"_acf_changed":false,"_joinchat":[]},"acabado":[],"balance":[],"dureza":[],"forma":[],"jugador":[],"marca":[1254],"nivel-de-juego":[],"superficie":[],"tipo-de-juego":[],"product_brand":[],"product_cat":[323],"product_tag":[],"class_list":{"0":"post-270691","1":"product","2":"type-product","3":"status-publish","4":"has-post-thumbnail","6":"marca-bullpadel-de","7":"product_cat-ropa-de","9":"first","10":"outofstock","11":"sale","12":"taxable","13":"shipping-taxable","14":"purchasable","15":"product-type-variable"},"acf":[],"yoast_head":"<!-- This site is optimized with the Yoast SEO plugin v27.4 - https:\/\/yoast.com\/product\/yoast-seo-wordpress\/ -->\n<title>SHORT BULLPADEL BERBI 038 HIELO - Revolution Padel Store<\/title>\n<meta name=\"description\" content=\"Compra el short t\u00e9cnico de p\u00e1del sin malla interior firmado por Bea Gonz\u00e1lez. Tejido el\u00e1stico, secado r\u00e1pido y dise\u00f1o exclusivo. Disponible en www.revolutionpadelstore.com.\" \/>\n<meta name=\"robots\" content=\"index, follow, max-snippet:-1, max-image-preview:large, max-video-preview:-1\" \/>\n<link rel=\"canonical\" href=\"https:\/\/revolutionpadelstore.com\/de\/produkt\/short-bullpadel-berbi-038-hielo-1\/\" \/>\n<meta property=\"og:locale\" content=\"de_DE\" \/>\n<meta property=\"og:type\" content=\"article\" \/>\n<meta property=\"og:title\" content=\"SHORT BULLPADEL BERBI 038 HIELO - Revolution Padel Store\" \/>\n<meta property=\"og:description\" content=\"Compra el short t\u00e9cnico de p\u00e1del sin malla interior firmado por Bea Gonz\u00e1lez. Tejido el\u00e1stico, secado r\u00e1pido y dise\u00f1o exclusivo. Disponible en www.revolutionpadelstore.com.\" \/>\n<meta property=\"og:url\" content=\"https:\/\/revolutionpadelstore.com\/de\/produkt\/short-bullpadel-berbi-038-hielo-1\/\" \/>\n<meta property=\"og:site_name\" content=\"Revolution Padel Store\" \/>\n<meta property=\"article:modified_time\" content=\"2026-04-08T01:33:46+00:00\" \/>\n<meta property=\"og:image\" content=\"https:\/\/revolutionpadelstore.com\/wp-content\/uploads\/2025\/10\/450.png\" \/>\n\t<meta property=\"og:image:width\" content=\"1500\" \/>\n\t<meta property=\"og:image:height\" content=\"1500\" \/>\n\t<meta property=\"og:image:type\" content=\"image\/png\" \/>\n<meta name=\"twitter:card\" content=\"summary_large_image\" \/>\n<meta name=\"twitter:label1\" content=\"Gesch\u00e4tzte Lesezeit\" \/>\n\t<meta name=\"twitter:data1\" content=\"1\u00a0Minute\" \/>\n<script type=\"application\/ld+json\" class=\"yoast-schema-graph\">{\"@context\":\"https:\\\/\\\/schema.org\",\"@graph\":[{\"@type\":\"WebPage\",\"@id\":\"https:\\\/\\\/revolutionpadelstore.com\\\/de\\\/produkt\\\/short-bullpadel-berbi-038-hielo-1\\\/\",\"url\":\"https:\\\/\\\/revolutionpadelstore.com\\\/de\\\/produkt\\\/short-bullpadel-berbi-038-hielo-1\\\/\",\"name\":\"SHORT BULLPADEL BERBI 038 HIELO - Revolution Padel Store\",\"isPartOf\":{\"@id\":\"https:\\\/\\\/revolutionpadelstore.com\\\/de\\\/#website\"},\"primaryImageOfPage\":{\"@id\":\"https:\\\/\\\/revolutionpadelstore.com\\\/de\\\/produkt\\\/short-bullpadel-berbi-038-hielo-1\\\/#primaryimage\"},\"image\":{\"@id\":\"https:\\\/\\\/revolutionpadelstore.com\\\/de\\\/produkt\\\/short-bullpadel-berbi-038-hielo-1\\\/#primaryimage\"},\"thumbnailUrl\":\"https:\\\/\\\/revolutionpadelstore.com\\\/wp-content\\\/uploads\\\/2025\\\/10\\\/450.png\",\"datePublished\":\"2025-10-07T21:32:55+00:00\",\"dateModified\":\"2026-04-08T01:33:46+00:00\",\"description\":\"Compra el short t\u00e9cnico de p\u00e1del sin malla interior firmado por Bea Gonz\u00e1lez. Tejido el\u00e1stico, secado r\u00e1pido y dise\u00f1o exclusivo. Disponible en www.revolutionpadelstore.com.\",\"breadcrumb\":{\"@id\":\"https:\\\/\\\/revolutionpadelstore.com\\\/de\\\/produkt\\\/short-bullpadel-berbi-038-hielo-1\\\/#breadcrumb\"},\"inLanguage\":\"de\",\"potentialAction\":[{\"@type\":\"ReadAction\",\"target\":[\"https:\\\/\\\/revolutionpadelstore.com\\\/de\\\/produkt\\\/short-bullpadel-berbi-038-hielo-1\\\/\"]}]},{\"@type\":\"ImageObject\",\"inLanguage\":\"de\",\"@id\":\"https:\\\/\\\/revolutionpadelstore.com\\\/de\\\/produkt\\\/short-bullpadel-berbi-038-hielo-1\\\/#primaryimage\",\"url\":\"https:\\\/\\\/revolutionpadelstore.com\\\/wp-content\\\/uploads\\\/2025\\\/10\\\/450.png\",\"contentUrl\":\"https:\\\/\\\/revolutionpadelstore.com\\\/wp-content\\\/uploads\\\/2025\\\/10\\\/450.png\",\"width\":1500,\"height\":1500},{\"@type\":\"BreadcrumbList\",\"@id\":\"https:\\\/\\\/revolutionpadelstore.com\\\/de\\\/produkt\\\/short-bullpadel-berbi-038-hielo-1\\\/#breadcrumb\",\"itemListElement\":[{\"@type\":\"ListItem\",\"position\":1,\"name\":\"Portada\",\"item\":\"https:\\\/\\\/revolutionpadelstore.com\\\/de\\\/\"},{\"@type\":\"ListItem\",\"position\":2,\"name\":\"Shop\",\"item\":\"https:\\\/\\\/revolutionpadelstore.com\\\/de\\\/tienda\\\/\"},{\"@type\":\"ListItem\",\"position\":3,\"name\":\"SHORT BULLPADEL BERBI 038 HIELO\"}]},{\"@type\":\"WebSite\",\"@id\":\"https:\\\/\\\/revolutionpadelstore.com\\\/de\\\/#website\",\"url\":\"https:\\\/\\\/revolutionpadelstore.com\\\/de\\\/\",\"name\":\"Revolution Padel Store\",\"description\":\"\",\"publisher\":{\"@id\":\"https:\\\/\\\/revolutionpadelstore.com\\\/de\\\/#organization\"},\"potentialAction\":[{\"@type\":\"SearchAction\",\"target\":{\"@type\":\"EntryPoint\",\"urlTemplate\":\"https:\\\/\\\/revolutionpadelstore.com\\\/de\\\/?s={search_term_string}\"},\"query-input\":{\"@type\":\"PropertyValueSpecification\",\"valueRequired\":true,\"valueName\":\"search_term_string\"}}],\"inLanguage\":\"de\"},{\"@type\":\"Organization\",\"@id\":\"https:\\\/\\\/revolutionpadelstore.com\\\/de\\\/#organization\",\"name\":\"Revolution Padel Store\",\"url\":\"https:\\\/\\\/revolutionpadelstore.com\\\/de\\\/\",\"logo\":{\"@type\":\"ImageObject\",\"inLanguage\":\"de\",\"@id\":\"https:\\\/\\\/revolutionpadelstore.com\\\/de\\\/#\\\/schema\\\/logo\\\/image\\\/\",\"url\":\"https:\\\/\\\/revolutionpadelstore.com\\\/wp-content\\\/uploads\\\/2026\\\/02\\\/revolution-padel-store.jpg\",\"contentUrl\":\"https:\\\/\\\/revolutionpadelstore.com\\\/wp-content\\\/uploads\\\/2026\\\/02\\\/revolution-padel-store.jpg\",\"width\":2000,\"height\":2000,\"caption\":\"Revolution Padel Store\"},\"image\":{\"@id\":\"https:\\\/\\\/revolutionpadelstore.com\\\/de\\\/#\\\/schema\\\/logo\\\/image\\\/\"},\"sameAs\":[\"https:\\\/\\\/www.instagram.com\\\/revolutionpadelstore\\\/\"]}]}<\/script>\n<!-- \/ Yoast SEO plugin. -->","yoast_head_json":{"title":"SHORT BULLPADEL BERBI 038 HIELO - Revolution Padel Store","description":"Compra el short t\u00e9cnico de p\u00e1del sin malla interior firmado por Bea Gonz\u00e1lez. Tejido el\u00e1stico, secado r\u00e1pido y dise\u00f1o exclusivo. Disponible en www.revolutionpadelstore.com.","robots":{"index":"index","follow":"follow","max-snippet":"max-snippet:-1","max-image-preview":"max-image-preview:large","max-video-preview":"max-video-preview:-1"},"canonical":"https:\/\/revolutionpadelstore.com\/de\/produkt\/short-bullpadel-berbi-038-hielo-1\/","og_locale":"de_DE","og_type":"article","og_title":"SHORT BULLPADEL BERBI 038 HIELO - Revolution Padel Store","og_description":"Compra el short t\u00e9cnico de p\u00e1del sin malla interior firmado por Bea Gonz\u00e1lez. Tejido el\u00e1stico, secado r\u00e1pido y dise\u00f1o exclusivo. Disponible en www.revolutionpadelstore.com.","og_url":"https:\/\/revolutionpadelstore.com\/de\/produkt\/short-bullpadel-berbi-038-hielo-1\/","og_site_name":"Revolution Padel Store","article_modified_time":"2026-04-08T01:33:46+00:00","og_image":[{"width":1500,"height":1500,"url":"https:\/\/revolutionpadelstore.com\/wp-content\/uploads\/2025\/10\/450.png","type":"image\/png"}],"twitter_card":"summary_large_image","twitter_misc":{"Gesch\u00e4tzte Lesezeit":"1\u00a0Minute"},"schema":{"@context":"https:\/\/schema.org","@graph":[{"@type":"WebPage","@id":"https:\/\/revolutionpadelstore.com\/de\/produkt\/short-bullpadel-berbi-038-hielo-1\/","url":"https:\/\/revolutionpadelstore.com\/de\/produkt\/short-bullpadel-berbi-038-hielo-1\/","name":"SHORT BULLPADEL BERBI 038 HIELO - Revolution Padel Store","isPartOf":{"@id":"https:\/\/revolutionpadelstore.com\/de\/#website"},"primaryImageOfPage":{"@id":"https:\/\/revolutionpadelstore.com\/de\/produkt\/short-bullpadel-berbi-038-hielo-1\/#primaryimage"},"image":{"@id":"https:\/\/revolutionpadelstore.com\/de\/produkt\/short-bullpadel-berbi-038-hielo-1\/#primaryimage"},"thumbnailUrl":"https:\/\/revolutionpadelstore.com\/wp-content\/uploads\/2025\/10\/450.png","datePublished":"2025-10-07T21:32:55+00:00","dateModified":"2026-04-08T01:33:46+00:00","description":"Compra el short t\u00e9cnico de p\u00e1del sin malla interior firmado por Bea Gonz\u00e1lez. Tejido el\u00e1stico, secado r\u00e1pido y dise\u00f1o exclusivo. Disponible en www.revolutionpadelstore.com.","breadcrumb":{"@id":"https:\/\/revolutionpadelstore.com\/de\/produkt\/short-bullpadel-berbi-038-hielo-1\/#breadcrumb"},"inLanguage":"de","potentialAction":[{"@type":"ReadAction","target":["https:\/\/revolutionpadelstore.com\/de\/produkt\/short-bullpadel-berbi-038-hielo-1\/"]}]},{"@type":"ImageObject","inLanguage":"de","@id":"https:\/\/revolutionpadelstore.com\/de\/produkt\/short-bullpadel-berbi-038-hielo-1\/#primaryimage","url":"https:\/\/revolutionpadelstore.com\/wp-content\/uploads\/2025\/10\/450.png","contentUrl":"https:\/\/revolutionpadelstore.com\/wp-content\/uploads\/2025\/10\/450.png","width":1500,"height":1500},{"@type":"BreadcrumbList","@id":"https:\/\/revolutionpadelstore.com\/de\/produkt\/short-bullpadel-berbi-038-hielo-1\/#breadcrumb","itemListElement":[{"@type":"ListItem","position":1,"name":"Portada","item":"https:\/\/revolutionpadelstore.com\/de\/"},{"@type":"ListItem","position":2,"name":"Shop","item":"https:\/\/revolutionpadelstore.com\/de\/tienda\/"},{"@type":"ListItem","position":3,"name":"SHORT BULLPADEL BERBI 038 HIELO"}]},{"@type":"WebSite","@id":"https:\/\/revolutionpadelstore.com\/de\/#website","url":"https:\/\/revolutionpadelstore.com\/de\/","name":"Revolution Padel Store","description":"","publisher":{"@id":"https:\/\/revolutionpadelstore.com\/de\/#organization"},"potentialAction":[{"@type":"SearchAction","target":{"@type":"EntryPoint","urlTemplate":"https:\/\/revolutionpadelstore.com\/de\/?s={search_term_string}"},"query-input":{"@type":"PropertyValueSpecification","valueRequired":true,"valueName":"search_term_string"}}],"inLanguage":"de"},{"@type":"Organization","@id":"https:\/\/revolutionpadelstore.com\/de\/#organization","name":"Revolution Padel Store","url":"https:\/\/revolutionpadelstore.com\/de\/","logo":{"@type":"ImageObject","inLanguage":"de","@id":"https:\/\/revolutionpadelstore.com\/de\/#\/schema\/logo\/image\/","url":"https:\/\/revolutionpadelstore.com\/wp-content\/uploads\/2026\/02\/revolution-padel-store.jpg","contentUrl":"https:\/\/revolutionpadelstore.com\/wp-content\/uploads\/2026\/02\/revolution-padel-store.jpg","width":2000,"height":2000,"caption":"Revolution Padel Store"},"image":{"@id":"https:\/\/revolutionpadelstore.com\/de\/#\/schema\/logo\/image\/"},"sameAs":["https:\/\/www.instagram.com\/revolutionpadelstore\/"]}]}},"_links":{"self":[{"href":"https:\/\/revolutionpadelstore.com\/de\/wp-json\/wp\/v2\/product\/270691","targetHints":{"allow":["GET"]}}],"collection":[{"href":"https:\/\/revolutionpadelstore.com\/de\/wp-json\/wp\/v2\/product"}],"about":[{"href":"https:\/\/revolutionpadelstore.com\/de\/wp-json\/wp\/v2\/types\/product"}],"replies":[{"embeddable":true,"href":"https:\/\/revolutionpadelstore.com\/de\/wp-json\/wp\/v2\/comments?post=270691"}],"wp:featuredmedia":[{"embeddable":true,"href":"https:\/\/revolutionpadelstore.com\/de\/wp-json\/wp\/v2\/media\/270706"}],"wp:attachment":[{"href":"https:\/\/revolutionpadelstore.com\/de\/wp-json\/wp\/v2\/media?parent=270691"}],"wp:term":[{"taxonomy":"acabado","embeddable":true,"href":"https:\/\/revolutionpadelstore.com\/de\/wp-json\/wp\/v2\/acabado?post=270691"},{"taxonomy":"balance","embeddable":true,"href":"https:\/\/revolutionpadelstore.com\/de\/wp-json\/wp\/v2\/balance?post=270691"},{"taxonomy":"dureza","embeddable":true,"href":"https:\/\/revolutionpadelstore.com\/de\/wp-json\/wp\/v2\/dureza?post=270691"},{"taxonomy":"forma","embeddable":true,"href":"https:\/\/revolutionpadelstore.com\/de\/wp-json\/wp\/v2\/forma?post=270691"},{"taxonomy":"jugador","embeddable":true,"href":"https:\/\/revolutionpadelstore.com\/de\/wp-json\/wp\/v2\/jugador?post=270691"},{"taxonomy":"marca","embeddable":true,"href":"https:\/\/revolutionpadelstore.com\/de\/wp-json\/wp\/v2\/marca?post=270691"},{"taxonomy":"nivel-de-juego","embeddable":true,"href":"https:\/\/revolutionpadelstore.com\/de\/wp-json\/wp\/v2\/nivel-de-juego?post=270691"},{"taxonomy":"superficie","embeddable":true,"href":"https:\/\/revolutionpadelstore.com\/de\/wp-json\/wp\/v2\/superficie?post=270691"},{"taxonomy":"tipo-de-juego","embeddable":true,"href":"https:\/\/revolutionpadelstore.com\/de\/wp-json\/wp\/v2\/tipo-de-juego?post=270691"},{"taxonomy":"product_brand","embeddable":true,"href":"https:\/\/revolutionpadelstore.com\/de\/wp-json\/wp\/v2\/product_brand?post=270691"},{"taxonomy":"product_cat","embeddable":true,"href":"https:\/\/revolutionpadelstore.com\/de\/wp-json\/wp\/v2\/product_cat?post=270691"},{"taxonomy":"product_tag","embeddable":true,"href":"https:\/\/revolutionpadelstore.com\/de\/wp-json\/wp\/v2\/product_tag?post=270691"}],"curies":[{"name":"wp","href":"https:\/\/api.w.org\/{rel}","templated":true}]}}