{"id":270649,"date":"2025-10-07T10:57:01","date_gmt":"2025-10-07T08:57:01","guid":{"rendered":"https:\/\/revolutionpadelstore.com\/camiseta-bullpadel-bilma-azul-oscuro-vigore\/"},"modified":"2026-04-08T03:34:20","modified_gmt":"2026-04-08T01:34:20","slug":"camiseta-bullpadel-bilma-azul-oscuro-vigore-1","status":"publish","type":"product","link":"https:\/\/revolutionpadelstore.com\/de\/produkt\/camiseta-bullpadel-bilma-azul-oscuro-vigore-1\/","title":{"rendered":"CAMISETA BULLPADEL BILMA AZUL OSCURO VIGORE"},"content":{"rendered":"<h2>Kurz\u00e4rmeliges technisches T-Shirt, signiert von Bea Gonz\u00e1lez<\/h2>\n<p>Zeigen Sie den Stil eines Champions mit diesem <strong>kurz\u00e4rmeligen technischen T-Shirt<\/strong>, das mit der <strong>offiziellen Unterschrift der Profispielerin Bea Gonz\u00e1lez<\/strong> auf der R\u00fcckseite versehen ist. Ideal f\u00fcr Spieler, die auf und neben dem Platz Komfort, Leistung und einen sportlichen Look auf hohem Niveau suchen.<\/p>\n<h2>Hervorgehobene Funktionen<\/h2>\n<p><strong>-Technisches Polyester-Mesh-Gewebe mit Baumwolle<\/strong>: bietet Atmungsaktivit\u00e4t, Weichheit und Bewegungsfreiheit<\/p>\n<p><strong>-Quicker-Dry-Technologie<\/strong>: schnell trocknend, damit Sie w\u00e4hrend des Spiels k\u00fchl und trocken bleiben<\/p>\n<p><strong>-Kontrast-Eins\u00e4tze an Hals und Schultern<\/strong>: modernes und sportliches Design<\/p>\n<p><strong>-Exklusive Verzierung auf der rechten Schulter<\/strong>, die f\u00fcr visuelle Dynamik sorgt<\/p>\n<p><strong>-Reflektierendes Logo auf der Vorderseite<\/strong>: mehr Sichtbarkeit und Stil<\/p>\n<p><strong>-Unterschrift von Bea Gonz\u00e1lez auf der R\u00fcckseite<\/strong>: Echtheitssiegel in Verbindung mit einer Referenz im professionellen Padel<\/p>\n<h2>Vorteile f\u00fcr Padel-Spielerinnen<\/h2>\n<p>-Ideal f\u00fcr Training, Spiele oder den Freizeitgebrauch dank seines vielseitigen Designs<\/p>\n<p>-Bequem und leicht auch bei hei\u00dfem Wetter<\/p>\n<p>&#8211; Bietet einen professionellen Look, inspiriert von einer der gro\u00dfartigen Figuren des Damen-Padel<\/p>\n<p>-Technische und visuelle Details, die Mode und Funktionalit\u00e4t vereinen<\/p>\n<h2>Warum dieses T-Shirt w\u00e4hlen?<\/h2>\n<p>Denn es kommt nicht nur auf die Leistung an, sondern auch auf die Einstellung. Dieses Trikot repr\u00e4sentiert die St\u00e4rke, den Stil und die Hingabe eines Spielers, der Tausende inspiriert. Komfort, Technologie und Design vereinen sich, um Ihr Spiel auf die n\u00e4chste Stufe zu heben.<\/p>\n<p>Ab sofort in unserem Online-Shop <a href=\"https:\/\/www.revolutionpadelstore.com\/\">www.revolutionpadelstore.com<\/a> erh\u00e4ltlich, wahrscheinlich zum besten Preis auf dem Markt. Bestellen Sie noch heute und trainieren Sie wie ein Profi!<\/p>\n<h2>Camiseta t\u00e9cnica de manga corta con firma de Bea Gonz\u00e1lez<\/h2>\n","protected":false},"excerpt":{"rendered":"<p>Kurz\u00e4rmeliges T-Shirt mit der Signatur der Spielerin <strong>Bea Gonz\u00e1lez<\/strong> auf der R\u00fcckseite.<strong>Bea Gonz\u00e1lez<\/strong><\/p>\n","protected":false},"featured_media":270616,"comment_status":"open","ping_status":"closed","template":"","meta":{"_acf_changed":false,"_joinchat":[]},"acabado":[],"balance":[],"dureza":[],"forma":[],"jugador":[],"marca":[1254],"nivel-de-juego":[],"superficie":[],"tipo-de-juego":[],"product_brand":[],"product_cat":[323],"product_tag":[],"class_list":{"0":"post-270649","1":"product","2":"type-product","3":"status-publish","4":"has-post-thumbnail","6":"marca-bullpadel-de","7":"product_cat-ropa-de","9":"first","10":"outofstock","11":"sale","12":"taxable","13":"shipping-taxable","14":"purchasable","15":"product-type-variable"},"acf":[],"yoast_head":"<!-- This site is optimized with the Yoast SEO plugin v27.4 - https:\/\/yoast.com\/product\/yoast-seo-wordpress\/ -->\n<title>CAMISETA BULLPADEL BILMA AZUL OSCURO VIGORE - Revolution Padel Store<\/title>\n<meta name=\"description\" content=\"Camiseta t\u00e9cnica de p\u00e1del con manga corta, tejido Quicker-Dry, firma de Bea Gonz\u00e1lez y detalles en contraste. C\u00f3mprala en www.revolutionpadelstore.com al mejor precio.\" \/>\n<meta name=\"robots\" content=\"index, follow, max-snippet:-1, max-image-preview:large, max-video-preview:-1\" \/>\n<link rel=\"canonical\" href=\"https:\/\/revolutionpadelstore.com\/de\/produkt\/camiseta-bullpadel-bilma-azul-oscuro-vigore-1\/\" \/>\n<meta property=\"og:locale\" content=\"de_DE\" \/>\n<meta property=\"og:type\" content=\"article\" \/>\n<meta property=\"og:title\" content=\"CAMISETA BULLPADEL BILMA AZUL OSCURO VIGORE - Revolution Padel Store\" \/>\n<meta property=\"og:description\" content=\"Camiseta t\u00e9cnica de p\u00e1del con manga corta, tejido Quicker-Dry, firma de Bea Gonz\u00e1lez y detalles en contraste. C\u00f3mprala en www.revolutionpadelstore.com al mejor precio.\" \/>\n<meta property=\"og:url\" content=\"https:\/\/revolutionpadelstore.com\/de\/produkt\/camiseta-bullpadel-bilma-azul-oscuro-vigore-1\/\" \/>\n<meta property=\"og:site_name\" content=\"Revolution Padel Store\" \/>\n<meta property=\"article:modified_time\" content=\"2026-04-08T01:34:20+00:00\" \/>\n<meta property=\"og:image\" content=\"https:\/\/revolutionpadelstore.com\/wp-content\/uploads\/2025\/10\/445.png\" \/>\n\t<meta property=\"og:image:width\" content=\"1500\" \/>\n\t<meta property=\"og:image:height\" content=\"1500\" \/>\n\t<meta property=\"og:image:type\" content=\"image\/png\" \/>\n<meta name=\"twitter:card\" content=\"summary_large_image\" \/>\n<meta name=\"twitter:label1\" content=\"Gesch\u00e4tzte Lesezeit\" \/>\n\t<meta name=\"twitter:data1\" content=\"1\u00a0Minute\" \/>\n<script type=\"application\/ld+json\" class=\"yoast-schema-graph\">{\"@context\":\"https:\\\/\\\/schema.org\",\"@graph\":[{\"@type\":\"WebPage\",\"@id\":\"https:\\\/\\\/revolutionpadelstore.com\\\/de\\\/produkt\\\/camiseta-bullpadel-bilma-azul-oscuro-vigore-1\\\/\",\"url\":\"https:\\\/\\\/revolutionpadelstore.com\\\/de\\\/produkt\\\/camiseta-bullpadel-bilma-azul-oscuro-vigore-1\\\/\",\"name\":\"CAMISETA BULLPADEL BILMA AZUL OSCURO VIGORE - Revolution Padel Store\",\"isPartOf\":{\"@id\":\"https:\\\/\\\/revolutionpadelstore.com\\\/de\\\/#website\"},\"primaryImageOfPage\":{\"@id\":\"https:\\\/\\\/revolutionpadelstore.com\\\/de\\\/produkt\\\/camiseta-bullpadel-bilma-azul-oscuro-vigore-1\\\/#primaryimage\"},\"image\":{\"@id\":\"https:\\\/\\\/revolutionpadelstore.com\\\/de\\\/produkt\\\/camiseta-bullpadel-bilma-azul-oscuro-vigore-1\\\/#primaryimage\"},\"thumbnailUrl\":\"https:\\\/\\\/revolutionpadelstore.com\\\/wp-content\\\/uploads\\\/2025\\\/10\\\/445.png\",\"datePublished\":\"2025-10-07T08:57:01+00:00\",\"dateModified\":\"2026-04-08T01:34:20+00:00\",\"description\":\"Camiseta t\u00e9cnica de p\u00e1del con manga corta, tejido Quicker-Dry, firma de Bea Gonz\u00e1lez y detalles en contraste. C\u00f3mprala en www.revolutionpadelstore.com al mejor precio.\",\"breadcrumb\":{\"@id\":\"https:\\\/\\\/revolutionpadelstore.com\\\/de\\\/produkt\\\/camiseta-bullpadel-bilma-azul-oscuro-vigore-1\\\/#breadcrumb\"},\"inLanguage\":\"de\",\"potentialAction\":[{\"@type\":\"ReadAction\",\"target\":[\"https:\\\/\\\/revolutionpadelstore.com\\\/de\\\/produkt\\\/camiseta-bullpadel-bilma-azul-oscuro-vigore-1\\\/\"]}]},{\"@type\":\"ImageObject\",\"inLanguage\":\"de\",\"@id\":\"https:\\\/\\\/revolutionpadelstore.com\\\/de\\\/produkt\\\/camiseta-bullpadel-bilma-azul-oscuro-vigore-1\\\/#primaryimage\",\"url\":\"https:\\\/\\\/revolutionpadelstore.com\\\/wp-content\\\/uploads\\\/2025\\\/10\\\/445.png\",\"contentUrl\":\"https:\\\/\\\/revolutionpadelstore.com\\\/wp-content\\\/uploads\\\/2025\\\/10\\\/445.png\",\"width\":1500,\"height\":1500},{\"@type\":\"BreadcrumbList\",\"@id\":\"https:\\\/\\\/revolutionpadelstore.com\\\/de\\\/produkt\\\/camiseta-bullpadel-bilma-azul-oscuro-vigore-1\\\/#breadcrumb\",\"itemListElement\":[{\"@type\":\"ListItem\",\"position\":1,\"name\":\"Portada\",\"item\":\"https:\\\/\\\/revolutionpadelstore.com\\\/de\\\/\"},{\"@type\":\"ListItem\",\"position\":2,\"name\":\"Shop\",\"item\":\"https:\\\/\\\/revolutionpadelstore.com\\\/de\\\/tienda\\\/\"},{\"@type\":\"ListItem\",\"position\":3,\"name\":\"CAMISETA BULLPADEL BILMA AZUL OSCURO VIGORE\"}]},{\"@type\":\"WebSite\",\"@id\":\"https:\\\/\\\/revolutionpadelstore.com\\\/de\\\/#website\",\"url\":\"https:\\\/\\\/revolutionpadelstore.com\\\/de\\\/\",\"name\":\"Revolution Padel Store\",\"description\":\"\",\"publisher\":{\"@id\":\"https:\\\/\\\/revolutionpadelstore.com\\\/de\\\/#organization\"},\"potentialAction\":[{\"@type\":\"SearchAction\",\"target\":{\"@type\":\"EntryPoint\",\"urlTemplate\":\"https:\\\/\\\/revolutionpadelstore.com\\\/de\\\/?s={search_term_string}\"},\"query-input\":{\"@type\":\"PropertyValueSpecification\",\"valueRequired\":true,\"valueName\":\"search_term_string\"}}],\"inLanguage\":\"de\"},{\"@type\":\"Organization\",\"@id\":\"https:\\\/\\\/revolutionpadelstore.com\\\/de\\\/#organization\",\"name\":\"Revolution Padel Store\",\"url\":\"https:\\\/\\\/revolutionpadelstore.com\\\/de\\\/\",\"logo\":{\"@type\":\"ImageObject\",\"inLanguage\":\"de\",\"@id\":\"https:\\\/\\\/revolutionpadelstore.com\\\/de\\\/#\\\/schema\\\/logo\\\/image\\\/\",\"url\":\"https:\\\/\\\/revolutionpadelstore.com\\\/wp-content\\\/uploads\\\/2026\\\/02\\\/revolution-padel-store.jpg\",\"contentUrl\":\"https:\\\/\\\/revolutionpadelstore.com\\\/wp-content\\\/uploads\\\/2026\\\/02\\\/revolution-padel-store.jpg\",\"width\":2000,\"height\":2000,\"caption\":\"Revolution Padel Store\"},\"image\":{\"@id\":\"https:\\\/\\\/revolutionpadelstore.com\\\/de\\\/#\\\/schema\\\/logo\\\/image\\\/\"},\"sameAs\":[\"https:\\\/\\\/www.instagram.com\\\/revolutionpadelstore\\\/\"]}]}<\/script>\n<!-- \/ Yoast SEO plugin. -->","yoast_head_json":{"title":"CAMISETA BULLPADEL BILMA AZUL OSCURO VIGORE - Revolution Padel Store","description":"Camiseta t\u00e9cnica de p\u00e1del con manga corta, tejido Quicker-Dry, firma de Bea Gonz\u00e1lez y detalles en contraste. C\u00f3mprala en www.revolutionpadelstore.com al mejor precio.","robots":{"index":"index","follow":"follow","max-snippet":"max-snippet:-1","max-image-preview":"max-image-preview:large","max-video-preview":"max-video-preview:-1"},"canonical":"https:\/\/revolutionpadelstore.com\/de\/produkt\/camiseta-bullpadel-bilma-azul-oscuro-vigore-1\/","og_locale":"de_DE","og_type":"article","og_title":"CAMISETA BULLPADEL BILMA AZUL OSCURO VIGORE - Revolution Padel Store","og_description":"Camiseta t\u00e9cnica de p\u00e1del con manga corta, tejido Quicker-Dry, firma de Bea Gonz\u00e1lez y detalles en contraste. C\u00f3mprala en www.revolutionpadelstore.com al mejor precio.","og_url":"https:\/\/revolutionpadelstore.com\/de\/produkt\/camiseta-bullpadel-bilma-azul-oscuro-vigore-1\/","og_site_name":"Revolution Padel Store","article_modified_time":"2026-04-08T01:34:20+00:00","og_image":[{"width":1500,"height":1500,"url":"https:\/\/revolutionpadelstore.com\/wp-content\/uploads\/2025\/10\/445.png","type":"image\/png"}],"twitter_card":"summary_large_image","twitter_misc":{"Gesch\u00e4tzte Lesezeit":"1\u00a0Minute"},"schema":{"@context":"https:\/\/schema.org","@graph":[{"@type":"WebPage","@id":"https:\/\/revolutionpadelstore.com\/de\/produkt\/camiseta-bullpadel-bilma-azul-oscuro-vigore-1\/","url":"https:\/\/revolutionpadelstore.com\/de\/produkt\/camiseta-bullpadel-bilma-azul-oscuro-vigore-1\/","name":"CAMISETA BULLPADEL BILMA AZUL OSCURO VIGORE - Revolution Padel Store","isPartOf":{"@id":"https:\/\/revolutionpadelstore.com\/de\/#website"},"primaryImageOfPage":{"@id":"https:\/\/revolutionpadelstore.com\/de\/produkt\/camiseta-bullpadel-bilma-azul-oscuro-vigore-1\/#primaryimage"},"image":{"@id":"https:\/\/revolutionpadelstore.com\/de\/produkt\/camiseta-bullpadel-bilma-azul-oscuro-vigore-1\/#primaryimage"},"thumbnailUrl":"https:\/\/revolutionpadelstore.com\/wp-content\/uploads\/2025\/10\/445.png","datePublished":"2025-10-07T08:57:01+00:00","dateModified":"2026-04-08T01:34:20+00:00","description":"Camiseta t\u00e9cnica de p\u00e1del con manga corta, tejido Quicker-Dry, firma de Bea Gonz\u00e1lez y detalles en contraste. C\u00f3mprala en www.revolutionpadelstore.com al mejor precio.","breadcrumb":{"@id":"https:\/\/revolutionpadelstore.com\/de\/produkt\/camiseta-bullpadel-bilma-azul-oscuro-vigore-1\/#breadcrumb"},"inLanguage":"de","potentialAction":[{"@type":"ReadAction","target":["https:\/\/revolutionpadelstore.com\/de\/produkt\/camiseta-bullpadel-bilma-azul-oscuro-vigore-1\/"]}]},{"@type":"ImageObject","inLanguage":"de","@id":"https:\/\/revolutionpadelstore.com\/de\/produkt\/camiseta-bullpadel-bilma-azul-oscuro-vigore-1\/#primaryimage","url":"https:\/\/revolutionpadelstore.com\/wp-content\/uploads\/2025\/10\/445.png","contentUrl":"https:\/\/revolutionpadelstore.com\/wp-content\/uploads\/2025\/10\/445.png","width":1500,"height":1500},{"@type":"BreadcrumbList","@id":"https:\/\/revolutionpadelstore.com\/de\/produkt\/camiseta-bullpadel-bilma-azul-oscuro-vigore-1\/#breadcrumb","itemListElement":[{"@type":"ListItem","position":1,"name":"Portada","item":"https:\/\/revolutionpadelstore.com\/de\/"},{"@type":"ListItem","position":2,"name":"Shop","item":"https:\/\/revolutionpadelstore.com\/de\/tienda\/"},{"@type":"ListItem","position":3,"name":"CAMISETA BULLPADEL BILMA AZUL OSCURO VIGORE"}]},{"@type":"WebSite","@id":"https:\/\/revolutionpadelstore.com\/de\/#website","url":"https:\/\/revolutionpadelstore.com\/de\/","name":"Revolution Padel Store","description":"","publisher":{"@id":"https:\/\/revolutionpadelstore.com\/de\/#organization"},"potentialAction":[{"@type":"SearchAction","target":{"@type":"EntryPoint","urlTemplate":"https:\/\/revolutionpadelstore.com\/de\/?s={search_term_string}"},"query-input":{"@type":"PropertyValueSpecification","valueRequired":true,"valueName":"search_term_string"}}],"inLanguage":"de"},{"@type":"Organization","@id":"https:\/\/revolutionpadelstore.com\/de\/#organization","name":"Revolution Padel Store","url":"https:\/\/revolutionpadelstore.com\/de\/","logo":{"@type":"ImageObject","inLanguage":"de","@id":"https:\/\/revolutionpadelstore.com\/de\/#\/schema\/logo\/image\/","url":"https:\/\/revolutionpadelstore.com\/wp-content\/uploads\/2026\/02\/revolution-padel-store.jpg","contentUrl":"https:\/\/revolutionpadelstore.com\/wp-content\/uploads\/2026\/02\/revolution-padel-store.jpg","width":2000,"height":2000,"caption":"Revolution Padel Store"},"image":{"@id":"https:\/\/revolutionpadelstore.com\/de\/#\/schema\/logo\/image\/"},"sameAs":["https:\/\/www.instagram.com\/revolutionpadelstore\/"]}]}},"_links":{"self":[{"href":"https:\/\/revolutionpadelstore.com\/de\/wp-json\/wp\/v2\/product\/270649","targetHints":{"allow":["GET"]}}],"collection":[{"href":"https:\/\/revolutionpadelstore.com\/de\/wp-json\/wp\/v2\/product"}],"about":[{"href":"https:\/\/revolutionpadelstore.com\/de\/wp-json\/wp\/v2\/types\/product"}],"replies":[{"embeddable":true,"href":"https:\/\/revolutionpadelstore.com\/de\/wp-json\/wp\/v2\/comments?post=270649"}],"wp:featuredmedia":[{"embeddable":true,"href":"https:\/\/revolutionpadelstore.com\/de\/wp-json\/wp\/v2\/media\/270616"}],"wp:attachment":[{"href":"https:\/\/revolutionpadelstore.com\/de\/wp-json\/wp\/v2\/media?parent=270649"}],"wp:term":[{"taxonomy":"acabado","embeddable":true,"href":"https:\/\/revolutionpadelstore.com\/de\/wp-json\/wp\/v2\/acabado?post=270649"},{"taxonomy":"balance","embeddable":true,"href":"https:\/\/revolutionpadelstore.com\/de\/wp-json\/wp\/v2\/balance?post=270649"},{"taxonomy":"dureza","embeddable":true,"href":"https:\/\/revolutionpadelstore.com\/de\/wp-json\/wp\/v2\/dureza?post=270649"},{"taxonomy":"forma","embeddable":true,"href":"https:\/\/revolutionpadelstore.com\/de\/wp-json\/wp\/v2\/forma?post=270649"},{"taxonomy":"jugador","embeddable":true,"href":"https:\/\/revolutionpadelstore.com\/de\/wp-json\/wp\/v2\/jugador?post=270649"},{"taxonomy":"marca","embeddable":true,"href":"https:\/\/revolutionpadelstore.com\/de\/wp-json\/wp\/v2\/marca?post=270649"},{"taxonomy":"nivel-de-juego","embeddable":true,"href":"https:\/\/revolutionpadelstore.com\/de\/wp-json\/wp\/v2\/nivel-de-juego?post=270649"},{"taxonomy":"superficie","embeddable":true,"href":"https:\/\/revolutionpadelstore.com\/de\/wp-json\/wp\/v2\/superficie?post=270649"},{"taxonomy":"tipo-de-juego","embeddable":true,"href":"https:\/\/revolutionpadelstore.com\/de\/wp-json\/wp\/v2\/tipo-de-juego?post=270649"},{"taxonomy":"product_brand","embeddable":true,"href":"https:\/\/revolutionpadelstore.com\/de\/wp-json\/wp\/v2\/product_brand?post=270649"},{"taxonomy":"product_cat","embeddable":true,"href":"https:\/\/revolutionpadelstore.com\/de\/wp-json\/wp\/v2\/product_cat?post=270649"},{"taxonomy":"product_tag","embeddable":true,"href":"https:\/\/revolutionpadelstore.com\/de\/wp-json\/wp\/v2\/product_tag?post=270649"}],"curies":[{"name":"wp","href":"https:\/\/api.w.org\/{rel}","templated":true}]}}