{"id":270601,"date":"2025-10-07T10:40:37","date_gmt":"2025-10-07T08:40:37","guid":{"rendered":"https:\/\/revolutionpadelstore.com\/falda-bullpadel-barca-038-hielo\/"},"modified":"2026-04-08T03:34:46","modified_gmt":"2026-04-08T01:34:46","slug":"falda-bullpadel-barca-038-hielo-1","status":"publish","type":"product","link":"https:\/\/revolutionpadelstore.com\/de\/produkt\/falda-bullpadel-barca-038-hielo-1\/","title":{"rendered":"FALDA BULLPADEL BARCA 038 HIELO"},"content":{"rendered":"<h2>Paddelrock mit Sculpt-Bund und Bea Gonz\u00e1lez-Signatur<\/h2>\n<p>Zeigen Sie Ihren professionellen Stil und geben Sie Ihr Bestes mit diesem <strong>exklusiven Padel-Rock<\/strong>, der mit der Unterschrift der Elitespielerin <strong>Bea Gonz\u00e1lez<\/strong> entworfen wurde. Ein technisches, elegantes und funktionelles Kleidungsst\u00fcck, das f\u00fcr Spieler entwickelt wurde, die sowohl durch ihr Spiel als auch durch ihr Image auf dem Platz hervorstechen m\u00f6chten.<\/p>\n<h2>Hauptmerkmale<\/h2>\n<p><strong>-Sculpt-Bund<\/strong>: maximale Unterst\u00fctzung und Komfort f\u00fcr freie Bewegung<\/p>\n<p><strong>Technisches Gewebe Drylum<\/strong>: Mischung aus <strong>Nylon und Elastan<\/strong> f\u00fcr eine perfekte Passform und ultraschnelles Trocknen<\/p>\n<p><strong>-Laserperforationen auf der R\u00fcckseite und am Saum<\/strong>: mehr Atmungsaktivit\u00e4t dort, wo Sie sie am meisten brauchen<\/p>\n<p><strong>-Kontraststreifen hinten<\/strong>: moderner und sportlicher Stil<\/p>\n<p><strong>-Reflektierendes Logo auf der Vorderseite<\/strong>: jederzeit Sichtbarkeit und Stil<\/p>\n<p><strong>-Exklusive Signatur von Bea Gonz\u00e1lez<\/strong> auf der R\u00fcckseite, ein Detail, das Authentizit\u00e4t und Prestige verleiht<\/p>\n<h2>Vorteile f\u00fcr Paddle-Tennisspieler<\/h2>\n<p>-Leicht, atmungsaktiv und elastisch: ideal f\u00fcr intensive Spiele und anspruchsvolles Training<\/p>\n<p>-Hohe Taille, die schlanker wird und einen sicheren Sitz bietet, ohne die Bewegungsfreiheit einzuschr\u00e4nken<\/p>\n<p>-Einzigartiger Stil mit technischen und optischen Details, die den Unterschied machen<\/p>\n<p>-Offizielles Kleidungsst\u00fcck, inspiriert von einem Topspieler der Profiszene<\/p>\n<h2>Warum diesen Rock w\u00e4hlen?<\/h2>\n<p>Denn es ist nicht nur ein Rock, es ist ein Statement f\u00fcr Stil und Leistung. <strong>Dieser Rock wurde mit modernster Technologie und der Unterst\u00fctzung eines der besten Spieler der Welt entwickelt und steigert Ihr Spiel und Ihre Pr\u00e4senz auf dem Platz<\/strong>.<\/p>\n<p>Ab sofort in unserem Online-Shop <a href=\"https:\/\/www.revolutionpadelstore.com\/\">www.revolutionpadelstore.com<\/a> erh\u00e4ltlich, wahrscheinlich zum besten Preis auf dem Markt. Lassen Sie sich Ihre nicht entgehen!<\/p>\n<h2>Falda de p\u00e1del con cinturilla Sculpt y firma de Bea Gonz\u00e1lez<\/h2>\n","protected":false},"excerpt":{"rendered":"<p>Rock mit Sculpt-Bund und der Signatur der Spielerin <strong>Bea Gonz\u00e1lez<\/strong> auf der R\u00fcckseite.<strong>Bea Gonz\u00e1lez<\/strong><\/p>\n","protected":false},"featured_media":270568,"comment_status":"open","ping_status":"closed","template":"","meta":{"_acf_changed":false,"_joinchat":[]},"acabado":[],"balance":[],"dureza":[],"forma":[],"jugador":[],"marca":[1254],"nivel-de-juego":[],"superficie":[],"tipo-de-juego":[],"product_brand":[],"product_cat":[323],"product_tag":[],"class_list":{"0":"post-270601","1":"product","2":"type-product","3":"status-publish","4":"has-post-thumbnail","6":"marca-bullpadel-de","7":"product_cat-ropa-de","9":"first","10":"outofstock","11":"sale","12":"taxable","13":"shipping-taxable","14":"purchasable","15":"product-type-variable"},"acf":[],"yoast_head":"<!-- This site is optimized with the Yoast SEO plugin v27.4 - https:\/\/yoast.com\/product\/yoast-seo-wordpress\/ -->\n<title>FALDA BULLPADEL BARCA 038 HIELO - Revolution Padel Store<\/title>\n<meta name=\"description\" content=\"Falda de p\u00e1del con cinturilla Sculpt, tejido Drylum y firma de Bea Gonz\u00e1lez. Dise\u00f1o t\u00e9cnico con perforaciones l\u00e1ser y logo reflectante. C\u00f3mprala en www.revolutionpadelstore.com al mejor precio.\" \/>\n<meta name=\"robots\" content=\"index, follow, max-snippet:-1, max-image-preview:large, max-video-preview:-1\" \/>\n<link rel=\"canonical\" href=\"https:\/\/revolutionpadelstore.com\/de\/produkt\/falda-bullpadel-barca-038-hielo-1\/\" \/>\n<meta property=\"og:locale\" content=\"de_DE\" \/>\n<meta property=\"og:type\" content=\"article\" \/>\n<meta property=\"og:title\" content=\"FALDA BULLPADEL BARCA 038 HIELO - Revolution Padel Store\" \/>\n<meta property=\"og:description\" content=\"Falda de p\u00e1del con cinturilla Sculpt, tejido Drylum y firma de Bea Gonz\u00e1lez. Dise\u00f1o t\u00e9cnico con perforaciones l\u00e1ser y logo reflectante. C\u00f3mprala en www.revolutionpadelstore.com al mejor precio.\" \/>\n<meta property=\"og:url\" content=\"https:\/\/revolutionpadelstore.com\/de\/produkt\/falda-bullpadel-barca-038-hielo-1\/\" \/>\n<meta property=\"og:site_name\" content=\"Revolution Padel Store\" \/>\n<meta property=\"article:modified_time\" content=\"2026-04-08T01:34:46+00:00\" \/>\n<meta property=\"og:image\" content=\"https:\/\/revolutionpadelstore.com\/wp-content\/uploads\/2025\/10\/440.png\" \/>\n\t<meta property=\"og:image:width\" content=\"1500\" \/>\n\t<meta property=\"og:image:height\" content=\"1500\" \/>\n\t<meta property=\"og:image:type\" content=\"image\/png\" \/>\n<meta name=\"twitter:card\" content=\"summary_large_image\" \/>\n<meta name=\"twitter:label1\" content=\"Gesch\u00e4tzte Lesezeit\" \/>\n\t<meta name=\"twitter:data1\" content=\"1\u00a0Minute\" \/>\n<script type=\"application\/ld+json\" class=\"yoast-schema-graph\">{\"@context\":\"https:\\\/\\\/schema.org\",\"@graph\":[{\"@type\":\"WebPage\",\"@id\":\"https:\\\/\\\/revolutionpadelstore.com\\\/de\\\/produkt\\\/falda-bullpadel-barca-038-hielo-1\\\/\",\"url\":\"https:\\\/\\\/revolutionpadelstore.com\\\/de\\\/produkt\\\/falda-bullpadel-barca-038-hielo-1\\\/\",\"name\":\"FALDA BULLPADEL BARCA 038 HIELO - Revolution Padel Store\",\"isPartOf\":{\"@id\":\"https:\\\/\\\/revolutionpadelstore.com\\\/de\\\/#website\"},\"primaryImageOfPage\":{\"@id\":\"https:\\\/\\\/revolutionpadelstore.com\\\/de\\\/produkt\\\/falda-bullpadel-barca-038-hielo-1\\\/#primaryimage\"},\"image\":{\"@id\":\"https:\\\/\\\/revolutionpadelstore.com\\\/de\\\/produkt\\\/falda-bullpadel-barca-038-hielo-1\\\/#primaryimage\"},\"thumbnailUrl\":\"https:\\\/\\\/revolutionpadelstore.com\\\/wp-content\\\/uploads\\\/2025\\\/10\\\/440.png\",\"datePublished\":\"2025-10-07T08:40:37+00:00\",\"dateModified\":\"2026-04-08T01:34:46+00:00\",\"description\":\"Falda de p\u00e1del con cinturilla Sculpt, tejido Drylum y firma de Bea Gonz\u00e1lez. Dise\u00f1o t\u00e9cnico con perforaciones l\u00e1ser y logo reflectante. C\u00f3mprala en www.revolutionpadelstore.com al mejor precio.\",\"breadcrumb\":{\"@id\":\"https:\\\/\\\/revolutionpadelstore.com\\\/de\\\/produkt\\\/falda-bullpadel-barca-038-hielo-1\\\/#breadcrumb\"},\"inLanguage\":\"de\",\"potentialAction\":[{\"@type\":\"ReadAction\",\"target\":[\"https:\\\/\\\/revolutionpadelstore.com\\\/de\\\/produkt\\\/falda-bullpadel-barca-038-hielo-1\\\/\"]}]},{\"@type\":\"ImageObject\",\"inLanguage\":\"de\",\"@id\":\"https:\\\/\\\/revolutionpadelstore.com\\\/de\\\/produkt\\\/falda-bullpadel-barca-038-hielo-1\\\/#primaryimage\",\"url\":\"https:\\\/\\\/revolutionpadelstore.com\\\/wp-content\\\/uploads\\\/2025\\\/10\\\/440.png\",\"contentUrl\":\"https:\\\/\\\/revolutionpadelstore.com\\\/wp-content\\\/uploads\\\/2025\\\/10\\\/440.png\",\"width\":1500,\"height\":1500},{\"@type\":\"BreadcrumbList\",\"@id\":\"https:\\\/\\\/revolutionpadelstore.com\\\/de\\\/produkt\\\/falda-bullpadel-barca-038-hielo-1\\\/#breadcrumb\",\"itemListElement\":[{\"@type\":\"ListItem\",\"position\":1,\"name\":\"Portada\",\"item\":\"https:\\\/\\\/revolutionpadelstore.com\\\/de\\\/\"},{\"@type\":\"ListItem\",\"position\":2,\"name\":\"Shop\",\"item\":\"https:\\\/\\\/revolutionpadelstore.com\\\/de\\\/tienda\\\/\"},{\"@type\":\"ListItem\",\"position\":3,\"name\":\"FALDA BULLPADEL BARCA 038 HIELO\"}]},{\"@type\":\"WebSite\",\"@id\":\"https:\\\/\\\/revolutionpadelstore.com\\\/de\\\/#website\",\"url\":\"https:\\\/\\\/revolutionpadelstore.com\\\/de\\\/\",\"name\":\"Revolution Padel Store\",\"description\":\"\",\"publisher\":{\"@id\":\"https:\\\/\\\/revolutionpadelstore.com\\\/de\\\/#organization\"},\"potentialAction\":[{\"@type\":\"SearchAction\",\"target\":{\"@type\":\"EntryPoint\",\"urlTemplate\":\"https:\\\/\\\/revolutionpadelstore.com\\\/de\\\/?s={search_term_string}\"},\"query-input\":{\"@type\":\"PropertyValueSpecification\",\"valueRequired\":true,\"valueName\":\"search_term_string\"}}],\"inLanguage\":\"de\"},{\"@type\":\"Organization\",\"@id\":\"https:\\\/\\\/revolutionpadelstore.com\\\/de\\\/#organization\",\"name\":\"Revolution Padel Store\",\"url\":\"https:\\\/\\\/revolutionpadelstore.com\\\/de\\\/\",\"logo\":{\"@type\":\"ImageObject\",\"inLanguage\":\"de\",\"@id\":\"https:\\\/\\\/revolutionpadelstore.com\\\/de\\\/#\\\/schema\\\/logo\\\/image\\\/\",\"url\":\"https:\\\/\\\/revolutionpadelstore.com\\\/wp-content\\\/uploads\\\/2026\\\/02\\\/revolution-padel-store.jpg\",\"contentUrl\":\"https:\\\/\\\/revolutionpadelstore.com\\\/wp-content\\\/uploads\\\/2026\\\/02\\\/revolution-padel-store.jpg\",\"width\":2000,\"height\":2000,\"caption\":\"Revolution Padel Store\"},\"image\":{\"@id\":\"https:\\\/\\\/revolutionpadelstore.com\\\/de\\\/#\\\/schema\\\/logo\\\/image\\\/\"},\"sameAs\":[\"https:\\\/\\\/www.instagram.com\\\/revolutionpadelstore\\\/\"]}]}<\/script>\n<!-- \/ Yoast SEO plugin. -->","yoast_head_json":{"title":"FALDA BULLPADEL BARCA 038 HIELO - Revolution Padel Store","description":"Falda de p\u00e1del con cinturilla Sculpt, tejido Drylum y firma de Bea Gonz\u00e1lez. Dise\u00f1o t\u00e9cnico con perforaciones l\u00e1ser y logo reflectante. C\u00f3mprala en www.revolutionpadelstore.com al mejor precio.","robots":{"index":"index","follow":"follow","max-snippet":"max-snippet:-1","max-image-preview":"max-image-preview:large","max-video-preview":"max-video-preview:-1"},"canonical":"https:\/\/revolutionpadelstore.com\/de\/produkt\/falda-bullpadel-barca-038-hielo-1\/","og_locale":"de_DE","og_type":"article","og_title":"FALDA BULLPADEL BARCA 038 HIELO - Revolution Padel Store","og_description":"Falda de p\u00e1del con cinturilla Sculpt, tejido Drylum y firma de Bea Gonz\u00e1lez. Dise\u00f1o t\u00e9cnico con perforaciones l\u00e1ser y logo reflectante. C\u00f3mprala en www.revolutionpadelstore.com al mejor precio.","og_url":"https:\/\/revolutionpadelstore.com\/de\/produkt\/falda-bullpadel-barca-038-hielo-1\/","og_site_name":"Revolution Padel Store","article_modified_time":"2026-04-08T01:34:46+00:00","og_image":[{"width":1500,"height":1500,"url":"https:\/\/revolutionpadelstore.com\/wp-content\/uploads\/2025\/10\/440.png","type":"image\/png"}],"twitter_card":"summary_large_image","twitter_misc":{"Gesch\u00e4tzte Lesezeit":"1\u00a0Minute"},"schema":{"@context":"https:\/\/schema.org","@graph":[{"@type":"WebPage","@id":"https:\/\/revolutionpadelstore.com\/de\/produkt\/falda-bullpadel-barca-038-hielo-1\/","url":"https:\/\/revolutionpadelstore.com\/de\/produkt\/falda-bullpadel-barca-038-hielo-1\/","name":"FALDA BULLPADEL BARCA 038 HIELO - Revolution Padel Store","isPartOf":{"@id":"https:\/\/revolutionpadelstore.com\/de\/#website"},"primaryImageOfPage":{"@id":"https:\/\/revolutionpadelstore.com\/de\/produkt\/falda-bullpadel-barca-038-hielo-1\/#primaryimage"},"image":{"@id":"https:\/\/revolutionpadelstore.com\/de\/produkt\/falda-bullpadel-barca-038-hielo-1\/#primaryimage"},"thumbnailUrl":"https:\/\/revolutionpadelstore.com\/wp-content\/uploads\/2025\/10\/440.png","datePublished":"2025-10-07T08:40:37+00:00","dateModified":"2026-04-08T01:34:46+00:00","description":"Falda de p\u00e1del con cinturilla Sculpt, tejido Drylum y firma de Bea Gonz\u00e1lez. Dise\u00f1o t\u00e9cnico con perforaciones l\u00e1ser y logo reflectante. C\u00f3mprala en www.revolutionpadelstore.com al mejor precio.","breadcrumb":{"@id":"https:\/\/revolutionpadelstore.com\/de\/produkt\/falda-bullpadel-barca-038-hielo-1\/#breadcrumb"},"inLanguage":"de","potentialAction":[{"@type":"ReadAction","target":["https:\/\/revolutionpadelstore.com\/de\/produkt\/falda-bullpadel-barca-038-hielo-1\/"]}]},{"@type":"ImageObject","inLanguage":"de","@id":"https:\/\/revolutionpadelstore.com\/de\/produkt\/falda-bullpadel-barca-038-hielo-1\/#primaryimage","url":"https:\/\/revolutionpadelstore.com\/wp-content\/uploads\/2025\/10\/440.png","contentUrl":"https:\/\/revolutionpadelstore.com\/wp-content\/uploads\/2025\/10\/440.png","width":1500,"height":1500},{"@type":"BreadcrumbList","@id":"https:\/\/revolutionpadelstore.com\/de\/produkt\/falda-bullpadel-barca-038-hielo-1\/#breadcrumb","itemListElement":[{"@type":"ListItem","position":1,"name":"Portada","item":"https:\/\/revolutionpadelstore.com\/de\/"},{"@type":"ListItem","position":2,"name":"Shop","item":"https:\/\/revolutionpadelstore.com\/de\/tienda\/"},{"@type":"ListItem","position":3,"name":"FALDA BULLPADEL BARCA 038 HIELO"}]},{"@type":"WebSite","@id":"https:\/\/revolutionpadelstore.com\/de\/#website","url":"https:\/\/revolutionpadelstore.com\/de\/","name":"Revolution Padel Store","description":"","publisher":{"@id":"https:\/\/revolutionpadelstore.com\/de\/#organization"},"potentialAction":[{"@type":"SearchAction","target":{"@type":"EntryPoint","urlTemplate":"https:\/\/revolutionpadelstore.com\/de\/?s={search_term_string}"},"query-input":{"@type":"PropertyValueSpecification","valueRequired":true,"valueName":"search_term_string"}}],"inLanguage":"de"},{"@type":"Organization","@id":"https:\/\/revolutionpadelstore.com\/de\/#organization","name":"Revolution Padel Store","url":"https:\/\/revolutionpadelstore.com\/de\/","logo":{"@type":"ImageObject","inLanguage":"de","@id":"https:\/\/revolutionpadelstore.com\/de\/#\/schema\/logo\/image\/","url":"https:\/\/revolutionpadelstore.com\/wp-content\/uploads\/2026\/02\/revolution-padel-store.jpg","contentUrl":"https:\/\/revolutionpadelstore.com\/wp-content\/uploads\/2026\/02\/revolution-padel-store.jpg","width":2000,"height":2000,"caption":"Revolution Padel Store"},"image":{"@id":"https:\/\/revolutionpadelstore.com\/de\/#\/schema\/logo\/image\/"},"sameAs":["https:\/\/www.instagram.com\/revolutionpadelstore\/"]}]}},"_links":{"self":[{"href":"https:\/\/revolutionpadelstore.com\/de\/wp-json\/wp\/v2\/product\/270601","targetHints":{"allow":["GET"]}}],"collection":[{"href":"https:\/\/revolutionpadelstore.com\/de\/wp-json\/wp\/v2\/product"}],"about":[{"href":"https:\/\/revolutionpadelstore.com\/de\/wp-json\/wp\/v2\/types\/product"}],"replies":[{"embeddable":true,"href":"https:\/\/revolutionpadelstore.com\/de\/wp-json\/wp\/v2\/comments?post=270601"}],"wp:featuredmedia":[{"embeddable":true,"href":"https:\/\/revolutionpadelstore.com\/de\/wp-json\/wp\/v2\/media\/270568"}],"wp:attachment":[{"href":"https:\/\/revolutionpadelstore.com\/de\/wp-json\/wp\/v2\/media?parent=270601"}],"wp:term":[{"taxonomy":"acabado","embeddable":true,"href":"https:\/\/revolutionpadelstore.com\/de\/wp-json\/wp\/v2\/acabado?post=270601"},{"taxonomy":"balance","embeddable":true,"href":"https:\/\/revolutionpadelstore.com\/de\/wp-json\/wp\/v2\/balance?post=270601"},{"taxonomy":"dureza","embeddable":true,"href":"https:\/\/revolutionpadelstore.com\/de\/wp-json\/wp\/v2\/dureza?post=270601"},{"taxonomy":"forma","embeddable":true,"href":"https:\/\/revolutionpadelstore.com\/de\/wp-json\/wp\/v2\/forma?post=270601"},{"taxonomy":"jugador","embeddable":true,"href":"https:\/\/revolutionpadelstore.com\/de\/wp-json\/wp\/v2\/jugador?post=270601"},{"taxonomy":"marca","embeddable":true,"href":"https:\/\/revolutionpadelstore.com\/de\/wp-json\/wp\/v2\/marca?post=270601"},{"taxonomy":"nivel-de-juego","embeddable":true,"href":"https:\/\/revolutionpadelstore.com\/de\/wp-json\/wp\/v2\/nivel-de-juego?post=270601"},{"taxonomy":"superficie","embeddable":true,"href":"https:\/\/revolutionpadelstore.com\/de\/wp-json\/wp\/v2\/superficie?post=270601"},{"taxonomy":"tipo-de-juego","embeddable":true,"href":"https:\/\/revolutionpadelstore.com\/de\/wp-json\/wp\/v2\/tipo-de-juego?post=270601"},{"taxonomy":"product_brand","embeddable":true,"href":"https:\/\/revolutionpadelstore.com\/de\/wp-json\/wp\/v2\/product_brand?post=270601"},{"taxonomy":"product_cat","embeddable":true,"href":"https:\/\/revolutionpadelstore.com\/de\/wp-json\/wp\/v2\/product_cat?post=270601"},{"taxonomy":"product_tag","embeddable":true,"href":"https:\/\/revolutionpadelstore.com\/de\/wp-json\/wp\/v2\/product_tag?post=270601"}],"curies":[{"name":"wp","href":"https:\/\/api.w.org\/{rel}","templated":true}]}}