{"id":270550,"date":"2025-10-07T10:28:02","date_gmt":"2025-10-07T08:28:02","guid":{"rendered":"https:\/\/revolutionpadelstore.com\/pantalon-bullpadel-outles-bg-azul-oscuro\/"},"modified":"2026-04-08T03:35:12","modified_gmt":"2026-04-08T01:35:12","slug":"pantalon-bullpadel-outles-bg-azul-oscuro-1","status":"publish","type":"product","link":"https:\/\/revolutionpadelstore.com\/de\/produkt\/pantalon-bullpadel-outles-bg-azul-oscuro-1\/","title":{"rendered":"PANTALON BULLPADEL OUTLES BG AZUL OSCURO"},"content":{"rendered":"<h2>Paddle-Hose mit Sculpt-Bund und Bea Gonz\u00e1lez-Signatur<\/h2>\n<p>Beherrschen Sie den Platz mit Stil und Komfort mit dieser exklusiven Padel-Hose mit <strong>Sculpt<\/strong>-Bund und der <strong>Signatur der Profispielerin Bea Gonz\u00e1lez<\/strong> auf der R\u00fcckseite. Ein Kleidungsst\u00fcck f\u00fcr anspruchsvolle Spieler, die bei ihrer Sportausr\u00fcstung Leistung, Technologie und einen Hauch von Vornehmheit suchen.<\/p>\n<h2>Hervorgehobene Funktionen<\/h2>\n<p><strong>-Exklusives Design<\/strong> mit der Unterschrift von Bea Gonz\u00e1lez<\/p>\n<p><strong>-Elastischer technischer Doppel-Piqu\u00e9-Stoff<\/strong>: passt sich Ihren Bewegungen an, ohne Sie einzuschr\u00e4nken<\/p>\n<p><strong>-Drynamic-Technologie<\/strong>: f\u00f6rdert schnelles Trocknen f\u00fcr mehr Frische an allen Stellen<\/p>\n<p><strong>-Sculpt-Bund mit innenliegendem Kordelzug<\/strong>: perfekte Passform und fester Halt<\/p>\n<p><strong>-Funktionelle Seitentaschen<\/strong> f\u00fcr B\u00e4lle oder Zubeh\u00f6r<\/p>\n<p><strong>-Saum mit elastischem B\u00fcndchen<\/strong>: besserer Halt und sportlicher Stil<\/p>\n<p><strong>-Sichtbares Logo auf der Vorderseite<\/strong>, das die Authentizit\u00e4t und Qualit\u00e4t des Kleidungsst\u00fccks hervorhebt<\/p>\n<h2>Vorteile f\u00fcr Padel-Spielerinnen<\/h2>\n<p>-Ideal f\u00fcr intensives Training und Wettk\u00e4mpfe<\/p>\n<p>&#8211; H\u00e4lt Sie dank des Hochleistungsgewebes trocken und komfortabel<\/p>\n<p>-Vielseitiges Design, das sich mit jedem technischen T-Shirt oder Sportoberteil kombinieren l\u00e4sst<\/p>\n<p>-Offizielles Kleidungsst\u00fcck eines Spitzenspielers im Profibereich<\/p>\n<h2>Warum diese Hose w\u00e4hlen?<\/h2>\n<p>Diese Hose bietet nicht nur eine bequeme Passform und ein modernes Design, sondern repr\u00e4sentiert auch den Wettbewerbsgeist und den einzigartigen Stil von Bea Gonz\u00e1lez, einer der gro\u00dfen Figuren des Damen-Padel. Es ist perfekt f\u00fcr Spieler, die in jedem Spiel einen Unterschied machen wollen.<\/p>\n<p>Ab sofort in unserem Online-Shop <a href=\"https:\/\/www.revolutionpadelstore.com\/\">www.revolutionpadelstore.com<\/a> erh\u00e4ltlich, wahrscheinlich zum besten Preis auf dem Markt. Holen Sie sich Ihre, bevor sie ausgehen!<\/p>\n<h2>Pantal\u00f3n de p\u00e1del con cinturilla Sculpt y firma de Bea Gonz\u00e1lez<\/h2>\n","protected":false},"excerpt":{"rendered":"<p>Hose mit Sculpt-Bund und der Unterschrift der Spielerin <strong>Bea Gonz\u00e1lez<\/strong> auf der R\u00fcckseite<strong>Bea Gonz\u00e1lez<\/strong><\/p>\n","protected":false},"featured_media":270515,"comment_status":"open","ping_status":"closed","template":"","meta":{"_acf_changed":false,"_joinchat":[]},"acabado":[],"balance":[],"dureza":[],"forma":[],"jugador":[],"marca":[1254],"nivel-de-juego":[],"superficie":[],"tipo-de-juego":[],"product_brand":[],"product_cat":[323],"product_tag":[],"class_list":{"0":"post-270550","1":"product","2":"type-product","3":"status-publish","4":"has-post-thumbnail","6":"marca-bullpadel-de","7":"product_cat-ropa-de","9":"first","10":"outofstock","11":"sale","12":"taxable","13":"shipping-taxable","14":"purchasable","15":"product-type-variable"},"acf":[],"yoast_head":"<!-- This site is optimized with the Yoast SEO plugin v27.4 - https:\/\/yoast.com\/product\/yoast-seo-wordpress\/ -->\n<title>PANTALON BULLPADEL OUTLES BG AZUL OSCURO - Revolution Padel Store<\/title>\n<meta name=\"description\" content=\"Pantal\u00f3n de p\u00e1del con cinturilla tipo Sculpt, tecnolog\u00eda Drynamic y la firma de Bea Gonz\u00e1lez. Dise\u00f1o t\u00e9cnico, c\u00f3modo y exclusivo. C\u00f3mpralo en www.revolutionpadelstore.com al mejor precio.\" \/>\n<meta name=\"robots\" content=\"index, follow, max-snippet:-1, max-image-preview:large, max-video-preview:-1\" \/>\n<link rel=\"canonical\" href=\"https:\/\/revolutionpadelstore.com\/de\/produkt\/pantalon-bullpadel-outles-bg-azul-oscuro-1\/\" \/>\n<meta property=\"og:locale\" content=\"de_DE\" \/>\n<meta property=\"og:type\" content=\"article\" \/>\n<meta property=\"og:title\" content=\"PANTALON BULLPADEL OUTLES BG AZUL OSCURO - Revolution Padel Store\" \/>\n<meta property=\"og:description\" content=\"Pantal\u00f3n de p\u00e1del con cinturilla tipo Sculpt, tecnolog\u00eda Drynamic y la firma de Bea Gonz\u00e1lez. Dise\u00f1o t\u00e9cnico, c\u00f3modo y exclusivo. C\u00f3mpralo en www.revolutionpadelstore.com al mejor precio.\" \/>\n<meta property=\"og:url\" content=\"https:\/\/revolutionpadelstore.com\/de\/produkt\/pantalon-bullpadel-outles-bg-azul-oscuro-1\/\" \/>\n<meta property=\"og:site_name\" content=\"Revolution Padel Store\" \/>\n<meta property=\"article:modified_time\" content=\"2026-04-08T01:35:12+00:00\" \/>\n<meta property=\"og:image\" content=\"https:\/\/revolutionpadelstore.com\/wp-content\/uploads\/2025\/10\/435.png\" \/>\n\t<meta property=\"og:image:width\" content=\"1500\" \/>\n\t<meta property=\"og:image:height\" content=\"1500\" \/>\n\t<meta property=\"og:image:type\" content=\"image\/png\" \/>\n<meta name=\"twitter:card\" content=\"summary_large_image\" \/>\n<meta name=\"twitter:label1\" content=\"Gesch\u00e4tzte Lesezeit\" \/>\n\t<meta name=\"twitter:data1\" content=\"1\u00a0Minute\" \/>\n<script type=\"application\/ld+json\" class=\"yoast-schema-graph\">{\"@context\":\"https:\\\/\\\/schema.org\",\"@graph\":[{\"@type\":\"WebPage\",\"@id\":\"https:\\\/\\\/revolutionpadelstore.com\\\/de\\\/produkt\\\/pantalon-bullpadel-outles-bg-azul-oscuro-1\\\/\",\"url\":\"https:\\\/\\\/revolutionpadelstore.com\\\/de\\\/produkt\\\/pantalon-bullpadel-outles-bg-azul-oscuro-1\\\/\",\"name\":\"PANTALON BULLPADEL OUTLES BG AZUL OSCURO - Revolution Padel Store\",\"isPartOf\":{\"@id\":\"https:\\\/\\\/revolutionpadelstore.com\\\/de\\\/#website\"},\"primaryImageOfPage\":{\"@id\":\"https:\\\/\\\/revolutionpadelstore.com\\\/de\\\/produkt\\\/pantalon-bullpadel-outles-bg-azul-oscuro-1\\\/#primaryimage\"},\"image\":{\"@id\":\"https:\\\/\\\/revolutionpadelstore.com\\\/de\\\/produkt\\\/pantalon-bullpadel-outles-bg-azul-oscuro-1\\\/#primaryimage\"},\"thumbnailUrl\":\"https:\\\/\\\/revolutionpadelstore.com\\\/wp-content\\\/uploads\\\/2025\\\/10\\\/435.png\",\"datePublished\":\"2025-10-07T08:28:02+00:00\",\"dateModified\":\"2026-04-08T01:35:12+00:00\",\"description\":\"Pantal\u00f3n de p\u00e1del con cinturilla tipo Sculpt, tecnolog\u00eda Drynamic y la firma de Bea Gonz\u00e1lez. Dise\u00f1o t\u00e9cnico, c\u00f3modo y exclusivo. C\u00f3mpralo en www.revolutionpadelstore.com al mejor precio.\",\"breadcrumb\":{\"@id\":\"https:\\\/\\\/revolutionpadelstore.com\\\/de\\\/produkt\\\/pantalon-bullpadel-outles-bg-azul-oscuro-1\\\/#breadcrumb\"},\"inLanguage\":\"de\",\"potentialAction\":[{\"@type\":\"ReadAction\",\"target\":[\"https:\\\/\\\/revolutionpadelstore.com\\\/de\\\/produkt\\\/pantalon-bullpadel-outles-bg-azul-oscuro-1\\\/\"]}]},{\"@type\":\"ImageObject\",\"inLanguage\":\"de\",\"@id\":\"https:\\\/\\\/revolutionpadelstore.com\\\/de\\\/produkt\\\/pantalon-bullpadel-outles-bg-azul-oscuro-1\\\/#primaryimage\",\"url\":\"https:\\\/\\\/revolutionpadelstore.com\\\/wp-content\\\/uploads\\\/2025\\\/10\\\/435.png\",\"contentUrl\":\"https:\\\/\\\/revolutionpadelstore.com\\\/wp-content\\\/uploads\\\/2025\\\/10\\\/435.png\",\"width\":1500,\"height\":1500},{\"@type\":\"BreadcrumbList\",\"@id\":\"https:\\\/\\\/revolutionpadelstore.com\\\/de\\\/produkt\\\/pantalon-bullpadel-outles-bg-azul-oscuro-1\\\/#breadcrumb\",\"itemListElement\":[{\"@type\":\"ListItem\",\"position\":1,\"name\":\"Portada\",\"item\":\"https:\\\/\\\/revolutionpadelstore.com\\\/de\\\/\"},{\"@type\":\"ListItem\",\"position\":2,\"name\":\"Shop\",\"item\":\"https:\\\/\\\/revolutionpadelstore.com\\\/de\\\/tienda\\\/\"},{\"@type\":\"ListItem\",\"position\":3,\"name\":\"PANTALON BULLPADEL OUTLES BG AZUL OSCURO\"}]},{\"@type\":\"WebSite\",\"@id\":\"https:\\\/\\\/revolutionpadelstore.com\\\/de\\\/#website\",\"url\":\"https:\\\/\\\/revolutionpadelstore.com\\\/de\\\/\",\"name\":\"Revolution Padel Store\",\"description\":\"\",\"publisher\":{\"@id\":\"https:\\\/\\\/revolutionpadelstore.com\\\/de\\\/#organization\"},\"potentialAction\":[{\"@type\":\"SearchAction\",\"target\":{\"@type\":\"EntryPoint\",\"urlTemplate\":\"https:\\\/\\\/revolutionpadelstore.com\\\/de\\\/?s={search_term_string}\"},\"query-input\":{\"@type\":\"PropertyValueSpecification\",\"valueRequired\":true,\"valueName\":\"search_term_string\"}}],\"inLanguage\":\"de\"},{\"@type\":\"Organization\",\"@id\":\"https:\\\/\\\/revolutionpadelstore.com\\\/de\\\/#organization\",\"name\":\"Revolution Padel Store\",\"url\":\"https:\\\/\\\/revolutionpadelstore.com\\\/de\\\/\",\"logo\":{\"@type\":\"ImageObject\",\"inLanguage\":\"de\",\"@id\":\"https:\\\/\\\/revolutionpadelstore.com\\\/de\\\/#\\\/schema\\\/logo\\\/image\\\/\",\"url\":\"https:\\\/\\\/revolutionpadelstore.com\\\/wp-content\\\/uploads\\\/2026\\\/02\\\/revolution-padel-store.jpg\",\"contentUrl\":\"https:\\\/\\\/revolutionpadelstore.com\\\/wp-content\\\/uploads\\\/2026\\\/02\\\/revolution-padel-store.jpg\",\"width\":2000,\"height\":2000,\"caption\":\"Revolution Padel Store\"},\"image\":{\"@id\":\"https:\\\/\\\/revolutionpadelstore.com\\\/de\\\/#\\\/schema\\\/logo\\\/image\\\/\"},\"sameAs\":[\"https:\\\/\\\/www.instagram.com\\\/revolutionpadelstore\\\/\"]}]}<\/script>\n<!-- \/ Yoast SEO plugin. -->","yoast_head_json":{"title":"PANTALON BULLPADEL OUTLES BG AZUL OSCURO - Revolution Padel Store","description":"Pantal\u00f3n de p\u00e1del con cinturilla tipo Sculpt, tecnolog\u00eda Drynamic y la firma de Bea Gonz\u00e1lez. Dise\u00f1o t\u00e9cnico, c\u00f3modo y exclusivo. C\u00f3mpralo en www.revolutionpadelstore.com al mejor precio.","robots":{"index":"index","follow":"follow","max-snippet":"max-snippet:-1","max-image-preview":"max-image-preview:large","max-video-preview":"max-video-preview:-1"},"canonical":"https:\/\/revolutionpadelstore.com\/de\/produkt\/pantalon-bullpadel-outles-bg-azul-oscuro-1\/","og_locale":"de_DE","og_type":"article","og_title":"PANTALON BULLPADEL OUTLES BG AZUL OSCURO - Revolution Padel Store","og_description":"Pantal\u00f3n de p\u00e1del con cinturilla tipo Sculpt, tecnolog\u00eda Drynamic y la firma de Bea Gonz\u00e1lez. Dise\u00f1o t\u00e9cnico, c\u00f3modo y exclusivo. C\u00f3mpralo en www.revolutionpadelstore.com al mejor precio.","og_url":"https:\/\/revolutionpadelstore.com\/de\/produkt\/pantalon-bullpadel-outles-bg-azul-oscuro-1\/","og_site_name":"Revolution Padel Store","article_modified_time":"2026-04-08T01:35:12+00:00","og_image":[{"width":1500,"height":1500,"url":"https:\/\/revolutionpadelstore.com\/wp-content\/uploads\/2025\/10\/435.png","type":"image\/png"}],"twitter_card":"summary_large_image","twitter_misc":{"Gesch\u00e4tzte Lesezeit":"1\u00a0Minute"},"schema":{"@context":"https:\/\/schema.org","@graph":[{"@type":"WebPage","@id":"https:\/\/revolutionpadelstore.com\/de\/produkt\/pantalon-bullpadel-outles-bg-azul-oscuro-1\/","url":"https:\/\/revolutionpadelstore.com\/de\/produkt\/pantalon-bullpadel-outles-bg-azul-oscuro-1\/","name":"PANTALON BULLPADEL OUTLES BG AZUL OSCURO - Revolution Padel Store","isPartOf":{"@id":"https:\/\/revolutionpadelstore.com\/de\/#website"},"primaryImageOfPage":{"@id":"https:\/\/revolutionpadelstore.com\/de\/produkt\/pantalon-bullpadel-outles-bg-azul-oscuro-1\/#primaryimage"},"image":{"@id":"https:\/\/revolutionpadelstore.com\/de\/produkt\/pantalon-bullpadel-outles-bg-azul-oscuro-1\/#primaryimage"},"thumbnailUrl":"https:\/\/revolutionpadelstore.com\/wp-content\/uploads\/2025\/10\/435.png","datePublished":"2025-10-07T08:28:02+00:00","dateModified":"2026-04-08T01:35:12+00:00","description":"Pantal\u00f3n de p\u00e1del con cinturilla tipo Sculpt, tecnolog\u00eda Drynamic y la firma de Bea Gonz\u00e1lez. Dise\u00f1o t\u00e9cnico, c\u00f3modo y exclusivo. C\u00f3mpralo en www.revolutionpadelstore.com al mejor precio.","breadcrumb":{"@id":"https:\/\/revolutionpadelstore.com\/de\/produkt\/pantalon-bullpadel-outles-bg-azul-oscuro-1\/#breadcrumb"},"inLanguage":"de","potentialAction":[{"@type":"ReadAction","target":["https:\/\/revolutionpadelstore.com\/de\/produkt\/pantalon-bullpadel-outles-bg-azul-oscuro-1\/"]}]},{"@type":"ImageObject","inLanguage":"de","@id":"https:\/\/revolutionpadelstore.com\/de\/produkt\/pantalon-bullpadel-outles-bg-azul-oscuro-1\/#primaryimage","url":"https:\/\/revolutionpadelstore.com\/wp-content\/uploads\/2025\/10\/435.png","contentUrl":"https:\/\/revolutionpadelstore.com\/wp-content\/uploads\/2025\/10\/435.png","width":1500,"height":1500},{"@type":"BreadcrumbList","@id":"https:\/\/revolutionpadelstore.com\/de\/produkt\/pantalon-bullpadel-outles-bg-azul-oscuro-1\/#breadcrumb","itemListElement":[{"@type":"ListItem","position":1,"name":"Portada","item":"https:\/\/revolutionpadelstore.com\/de\/"},{"@type":"ListItem","position":2,"name":"Shop","item":"https:\/\/revolutionpadelstore.com\/de\/tienda\/"},{"@type":"ListItem","position":3,"name":"PANTALON BULLPADEL OUTLES BG AZUL OSCURO"}]},{"@type":"WebSite","@id":"https:\/\/revolutionpadelstore.com\/de\/#website","url":"https:\/\/revolutionpadelstore.com\/de\/","name":"Revolution Padel Store","description":"","publisher":{"@id":"https:\/\/revolutionpadelstore.com\/de\/#organization"},"potentialAction":[{"@type":"SearchAction","target":{"@type":"EntryPoint","urlTemplate":"https:\/\/revolutionpadelstore.com\/de\/?s={search_term_string}"},"query-input":{"@type":"PropertyValueSpecification","valueRequired":true,"valueName":"search_term_string"}}],"inLanguage":"de"},{"@type":"Organization","@id":"https:\/\/revolutionpadelstore.com\/de\/#organization","name":"Revolution Padel Store","url":"https:\/\/revolutionpadelstore.com\/de\/","logo":{"@type":"ImageObject","inLanguage":"de","@id":"https:\/\/revolutionpadelstore.com\/de\/#\/schema\/logo\/image\/","url":"https:\/\/revolutionpadelstore.com\/wp-content\/uploads\/2026\/02\/revolution-padel-store.jpg","contentUrl":"https:\/\/revolutionpadelstore.com\/wp-content\/uploads\/2026\/02\/revolution-padel-store.jpg","width":2000,"height":2000,"caption":"Revolution Padel Store"},"image":{"@id":"https:\/\/revolutionpadelstore.com\/de\/#\/schema\/logo\/image\/"},"sameAs":["https:\/\/www.instagram.com\/revolutionpadelstore\/"]}]}},"_links":{"self":[{"href":"https:\/\/revolutionpadelstore.com\/de\/wp-json\/wp\/v2\/product\/270550","targetHints":{"allow":["GET"]}}],"collection":[{"href":"https:\/\/revolutionpadelstore.com\/de\/wp-json\/wp\/v2\/product"}],"about":[{"href":"https:\/\/revolutionpadelstore.com\/de\/wp-json\/wp\/v2\/types\/product"}],"replies":[{"embeddable":true,"href":"https:\/\/revolutionpadelstore.com\/de\/wp-json\/wp\/v2\/comments?post=270550"}],"wp:featuredmedia":[{"embeddable":true,"href":"https:\/\/revolutionpadelstore.com\/de\/wp-json\/wp\/v2\/media\/270515"}],"wp:attachment":[{"href":"https:\/\/revolutionpadelstore.com\/de\/wp-json\/wp\/v2\/media?parent=270550"}],"wp:term":[{"taxonomy":"acabado","embeddable":true,"href":"https:\/\/revolutionpadelstore.com\/de\/wp-json\/wp\/v2\/acabado?post=270550"},{"taxonomy":"balance","embeddable":true,"href":"https:\/\/revolutionpadelstore.com\/de\/wp-json\/wp\/v2\/balance?post=270550"},{"taxonomy":"dureza","embeddable":true,"href":"https:\/\/revolutionpadelstore.com\/de\/wp-json\/wp\/v2\/dureza?post=270550"},{"taxonomy":"forma","embeddable":true,"href":"https:\/\/revolutionpadelstore.com\/de\/wp-json\/wp\/v2\/forma?post=270550"},{"taxonomy":"jugador","embeddable":true,"href":"https:\/\/revolutionpadelstore.com\/de\/wp-json\/wp\/v2\/jugador?post=270550"},{"taxonomy":"marca","embeddable":true,"href":"https:\/\/revolutionpadelstore.com\/de\/wp-json\/wp\/v2\/marca?post=270550"},{"taxonomy":"nivel-de-juego","embeddable":true,"href":"https:\/\/revolutionpadelstore.com\/de\/wp-json\/wp\/v2\/nivel-de-juego?post=270550"},{"taxonomy":"superficie","embeddable":true,"href":"https:\/\/revolutionpadelstore.com\/de\/wp-json\/wp\/v2\/superficie?post=270550"},{"taxonomy":"tipo-de-juego","embeddable":true,"href":"https:\/\/revolutionpadelstore.com\/de\/wp-json\/wp\/v2\/tipo-de-juego?post=270550"},{"taxonomy":"product_brand","embeddable":true,"href":"https:\/\/revolutionpadelstore.com\/de\/wp-json\/wp\/v2\/product_brand?post=270550"},{"taxonomy":"product_cat","embeddable":true,"href":"https:\/\/revolutionpadelstore.com\/de\/wp-json\/wp\/v2\/product_cat?post=270550"},{"taxonomy":"product_tag","embeddable":true,"href":"https:\/\/revolutionpadelstore.com\/de\/wp-json\/wp\/v2\/product_tag?post=270550"}],"curies":[{"name":"wp","href":"https:\/\/api.w.org\/{rel}","templated":true}]}}