{"id":270474,"date":"2025-10-07T00:46:45","date_gmt":"2025-10-06T22:46:45","guid":{"rendered":"https:\/\/revolutionpadelstore.com\/falda-bullpadel-barca-azul-oscuro\/"},"modified":"2026-04-08T03:35:41","modified_gmt":"2026-04-08T01:35:41","slug":"falda-bullpadel-barca-azul-oscuro-1","status":"publish","type":"product","link":"https:\/\/revolutionpadelstore.com\/de\/produkt\/falda-bullpadel-barca-azul-oscuro-1\/","title":{"rendered":"FALDA BULLPADEL BARCA AZUL OSCURO"},"content":{"rendered":"<h2>Technischer Rock von Bea Gonz\u00e1lez \u2013 Komfort, Stil und Technologie auf dem Platz<\/h2>\n<h2>Entwickelt f\u00fcr Spieler, die in jedem Punkt alles geben<\/h2>\n<p>Der <strong>Rock mit Sculpt-Bund von Bea Gonz\u00e1lez<\/strong> kombiniert professionelles Design, Textiltechnologie und eine Passform, die die Silhouette betont, und bietet die perfekte Balance zwischen \u00c4sthetik und Leistung f\u00fcr Ihre Padel-Spiele und Ihr Training.<\/p>\n<h2>Hervorgehobene Funktionen:<\/h2>\n<p><strong>-Exklusivit\u00e4t und Stil<\/strong>: Unterschrift von <strong>Bea Gonz\u00e1lez<\/strong> auf der R\u00fcckseite, ein Symbol f\u00fcr Authentizit\u00e4t und Wettbewerbsgeist.<\/p>\n<p><strong>-Sculpt-Typ-Bund<\/strong>: Breite, umh\u00fcllende Taille, die Halt und Betonung bietet und der Figur schmeichelt, ohne den Komfort zu beeintr\u00e4chtigen.<\/p>\n<p><strong>Technisches Gewebe Drylum<\/strong>: Hergestellt aus <strong>Nylon mit Elastan<\/strong>, mit einer <strong>schnell trocknenden<\/strong> Ausr\u00fcstung, die die Haut w\u00e4hrend des gesamten Spiels trocken und angenehm h\u00e4lt.<\/p>\n<p><strong>-Erweiterte Atmungsaktivit\u00e4t<\/strong>: Kontrastierender R\u00fcckenstreifen mit <strong>Laserperforationen<\/strong> und perforierten Details am Saum, die die Bel\u00fcftung f\u00f6rdern.<\/p>\n<p><strong>-Funktionales und attraktives Design<\/strong>: Femininer und dynamischer Schnitt, mit <strong>reflektierendem Logo auf der Vorderseite<\/strong>, das die Sichtbarkeit verbessert und f\u00fcr einen sportlichen Touch sorgt.<\/p>\n<h2>Warum diesen Rock w\u00e4hlen?<\/h2>\n<p>Da es sich perfekt mit Ihren technischen T-Shirts kombinieren l\u00e4sst, bietet es Bewegungsfreiheit und ein professionelles Design, das auf und neben dem Platz Selbstvertrauen schafft. Ideal f\u00fcr Spieler, die in jedem Kleidungsst\u00fcck das Beste verlangen.<\/p>\n<p><strong>Machen Sie den technischen Rock von Bea Gonz\u00e1lez zu Ihrem bei <a href=\"http:\/\/www.revolutionpadelstore.com\/\">www.revolutionpadelstore.com<\/a>, wahrscheinlich zum besten Preis auf dem Markt. Limitierte Auflage jetzt verf\u00fcgbar!<\/strong><\/p>\n<h2>Falda T\u00e9cnica Bea Gonz\u00e1lez \u2013 Comodidad, Estilo y Tecnolog\u00eda en la Pista<\/h2>\n","protected":false},"excerpt":{"rendered":"<p>Rock mit Sculpt-Bund und der Unterschrift von <strong>Bea Gonz\u00e1lez<\/strong> auf der R\u00fcckseite.<strong>Bea Gonz\u00e1lez<\/strong><\/p>\n","protected":false},"featured_media":270441,"comment_status":"open","ping_status":"closed","template":"","meta":{"_acf_changed":false,"_joinchat":[]},"acabado":[],"balance":[],"dureza":[],"forma":[],"jugador":[],"marca":[1254],"nivel-de-juego":[],"superficie":[],"tipo-de-juego":[],"product_brand":[],"product_cat":[323],"product_tag":[],"class_list":{"0":"post-270474","1":"product","2":"type-product","3":"status-publish","4":"has-post-thumbnail","6":"marca-bullpadel-de","7":"product_cat-ropa-de","9":"first","10":"outofstock","11":"sale","12":"taxable","13":"shipping-taxable","14":"purchasable","15":"product-type-variable"},"acf":[],"yoast_head":"<!-- This site is optimized with the Yoast SEO plugin v27.4 - https:\/\/yoast.com\/product\/yoast-seo-wordpress\/ -->\n<title>FALDA BULLPADEL BARCA AZUL OSCURO - Revolution Padel Store<\/title>\n<meta name=\"description\" content=\"Falda de p\u00e1del firmada por Bea Gonz\u00e1lez, con cinturilla tipo Sculpt, tejido Drylum de secado r\u00e1pido y perforaciones l\u00e1ser para m\u00e1xima transpirabilidad. Disponible en Revolution Padel Store al mejor precio.\" \/>\n<meta name=\"robots\" content=\"index, follow, max-snippet:-1, max-image-preview:large, max-video-preview:-1\" \/>\n<link rel=\"canonical\" href=\"https:\/\/revolutionpadelstore.com\/de\/produkt\/falda-bullpadel-barca-azul-oscuro-1\/\" \/>\n<meta property=\"og:locale\" content=\"de_DE\" \/>\n<meta property=\"og:type\" content=\"article\" \/>\n<meta property=\"og:title\" content=\"FALDA BULLPADEL BARCA AZUL OSCURO - Revolution Padel Store\" \/>\n<meta property=\"og:description\" content=\"Falda de p\u00e1del firmada por Bea Gonz\u00e1lez, con cinturilla tipo Sculpt, tejido Drylum de secado r\u00e1pido y perforaciones l\u00e1ser para m\u00e1xima transpirabilidad. Disponible en Revolution Padel Store al mejor precio.\" \/>\n<meta property=\"og:url\" content=\"https:\/\/revolutionpadelstore.com\/de\/produkt\/falda-bullpadel-barca-azul-oscuro-1\/\" \/>\n<meta property=\"og:site_name\" content=\"Revolution Padel Store\" \/>\n<meta property=\"article:modified_time\" content=\"2026-04-08T01:35:41+00:00\" \/>\n<meta property=\"og:image\" content=\"https:\/\/revolutionpadelstore.com\/wp-content\/uploads\/2025\/10\/430.png\" \/>\n\t<meta property=\"og:image:width\" content=\"1500\" \/>\n\t<meta property=\"og:image:height\" content=\"1500\" \/>\n\t<meta property=\"og:image:type\" content=\"image\/png\" \/>\n<meta name=\"twitter:card\" content=\"summary_large_image\" \/>\n<meta name=\"twitter:label1\" content=\"Gesch\u00e4tzte Lesezeit\" \/>\n\t<meta name=\"twitter:data1\" content=\"1\u00a0Minute\" \/>\n<script type=\"application\/ld+json\" class=\"yoast-schema-graph\">{\"@context\":\"https:\\\/\\\/schema.org\",\"@graph\":[{\"@type\":\"WebPage\",\"@id\":\"https:\\\/\\\/revolutionpadelstore.com\\\/de\\\/produkt\\\/falda-bullpadel-barca-azul-oscuro-1\\\/\",\"url\":\"https:\\\/\\\/revolutionpadelstore.com\\\/de\\\/produkt\\\/falda-bullpadel-barca-azul-oscuro-1\\\/\",\"name\":\"FALDA BULLPADEL BARCA AZUL OSCURO - Revolution Padel Store\",\"isPartOf\":{\"@id\":\"https:\\\/\\\/revolutionpadelstore.com\\\/de\\\/#website\"},\"primaryImageOfPage\":{\"@id\":\"https:\\\/\\\/revolutionpadelstore.com\\\/de\\\/produkt\\\/falda-bullpadel-barca-azul-oscuro-1\\\/#primaryimage\"},\"image\":{\"@id\":\"https:\\\/\\\/revolutionpadelstore.com\\\/de\\\/produkt\\\/falda-bullpadel-barca-azul-oscuro-1\\\/#primaryimage\"},\"thumbnailUrl\":\"https:\\\/\\\/revolutionpadelstore.com\\\/wp-content\\\/uploads\\\/2025\\\/10\\\/430.png\",\"datePublished\":\"2025-10-06T22:46:45+00:00\",\"dateModified\":\"2026-04-08T01:35:41+00:00\",\"description\":\"Falda de p\u00e1del firmada por Bea Gonz\u00e1lez, con cinturilla tipo Sculpt, tejido Drylum de secado r\u00e1pido y perforaciones l\u00e1ser para m\u00e1xima transpirabilidad. Disponible en Revolution Padel Store al mejor precio.\",\"breadcrumb\":{\"@id\":\"https:\\\/\\\/revolutionpadelstore.com\\\/de\\\/produkt\\\/falda-bullpadel-barca-azul-oscuro-1\\\/#breadcrumb\"},\"inLanguage\":\"de\",\"potentialAction\":[{\"@type\":\"ReadAction\",\"target\":[\"https:\\\/\\\/revolutionpadelstore.com\\\/de\\\/produkt\\\/falda-bullpadel-barca-azul-oscuro-1\\\/\"]}]},{\"@type\":\"ImageObject\",\"inLanguage\":\"de\",\"@id\":\"https:\\\/\\\/revolutionpadelstore.com\\\/de\\\/produkt\\\/falda-bullpadel-barca-azul-oscuro-1\\\/#primaryimage\",\"url\":\"https:\\\/\\\/revolutionpadelstore.com\\\/wp-content\\\/uploads\\\/2025\\\/10\\\/430.png\",\"contentUrl\":\"https:\\\/\\\/revolutionpadelstore.com\\\/wp-content\\\/uploads\\\/2025\\\/10\\\/430.png\",\"width\":1500,\"height\":1500},{\"@type\":\"BreadcrumbList\",\"@id\":\"https:\\\/\\\/revolutionpadelstore.com\\\/de\\\/produkt\\\/falda-bullpadel-barca-azul-oscuro-1\\\/#breadcrumb\",\"itemListElement\":[{\"@type\":\"ListItem\",\"position\":1,\"name\":\"Portada\",\"item\":\"https:\\\/\\\/revolutionpadelstore.com\\\/de\\\/\"},{\"@type\":\"ListItem\",\"position\":2,\"name\":\"Shop\",\"item\":\"https:\\\/\\\/revolutionpadelstore.com\\\/de\\\/tienda\\\/\"},{\"@type\":\"ListItem\",\"position\":3,\"name\":\"FALDA BULLPADEL BARCA AZUL OSCURO\"}]},{\"@type\":\"WebSite\",\"@id\":\"https:\\\/\\\/revolutionpadelstore.com\\\/de\\\/#website\",\"url\":\"https:\\\/\\\/revolutionpadelstore.com\\\/de\\\/\",\"name\":\"Revolution Padel Store\",\"description\":\"\",\"publisher\":{\"@id\":\"https:\\\/\\\/revolutionpadelstore.com\\\/de\\\/#organization\"},\"potentialAction\":[{\"@type\":\"SearchAction\",\"target\":{\"@type\":\"EntryPoint\",\"urlTemplate\":\"https:\\\/\\\/revolutionpadelstore.com\\\/de\\\/?s={search_term_string}\"},\"query-input\":{\"@type\":\"PropertyValueSpecification\",\"valueRequired\":true,\"valueName\":\"search_term_string\"}}],\"inLanguage\":\"de\"},{\"@type\":\"Organization\",\"@id\":\"https:\\\/\\\/revolutionpadelstore.com\\\/de\\\/#organization\",\"name\":\"Revolution Padel Store\",\"url\":\"https:\\\/\\\/revolutionpadelstore.com\\\/de\\\/\",\"logo\":{\"@type\":\"ImageObject\",\"inLanguage\":\"de\",\"@id\":\"https:\\\/\\\/revolutionpadelstore.com\\\/de\\\/#\\\/schema\\\/logo\\\/image\\\/\",\"url\":\"https:\\\/\\\/revolutionpadelstore.com\\\/wp-content\\\/uploads\\\/2026\\\/02\\\/revolution-padel-store.jpg\",\"contentUrl\":\"https:\\\/\\\/revolutionpadelstore.com\\\/wp-content\\\/uploads\\\/2026\\\/02\\\/revolution-padel-store.jpg\",\"width\":2000,\"height\":2000,\"caption\":\"Revolution Padel Store\"},\"image\":{\"@id\":\"https:\\\/\\\/revolutionpadelstore.com\\\/de\\\/#\\\/schema\\\/logo\\\/image\\\/\"},\"sameAs\":[\"https:\\\/\\\/www.instagram.com\\\/revolutionpadelstore\\\/\"]}]}<\/script>\n<!-- \/ Yoast SEO plugin. -->","yoast_head_json":{"title":"FALDA BULLPADEL BARCA AZUL OSCURO - Revolution Padel Store","description":"Falda de p\u00e1del firmada por Bea Gonz\u00e1lez, con cinturilla tipo Sculpt, tejido Drylum de secado r\u00e1pido y perforaciones l\u00e1ser para m\u00e1xima transpirabilidad. Disponible en Revolution Padel Store al mejor precio.","robots":{"index":"index","follow":"follow","max-snippet":"max-snippet:-1","max-image-preview":"max-image-preview:large","max-video-preview":"max-video-preview:-1"},"canonical":"https:\/\/revolutionpadelstore.com\/de\/produkt\/falda-bullpadel-barca-azul-oscuro-1\/","og_locale":"de_DE","og_type":"article","og_title":"FALDA BULLPADEL BARCA AZUL OSCURO - Revolution Padel Store","og_description":"Falda de p\u00e1del firmada por Bea Gonz\u00e1lez, con cinturilla tipo Sculpt, tejido Drylum de secado r\u00e1pido y perforaciones l\u00e1ser para m\u00e1xima transpirabilidad. Disponible en Revolution Padel Store al mejor precio.","og_url":"https:\/\/revolutionpadelstore.com\/de\/produkt\/falda-bullpadel-barca-azul-oscuro-1\/","og_site_name":"Revolution Padel Store","article_modified_time":"2026-04-08T01:35:41+00:00","og_image":[{"width":1500,"height":1500,"url":"https:\/\/revolutionpadelstore.com\/wp-content\/uploads\/2025\/10\/430.png","type":"image\/png"}],"twitter_card":"summary_large_image","twitter_misc":{"Gesch\u00e4tzte Lesezeit":"1\u00a0Minute"},"schema":{"@context":"https:\/\/schema.org","@graph":[{"@type":"WebPage","@id":"https:\/\/revolutionpadelstore.com\/de\/produkt\/falda-bullpadel-barca-azul-oscuro-1\/","url":"https:\/\/revolutionpadelstore.com\/de\/produkt\/falda-bullpadel-barca-azul-oscuro-1\/","name":"FALDA BULLPADEL BARCA AZUL OSCURO - Revolution Padel Store","isPartOf":{"@id":"https:\/\/revolutionpadelstore.com\/de\/#website"},"primaryImageOfPage":{"@id":"https:\/\/revolutionpadelstore.com\/de\/produkt\/falda-bullpadel-barca-azul-oscuro-1\/#primaryimage"},"image":{"@id":"https:\/\/revolutionpadelstore.com\/de\/produkt\/falda-bullpadel-barca-azul-oscuro-1\/#primaryimage"},"thumbnailUrl":"https:\/\/revolutionpadelstore.com\/wp-content\/uploads\/2025\/10\/430.png","datePublished":"2025-10-06T22:46:45+00:00","dateModified":"2026-04-08T01:35:41+00:00","description":"Falda de p\u00e1del firmada por Bea Gonz\u00e1lez, con cinturilla tipo Sculpt, tejido Drylum de secado r\u00e1pido y perforaciones l\u00e1ser para m\u00e1xima transpirabilidad. Disponible en Revolution Padel Store al mejor precio.","breadcrumb":{"@id":"https:\/\/revolutionpadelstore.com\/de\/produkt\/falda-bullpadel-barca-azul-oscuro-1\/#breadcrumb"},"inLanguage":"de","potentialAction":[{"@type":"ReadAction","target":["https:\/\/revolutionpadelstore.com\/de\/produkt\/falda-bullpadel-barca-azul-oscuro-1\/"]}]},{"@type":"ImageObject","inLanguage":"de","@id":"https:\/\/revolutionpadelstore.com\/de\/produkt\/falda-bullpadel-barca-azul-oscuro-1\/#primaryimage","url":"https:\/\/revolutionpadelstore.com\/wp-content\/uploads\/2025\/10\/430.png","contentUrl":"https:\/\/revolutionpadelstore.com\/wp-content\/uploads\/2025\/10\/430.png","width":1500,"height":1500},{"@type":"BreadcrumbList","@id":"https:\/\/revolutionpadelstore.com\/de\/produkt\/falda-bullpadel-barca-azul-oscuro-1\/#breadcrumb","itemListElement":[{"@type":"ListItem","position":1,"name":"Portada","item":"https:\/\/revolutionpadelstore.com\/de\/"},{"@type":"ListItem","position":2,"name":"Shop","item":"https:\/\/revolutionpadelstore.com\/de\/tienda\/"},{"@type":"ListItem","position":3,"name":"FALDA BULLPADEL BARCA AZUL OSCURO"}]},{"@type":"WebSite","@id":"https:\/\/revolutionpadelstore.com\/de\/#website","url":"https:\/\/revolutionpadelstore.com\/de\/","name":"Revolution Padel Store","description":"","publisher":{"@id":"https:\/\/revolutionpadelstore.com\/de\/#organization"},"potentialAction":[{"@type":"SearchAction","target":{"@type":"EntryPoint","urlTemplate":"https:\/\/revolutionpadelstore.com\/de\/?s={search_term_string}"},"query-input":{"@type":"PropertyValueSpecification","valueRequired":true,"valueName":"search_term_string"}}],"inLanguage":"de"},{"@type":"Organization","@id":"https:\/\/revolutionpadelstore.com\/de\/#organization","name":"Revolution Padel Store","url":"https:\/\/revolutionpadelstore.com\/de\/","logo":{"@type":"ImageObject","inLanguage":"de","@id":"https:\/\/revolutionpadelstore.com\/de\/#\/schema\/logo\/image\/","url":"https:\/\/revolutionpadelstore.com\/wp-content\/uploads\/2026\/02\/revolution-padel-store.jpg","contentUrl":"https:\/\/revolutionpadelstore.com\/wp-content\/uploads\/2026\/02\/revolution-padel-store.jpg","width":2000,"height":2000,"caption":"Revolution Padel Store"},"image":{"@id":"https:\/\/revolutionpadelstore.com\/de\/#\/schema\/logo\/image\/"},"sameAs":["https:\/\/www.instagram.com\/revolutionpadelstore\/"]}]}},"_links":{"self":[{"href":"https:\/\/revolutionpadelstore.com\/de\/wp-json\/wp\/v2\/product\/270474","targetHints":{"allow":["GET"]}}],"collection":[{"href":"https:\/\/revolutionpadelstore.com\/de\/wp-json\/wp\/v2\/product"}],"about":[{"href":"https:\/\/revolutionpadelstore.com\/de\/wp-json\/wp\/v2\/types\/product"}],"replies":[{"embeddable":true,"href":"https:\/\/revolutionpadelstore.com\/de\/wp-json\/wp\/v2\/comments?post=270474"}],"wp:featuredmedia":[{"embeddable":true,"href":"https:\/\/revolutionpadelstore.com\/de\/wp-json\/wp\/v2\/media\/270441"}],"wp:attachment":[{"href":"https:\/\/revolutionpadelstore.com\/de\/wp-json\/wp\/v2\/media?parent=270474"}],"wp:term":[{"taxonomy":"acabado","embeddable":true,"href":"https:\/\/revolutionpadelstore.com\/de\/wp-json\/wp\/v2\/acabado?post=270474"},{"taxonomy":"balance","embeddable":true,"href":"https:\/\/revolutionpadelstore.com\/de\/wp-json\/wp\/v2\/balance?post=270474"},{"taxonomy":"dureza","embeddable":true,"href":"https:\/\/revolutionpadelstore.com\/de\/wp-json\/wp\/v2\/dureza?post=270474"},{"taxonomy":"forma","embeddable":true,"href":"https:\/\/revolutionpadelstore.com\/de\/wp-json\/wp\/v2\/forma?post=270474"},{"taxonomy":"jugador","embeddable":true,"href":"https:\/\/revolutionpadelstore.com\/de\/wp-json\/wp\/v2\/jugador?post=270474"},{"taxonomy":"marca","embeddable":true,"href":"https:\/\/revolutionpadelstore.com\/de\/wp-json\/wp\/v2\/marca?post=270474"},{"taxonomy":"nivel-de-juego","embeddable":true,"href":"https:\/\/revolutionpadelstore.com\/de\/wp-json\/wp\/v2\/nivel-de-juego?post=270474"},{"taxonomy":"superficie","embeddable":true,"href":"https:\/\/revolutionpadelstore.com\/de\/wp-json\/wp\/v2\/superficie?post=270474"},{"taxonomy":"tipo-de-juego","embeddable":true,"href":"https:\/\/revolutionpadelstore.com\/de\/wp-json\/wp\/v2\/tipo-de-juego?post=270474"},{"taxonomy":"product_brand","embeddable":true,"href":"https:\/\/revolutionpadelstore.com\/de\/wp-json\/wp\/v2\/product_brand?post=270474"},{"taxonomy":"product_cat","embeddable":true,"href":"https:\/\/revolutionpadelstore.com\/de\/wp-json\/wp\/v2\/product_cat?post=270474"},{"taxonomy":"product_tag","embeddable":true,"href":"https:\/\/revolutionpadelstore.com\/de\/wp-json\/wp\/v2\/product_tag?post=270474"}],"curies":[{"name":"wp","href":"https:\/\/api.w.org\/{rel}","templated":true}]}}