{"id":270202,"date":"2025-10-06T00:01:42","date_gmt":"2025-10-05T22:01:42","guid":{"rendered":"https:\/\/revolutionpadelstore.com\/?post_type=product&#038;p=270202"},"modified":"2026-04-08T03:37:43","modified_gmt":"2026-04-08T01:37:43","slug":"bullpadel-indiga-w-26-mujer-1","status":"publish","type":"product","link":"https:\/\/revolutionpadelstore.com\/de\/produkt\/bullpadel-indiga-w-26-mujer-1\/","title":{"rendered":"BULLPADEL INDIGA W 26 MUJER"},"content":{"rendered":"<h2>Bullpadel Indiga W 26 2026 \u2013 Kontrolle und Komfort f\u00fcr Anf\u00e4nger<\/h2>\n<p>Der <strong>Bullpadel Indiga W 26 2026<\/strong> ist ein Padelschl\u00e4ger f\u00fcr Anf\u00e4nger, die Pr\u00e4zision, Handlichkeit und Leichtigkeit bei jedem Schlag suchen. Seine runde Form und die geringe Balance sorgen f\u00fcr eine au\u00dfergew\u00f6hnliche Kontrolle und tragen dazu bei, Fehler zu minimieren und die technische Leistung auf dem Platz zu verbessern.<\/p>\n<h2>Ideal f\u00fcr ein technisches und progressives Spiel<\/h2>\n<p>Dank seines geringen Gewichts zwischen <strong>350 und 360 Gramm<\/strong> und seines <strong>38 mm<\/strong>-Profils erm\u00f6glicht dieser Schl\u00e4ger l\u00e4ngere Trainingseinheiten ohne Muskel\u00fcberlastung und ist damit der perfekte Begleiter f\u00fcr alle, die mit dem Paddle-Tennis beginnen oder einen bequemen Schl\u00e4ger suchen, um sich sicher weiterzuentwickeln.<\/p>\n<h2>Hervorragende Eigenschaften des Bullpadel Indiga Woman 26<\/h2>\n<p><strong>-Runde Form und niedrige Balance<\/strong> f\u00fcr mehr Kontrolle und Stabilit\u00e4t<\/p>\n<p><strong>-Au\u00dfergew\u00f6hnliche Leichtigkeit<\/strong>, die die Handhabung erleichtert und die Technik verbessert<\/p>\n<p>-Ideal f\u00fcr Anf\u00e4nger oder Fortgeschrittene<\/p>\n<p>-Ergonomisches und komfortables Design, perfekt f\u00fcr sicheres Vorankommen<\/p>\n<p>-Eleganter und femininer Stil, der Leistung und \u00c4sthetik vereint<\/p>\n<h2>Bullpadel-Materialien und -Technologien<\/h2>\n<p><strong>-Flats<\/strong>: Polyglas \u2013 widerstandsf\u00e4higes Fiberglas, das Flexibilit\u00e4t und hervorragende Ballausgabe bietet.<\/p>\n<p><strong>-Kern<\/strong>: SoftEva \u2013 Schaumstoff mit hoher R\u00fcckfederung, der beim Schlagen <strong>mehr Komfort und D\u00e4mpfung<\/strong> bietet.<\/p>\n<p><strong>-Rahmen<\/strong>: CarbonTube \u2013 100 % bidirektionaler Carbonrahmen, der Haltbarkeit und Widerstandsf\u00e4higkeit garantiert.<\/p>\n<h2>Warum sollten Sie sich f\u00fcr den Bullpadel Indiga W 26 Schl\u00e4ger entscheiden?<\/h2>\n<p>Dieser Schl\u00e4ger ist eine hervorragende Option f\u00fcr Frauen, die Kontrolle und Komfort \u00fcber Kraft legen. Der <strong>Bullpadel Indiga Woman 2026<\/strong> ist ideal f\u00fcr Training, Freundschaftsspiele oder erste Turniere und erm\u00f6glicht es Ihnen, vom ersten Moment an Padel zu genie\u00dfen, mit einem Gef\u00fchl der Sicherheit und des Selbstvertrauens bei jedem Schlag.<\/p>\n<h2>Jetzt zum besten Preis kaufen!<\/h2>\n<p>Bestellen Sie noch heute den <strong>Bullpadel Indiga W 26<\/strong> und genie\u00dfen Sie einen leichten, bequemen und perfekten Padelschl\u00e4ger, mit dem Sie Ihre Technik verbessern k\u00f6nnen. Erh\u00e4ltlich in unserem Online-Shop:<br \/>\n<strong><a href=\"https:\/\/www.revolutionpadelstore.com\/\">www.revolutionpadelstore.com<\/a><\/strong>, wahrscheinlich zum besten Preis auf dem Markt.<\/p>\n<h2>Bullpadel Indiga W 26 2026 \u2013 Control y confort para jugadoras que se inician<\/h2>\n","protected":false},"excerpt":{"rendered":"<p>Genie\u00dfen Sie kontrollierte und komfortablere Schl\u00e4ge mit diesem runden Schl\u00e4ger, ideal f\u00fcr Spieler, die gerade erst anfangen und in der Verteidigung hervorstechen m\u00f6chten.<\/p>\n","protected":false},"featured_media":270226,"comment_status":"open","ping_status":"closed","template":"","meta":{"_acf_changed":false,"_joinchat":[]},"acabado":[1084],"balance":[1144],"dureza":[1149],"forma":[1179],"jugador":[1194],"marca":[1254],"nivel-de-juego":[1349],"superficie":[1354],"tipo-de-juego":[1369],"product_brand":[],"product_cat":[299],"product_tag":[],"class_list":{"0":"post-270202","1":"product","2":"type-product","3":"status-publish","4":"has-post-thumbnail","6":"acabado-kumpel","7":"balance-niedrig","8":"dureza-blanda-de","9":"forma-rund","10":"jugador-frau","11":"marca-bullpadel-de","12":"superficie-lisa-de","13":"tipo-de-juego-kontrolle","14":"product_cat-palas-de-padel-de","16":"first","17":"instock","18":"sale","19":"taxable","20":"shipping-taxable","21":"purchasable","22":"product-type-simple"},"acf":[],"yoast_head":"<!-- This site is optimized with the Yoast SEO plugin v27.4 - https:\/\/yoast.com\/product\/yoast-seo-wordpress\/ -->\n<title>BULLPADEL INDIGA W 26 MUJER - Revolution Padel Store<\/title>\n<meta name=\"description\" content=\"Compra la pala Bullpadel Indiga W 26 2026 en Revolution Padel Store. Dise\u00f1ada para jugadoras principiantes que buscan control, ligereza y confort. \u00a1Hazte con ella ahora!\" \/>\n<meta name=\"robots\" content=\"index, follow, max-snippet:-1, max-image-preview:large, max-video-preview:-1\" \/>\n<link rel=\"canonical\" href=\"https:\/\/revolutionpadelstore.com\/de\/produkt\/bullpadel-indiga-w-26-mujer-1\/\" \/>\n<meta property=\"og:locale\" content=\"de_DE\" \/>\n<meta property=\"og:type\" content=\"article\" \/>\n<meta property=\"og:title\" content=\"BULLPADEL INDIGA W 26 MUJER - Revolution Padel Store\" \/>\n<meta property=\"og:description\" content=\"Compra la pala Bullpadel Indiga W 26 2026 en Revolution Padel Store. Dise\u00f1ada para jugadoras principiantes que buscan control, ligereza y confort. \u00a1Hazte con ella ahora!\" \/>\n<meta property=\"og:url\" content=\"https:\/\/revolutionpadelstore.com\/de\/produkt\/bullpadel-indiga-w-26-mujer-1\/\" \/>\n<meta property=\"og:site_name\" content=\"Revolution Padel Store\" \/>\n<meta property=\"article:modified_time\" content=\"2026-04-08T01:37:43+00:00\" \/>\n<meta property=\"og:image\" content=\"https:\/\/revolutionpadelstore.com\/wp-content\/uploads\/2025\/10\/120903-pala-bullpadel-indiga-w-26-494418-mujer-1200x1200-1.webp\" \/>\n\t<meta property=\"og:image:width\" content=\"1200\" \/>\n\t<meta property=\"og:image:height\" content=\"1200\" \/>\n\t<meta property=\"og:image:type\" content=\"image\/webp\" \/>\n<meta name=\"twitter:card\" content=\"summary_large_image\" \/>\n<meta name=\"twitter:label1\" content=\"Gesch\u00e4tzte Lesezeit\" \/>\n\t<meta name=\"twitter:data1\" content=\"2\u00a0Minuten\" \/>\n<script type=\"application\/ld+json\" class=\"yoast-schema-graph\">{\"@context\":\"https:\\\/\\\/schema.org\",\"@graph\":[{\"@type\":\"WebPage\",\"@id\":\"https:\\\/\\\/revolutionpadelstore.com\\\/de\\\/produkt\\\/bullpadel-indiga-w-26-mujer-1\\\/\",\"url\":\"https:\\\/\\\/revolutionpadelstore.com\\\/de\\\/produkt\\\/bullpadel-indiga-w-26-mujer-1\\\/\",\"name\":\"BULLPADEL INDIGA W 26 MUJER - Revolution Padel Store\",\"isPartOf\":{\"@id\":\"https:\\\/\\\/revolutionpadelstore.com\\\/de\\\/#website\"},\"primaryImageOfPage\":{\"@id\":\"https:\\\/\\\/revolutionpadelstore.com\\\/de\\\/produkt\\\/bullpadel-indiga-w-26-mujer-1\\\/#primaryimage\"},\"image\":{\"@id\":\"https:\\\/\\\/revolutionpadelstore.com\\\/de\\\/produkt\\\/bullpadel-indiga-w-26-mujer-1\\\/#primaryimage\"},\"thumbnailUrl\":\"https:\\\/\\\/revolutionpadelstore.com\\\/wp-content\\\/uploads\\\/2025\\\/10\\\/120903-pala-bullpadel-indiga-w-26-494418-mujer-1200x1200-1.webp\",\"datePublished\":\"2025-10-05T22:01:42+00:00\",\"dateModified\":\"2026-04-08T01:37:43+00:00\",\"description\":\"Compra la pala Bullpadel Indiga W 26 2026 en Revolution Padel Store. Dise\u00f1ada para jugadoras principiantes que buscan control, ligereza y confort. \u00a1Hazte con ella ahora!\",\"breadcrumb\":{\"@id\":\"https:\\\/\\\/revolutionpadelstore.com\\\/de\\\/produkt\\\/bullpadel-indiga-w-26-mujer-1\\\/#breadcrumb\"},\"inLanguage\":\"de\",\"potentialAction\":[{\"@type\":\"ReadAction\",\"target\":[\"https:\\\/\\\/revolutionpadelstore.com\\\/de\\\/produkt\\\/bullpadel-indiga-w-26-mujer-1\\\/\"]}]},{\"@type\":\"ImageObject\",\"inLanguage\":\"de\",\"@id\":\"https:\\\/\\\/revolutionpadelstore.com\\\/de\\\/produkt\\\/bullpadel-indiga-w-26-mujer-1\\\/#primaryimage\",\"url\":\"https:\\\/\\\/revolutionpadelstore.com\\\/wp-content\\\/uploads\\\/2025\\\/10\\\/120903-pala-bullpadel-indiga-w-26-494418-mujer-1200x1200-1.webp\",\"contentUrl\":\"https:\\\/\\\/revolutionpadelstore.com\\\/wp-content\\\/uploads\\\/2025\\\/10\\\/120903-pala-bullpadel-indiga-w-26-494418-mujer-1200x1200-1.webp\",\"width\":1200,\"height\":1200},{\"@type\":\"BreadcrumbList\",\"@id\":\"https:\\\/\\\/revolutionpadelstore.com\\\/de\\\/produkt\\\/bullpadel-indiga-w-26-mujer-1\\\/#breadcrumb\",\"itemListElement\":[{\"@type\":\"ListItem\",\"position\":1,\"name\":\"Portada\",\"item\":\"https:\\\/\\\/revolutionpadelstore.com\\\/de\\\/\"},{\"@type\":\"ListItem\",\"position\":2,\"name\":\"Shop\",\"item\":\"https:\\\/\\\/revolutionpadelstore.com\\\/de\\\/tienda\\\/\"},{\"@type\":\"ListItem\",\"position\":3,\"name\":\"BULLPADEL INDIGA W 26 MUJER\"}]},{\"@type\":\"WebSite\",\"@id\":\"https:\\\/\\\/revolutionpadelstore.com\\\/de\\\/#website\",\"url\":\"https:\\\/\\\/revolutionpadelstore.com\\\/de\\\/\",\"name\":\"Revolution Padel Store\",\"description\":\"\",\"publisher\":{\"@id\":\"https:\\\/\\\/revolutionpadelstore.com\\\/de\\\/#organization\"},\"potentialAction\":[{\"@type\":\"SearchAction\",\"target\":{\"@type\":\"EntryPoint\",\"urlTemplate\":\"https:\\\/\\\/revolutionpadelstore.com\\\/de\\\/?s={search_term_string}\"},\"query-input\":{\"@type\":\"PropertyValueSpecification\",\"valueRequired\":true,\"valueName\":\"search_term_string\"}}],\"inLanguage\":\"de\"},{\"@type\":\"Organization\",\"@id\":\"https:\\\/\\\/revolutionpadelstore.com\\\/de\\\/#organization\",\"name\":\"Revolution Padel Store\",\"url\":\"https:\\\/\\\/revolutionpadelstore.com\\\/de\\\/\",\"logo\":{\"@type\":\"ImageObject\",\"inLanguage\":\"de\",\"@id\":\"https:\\\/\\\/revolutionpadelstore.com\\\/de\\\/#\\\/schema\\\/logo\\\/image\\\/\",\"url\":\"https:\\\/\\\/revolutionpadelstore.com\\\/wp-content\\\/uploads\\\/2026\\\/02\\\/revolution-padel-store.jpg\",\"contentUrl\":\"https:\\\/\\\/revolutionpadelstore.com\\\/wp-content\\\/uploads\\\/2026\\\/02\\\/revolution-padel-store.jpg\",\"width\":2000,\"height\":2000,\"caption\":\"Revolution Padel Store\"},\"image\":{\"@id\":\"https:\\\/\\\/revolutionpadelstore.com\\\/de\\\/#\\\/schema\\\/logo\\\/image\\\/\"},\"sameAs\":[\"https:\\\/\\\/www.instagram.com\\\/revolutionpadelstore\\\/\"]}]}<\/script>\n<!-- \/ Yoast SEO plugin. -->","yoast_head_json":{"title":"BULLPADEL INDIGA W 26 MUJER - Revolution Padel Store","description":"Compra la pala Bullpadel Indiga W 26 2026 en Revolution Padel Store. Dise\u00f1ada para jugadoras principiantes que buscan control, ligereza y confort. \u00a1Hazte con ella ahora!","robots":{"index":"index","follow":"follow","max-snippet":"max-snippet:-1","max-image-preview":"max-image-preview:large","max-video-preview":"max-video-preview:-1"},"canonical":"https:\/\/revolutionpadelstore.com\/de\/produkt\/bullpadel-indiga-w-26-mujer-1\/","og_locale":"de_DE","og_type":"article","og_title":"BULLPADEL INDIGA W 26 MUJER - Revolution Padel Store","og_description":"Compra la pala Bullpadel Indiga W 26 2026 en Revolution Padel Store. Dise\u00f1ada para jugadoras principiantes que buscan control, ligereza y confort. \u00a1Hazte con ella ahora!","og_url":"https:\/\/revolutionpadelstore.com\/de\/produkt\/bullpadel-indiga-w-26-mujer-1\/","og_site_name":"Revolution Padel Store","article_modified_time":"2026-04-08T01:37:43+00:00","og_image":[{"width":1200,"height":1200,"url":"https:\/\/revolutionpadelstore.com\/wp-content\/uploads\/2025\/10\/120903-pala-bullpadel-indiga-w-26-494418-mujer-1200x1200-1.webp","type":"image\/webp"}],"twitter_card":"summary_large_image","twitter_misc":{"Gesch\u00e4tzte Lesezeit":"2\u00a0Minuten"},"schema":{"@context":"https:\/\/schema.org","@graph":[{"@type":"WebPage","@id":"https:\/\/revolutionpadelstore.com\/de\/produkt\/bullpadel-indiga-w-26-mujer-1\/","url":"https:\/\/revolutionpadelstore.com\/de\/produkt\/bullpadel-indiga-w-26-mujer-1\/","name":"BULLPADEL INDIGA W 26 MUJER - Revolution Padel Store","isPartOf":{"@id":"https:\/\/revolutionpadelstore.com\/de\/#website"},"primaryImageOfPage":{"@id":"https:\/\/revolutionpadelstore.com\/de\/produkt\/bullpadel-indiga-w-26-mujer-1\/#primaryimage"},"image":{"@id":"https:\/\/revolutionpadelstore.com\/de\/produkt\/bullpadel-indiga-w-26-mujer-1\/#primaryimage"},"thumbnailUrl":"https:\/\/revolutionpadelstore.com\/wp-content\/uploads\/2025\/10\/120903-pala-bullpadel-indiga-w-26-494418-mujer-1200x1200-1.webp","datePublished":"2025-10-05T22:01:42+00:00","dateModified":"2026-04-08T01:37:43+00:00","description":"Compra la pala Bullpadel Indiga W 26 2026 en Revolution Padel Store. Dise\u00f1ada para jugadoras principiantes que buscan control, ligereza y confort. \u00a1Hazte con ella ahora!","breadcrumb":{"@id":"https:\/\/revolutionpadelstore.com\/de\/produkt\/bullpadel-indiga-w-26-mujer-1\/#breadcrumb"},"inLanguage":"de","potentialAction":[{"@type":"ReadAction","target":["https:\/\/revolutionpadelstore.com\/de\/produkt\/bullpadel-indiga-w-26-mujer-1\/"]}]},{"@type":"ImageObject","inLanguage":"de","@id":"https:\/\/revolutionpadelstore.com\/de\/produkt\/bullpadel-indiga-w-26-mujer-1\/#primaryimage","url":"https:\/\/revolutionpadelstore.com\/wp-content\/uploads\/2025\/10\/120903-pala-bullpadel-indiga-w-26-494418-mujer-1200x1200-1.webp","contentUrl":"https:\/\/revolutionpadelstore.com\/wp-content\/uploads\/2025\/10\/120903-pala-bullpadel-indiga-w-26-494418-mujer-1200x1200-1.webp","width":1200,"height":1200},{"@type":"BreadcrumbList","@id":"https:\/\/revolutionpadelstore.com\/de\/produkt\/bullpadel-indiga-w-26-mujer-1\/#breadcrumb","itemListElement":[{"@type":"ListItem","position":1,"name":"Portada","item":"https:\/\/revolutionpadelstore.com\/de\/"},{"@type":"ListItem","position":2,"name":"Shop","item":"https:\/\/revolutionpadelstore.com\/de\/tienda\/"},{"@type":"ListItem","position":3,"name":"BULLPADEL INDIGA W 26 MUJER"}]},{"@type":"WebSite","@id":"https:\/\/revolutionpadelstore.com\/de\/#website","url":"https:\/\/revolutionpadelstore.com\/de\/","name":"Revolution Padel Store","description":"","publisher":{"@id":"https:\/\/revolutionpadelstore.com\/de\/#organization"},"potentialAction":[{"@type":"SearchAction","target":{"@type":"EntryPoint","urlTemplate":"https:\/\/revolutionpadelstore.com\/de\/?s={search_term_string}"},"query-input":{"@type":"PropertyValueSpecification","valueRequired":true,"valueName":"search_term_string"}}],"inLanguage":"de"},{"@type":"Organization","@id":"https:\/\/revolutionpadelstore.com\/de\/#organization","name":"Revolution Padel Store","url":"https:\/\/revolutionpadelstore.com\/de\/","logo":{"@type":"ImageObject","inLanguage":"de","@id":"https:\/\/revolutionpadelstore.com\/de\/#\/schema\/logo\/image\/","url":"https:\/\/revolutionpadelstore.com\/wp-content\/uploads\/2026\/02\/revolution-padel-store.jpg","contentUrl":"https:\/\/revolutionpadelstore.com\/wp-content\/uploads\/2026\/02\/revolution-padel-store.jpg","width":2000,"height":2000,"caption":"Revolution Padel Store"},"image":{"@id":"https:\/\/revolutionpadelstore.com\/de\/#\/schema\/logo\/image\/"},"sameAs":["https:\/\/www.instagram.com\/revolutionpadelstore\/"]}]}},"_links":{"self":[{"href":"https:\/\/revolutionpadelstore.com\/de\/wp-json\/wp\/v2\/product\/270202","targetHints":{"allow":["GET"]}}],"collection":[{"href":"https:\/\/revolutionpadelstore.com\/de\/wp-json\/wp\/v2\/product"}],"about":[{"href":"https:\/\/revolutionpadelstore.com\/de\/wp-json\/wp\/v2\/types\/product"}],"replies":[{"embeddable":true,"href":"https:\/\/revolutionpadelstore.com\/de\/wp-json\/wp\/v2\/comments?post=270202"}],"wp:featuredmedia":[{"embeddable":true,"href":"https:\/\/revolutionpadelstore.com\/de\/wp-json\/wp\/v2\/media\/270226"}],"wp:attachment":[{"href":"https:\/\/revolutionpadelstore.com\/de\/wp-json\/wp\/v2\/media?parent=270202"}],"wp:term":[{"taxonomy":"acabado","embeddable":true,"href":"https:\/\/revolutionpadelstore.com\/de\/wp-json\/wp\/v2\/acabado?post=270202"},{"taxonomy":"balance","embeddable":true,"href":"https:\/\/revolutionpadelstore.com\/de\/wp-json\/wp\/v2\/balance?post=270202"},{"taxonomy":"dureza","embeddable":true,"href":"https:\/\/revolutionpadelstore.com\/de\/wp-json\/wp\/v2\/dureza?post=270202"},{"taxonomy":"forma","embeddable":true,"href":"https:\/\/revolutionpadelstore.com\/de\/wp-json\/wp\/v2\/forma?post=270202"},{"taxonomy":"jugador","embeddable":true,"href":"https:\/\/revolutionpadelstore.com\/de\/wp-json\/wp\/v2\/jugador?post=270202"},{"taxonomy":"marca","embeddable":true,"href":"https:\/\/revolutionpadelstore.com\/de\/wp-json\/wp\/v2\/marca?post=270202"},{"taxonomy":"nivel-de-juego","embeddable":true,"href":"https:\/\/revolutionpadelstore.com\/de\/wp-json\/wp\/v2\/nivel-de-juego?post=270202"},{"taxonomy":"superficie","embeddable":true,"href":"https:\/\/revolutionpadelstore.com\/de\/wp-json\/wp\/v2\/superficie?post=270202"},{"taxonomy":"tipo-de-juego","embeddable":true,"href":"https:\/\/revolutionpadelstore.com\/de\/wp-json\/wp\/v2\/tipo-de-juego?post=270202"},{"taxonomy":"product_brand","embeddable":true,"href":"https:\/\/revolutionpadelstore.com\/de\/wp-json\/wp\/v2\/product_brand?post=270202"},{"taxonomy":"product_cat","embeddable":true,"href":"https:\/\/revolutionpadelstore.com\/de\/wp-json\/wp\/v2\/product_cat?post=270202"},{"taxonomy":"product_tag","embeddable":true,"href":"https:\/\/revolutionpadelstore.com\/de\/wp-json\/wp\/v2\/product_tag?post=270202"}],"curies":[{"name":"wp","href":"https:\/\/api.w.org\/{rel}","templated":true}]}}