{"id":270196,"date":"2025-10-05T23:49:50","date_gmt":"2025-10-05T21:49:50","guid":{"rendered":"https:\/\/revolutionpadelstore.com\/bullpadel-indiga-ctr-26\/"},"modified":"2026-04-08T03:38:00","modified_gmt":"2026-04-08T01:38:00","slug":"bullpadel-indiga-ctr-26-1","status":"publish","type":"product","link":"https:\/\/revolutionpadelstore.com\/de\/produkt\/bullpadel-indiga-ctr-26-1\/","title":{"rendered":"BULLPADEL INDIGA CTR 26"},"content":{"rendered":"<br \/>\n<h2>Bullpadel Indiga CTR 26 2026 \u2013 Kontrolle und Pr\u00e4zision, um den Platz zu dominieren<\/h2>\n<p>Der <strong>Bullpadel Indiga CTR 26 2026<\/strong> ist ein Padelschl\u00e4ger, der f\u00fcr Spieler entwickelt wurde, die <strong>maximale Kontrolle, Leichtigkeit und Komfort<\/strong> suchen. Mit seiner runden Form und der geringen Balance ist er speziell darauf ausgelegt, ein taktisches und pr\u00e4zises Spiel zu gew\u00e4hrleisten, sodass Sie den Ball bei jedem Schlag sicher und effektiv platzieren k\u00f6nnen.<\/p>\n<p>Dieser Padelschl\u00e4ger ist perfekt f\u00fcr Spieler in der Lernphase oder f\u00fcr Spieler auf mittlerem Niveau, die sich weiterentwickeln m\u00f6chten, ohne die Kontrolle \u00fcber das Spiel hinter dem Spielfeld zu verlieren.<\/p>\n<h2>Hervorgehobene Funktionen<\/h2>\n<p><strong>-Shape:<\/strong> Rund, ideal f\u00fcr einen breiten Sweetspot und mehr Kontrolle.<\/p>\n<p><strong>-Balance:<\/strong> Niedrig, was die Handhabung und schnelle Bewegungen erleichtert.<\/p>\n<p><strong>-Gewicht:<\/strong> 360\u2013370 Gramm, kombiniert Stabilit\u00e4t und Leichtigkeit.<\/p>\n<p><strong>-Profil:<\/strong> 38 mm, der professionelle Standard f\u00fcr einen ausgewogenen Schl\u00e4ger.<\/p>\n<h2>Eingebaute Technologien<\/h2>\n<p><strong>-Polyglas-Oberfl\u00e4chen:<\/strong> Fiberglas, das eine hervorragende Kombination aus <strong>Widerstand und Flexibilit\u00e4t<\/strong> bietet und eine weiche und angenehme Haptik erm\u00f6glicht.<\/p>\n<p><strong>-SoftEva-Kern:<\/strong> Gummi, der die Sto\u00dfd\u00e4mpfung verbessert und f\u00fcr mehr <strong>Komfort, Kontrolle und Ballausgabe<\/strong> sorgt.<\/p>\n<p><strong>-CarbonTube-Rahmen:<\/strong> Rahmen mit <strong>bidirektionalen Carbonfaserverst\u00e4rkungen<\/strong>, die die strukturelle Steifigkeit und Haltbarkeit des Schl\u00e4gers erh\u00f6hen.<\/p>\n<h2>F\u00fcr wen ist der Bullpadel Indiga CTR 26 2026 geeignet?<\/h2>\n<p>Dieser Bullpadel-Schl\u00e4ger richtet sich haupts\u00e4chlich an:<\/p>\n<p>-Anf\u00e4nger- oder Fortgeschrittenenspieler, bei denen die Kontrolle Vorrang vor der Kraft hat.<\/p>\n<p>-Sportler, die einen <strong>strategischen und taktischen<\/strong> Spielstil bevorzugen.<\/p>\n<p>-F\u00fcr diejenigen, die einen <strong>leichten und einfach zu handhabenden Schl\u00e4ger<\/strong> suchen, der sich ideal zur Verbesserung der Technik eignet, ohne den Arm zu belasten.<\/p>\n<h2>Wettbewerbsvorteile<\/h2>\n<p>-Komfort bei jedem Schlag dank des SoftEva-Kerns.<\/p>\n<p>-Best\u00e4ndige Struktur mit CarbonTube-Rahmen.<\/p>\n<p>&#8211; Hervorragende Man\u00f6vrierf\u00e4higkeit, um sich problemlos auf der Strecke zu bewegen.<\/p>\n<p>-Hervorragend geeignet f\u00fcr technisches Training oder lange Spiele.<\/p>\n<h2>Warum Bullpadel w\u00e4hlen<\/h2>\n<p><strong>Bullpadel<\/strong> ist eine der f\u00fchrenden Marken in der Welt des Paddle-Tennis, bekannt f\u00fcr seine Innovation, Qualit\u00e4t und sein Engagement f\u00fcr die Spielerentwicklung. Die Indiga-Reihe ist ein perfektes Beispiel daf\u00fcr, wie Bullpadel Technologie und Zug\u00e4nglichkeit kombiniert, um Spielern aller Spielst\u00e4rken leistungsstarke Produkte anzubieten.<\/p>\n<h2>Jetzt zum besten Preis sichern!<\/h2>\n<p>Der <strong>Bullpadel Indiga CTR 26 2026<\/strong> ist in unserem Online-Shop <a href=\"https:\/\/www.revolutionpadelstore.com\/\">www.revolutionpadelstore.com<\/a> erh\u00e4ltlich, wahrscheinlich <strong>zum besten Preis auf dem Markt<\/strong>. Verpassen Sie nicht die Gelegenheit, Ihre Leistung mit einem Kontrollschl\u00e4ger zu verbessern, der sich perfekt an Ihre Padel-Entwicklung anpasst.<\/p>\n<h2>Bullpadel Indiga CTR 26 2026 \u2013 Control y precisi\u00f3n para dominar la pista<\/h2>\n","protected":false},"excerpt":{"rendered":"<p>Sp\u00fcren Sie den Komfort und die Pr\u00e4zision in jedem Punkt mit diesem runden Bullpadel-Schl\u00e4ger, der leicht und einfach zu handhaben ist und f\u00fcr diejenigen entwickelt wurde, die das Kontrollspiel beherrschen.<\/p>\n","protected":false},"featured_media":270173,"comment_status":"open","ping_status":"closed","template":"","meta":{"_acf_changed":false,"_joinchat":[]},"acabado":[1084],"balance":[1144],"dureza":[1149],"forma":[1179],"jugador":[1189,1199],"marca":[1254],"nivel-de-juego":[1349],"superficie":[1354],"tipo-de-juego":[1369],"product_brand":[],"product_cat":[299],"product_tag":[],"class_list":{"0":"post-270196","1":"product","2":"type-product","3":"status-publish","4":"has-post-thumbnail","6":"acabado-kumpel","7":"balance-niedrig","8":"dureza-blanda-de","9":"forma-rund","10":"jugador-mann","11":"jugador-mehrzweck","12":"marca-bullpadel-de","13":"superficie-lisa-de","14":"tipo-de-juego-kontrolle","15":"product_cat-palas-de-padel-de","17":"first","18":"instock","19":"sale","20":"taxable","21":"shipping-taxable","22":"purchasable","23":"product-type-simple"},"acf":[],"yoast_head":"<!-- This site is optimized with the Yoast SEO plugin v27.4 - https:\/\/yoast.com\/product\/yoast-seo-wordpress\/ -->\n<title>BULLPADEL INDIGA CTR 26 - Revolution Padel Store<\/title>\n<meta name=\"description\" content=\"Descubre la Bullpadel Indiga CTR 26 2026, una pala de p\u00e1del ligera y de control ideal para jugadores principiantes o intermedios. C\u00f3mprala ahora en www.revolutionpadelstore.com al mejor precio del mercado.\" \/>\n<meta name=\"robots\" content=\"index, follow, max-snippet:-1, max-image-preview:large, max-video-preview:-1\" \/>\n<link rel=\"canonical\" href=\"https:\/\/revolutionpadelstore.com\/de\/produkt\/bullpadel-indiga-ctr-26-1\/\" \/>\n<meta property=\"og:locale\" content=\"de_DE\" \/>\n<meta property=\"og:type\" content=\"article\" \/>\n<meta property=\"og:title\" content=\"BULLPADEL INDIGA CTR 26 - Revolution Padel Store\" \/>\n<meta property=\"og:description\" content=\"Descubre la Bullpadel Indiga CTR 26 2026, una pala de p\u00e1del ligera y de control ideal para jugadores principiantes o intermedios. C\u00f3mprala ahora en www.revolutionpadelstore.com al mejor precio del mercado.\" \/>\n<meta property=\"og:url\" content=\"https:\/\/revolutionpadelstore.com\/de\/produkt\/bullpadel-indiga-ctr-26-1\/\" \/>\n<meta property=\"og:site_name\" content=\"Revolution Padel Store\" \/>\n<meta property=\"article:modified_time\" content=\"2026-04-08T01:38:00+00:00\" \/>\n<meta property=\"og:image\" content=\"https:\/\/revolutionpadelstore.com\/wp-content\/uploads\/2025\/10\/120900-pala-bullpadel-indiga-ctr-26-494417-1200x1200-1.webp\" \/>\n\t<meta property=\"og:image:width\" content=\"1200\" \/>\n\t<meta property=\"og:image:height\" content=\"1200\" \/>\n\t<meta property=\"og:image:type\" content=\"image\/webp\" \/>\n<meta name=\"twitter:card\" content=\"summary_large_image\" \/>\n<meta name=\"twitter:label1\" content=\"Gesch\u00e4tzte Lesezeit\" \/>\n\t<meta name=\"twitter:data1\" content=\"2\u00a0Minuten\" \/>\n<script type=\"application\/ld+json\" class=\"yoast-schema-graph\">{\"@context\":\"https:\\\/\\\/schema.org\",\"@graph\":[{\"@type\":\"WebPage\",\"@id\":\"https:\\\/\\\/revolutionpadelstore.com\\\/de\\\/produkt\\\/bullpadel-indiga-ctr-26-1\\\/\",\"url\":\"https:\\\/\\\/revolutionpadelstore.com\\\/de\\\/produkt\\\/bullpadel-indiga-ctr-26-1\\\/\",\"name\":\"BULLPADEL INDIGA CTR 26 - Revolution Padel Store\",\"isPartOf\":{\"@id\":\"https:\\\/\\\/revolutionpadelstore.com\\\/de\\\/#website\"},\"primaryImageOfPage\":{\"@id\":\"https:\\\/\\\/revolutionpadelstore.com\\\/de\\\/produkt\\\/bullpadel-indiga-ctr-26-1\\\/#primaryimage\"},\"image\":{\"@id\":\"https:\\\/\\\/revolutionpadelstore.com\\\/de\\\/produkt\\\/bullpadel-indiga-ctr-26-1\\\/#primaryimage\"},\"thumbnailUrl\":\"https:\\\/\\\/revolutionpadelstore.com\\\/wp-content\\\/uploads\\\/2025\\\/10\\\/120900-pala-bullpadel-indiga-ctr-26-494417-1200x1200-1.webp\",\"datePublished\":\"2025-10-05T21:49:50+00:00\",\"dateModified\":\"2026-04-08T01:38:00+00:00\",\"description\":\"Descubre la Bullpadel Indiga CTR 26 2026, una pala de p\u00e1del ligera y de control ideal para jugadores principiantes o intermedios. C\u00f3mprala ahora en www.revolutionpadelstore.com al mejor precio del mercado.\",\"breadcrumb\":{\"@id\":\"https:\\\/\\\/revolutionpadelstore.com\\\/de\\\/produkt\\\/bullpadel-indiga-ctr-26-1\\\/#breadcrumb\"},\"inLanguage\":\"de\",\"potentialAction\":[{\"@type\":\"ReadAction\",\"target\":[\"https:\\\/\\\/revolutionpadelstore.com\\\/de\\\/produkt\\\/bullpadel-indiga-ctr-26-1\\\/\"]}]},{\"@type\":\"ImageObject\",\"inLanguage\":\"de\",\"@id\":\"https:\\\/\\\/revolutionpadelstore.com\\\/de\\\/produkt\\\/bullpadel-indiga-ctr-26-1\\\/#primaryimage\",\"url\":\"https:\\\/\\\/revolutionpadelstore.com\\\/wp-content\\\/uploads\\\/2025\\\/10\\\/120900-pala-bullpadel-indiga-ctr-26-494417-1200x1200-1.webp\",\"contentUrl\":\"https:\\\/\\\/revolutionpadelstore.com\\\/wp-content\\\/uploads\\\/2025\\\/10\\\/120900-pala-bullpadel-indiga-ctr-26-494417-1200x1200-1.webp\",\"width\":1200,\"height\":1200},{\"@type\":\"BreadcrumbList\",\"@id\":\"https:\\\/\\\/revolutionpadelstore.com\\\/de\\\/produkt\\\/bullpadel-indiga-ctr-26-1\\\/#breadcrumb\",\"itemListElement\":[{\"@type\":\"ListItem\",\"position\":1,\"name\":\"Portada\",\"item\":\"https:\\\/\\\/revolutionpadelstore.com\\\/de\\\/\"},{\"@type\":\"ListItem\",\"position\":2,\"name\":\"Shop\",\"item\":\"https:\\\/\\\/revolutionpadelstore.com\\\/de\\\/tienda\\\/\"},{\"@type\":\"ListItem\",\"position\":3,\"name\":\"BULLPADEL INDIGA CTR 26\"}]},{\"@type\":\"WebSite\",\"@id\":\"https:\\\/\\\/revolutionpadelstore.com\\\/de\\\/#website\",\"url\":\"https:\\\/\\\/revolutionpadelstore.com\\\/de\\\/\",\"name\":\"Revolution Padel Store\",\"description\":\"\",\"publisher\":{\"@id\":\"https:\\\/\\\/revolutionpadelstore.com\\\/de\\\/#organization\"},\"potentialAction\":[{\"@type\":\"SearchAction\",\"target\":{\"@type\":\"EntryPoint\",\"urlTemplate\":\"https:\\\/\\\/revolutionpadelstore.com\\\/de\\\/?s={search_term_string}\"},\"query-input\":{\"@type\":\"PropertyValueSpecification\",\"valueRequired\":true,\"valueName\":\"search_term_string\"}}],\"inLanguage\":\"de\"},{\"@type\":\"Organization\",\"@id\":\"https:\\\/\\\/revolutionpadelstore.com\\\/de\\\/#organization\",\"name\":\"Revolution Padel Store\",\"url\":\"https:\\\/\\\/revolutionpadelstore.com\\\/de\\\/\",\"logo\":{\"@type\":\"ImageObject\",\"inLanguage\":\"de\",\"@id\":\"https:\\\/\\\/revolutionpadelstore.com\\\/de\\\/#\\\/schema\\\/logo\\\/image\\\/\",\"url\":\"https:\\\/\\\/revolutionpadelstore.com\\\/wp-content\\\/uploads\\\/2026\\\/02\\\/revolution-padel-store.jpg\",\"contentUrl\":\"https:\\\/\\\/revolutionpadelstore.com\\\/wp-content\\\/uploads\\\/2026\\\/02\\\/revolution-padel-store.jpg\",\"width\":2000,\"height\":2000,\"caption\":\"Revolution Padel Store\"},\"image\":{\"@id\":\"https:\\\/\\\/revolutionpadelstore.com\\\/de\\\/#\\\/schema\\\/logo\\\/image\\\/\"},\"sameAs\":[\"https:\\\/\\\/www.instagram.com\\\/revolutionpadelstore\\\/\"]}]}<\/script>\n<!-- \/ Yoast SEO plugin. -->","yoast_head_json":{"title":"BULLPADEL INDIGA CTR 26 - Revolution Padel Store","description":"Descubre la Bullpadel Indiga CTR 26 2026, una pala de p\u00e1del ligera y de control ideal para jugadores principiantes o intermedios. C\u00f3mprala ahora en www.revolutionpadelstore.com al mejor precio del mercado.","robots":{"index":"index","follow":"follow","max-snippet":"max-snippet:-1","max-image-preview":"max-image-preview:large","max-video-preview":"max-video-preview:-1"},"canonical":"https:\/\/revolutionpadelstore.com\/de\/produkt\/bullpadel-indiga-ctr-26-1\/","og_locale":"de_DE","og_type":"article","og_title":"BULLPADEL INDIGA CTR 26 - Revolution Padel Store","og_description":"Descubre la Bullpadel Indiga CTR 26 2026, una pala de p\u00e1del ligera y de control ideal para jugadores principiantes o intermedios. C\u00f3mprala ahora en www.revolutionpadelstore.com al mejor precio del mercado.","og_url":"https:\/\/revolutionpadelstore.com\/de\/produkt\/bullpadel-indiga-ctr-26-1\/","og_site_name":"Revolution Padel Store","article_modified_time":"2026-04-08T01:38:00+00:00","og_image":[{"width":1200,"height":1200,"url":"https:\/\/revolutionpadelstore.com\/wp-content\/uploads\/2025\/10\/120900-pala-bullpadel-indiga-ctr-26-494417-1200x1200-1.webp","type":"image\/webp"}],"twitter_card":"summary_large_image","twitter_misc":{"Gesch\u00e4tzte Lesezeit":"2\u00a0Minuten"},"schema":{"@context":"https:\/\/schema.org","@graph":[{"@type":"WebPage","@id":"https:\/\/revolutionpadelstore.com\/de\/produkt\/bullpadel-indiga-ctr-26-1\/","url":"https:\/\/revolutionpadelstore.com\/de\/produkt\/bullpadel-indiga-ctr-26-1\/","name":"BULLPADEL INDIGA CTR 26 - Revolution Padel Store","isPartOf":{"@id":"https:\/\/revolutionpadelstore.com\/de\/#website"},"primaryImageOfPage":{"@id":"https:\/\/revolutionpadelstore.com\/de\/produkt\/bullpadel-indiga-ctr-26-1\/#primaryimage"},"image":{"@id":"https:\/\/revolutionpadelstore.com\/de\/produkt\/bullpadel-indiga-ctr-26-1\/#primaryimage"},"thumbnailUrl":"https:\/\/revolutionpadelstore.com\/wp-content\/uploads\/2025\/10\/120900-pala-bullpadel-indiga-ctr-26-494417-1200x1200-1.webp","datePublished":"2025-10-05T21:49:50+00:00","dateModified":"2026-04-08T01:38:00+00:00","description":"Descubre la Bullpadel Indiga CTR 26 2026, una pala de p\u00e1del ligera y de control ideal para jugadores principiantes o intermedios. C\u00f3mprala ahora en www.revolutionpadelstore.com al mejor precio del mercado.","breadcrumb":{"@id":"https:\/\/revolutionpadelstore.com\/de\/produkt\/bullpadel-indiga-ctr-26-1\/#breadcrumb"},"inLanguage":"de","potentialAction":[{"@type":"ReadAction","target":["https:\/\/revolutionpadelstore.com\/de\/produkt\/bullpadel-indiga-ctr-26-1\/"]}]},{"@type":"ImageObject","inLanguage":"de","@id":"https:\/\/revolutionpadelstore.com\/de\/produkt\/bullpadel-indiga-ctr-26-1\/#primaryimage","url":"https:\/\/revolutionpadelstore.com\/wp-content\/uploads\/2025\/10\/120900-pala-bullpadel-indiga-ctr-26-494417-1200x1200-1.webp","contentUrl":"https:\/\/revolutionpadelstore.com\/wp-content\/uploads\/2025\/10\/120900-pala-bullpadel-indiga-ctr-26-494417-1200x1200-1.webp","width":1200,"height":1200},{"@type":"BreadcrumbList","@id":"https:\/\/revolutionpadelstore.com\/de\/produkt\/bullpadel-indiga-ctr-26-1\/#breadcrumb","itemListElement":[{"@type":"ListItem","position":1,"name":"Portada","item":"https:\/\/revolutionpadelstore.com\/de\/"},{"@type":"ListItem","position":2,"name":"Shop","item":"https:\/\/revolutionpadelstore.com\/de\/tienda\/"},{"@type":"ListItem","position":3,"name":"BULLPADEL INDIGA CTR 26"}]},{"@type":"WebSite","@id":"https:\/\/revolutionpadelstore.com\/de\/#website","url":"https:\/\/revolutionpadelstore.com\/de\/","name":"Revolution Padel Store","description":"","publisher":{"@id":"https:\/\/revolutionpadelstore.com\/de\/#organization"},"potentialAction":[{"@type":"SearchAction","target":{"@type":"EntryPoint","urlTemplate":"https:\/\/revolutionpadelstore.com\/de\/?s={search_term_string}"},"query-input":{"@type":"PropertyValueSpecification","valueRequired":true,"valueName":"search_term_string"}}],"inLanguage":"de"},{"@type":"Organization","@id":"https:\/\/revolutionpadelstore.com\/de\/#organization","name":"Revolution Padel Store","url":"https:\/\/revolutionpadelstore.com\/de\/","logo":{"@type":"ImageObject","inLanguage":"de","@id":"https:\/\/revolutionpadelstore.com\/de\/#\/schema\/logo\/image\/","url":"https:\/\/revolutionpadelstore.com\/wp-content\/uploads\/2026\/02\/revolution-padel-store.jpg","contentUrl":"https:\/\/revolutionpadelstore.com\/wp-content\/uploads\/2026\/02\/revolution-padel-store.jpg","width":2000,"height":2000,"caption":"Revolution Padel Store"},"image":{"@id":"https:\/\/revolutionpadelstore.com\/de\/#\/schema\/logo\/image\/"},"sameAs":["https:\/\/www.instagram.com\/revolutionpadelstore\/"]}]}},"_links":{"self":[{"href":"https:\/\/revolutionpadelstore.com\/de\/wp-json\/wp\/v2\/product\/270196","targetHints":{"allow":["GET"]}}],"collection":[{"href":"https:\/\/revolutionpadelstore.com\/de\/wp-json\/wp\/v2\/product"}],"about":[{"href":"https:\/\/revolutionpadelstore.com\/de\/wp-json\/wp\/v2\/types\/product"}],"replies":[{"embeddable":true,"href":"https:\/\/revolutionpadelstore.com\/de\/wp-json\/wp\/v2\/comments?post=270196"}],"wp:featuredmedia":[{"embeddable":true,"href":"https:\/\/revolutionpadelstore.com\/de\/wp-json\/wp\/v2\/media\/270173"}],"wp:attachment":[{"href":"https:\/\/revolutionpadelstore.com\/de\/wp-json\/wp\/v2\/media?parent=270196"}],"wp:term":[{"taxonomy":"acabado","embeddable":true,"href":"https:\/\/revolutionpadelstore.com\/de\/wp-json\/wp\/v2\/acabado?post=270196"},{"taxonomy":"balance","embeddable":true,"href":"https:\/\/revolutionpadelstore.com\/de\/wp-json\/wp\/v2\/balance?post=270196"},{"taxonomy":"dureza","embeddable":true,"href":"https:\/\/revolutionpadelstore.com\/de\/wp-json\/wp\/v2\/dureza?post=270196"},{"taxonomy":"forma","embeddable":true,"href":"https:\/\/revolutionpadelstore.com\/de\/wp-json\/wp\/v2\/forma?post=270196"},{"taxonomy":"jugador","embeddable":true,"href":"https:\/\/revolutionpadelstore.com\/de\/wp-json\/wp\/v2\/jugador?post=270196"},{"taxonomy":"marca","embeddable":true,"href":"https:\/\/revolutionpadelstore.com\/de\/wp-json\/wp\/v2\/marca?post=270196"},{"taxonomy":"nivel-de-juego","embeddable":true,"href":"https:\/\/revolutionpadelstore.com\/de\/wp-json\/wp\/v2\/nivel-de-juego?post=270196"},{"taxonomy":"superficie","embeddable":true,"href":"https:\/\/revolutionpadelstore.com\/de\/wp-json\/wp\/v2\/superficie?post=270196"},{"taxonomy":"tipo-de-juego","embeddable":true,"href":"https:\/\/revolutionpadelstore.com\/de\/wp-json\/wp\/v2\/tipo-de-juego?post=270196"},{"taxonomy":"product_brand","embeddable":true,"href":"https:\/\/revolutionpadelstore.com\/de\/wp-json\/wp\/v2\/product_brand?post=270196"},{"taxonomy":"product_cat","embeddable":true,"href":"https:\/\/revolutionpadelstore.com\/de\/wp-json\/wp\/v2\/product_cat?post=270196"},{"taxonomy":"product_tag","embeddable":true,"href":"https:\/\/revolutionpadelstore.com\/de\/wp-json\/wp\/v2\/product_tag?post=270196"}],"curies":[{"name":"wp","href":"https:\/\/api.w.org\/{rel}","templated":true}]}}