{"id":269810,"date":"2025-09-27T12:07:17","date_gmt":"2025-09-27T10:07:17","guid":{"rendered":"https:\/\/revolutionpadelstore.com\/?post_type=product&#038;p=269810"},"modified":"2026-04-08T03:49:23","modified_gmt":"2026-04-08T01:49:23","slug":"dunlop-aero-star-6","status":"publish","type":"product","link":"https:\/\/revolutionpadelstore.com\/de\/produkt\/dunlop-aero-star-6\/","title":{"rendered":"DUNLOP AERO-STAR"},"content":{"rendered":"<h2>Dunlop Aero-Star-Schl\u00e4ger \u2013 Unglaubliche Effekte und totale Power<\/h2>\n<p>Beherrschen Sie den Platz mit dem <strong>Dunlop Aero-Star<\/strong>, einem professionellen Padelschl\u00e4ger, der f\u00fcr Spieler entwickelt wurde, die <strong>maximale Power<\/strong>, Kontrolle und un\u00fcbertroffenen Spin suchen. Dieser Schl\u00e4ger bereichert Ihr Spiel mit einem robusten Design, hochwertigen Materialien und einer aggressiven diamant\u00e4hnlichen Form, die f\u00fcr die anspruchsvollsten Spieler entwickelt wurde.<\/p>\n<h2>Raue Oberfl\u00e4che f\u00fcr \u00fcberraschende Effekte<\/h2>\n<p>Dank seiner rauen Oberfl\u00e4che auf der Schlagfl\u00e4che erm\u00f6glicht Ihnen der <strong>Dunlop Aero-Star<\/strong>, bei jedem Schlag einen unglaublichen Effekt zu erzielen. \u00dcbernimm die Kontrolle \u00fcber den Punkt und \u00fcberrasche deinen Gegner mit Schl\u00e4gen voller Spin und Pr\u00e4zision.<\/p>\n<h2>Kraft und Widerstandsf\u00e4higkeit aus 100 % Carbon<\/h2>\n<p>Dieser Schl\u00e4ger besteht vollst\u00e4ndig aus <strong>japanischem Premium-Carbon<\/strong> und bietet au\u00dfergew\u00f6hnliche Haltbarkeit und hervorragende Widerstandsf\u00e4higkeit. Seine starre Struktur sorgt f\u00fcr mehr Kraft bei jedem Schlag, ohne auf Komfort zu verzichten oder Vibrationen zu erzeugen.<\/p>\n<h2>Diamantenform f\u00fcr Offensivspieler<\/h2>\n<p>Die Rautenform sorgt f\u00fcr eine <strong>hohe Balance<\/strong>, ideal f\u00fcr Spieler, die <strong>Kraft und Abschluss<\/strong> \u00fcber den Rest stellen. Holen Sie das Beste aus Ihrem aggressiven Spiel heraus mit einem Schl\u00e4ger, der mit Kraft und Stabilit\u00e4t reagiert.<\/p>\n<h2> EVA-Gummikern f\u00fcr schnelles L\u00f6sen<\/h2>\n<p>Sein innerer Kern besteht aus <strong>hochdichtem EVA-Gummi<\/strong>, der eine <strong>schnelle Ballausgabe<\/strong> erm\u00f6glicht und gleichzeitig ein hervorragendes Gef\u00fchl der Kontrolle beibeh\u00e4lt. Perfekt f\u00fcr kraftvolle Volleys und aggressive Layups.<\/p>\n<h2>Hervorgehobene technische Eigenschaften<\/h2>\n<p><strong>-Form<\/strong>: Diamant<\/p>\n<p><strong>-Rahmenmaterial<\/strong>: 100 % Carbon<\/p>\n<p><strong>-Oberfl\u00e4chenmaterial<\/strong>: Hochwertiges japanisches Carbon<\/p>\n<p><strong>-Kern<\/strong>: Hochdichter EVA-Gummi<\/p>\n<p><strong>-Oberfl\u00e4che<\/strong>: Rau f\u00fcr gr\u00f6\u00dfere Wirkung<\/p>\n<p><strong>-Spielerlevel<\/strong>: Fortgeschritten \/ Profi<\/p>\n<p><strong>-Spielstil<\/strong>: Kraft<\/p>\n<h2>Warum sollten Sie sich f\u00fcr den Dunlop Aero-Star entscheiden?<\/h2>\n<p>-Ideal f\u00fcr Offensivspieler, die maximale Power suchen.<\/p>\n<p>-Raue Oberfl\u00e4che, die die Wirkung jedes Treffers verbessert.<\/p>\n<p>-Vollcarbon-Konstruktion: erstklassige Festigkeit und Haltbarkeit.<\/p>\n<p>-Hochleistungsf\u00e4higes professionelles Design.<\/p>\n<p>&#8211; Fortschrittliche Dunlop-Technologie f\u00fcr Padel.<\/p>\n<h2>Holen Sie es sich jetzt!<\/h2>\n<p>Der <strong>Dunlop Aero-Star<\/strong>-Schl\u00e4ger ist in unserem Online-Shop <strong><a href=\"https:\/\/www.revolutionpadelstore.com\/\">www.revolutionpadelstore.com<\/a><\/strong> erh\u00e4ltlich, wahrscheinlich <strong>zum besten Preis auf dem Markt<\/strong>. Verpassen Sie es nicht und bringen Sie Ihr Spiel auf die n\u00e4chste Stufe.<\/p>\n<h2>Pala Dunlop Aero-Star &#8211; Efectos incre\u00edbles y potencia total<\/h2>\n","protected":false},"excerpt":{"rendered":"<p>Dunlop Aero-Star \u2013 Setzen Sie Ihr Spiel durch und erobern Sie das Spiel dank der Effekte, die Sie mit jedem Schuss erzielen.<\/p>\n","protected":false},"featured_media":269858,"comment_status":"open","ping_status":"closed","template":"","meta":{"_acf_changed":false,"_joinchat":[]},"acabado":[1084,1104],"balance":[1134],"dureza":[1159],"forma":[1169],"jugador":[1189],"marca":[1209],"nivel-de-juego":[1334],"superficie":[1359],"tipo-de-juego":[1374],"product_brand":[],"product_cat":[299],"product_tag":[],"class_list":{"0":"post-269810","1":"product","2":"type-product","3":"status-publish","4":"has-post-thumbnail","6":"acabado-kumpel","7":"acabado-rau","8":"balance-hoch","9":"dureza-dura-de","10":"forma-diamante-de","11":"jugador-mann","12":"marca-dunlop-de","13":"superficie-rugosa-de","14":"tipo-de-juego-leistung","15":"product_cat-palas-de-padel-de","17":"first","18":"instock","19":"sale","20":"taxable","21":"shipping-taxable","22":"purchasable","23":"product-type-simple"},"acf":[],"yoast_head":"<!-- This site is optimized with the Yoast SEO plugin v27.4 - https:\/\/yoast.com\/product\/yoast-seo-wordpress\/ -->\n<title>DUNLOP AERO-STAR - Revolution Padel Store<\/title>\n<meta name=\"description\" content=\"Compra la pala Dunlop Aero-Star en Revolution Padel Store. Potencia, efectos y durabilidad con acabado rugoso y carbono 100%. Ideal para jugadores profesionales. \u00a1Mejor precio online!\" \/>\n<meta name=\"robots\" content=\"index, follow, max-snippet:-1, max-image-preview:large, max-video-preview:-1\" \/>\n<link rel=\"canonical\" href=\"https:\/\/revolutionpadelstore.com\/de\/produkt\/dunlop-aero-star-6\/\" \/>\n<meta property=\"og:locale\" content=\"de_DE\" \/>\n<meta property=\"og:type\" content=\"article\" \/>\n<meta property=\"og:title\" content=\"DUNLOP AERO-STAR - Revolution Padel Store\" \/>\n<meta property=\"og:description\" content=\"Compra la pala Dunlop Aero-Star en Revolution Padel Store. Potencia, efectos y durabilidad con acabado rugoso y carbono 100%. Ideal para jugadores profesionales. \u00a1Mejor precio online!\" \/>\n<meta property=\"og:url\" content=\"https:\/\/revolutionpadelstore.com\/de\/produkt\/dunlop-aero-star-6\/\" \/>\n<meta property=\"og:site_name\" content=\"Revolution Padel Store\" \/>\n<meta property=\"article:modified_time\" content=\"2026-04-08T01:49:23+00:00\" \/>\n<meta property=\"og:image\" content=\"https:\/\/revolutionpadelstore.com\/wp-content\/uploads\/2025\/09\/FOTO-PALAS-34.png\" \/>\n\t<meta property=\"og:image:width\" content=\"1500\" \/>\n\t<meta property=\"og:image:height\" content=\"1500\" \/>\n\t<meta property=\"og:image:type\" content=\"image\/png\" \/>\n<meta name=\"twitter:card\" content=\"summary_large_image\" \/>\n<meta name=\"twitter:label1\" content=\"Gesch\u00e4tzte Lesezeit\" \/>\n\t<meta name=\"twitter:data1\" content=\"2\u00a0Minuten\" \/>\n<script type=\"application\/ld+json\" class=\"yoast-schema-graph\">{\"@context\":\"https:\\\/\\\/schema.org\",\"@graph\":[{\"@type\":\"WebPage\",\"@id\":\"https:\\\/\\\/revolutionpadelstore.com\\\/de\\\/produkt\\\/dunlop-aero-star-6\\\/\",\"url\":\"https:\\\/\\\/revolutionpadelstore.com\\\/de\\\/produkt\\\/dunlop-aero-star-6\\\/\",\"name\":\"DUNLOP AERO-STAR - Revolution Padel Store\",\"isPartOf\":{\"@id\":\"https:\\\/\\\/revolutionpadelstore.com\\\/de\\\/#website\"},\"primaryImageOfPage\":{\"@id\":\"https:\\\/\\\/revolutionpadelstore.com\\\/de\\\/produkt\\\/dunlop-aero-star-6\\\/#primaryimage\"},\"image\":{\"@id\":\"https:\\\/\\\/revolutionpadelstore.com\\\/de\\\/produkt\\\/dunlop-aero-star-6\\\/#primaryimage\"},\"thumbnailUrl\":\"https:\\\/\\\/revolutionpadelstore.com\\\/wp-content\\\/uploads\\\/2025\\\/09\\\/FOTO-PALAS-34.png\",\"datePublished\":\"2025-09-27T10:07:17+00:00\",\"dateModified\":\"2026-04-08T01:49:23+00:00\",\"description\":\"Compra la pala Dunlop Aero-Star en Revolution Padel Store. Potencia, efectos y durabilidad con acabado rugoso y carbono 100%. Ideal para jugadores profesionales. \u00a1Mejor precio online!\",\"breadcrumb\":{\"@id\":\"https:\\\/\\\/revolutionpadelstore.com\\\/de\\\/produkt\\\/dunlop-aero-star-6\\\/#breadcrumb\"},\"inLanguage\":\"de\",\"potentialAction\":[{\"@type\":\"ReadAction\",\"target\":[\"https:\\\/\\\/revolutionpadelstore.com\\\/de\\\/produkt\\\/dunlop-aero-star-6\\\/\"]}]},{\"@type\":\"ImageObject\",\"inLanguage\":\"de\",\"@id\":\"https:\\\/\\\/revolutionpadelstore.com\\\/de\\\/produkt\\\/dunlop-aero-star-6\\\/#primaryimage\",\"url\":\"https:\\\/\\\/revolutionpadelstore.com\\\/wp-content\\\/uploads\\\/2025\\\/09\\\/FOTO-PALAS-34.png\",\"contentUrl\":\"https:\\\/\\\/revolutionpadelstore.com\\\/wp-content\\\/uploads\\\/2025\\\/09\\\/FOTO-PALAS-34.png\",\"width\":1500,\"height\":1500},{\"@type\":\"BreadcrumbList\",\"@id\":\"https:\\\/\\\/revolutionpadelstore.com\\\/de\\\/produkt\\\/dunlop-aero-star-6\\\/#breadcrumb\",\"itemListElement\":[{\"@type\":\"ListItem\",\"position\":1,\"name\":\"Portada\",\"item\":\"https:\\\/\\\/revolutionpadelstore.com\\\/de\\\/\"},{\"@type\":\"ListItem\",\"position\":2,\"name\":\"Shop\",\"item\":\"https:\\\/\\\/revolutionpadelstore.com\\\/de\\\/tienda\\\/\"},{\"@type\":\"ListItem\",\"position\":3,\"name\":\"DUNLOP AERO-STAR\"}]},{\"@type\":\"WebSite\",\"@id\":\"https:\\\/\\\/revolutionpadelstore.com\\\/de\\\/#website\",\"url\":\"https:\\\/\\\/revolutionpadelstore.com\\\/de\\\/\",\"name\":\"Revolution Padel Store\",\"description\":\"\",\"publisher\":{\"@id\":\"https:\\\/\\\/revolutionpadelstore.com\\\/de\\\/#organization\"},\"potentialAction\":[{\"@type\":\"SearchAction\",\"target\":{\"@type\":\"EntryPoint\",\"urlTemplate\":\"https:\\\/\\\/revolutionpadelstore.com\\\/de\\\/?s={search_term_string}\"},\"query-input\":{\"@type\":\"PropertyValueSpecification\",\"valueRequired\":true,\"valueName\":\"search_term_string\"}}],\"inLanguage\":\"de\"},{\"@type\":\"Organization\",\"@id\":\"https:\\\/\\\/revolutionpadelstore.com\\\/de\\\/#organization\",\"name\":\"Revolution Padel Store\",\"url\":\"https:\\\/\\\/revolutionpadelstore.com\\\/de\\\/\",\"logo\":{\"@type\":\"ImageObject\",\"inLanguage\":\"de\",\"@id\":\"https:\\\/\\\/revolutionpadelstore.com\\\/de\\\/#\\\/schema\\\/logo\\\/image\\\/\",\"url\":\"https:\\\/\\\/revolutionpadelstore.com\\\/wp-content\\\/uploads\\\/2026\\\/02\\\/revolution-padel-store.jpg\",\"contentUrl\":\"https:\\\/\\\/revolutionpadelstore.com\\\/wp-content\\\/uploads\\\/2026\\\/02\\\/revolution-padel-store.jpg\",\"width\":2000,\"height\":2000,\"caption\":\"Revolution Padel Store\"},\"image\":{\"@id\":\"https:\\\/\\\/revolutionpadelstore.com\\\/de\\\/#\\\/schema\\\/logo\\\/image\\\/\"},\"sameAs\":[\"https:\\\/\\\/www.instagram.com\\\/revolutionpadelstore\\\/\"]}]}<\/script>\n<!-- \/ Yoast SEO plugin. -->","yoast_head_json":{"title":"DUNLOP AERO-STAR - Revolution Padel Store","description":"Compra la pala Dunlop Aero-Star en Revolution Padel Store. Potencia, efectos y durabilidad con acabado rugoso y carbono 100%. Ideal para jugadores profesionales. \u00a1Mejor precio online!","robots":{"index":"index","follow":"follow","max-snippet":"max-snippet:-1","max-image-preview":"max-image-preview:large","max-video-preview":"max-video-preview:-1"},"canonical":"https:\/\/revolutionpadelstore.com\/de\/produkt\/dunlop-aero-star-6\/","og_locale":"de_DE","og_type":"article","og_title":"DUNLOP AERO-STAR - Revolution Padel Store","og_description":"Compra la pala Dunlop Aero-Star en Revolution Padel Store. Potencia, efectos y durabilidad con acabado rugoso y carbono 100%. Ideal para jugadores profesionales. \u00a1Mejor precio online!","og_url":"https:\/\/revolutionpadelstore.com\/de\/produkt\/dunlop-aero-star-6\/","og_site_name":"Revolution Padel Store","article_modified_time":"2026-04-08T01:49:23+00:00","og_image":[{"width":1500,"height":1500,"url":"https:\/\/revolutionpadelstore.com\/wp-content\/uploads\/2025\/09\/FOTO-PALAS-34.png","type":"image\/png"}],"twitter_card":"summary_large_image","twitter_misc":{"Gesch\u00e4tzte Lesezeit":"2\u00a0Minuten"},"schema":{"@context":"https:\/\/schema.org","@graph":[{"@type":"WebPage","@id":"https:\/\/revolutionpadelstore.com\/de\/produkt\/dunlop-aero-star-6\/","url":"https:\/\/revolutionpadelstore.com\/de\/produkt\/dunlop-aero-star-6\/","name":"DUNLOP AERO-STAR - Revolution Padel Store","isPartOf":{"@id":"https:\/\/revolutionpadelstore.com\/de\/#website"},"primaryImageOfPage":{"@id":"https:\/\/revolutionpadelstore.com\/de\/produkt\/dunlop-aero-star-6\/#primaryimage"},"image":{"@id":"https:\/\/revolutionpadelstore.com\/de\/produkt\/dunlop-aero-star-6\/#primaryimage"},"thumbnailUrl":"https:\/\/revolutionpadelstore.com\/wp-content\/uploads\/2025\/09\/FOTO-PALAS-34.png","datePublished":"2025-09-27T10:07:17+00:00","dateModified":"2026-04-08T01:49:23+00:00","description":"Compra la pala Dunlop Aero-Star en Revolution Padel Store. Potencia, efectos y durabilidad con acabado rugoso y carbono 100%. Ideal para jugadores profesionales. \u00a1Mejor precio online!","breadcrumb":{"@id":"https:\/\/revolutionpadelstore.com\/de\/produkt\/dunlop-aero-star-6\/#breadcrumb"},"inLanguage":"de","potentialAction":[{"@type":"ReadAction","target":["https:\/\/revolutionpadelstore.com\/de\/produkt\/dunlop-aero-star-6\/"]}]},{"@type":"ImageObject","inLanguage":"de","@id":"https:\/\/revolutionpadelstore.com\/de\/produkt\/dunlop-aero-star-6\/#primaryimage","url":"https:\/\/revolutionpadelstore.com\/wp-content\/uploads\/2025\/09\/FOTO-PALAS-34.png","contentUrl":"https:\/\/revolutionpadelstore.com\/wp-content\/uploads\/2025\/09\/FOTO-PALAS-34.png","width":1500,"height":1500},{"@type":"BreadcrumbList","@id":"https:\/\/revolutionpadelstore.com\/de\/produkt\/dunlop-aero-star-6\/#breadcrumb","itemListElement":[{"@type":"ListItem","position":1,"name":"Portada","item":"https:\/\/revolutionpadelstore.com\/de\/"},{"@type":"ListItem","position":2,"name":"Shop","item":"https:\/\/revolutionpadelstore.com\/de\/tienda\/"},{"@type":"ListItem","position":3,"name":"DUNLOP AERO-STAR"}]},{"@type":"WebSite","@id":"https:\/\/revolutionpadelstore.com\/de\/#website","url":"https:\/\/revolutionpadelstore.com\/de\/","name":"Revolution Padel Store","description":"","publisher":{"@id":"https:\/\/revolutionpadelstore.com\/de\/#organization"},"potentialAction":[{"@type":"SearchAction","target":{"@type":"EntryPoint","urlTemplate":"https:\/\/revolutionpadelstore.com\/de\/?s={search_term_string}"},"query-input":{"@type":"PropertyValueSpecification","valueRequired":true,"valueName":"search_term_string"}}],"inLanguage":"de"},{"@type":"Organization","@id":"https:\/\/revolutionpadelstore.com\/de\/#organization","name":"Revolution Padel Store","url":"https:\/\/revolutionpadelstore.com\/de\/","logo":{"@type":"ImageObject","inLanguage":"de","@id":"https:\/\/revolutionpadelstore.com\/de\/#\/schema\/logo\/image\/","url":"https:\/\/revolutionpadelstore.com\/wp-content\/uploads\/2026\/02\/revolution-padel-store.jpg","contentUrl":"https:\/\/revolutionpadelstore.com\/wp-content\/uploads\/2026\/02\/revolution-padel-store.jpg","width":2000,"height":2000,"caption":"Revolution Padel Store"},"image":{"@id":"https:\/\/revolutionpadelstore.com\/de\/#\/schema\/logo\/image\/"},"sameAs":["https:\/\/www.instagram.com\/revolutionpadelstore\/"]}]}},"_links":{"self":[{"href":"https:\/\/revolutionpadelstore.com\/de\/wp-json\/wp\/v2\/product\/269810","targetHints":{"allow":["GET"]}}],"collection":[{"href":"https:\/\/revolutionpadelstore.com\/de\/wp-json\/wp\/v2\/product"}],"about":[{"href":"https:\/\/revolutionpadelstore.com\/de\/wp-json\/wp\/v2\/types\/product"}],"replies":[{"embeddable":true,"href":"https:\/\/revolutionpadelstore.com\/de\/wp-json\/wp\/v2\/comments?post=269810"}],"wp:featuredmedia":[{"embeddable":true,"href":"https:\/\/revolutionpadelstore.com\/de\/wp-json\/wp\/v2\/media\/269858"}],"wp:attachment":[{"href":"https:\/\/revolutionpadelstore.com\/de\/wp-json\/wp\/v2\/media?parent=269810"}],"wp:term":[{"taxonomy":"acabado","embeddable":true,"href":"https:\/\/revolutionpadelstore.com\/de\/wp-json\/wp\/v2\/acabado?post=269810"},{"taxonomy":"balance","embeddable":true,"href":"https:\/\/revolutionpadelstore.com\/de\/wp-json\/wp\/v2\/balance?post=269810"},{"taxonomy":"dureza","embeddable":true,"href":"https:\/\/revolutionpadelstore.com\/de\/wp-json\/wp\/v2\/dureza?post=269810"},{"taxonomy":"forma","embeddable":true,"href":"https:\/\/revolutionpadelstore.com\/de\/wp-json\/wp\/v2\/forma?post=269810"},{"taxonomy":"jugador","embeddable":true,"href":"https:\/\/revolutionpadelstore.com\/de\/wp-json\/wp\/v2\/jugador?post=269810"},{"taxonomy":"marca","embeddable":true,"href":"https:\/\/revolutionpadelstore.com\/de\/wp-json\/wp\/v2\/marca?post=269810"},{"taxonomy":"nivel-de-juego","embeddable":true,"href":"https:\/\/revolutionpadelstore.com\/de\/wp-json\/wp\/v2\/nivel-de-juego?post=269810"},{"taxonomy":"superficie","embeddable":true,"href":"https:\/\/revolutionpadelstore.com\/de\/wp-json\/wp\/v2\/superficie?post=269810"},{"taxonomy":"tipo-de-juego","embeddable":true,"href":"https:\/\/revolutionpadelstore.com\/de\/wp-json\/wp\/v2\/tipo-de-juego?post=269810"},{"taxonomy":"product_brand","embeddable":true,"href":"https:\/\/revolutionpadelstore.com\/de\/wp-json\/wp\/v2\/product_brand?post=269810"},{"taxonomy":"product_cat","embeddable":true,"href":"https:\/\/revolutionpadelstore.com\/de\/wp-json\/wp\/v2\/product_cat?post=269810"},{"taxonomy":"product_tag","embeddable":true,"href":"https:\/\/revolutionpadelstore.com\/de\/wp-json\/wp\/v2\/product_tag?post=269810"}],"curies":[{"name":"wp","href":"https:\/\/api.w.org\/{rel}","templated":true}]}}