{"id":269803,"date":"2025-09-27T11:39:05","date_gmt":"2025-09-27T09:39:05","guid":{"rendered":"https:\/\/revolutionpadelstore.com\/dunlop-aero-star-pro\/"},"modified":"2026-04-08T03:49:42","modified_gmt":"2026-04-08T01:49:42","slug":"dunlop-aero-star-pro","status":"publish","type":"product","link":"https:\/\/revolutionpadelstore.com\/de\/produkt\/dunlop-aero-star-pro\/","title":{"rendered":"DUNLOP AERO-STAR PRO"},"content":{"rendered":"<h2><strong>Dunlop Aero Star Pro \u2013 Professionelle Power f\u00fcr Offensivspieler<\/strong><\/h2>\n<h2><strong>Explosivit\u00e4t, Kontrolle und Technologie im Dienste Ihres Spiels<\/strong><\/h2>\n<p>Der Dunlop Aero Star Pro ist ein Hochleistungs-Padelschl\u00e4ger, der f\u00fcr fortgeschrittene Spieler entwickelt wurde, die maximale Leistung suchen, ohne auf Kontrolle zu verzichten. Seine Diamantform und sein ausgewogenes Gewicht zwischen 360 und 375 Gramm bieten eine ideale Kombination, um vom Angriff aus zu dominieren und kraftvolle und pr\u00e4zise Schl\u00e4ge mit Leichtigkeit auszuf\u00fchren.<\/p>\n<p>Dieser aus professionellen Materialien gefertigte und in Zusammenarbeit mit dem Spieler Ramiro Moyano entwickelte Schl\u00e4ger garantiert eine herausragende Leistung in anspruchsvollen Situationen und sorgt in jedem Moment f\u00fcr eine feste, stabile und schnelle Reaktion.<\/p>\n<h2><strong>Hervorgehobene technische Eigenschaften<\/strong><\/h2>\n<p>-Diamantform: extreme Kraft f\u00fcr offensives Spiel<\/p>\n<p>-16K Carbon auf den Schlagfl\u00e4chen: \u00fcberlegene Widerstandsf\u00e4higkeit und solide Schlagkraft<\/p>\n<p>-Premium-Carbonrahmen: maximale Haltbarkeit und strukturelle Steifigkeit<\/p>\n<p>-EVA Pro-Gummikern: hervorragende Ballausgabe und Beschleunigung<\/p>\n<p>-3D Spin raue Oberfl\u00e4che: gr\u00f6\u00dfere Wirkung auf Topspin- und Slice-Schl\u00e4ge<\/p>\n<p>-Tri-Clamp-Design: verbesserte Stabilit\u00e4t und Man\u00f6vrierf\u00e4higkeit<\/p>\n<h2><strong>F\u00fcr wen ist der Dunlop Aero Star Pro geeignet?<\/strong><\/h2>\n<p>Dieser Schl\u00e4ger ist f\u00fcr fortgeschrittene oder professionelle Offensivspieler konzipiert, die jeden Punkt vom ersten Schlag an dominieren m\u00f6chten. Seine robuste Struktur und innovative Technologien erm\u00f6glichen ein kraftvolles Spiel, ohne die Kontrolle in taktischen Situationen zu beeintr\u00e4chtigen.<\/p>\n<h2><strong>Vorteile des Spielens mit dem Aero Star Pro<\/strong><\/h2>\n<p>&#8211; St\u00e4rkere und definitivere Aufnahmen<\/p>\n<p>-\u00dcberlegene Kontrolle bei Spinschl\u00e4gen<\/p>\n<p>-Stabilit\u00e4t in Momenten maximaler Anforderung<\/p>\n<p>-Lange Lebensdauer dank Carbon-Konstruktion<\/p>\n<p>-Professionelle Leistung, best\u00e4tigt von Ramiro Moyano<\/p>\n<h2><strong>Kaufen Sie den Dunlop Aero Star Pro zum besten Preis<\/strong><\/h2>\n<p>Wenn Sie auf der Suche nach einem professionellen, langlebigen Schl\u00e4ger mit enormer Power sind, ist der Dunlop Aero Star Pro Ihr bester Verb\u00fcndeter. Beherrschen Sie jedes Spiel mit Pr\u00e4zision und Kraft, mit einem Schl\u00e4ger, der f\u00fcr Elite-Wettbewerbe konzipiert ist.<\/p>\n<p>Ab sofort in unserem Online-Shop <a href=\"http:\/\/www.revolutionpadelstore.com\/\">www.revolutionpadelstore.com<\/a> erh\u00e4ltlich, wahrscheinlich zum besten Preis auf dem Markt.<\/p>\n<h2><strong>Dunlop Aero Star Pro \u2013 Potencia profesional para jugadores ofensivos<\/strong><\/p>\n","protected":false},"excerpt":{"rendered":"<p>Erleben Sie die ganze St\u00e4rke dieses rautenf\u00f6rmigen Schl\u00e4gers von Dunlop, der f\u00fcr fortgeschrittene Offensivspieler entwickelt wurde.<\/p>\n","protected":false},"featured_media":269792,"comment_status":"open","ping_status":"closed","template":"","meta":{"_acf_changed":false,"_joinchat":[]},"acabado":[1104],"balance":[1134],"dureza":[1154],"forma":[1169],"jugador":[1189],"marca":[1209],"nivel-de-juego":[1334],"superficie":[1359],"tipo-de-juego":[1374],"product_brand":[],"product_cat":[299],"product_tag":[],"class_list":{"0":"post-269803","1":"product","2":"type-product","3":"status-publish","4":"has-post-thumbnail","6":"acabado-rau","7":"balance-hoch","8":"dureza-media-de","9":"forma-diamante-de","10":"jugador-mann","11":"marca-dunlop-de","12":"superficie-rugosa-de","13":"tipo-de-juego-leistung","14":"product_cat-palas-de-padel-de","16":"first","17":"instock","18":"sale","19":"taxable","20":"shipping-taxable","21":"purchasable","22":"product-type-simple"},"acf":[],"yoast_head":"<!-- This site is optimized with the Yoast SEO plugin v27.4 - https:\/\/yoast.com\/product\/yoast-seo-wordpress\/ -->\n<title>DUNLOP AERO-STAR PRO - Revolution Padel Store<\/title>\n<meta name=\"description\" content=\"Pala Dunlop Aero Star Pro para jugadores avanzados que buscan potencia con control. Forma diamante, carbono 16K y superficie rugosa. Disponible en Revolution Padel Store al mejor precio.\" \/>\n<meta name=\"robots\" content=\"index, follow, max-snippet:-1, max-image-preview:large, max-video-preview:-1\" \/>\n<link rel=\"canonical\" href=\"https:\/\/revolutionpadelstore.com\/de\/produkt\/dunlop-aero-star-pro\/\" \/>\n<meta property=\"og:locale\" content=\"de_DE\" \/>\n<meta property=\"og:type\" content=\"article\" \/>\n<meta property=\"og:title\" content=\"DUNLOP AERO-STAR PRO - Revolution Padel Store\" \/>\n<meta property=\"og:description\" content=\"Pala Dunlop Aero Star Pro para jugadores avanzados que buscan potencia con control. Forma diamante, carbono 16K y superficie rugosa. Disponible en Revolution Padel Store al mejor precio.\" \/>\n<meta property=\"og:url\" content=\"https:\/\/revolutionpadelstore.com\/de\/produkt\/dunlop-aero-star-pro\/\" \/>\n<meta property=\"og:site_name\" content=\"Revolution Padel Store\" \/>\n<meta property=\"article:modified_time\" content=\"2026-04-08T01:49:42+00:00\" \/>\n<meta property=\"og:image\" content=\"https:\/\/revolutionpadelstore.com\/wp-content\/uploads\/2025\/09\/imagen_1_104752_37226836_9662.webp\" \/>\n\t<meta property=\"og:image:width\" content=\"1000\" \/>\n\t<meta property=\"og:image:height\" content=\"1000\" \/>\n\t<meta property=\"og:image:type\" content=\"image\/webp\" \/>\n<meta name=\"twitter:card\" content=\"summary_large_image\" \/>\n<meta name=\"twitter:label1\" content=\"Gesch\u00e4tzte Lesezeit\" \/>\n\t<meta name=\"twitter:data1\" content=\"2\u00a0Minuten\" \/>\n<script type=\"application\/ld+json\" class=\"yoast-schema-graph\">{\"@context\":\"https:\\\/\\\/schema.org\",\"@graph\":[{\"@type\":\"WebPage\",\"@id\":\"https:\\\/\\\/revolutionpadelstore.com\\\/de\\\/produkt\\\/dunlop-aero-star-pro\\\/\",\"url\":\"https:\\\/\\\/revolutionpadelstore.com\\\/de\\\/produkt\\\/dunlop-aero-star-pro\\\/\",\"name\":\"DUNLOP AERO-STAR PRO - Revolution Padel Store\",\"isPartOf\":{\"@id\":\"https:\\\/\\\/revolutionpadelstore.com\\\/de\\\/#website\"},\"primaryImageOfPage\":{\"@id\":\"https:\\\/\\\/revolutionpadelstore.com\\\/de\\\/produkt\\\/dunlop-aero-star-pro\\\/#primaryimage\"},\"image\":{\"@id\":\"https:\\\/\\\/revolutionpadelstore.com\\\/de\\\/produkt\\\/dunlop-aero-star-pro\\\/#primaryimage\"},\"thumbnailUrl\":\"https:\\\/\\\/revolutionpadelstore.com\\\/wp-content\\\/uploads\\\/2025\\\/09\\\/imagen_1_104752_37226836_9662.webp\",\"datePublished\":\"2025-09-27T09:39:05+00:00\",\"dateModified\":\"2026-04-08T01:49:42+00:00\",\"description\":\"Pala Dunlop Aero Star Pro para jugadores avanzados que buscan potencia con control. Forma diamante, carbono 16K y superficie rugosa. Disponible en Revolution Padel Store al mejor precio.\",\"breadcrumb\":{\"@id\":\"https:\\\/\\\/revolutionpadelstore.com\\\/de\\\/produkt\\\/dunlop-aero-star-pro\\\/#breadcrumb\"},\"inLanguage\":\"de\",\"potentialAction\":[{\"@type\":\"ReadAction\",\"target\":[\"https:\\\/\\\/revolutionpadelstore.com\\\/de\\\/produkt\\\/dunlop-aero-star-pro\\\/\"]}]},{\"@type\":\"ImageObject\",\"inLanguage\":\"de\",\"@id\":\"https:\\\/\\\/revolutionpadelstore.com\\\/de\\\/produkt\\\/dunlop-aero-star-pro\\\/#primaryimage\",\"url\":\"https:\\\/\\\/revolutionpadelstore.com\\\/wp-content\\\/uploads\\\/2025\\\/09\\\/imagen_1_104752_37226836_9662.webp\",\"contentUrl\":\"https:\\\/\\\/revolutionpadelstore.com\\\/wp-content\\\/uploads\\\/2025\\\/09\\\/imagen_1_104752_37226836_9662.webp\",\"width\":1000,\"height\":1000},{\"@type\":\"BreadcrumbList\",\"@id\":\"https:\\\/\\\/revolutionpadelstore.com\\\/de\\\/produkt\\\/dunlop-aero-star-pro\\\/#breadcrumb\",\"itemListElement\":[{\"@type\":\"ListItem\",\"position\":1,\"name\":\"Portada\",\"item\":\"https:\\\/\\\/revolutionpadelstore.com\\\/de\\\/\"},{\"@type\":\"ListItem\",\"position\":2,\"name\":\"Shop\",\"item\":\"https:\\\/\\\/revolutionpadelstore.com\\\/de\\\/tienda\\\/\"},{\"@type\":\"ListItem\",\"position\":3,\"name\":\"DUNLOP AERO-STAR PRO\"}]},{\"@type\":\"WebSite\",\"@id\":\"https:\\\/\\\/revolutionpadelstore.com\\\/de\\\/#website\",\"url\":\"https:\\\/\\\/revolutionpadelstore.com\\\/de\\\/\",\"name\":\"Revolution Padel Store\",\"description\":\"\",\"publisher\":{\"@id\":\"https:\\\/\\\/revolutionpadelstore.com\\\/de\\\/#organization\"},\"potentialAction\":[{\"@type\":\"SearchAction\",\"target\":{\"@type\":\"EntryPoint\",\"urlTemplate\":\"https:\\\/\\\/revolutionpadelstore.com\\\/de\\\/?s={search_term_string}\"},\"query-input\":{\"@type\":\"PropertyValueSpecification\",\"valueRequired\":true,\"valueName\":\"search_term_string\"}}],\"inLanguage\":\"de\"},{\"@type\":\"Organization\",\"@id\":\"https:\\\/\\\/revolutionpadelstore.com\\\/de\\\/#organization\",\"name\":\"Revolution Padel Store\",\"url\":\"https:\\\/\\\/revolutionpadelstore.com\\\/de\\\/\",\"logo\":{\"@type\":\"ImageObject\",\"inLanguage\":\"de\",\"@id\":\"https:\\\/\\\/revolutionpadelstore.com\\\/de\\\/#\\\/schema\\\/logo\\\/image\\\/\",\"url\":\"https:\\\/\\\/revolutionpadelstore.com\\\/wp-content\\\/uploads\\\/2026\\\/02\\\/revolution-padel-store.jpg\",\"contentUrl\":\"https:\\\/\\\/revolutionpadelstore.com\\\/wp-content\\\/uploads\\\/2026\\\/02\\\/revolution-padel-store.jpg\",\"width\":2000,\"height\":2000,\"caption\":\"Revolution Padel Store\"},\"image\":{\"@id\":\"https:\\\/\\\/revolutionpadelstore.com\\\/de\\\/#\\\/schema\\\/logo\\\/image\\\/\"},\"sameAs\":[\"https:\\\/\\\/www.instagram.com\\\/revolutionpadelstore\\\/\"]}]}<\/script>\n<!-- \/ Yoast SEO plugin. -->","yoast_head_json":{"title":"DUNLOP AERO-STAR PRO - Revolution Padel Store","description":"Pala Dunlop Aero Star Pro para jugadores avanzados que buscan potencia con control. Forma diamante, carbono 16K y superficie rugosa. Disponible en Revolution Padel Store al mejor precio.","robots":{"index":"index","follow":"follow","max-snippet":"max-snippet:-1","max-image-preview":"max-image-preview:large","max-video-preview":"max-video-preview:-1"},"canonical":"https:\/\/revolutionpadelstore.com\/de\/produkt\/dunlop-aero-star-pro\/","og_locale":"de_DE","og_type":"article","og_title":"DUNLOP AERO-STAR PRO - Revolution Padel Store","og_description":"Pala Dunlop Aero Star Pro para jugadores avanzados que buscan potencia con control. Forma diamante, carbono 16K y superficie rugosa. Disponible en Revolution Padel Store al mejor precio.","og_url":"https:\/\/revolutionpadelstore.com\/de\/produkt\/dunlop-aero-star-pro\/","og_site_name":"Revolution Padel Store","article_modified_time":"2026-04-08T01:49:42+00:00","og_image":[{"width":1000,"height":1000,"url":"https:\/\/revolutionpadelstore.com\/wp-content\/uploads\/2025\/09\/imagen_1_104752_37226836_9662.webp","type":"image\/webp"}],"twitter_card":"summary_large_image","twitter_misc":{"Gesch\u00e4tzte Lesezeit":"2\u00a0Minuten"},"schema":{"@context":"https:\/\/schema.org","@graph":[{"@type":"WebPage","@id":"https:\/\/revolutionpadelstore.com\/de\/produkt\/dunlop-aero-star-pro\/","url":"https:\/\/revolutionpadelstore.com\/de\/produkt\/dunlop-aero-star-pro\/","name":"DUNLOP AERO-STAR PRO - Revolution Padel Store","isPartOf":{"@id":"https:\/\/revolutionpadelstore.com\/de\/#website"},"primaryImageOfPage":{"@id":"https:\/\/revolutionpadelstore.com\/de\/produkt\/dunlop-aero-star-pro\/#primaryimage"},"image":{"@id":"https:\/\/revolutionpadelstore.com\/de\/produkt\/dunlop-aero-star-pro\/#primaryimage"},"thumbnailUrl":"https:\/\/revolutionpadelstore.com\/wp-content\/uploads\/2025\/09\/imagen_1_104752_37226836_9662.webp","datePublished":"2025-09-27T09:39:05+00:00","dateModified":"2026-04-08T01:49:42+00:00","description":"Pala Dunlop Aero Star Pro para jugadores avanzados que buscan potencia con control. Forma diamante, carbono 16K y superficie rugosa. Disponible en Revolution Padel Store al mejor precio.","breadcrumb":{"@id":"https:\/\/revolutionpadelstore.com\/de\/produkt\/dunlop-aero-star-pro\/#breadcrumb"},"inLanguage":"de","potentialAction":[{"@type":"ReadAction","target":["https:\/\/revolutionpadelstore.com\/de\/produkt\/dunlop-aero-star-pro\/"]}]},{"@type":"ImageObject","inLanguage":"de","@id":"https:\/\/revolutionpadelstore.com\/de\/produkt\/dunlop-aero-star-pro\/#primaryimage","url":"https:\/\/revolutionpadelstore.com\/wp-content\/uploads\/2025\/09\/imagen_1_104752_37226836_9662.webp","contentUrl":"https:\/\/revolutionpadelstore.com\/wp-content\/uploads\/2025\/09\/imagen_1_104752_37226836_9662.webp","width":1000,"height":1000},{"@type":"BreadcrumbList","@id":"https:\/\/revolutionpadelstore.com\/de\/produkt\/dunlop-aero-star-pro\/#breadcrumb","itemListElement":[{"@type":"ListItem","position":1,"name":"Portada","item":"https:\/\/revolutionpadelstore.com\/de\/"},{"@type":"ListItem","position":2,"name":"Shop","item":"https:\/\/revolutionpadelstore.com\/de\/tienda\/"},{"@type":"ListItem","position":3,"name":"DUNLOP AERO-STAR PRO"}]},{"@type":"WebSite","@id":"https:\/\/revolutionpadelstore.com\/de\/#website","url":"https:\/\/revolutionpadelstore.com\/de\/","name":"Revolution Padel Store","description":"","publisher":{"@id":"https:\/\/revolutionpadelstore.com\/de\/#organization"},"potentialAction":[{"@type":"SearchAction","target":{"@type":"EntryPoint","urlTemplate":"https:\/\/revolutionpadelstore.com\/de\/?s={search_term_string}"},"query-input":{"@type":"PropertyValueSpecification","valueRequired":true,"valueName":"search_term_string"}}],"inLanguage":"de"},{"@type":"Organization","@id":"https:\/\/revolutionpadelstore.com\/de\/#organization","name":"Revolution Padel Store","url":"https:\/\/revolutionpadelstore.com\/de\/","logo":{"@type":"ImageObject","inLanguage":"de","@id":"https:\/\/revolutionpadelstore.com\/de\/#\/schema\/logo\/image\/","url":"https:\/\/revolutionpadelstore.com\/wp-content\/uploads\/2026\/02\/revolution-padel-store.jpg","contentUrl":"https:\/\/revolutionpadelstore.com\/wp-content\/uploads\/2026\/02\/revolution-padel-store.jpg","width":2000,"height":2000,"caption":"Revolution Padel Store"},"image":{"@id":"https:\/\/revolutionpadelstore.com\/de\/#\/schema\/logo\/image\/"},"sameAs":["https:\/\/www.instagram.com\/revolutionpadelstore\/"]}]}},"_links":{"self":[{"href":"https:\/\/revolutionpadelstore.com\/de\/wp-json\/wp\/v2\/product\/269803","targetHints":{"allow":["GET"]}}],"collection":[{"href":"https:\/\/revolutionpadelstore.com\/de\/wp-json\/wp\/v2\/product"}],"about":[{"href":"https:\/\/revolutionpadelstore.com\/de\/wp-json\/wp\/v2\/types\/product"}],"replies":[{"embeddable":true,"href":"https:\/\/revolutionpadelstore.com\/de\/wp-json\/wp\/v2\/comments?post=269803"}],"wp:featuredmedia":[{"embeddable":true,"href":"https:\/\/revolutionpadelstore.com\/de\/wp-json\/wp\/v2\/media\/269792"}],"wp:attachment":[{"href":"https:\/\/revolutionpadelstore.com\/de\/wp-json\/wp\/v2\/media?parent=269803"}],"wp:term":[{"taxonomy":"acabado","embeddable":true,"href":"https:\/\/revolutionpadelstore.com\/de\/wp-json\/wp\/v2\/acabado?post=269803"},{"taxonomy":"balance","embeddable":true,"href":"https:\/\/revolutionpadelstore.com\/de\/wp-json\/wp\/v2\/balance?post=269803"},{"taxonomy":"dureza","embeddable":true,"href":"https:\/\/revolutionpadelstore.com\/de\/wp-json\/wp\/v2\/dureza?post=269803"},{"taxonomy":"forma","embeddable":true,"href":"https:\/\/revolutionpadelstore.com\/de\/wp-json\/wp\/v2\/forma?post=269803"},{"taxonomy":"jugador","embeddable":true,"href":"https:\/\/revolutionpadelstore.com\/de\/wp-json\/wp\/v2\/jugador?post=269803"},{"taxonomy":"marca","embeddable":true,"href":"https:\/\/revolutionpadelstore.com\/de\/wp-json\/wp\/v2\/marca?post=269803"},{"taxonomy":"nivel-de-juego","embeddable":true,"href":"https:\/\/revolutionpadelstore.com\/de\/wp-json\/wp\/v2\/nivel-de-juego?post=269803"},{"taxonomy":"superficie","embeddable":true,"href":"https:\/\/revolutionpadelstore.com\/de\/wp-json\/wp\/v2\/superficie?post=269803"},{"taxonomy":"tipo-de-juego","embeddable":true,"href":"https:\/\/revolutionpadelstore.com\/de\/wp-json\/wp\/v2\/tipo-de-juego?post=269803"},{"taxonomy":"product_brand","embeddable":true,"href":"https:\/\/revolutionpadelstore.com\/de\/wp-json\/wp\/v2\/product_brand?post=269803"},{"taxonomy":"product_cat","embeddable":true,"href":"https:\/\/revolutionpadelstore.com\/de\/wp-json\/wp\/v2\/product_cat?post=269803"},{"taxonomy":"product_tag","embeddable":true,"href":"https:\/\/revolutionpadelstore.com\/de\/wp-json\/wp\/v2\/product_tag?post=269803"}],"curies":[{"name":"wp","href":"https:\/\/api.w.org\/{rel}","templated":true}]}}