{"id":269733,"date":"2025-09-27T00:06:19","date_gmt":"2025-09-26T22:06:19","guid":{"rendered":"https:\/\/revolutionpadelstore.com\/nox-at10-pro-cup-soft-by-agustin-tapia\/"},"modified":"2026-04-16T02:02:21","modified_gmt":"2026-04-16T00:02:21","slug":"nox-at10-pro-cup-soft-by-agustin-tapia-2026","status":"publish","type":"product","link":"https:\/\/revolutionpadelstore.com\/de\/produkt\/nox-at10-pro-cup-soft-by-agustin-tapia-2026\/","title":{"rendered":"NOX AT10 PRO CUP SOFT BY AGUSTIN TAPIA 2026"},"content":{"rendered":"<h2>Nox AT10 Pro Cup Soft von Agust\u00edn Tapia 2026 \u2013 Maximaler Komfort, Kontrolle und professionelle Leistung<\/h2>\n<p>Der <strong>Nox AT10 Pro Cup Soft von Agust\u00edn Tapia 2026<\/strong> stellt die komfortabelste und kontrollierbarste Version eines der erfolgreichsten Modelle auf dem Markt dar. Diese Neuauflage beh\u00e4lt die Form des 2025 AT10 Genius-Schl\u00e4gers bei und bietet ein weicheres Schlaggef\u00fchl, das die Ballausgabe verbessert und Vibrationen reduziert \u2013 ideal f\u00fcr Spieler, die Wert auf Komfort legen, ohne auf Leistung zu verzichten.<\/p>\n<p>Dieser Schl\u00e4ger wurde in Zusammenarbeit mit <strong>Agust\u00edn Tapia<\/strong> entwickelt und ist perfekt f\u00fcr alle, die auf der Suche nach <strong>professionellen Padelschl\u00e4gern<\/strong> mit einem freundlicheren und handlicheren Spielgef\u00fchl sind.<\/p>\n<h2>Hauptmerkmale<\/h2>\n<p><strong>-Form<\/strong>: Umgekehrter Tropfen (Tropfentyp), ideal f\u00fcr ein Gleichgewicht zwischen Kraft und Kontrolle<\/p>\n<p><strong>-Ungef\u00e4hres Gewicht<\/strong>: 360\u2013375 g<\/p>\n<p><strong>-Balance<\/strong>: Mittel<\/p>\n<p><strong>-Spielerniveau<\/strong>: Mittelstufe bis Profi<\/p>\n<p><strong>-Spieltyp<\/strong>: Mehrzweck<\/p>\n<h2>Modernste Technologien f\u00fcr maximale Leistung<\/h2>\n<p><strong>-HR3 Soft EVA<\/strong>: Weicher Gummikern, der f\u00fcr spektakul\u00e4re Ballausgabe, hohen Komfort und hervorragende Vibrationsd\u00e4mpfung sorgt.<\/p>\n<p><strong>-Fiber Glass Silver (FGS)<\/strong>: Schlagfl\u00e4chen aus aluminisiertem Fiberglas f\u00fcr ein mittleres Spielgef\u00fchl, das sich an alle Spielertypen anpasst.<\/p>\n<p><strong>-Carbon-Rahmen<\/strong>: Rahmen aus 100 % Carbon, der strukturelle Steifigkeit und Haltbarkeit gew\u00e4hrleistet.<\/p>\n<p><strong>-EOS Flap<\/strong>: Seitliches Perforationssystem, das die Aerodynamik und Man\u00f6vrierf\u00e4higkeit des Blattes verbessert.<\/p>\n<p><strong>-Pulse System<\/strong>: Gummieins\u00e4tze zur Minimierung von Vibrationen und zur Vermeidung von Muskel\u00fcberlastungen.<\/p>\n<p><strong>-Exclusive Spin<\/strong>: Kombinierte raue Oberfl\u00e4che (sechseckig + sandgestrahlt), mit der Sie Effekte einfacher drucken k\u00f6nnen.<\/p>\n<p><strong>-Dynamic Composite Structure (DCS)<\/strong>: Strukturelle Verst\u00e4rkung zwischen Rahmen und Schlagfl\u00e4che, die vor au\u00dfermittigen St\u00f6\u00dfen sch\u00fctzt.<\/p>\n<p><strong>-SmartStrap\u00ae<\/strong>: Austauschbare Sicherheitsschnur, hygienischer, sicherer und anpassbar.<\/p>\n<h2>Vorteile des Nox AT10 Pro Cup Soft<\/h2>\n<p>-Mehr Komfort bei jedem Schlag, ideal f\u00fcr verletzungsempfindliche Spieler.<\/p>\n<p>-Hervorragende Ballausbeute bei minimalem Kraftaufwand.<\/p>\n<p>-Totale Kontrolle im Defensivspiel und m\u00e4\u00dfige Kraft im Angriff.<\/p>\n<p>-Professionelle Technologie f\u00fcr den vielseitigen Einsatz.<\/p>\n<p>-Ideal f\u00fcr intensive und l\u00e4ngere Spiele dank seiner weichen und handlichen Haptik.<\/p>\n<h2>F\u00fcr wen ist diese Schaufel?<\/h2>\n<p>Der <strong>Nox AT10 Pro Cup Soft<\/strong> richtet sich an <strong>fortgeschrittene und fortgeschrittene Spieler<\/strong>, die einen <strong>ausgewogenen<\/strong> Schl\u00e4ger mit High-End-Technologien, aber einem weicheren Griff suchen, der den <strong>Komfort<\/strong> f\u00f6rdert und das Verletzungsrisiko verringert. Wenn Ihnen der Spielstil von Agust\u00edn Tapia gef\u00e4llt, Sie aber ein komfortableres Spielgef\u00fchl bevorzugen, ist dies Ihre ideale Wahl.<\/p>\n<h2>Kaufen Sie jetzt den Nox AT10 Pro Cup Soft 2026<\/h2>\n<p>Verpassen Sie nicht die Gelegenheit, mit einem der <strong>besten Padelschl\u00e4ger des Jahres 2026<\/strong> zu spielen, der gemeinsam mit einem der besten Spieler der Welt entwickelt wurde. Leistung, Kontrolle, Komfort und professionelle Technologie, alles in einem Modell.<\/p>\n<p><strong>Jetzt erh\u00e4ltlich in unserem Online-Shop <a href=\"https:\/\/www.revolutionpadelstore.com\/\">www.revolutionpadelstore.com<\/a>, wahrscheinlich zum besten Preis auf dem Markt.<\/strong><\/p>\n","protected":false},"excerpt":{"rendered":"<p>Lassen Sie sich vom neuen NOX AT10 Pro Cup Soft 2026 \u00fcberraschen: ein Hochleistungsschl\u00e4ger, der Ihnen maximalen Komfort und Kontrolle bietet, mit den neuesten Innovationen aus der exklusiven Luxury-Kollektion.<\/p>\n","protected":false},"featured_media":269728,"comment_status":"open","ping_status":"closed","template":"","meta":{"_acf_changed":false,"_joinchat":[]},"acabado":[1089,1094],"balance":[1139],"dureza":[1154],"forma":[1184],"jugador":[1189],"marca":[1259],"nivel-de-juego":[1334],"superficie":[1359],"tipo-de-juego":[1384],"product_brand":[],"product_cat":[299],"product_tag":[],"class_list":{"0":"post-269733","1":"product","2":"type-product","3":"status-publish","4":"has-post-thumbnail","6":"acabado-3d-entlasten","7":"acabado-arenoso-de","8":"balance-mittel","9":"dureza-media-de","10":"forma-lagrima-de","11":"jugador-mann","12":"marca-nox-de","13":"superficie-rugosa-de","14":"tipo-de-juego-mehrzweck","15":"product_cat-palas-de-padel-de","17":"first","18":"instock","19":"sale","20":"taxable","21":"shipping-taxable","22":"purchasable","23":"product-type-simple"},"acf":[],"yoast_head":"<!-- This site is optimized with the Yoast SEO plugin v27.4 - https:\/\/yoast.com\/product\/yoast-seo-wordpress\/ -->\n<title>NOX AT10 PRO CUP SOFT BY AGUSTIN TAPIA 2026 - Revolution Padel Store<\/title>\n<meta name=\"description\" content=\"Descubre la nueva Nox AT10 Pro Cup Soft by Agust\u00edn Tapia 2026, una pala profesional con tacto suave, ideal para jugadores que buscan control, comodidad y gran salida de bola. \u00a1C\u00f3mprala al mejor precio en Revolution Padel Store!\" \/>\n<meta name=\"robots\" content=\"index, follow, max-snippet:-1, max-image-preview:large, max-video-preview:-1\" \/>\n<link rel=\"canonical\" href=\"https:\/\/revolutionpadelstore.com\/de\/produkt\/nox-at10-pro-cup-soft-by-agustin-tapia-2026\/\" \/>\n<meta property=\"og:locale\" content=\"de_DE\" \/>\n<meta property=\"og:type\" content=\"article\" \/>\n<meta property=\"og:title\" content=\"NOX AT10 PRO CUP SOFT BY AGUSTIN TAPIA 2026 - Revolution Padel Store\" \/>\n<meta property=\"og:description\" content=\"Descubre la nueva Nox AT10 Pro Cup Soft by Agust\u00edn Tapia 2026, una pala profesional con tacto suave, ideal para jugadores que buscan control, comodidad y gran salida de bola. \u00a1C\u00f3mprala al mejor precio en Revolution Padel Store!\" \/>\n<meta property=\"og:url\" content=\"https:\/\/revolutionpadelstore.com\/de\/produkt\/nox-at10-pro-cup-soft-by-agustin-tapia-2026\/\" \/>\n<meta property=\"og:site_name\" content=\"Revolution Padel Store\" \/>\n<meta property=\"article:modified_time\" content=\"2026-04-16T00:02:21+00:00\" \/>\n<meta property=\"og:image\" content=\"https:\/\/revolutionpadelstore.com\/wp-content\/uploads\/2025\/09\/120974-pala-nox-at10-pro-cup-soft-by-agustin-tapia-pat10pcs26-1500x1500-1.webp\" \/>\n\t<meta property=\"og:image:width\" content=\"1500\" \/>\n\t<meta property=\"og:image:height\" content=\"1500\" \/>\n\t<meta property=\"og:image:type\" content=\"image\/webp\" \/>\n<meta name=\"twitter:card\" content=\"summary_large_image\" \/>\n<meta name=\"twitter:label1\" content=\"Gesch\u00e4tzte Lesezeit\" \/>\n\t<meta name=\"twitter:data1\" content=\"2\u00a0Minuten\" \/>\n<script type=\"application\/ld+json\" class=\"yoast-schema-graph\">{\"@context\":\"https:\\\/\\\/schema.org\",\"@graph\":[{\"@type\":\"WebPage\",\"@id\":\"https:\\\/\\\/revolutionpadelstore.com\\\/de\\\/produkt\\\/nox-at10-pro-cup-soft-by-agustin-tapia-2026\\\/\",\"url\":\"https:\\\/\\\/revolutionpadelstore.com\\\/de\\\/produkt\\\/nox-at10-pro-cup-soft-by-agustin-tapia-2026\\\/\",\"name\":\"NOX AT10 PRO CUP SOFT BY AGUSTIN TAPIA 2026 - Revolution Padel Store\",\"isPartOf\":{\"@id\":\"https:\\\/\\\/revolutionpadelstore.com\\\/de\\\/#website\"},\"primaryImageOfPage\":{\"@id\":\"https:\\\/\\\/revolutionpadelstore.com\\\/de\\\/produkt\\\/nox-at10-pro-cup-soft-by-agustin-tapia-2026\\\/#primaryimage\"},\"image\":{\"@id\":\"https:\\\/\\\/revolutionpadelstore.com\\\/de\\\/produkt\\\/nox-at10-pro-cup-soft-by-agustin-tapia-2026\\\/#primaryimage\"},\"thumbnailUrl\":\"https:\\\/\\\/revolutionpadelstore.com\\\/wp-content\\\/uploads\\\/2025\\\/09\\\/120974-pala-nox-at10-pro-cup-soft-by-agustin-tapia-pat10pcs26-1500x1500-1.webp\",\"datePublished\":\"2025-09-26T22:06:19+00:00\",\"dateModified\":\"2026-04-16T00:02:21+00:00\",\"description\":\"Descubre la nueva Nox AT10 Pro Cup Soft by Agust\u00edn Tapia 2026, una pala profesional con tacto suave, ideal para jugadores que buscan control, comodidad y gran salida de bola. \u00a1C\u00f3mprala al mejor precio en Revolution Padel Store!\",\"breadcrumb\":{\"@id\":\"https:\\\/\\\/revolutionpadelstore.com\\\/de\\\/produkt\\\/nox-at10-pro-cup-soft-by-agustin-tapia-2026\\\/#breadcrumb\"},\"inLanguage\":\"de\",\"potentialAction\":[{\"@type\":\"ReadAction\",\"target\":[\"https:\\\/\\\/revolutionpadelstore.com\\\/de\\\/produkt\\\/nox-at10-pro-cup-soft-by-agustin-tapia-2026\\\/\"]}]},{\"@type\":\"ImageObject\",\"inLanguage\":\"de\",\"@id\":\"https:\\\/\\\/revolutionpadelstore.com\\\/de\\\/produkt\\\/nox-at10-pro-cup-soft-by-agustin-tapia-2026\\\/#primaryimage\",\"url\":\"https:\\\/\\\/revolutionpadelstore.com\\\/wp-content\\\/uploads\\\/2025\\\/09\\\/120974-pala-nox-at10-pro-cup-soft-by-agustin-tapia-pat10pcs26-1500x1500-1.webp\",\"contentUrl\":\"https:\\\/\\\/revolutionpadelstore.com\\\/wp-content\\\/uploads\\\/2025\\\/09\\\/120974-pala-nox-at10-pro-cup-soft-by-agustin-tapia-pat10pcs26-1500x1500-1.webp\",\"width\":1500,\"height\":1500},{\"@type\":\"BreadcrumbList\",\"@id\":\"https:\\\/\\\/revolutionpadelstore.com\\\/de\\\/produkt\\\/nox-at10-pro-cup-soft-by-agustin-tapia-2026\\\/#breadcrumb\",\"itemListElement\":[{\"@type\":\"ListItem\",\"position\":1,\"name\":\"Portada\",\"item\":\"https:\\\/\\\/revolutionpadelstore.com\\\/de\\\/\"},{\"@type\":\"ListItem\",\"position\":2,\"name\":\"Shop\",\"item\":\"https:\\\/\\\/revolutionpadelstore.com\\\/de\\\/tienda\\\/\"},{\"@type\":\"ListItem\",\"position\":3,\"name\":\"NOX AT10 PRO CUP SOFT BY AGUSTIN TAPIA 2026\"}]},{\"@type\":\"WebSite\",\"@id\":\"https:\\\/\\\/revolutionpadelstore.com\\\/de\\\/#website\",\"url\":\"https:\\\/\\\/revolutionpadelstore.com\\\/de\\\/\",\"name\":\"Revolution Padel Store\",\"description\":\"\",\"publisher\":{\"@id\":\"https:\\\/\\\/revolutionpadelstore.com\\\/de\\\/#organization\"},\"potentialAction\":[{\"@type\":\"SearchAction\",\"target\":{\"@type\":\"EntryPoint\",\"urlTemplate\":\"https:\\\/\\\/revolutionpadelstore.com\\\/de\\\/?s={search_term_string}\"},\"query-input\":{\"@type\":\"PropertyValueSpecification\",\"valueRequired\":true,\"valueName\":\"search_term_string\"}}],\"inLanguage\":\"de\"},{\"@type\":\"Organization\",\"@id\":\"https:\\\/\\\/revolutionpadelstore.com\\\/de\\\/#organization\",\"name\":\"Revolution Padel Store\",\"url\":\"https:\\\/\\\/revolutionpadelstore.com\\\/de\\\/\",\"logo\":{\"@type\":\"ImageObject\",\"inLanguage\":\"de\",\"@id\":\"https:\\\/\\\/revolutionpadelstore.com\\\/de\\\/#\\\/schema\\\/logo\\\/image\\\/\",\"url\":\"https:\\\/\\\/revolutionpadelstore.com\\\/wp-content\\\/uploads\\\/2026\\\/02\\\/revolution-padel-store.jpg\",\"contentUrl\":\"https:\\\/\\\/revolutionpadelstore.com\\\/wp-content\\\/uploads\\\/2026\\\/02\\\/revolution-padel-store.jpg\",\"width\":2000,\"height\":2000,\"caption\":\"Revolution Padel Store\"},\"image\":{\"@id\":\"https:\\\/\\\/revolutionpadelstore.com\\\/de\\\/#\\\/schema\\\/logo\\\/image\\\/\"},\"sameAs\":[\"https:\\\/\\\/www.instagram.com\\\/revolutionpadelstore\\\/\"]}]}<\/script>\n<!-- \/ Yoast SEO plugin. -->","yoast_head_json":{"title":"NOX AT10 PRO CUP SOFT BY AGUSTIN TAPIA 2026 - Revolution Padel Store","description":"Descubre la nueva Nox AT10 Pro Cup Soft by Agust\u00edn Tapia 2026, una pala profesional con tacto suave, ideal para jugadores que buscan control, comodidad y gran salida de bola. \u00a1C\u00f3mprala al mejor precio en Revolution Padel Store!","robots":{"index":"index","follow":"follow","max-snippet":"max-snippet:-1","max-image-preview":"max-image-preview:large","max-video-preview":"max-video-preview:-1"},"canonical":"https:\/\/revolutionpadelstore.com\/de\/produkt\/nox-at10-pro-cup-soft-by-agustin-tapia-2026\/","og_locale":"de_DE","og_type":"article","og_title":"NOX AT10 PRO CUP SOFT BY AGUSTIN TAPIA 2026 - Revolution Padel Store","og_description":"Descubre la nueva Nox AT10 Pro Cup Soft by Agust\u00edn Tapia 2026, una pala profesional con tacto suave, ideal para jugadores que buscan control, comodidad y gran salida de bola. \u00a1C\u00f3mprala al mejor precio en Revolution Padel Store!","og_url":"https:\/\/revolutionpadelstore.com\/de\/produkt\/nox-at10-pro-cup-soft-by-agustin-tapia-2026\/","og_site_name":"Revolution Padel Store","article_modified_time":"2026-04-16T00:02:21+00:00","og_image":[{"width":1500,"height":1500,"url":"https:\/\/revolutionpadelstore.com\/wp-content\/uploads\/2025\/09\/120974-pala-nox-at10-pro-cup-soft-by-agustin-tapia-pat10pcs26-1500x1500-1.webp","type":"image\/webp"}],"twitter_card":"summary_large_image","twitter_misc":{"Gesch\u00e4tzte Lesezeit":"2\u00a0Minuten"},"schema":{"@context":"https:\/\/schema.org","@graph":[{"@type":"WebPage","@id":"https:\/\/revolutionpadelstore.com\/de\/produkt\/nox-at10-pro-cup-soft-by-agustin-tapia-2026\/","url":"https:\/\/revolutionpadelstore.com\/de\/produkt\/nox-at10-pro-cup-soft-by-agustin-tapia-2026\/","name":"NOX AT10 PRO CUP SOFT BY AGUSTIN TAPIA 2026 - Revolution Padel Store","isPartOf":{"@id":"https:\/\/revolutionpadelstore.com\/de\/#website"},"primaryImageOfPage":{"@id":"https:\/\/revolutionpadelstore.com\/de\/produkt\/nox-at10-pro-cup-soft-by-agustin-tapia-2026\/#primaryimage"},"image":{"@id":"https:\/\/revolutionpadelstore.com\/de\/produkt\/nox-at10-pro-cup-soft-by-agustin-tapia-2026\/#primaryimage"},"thumbnailUrl":"https:\/\/revolutionpadelstore.com\/wp-content\/uploads\/2025\/09\/120974-pala-nox-at10-pro-cup-soft-by-agustin-tapia-pat10pcs26-1500x1500-1.webp","datePublished":"2025-09-26T22:06:19+00:00","dateModified":"2026-04-16T00:02:21+00:00","description":"Descubre la nueva Nox AT10 Pro Cup Soft by Agust\u00edn Tapia 2026, una pala profesional con tacto suave, ideal para jugadores que buscan control, comodidad y gran salida de bola. \u00a1C\u00f3mprala al mejor precio en Revolution Padel Store!","breadcrumb":{"@id":"https:\/\/revolutionpadelstore.com\/de\/produkt\/nox-at10-pro-cup-soft-by-agustin-tapia-2026\/#breadcrumb"},"inLanguage":"de","potentialAction":[{"@type":"ReadAction","target":["https:\/\/revolutionpadelstore.com\/de\/produkt\/nox-at10-pro-cup-soft-by-agustin-tapia-2026\/"]}]},{"@type":"ImageObject","inLanguage":"de","@id":"https:\/\/revolutionpadelstore.com\/de\/produkt\/nox-at10-pro-cup-soft-by-agustin-tapia-2026\/#primaryimage","url":"https:\/\/revolutionpadelstore.com\/wp-content\/uploads\/2025\/09\/120974-pala-nox-at10-pro-cup-soft-by-agustin-tapia-pat10pcs26-1500x1500-1.webp","contentUrl":"https:\/\/revolutionpadelstore.com\/wp-content\/uploads\/2025\/09\/120974-pala-nox-at10-pro-cup-soft-by-agustin-tapia-pat10pcs26-1500x1500-1.webp","width":1500,"height":1500},{"@type":"BreadcrumbList","@id":"https:\/\/revolutionpadelstore.com\/de\/produkt\/nox-at10-pro-cup-soft-by-agustin-tapia-2026\/#breadcrumb","itemListElement":[{"@type":"ListItem","position":1,"name":"Portada","item":"https:\/\/revolutionpadelstore.com\/de\/"},{"@type":"ListItem","position":2,"name":"Shop","item":"https:\/\/revolutionpadelstore.com\/de\/tienda\/"},{"@type":"ListItem","position":3,"name":"NOX AT10 PRO CUP SOFT BY AGUSTIN TAPIA 2026"}]},{"@type":"WebSite","@id":"https:\/\/revolutionpadelstore.com\/de\/#website","url":"https:\/\/revolutionpadelstore.com\/de\/","name":"Revolution Padel Store","description":"","publisher":{"@id":"https:\/\/revolutionpadelstore.com\/de\/#organization"},"potentialAction":[{"@type":"SearchAction","target":{"@type":"EntryPoint","urlTemplate":"https:\/\/revolutionpadelstore.com\/de\/?s={search_term_string}"},"query-input":{"@type":"PropertyValueSpecification","valueRequired":true,"valueName":"search_term_string"}}],"inLanguage":"de"},{"@type":"Organization","@id":"https:\/\/revolutionpadelstore.com\/de\/#organization","name":"Revolution Padel Store","url":"https:\/\/revolutionpadelstore.com\/de\/","logo":{"@type":"ImageObject","inLanguage":"de","@id":"https:\/\/revolutionpadelstore.com\/de\/#\/schema\/logo\/image\/","url":"https:\/\/revolutionpadelstore.com\/wp-content\/uploads\/2026\/02\/revolution-padel-store.jpg","contentUrl":"https:\/\/revolutionpadelstore.com\/wp-content\/uploads\/2026\/02\/revolution-padel-store.jpg","width":2000,"height":2000,"caption":"Revolution Padel Store"},"image":{"@id":"https:\/\/revolutionpadelstore.com\/de\/#\/schema\/logo\/image\/"},"sameAs":["https:\/\/www.instagram.com\/revolutionpadelstore\/"]}]}},"_links":{"self":[{"href":"https:\/\/revolutionpadelstore.com\/de\/wp-json\/wp\/v2\/product\/269733","targetHints":{"allow":["GET"]}}],"collection":[{"href":"https:\/\/revolutionpadelstore.com\/de\/wp-json\/wp\/v2\/product"}],"about":[{"href":"https:\/\/revolutionpadelstore.com\/de\/wp-json\/wp\/v2\/types\/product"}],"replies":[{"embeddable":true,"href":"https:\/\/revolutionpadelstore.com\/de\/wp-json\/wp\/v2\/comments?post=269733"}],"wp:featuredmedia":[{"embeddable":true,"href":"https:\/\/revolutionpadelstore.com\/de\/wp-json\/wp\/v2\/media\/269728"}],"wp:attachment":[{"href":"https:\/\/revolutionpadelstore.com\/de\/wp-json\/wp\/v2\/media?parent=269733"}],"wp:term":[{"taxonomy":"acabado","embeddable":true,"href":"https:\/\/revolutionpadelstore.com\/de\/wp-json\/wp\/v2\/acabado?post=269733"},{"taxonomy":"balance","embeddable":true,"href":"https:\/\/revolutionpadelstore.com\/de\/wp-json\/wp\/v2\/balance?post=269733"},{"taxonomy":"dureza","embeddable":true,"href":"https:\/\/revolutionpadelstore.com\/de\/wp-json\/wp\/v2\/dureza?post=269733"},{"taxonomy":"forma","embeddable":true,"href":"https:\/\/revolutionpadelstore.com\/de\/wp-json\/wp\/v2\/forma?post=269733"},{"taxonomy":"jugador","embeddable":true,"href":"https:\/\/revolutionpadelstore.com\/de\/wp-json\/wp\/v2\/jugador?post=269733"},{"taxonomy":"marca","embeddable":true,"href":"https:\/\/revolutionpadelstore.com\/de\/wp-json\/wp\/v2\/marca?post=269733"},{"taxonomy":"nivel-de-juego","embeddable":true,"href":"https:\/\/revolutionpadelstore.com\/de\/wp-json\/wp\/v2\/nivel-de-juego?post=269733"},{"taxonomy":"superficie","embeddable":true,"href":"https:\/\/revolutionpadelstore.com\/de\/wp-json\/wp\/v2\/superficie?post=269733"},{"taxonomy":"tipo-de-juego","embeddable":true,"href":"https:\/\/revolutionpadelstore.com\/de\/wp-json\/wp\/v2\/tipo-de-juego?post=269733"},{"taxonomy":"product_brand","embeddable":true,"href":"https:\/\/revolutionpadelstore.com\/de\/wp-json\/wp\/v2\/product_brand?post=269733"},{"taxonomy":"product_cat","embeddable":true,"href":"https:\/\/revolutionpadelstore.com\/de\/wp-json\/wp\/v2\/product_cat?post=269733"},{"taxonomy":"product_tag","embeddable":true,"href":"https:\/\/revolutionpadelstore.com\/de\/wp-json\/wp\/v2\/product_tag?post=269733"}],"curies":[{"name":"wp","href":"https:\/\/api.w.org\/{rel}","templated":true}]}}