{"id":269607,"date":"2025-09-26T23:51:19","date_gmt":"2025-09-26T21:51:19","guid":{"rendered":"https:\/\/revolutionpadelstore.com\/?post_type=product&#038;p=269607"},"modified":"2026-04-01T00:48:16","modified_gmt":"2026-03-31T22:48:16","slug":"nox-at10-pro-cup-hard-by-agustin-tapia-2026","status":"publish","type":"product","link":"https:\/\/revolutionpadelstore.com\/de\/produkt\/nox-at10-pro-cup-hard-by-agustin-tapia-2026\/","title":{"rendered":"NOX AT10 PRO CUP HARD BY AGUSTIN TAPIA 2026"},"content":{"rendered":"<h2>Nox AT10 Pro Cup Hard von Agust\u00edn Tapia 2026 \u2013 Kompromisslose Kraft und Pr\u00e4zision<\/h2>\n<p>Entdecken Sie die Entwicklung einer legend\u00e4ren Schaufel. Der <strong>Nox AT10 Pro Cup Hard By Agust\u00edn Tapia 2026<\/strong> wurde f\u00fcr Spieler entwickelt, die in jedem Punkt maximale Leistung fordern. Inspiriert von der Form, die Tapia selbst in der Saison 2025 verwendet hat, ist diese neue Version Teil der exklusiven <strong>Luxury 2026-Kollektion<\/strong> von NOX und vereint <strong>die fortschrittlichsten Technologien auf dem Markt<\/strong>.<\/p>\n<p>Mit einem erneuerten und eleganten Design ist dieser Schl\u00e4ger f\u00fcr <strong>fortgeschrittene und professionelle Spieler<\/strong> konzipiert, die ein perfektes Gleichgewicht zwischen <strong>Kontrolle und Kraft<\/strong>, aber mit einer klaren Offensivausrichtung suchen.<\/p>\n<h2>Empfohlene Technologien<\/h2>\n<p><strong>-HR3 Hard EVA<\/strong>: Hochdichter Gummikern, der Angriffsschl\u00e4ge verst\u00e4rkt, ohne die Kontrolle zu verlieren. Ideal f\u00fcr aggressive Spieler.<\/p>\n<p><strong>-Fiber Glass Silver (FGS)<\/strong>: Metallische Oberfl\u00e4che auf den Fl\u00e4chen, die dem Ganzen Reaktivit\u00e4t und gr\u00f6\u00dfere Steifigkeit verleiht.<\/p>\n<p><strong>-EOS Flap<\/strong>: Seitliches Perforationssystem, das die Aerodynamik und das Handling verbessert.<\/p>\n<p><strong>-Pulse System<\/strong>: Strategische Gummieins\u00e4tze, die Vibrationen reduzieren und f\u00fcr ein komfortableres und gesch\u00fctzteres Spiel sorgen.<\/p>\n<p><strong>-Exklusiver Spin<\/strong>: Raue Oberfl\u00e4che mit doppelter Textur (3D-Sechskant + sandgestrahlt) zur Verbesserung der Spinerzeugung.<\/p>\n<p><strong>-Dynamic Composite Structure (DCS)<\/strong>: Verst\u00e4rkt den Bereich zwischen Rahmen und Schlagfl\u00e4che, um Br\u00fcche zu verhindern und die Nutzungsdauer zu verl\u00e4ngern.<\/p>\n<p><strong>-SmartStrap\u00ae<\/strong>: Austauschbares, hygienischeres und anpassbares Sicherheitsschnursystem.<\/p>\n<h2>F\u00fcr wen ist dieser Schl\u00e4ger ideal?<\/h2>\n<p>Der <strong>Nox AT10 Pro Cup Hard 2026<\/strong> richtet sich an <strong>fortgeschrittene oder professionelle Spieler<\/strong>, die einen vielseitigen Padelschl\u00e4ger mit zus\u00e4tzlicher Leistung suchen. Sein fester Ballkontakt und seine gro\u00dfe Reaktionsf\u00e4higkeit erm\u00f6glichen es ihm, das Offensivspiel zu dominieren, ohne die Verteidigung zu gef\u00e4hrden. Wenn Ihr Stil auf aggressiver Kontrolle und erfolgreichen Schl\u00e4gen basiert, ist dies Ihre Wahl.<\/p>\n<h2>Vorteile des Nox AT10 Pro Cup Hard 2026<\/h2>\n<p>-Mehr Leistung ohne Einbu\u00dfen bei der Kontrolle<br \/>\n-Ausgezeichnetes Verhalten bei Volley- und Schmetterschl\u00e4gen<br \/>\n-Komfort im Spiel dank reduzierter Vibrationen<br \/>\n&#8211; Von Agust\u00edn Tapia getestete Elite-Technologie<br \/>\n-Moderne \u00c4sthetik mit erstklassiger Verarbeitung<\/p>\n<h2>Machen Sie den Sprung zum Profispiel!<\/h2>\n<p>Geben Sie sich nicht mit weniger zufrieden. Der <strong>Nox AT10 Pro Cup Hard By Agust\u00edn Tapia 2026<\/strong> ist Ihr perfekter Verb\u00fcndeter, um Ihre Leistung auf der Strecke zu steigern. Sp\u00fcren Sie jeden Schlag mit Pr\u00e4zision, drucken Sie m\u00fchelos Kraft aus und spielen Sie wie die ganz Gro\u00dfen auf der Rennstrecke.<\/p>\n<h2>Jetzt in unserem Online-Shop erh\u00e4ltlich!<\/h2>\n<p>Holen Sie sich diesen Padelschl\u00e4ger bei <a href=\"https:\/\/www.revolutionpadelstore.com\/\">www.revolutionpadelstore.com<\/a>, <strong>wahrscheinlich zum besten Preis auf dem Markt<\/strong>.<\/p>\n<h2>Nox AT10 Pro Cup Hard By Agust\u00edn Tapia 2026 \u2013 Potencia y precisi\u00f3n sin concesiones<\/h2>\n","protected":false},"excerpt":{"rendered":"<p>Lernen Sie den NOX AT10 Pro Cup Hard 2026 kennen, einen vielseitigen Schl\u00e4ger, der einen festen Touch mit gro\u00dfer Power und den neuesten fortschrittlichen Technologien kombiniert.<\/p>\n","protected":false},"featured_media":269667,"comment_status":"open","ping_status":"closed","template":"","meta":{"_acf_changed":false,"_joinchat":[]},"acabado":[1089,1104],"balance":[1139],"dureza":[1159,1154],"forma":[1184],"jugador":[1189],"marca":[1259],"nivel-de-juego":[1334],"superficie":[1359],"tipo-de-juego":[1384],"product_brand":[],"product_cat":[299],"product_tag":[],"class_list":{"0":"post-269607","1":"product","2":"type-product","3":"status-publish","4":"has-post-thumbnail","6":"acabado-3d-entlasten","7":"acabado-rau","8":"balance-mittel","9":"dureza-dura-de","10":"dureza-media-de","11":"forma-lagrima-de","12":"jugador-mann","13":"marca-nox-de","14":"superficie-rugosa-de","15":"tipo-de-juego-mehrzweck","16":"product_cat-palas-de-padel-de","18":"first","19":"instock","20":"sale","21":"taxable","22":"shipping-taxable","23":"purchasable","24":"product-type-simple"},"acf":[],"yoast_head":"<!-- This site is optimized with the Yoast SEO plugin v27.3 - https:\/\/yoast.com\/product\/yoast-seo-wordpress\/ -->\n<title>NOX AT10 PRO CUP HARD BY AGUSTIN TAPIA 2026 - Revolution Padel Store<\/title>\n<meta name=\"description\" content=\"Descubre la Nox AT10 Pro Cup Hard 2026 by Agust\u00edn Tapia: pala profesional con n\u00facleo HR3 Hard EVA, superficie rugosa y tecnolog\u00edas avanzadas. Potencia, control y dise\u00f1o exclusivo. \u00a1C\u00f3mprala ahora en Revolution Padel Store al mejor preci\" \/>\n<meta name=\"robots\" content=\"index, follow, max-snippet:-1, max-image-preview:large, max-video-preview:-1\" \/>\n<link rel=\"canonical\" href=\"https:\/\/revolutionpadelstore.com\/de\/produkt\/nox-at10-pro-cup-hard-by-agustin-tapia-2026\/\" \/>\n<meta property=\"og:locale\" content=\"de_DE\" \/>\n<meta property=\"og:type\" content=\"article\" \/>\n<meta property=\"og:title\" content=\"NOX AT10 PRO CUP HARD BY AGUSTIN TAPIA 2026 - Revolution Padel Store\" \/>\n<meta property=\"og:description\" content=\"Descubre la Nox AT10 Pro Cup Hard 2026 by Agust\u00edn Tapia: pala profesional con n\u00facleo HR3 Hard EVA, superficie rugosa y tecnolog\u00edas avanzadas. Potencia, control y dise\u00f1o exclusivo. \u00a1C\u00f3mprala ahora en Revolution Padel Store al mejor preci\" \/>\n<meta property=\"og:url\" content=\"https:\/\/revolutionpadelstore.com\/de\/produkt\/nox-at10-pro-cup-hard-by-agustin-tapia-2026\/\" \/>\n<meta property=\"og:site_name\" content=\"Revolution Padel Store\" \/>\n<meta property=\"article:modified_time\" content=\"2026-03-31T22:48:16+00:00\" \/>\n<meta property=\"og:image\" content=\"https:\/\/revolutionpadelstore.com\/wp-content\/uploads\/2025\/09\/120973-pala-nox-at10-pro-cup-hard-by-agustin-tapia-pat10pch26-1500x1500-1.webp\" \/>\n\t<meta property=\"og:image:width\" content=\"1500\" \/>\n\t<meta property=\"og:image:height\" content=\"1500\" \/>\n\t<meta property=\"og:image:type\" content=\"image\/webp\" \/>\n<meta name=\"twitter:card\" content=\"summary_large_image\" \/>\n<meta name=\"twitter:label1\" content=\"Gesch\u00e4tzte Lesezeit\" \/>\n\t<meta name=\"twitter:data1\" content=\"2\u00a0Minuten\" \/>\n<script type=\"application\/ld+json\" class=\"yoast-schema-graph\">{\"@context\":\"https:\\\/\\\/schema.org\",\"@graph\":[{\"@type\":\"WebPage\",\"@id\":\"https:\\\/\\\/revolutionpadelstore.com\\\/de\\\/produkt\\\/nox-at10-pro-cup-hard-by-agustin-tapia-2026\\\/\",\"url\":\"https:\\\/\\\/revolutionpadelstore.com\\\/de\\\/produkt\\\/nox-at10-pro-cup-hard-by-agustin-tapia-2026\\\/\",\"name\":\"NOX AT10 PRO CUP HARD BY AGUSTIN TAPIA 2026 - Revolution Padel Store\",\"isPartOf\":{\"@id\":\"https:\\\/\\\/revolutionpadelstore.com\\\/de\\\/#website\"},\"primaryImageOfPage\":{\"@id\":\"https:\\\/\\\/revolutionpadelstore.com\\\/de\\\/produkt\\\/nox-at10-pro-cup-hard-by-agustin-tapia-2026\\\/#primaryimage\"},\"image\":{\"@id\":\"https:\\\/\\\/revolutionpadelstore.com\\\/de\\\/produkt\\\/nox-at10-pro-cup-hard-by-agustin-tapia-2026\\\/#primaryimage\"},\"thumbnailUrl\":\"https:\\\/\\\/revolutionpadelstore.com\\\/wp-content\\\/uploads\\\/2025\\\/09\\\/120973-pala-nox-at10-pro-cup-hard-by-agustin-tapia-pat10pch26-1500x1500-1.webp\",\"datePublished\":\"2025-09-26T21:51:19+00:00\",\"dateModified\":\"2026-03-31T22:48:16+00:00\",\"description\":\"Descubre la Nox AT10 Pro Cup Hard 2026 by Agust\u00edn Tapia: pala profesional con n\u00facleo HR3 Hard EVA, superficie rugosa y tecnolog\u00edas avanzadas. Potencia, control y dise\u00f1o exclusivo. \u00a1C\u00f3mprala ahora en Revolution Padel Store al mejor preci\",\"breadcrumb\":{\"@id\":\"https:\\\/\\\/revolutionpadelstore.com\\\/de\\\/produkt\\\/nox-at10-pro-cup-hard-by-agustin-tapia-2026\\\/#breadcrumb\"},\"inLanguage\":\"de\",\"potentialAction\":[{\"@type\":\"ReadAction\",\"target\":[\"https:\\\/\\\/revolutionpadelstore.com\\\/de\\\/produkt\\\/nox-at10-pro-cup-hard-by-agustin-tapia-2026\\\/\"]}]},{\"@type\":\"ImageObject\",\"inLanguage\":\"de\",\"@id\":\"https:\\\/\\\/revolutionpadelstore.com\\\/de\\\/produkt\\\/nox-at10-pro-cup-hard-by-agustin-tapia-2026\\\/#primaryimage\",\"url\":\"https:\\\/\\\/revolutionpadelstore.com\\\/wp-content\\\/uploads\\\/2025\\\/09\\\/120973-pala-nox-at10-pro-cup-hard-by-agustin-tapia-pat10pch26-1500x1500-1.webp\",\"contentUrl\":\"https:\\\/\\\/revolutionpadelstore.com\\\/wp-content\\\/uploads\\\/2025\\\/09\\\/120973-pala-nox-at10-pro-cup-hard-by-agustin-tapia-pat10pch26-1500x1500-1.webp\",\"width\":1500,\"height\":1500},{\"@type\":\"BreadcrumbList\",\"@id\":\"https:\\\/\\\/revolutionpadelstore.com\\\/de\\\/produkt\\\/nox-at10-pro-cup-hard-by-agustin-tapia-2026\\\/#breadcrumb\",\"itemListElement\":[{\"@type\":\"ListItem\",\"position\":1,\"name\":\"Portada\",\"item\":\"https:\\\/\\\/revolutionpadelstore.com\\\/de\\\/\"},{\"@type\":\"ListItem\",\"position\":2,\"name\":\"Shop\",\"item\":\"https:\\\/\\\/revolutionpadelstore.com\\\/de\\\/tienda\\\/\"},{\"@type\":\"ListItem\",\"position\":3,\"name\":\"NOX AT10 PRO CUP HARD BY AGUSTIN TAPIA 2026\"}]},{\"@type\":\"WebSite\",\"@id\":\"https:\\\/\\\/revolutionpadelstore.com\\\/de\\\/#website\",\"url\":\"https:\\\/\\\/revolutionpadelstore.com\\\/de\\\/\",\"name\":\"Revolution Padel Store\",\"description\":\"\",\"publisher\":{\"@id\":\"https:\\\/\\\/revolutionpadelstore.com\\\/de\\\/#organization\"},\"potentialAction\":[{\"@type\":\"SearchAction\",\"target\":{\"@type\":\"EntryPoint\",\"urlTemplate\":\"https:\\\/\\\/revolutionpadelstore.com\\\/de\\\/?s={search_term_string}\"},\"query-input\":{\"@type\":\"PropertyValueSpecification\",\"valueRequired\":true,\"valueName\":\"search_term_string\"}}],\"inLanguage\":\"de\"},{\"@type\":\"Organization\",\"@id\":\"https:\\\/\\\/revolutionpadelstore.com\\\/de\\\/#organization\",\"name\":\"Revolution Padel Store\",\"url\":\"https:\\\/\\\/revolutionpadelstore.com\\\/de\\\/\",\"logo\":{\"@type\":\"ImageObject\",\"inLanguage\":\"de\",\"@id\":\"https:\\\/\\\/revolutionpadelstore.com\\\/de\\\/#\\\/schema\\\/logo\\\/image\\\/\",\"url\":\"https:\\\/\\\/revolutionpadelstore.com\\\/wp-content\\\/uploads\\\/2026\\\/02\\\/revolution-padel-store.jpg\",\"contentUrl\":\"https:\\\/\\\/revolutionpadelstore.com\\\/wp-content\\\/uploads\\\/2026\\\/02\\\/revolution-padel-store.jpg\",\"width\":2000,\"height\":2000,\"caption\":\"Revolution Padel Store\"},\"image\":{\"@id\":\"https:\\\/\\\/revolutionpadelstore.com\\\/de\\\/#\\\/schema\\\/logo\\\/image\\\/\"},\"sameAs\":[\"https:\\\/\\\/www.instagram.com\\\/revolutionpadelstore\\\/\"]}]}<\/script>\n<!-- \/ Yoast SEO plugin. -->","yoast_head_json":{"title":"NOX AT10 PRO CUP HARD BY AGUSTIN TAPIA 2026 - Revolution Padel Store","description":"Descubre la Nox AT10 Pro Cup Hard 2026 by Agust\u00edn Tapia: pala profesional con n\u00facleo HR3 Hard EVA, superficie rugosa y tecnolog\u00edas avanzadas. Potencia, control y dise\u00f1o exclusivo. \u00a1C\u00f3mprala ahora en Revolution Padel Store al mejor preci","robots":{"index":"index","follow":"follow","max-snippet":"max-snippet:-1","max-image-preview":"max-image-preview:large","max-video-preview":"max-video-preview:-1"},"canonical":"https:\/\/revolutionpadelstore.com\/de\/produkt\/nox-at10-pro-cup-hard-by-agustin-tapia-2026\/","og_locale":"de_DE","og_type":"article","og_title":"NOX AT10 PRO CUP HARD BY AGUSTIN TAPIA 2026 - Revolution Padel Store","og_description":"Descubre la Nox AT10 Pro Cup Hard 2026 by Agust\u00edn Tapia: pala profesional con n\u00facleo HR3 Hard EVA, superficie rugosa y tecnolog\u00edas avanzadas. Potencia, control y dise\u00f1o exclusivo. \u00a1C\u00f3mprala ahora en Revolution Padel Store al mejor preci","og_url":"https:\/\/revolutionpadelstore.com\/de\/produkt\/nox-at10-pro-cup-hard-by-agustin-tapia-2026\/","og_site_name":"Revolution Padel Store","article_modified_time":"2026-03-31T22:48:16+00:00","og_image":[{"width":1500,"height":1500,"url":"https:\/\/revolutionpadelstore.com\/wp-content\/uploads\/2025\/09\/120973-pala-nox-at10-pro-cup-hard-by-agustin-tapia-pat10pch26-1500x1500-1.webp","type":"image\/webp"}],"twitter_card":"summary_large_image","twitter_misc":{"Gesch\u00e4tzte Lesezeit":"2\u00a0Minuten"},"schema":{"@context":"https:\/\/schema.org","@graph":[{"@type":"WebPage","@id":"https:\/\/revolutionpadelstore.com\/de\/produkt\/nox-at10-pro-cup-hard-by-agustin-tapia-2026\/","url":"https:\/\/revolutionpadelstore.com\/de\/produkt\/nox-at10-pro-cup-hard-by-agustin-tapia-2026\/","name":"NOX AT10 PRO CUP HARD BY AGUSTIN TAPIA 2026 - Revolution Padel Store","isPartOf":{"@id":"https:\/\/revolutionpadelstore.com\/de\/#website"},"primaryImageOfPage":{"@id":"https:\/\/revolutionpadelstore.com\/de\/produkt\/nox-at10-pro-cup-hard-by-agustin-tapia-2026\/#primaryimage"},"image":{"@id":"https:\/\/revolutionpadelstore.com\/de\/produkt\/nox-at10-pro-cup-hard-by-agustin-tapia-2026\/#primaryimage"},"thumbnailUrl":"https:\/\/revolutionpadelstore.com\/wp-content\/uploads\/2025\/09\/120973-pala-nox-at10-pro-cup-hard-by-agustin-tapia-pat10pch26-1500x1500-1.webp","datePublished":"2025-09-26T21:51:19+00:00","dateModified":"2026-03-31T22:48:16+00:00","description":"Descubre la Nox AT10 Pro Cup Hard 2026 by Agust\u00edn Tapia: pala profesional con n\u00facleo HR3 Hard EVA, superficie rugosa y tecnolog\u00edas avanzadas. Potencia, control y dise\u00f1o exclusivo. \u00a1C\u00f3mprala ahora en Revolution Padel Store al mejor preci","breadcrumb":{"@id":"https:\/\/revolutionpadelstore.com\/de\/produkt\/nox-at10-pro-cup-hard-by-agustin-tapia-2026\/#breadcrumb"},"inLanguage":"de","potentialAction":[{"@type":"ReadAction","target":["https:\/\/revolutionpadelstore.com\/de\/produkt\/nox-at10-pro-cup-hard-by-agustin-tapia-2026\/"]}]},{"@type":"ImageObject","inLanguage":"de","@id":"https:\/\/revolutionpadelstore.com\/de\/produkt\/nox-at10-pro-cup-hard-by-agustin-tapia-2026\/#primaryimage","url":"https:\/\/revolutionpadelstore.com\/wp-content\/uploads\/2025\/09\/120973-pala-nox-at10-pro-cup-hard-by-agustin-tapia-pat10pch26-1500x1500-1.webp","contentUrl":"https:\/\/revolutionpadelstore.com\/wp-content\/uploads\/2025\/09\/120973-pala-nox-at10-pro-cup-hard-by-agustin-tapia-pat10pch26-1500x1500-1.webp","width":1500,"height":1500},{"@type":"BreadcrumbList","@id":"https:\/\/revolutionpadelstore.com\/de\/produkt\/nox-at10-pro-cup-hard-by-agustin-tapia-2026\/#breadcrumb","itemListElement":[{"@type":"ListItem","position":1,"name":"Portada","item":"https:\/\/revolutionpadelstore.com\/de\/"},{"@type":"ListItem","position":2,"name":"Shop","item":"https:\/\/revolutionpadelstore.com\/de\/tienda\/"},{"@type":"ListItem","position":3,"name":"NOX AT10 PRO CUP HARD BY AGUSTIN TAPIA 2026"}]},{"@type":"WebSite","@id":"https:\/\/revolutionpadelstore.com\/de\/#website","url":"https:\/\/revolutionpadelstore.com\/de\/","name":"Revolution Padel Store","description":"","publisher":{"@id":"https:\/\/revolutionpadelstore.com\/de\/#organization"},"potentialAction":[{"@type":"SearchAction","target":{"@type":"EntryPoint","urlTemplate":"https:\/\/revolutionpadelstore.com\/de\/?s={search_term_string}"},"query-input":{"@type":"PropertyValueSpecification","valueRequired":true,"valueName":"search_term_string"}}],"inLanguage":"de"},{"@type":"Organization","@id":"https:\/\/revolutionpadelstore.com\/de\/#organization","name":"Revolution Padel Store","url":"https:\/\/revolutionpadelstore.com\/de\/","logo":{"@type":"ImageObject","inLanguage":"de","@id":"https:\/\/revolutionpadelstore.com\/de\/#\/schema\/logo\/image\/","url":"https:\/\/revolutionpadelstore.com\/wp-content\/uploads\/2026\/02\/revolution-padel-store.jpg","contentUrl":"https:\/\/revolutionpadelstore.com\/wp-content\/uploads\/2026\/02\/revolution-padel-store.jpg","width":2000,"height":2000,"caption":"Revolution Padel Store"},"image":{"@id":"https:\/\/revolutionpadelstore.com\/de\/#\/schema\/logo\/image\/"},"sameAs":["https:\/\/www.instagram.com\/revolutionpadelstore\/"]}]}},"_links":{"self":[{"href":"https:\/\/revolutionpadelstore.com\/de\/wp-json\/wp\/v2\/product\/269607","targetHints":{"allow":["GET"]}}],"collection":[{"href":"https:\/\/revolutionpadelstore.com\/de\/wp-json\/wp\/v2\/product"}],"about":[{"href":"https:\/\/revolutionpadelstore.com\/de\/wp-json\/wp\/v2\/types\/product"}],"replies":[{"embeddable":true,"href":"https:\/\/revolutionpadelstore.com\/de\/wp-json\/wp\/v2\/comments?post=269607"}],"wp:featuredmedia":[{"embeddable":true,"href":"https:\/\/revolutionpadelstore.com\/de\/wp-json\/wp\/v2\/media\/269667"}],"wp:attachment":[{"href":"https:\/\/revolutionpadelstore.com\/de\/wp-json\/wp\/v2\/media?parent=269607"}],"wp:term":[{"taxonomy":"acabado","embeddable":true,"href":"https:\/\/revolutionpadelstore.com\/de\/wp-json\/wp\/v2\/acabado?post=269607"},{"taxonomy":"balance","embeddable":true,"href":"https:\/\/revolutionpadelstore.com\/de\/wp-json\/wp\/v2\/balance?post=269607"},{"taxonomy":"dureza","embeddable":true,"href":"https:\/\/revolutionpadelstore.com\/de\/wp-json\/wp\/v2\/dureza?post=269607"},{"taxonomy":"forma","embeddable":true,"href":"https:\/\/revolutionpadelstore.com\/de\/wp-json\/wp\/v2\/forma?post=269607"},{"taxonomy":"jugador","embeddable":true,"href":"https:\/\/revolutionpadelstore.com\/de\/wp-json\/wp\/v2\/jugador?post=269607"},{"taxonomy":"marca","embeddable":true,"href":"https:\/\/revolutionpadelstore.com\/de\/wp-json\/wp\/v2\/marca?post=269607"},{"taxonomy":"nivel-de-juego","embeddable":true,"href":"https:\/\/revolutionpadelstore.com\/de\/wp-json\/wp\/v2\/nivel-de-juego?post=269607"},{"taxonomy":"superficie","embeddable":true,"href":"https:\/\/revolutionpadelstore.com\/de\/wp-json\/wp\/v2\/superficie?post=269607"},{"taxonomy":"tipo-de-juego","embeddable":true,"href":"https:\/\/revolutionpadelstore.com\/de\/wp-json\/wp\/v2\/tipo-de-juego?post=269607"},{"taxonomy":"product_brand","embeddable":true,"href":"https:\/\/revolutionpadelstore.com\/de\/wp-json\/wp\/v2\/product_brand?post=269607"},{"taxonomy":"product_cat","embeddable":true,"href":"https:\/\/revolutionpadelstore.com\/de\/wp-json\/wp\/v2\/product_cat?post=269607"},{"taxonomy":"product_tag","embeddable":true,"href":"https:\/\/revolutionpadelstore.com\/de\/wp-json\/wp\/v2\/product_tag?post=269607"}],"curies":[{"name":"wp","href":"https:\/\/api.w.org\/{rel}","templated":true}]}}