{"id":269534,"date":"2025-09-26T23:01:28","date_gmt":"2025-09-26T21:01:28","guid":{"rendered":"https:\/\/revolutionpadelstore.com\/nox-vk10-ventus-control-12k-by-aranzazu-osoro-2026\/"},"modified":"2026-04-01T00:48:53","modified_gmt":"2026-03-31T22:48:53","slug":"nox-vk10-ventus-control-12k-by-aranzazu-osoro-2026-1","status":"publish","type":"product","link":"https:\/\/revolutionpadelstore.com\/de\/produkt\/nox-vk10-ventus-control-12k-by-aranzazu-osoro-2026-1\/","title":{"rendered":"NOX VK10 VENTUS CONTROL 12K BY ARANZAZU OSORO 2026"},"content":{"rendered":"<h2>Nox VK10 Ventus Control 12K Schl\u00e4ger von Aranzazu Osoro 2026 \u2013 Meistern Sie das Spiel mit Pr\u00e4zision und professioneller Kontrolle<\/h2>\n<p>Der <strong>Nox VK10 Ventus 12K Control 2026<\/strong>, der in Zusammenarbeit mit <strong>Aranzazu Osoro \u201eLa Vikinga\u201c<\/strong> entwickelt wurde, ist der ultimative Schl\u00e4ger f\u00fcr Spieler, die ihr Spiel im hinteren Teil des Spielfelds mit absoluter Kontrolle aufbauen. Sein rundes Format und der breite Sweetspot sorgen f\u00fcr au\u00dfergew\u00f6hnliche Zuverl\u00e4ssigkeit bei jedem Schlag und erm\u00f6glichen ein taktisches, solides und kompromissloses Spielerlebnis.<\/p>\n<p>Dank seines Gewichts von <strong>360-375 Gramm<\/strong> und seines <strong>mittelharten<\/strong> Schlaggef\u00fchls bietet dieser Schl\u00e4ger eine perfekte Balance zwischen Stabilit\u00e4t und Festigkeit. Es eignet sich besonders f\u00fcr professionelle oder fortgeschrittene Spieler, die Spitzenleistung suchen, ohne auf Komfort zu verzichten.<\/p>\n<h2>Fortschrittliche Technologien f\u00fcr \u00fcberragende Leistung<\/h2>\n<p><strong>-Carbon 12K<\/strong>: H\u00f6here Steifigkeit und Widerstandsf\u00e4higkeit ohne zus\u00e4tzliches Gewicht, f\u00fcr solidere und langanhaltendere Schl\u00e4ge.<\/p>\n<p><strong>-MLD Black EVA<\/strong>: Mehrschichtiger Kern, der Kontrolle, Ballausgabe und exzellentes Ballgef\u00fchl vereint.<\/p>\n<p><strong>-Carbon-Rahmen<\/strong>: Sorgt f\u00fcr gr\u00f6\u00dfere strukturelle Stabilit\u00e4t und verl\u00e4ngert die Nutzungsdauer des Schl\u00e4gers.<\/p>\n<p><strong>-Dual Spin<\/strong>: Raue Oberfl\u00e4che mit 3D-Textur f\u00fcr aggressivere und pr\u00e4zisere Effekte.<\/p>\n<p><strong>-DCS (Dynamic Composite Structure)<\/strong>: Minimiert Br\u00fcche an der Verbindung von Rahmen und Schlagfl\u00e4che.<\/p>\n<p><strong>-Pulse System<\/strong>: Seitengummis, die Vibrationen reduzieren und Verletzungen vorbeugen.<\/p>\n<p><strong>-Custom Grip<\/strong>: Personalisierter Griff mit Vibrationsabsorptionstechnologie, empfohlen von Testea Padel.<\/p>\n<p><strong>-SmartStrap\u00ae<\/strong>: Austauschbare Sicherheitsschnur, die Hygiene und individuelle Anpassung verbessert.<\/p>\n<p><strong>-EOS Tunnel<\/strong>: Seitliche Perforationen, die die Aerodynamik und Man\u00f6vrierf\u00e4higkeit des Schl\u00e4gers verbessern.<\/p>\n<h2>F\u00fcr wen ist der VK10 Ventus Control 12K geeignet?<\/h2>\n<p>Dieser Schl\u00e4ger richtet sich an <strong>taktische, intensive und strategische Spieler<\/strong>, die Kontrolle und Pr\u00e4zision \u00fcber rohe Kraft legen. Ideal, um von hinten zu dominieren, das Tempo des Spiels aufrechtzuerhalten und sich jeden Punkt zu sichern, selbst in Situationen mit hohem Druck.<\/p>\n<h2>Inspiriert von Aranzazu Osoro<\/h2>\n<p>Als Vertreter des mutigen und mental starken Spiels hat Osoro in diesem Schl\u00e4ger seinen wettbewerbsorientierten und ausgeglichenen Stil zum Ausdruck gebracht. Der VK10 Ventus ist das perfekte Werkzeug f\u00fcr alle, die die gleiche Vision vom Spiel haben.<\/p>\n<h2>Warum diesen Schl\u00e4ger w\u00e4hlen?<\/h2>\n<p>&#8211; Au\u00dfergew\u00f6hnliche Kontrolle ohne Einbu\u00dfen bei der Leistung<br \/>\n-Professionelle Technologie f\u00fcr konstante Leistung<br \/>\n-Hochwertige Materialien mit exklusivem Design<br \/>\n-Ideal f\u00fcr fortgeschrittene und anspruchsvolle Spieler<br \/>\n-Offizielle Ausgabe von Aranzazu Osoro, einer Referenz im professionellen Padel<\/p>\n<h2>Kaufen Sie es jetzt im Revolution Padel Store!<\/h2>\n<p>Holen Sie sich jetzt den neuen <strong>Nox VK10 Ventus 12K Control By Aranzazu Osoro 2026<\/strong>, den offiziellen Padelschl\u00e4ger von \u201eLa Vikinga\u201c, und bringen Sie Ihr Spiel auf die n\u00e4chste Stufe mit einem Produkt, das auf den Sieg ausgelegt ist. Erh\u00e4ltlich in unserem Online-Shop <strong><a href=\"https:\/\/www.revolutionpadelstore.com\/\">www.revolutionpadelstore.com<\/a><\/strong> wahrscheinlich <strong>zum besten Preis auf dem Markt<\/strong>. Bleiben Sie nicht ohne!<\/p>\n<h2>Pala Nox VK10 Ventus Control 12K By Aranzazu Osoro 2026 &#8211; Domina el juego con precisi\u00f3n y control profesional<\/h2>\n","protected":false},"excerpt":{"rendered":"<p>Holen Sie sich jetzt den Nox-Kontrollschl\u00e4ger von Aranzazu Osoro, hergestellt aus 12K-Carbon, MLD-EVA-Kern und ausgestattet mit modernsten Technologien.<\/p>\n","protected":false},"featured_media":269529,"comment_status":"open","ping_status":"closed","template":"","meta":{"_acf_changed":false,"_joinchat":[]},"acabado":[1094,1084],"balance":[1139],"dureza":[1154],"forma":[1179],"jugador":[1194],"marca":[1259],"nivel-de-juego":[1334,1344],"superficie":[1359],"tipo-de-juego":[1369],"product_brand":[],"product_cat":[299],"product_tag":[],"class_list":{"0":"post-269534","1":"product","2":"type-product","3":"status-publish","4":"has-post-thumbnail","6":"acabado-arenoso-de","7":"acabado-kumpel","8":"balance-mittel","9":"dureza-media-de","10":"forma-rund","11":"jugador-frau","12":"marca-nox-de","13":"superficie-rugosa-de","14":"tipo-de-juego-kontrolle","15":"product_cat-palas-de-padel-de","17":"first","18":"instock","19":"sale","20":"taxable","21":"shipping-taxable","22":"purchasable","23":"product-type-simple"},"acf":[],"yoast_head":"<!-- This site is optimized with the Yoast SEO plugin v27.3 - https:\/\/yoast.com\/product\/yoast-seo-wordpress\/ -->\n<title>NOX VK10 VENTUS CONTROL 12K BY ARANZAZU OSORO 2026 - Revolution Padel Store<\/title>\n<meta name=\"description\" content=\"Compra la Nox VK10 Ventus Control 12K 2026 by Aranzazu Osoro en Revolution Padel Store. Pala profesional con control, precisi\u00f3n y tecnolog\u00edas de \u00faltima generaci\u00f3n. \u00a1Mejor precio online!\" \/>\n<meta name=\"robots\" content=\"index, follow, max-snippet:-1, max-image-preview:large, max-video-preview:-1\" \/>\n<link rel=\"canonical\" href=\"https:\/\/revolutionpadelstore.com\/de\/produkt\/nox-vk10-ventus-control-12k-by-aranzazu-osoro-2026-1\/\" \/>\n<meta property=\"og:locale\" content=\"de_DE\" \/>\n<meta property=\"og:type\" content=\"article\" \/>\n<meta property=\"og:title\" content=\"NOX VK10 VENTUS CONTROL 12K BY ARANZAZU OSORO 2026 - Revolution Padel Store\" \/>\n<meta property=\"og:description\" content=\"Compra la Nox VK10 Ventus Control 12K 2026 by Aranzazu Osoro en Revolution Padel Store. Pala profesional con control, precisi\u00f3n y tecnolog\u00edas de \u00faltima generaci\u00f3n. \u00a1Mejor precio online!\" \/>\n<meta property=\"og:url\" content=\"https:\/\/revolutionpadelstore.com\/de\/produkt\/nox-vk10-ventus-control-12k-by-aranzazu-osoro-2026-1\/\" \/>\n<meta property=\"og:site_name\" content=\"Revolution Padel Store\" \/>\n<meta property=\"article:modified_time\" content=\"2026-03-31T22:48:53+00:00\" \/>\n<meta property=\"og:image\" content=\"https:\/\/revolutionpadelstore.com\/wp-content\/uploads\/2025\/09\/120981-pala-nox-vk10-1500x1500-1.webp\" \/>\n\t<meta property=\"og:image:width\" content=\"1500\" \/>\n\t<meta property=\"og:image:height\" content=\"1500\" \/>\n\t<meta property=\"og:image:type\" content=\"image\/webp\" \/>\n<meta name=\"twitter:card\" content=\"summary_large_image\" \/>\n<meta name=\"twitter:label1\" content=\"Gesch\u00e4tzte Lesezeit\" \/>\n\t<meta name=\"twitter:data1\" content=\"2\u00a0Minuten\" \/>\n<script type=\"application\/ld+json\" class=\"yoast-schema-graph\">{\"@context\":\"https:\\\/\\\/schema.org\",\"@graph\":[{\"@type\":\"WebPage\",\"@id\":\"https:\\\/\\\/revolutionpadelstore.com\\\/de\\\/produkt\\\/nox-vk10-ventus-control-12k-by-aranzazu-osoro-2026-1\\\/\",\"url\":\"https:\\\/\\\/revolutionpadelstore.com\\\/de\\\/produkt\\\/nox-vk10-ventus-control-12k-by-aranzazu-osoro-2026-1\\\/\",\"name\":\"NOX VK10 VENTUS CONTROL 12K BY ARANZAZU OSORO 2026 - Revolution Padel Store\",\"isPartOf\":{\"@id\":\"https:\\\/\\\/revolutionpadelstore.com\\\/de\\\/#website\"},\"primaryImageOfPage\":{\"@id\":\"https:\\\/\\\/revolutionpadelstore.com\\\/de\\\/produkt\\\/nox-vk10-ventus-control-12k-by-aranzazu-osoro-2026-1\\\/#primaryimage\"},\"image\":{\"@id\":\"https:\\\/\\\/revolutionpadelstore.com\\\/de\\\/produkt\\\/nox-vk10-ventus-control-12k-by-aranzazu-osoro-2026-1\\\/#primaryimage\"},\"thumbnailUrl\":\"https:\\\/\\\/revolutionpadelstore.com\\\/wp-content\\\/uploads\\\/2025\\\/09\\\/120981-pala-nox-vk10-1500x1500-1.webp\",\"datePublished\":\"2025-09-26T21:01:28+00:00\",\"dateModified\":\"2026-03-31T22:48:53+00:00\",\"description\":\"Compra la Nox VK10 Ventus Control 12K 2026 by Aranzazu Osoro en Revolution Padel Store. Pala profesional con control, precisi\u00f3n y tecnolog\u00edas de \u00faltima generaci\u00f3n. \u00a1Mejor precio online!\",\"breadcrumb\":{\"@id\":\"https:\\\/\\\/revolutionpadelstore.com\\\/de\\\/produkt\\\/nox-vk10-ventus-control-12k-by-aranzazu-osoro-2026-1\\\/#breadcrumb\"},\"inLanguage\":\"de\",\"potentialAction\":[{\"@type\":\"ReadAction\",\"target\":[\"https:\\\/\\\/revolutionpadelstore.com\\\/de\\\/produkt\\\/nox-vk10-ventus-control-12k-by-aranzazu-osoro-2026-1\\\/\"]}]},{\"@type\":\"ImageObject\",\"inLanguage\":\"de\",\"@id\":\"https:\\\/\\\/revolutionpadelstore.com\\\/de\\\/produkt\\\/nox-vk10-ventus-control-12k-by-aranzazu-osoro-2026-1\\\/#primaryimage\",\"url\":\"https:\\\/\\\/revolutionpadelstore.com\\\/wp-content\\\/uploads\\\/2025\\\/09\\\/120981-pala-nox-vk10-1500x1500-1.webp\",\"contentUrl\":\"https:\\\/\\\/revolutionpadelstore.com\\\/wp-content\\\/uploads\\\/2025\\\/09\\\/120981-pala-nox-vk10-1500x1500-1.webp\",\"width\":1500,\"height\":1500},{\"@type\":\"BreadcrumbList\",\"@id\":\"https:\\\/\\\/revolutionpadelstore.com\\\/de\\\/produkt\\\/nox-vk10-ventus-control-12k-by-aranzazu-osoro-2026-1\\\/#breadcrumb\",\"itemListElement\":[{\"@type\":\"ListItem\",\"position\":1,\"name\":\"Portada\",\"item\":\"https:\\\/\\\/revolutionpadelstore.com\\\/de\\\/\"},{\"@type\":\"ListItem\",\"position\":2,\"name\":\"Shop\",\"item\":\"https:\\\/\\\/revolutionpadelstore.com\\\/de\\\/tienda\\\/\"},{\"@type\":\"ListItem\",\"position\":3,\"name\":\"NOX VK10 VENTUS CONTROL 12K BY ARANZAZU OSORO 2026\"}]},{\"@type\":\"WebSite\",\"@id\":\"https:\\\/\\\/revolutionpadelstore.com\\\/de\\\/#website\",\"url\":\"https:\\\/\\\/revolutionpadelstore.com\\\/de\\\/\",\"name\":\"Revolution Padel Store\",\"description\":\"\",\"publisher\":{\"@id\":\"https:\\\/\\\/revolutionpadelstore.com\\\/de\\\/#organization\"},\"potentialAction\":[{\"@type\":\"SearchAction\",\"target\":{\"@type\":\"EntryPoint\",\"urlTemplate\":\"https:\\\/\\\/revolutionpadelstore.com\\\/de\\\/?s={search_term_string}\"},\"query-input\":{\"@type\":\"PropertyValueSpecification\",\"valueRequired\":true,\"valueName\":\"search_term_string\"}}],\"inLanguage\":\"de\"},{\"@type\":\"Organization\",\"@id\":\"https:\\\/\\\/revolutionpadelstore.com\\\/de\\\/#organization\",\"name\":\"Revolution Padel Store\",\"url\":\"https:\\\/\\\/revolutionpadelstore.com\\\/de\\\/\",\"logo\":{\"@type\":\"ImageObject\",\"inLanguage\":\"de\",\"@id\":\"https:\\\/\\\/revolutionpadelstore.com\\\/de\\\/#\\\/schema\\\/logo\\\/image\\\/\",\"url\":\"https:\\\/\\\/revolutionpadelstore.com\\\/wp-content\\\/uploads\\\/2026\\\/02\\\/revolution-padel-store.jpg\",\"contentUrl\":\"https:\\\/\\\/revolutionpadelstore.com\\\/wp-content\\\/uploads\\\/2026\\\/02\\\/revolution-padel-store.jpg\",\"width\":2000,\"height\":2000,\"caption\":\"Revolution Padel Store\"},\"image\":{\"@id\":\"https:\\\/\\\/revolutionpadelstore.com\\\/de\\\/#\\\/schema\\\/logo\\\/image\\\/\"},\"sameAs\":[\"https:\\\/\\\/www.instagram.com\\\/revolutionpadelstore\\\/\"]}]}<\/script>\n<!-- \/ Yoast SEO plugin. -->","yoast_head_json":{"title":"NOX VK10 VENTUS CONTROL 12K BY ARANZAZU OSORO 2026 - Revolution Padel Store","description":"Compra la Nox VK10 Ventus Control 12K 2026 by Aranzazu Osoro en Revolution Padel Store. Pala profesional con control, precisi\u00f3n y tecnolog\u00edas de \u00faltima generaci\u00f3n. \u00a1Mejor precio online!","robots":{"index":"index","follow":"follow","max-snippet":"max-snippet:-1","max-image-preview":"max-image-preview:large","max-video-preview":"max-video-preview:-1"},"canonical":"https:\/\/revolutionpadelstore.com\/de\/produkt\/nox-vk10-ventus-control-12k-by-aranzazu-osoro-2026-1\/","og_locale":"de_DE","og_type":"article","og_title":"NOX VK10 VENTUS CONTROL 12K BY ARANZAZU OSORO 2026 - Revolution Padel Store","og_description":"Compra la Nox VK10 Ventus Control 12K 2026 by Aranzazu Osoro en Revolution Padel Store. Pala profesional con control, precisi\u00f3n y tecnolog\u00edas de \u00faltima generaci\u00f3n. \u00a1Mejor precio online!","og_url":"https:\/\/revolutionpadelstore.com\/de\/produkt\/nox-vk10-ventus-control-12k-by-aranzazu-osoro-2026-1\/","og_site_name":"Revolution Padel Store","article_modified_time":"2026-03-31T22:48:53+00:00","og_image":[{"width":1500,"height":1500,"url":"https:\/\/revolutionpadelstore.com\/wp-content\/uploads\/2025\/09\/120981-pala-nox-vk10-1500x1500-1.webp","type":"image\/webp"}],"twitter_card":"summary_large_image","twitter_misc":{"Gesch\u00e4tzte Lesezeit":"2\u00a0Minuten"},"schema":{"@context":"https:\/\/schema.org","@graph":[{"@type":"WebPage","@id":"https:\/\/revolutionpadelstore.com\/de\/produkt\/nox-vk10-ventus-control-12k-by-aranzazu-osoro-2026-1\/","url":"https:\/\/revolutionpadelstore.com\/de\/produkt\/nox-vk10-ventus-control-12k-by-aranzazu-osoro-2026-1\/","name":"NOX VK10 VENTUS CONTROL 12K BY ARANZAZU OSORO 2026 - Revolution Padel Store","isPartOf":{"@id":"https:\/\/revolutionpadelstore.com\/de\/#website"},"primaryImageOfPage":{"@id":"https:\/\/revolutionpadelstore.com\/de\/produkt\/nox-vk10-ventus-control-12k-by-aranzazu-osoro-2026-1\/#primaryimage"},"image":{"@id":"https:\/\/revolutionpadelstore.com\/de\/produkt\/nox-vk10-ventus-control-12k-by-aranzazu-osoro-2026-1\/#primaryimage"},"thumbnailUrl":"https:\/\/revolutionpadelstore.com\/wp-content\/uploads\/2025\/09\/120981-pala-nox-vk10-1500x1500-1.webp","datePublished":"2025-09-26T21:01:28+00:00","dateModified":"2026-03-31T22:48:53+00:00","description":"Compra la Nox VK10 Ventus Control 12K 2026 by Aranzazu Osoro en Revolution Padel Store. Pala profesional con control, precisi\u00f3n y tecnolog\u00edas de \u00faltima generaci\u00f3n. \u00a1Mejor precio online!","breadcrumb":{"@id":"https:\/\/revolutionpadelstore.com\/de\/produkt\/nox-vk10-ventus-control-12k-by-aranzazu-osoro-2026-1\/#breadcrumb"},"inLanguage":"de","potentialAction":[{"@type":"ReadAction","target":["https:\/\/revolutionpadelstore.com\/de\/produkt\/nox-vk10-ventus-control-12k-by-aranzazu-osoro-2026-1\/"]}]},{"@type":"ImageObject","inLanguage":"de","@id":"https:\/\/revolutionpadelstore.com\/de\/produkt\/nox-vk10-ventus-control-12k-by-aranzazu-osoro-2026-1\/#primaryimage","url":"https:\/\/revolutionpadelstore.com\/wp-content\/uploads\/2025\/09\/120981-pala-nox-vk10-1500x1500-1.webp","contentUrl":"https:\/\/revolutionpadelstore.com\/wp-content\/uploads\/2025\/09\/120981-pala-nox-vk10-1500x1500-1.webp","width":1500,"height":1500},{"@type":"BreadcrumbList","@id":"https:\/\/revolutionpadelstore.com\/de\/produkt\/nox-vk10-ventus-control-12k-by-aranzazu-osoro-2026-1\/#breadcrumb","itemListElement":[{"@type":"ListItem","position":1,"name":"Portada","item":"https:\/\/revolutionpadelstore.com\/de\/"},{"@type":"ListItem","position":2,"name":"Shop","item":"https:\/\/revolutionpadelstore.com\/de\/tienda\/"},{"@type":"ListItem","position":3,"name":"NOX VK10 VENTUS CONTROL 12K BY ARANZAZU OSORO 2026"}]},{"@type":"WebSite","@id":"https:\/\/revolutionpadelstore.com\/de\/#website","url":"https:\/\/revolutionpadelstore.com\/de\/","name":"Revolution Padel Store","description":"","publisher":{"@id":"https:\/\/revolutionpadelstore.com\/de\/#organization"},"potentialAction":[{"@type":"SearchAction","target":{"@type":"EntryPoint","urlTemplate":"https:\/\/revolutionpadelstore.com\/de\/?s={search_term_string}"},"query-input":{"@type":"PropertyValueSpecification","valueRequired":true,"valueName":"search_term_string"}}],"inLanguage":"de"},{"@type":"Organization","@id":"https:\/\/revolutionpadelstore.com\/de\/#organization","name":"Revolution Padel Store","url":"https:\/\/revolutionpadelstore.com\/de\/","logo":{"@type":"ImageObject","inLanguage":"de","@id":"https:\/\/revolutionpadelstore.com\/de\/#\/schema\/logo\/image\/","url":"https:\/\/revolutionpadelstore.com\/wp-content\/uploads\/2026\/02\/revolution-padel-store.jpg","contentUrl":"https:\/\/revolutionpadelstore.com\/wp-content\/uploads\/2026\/02\/revolution-padel-store.jpg","width":2000,"height":2000,"caption":"Revolution Padel Store"},"image":{"@id":"https:\/\/revolutionpadelstore.com\/de\/#\/schema\/logo\/image\/"},"sameAs":["https:\/\/www.instagram.com\/revolutionpadelstore\/"]}]}},"_links":{"self":[{"href":"https:\/\/revolutionpadelstore.com\/de\/wp-json\/wp\/v2\/product\/269534","targetHints":{"allow":["GET"]}}],"collection":[{"href":"https:\/\/revolutionpadelstore.com\/de\/wp-json\/wp\/v2\/product"}],"about":[{"href":"https:\/\/revolutionpadelstore.com\/de\/wp-json\/wp\/v2\/types\/product"}],"replies":[{"embeddable":true,"href":"https:\/\/revolutionpadelstore.com\/de\/wp-json\/wp\/v2\/comments?post=269534"}],"wp:featuredmedia":[{"embeddable":true,"href":"https:\/\/revolutionpadelstore.com\/de\/wp-json\/wp\/v2\/media\/269529"}],"wp:attachment":[{"href":"https:\/\/revolutionpadelstore.com\/de\/wp-json\/wp\/v2\/media?parent=269534"}],"wp:term":[{"taxonomy":"acabado","embeddable":true,"href":"https:\/\/revolutionpadelstore.com\/de\/wp-json\/wp\/v2\/acabado?post=269534"},{"taxonomy":"balance","embeddable":true,"href":"https:\/\/revolutionpadelstore.com\/de\/wp-json\/wp\/v2\/balance?post=269534"},{"taxonomy":"dureza","embeddable":true,"href":"https:\/\/revolutionpadelstore.com\/de\/wp-json\/wp\/v2\/dureza?post=269534"},{"taxonomy":"forma","embeddable":true,"href":"https:\/\/revolutionpadelstore.com\/de\/wp-json\/wp\/v2\/forma?post=269534"},{"taxonomy":"jugador","embeddable":true,"href":"https:\/\/revolutionpadelstore.com\/de\/wp-json\/wp\/v2\/jugador?post=269534"},{"taxonomy":"marca","embeddable":true,"href":"https:\/\/revolutionpadelstore.com\/de\/wp-json\/wp\/v2\/marca?post=269534"},{"taxonomy":"nivel-de-juego","embeddable":true,"href":"https:\/\/revolutionpadelstore.com\/de\/wp-json\/wp\/v2\/nivel-de-juego?post=269534"},{"taxonomy":"superficie","embeddable":true,"href":"https:\/\/revolutionpadelstore.com\/de\/wp-json\/wp\/v2\/superficie?post=269534"},{"taxonomy":"tipo-de-juego","embeddable":true,"href":"https:\/\/revolutionpadelstore.com\/de\/wp-json\/wp\/v2\/tipo-de-juego?post=269534"},{"taxonomy":"product_brand","embeddable":true,"href":"https:\/\/revolutionpadelstore.com\/de\/wp-json\/wp\/v2\/product_brand?post=269534"},{"taxonomy":"product_cat","embeddable":true,"href":"https:\/\/revolutionpadelstore.com\/de\/wp-json\/wp\/v2\/product_cat?post=269534"},{"taxonomy":"product_tag","embeddable":true,"href":"https:\/\/revolutionpadelstore.com\/de\/wp-json\/wp\/v2\/product_tag?post=269534"}],"curies":[{"name":"wp","href":"https:\/\/api.w.org\/{rel}","templated":true}]}}