{"id":269378,"date":"2025-09-26T01:09:25","date_gmt":"2025-09-25T23:09:25","guid":{"rendered":"https:\/\/revolutionpadelstore.com\/nox-ea10-ventus-attack-12k-xtreme-by-edu-alonso-2026\/"},"modified":"2026-04-01T00:49:31","modified_gmt":"2026-03-31T22:49:31","slug":"nox-ea10-ventus-attack-12k-xtreme-by-edu-alonso-2026-1","status":"publish","type":"product","link":"https:\/\/revolutionpadelstore.com\/de\/produkt\/nox-ea10-ventus-attack-12k-xtreme-by-edu-alonso-2026-1\/","title":{"rendered":"NOX EA10 VENTUS ATTACK 12K XTREME BY EDU ALONSO 2026"},"content":{"rendered":"<h2>Nox EA10 Ventus Attack 12K Xtrem \u2013 Kraft und Pr\u00e4zision von Edu Alonso<\/h2>\n<p>Der <strong>Nox EA10 Ventus Attack 12K Mit seinem Diamantformat, der hohen Balance und der verl\u00e4ngerten Faust ist dieser Schl\u00e4ger darauf ausgelegt, maximale Kraft bei Spikes, Volleys und aggressiven Schl\u00e4gen zu entfalten, die auf dem Platz den Unterschied ausmachen.<\/p>\n<h2>Explosive Kraft mit totaler Kontrolle<\/h2>\n<p>Mit einem Gewicht zwischen <strong>360 und 375 Gramm<\/strong> bietet der EA10 Ventus Attack die perfekte Konsistenz, um in entscheidenden Momenten Stabilit\u00e4t zu bewahren. Seine Konstruktion aus <strong>100 % Carbon-Rahmen<\/strong> und <strong>12K<\/p>\n<h2>F\u00fcr Offensivspieler, die das Netz dominieren<\/h2>\n<p>Wenn Ihr Spielstil darauf basiert, vom ersten Punkt an die Initiative zu ergreifen, wird dieser Schl\u00e4ger Ihr bester Verb\u00fcndeter sein. Sein <strong>mittelharter Anschlag<\/strong> garantiert eine feste und stabile Reaktion, perfekt f\u00fcr diejenigen, die \u00fcber eine ausgefeilte Technik verf\u00fcgen und versuchen, die Spitzen mit kr\u00e4ftigen Schl\u00e4gen zu schlie\u00dfen.<\/p>\n<h2>Ausgew\u00e4hlte Technologien des EA10 Ventus Attack 12K Xtrem<\/h2>\n<p><strong>-Carbon 12K Xtrem<\/strong>: h\u00f6here Steifigkeit, Haltbarkeit und Oberfl\u00e4chengleichm\u00e4\u00dfigkeit.<\/p>\n<p><strong>-MLD Black EVA<\/strong>: Mehrschichtiger Kern, der die Ballleistung und -kraft verbessert.<\/p>\n<p><strong>-Carbon Frame<\/strong>: Carbonrahmen f\u00fcr maximale Widerstandsf\u00e4higkeit.<\/p>\n<p><strong>-Dual Spin<\/strong>: 3D-Textur + Sandstrahlen f\u00fcr bessere Effekte bei jedem Schlag.<\/p>\n<p><strong>-DCS<\/strong>: Struktursystem, das die Bruchgefahr verringert.<\/p>\n<p><strong>-Pulse System<\/strong>: Vibrationsd\u00e4mpfung f\u00fcr mehr Komfort.<\/p>\n<p><strong>-Custom Grip\u00ae<\/strong>: verbesserter Grip mit Vibrationsreduzierung.<\/p>\n<p><strong>-Smart Strap\u00ae<\/strong>: austauschbares und anpassbares Sicherheitsband.<\/p>\n<p><strong>-EOS Tunnel<\/strong>: Fortschrittliche Aerodynamik, die das Handling und die Gewichtsverteilung verbessert.<\/p>\n<h2>Warum sollten Sie sich f\u00fcr den Nox EA10 Ventus Attack entscheiden?<\/h2>\n<p>-Edu Alonsos offizieller Schl\u00e4ger, ideal f\u00fcr das <strong>professionelle Offensivspiel<\/strong>.<\/p>\n<p>-Perfekte Balance zwischen <strong>Leistung, Steuerung und Technologien der neuesten Generation<\/strong>.<\/p>\n<p>-Entwickelt f\u00fcr diejenigen, die mit einem <strong>t\u00f6dlichen Angriff<\/strong> einen Unterschied auf dem Platz machen wollen.<\/p>\n<h2>Holen Sie sich den Nox EA10 Ventus Attack 12K Xtrem zum besten Preis<\/h2>\n<p>Holen Sie sich diesen exklusiven Schl\u00e4ger von <strong>Nox<\/strong> und bringen Sie Ihr Spiel auf die n\u00e4chste Stufe. Erh\u00e4ltlich in unserem Online-Shop <strong><a href=\"https:\/\/www.revolutionpadelstore.com\/\">Revolution Padel Store<\/a><\/strong> wahrscheinlich zum besten Preis auf dem Markt.<\/p>\n<h2>Nox EA10 Ventus Attack 12K Xtrem \u2013 Potencia y precisi\u00f3n de Edu Alonso<\/h2>\n","protected":false},"excerpt":{"rendered":"<p>Beherrschen Sie das Volleyspiel dank des Nox-Schl\u00e4gers im Diamantformat, der offiziellen Ausgabe von Edu Alonso, der 12K Xtrem-Carbonfl\u00e4chen enth\u00e4lt, um die Kraft bei jedem Schlag zu maximieren.<\/p>\n","protected":false},"featured_media":269373,"comment_status":"open","ping_status":"closed","template":"","meta":{"_acf_changed":false,"_joinchat":[]},"acabado":[1094,1084],"balance":[1134],"dureza":[1159,1154],"forma":[1169],"jugador":[1189],"marca":[1259],"nivel-de-juego":[1334,1344],"superficie":[1359],"tipo-de-juego":[1374],"product_brand":[],"product_cat":[299],"product_tag":[],"class_list":{"0":"post-269378","1":"product","2":"type-product","3":"status-publish","4":"has-post-thumbnail","6":"acabado-arenoso-de","7":"acabado-kumpel","8":"balance-hoch","9":"dureza-dura-de","10":"dureza-media-de","11":"forma-diamante-de","12":"jugador-mann","13":"marca-nox-de","14":"superficie-rugosa-de","15":"tipo-de-juego-leistung","16":"product_cat-palas-de-padel-de","18":"first","19":"instock","20":"sale","21":"taxable","22":"shipping-taxable","23":"purchasable","24":"product-type-simple"},"acf":[],"yoast_head":"<!-- This site is optimized with the Yoast SEO plugin v27.3 - https:\/\/yoast.com\/product\/yoast-seo-wordpress\/ -->\n<title>NOX EA10 VENTUS ATTACK 12K XTREME BY EDU ALONSO 2026 - Revolution Padel Store<\/title>\n<meta name=\"description\" content=\"Compra la Nox EA10 Ventus Attack 12K Xtrem de Edu Alonso, una pala de p\u00e1del profesional en formato diamante con Carbon 12K Xtrem, MLD Black EVA y tecnolog\u00edas avanzadas. Potencia y control para jugadores ofensivos. Disponible en Revolution Padel Store al mejor precio.\" \/>\n<meta name=\"robots\" content=\"index, follow, max-snippet:-1, max-image-preview:large, max-video-preview:-1\" \/>\n<link rel=\"canonical\" href=\"https:\/\/revolutionpadelstore.com\/de\/produkt\/nox-ea10-ventus-attack-12k-xtreme-by-edu-alonso-2026-1\/\" \/>\n<meta property=\"og:locale\" content=\"de_DE\" \/>\n<meta property=\"og:type\" content=\"article\" \/>\n<meta property=\"og:title\" content=\"NOX EA10 VENTUS ATTACK 12K XTREME BY EDU ALONSO 2026 - Revolution Padel Store\" \/>\n<meta property=\"og:description\" content=\"Compra la Nox EA10 Ventus Attack 12K Xtrem de Edu Alonso, una pala de p\u00e1del profesional en formato diamante con Carbon 12K Xtrem, MLD Black EVA y tecnolog\u00edas avanzadas. Potencia y control para jugadores ofensivos. Disponible en Revolution Padel Store al mejor precio.\" \/>\n<meta property=\"og:url\" content=\"https:\/\/revolutionpadelstore.com\/de\/produkt\/nox-ea10-ventus-attack-12k-xtreme-by-edu-alonso-2026-1\/\" \/>\n<meta property=\"og:site_name\" content=\"Revolution Padel Store\" \/>\n<meta property=\"article:modified_time\" content=\"2026-03-31T22:49:31+00:00\" \/>\n<meta property=\"og:image\" content=\"https:\/\/revolutionpadelstore.com\/wp-content\/uploads\/2025\/09\/120975-pala-nox-ea10-ventus-attack-12k-xtreme-by-edu-alonso-1500x1500-1.webp\" \/>\n\t<meta property=\"og:image:width\" content=\"1500\" \/>\n\t<meta property=\"og:image:height\" content=\"1500\" \/>\n\t<meta property=\"og:image:type\" content=\"image\/webp\" \/>\n<meta name=\"twitter:card\" content=\"summary_large_image\" \/>\n<meta name=\"twitter:label1\" content=\"Gesch\u00e4tzte Lesezeit\" \/>\n\t<meta name=\"twitter:data1\" content=\"2\u00a0Minuten\" \/>\n<script type=\"application\/ld+json\" class=\"yoast-schema-graph\">{\"@context\":\"https:\\\/\\\/schema.org\",\"@graph\":[{\"@type\":\"WebPage\",\"@id\":\"https:\\\/\\\/revolutionpadelstore.com\\\/de\\\/produkt\\\/nox-ea10-ventus-attack-12k-xtreme-by-edu-alonso-2026-1\\\/\",\"url\":\"https:\\\/\\\/revolutionpadelstore.com\\\/de\\\/produkt\\\/nox-ea10-ventus-attack-12k-xtreme-by-edu-alonso-2026-1\\\/\",\"name\":\"NOX EA10 VENTUS ATTACK 12K XTREME BY EDU ALONSO 2026 - Revolution Padel Store\",\"isPartOf\":{\"@id\":\"https:\\\/\\\/revolutionpadelstore.com\\\/de\\\/#website\"},\"primaryImageOfPage\":{\"@id\":\"https:\\\/\\\/revolutionpadelstore.com\\\/de\\\/produkt\\\/nox-ea10-ventus-attack-12k-xtreme-by-edu-alonso-2026-1\\\/#primaryimage\"},\"image\":{\"@id\":\"https:\\\/\\\/revolutionpadelstore.com\\\/de\\\/produkt\\\/nox-ea10-ventus-attack-12k-xtreme-by-edu-alonso-2026-1\\\/#primaryimage\"},\"thumbnailUrl\":\"https:\\\/\\\/revolutionpadelstore.com\\\/wp-content\\\/uploads\\\/2025\\\/09\\\/120975-pala-nox-ea10-ventus-attack-12k-xtreme-by-edu-alonso-1500x1500-1.webp\",\"datePublished\":\"2025-09-25T23:09:25+00:00\",\"dateModified\":\"2026-03-31T22:49:31+00:00\",\"description\":\"Compra la Nox EA10 Ventus Attack 12K Xtrem de Edu Alonso, una pala de p\u00e1del profesional en formato diamante con Carbon 12K Xtrem, MLD Black EVA y tecnolog\u00edas avanzadas. Potencia y control para jugadores ofensivos. Disponible en Revolution Padel Store al mejor precio.\",\"breadcrumb\":{\"@id\":\"https:\\\/\\\/revolutionpadelstore.com\\\/de\\\/produkt\\\/nox-ea10-ventus-attack-12k-xtreme-by-edu-alonso-2026-1\\\/#breadcrumb\"},\"inLanguage\":\"de\",\"potentialAction\":[{\"@type\":\"ReadAction\",\"target\":[\"https:\\\/\\\/revolutionpadelstore.com\\\/de\\\/produkt\\\/nox-ea10-ventus-attack-12k-xtreme-by-edu-alonso-2026-1\\\/\"]}]},{\"@type\":\"ImageObject\",\"inLanguage\":\"de\",\"@id\":\"https:\\\/\\\/revolutionpadelstore.com\\\/de\\\/produkt\\\/nox-ea10-ventus-attack-12k-xtreme-by-edu-alonso-2026-1\\\/#primaryimage\",\"url\":\"https:\\\/\\\/revolutionpadelstore.com\\\/wp-content\\\/uploads\\\/2025\\\/09\\\/120975-pala-nox-ea10-ventus-attack-12k-xtreme-by-edu-alonso-1500x1500-1.webp\",\"contentUrl\":\"https:\\\/\\\/revolutionpadelstore.com\\\/wp-content\\\/uploads\\\/2025\\\/09\\\/120975-pala-nox-ea10-ventus-attack-12k-xtreme-by-edu-alonso-1500x1500-1.webp\",\"width\":1500,\"height\":1500},{\"@type\":\"BreadcrumbList\",\"@id\":\"https:\\\/\\\/revolutionpadelstore.com\\\/de\\\/produkt\\\/nox-ea10-ventus-attack-12k-xtreme-by-edu-alonso-2026-1\\\/#breadcrumb\",\"itemListElement\":[{\"@type\":\"ListItem\",\"position\":1,\"name\":\"Portada\",\"item\":\"https:\\\/\\\/revolutionpadelstore.com\\\/de\\\/\"},{\"@type\":\"ListItem\",\"position\":2,\"name\":\"Shop\",\"item\":\"https:\\\/\\\/revolutionpadelstore.com\\\/de\\\/tienda\\\/\"},{\"@type\":\"ListItem\",\"position\":3,\"name\":\"NOX EA10 VENTUS ATTACK 12K XTREME BY EDU ALONSO 2026\"}]},{\"@type\":\"WebSite\",\"@id\":\"https:\\\/\\\/revolutionpadelstore.com\\\/de\\\/#website\",\"url\":\"https:\\\/\\\/revolutionpadelstore.com\\\/de\\\/\",\"name\":\"Revolution Padel Store\",\"description\":\"\",\"publisher\":{\"@id\":\"https:\\\/\\\/revolutionpadelstore.com\\\/de\\\/#organization\"},\"potentialAction\":[{\"@type\":\"SearchAction\",\"target\":{\"@type\":\"EntryPoint\",\"urlTemplate\":\"https:\\\/\\\/revolutionpadelstore.com\\\/de\\\/?s={search_term_string}\"},\"query-input\":{\"@type\":\"PropertyValueSpecification\",\"valueRequired\":true,\"valueName\":\"search_term_string\"}}],\"inLanguage\":\"de\"},{\"@type\":\"Organization\",\"@id\":\"https:\\\/\\\/revolutionpadelstore.com\\\/de\\\/#organization\",\"name\":\"Revolution Padel Store\",\"url\":\"https:\\\/\\\/revolutionpadelstore.com\\\/de\\\/\",\"logo\":{\"@type\":\"ImageObject\",\"inLanguage\":\"de\",\"@id\":\"https:\\\/\\\/revolutionpadelstore.com\\\/de\\\/#\\\/schema\\\/logo\\\/image\\\/\",\"url\":\"https:\\\/\\\/revolutionpadelstore.com\\\/wp-content\\\/uploads\\\/2026\\\/02\\\/revolution-padel-store.jpg\",\"contentUrl\":\"https:\\\/\\\/revolutionpadelstore.com\\\/wp-content\\\/uploads\\\/2026\\\/02\\\/revolution-padel-store.jpg\",\"width\":2000,\"height\":2000,\"caption\":\"Revolution Padel Store\"},\"image\":{\"@id\":\"https:\\\/\\\/revolutionpadelstore.com\\\/de\\\/#\\\/schema\\\/logo\\\/image\\\/\"},\"sameAs\":[\"https:\\\/\\\/www.instagram.com\\\/revolutionpadelstore\\\/\"]}]}<\/script>\n<!-- \/ Yoast SEO plugin. -->","yoast_head_json":{"title":"NOX EA10 VENTUS ATTACK 12K XTREME BY EDU ALONSO 2026 - Revolution Padel Store","description":"Compra la Nox EA10 Ventus Attack 12K Xtrem de Edu Alonso, una pala de p\u00e1del profesional en formato diamante con Carbon 12K Xtrem, MLD Black EVA y tecnolog\u00edas avanzadas. Potencia y control para jugadores ofensivos. Disponible en Revolution Padel Store al mejor precio.","robots":{"index":"index","follow":"follow","max-snippet":"max-snippet:-1","max-image-preview":"max-image-preview:large","max-video-preview":"max-video-preview:-1"},"canonical":"https:\/\/revolutionpadelstore.com\/de\/produkt\/nox-ea10-ventus-attack-12k-xtreme-by-edu-alonso-2026-1\/","og_locale":"de_DE","og_type":"article","og_title":"NOX EA10 VENTUS ATTACK 12K XTREME BY EDU ALONSO 2026 - Revolution Padel Store","og_description":"Compra la Nox EA10 Ventus Attack 12K Xtrem de Edu Alonso, una pala de p\u00e1del profesional en formato diamante con Carbon 12K Xtrem, MLD Black EVA y tecnolog\u00edas avanzadas. Potencia y control para jugadores ofensivos. Disponible en Revolution Padel Store al mejor precio.","og_url":"https:\/\/revolutionpadelstore.com\/de\/produkt\/nox-ea10-ventus-attack-12k-xtreme-by-edu-alonso-2026-1\/","og_site_name":"Revolution Padel Store","article_modified_time":"2026-03-31T22:49:31+00:00","og_image":[{"width":1500,"height":1500,"url":"https:\/\/revolutionpadelstore.com\/wp-content\/uploads\/2025\/09\/120975-pala-nox-ea10-ventus-attack-12k-xtreme-by-edu-alonso-1500x1500-1.webp","type":"image\/webp"}],"twitter_card":"summary_large_image","twitter_misc":{"Gesch\u00e4tzte Lesezeit":"2\u00a0Minuten"},"schema":{"@context":"https:\/\/schema.org","@graph":[{"@type":"WebPage","@id":"https:\/\/revolutionpadelstore.com\/de\/produkt\/nox-ea10-ventus-attack-12k-xtreme-by-edu-alonso-2026-1\/","url":"https:\/\/revolutionpadelstore.com\/de\/produkt\/nox-ea10-ventus-attack-12k-xtreme-by-edu-alonso-2026-1\/","name":"NOX EA10 VENTUS ATTACK 12K XTREME BY EDU ALONSO 2026 - Revolution Padel Store","isPartOf":{"@id":"https:\/\/revolutionpadelstore.com\/de\/#website"},"primaryImageOfPage":{"@id":"https:\/\/revolutionpadelstore.com\/de\/produkt\/nox-ea10-ventus-attack-12k-xtreme-by-edu-alonso-2026-1\/#primaryimage"},"image":{"@id":"https:\/\/revolutionpadelstore.com\/de\/produkt\/nox-ea10-ventus-attack-12k-xtreme-by-edu-alonso-2026-1\/#primaryimage"},"thumbnailUrl":"https:\/\/revolutionpadelstore.com\/wp-content\/uploads\/2025\/09\/120975-pala-nox-ea10-ventus-attack-12k-xtreme-by-edu-alonso-1500x1500-1.webp","datePublished":"2025-09-25T23:09:25+00:00","dateModified":"2026-03-31T22:49:31+00:00","description":"Compra la Nox EA10 Ventus Attack 12K Xtrem de Edu Alonso, una pala de p\u00e1del profesional en formato diamante con Carbon 12K Xtrem, MLD Black EVA y tecnolog\u00edas avanzadas. Potencia y control para jugadores ofensivos. Disponible en Revolution Padel Store al mejor precio.","breadcrumb":{"@id":"https:\/\/revolutionpadelstore.com\/de\/produkt\/nox-ea10-ventus-attack-12k-xtreme-by-edu-alonso-2026-1\/#breadcrumb"},"inLanguage":"de","potentialAction":[{"@type":"ReadAction","target":["https:\/\/revolutionpadelstore.com\/de\/produkt\/nox-ea10-ventus-attack-12k-xtreme-by-edu-alonso-2026-1\/"]}]},{"@type":"ImageObject","inLanguage":"de","@id":"https:\/\/revolutionpadelstore.com\/de\/produkt\/nox-ea10-ventus-attack-12k-xtreme-by-edu-alonso-2026-1\/#primaryimage","url":"https:\/\/revolutionpadelstore.com\/wp-content\/uploads\/2025\/09\/120975-pala-nox-ea10-ventus-attack-12k-xtreme-by-edu-alonso-1500x1500-1.webp","contentUrl":"https:\/\/revolutionpadelstore.com\/wp-content\/uploads\/2025\/09\/120975-pala-nox-ea10-ventus-attack-12k-xtreme-by-edu-alonso-1500x1500-1.webp","width":1500,"height":1500},{"@type":"BreadcrumbList","@id":"https:\/\/revolutionpadelstore.com\/de\/produkt\/nox-ea10-ventus-attack-12k-xtreme-by-edu-alonso-2026-1\/#breadcrumb","itemListElement":[{"@type":"ListItem","position":1,"name":"Portada","item":"https:\/\/revolutionpadelstore.com\/de\/"},{"@type":"ListItem","position":2,"name":"Shop","item":"https:\/\/revolutionpadelstore.com\/de\/tienda\/"},{"@type":"ListItem","position":3,"name":"NOX EA10 VENTUS ATTACK 12K XTREME BY EDU ALONSO 2026"}]},{"@type":"WebSite","@id":"https:\/\/revolutionpadelstore.com\/de\/#website","url":"https:\/\/revolutionpadelstore.com\/de\/","name":"Revolution Padel Store","description":"","publisher":{"@id":"https:\/\/revolutionpadelstore.com\/de\/#organization"},"potentialAction":[{"@type":"SearchAction","target":{"@type":"EntryPoint","urlTemplate":"https:\/\/revolutionpadelstore.com\/de\/?s={search_term_string}"},"query-input":{"@type":"PropertyValueSpecification","valueRequired":true,"valueName":"search_term_string"}}],"inLanguage":"de"},{"@type":"Organization","@id":"https:\/\/revolutionpadelstore.com\/de\/#organization","name":"Revolution Padel Store","url":"https:\/\/revolutionpadelstore.com\/de\/","logo":{"@type":"ImageObject","inLanguage":"de","@id":"https:\/\/revolutionpadelstore.com\/de\/#\/schema\/logo\/image\/","url":"https:\/\/revolutionpadelstore.com\/wp-content\/uploads\/2026\/02\/revolution-padel-store.jpg","contentUrl":"https:\/\/revolutionpadelstore.com\/wp-content\/uploads\/2026\/02\/revolution-padel-store.jpg","width":2000,"height":2000,"caption":"Revolution Padel Store"},"image":{"@id":"https:\/\/revolutionpadelstore.com\/de\/#\/schema\/logo\/image\/"},"sameAs":["https:\/\/www.instagram.com\/revolutionpadelstore\/"]}]}},"_links":{"self":[{"href":"https:\/\/revolutionpadelstore.com\/de\/wp-json\/wp\/v2\/product\/269378","targetHints":{"allow":["GET"]}}],"collection":[{"href":"https:\/\/revolutionpadelstore.com\/de\/wp-json\/wp\/v2\/product"}],"about":[{"href":"https:\/\/revolutionpadelstore.com\/de\/wp-json\/wp\/v2\/types\/product"}],"replies":[{"embeddable":true,"href":"https:\/\/revolutionpadelstore.com\/de\/wp-json\/wp\/v2\/comments?post=269378"}],"wp:featuredmedia":[{"embeddable":true,"href":"https:\/\/revolutionpadelstore.com\/de\/wp-json\/wp\/v2\/media\/269373"}],"wp:attachment":[{"href":"https:\/\/revolutionpadelstore.com\/de\/wp-json\/wp\/v2\/media?parent=269378"}],"wp:term":[{"taxonomy":"acabado","embeddable":true,"href":"https:\/\/revolutionpadelstore.com\/de\/wp-json\/wp\/v2\/acabado?post=269378"},{"taxonomy":"balance","embeddable":true,"href":"https:\/\/revolutionpadelstore.com\/de\/wp-json\/wp\/v2\/balance?post=269378"},{"taxonomy":"dureza","embeddable":true,"href":"https:\/\/revolutionpadelstore.com\/de\/wp-json\/wp\/v2\/dureza?post=269378"},{"taxonomy":"forma","embeddable":true,"href":"https:\/\/revolutionpadelstore.com\/de\/wp-json\/wp\/v2\/forma?post=269378"},{"taxonomy":"jugador","embeddable":true,"href":"https:\/\/revolutionpadelstore.com\/de\/wp-json\/wp\/v2\/jugador?post=269378"},{"taxonomy":"marca","embeddable":true,"href":"https:\/\/revolutionpadelstore.com\/de\/wp-json\/wp\/v2\/marca?post=269378"},{"taxonomy":"nivel-de-juego","embeddable":true,"href":"https:\/\/revolutionpadelstore.com\/de\/wp-json\/wp\/v2\/nivel-de-juego?post=269378"},{"taxonomy":"superficie","embeddable":true,"href":"https:\/\/revolutionpadelstore.com\/de\/wp-json\/wp\/v2\/superficie?post=269378"},{"taxonomy":"tipo-de-juego","embeddable":true,"href":"https:\/\/revolutionpadelstore.com\/de\/wp-json\/wp\/v2\/tipo-de-juego?post=269378"},{"taxonomy":"product_brand","embeddable":true,"href":"https:\/\/revolutionpadelstore.com\/de\/wp-json\/wp\/v2\/product_brand?post=269378"},{"taxonomy":"product_cat","embeddable":true,"href":"https:\/\/revolutionpadelstore.com\/de\/wp-json\/wp\/v2\/product_cat?post=269378"},{"taxonomy":"product_tag","embeddable":true,"href":"https:\/\/revolutionpadelstore.com\/de\/wp-json\/wp\/v2\/product_tag?post=269378"}],"curies":[{"name":"wp","href":"https:\/\/api.w.org\/{rel}","templated":true}]}}