{"id":269168,"date":"2025-09-26T00:30:02","date_gmt":"2025-09-25T22:30:02","guid":{"rendered":"https:\/\/revolutionpadelstore.com\/nox-at10-genius-attack-18k-alum-by-agustin-tapia-2026\/"},"modified":"2026-04-01T00:50:27","modified_gmt":"2026-03-31T22:50:27","slug":"nox-at10-genius-attack-18k-alum-by-agustin-tapia-2026-1","status":"publish","type":"product","link":"https:\/\/revolutionpadelstore.com\/de\/produkt\/nox-at10-genius-attack-18k-alum-by-agustin-tapia-2026-1\/","title":{"rendered":"NOX AT10 GENIUS ATTACK 18K ALUM BY AGUST\u00cdN TAPIA 2026"},"content":{"rendered":"<h2>Nox AT10 Genius Attack 18K Alum 2026 \u2013 Unbegrenzte Offensivkraft<\/h2>\n<p>Der <strong>Nox AT10 Genius Attack 18K Alum 2026<\/strong> ist die neue Angriffswaffe, die gemeinsam mit <em>Agust\u00edn Tapia<\/em> f\u00fcr Spieler entwickelt wurde, die jeden Punkt mit Kraft und Pr\u00e4zision dominieren m\u00f6chten. Dieser professionelle Padelschl\u00e4ger zeichnet sich durch sein Diamantformat, seine hohe Balance und ein Gewicht zwischen 360 und 375 Gramm aus und bietet eine explosive Leistung bei jedem Schlag.<\/p>\n<p>Die aus Materialien der neuesten Generation hergestellte <strong>18K aluminisierte Carbonoberfl\u00e4che<\/strong> und der <strong>MLD Black EVA<\/strong>-Kern garantieren eine kraftvolle Ballausgabe, ein festes Gef\u00fchl und eine ideale Anpassung an alle Wetterbedingungen. Das Design und die Technologien dieses Nox 2026-Schl\u00e4gers machen ihn zu einer unschlagbaren Option f\u00fcr das Offensivspiel.<\/p>\n<h2>AT10 Genius Attack 2026: F\u00fcr aggressive und anspruchsvolle Spieler<\/h2>\n<p>Der AT10 Genius Attack 18K Alum wurde f\u00fcr <strong>fortgeschrittene und professionelle Spieler<\/strong> entwickelt und ist ideal f\u00fcr diejenigen, die einen <strong>aggressiven und dominanten<\/strong> Spielstil spielen. Seine neue Form und das innovative <strong>Weight Balance System<\/strong> erm\u00f6glichen es Ihnen, die Balance des Schl\u00e4gers individuell anzupassen und ihn an die Vorlieben des Spielers anzupassen.<\/p>\n<p>Sein mittlerer Touch sorgt f\u00fcr eine perfekte Balance zwischen <strong>Kontrolle und Kraft<\/strong>, gl\u00e4nzt aber vor allem bei Offensivaktionen wie Smashes, Vipers und Layups mit Spin.<\/p>\n<h2>Hervorgehobene technische Eigenschaften<\/h2>\n<p><strong>-Carbon 18K Alum<\/strong>: aluminisierte Carbonoberfl\u00e4che, die die strukturelle Steifigkeit und thermische Stabilit\u00e4t verbessert.<\/p>\n<p><strong>-MLD Black EVA<\/strong>: Mehrschichtiger Kern, der Kraft und Ballausgabe maximiert.<\/p>\n<p><strong>-Weight Balance System<\/strong>: System aus austauschbaren Gegengewichten zur Anpassung von Balance und Gewicht an den Spielstil.<\/p>\n<p><strong>-Dual Spin<\/strong>: 3D-raue Textur und Quarzsand f\u00fcr extreme Effekte.<\/p>\n<p><strong>-EOS Tunnel<\/strong>: Neue perforierte Struktur im Mast, die die Man\u00f6vrierf\u00e4higkeit und Aerodynamik erh\u00f6ht.<\/p>\n<p><strong>-Pulse System<\/strong>: Antivibrationssystem, das den Komfort bei jedem Schlag verbessert.<\/p>\n<p><strong>-Oversize Grip<\/strong>: l\u00e4ngerer Griff f\u00fcr besseren Halt und Komfort.<\/p>\n<p><strong>&#8211; SmartStrap<\/strong>: schnell und sicher austauschbare Griffschnur.<\/p>\n<p><strong>&#8211; Hotochrome Farbe<\/strong>: Farbe, die auf Licht reagiert, indem sie ihre Farbe \u00e4ndert.<\/p>\n<p><strong>&#8211; Custom Grip<\/strong>: anpassbarer Griff mit Antivibrationssystem, zertifiziert von Testea P\u00e1del.<\/p>\n<h2>Warum sollten Sie sich f\u00fcr den AT10 Genius Attack 2026 entscheiden?<\/h2>\n<p>-Perfekt f\u00fcr einen <strong>offensiven und aggressiven<\/strong> Spielstil<\/p>\n<p>-Anpassbar an Ihre Spielweise<\/p>\n<p>-Komfort, Leistung und professionelles Design<\/p>\n<p>-Entwickelt von und f\u00fcr Elitespieler wie <em>Agust\u00edn Tapia<\/em><\/p>\n<h2>Holen Sie sich den Nox AT10 Genius Attack 2026 Schl\u00e4ger zum besten Preis<\/h2>\n<p>Wenn Ihr Stil auf <strong>Kraft, aggressiven Schl\u00e4gen und offensiver Kontrolle<\/strong> basiert, ist der <strong>Nox AT10 Genius Attack 18K Alum 2026<\/strong> der Schl\u00e4ger, den Sie brauchen, um Ihr Level auf die n\u00e4chste Stufe zu bringen. Meistern Sie jeden Punkt und machen Sie einen Unterschied mit diesem Hochleistungsschl\u00e4ger.<\/p>\n<p>Ab sofort in unserem Online-Shop <strong><a href=\"https:\/\/www.revolutionpadelstore.com\/\">www.revolutionpadelstore.com<\/a><\/strong> erh\u00e4ltlich, wahrscheinlich <strong>zum besten Preis auf dem Markt<\/strong>.<\/p>\n<h2>Nox AT10 Genius Attack 18K Alum 2026 \u2013 Potencia ofensiva sin l\u00edmites<\/h2>\n","protected":false},"excerpt":{"rendered":"<p>Sp\u00fcren Sie die Kraft und Genauigkeit bei jedem Schlag, entwickelt f\u00fcr aggressive Hochleistungsspieler, mit dem Nox-Schl\u00e4ger von Agust\u00edn Tapia.<\/p>\n","protected":false},"featured_media":269163,"comment_status":"open","ping_status":"closed","template":"","meta":{"_acf_changed":false,"_joinchat":[]},"acabado":[1094,1084],"balance":[1134],"dureza":[1154],"forma":[1169],"jugador":[1189],"marca":[1259],"nivel-de-juego":[1334,1344],"superficie":[1359],"tipo-de-juego":[1374],"product_brand":[],"product_cat":[299],"product_tag":[],"class_list":{"0":"post-269168","1":"product","2":"type-product","3":"status-publish","4":"has-post-thumbnail","6":"acabado-arenoso-de","7":"acabado-kumpel","8":"balance-hoch","9":"dureza-media-de","10":"forma-diamante-de","11":"jugador-mann","12":"marca-nox-de","13":"superficie-rugosa-de","14":"tipo-de-juego-leistung","15":"product_cat-palas-de-padel-de","17":"first","18":"instock","19":"sale","20":"taxable","21":"shipping-taxable","22":"purchasable","23":"product-type-simple"},"acf":[],"yoast_head":"<!-- This site is optimized with the Yoast SEO plugin v27.3 - https:\/\/yoast.com\/product\/yoast-seo-wordpress\/ -->\n<title>NOX AT10 GENIUS ATTACK 18K ALUM BY AGUST\u00cdN TAPIA 2026 - Revolution Padel Store<\/title>\n<meta name=\"description\" content=\"Descubre la Nox AT10 Genius Attack 18K Alum 2026, la pala de p\u00e1del profesional de Agust\u00edn Tapia con m\u00e1xima potencia, control ofensivo y tecnolog\u00edas exclusivas. \u00a1C\u00f3mprala ya en Revolution Padel Store al mejor precio!\" \/>\n<meta name=\"robots\" content=\"index, follow, max-snippet:-1, max-image-preview:large, max-video-preview:-1\" \/>\n<link rel=\"canonical\" href=\"https:\/\/revolutionpadelstore.com\/de\/produkt\/nox-at10-genius-attack-18k-alum-by-agustin-tapia-2026-1\/\" \/>\n<meta property=\"og:locale\" content=\"de_DE\" \/>\n<meta property=\"og:type\" content=\"article\" \/>\n<meta property=\"og:title\" content=\"NOX AT10 GENIUS ATTACK 18K ALUM BY AGUST\u00cdN TAPIA 2026 - Revolution Padel Store\" \/>\n<meta property=\"og:description\" content=\"Descubre la Nox AT10 Genius Attack 18K Alum 2026, la pala de p\u00e1del profesional de Agust\u00edn Tapia con m\u00e1xima potencia, control ofensivo y tecnolog\u00edas exclusivas. \u00a1C\u00f3mprala ya en Revolution Padel Store al mejor precio!\" \/>\n<meta property=\"og:url\" content=\"https:\/\/revolutionpadelstore.com\/de\/produkt\/nox-at10-genius-attack-18k-alum-by-agustin-tapia-2026-1\/\" \/>\n<meta property=\"og:site_name\" content=\"Revolution Padel Store\" \/>\n<meta property=\"article:modified_time\" content=\"2026-03-31T22:50:27+00:00\" \/>\n<meta property=\"og:image\" content=\"https:\/\/revolutionpadelstore.com\/wp-content\/uploads\/2025\/09\/120972-pala-nox-at10-genius-attack-18k-alum-by-agustin-tapia-1500x1500-1.webp\" \/>\n\t<meta property=\"og:image:width\" content=\"1500\" \/>\n\t<meta property=\"og:image:height\" content=\"1500\" \/>\n\t<meta property=\"og:image:type\" content=\"image\/webp\" \/>\n<meta name=\"twitter:card\" content=\"summary_large_image\" \/>\n<meta name=\"twitter:label1\" content=\"Gesch\u00e4tzte Lesezeit\" \/>\n\t<meta name=\"twitter:data1\" content=\"2\u00a0Minuten\" \/>\n<script type=\"application\/ld+json\" class=\"yoast-schema-graph\">{\"@context\":\"https:\\\/\\\/schema.org\",\"@graph\":[{\"@type\":\"WebPage\",\"@id\":\"https:\\\/\\\/revolutionpadelstore.com\\\/de\\\/produkt\\\/nox-at10-genius-attack-18k-alum-by-agustin-tapia-2026-1\\\/\",\"url\":\"https:\\\/\\\/revolutionpadelstore.com\\\/de\\\/produkt\\\/nox-at10-genius-attack-18k-alum-by-agustin-tapia-2026-1\\\/\",\"name\":\"NOX AT10 GENIUS ATTACK 18K ALUM BY AGUST\u00cdN TAPIA 2026 - Revolution Padel Store\",\"isPartOf\":{\"@id\":\"https:\\\/\\\/revolutionpadelstore.com\\\/de\\\/#website\"},\"primaryImageOfPage\":{\"@id\":\"https:\\\/\\\/revolutionpadelstore.com\\\/de\\\/produkt\\\/nox-at10-genius-attack-18k-alum-by-agustin-tapia-2026-1\\\/#primaryimage\"},\"image\":{\"@id\":\"https:\\\/\\\/revolutionpadelstore.com\\\/de\\\/produkt\\\/nox-at10-genius-attack-18k-alum-by-agustin-tapia-2026-1\\\/#primaryimage\"},\"thumbnailUrl\":\"https:\\\/\\\/revolutionpadelstore.com\\\/wp-content\\\/uploads\\\/2025\\\/09\\\/120972-pala-nox-at10-genius-attack-18k-alum-by-agustin-tapia-1500x1500-1.webp\",\"datePublished\":\"2025-09-25T22:30:02+00:00\",\"dateModified\":\"2026-03-31T22:50:27+00:00\",\"description\":\"Descubre la Nox AT10 Genius Attack 18K Alum 2026, la pala de p\u00e1del profesional de Agust\u00edn Tapia con m\u00e1xima potencia, control ofensivo y tecnolog\u00edas exclusivas. \u00a1C\u00f3mprala ya en Revolution Padel Store al mejor precio!\",\"breadcrumb\":{\"@id\":\"https:\\\/\\\/revolutionpadelstore.com\\\/de\\\/produkt\\\/nox-at10-genius-attack-18k-alum-by-agustin-tapia-2026-1\\\/#breadcrumb\"},\"inLanguage\":\"de\",\"potentialAction\":[{\"@type\":\"ReadAction\",\"target\":[\"https:\\\/\\\/revolutionpadelstore.com\\\/de\\\/produkt\\\/nox-at10-genius-attack-18k-alum-by-agustin-tapia-2026-1\\\/\"]}]},{\"@type\":\"ImageObject\",\"inLanguage\":\"de\",\"@id\":\"https:\\\/\\\/revolutionpadelstore.com\\\/de\\\/produkt\\\/nox-at10-genius-attack-18k-alum-by-agustin-tapia-2026-1\\\/#primaryimage\",\"url\":\"https:\\\/\\\/revolutionpadelstore.com\\\/wp-content\\\/uploads\\\/2025\\\/09\\\/120972-pala-nox-at10-genius-attack-18k-alum-by-agustin-tapia-1500x1500-1.webp\",\"contentUrl\":\"https:\\\/\\\/revolutionpadelstore.com\\\/wp-content\\\/uploads\\\/2025\\\/09\\\/120972-pala-nox-at10-genius-attack-18k-alum-by-agustin-tapia-1500x1500-1.webp\",\"width\":1500,\"height\":1500},{\"@type\":\"BreadcrumbList\",\"@id\":\"https:\\\/\\\/revolutionpadelstore.com\\\/de\\\/produkt\\\/nox-at10-genius-attack-18k-alum-by-agustin-tapia-2026-1\\\/#breadcrumb\",\"itemListElement\":[{\"@type\":\"ListItem\",\"position\":1,\"name\":\"Portada\",\"item\":\"https:\\\/\\\/revolutionpadelstore.com\\\/de\\\/\"},{\"@type\":\"ListItem\",\"position\":2,\"name\":\"Shop\",\"item\":\"https:\\\/\\\/revolutionpadelstore.com\\\/de\\\/tienda\\\/\"},{\"@type\":\"ListItem\",\"position\":3,\"name\":\"NOX AT10 GENIUS ATTACK 18K ALUM BY AGUST\u00cdN TAPIA 2026\"}]},{\"@type\":\"WebSite\",\"@id\":\"https:\\\/\\\/revolutionpadelstore.com\\\/de\\\/#website\",\"url\":\"https:\\\/\\\/revolutionpadelstore.com\\\/de\\\/\",\"name\":\"Revolution Padel Store\",\"description\":\"\",\"publisher\":{\"@id\":\"https:\\\/\\\/revolutionpadelstore.com\\\/de\\\/#organization\"},\"potentialAction\":[{\"@type\":\"SearchAction\",\"target\":{\"@type\":\"EntryPoint\",\"urlTemplate\":\"https:\\\/\\\/revolutionpadelstore.com\\\/de\\\/?s={search_term_string}\"},\"query-input\":{\"@type\":\"PropertyValueSpecification\",\"valueRequired\":true,\"valueName\":\"search_term_string\"}}],\"inLanguage\":\"de\"},{\"@type\":\"Organization\",\"@id\":\"https:\\\/\\\/revolutionpadelstore.com\\\/de\\\/#organization\",\"name\":\"Revolution Padel Store\",\"url\":\"https:\\\/\\\/revolutionpadelstore.com\\\/de\\\/\",\"logo\":{\"@type\":\"ImageObject\",\"inLanguage\":\"de\",\"@id\":\"https:\\\/\\\/revolutionpadelstore.com\\\/de\\\/#\\\/schema\\\/logo\\\/image\\\/\",\"url\":\"https:\\\/\\\/revolutionpadelstore.com\\\/wp-content\\\/uploads\\\/2026\\\/02\\\/revolution-padel-store.jpg\",\"contentUrl\":\"https:\\\/\\\/revolutionpadelstore.com\\\/wp-content\\\/uploads\\\/2026\\\/02\\\/revolution-padel-store.jpg\",\"width\":2000,\"height\":2000,\"caption\":\"Revolution Padel Store\"},\"image\":{\"@id\":\"https:\\\/\\\/revolutionpadelstore.com\\\/de\\\/#\\\/schema\\\/logo\\\/image\\\/\"},\"sameAs\":[\"https:\\\/\\\/www.instagram.com\\\/revolutionpadelstore\\\/\"]}]}<\/script>\n<!-- \/ Yoast SEO plugin. -->","yoast_head_json":{"title":"NOX AT10 GENIUS ATTACK 18K ALUM BY AGUST\u00cdN TAPIA 2026 - Revolution Padel Store","description":"Descubre la Nox AT10 Genius Attack 18K Alum 2026, la pala de p\u00e1del profesional de Agust\u00edn Tapia con m\u00e1xima potencia, control ofensivo y tecnolog\u00edas exclusivas. \u00a1C\u00f3mprala ya en Revolution Padel Store al mejor precio!","robots":{"index":"index","follow":"follow","max-snippet":"max-snippet:-1","max-image-preview":"max-image-preview:large","max-video-preview":"max-video-preview:-1"},"canonical":"https:\/\/revolutionpadelstore.com\/de\/produkt\/nox-at10-genius-attack-18k-alum-by-agustin-tapia-2026-1\/","og_locale":"de_DE","og_type":"article","og_title":"NOX AT10 GENIUS ATTACK 18K ALUM BY AGUST\u00cdN TAPIA 2026 - Revolution Padel Store","og_description":"Descubre la Nox AT10 Genius Attack 18K Alum 2026, la pala de p\u00e1del profesional de Agust\u00edn Tapia con m\u00e1xima potencia, control ofensivo y tecnolog\u00edas exclusivas. \u00a1C\u00f3mprala ya en Revolution Padel Store al mejor precio!","og_url":"https:\/\/revolutionpadelstore.com\/de\/produkt\/nox-at10-genius-attack-18k-alum-by-agustin-tapia-2026-1\/","og_site_name":"Revolution Padel Store","article_modified_time":"2026-03-31T22:50:27+00:00","og_image":[{"width":1500,"height":1500,"url":"https:\/\/revolutionpadelstore.com\/wp-content\/uploads\/2025\/09\/120972-pala-nox-at10-genius-attack-18k-alum-by-agustin-tapia-1500x1500-1.webp","type":"image\/webp"}],"twitter_card":"summary_large_image","twitter_misc":{"Gesch\u00e4tzte Lesezeit":"2\u00a0Minuten"},"schema":{"@context":"https:\/\/schema.org","@graph":[{"@type":"WebPage","@id":"https:\/\/revolutionpadelstore.com\/de\/produkt\/nox-at10-genius-attack-18k-alum-by-agustin-tapia-2026-1\/","url":"https:\/\/revolutionpadelstore.com\/de\/produkt\/nox-at10-genius-attack-18k-alum-by-agustin-tapia-2026-1\/","name":"NOX AT10 GENIUS ATTACK 18K ALUM BY AGUST\u00cdN TAPIA 2026 - Revolution Padel Store","isPartOf":{"@id":"https:\/\/revolutionpadelstore.com\/de\/#website"},"primaryImageOfPage":{"@id":"https:\/\/revolutionpadelstore.com\/de\/produkt\/nox-at10-genius-attack-18k-alum-by-agustin-tapia-2026-1\/#primaryimage"},"image":{"@id":"https:\/\/revolutionpadelstore.com\/de\/produkt\/nox-at10-genius-attack-18k-alum-by-agustin-tapia-2026-1\/#primaryimage"},"thumbnailUrl":"https:\/\/revolutionpadelstore.com\/wp-content\/uploads\/2025\/09\/120972-pala-nox-at10-genius-attack-18k-alum-by-agustin-tapia-1500x1500-1.webp","datePublished":"2025-09-25T22:30:02+00:00","dateModified":"2026-03-31T22:50:27+00:00","description":"Descubre la Nox AT10 Genius Attack 18K Alum 2026, la pala de p\u00e1del profesional de Agust\u00edn Tapia con m\u00e1xima potencia, control ofensivo y tecnolog\u00edas exclusivas. \u00a1C\u00f3mprala ya en Revolution Padel Store al mejor precio!","breadcrumb":{"@id":"https:\/\/revolutionpadelstore.com\/de\/produkt\/nox-at10-genius-attack-18k-alum-by-agustin-tapia-2026-1\/#breadcrumb"},"inLanguage":"de","potentialAction":[{"@type":"ReadAction","target":["https:\/\/revolutionpadelstore.com\/de\/produkt\/nox-at10-genius-attack-18k-alum-by-agustin-tapia-2026-1\/"]}]},{"@type":"ImageObject","inLanguage":"de","@id":"https:\/\/revolutionpadelstore.com\/de\/produkt\/nox-at10-genius-attack-18k-alum-by-agustin-tapia-2026-1\/#primaryimage","url":"https:\/\/revolutionpadelstore.com\/wp-content\/uploads\/2025\/09\/120972-pala-nox-at10-genius-attack-18k-alum-by-agustin-tapia-1500x1500-1.webp","contentUrl":"https:\/\/revolutionpadelstore.com\/wp-content\/uploads\/2025\/09\/120972-pala-nox-at10-genius-attack-18k-alum-by-agustin-tapia-1500x1500-1.webp","width":1500,"height":1500},{"@type":"BreadcrumbList","@id":"https:\/\/revolutionpadelstore.com\/de\/produkt\/nox-at10-genius-attack-18k-alum-by-agustin-tapia-2026-1\/#breadcrumb","itemListElement":[{"@type":"ListItem","position":1,"name":"Portada","item":"https:\/\/revolutionpadelstore.com\/de\/"},{"@type":"ListItem","position":2,"name":"Shop","item":"https:\/\/revolutionpadelstore.com\/de\/tienda\/"},{"@type":"ListItem","position":3,"name":"NOX AT10 GENIUS ATTACK 18K ALUM BY AGUST\u00cdN TAPIA 2026"}]},{"@type":"WebSite","@id":"https:\/\/revolutionpadelstore.com\/de\/#website","url":"https:\/\/revolutionpadelstore.com\/de\/","name":"Revolution Padel Store","description":"","publisher":{"@id":"https:\/\/revolutionpadelstore.com\/de\/#organization"},"potentialAction":[{"@type":"SearchAction","target":{"@type":"EntryPoint","urlTemplate":"https:\/\/revolutionpadelstore.com\/de\/?s={search_term_string}"},"query-input":{"@type":"PropertyValueSpecification","valueRequired":true,"valueName":"search_term_string"}}],"inLanguage":"de"},{"@type":"Organization","@id":"https:\/\/revolutionpadelstore.com\/de\/#organization","name":"Revolution Padel Store","url":"https:\/\/revolutionpadelstore.com\/de\/","logo":{"@type":"ImageObject","inLanguage":"de","@id":"https:\/\/revolutionpadelstore.com\/de\/#\/schema\/logo\/image\/","url":"https:\/\/revolutionpadelstore.com\/wp-content\/uploads\/2026\/02\/revolution-padel-store.jpg","contentUrl":"https:\/\/revolutionpadelstore.com\/wp-content\/uploads\/2026\/02\/revolution-padel-store.jpg","width":2000,"height":2000,"caption":"Revolution Padel Store"},"image":{"@id":"https:\/\/revolutionpadelstore.com\/de\/#\/schema\/logo\/image\/"},"sameAs":["https:\/\/www.instagram.com\/revolutionpadelstore\/"]}]}},"_links":{"self":[{"href":"https:\/\/revolutionpadelstore.com\/de\/wp-json\/wp\/v2\/product\/269168","targetHints":{"allow":["GET"]}}],"collection":[{"href":"https:\/\/revolutionpadelstore.com\/de\/wp-json\/wp\/v2\/product"}],"about":[{"href":"https:\/\/revolutionpadelstore.com\/de\/wp-json\/wp\/v2\/types\/product"}],"replies":[{"embeddable":true,"href":"https:\/\/revolutionpadelstore.com\/de\/wp-json\/wp\/v2\/comments?post=269168"}],"wp:featuredmedia":[{"embeddable":true,"href":"https:\/\/revolutionpadelstore.com\/de\/wp-json\/wp\/v2\/media\/269163"}],"wp:attachment":[{"href":"https:\/\/revolutionpadelstore.com\/de\/wp-json\/wp\/v2\/media?parent=269168"}],"wp:term":[{"taxonomy":"acabado","embeddable":true,"href":"https:\/\/revolutionpadelstore.com\/de\/wp-json\/wp\/v2\/acabado?post=269168"},{"taxonomy":"balance","embeddable":true,"href":"https:\/\/revolutionpadelstore.com\/de\/wp-json\/wp\/v2\/balance?post=269168"},{"taxonomy":"dureza","embeddable":true,"href":"https:\/\/revolutionpadelstore.com\/de\/wp-json\/wp\/v2\/dureza?post=269168"},{"taxonomy":"forma","embeddable":true,"href":"https:\/\/revolutionpadelstore.com\/de\/wp-json\/wp\/v2\/forma?post=269168"},{"taxonomy":"jugador","embeddable":true,"href":"https:\/\/revolutionpadelstore.com\/de\/wp-json\/wp\/v2\/jugador?post=269168"},{"taxonomy":"marca","embeddable":true,"href":"https:\/\/revolutionpadelstore.com\/de\/wp-json\/wp\/v2\/marca?post=269168"},{"taxonomy":"nivel-de-juego","embeddable":true,"href":"https:\/\/revolutionpadelstore.com\/de\/wp-json\/wp\/v2\/nivel-de-juego?post=269168"},{"taxonomy":"superficie","embeddable":true,"href":"https:\/\/revolutionpadelstore.com\/de\/wp-json\/wp\/v2\/superficie?post=269168"},{"taxonomy":"tipo-de-juego","embeddable":true,"href":"https:\/\/revolutionpadelstore.com\/de\/wp-json\/wp\/v2\/tipo-de-juego?post=269168"},{"taxonomy":"product_brand","embeddable":true,"href":"https:\/\/revolutionpadelstore.com\/de\/wp-json\/wp\/v2\/product_brand?post=269168"},{"taxonomy":"product_cat","embeddable":true,"href":"https:\/\/revolutionpadelstore.com\/de\/wp-json\/wp\/v2\/product_cat?post=269168"},{"taxonomy":"product_tag","embeddable":true,"href":"https:\/\/revolutionpadelstore.com\/de\/wp-json\/wp\/v2\/product_tag?post=269168"}],"curies":[{"name":"wp","href":"https:\/\/api.w.org\/{rel}","templated":true}]}}