{"id":269084,"date":"2025-09-25T21:06:14","date_gmt":"2025-09-25T19:06:14","guid":{"rendered":"https:\/\/revolutionpadelstore.com\/nox-at10-genius-attack-12k-alum-xtrem-by-agustin-tapia\/"},"modified":"2026-04-01T00:50:45","modified_gmt":"2026-03-31T22:50:45","slug":"nox-at10-genius-attack-12k-alum-xtrem-by-agustin-tapia-2026","status":"publish","type":"product","link":"https:\/\/revolutionpadelstore.com\/de\/produkt\/nox-at10-genius-attack-12k-alum-xtrem-by-agustin-tapia-2026\/","title":{"rendered":"NOX AT10 GENIUS ATTACK 12K ALUM XTREM BY AGUST\u00cdN TAPIA 2026"},"content":{"rendered":"<h2>Nox AT10 Genius Attack 12K Alum XTREM 2026 \u2013 Extreme Leistung mit professioneller Pr\u00e4zision<\/h2>\n<p>Beherrschen Sie den Platz mit dem neuen Schl\u00e4ger <strong>Nox AT10 Genius Attack 12K Alum XTREM 2026<\/strong>, der in Zusammenarbeit mit der Nummer eins entwickelt wurde: <strong>Agust\u00edn Tapia<\/strong>. Dieser rautenf\u00f6rmige Schl\u00e4ger mit hoher Balance wurde f\u00fcr Offensivspieler entwickelt, die nach Kraft suchen, ohne die Kontrolle zu verlieren, und ist f\u00fcr diejenigen konzipiert, die den Punkt vom ersten Schlag an souver\u00e4n entscheiden wollen.<\/p>\n<h2>Hohe Leistung f\u00fcr Elite-Spieler<\/h2>\n<p>Dank seines hochdichten HR3 Black EVA-Kerns und seiner 12K Alum Xtrem Carbon-Schlagfl\u00e4che bietet dieser professionelle Schl\u00e4ger eine explosive Reaktion bei jedem Schlag, ohne Einbu\u00dfen bei Haltbarkeit oder Stabilit\u00e4t, selbst bei extremen Wetterbedingungen.<\/p>\n<p>Ideal f\u00fcr Spieler auf fortgeschrittenem oder professionellem Niveau. Die mittelharte Haptik sorgt f\u00fcr Festigkeit und Pr\u00e4zision bei aggressiven Schl\u00e4gen wie Smashes, Vipers oder Wall Drops.<\/p>\n<h2>Passen Sie Ihr Spiel mit modernster Technologie an<\/h2>\n<p>Er verf\u00fcgt \u00fcber das <strong>Weight Balance<\/strong>-System, mit dem Sie die Balance des Schl\u00e4gers nach Ihren W\u00fcnschen anpassen k\u00f6nnen. Ein perfektes Werkzeug, um Ihren Spielstil je nach Gegner oder Spielfeld anzupassen.<\/p>\n<h2>Ausgew\u00e4hlte Technologien des AT10 Genius Attack 12K Alum XTREM<\/h2>\n<p><strong>-Carbon 12K Alum Xtrem<\/strong>: h\u00f6here strukturelle Steifigkeit, Haltbarkeit und gleichm\u00e4\u00dfigere Oberfl\u00e4che.<\/p>\n<p><strong>-HR3 Black EVA<\/strong>: hochdichtes Gummi mit Memory-Effekt f\u00fcr brutale Kraft.<\/p>\n<p><strong>-Weight Balance<\/strong>: System von Gegengewichten zur individuellen Anpassung der Balance.<\/p>\n<p><strong>-Dual Spin<\/strong>: 3D-raue Textur mit Quarzsand f\u00fcr Schl\u00e4ge mit Spin.<\/p>\n<p><strong>-Carbon-Rahmen<\/strong>: Vollcarbon-Struktur f\u00fcr maximale Widerstandsf\u00e4higkeit.<\/p>\n<p><strong>-EOS Tunnel<\/strong>: Verbessert Aerodynamik und Handling durch strategische Perforationen.<\/p>\n<p><strong>-Dynamische Verbundstruktur<\/strong>: innere Verst\u00e4rkung, die Bruch verhindert.<\/p>\n<p><strong>-Oversize Grip<\/strong>: L\u00e4ngerer Griff f\u00fcr mehr Komfort und Kontrolle.<\/p>\n<p><strong>-Pulse System<\/strong>: reduziert Vibrationen, um Ihre Gelenke zu schonen.<\/p>\n<p><strong>-Custom Grip<\/strong>: personalisierter Griff, zertifiziert von Testea P\u00e1del.<\/p>\n<p><strong>-SmartStrap\u00ae<\/strong>: austauschbares und sicheres Lanyard-System.<\/p>\n<p><strong>-Photochrome Farbe<\/strong>: Farbe, die sich je nach Lichteinfall ver\u00e4ndert, ein exklusives Detail.<\/p>\n<h2>Warum sollten Sie sich f\u00fcr den Nox AT10 12K Alum XTREM Attack 2026 entscheiden?<\/h2>\n<p>-In Zusammenarbeit mit <strong>Agust\u00edn Tapia<\/strong> entwickelt, ein Garant f\u00fcr hohe Leistung.<\/p>\n<p>-Perfekt f\u00fcr Spieler, die ihr Spiel auf <strong>Offensivkraft und taktische Aggressivit\u00e4t<\/strong> basieren.<\/p>\n<p>-Ideal f\u00fcr alle, die einen Schl\u00e4ger mit modernster Technologie, anpassbarem Design und exklusivem Design suchen.<\/p>\n<p>Wenn Ihr Ziel darin besteht, das Spiel vom ersten Punkt an zu dominieren, ist <strong>dieser Schl\u00e4ger genau das Richtige f\u00fcr Sie<\/strong>.<\/p>\n<h2>Holen Sie es sich jetzt unter <a href=\"http:\/\/www.revolutionpadelstore.com\/\">www.revolutionpadelstore.com<\/a><\/h2>\n<p>Holen Sie sich den <strong>Nox AT10 Genius Attack 12K Alum. Profitieren Sie von unseren Angeboten und machen Sie sich bereit, wie ein echter Profi zu spielen.<\/p>\n<h2>Nox AT10 Genius Attack 12K Alum XTREM 2026 &#8211; Potencia Extrema con Precisi\u00f3n Profesional<\/h2>\n","protected":false},"excerpt":{"rendered":"<p>Tapias offizieller Diamant-Nox-Schl\u00e4ger bietet Ihnen Kraft und Aggressivit\u00e4t bei jedem Angriffsspiel<\/p>\n","protected":false},"featured_media":269079,"comment_status":"open","ping_status":"closed","template":"","meta":{"_acf_changed":false,"_joinchat":[]},"acabado":[1094,1084],"balance":[1134],"dureza":[1159,1154],"forma":[1169],"jugador":[1189],"marca":[1259],"nivel-de-juego":[1334,1344],"superficie":[1359],"tipo-de-juego":[1374],"product_brand":[],"product_cat":[299],"product_tag":[],"class_list":{"0":"post-269084","1":"product","2":"type-product","3":"status-publish","4":"has-post-thumbnail","6":"acabado-arenoso-de","7":"acabado-kumpel","8":"balance-hoch","9":"dureza-dura-de","10":"dureza-media-de","11":"forma-diamante-de","12":"jugador-mann","13":"marca-nox-de","14":"superficie-rugosa-de","15":"tipo-de-juego-leistung","16":"product_cat-palas-de-padel-de","18":"first","19":"instock","20":"sale","21":"taxable","22":"shipping-taxable","23":"purchasable","24":"product-type-simple"},"acf":[],"yoast_head":"<!-- This site is optimized with the Yoast SEO plugin v27.3 - https:\/\/yoast.com\/product\/yoast-seo-wordpress\/ -->\n<title>NOX AT10 GENIUS ATTACK 12K ALUM XTREM BY AGUST\u00cdN TAPIA 2026 - Revolution Padel Store<\/title>\n<meta name=\"description\" content=\"Pala Nox AT10 Genius Attack 12K Alum XTREM 2026 dise\u00f1ada por Agust\u00edn Tapia. M\u00e1xima potencia, tecnolog\u00edas avanzadas y materiales premium para jugadores ofensivos. \u00a1C\u00f3mprala al mejor precio en Revolution Padel Store!\" \/>\n<meta name=\"robots\" content=\"index, follow, max-snippet:-1, max-image-preview:large, max-video-preview:-1\" \/>\n<link rel=\"canonical\" href=\"https:\/\/revolutionpadelstore.com\/de\/produkt\/nox-at10-genius-attack-12k-alum-xtrem-by-agustin-tapia-2026\/\" \/>\n<meta property=\"og:locale\" content=\"de_DE\" \/>\n<meta property=\"og:type\" content=\"article\" \/>\n<meta property=\"og:title\" content=\"NOX AT10 GENIUS ATTACK 12K ALUM XTREM BY AGUST\u00cdN TAPIA 2026 - Revolution Padel Store\" \/>\n<meta property=\"og:description\" content=\"Pala Nox AT10 Genius Attack 12K Alum XTREM 2026 dise\u00f1ada por Agust\u00edn Tapia. M\u00e1xima potencia, tecnolog\u00edas avanzadas y materiales premium para jugadores ofensivos. \u00a1C\u00f3mprala al mejor precio en Revolution Padel Store!\" \/>\n<meta property=\"og:url\" content=\"https:\/\/revolutionpadelstore.com\/de\/produkt\/nox-at10-genius-attack-12k-alum-xtrem-by-agustin-tapia-2026\/\" \/>\n<meta property=\"og:site_name\" content=\"Revolution Padel Store\" \/>\n<meta property=\"article:modified_time\" content=\"2026-03-31T22:50:45+00:00\" \/>\n<meta property=\"og:image\" content=\"https:\/\/revolutionpadelstore.com\/wp-content\/uploads\/2025\/09\/120971-pala-nox-at10-genius-attack-12k-alum-xtreme-by-agustin-tapia-1500x1500-1.webp\" \/>\n\t<meta property=\"og:image:width\" content=\"1500\" \/>\n\t<meta property=\"og:image:height\" content=\"1500\" \/>\n\t<meta property=\"og:image:type\" content=\"image\/webp\" \/>\n<meta name=\"twitter:card\" content=\"summary_large_image\" \/>\n<meta name=\"twitter:label1\" content=\"Gesch\u00e4tzte Lesezeit\" \/>\n\t<meta name=\"twitter:data1\" content=\"2\u00a0Minuten\" \/>\n<script type=\"application\/ld+json\" class=\"yoast-schema-graph\">{\"@context\":\"https:\\\/\\\/schema.org\",\"@graph\":[{\"@type\":\"WebPage\",\"@id\":\"https:\\\/\\\/revolutionpadelstore.com\\\/de\\\/produkt\\\/nox-at10-genius-attack-12k-alum-xtrem-by-agustin-tapia-2026\\\/\",\"url\":\"https:\\\/\\\/revolutionpadelstore.com\\\/de\\\/produkt\\\/nox-at10-genius-attack-12k-alum-xtrem-by-agustin-tapia-2026\\\/\",\"name\":\"NOX AT10 GENIUS ATTACK 12K ALUM XTREM BY AGUST\u00cdN TAPIA 2026 - Revolution Padel Store\",\"isPartOf\":{\"@id\":\"https:\\\/\\\/revolutionpadelstore.com\\\/de\\\/#website\"},\"primaryImageOfPage\":{\"@id\":\"https:\\\/\\\/revolutionpadelstore.com\\\/de\\\/produkt\\\/nox-at10-genius-attack-12k-alum-xtrem-by-agustin-tapia-2026\\\/#primaryimage\"},\"image\":{\"@id\":\"https:\\\/\\\/revolutionpadelstore.com\\\/de\\\/produkt\\\/nox-at10-genius-attack-12k-alum-xtrem-by-agustin-tapia-2026\\\/#primaryimage\"},\"thumbnailUrl\":\"https:\\\/\\\/revolutionpadelstore.com\\\/wp-content\\\/uploads\\\/2025\\\/09\\\/120971-pala-nox-at10-genius-attack-12k-alum-xtreme-by-agustin-tapia-1500x1500-1.webp\",\"datePublished\":\"2025-09-25T19:06:14+00:00\",\"dateModified\":\"2026-03-31T22:50:45+00:00\",\"description\":\"Pala Nox AT10 Genius Attack 12K Alum XTREM 2026 dise\u00f1ada por Agust\u00edn Tapia. M\u00e1xima potencia, tecnolog\u00edas avanzadas y materiales premium para jugadores ofensivos. \u00a1C\u00f3mprala al mejor precio en Revolution Padel Store!\",\"breadcrumb\":{\"@id\":\"https:\\\/\\\/revolutionpadelstore.com\\\/de\\\/produkt\\\/nox-at10-genius-attack-12k-alum-xtrem-by-agustin-tapia-2026\\\/#breadcrumb\"},\"inLanguage\":\"de\",\"potentialAction\":[{\"@type\":\"ReadAction\",\"target\":[\"https:\\\/\\\/revolutionpadelstore.com\\\/de\\\/produkt\\\/nox-at10-genius-attack-12k-alum-xtrem-by-agustin-tapia-2026\\\/\"]}]},{\"@type\":\"ImageObject\",\"inLanguage\":\"de\",\"@id\":\"https:\\\/\\\/revolutionpadelstore.com\\\/de\\\/produkt\\\/nox-at10-genius-attack-12k-alum-xtrem-by-agustin-tapia-2026\\\/#primaryimage\",\"url\":\"https:\\\/\\\/revolutionpadelstore.com\\\/wp-content\\\/uploads\\\/2025\\\/09\\\/120971-pala-nox-at10-genius-attack-12k-alum-xtreme-by-agustin-tapia-1500x1500-1.webp\",\"contentUrl\":\"https:\\\/\\\/revolutionpadelstore.com\\\/wp-content\\\/uploads\\\/2025\\\/09\\\/120971-pala-nox-at10-genius-attack-12k-alum-xtreme-by-agustin-tapia-1500x1500-1.webp\",\"width\":1500,\"height\":1500},{\"@type\":\"BreadcrumbList\",\"@id\":\"https:\\\/\\\/revolutionpadelstore.com\\\/de\\\/produkt\\\/nox-at10-genius-attack-12k-alum-xtrem-by-agustin-tapia-2026\\\/#breadcrumb\",\"itemListElement\":[{\"@type\":\"ListItem\",\"position\":1,\"name\":\"Portada\",\"item\":\"https:\\\/\\\/revolutionpadelstore.com\\\/de\\\/\"},{\"@type\":\"ListItem\",\"position\":2,\"name\":\"Shop\",\"item\":\"https:\\\/\\\/revolutionpadelstore.com\\\/de\\\/tienda\\\/\"},{\"@type\":\"ListItem\",\"position\":3,\"name\":\"NOX AT10 GENIUS ATTACK 12K ALUM XTREM BY AGUST\u00cdN TAPIA 2026\"}]},{\"@type\":\"WebSite\",\"@id\":\"https:\\\/\\\/revolutionpadelstore.com\\\/de\\\/#website\",\"url\":\"https:\\\/\\\/revolutionpadelstore.com\\\/de\\\/\",\"name\":\"Revolution Padel Store\",\"description\":\"\",\"publisher\":{\"@id\":\"https:\\\/\\\/revolutionpadelstore.com\\\/de\\\/#organization\"},\"potentialAction\":[{\"@type\":\"SearchAction\",\"target\":{\"@type\":\"EntryPoint\",\"urlTemplate\":\"https:\\\/\\\/revolutionpadelstore.com\\\/de\\\/?s={search_term_string}\"},\"query-input\":{\"@type\":\"PropertyValueSpecification\",\"valueRequired\":true,\"valueName\":\"search_term_string\"}}],\"inLanguage\":\"de\"},{\"@type\":\"Organization\",\"@id\":\"https:\\\/\\\/revolutionpadelstore.com\\\/de\\\/#organization\",\"name\":\"Revolution Padel Store\",\"url\":\"https:\\\/\\\/revolutionpadelstore.com\\\/de\\\/\",\"logo\":{\"@type\":\"ImageObject\",\"inLanguage\":\"de\",\"@id\":\"https:\\\/\\\/revolutionpadelstore.com\\\/de\\\/#\\\/schema\\\/logo\\\/image\\\/\",\"url\":\"https:\\\/\\\/revolutionpadelstore.com\\\/wp-content\\\/uploads\\\/2026\\\/02\\\/revolution-padel-store.jpg\",\"contentUrl\":\"https:\\\/\\\/revolutionpadelstore.com\\\/wp-content\\\/uploads\\\/2026\\\/02\\\/revolution-padel-store.jpg\",\"width\":2000,\"height\":2000,\"caption\":\"Revolution Padel Store\"},\"image\":{\"@id\":\"https:\\\/\\\/revolutionpadelstore.com\\\/de\\\/#\\\/schema\\\/logo\\\/image\\\/\"},\"sameAs\":[\"https:\\\/\\\/www.instagram.com\\\/revolutionpadelstore\\\/\"]}]}<\/script>\n<!-- \/ Yoast SEO plugin. -->","yoast_head_json":{"title":"NOX AT10 GENIUS ATTACK 12K ALUM XTREM BY AGUST\u00cdN TAPIA 2026 - Revolution Padel Store","description":"Pala Nox AT10 Genius Attack 12K Alum XTREM 2026 dise\u00f1ada por Agust\u00edn Tapia. M\u00e1xima potencia, tecnolog\u00edas avanzadas y materiales premium para jugadores ofensivos. \u00a1C\u00f3mprala al mejor precio en Revolution Padel Store!","robots":{"index":"index","follow":"follow","max-snippet":"max-snippet:-1","max-image-preview":"max-image-preview:large","max-video-preview":"max-video-preview:-1"},"canonical":"https:\/\/revolutionpadelstore.com\/de\/produkt\/nox-at10-genius-attack-12k-alum-xtrem-by-agustin-tapia-2026\/","og_locale":"de_DE","og_type":"article","og_title":"NOX AT10 GENIUS ATTACK 12K ALUM XTREM BY AGUST\u00cdN TAPIA 2026 - Revolution Padel Store","og_description":"Pala Nox AT10 Genius Attack 12K Alum XTREM 2026 dise\u00f1ada por Agust\u00edn Tapia. M\u00e1xima potencia, tecnolog\u00edas avanzadas y materiales premium para jugadores ofensivos. \u00a1C\u00f3mprala al mejor precio en Revolution Padel Store!","og_url":"https:\/\/revolutionpadelstore.com\/de\/produkt\/nox-at10-genius-attack-12k-alum-xtrem-by-agustin-tapia-2026\/","og_site_name":"Revolution Padel Store","article_modified_time":"2026-03-31T22:50:45+00:00","og_image":[{"width":1500,"height":1500,"url":"https:\/\/revolutionpadelstore.com\/wp-content\/uploads\/2025\/09\/120971-pala-nox-at10-genius-attack-12k-alum-xtreme-by-agustin-tapia-1500x1500-1.webp","type":"image\/webp"}],"twitter_card":"summary_large_image","twitter_misc":{"Gesch\u00e4tzte Lesezeit":"2\u00a0Minuten"},"schema":{"@context":"https:\/\/schema.org","@graph":[{"@type":"WebPage","@id":"https:\/\/revolutionpadelstore.com\/de\/produkt\/nox-at10-genius-attack-12k-alum-xtrem-by-agustin-tapia-2026\/","url":"https:\/\/revolutionpadelstore.com\/de\/produkt\/nox-at10-genius-attack-12k-alum-xtrem-by-agustin-tapia-2026\/","name":"NOX AT10 GENIUS ATTACK 12K ALUM XTREM BY AGUST\u00cdN TAPIA 2026 - Revolution Padel Store","isPartOf":{"@id":"https:\/\/revolutionpadelstore.com\/de\/#website"},"primaryImageOfPage":{"@id":"https:\/\/revolutionpadelstore.com\/de\/produkt\/nox-at10-genius-attack-12k-alum-xtrem-by-agustin-tapia-2026\/#primaryimage"},"image":{"@id":"https:\/\/revolutionpadelstore.com\/de\/produkt\/nox-at10-genius-attack-12k-alum-xtrem-by-agustin-tapia-2026\/#primaryimage"},"thumbnailUrl":"https:\/\/revolutionpadelstore.com\/wp-content\/uploads\/2025\/09\/120971-pala-nox-at10-genius-attack-12k-alum-xtreme-by-agustin-tapia-1500x1500-1.webp","datePublished":"2025-09-25T19:06:14+00:00","dateModified":"2026-03-31T22:50:45+00:00","description":"Pala Nox AT10 Genius Attack 12K Alum XTREM 2026 dise\u00f1ada por Agust\u00edn Tapia. M\u00e1xima potencia, tecnolog\u00edas avanzadas y materiales premium para jugadores ofensivos. \u00a1C\u00f3mprala al mejor precio en Revolution Padel Store!","breadcrumb":{"@id":"https:\/\/revolutionpadelstore.com\/de\/produkt\/nox-at10-genius-attack-12k-alum-xtrem-by-agustin-tapia-2026\/#breadcrumb"},"inLanguage":"de","potentialAction":[{"@type":"ReadAction","target":["https:\/\/revolutionpadelstore.com\/de\/produkt\/nox-at10-genius-attack-12k-alum-xtrem-by-agustin-tapia-2026\/"]}]},{"@type":"ImageObject","inLanguage":"de","@id":"https:\/\/revolutionpadelstore.com\/de\/produkt\/nox-at10-genius-attack-12k-alum-xtrem-by-agustin-tapia-2026\/#primaryimage","url":"https:\/\/revolutionpadelstore.com\/wp-content\/uploads\/2025\/09\/120971-pala-nox-at10-genius-attack-12k-alum-xtreme-by-agustin-tapia-1500x1500-1.webp","contentUrl":"https:\/\/revolutionpadelstore.com\/wp-content\/uploads\/2025\/09\/120971-pala-nox-at10-genius-attack-12k-alum-xtreme-by-agustin-tapia-1500x1500-1.webp","width":1500,"height":1500},{"@type":"BreadcrumbList","@id":"https:\/\/revolutionpadelstore.com\/de\/produkt\/nox-at10-genius-attack-12k-alum-xtrem-by-agustin-tapia-2026\/#breadcrumb","itemListElement":[{"@type":"ListItem","position":1,"name":"Portada","item":"https:\/\/revolutionpadelstore.com\/de\/"},{"@type":"ListItem","position":2,"name":"Shop","item":"https:\/\/revolutionpadelstore.com\/de\/tienda\/"},{"@type":"ListItem","position":3,"name":"NOX AT10 GENIUS ATTACK 12K ALUM XTREM BY AGUST\u00cdN TAPIA 2026"}]},{"@type":"WebSite","@id":"https:\/\/revolutionpadelstore.com\/de\/#website","url":"https:\/\/revolutionpadelstore.com\/de\/","name":"Revolution Padel Store","description":"","publisher":{"@id":"https:\/\/revolutionpadelstore.com\/de\/#organization"},"potentialAction":[{"@type":"SearchAction","target":{"@type":"EntryPoint","urlTemplate":"https:\/\/revolutionpadelstore.com\/de\/?s={search_term_string}"},"query-input":{"@type":"PropertyValueSpecification","valueRequired":true,"valueName":"search_term_string"}}],"inLanguage":"de"},{"@type":"Organization","@id":"https:\/\/revolutionpadelstore.com\/de\/#organization","name":"Revolution Padel Store","url":"https:\/\/revolutionpadelstore.com\/de\/","logo":{"@type":"ImageObject","inLanguage":"de","@id":"https:\/\/revolutionpadelstore.com\/de\/#\/schema\/logo\/image\/","url":"https:\/\/revolutionpadelstore.com\/wp-content\/uploads\/2026\/02\/revolution-padel-store.jpg","contentUrl":"https:\/\/revolutionpadelstore.com\/wp-content\/uploads\/2026\/02\/revolution-padel-store.jpg","width":2000,"height":2000,"caption":"Revolution Padel Store"},"image":{"@id":"https:\/\/revolutionpadelstore.com\/de\/#\/schema\/logo\/image\/"},"sameAs":["https:\/\/www.instagram.com\/revolutionpadelstore\/"]}]}},"_links":{"self":[{"href":"https:\/\/revolutionpadelstore.com\/de\/wp-json\/wp\/v2\/product\/269084","targetHints":{"allow":["GET"]}}],"collection":[{"href":"https:\/\/revolutionpadelstore.com\/de\/wp-json\/wp\/v2\/product"}],"about":[{"href":"https:\/\/revolutionpadelstore.com\/de\/wp-json\/wp\/v2\/types\/product"}],"replies":[{"embeddable":true,"href":"https:\/\/revolutionpadelstore.com\/de\/wp-json\/wp\/v2\/comments?post=269084"}],"wp:featuredmedia":[{"embeddable":true,"href":"https:\/\/revolutionpadelstore.com\/de\/wp-json\/wp\/v2\/media\/269079"}],"wp:attachment":[{"href":"https:\/\/revolutionpadelstore.com\/de\/wp-json\/wp\/v2\/media?parent=269084"}],"wp:term":[{"taxonomy":"acabado","embeddable":true,"href":"https:\/\/revolutionpadelstore.com\/de\/wp-json\/wp\/v2\/acabado?post=269084"},{"taxonomy":"balance","embeddable":true,"href":"https:\/\/revolutionpadelstore.com\/de\/wp-json\/wp\/v2\/balance?post=269084"},{"taxonomy":"dureza","embeddable":true,"href":"https:\/\/revolutionpadelstore.com\/de\/wp-json\/wp\/v2\/dureza?post=269084"},{"taxonomy":"forma","embeddable":true,"href":"https:\/\/revolutionpadelstore.com\/de\/wp-json\/wp\/v2\/forma?post=269084"},{"taxonomy":"jugador","embeddable":true,"href":"https:\/\/revolutionpadelstore.com\/de\/wp-json\/wp\/v2\/jugador?post=269084"},{"taxonomy":"marca","embeddable":true,"href":"https:\/\/revolutionpadelstore.com\/de\/wp-json\/wp\/v2\/marca?post=269084"},{"taxonomy":"nivel-de-juego","embeddable":true,"href":"https:\/\/revolutionpadelstore.com\/de\/wp-json\/wp\/v2\/nivel-de-juego?post=269084"},{"taxonomy":"superficie","embeddable":true,"href":"https:\/\/revolutionpadelstore.com\/de\/wp-json\/wp\/v2\/superficie?post=269084"},{"taxonomy":"tipo-de-juego","embeddable":true,"href":"https:\/\/revolutionpadelstore.com\/de\/wp-json\/wp\/v2\/tipo-de-juego?post=269084"},{"taxonomy":"product_brand","embeddable":true,"href":"https:\/\/revolutionpadelstore.com\/de\/wp-json\/wp\/v2\/product_brand?post=269084"},{"taxonomy":"product_cat","embeddable":true,"href":"https:\/\/revolutionpadelstore.com\/de\/wp-json\/wp\/v2\/product_cat?post=269084"},{"taxonomy":"product_tag","embeddable":true,"href":"https:\/\/revolutionpadelstore.com\/de\/wp-json\/wp\/v2\/product_tag?post=269084"}],"curies":[{"name":"wp","href":"https:\/\/api.w.org\/{rel}","templated":true}]}}