{"id":269006,"date":"2025-09-25T20:52:27","date_gmt":"2025-09-25T18:52:27","guid":{"rendered":"https:\/\/revolutionpadelstore.com\/nox-at10-genius-18k-alum-by-agustin-tapia-2026\/"},"modified":"2026-04-20T02:02:07","modified_gmt":"2026-04-20T00:02:07","slug":"nox-at10-genius-18k-alum-by-agustin-tapia-2026-1","status":"publish","type":"product","link":"https:\/\/revolutionpadelstore.com\/de\/produkt\/nox-at10-genius-18k-alum-by-agustin-tapia-2026-1\/","title":{"rendered":"NOX AT10 GENIUS 18K ALUM BY AGUSTIN TAPIA 2026"},"content":{"rendered":"<h2>Nox AT10 Genius 18K Alum 2026 \u2013 Pr\u00e4zision und Leistung im Dienste des Profispielers<\/h2>\n<p>Entdecken Sie den neuen <strong>Nox AT10 Genius 18K Alum 2026<\/strong>, den offiziellen Padelschl\u00e4ger von <strong>Agust\u00edn Tapia<\/strong>, der das vielseitige Spiel neu definiert. In Tropfenform gestaltet und mit den neuesten technologischen Innovationen von NOX ausgestattet, bietet dieser Schl\u00e4ger ein perfektes Gleichgewicht zwischen Kraft und Kontrolle, ideal f\u00fcr <strong>fortgeschrittene und professionelle Spieler<\/strong>, die in jedem Punkt maximale Leistung und Individualisierung suchen.<\/p>\n<p>Mit einem Gewicht zwischen <strong>360 und 375 Gramm<\/strong> und einem <strong>38 mm<\/strong> Profil bietet dieser Padelschl\u00e4ger ein au\u00dfergew\u00f6hnliches Handling ohne Einbu\u00dfen bei der Stabilit\u00e4t. Seine Oberfl\u00e4che mit <strong>Dual Spin<\/strong>-Finish, das sandgestrahlte Textur und 3D-Rauheit kombiniert, vervielfacht die Erzeugung von Effekten, w\u00e4hrend seine reaktive photochrome Farbe ihm ein modernes und auff\u00e4lliges Design auf dem Platz verleiht.<\/p>\n<h2>Professionelle Leistung f\u00fcr anspruchsvolle Gamer<\/h2>\n<p>Der <strong>AT10 Genius 18K Alum 2026<\/strong> zeichnet sich durch sein mittleres Spielgef\u00fchl aus und bietet eine effektive Ballausgabe in der Verteidigung und explosive Kraft im Angriff. Dank des <strong>Weight Balance<\/strong>-Systems k\u00f6nnen Sie die Balance des Schl\u00e4gers mit austauschbaren Gegengewichten (2 g und 4 g) anpassen und so Ihren Spielstil an jede Situation anpassen.<\/p>\n<p>Es ist die definitive Wahl f\u00fcr Spieler, die Vielseitigkeit, Innovation und avantgardistisches Design suchen.<\/p>\n<h2>Technologien und vorgestellte Funktionen<\/h2>\n<p><strong>-Carbon 18K Alum<\/strong>: aluminisierte Carbonfasern f\u00fcr l\u00e4ngere Haltbarkeit und ein angenehmes Tragegef\u00fchl.<\/p>\n<p><strong>-MLD Black EVA<\/strong>: Mehrschichtiger Kern, der die Ballausgabe optimiert und f\u00fcr zus\u00e4tzliche Power sorgt.<\/p>\n<p><strong>-Weight Balance System<\/strong>: Passen Sie die Balance an Ihre offensiven oder defensiven Bed\u00fcrfnisse an.<\/p>\n<p><strong>-Carbon-Rahmen<\/strong>: Rahmen aus 100 % Carbon f\u00fcr maximale Steifigkeit und Widerstandsf\u00e4higkeit.<\/p>\n<p><strong>-Dual Spin<\/strong>: 3D-Oberfl\u00e4che mit rauer Textur und Quarzsand f\u00fcr hervorragende Effekte.<\/p>\n<p><strong>-EOS Tunnel<\/strong>: seitliches Perforationssystem, das Aerodynamik und Pr\u00e4zision verbessert.<\/p>\n<p><strong>-Oversize Grip<\/strong>: verl\u00e4ngerter Griff f\u00fcr besseren Halt, ideal f\u00fcr zwei H\u00e4nde oder gro\u00dfe H\u00e4nde.<\/p>\n<p><strong>-Pulse System<\/strong>: Vibrationsd\u00e4mpfung dank strategischer Seitengummis.<\/p>\n<p><strong>-Custom Grip<\/strong>: exklusive NOX-zertifizierte Technologie, die Griffigkeit und Komfort verbessert.<\/p>\n<p><strong>-Smartstrap<\/strong>: austauschbare Sicherheitsschnur, die Hygiene und individuelle Anpassung verbessert.<\/p>\n<p><strong>-Photochrome Farbe<\/strong>: reaktive Farbe, die sich je nach Lichteinfall ver\u00e4ndert und f\u00fcr eine einzigartige \u00c4sthetik sorgt.<\/p>\n<h2>Experten- und Spielermeinung<\/h2>\n<p>Der AT10 Genius 18K Alum-Schl\u00e4ger wurde in direkter Zusammenarbeit mit <strong>Agust\u00edn Tapia<\/strong> entwickelt, was ein professionelles Erlebnis bei jedem Schlag garantiert. Seine Kombination aus Kontrolle, Kraft und exklusivem Design macht ihn zu einem der <strong>besten Padelschl\u00e4ger des Jahres 2026<\/strong> f\u00fcr Spieler, die sich nicht mit dem Gew\u00f6hnlichen zufrieden geben.<\/p>\n<h2>Warum den AT10 Genius 18K Alum 2026 kaufen?<\/h2>\n<p>-Ideal f\u00fcr professionelle und fortgeschrittene Spieler<\/p>\n<p>-Exklusive NOX-Technologie f\u00fcr Leistung und Anpassung<\/p>\n<p>-Auff\u00e4lliges und modernes Design mit fotoreaktivem Lack<\/p>\n<p>-Balance-Anpassung an Ihren Spielstil<\/p>\n<p>-Hervorragende Balance zwischen Kraft, Kontrolle und Spin<\/p>\n<h2>Erh\u00e4ltlich in unserem Online-Shop<\/h2>\n<p>Kaufen Sie den <strong>Nox AT10 Genius 18K Alum 2026<\/strong> jetzt unter <a href=\"https:\/\/www.revolutionpadelstore.com\/\">www.revolutionpadelstore.com<\/a>, wahrscheinlich <strong>zum besten Preis auf dem Markt<\/strong>. Verpassen Sie nicht die Gelegenheit, Agust\u00edn Tapias Schl\u00e4ger mit modernster Technologie auf den Platz zu bringen.<\/p>\n<h2>Nox AT10 Genius 18K Alum 2026 \u2013 Precisi\u00f3n y potencia al servicio del jugador profesional<\/h2>\n","protected":false},"excerpt":{"rendered":"<p>Kaufen Sie den offiziellen Agust\u00edn Tapia 2026-Schl\u00e4ger und spielen Sie in jeder Spielsituation selbstbewusst<\/p>\n","protected":false},"featured_media":269001,"comment_status":"open","ping_status":"closed","template":"","meta":{"_acf_changed":false,"_joinchat":[]},"acabado":[1094,1084],"balance":[1134,1139],"dureza":[1154],"forma":[1184],"jugador":[1189],"marca":[1259],"nivel-de-juego":[1334,1344],"superficie":[1359],"tipo-de-juego":[1384],"product_brand":[],"product_cat":[299],"product_tag":[],"class_list":{"0":"post-269006","1":"product","2":"type-product","3":"status-publish","4":"has-post-thumbnail","6":"acabado-arenoso-de","7":"acabado-kumpel","8":"balance-hoch","9":"balance-mittel","10":"dureza-media-de","11":"forma-lagrima-de","12":"jugador-mann","13":"marca-nox-de","14":"superficie-rugosa-de","15":"tipo-de-juego-mehrzweck","16":"product_cat-palas-de-padel-de","18":"first","19":"instock","20":"sale","21":"taxable","22":"shipping-taxable","23":"purchasable","24":"product-type-simple"},"acf":[],"yoast_head":"<!-- This site is optimized with the Yoast SEO plugin v27.4 - https:\/\/yoast.com\/product\/yoast-seo-wordpress\/ -->\n<title>NOX AT10 GENIUS 18K ALUM BY AGUSTIN TAPIA 2026 - Revolution Padel Store<\/title>\n<meta name=\"description\" content=\"Descubre la nueva pala Nox AT10 Genius 18K Alum 2026, ideal para jugadores avanzados y profesionales. Potencia, control y personalizaci\u00f3n en un dise\u00f1o exclusivo. \u00a1Disponible ya en www.revolutionpadelstore.com!\" \/>\n<meta name=\"robots\" content=\"index, follow, max-snippet:-1, max-image-preview:large, max-video-preview:-1\" \/>\n<link rel=\"canonical\" href=\"https:\/\/revolutionpadelstore.com\/de\/produkt\/nox-at10-genius-18k-alum-by-agustin-tapia-2026-1\/\" \/>\n<meta property=\"og:locale\" content=\"de_DE\" \/>\n<meta property=\"og:type\" content=\"article\" \/>\n<meta property=\"og:title\" content=\"NOX AT10 GENIUS 18K ALUM BY AGUSTIN TAPIA 2026 - Revolution Padel Store\" \/>\n<meta property=\"og:description\" content=\"Descubre la nueva pala Nox AT10 Genius 18K Alum 2026, ideal para jugadores avanzados y profesionales. Potencia, control y personalizaci\u00f3n en un dise\u00f1o exclusivo. \u00a1Disponible ya en www.revolutionpadelstore.com!\" \/>\n<meta property=\"og:url\" content=\"https:\/\/revolutionpadelstore.com\/de\/produkt\/nox-at10-genius-18k-alum-by-agustin-tapia-2026-1\/\" \/>\n<meta property=\"og:site_name\" content=\"Revolution Padel Store\" \/>\n<meta property=\"article:modified_time\" content=\"2026-04-20T00:02:07+00:00\" \/>\n<meta property=\"og:image\" content=\"https:\/\/revolutionpadelstore.com\/wp-content\/uploads\/2025\/09\/120970-pala-nox-at10-genius-18k-alumby-agustin-tapia-1500x1500-1.webp\" \/>\n\t<meta property=\"og:image:width\" content=\"1500\" \/>\n\t<meta property=\"og:image:height\" content=\"1500\" \/>\n\t<meta property=\"og:image:type\" content=\"image\/webp\" \/>\n<meta name=\"twitter:card\" content=\"summary_large_image\" \/>\n<meta name=\"twitter:label1\" content=\"Gesch\u00e4tzte Lesezeit\" \/>\n\t<meta name=\"twitter:data1\" content=\"3\u00a0Minuten\" \/>\n<script type=\"application\/ld+json\" class=\"yoast-schema-graph\">{\"@context\":\"https:\\\/\\\/schema.org\",\"@graph\":[{\"@type\":\"WebPage\",\"@id\":\"https:\\\/\\\/revolutionpadelstore.com\\\/de\\\/produkt\\\/nox-at10-genius-18k-alum-by-agustin-tapia-2026-1\\\/\",\"url\":\"https:\\\/\\\/revolutionpadelstore.com\\\/de\\\/produkt\\\/nox-at10-genius-18k-alum-by-agustin-tapia-2026-1\\\/\",\"name\":\"NOX AT10 GENIUS 18K ALUM BY AGUSTIN TAPIA 2026 - Revolution Padel Store\",\"isPartOf\":{\"@id\":\"https:\\\/\\\/revolutionpadelstore.com\\\/de\\\/#website\"},\"primaryImageOfPage\":{\"@id\":\"https:\\\/\\\/revolutionpadelstore.com\\\/de\\\/produkt\\\/nox-at10-genius-18k-alum-by-agustin-tapia-2026-1\\\/#primaryimage\"},\"image\":{\"@id\":\"https:\\\/\\\/revolutionpadelstore.com\\\/de\\\/produkt\\\/nox-at10-genius-18k-alum-by-agustin-tapia-2026-1\\\/#primaryimage\"},\"thumbnailUrl\":\"https:\\\/\\\/revolutionpadelstore.com\\\/wp-content\\\/uploads\\\/2025\\\/09\\\/120970-pala-nox-at10-genius-18k-alumby-agustin-tapia-1500x1500-1.webp\",\"datePublished\":\"2025-09-25T18:52:27+00:00\",\"dateModified\":\"2026-04-20T00:02:07+00:00\",\"description\":\"Descubre la nueva pala Nox AT10 Genius 18K Alum 2026, ideal para jugadores avanzados y profesionales. Potencia, control y personalizaci\u00f3n en un dise\u00f1o exclusivo. \u00a1Disponible ya en www.revolutionpadelstore.com!\",\"breadcrumb\":{\"@id\":\"https:\\\/\\\/revolutionpadelstore.com\\\/de\\\/produkt\\\/nox-at10-genius-18k-alum-by-agustin-tapia-2026-1\\\/#breadcrumb\"},\"inLanguage\":\"de\",\"potentialAction\":[{\"@type\":\"ReadAction\",\"target\":[\"https:\\\/\\\/revolutionpadelstore.com\\\/de\\\/produkt\\\/nox-at10-genius-18k-alum-by-agustin-tapia-2026-1\\\/\"]}]},{\"@type\":\"ImageObject\",\"inLanguage\":\"de\",\"@id\":\"https:\\\/\\\/revolutionpadelstore.com\\\/de\\\/produkt\\\/nox-at10-genius-18k-alum-by-agustin-tapia-2026-1\\\/#primaryimage\",\"url\":\"https:\\\/\\\/revolutionpadelstore.com\\\/wp-content\\\/uploads\\\/2025\\\/09\\\/120970-pala-nox-at10-genius-18k-alumby-agustin-tapia-1500x1500-1.webp\",\"contentUrl\":\"https:\\\/\\\/revolutionpadelstore.com\\\/wp-content\\\/uploads\\\/2025\\\/09\\\/120970-pala-nox-at10-genius-18k-alumby-agustin-tapia-1500x1500-1.webp\",\"width\":1500,\"height\":1500},{\"@type\":\"BreadcrumbList\",\"@id\":\"https:\\\/\\\/revolutionpadelstore.com\\\/de\\\/produkt\\\/nox-at10-genius-18k-alum-by-agustin-tapia-2026-1\\\/#breadcrumb\",\"itemListElement\":[{\"@type\":\"ListItem\",\"position\":1,\"name\":\"Portada\",\"item\":\"https:\\\/\\\/revolutionpadelstore.com\\\/de\\\/\"},{\"@type\":\"ListItem\",\"position\":2,\"name\":\"Shop\",\"item\":\"https:\\\/\\\/revolutionpadelstore.com\\\/de\\\/tienda\\\/\"},{\"@type\":\"ListItem\",\"position\":3,\"name\":\"NOX AT10 GENIUS 18K ALUM BY AGUSTIN TAPIA 2026\"}]},{\"@type\":\"WebSite\",\"@id\":\"https:\\\/\\\/revolutionpadelstore.com\\\/de\\\/#website\",\"url\":\"https:\\\/\\\/revolutionpadelstore.com\\\/de\\\/\",\"name\":\"Revolution Padel Store\",\"description\":\"\",\"publisher\":{\"@id\":\"https:\\\/\\\/revolutionpadelstore.com\\\/de\\\/#organization\"},\"potentialAction\":[{\"@type\":\"SearchAction\",\"target\":{\"@type\":\"EntryPoint\",\"urlTemplate\":\"https:\\\/\\\/revolutionpadelstore.com\\\/de\\\/?s={search_term_string}\"},\"query-input\":{\"@type\":\"PropertyValueSpecification\",\"valueRequired\":true,\"valueName\":\"search_term_string\"}}],\"inLanguage\":\"de\"},{\"@type\":\"Organization\",\"@id\":\"https:\\\/\\\/revolutionpadelstore.com\\\/de\\\/#organization\",\"name\":\"Revolution Padel Store\",\"url\":\"https:\\\/\\\/revolutionpadelstore.com\\\/de\\\/\",\"logo\":{\"@type\":\"ImageObject\",\"inLanguage\":\"de\",\"@id\":\"https:\\\/\\\/revolutionpadelstore.com\\\/de\\\/#\\\/schema\\\/logo\\\/image\\\/\",\"url\":\"https:\\\/\\\/revolutionpadelstore.com\\\/wp-content\\\/uploads\\\/2026\\\/02\\\/revolution-padel-store.jpg\",\"contentUrl\":\"https:\\\/\\\/revolutionpadelstore.com\\\/wp-content\\\/uploads\\\/2026\\\/02\\\/revolution-padel-store.jpg\",\"width\":2000,\"height\":2000,\"caption\":\"Revolution Padel Store\"},\"image\":{\"@id\":\"https:\\\/\\\/revolutionpadelstore.com\\\/de\\\/#\\\/schema\\\/logo\\\/image\\\/\"},\"sameAs\":[\"https:\\\/\\\/www.instagram.com\\\/revolutionpadelstore\\\/\"]}]}<\/script>\n<!-- \/ Yoast SEO plugin. -->","yoast_head_json":{"title":"NOX AT10 GENIUS 18K ALUM BY AGUSTIN TAPIA 2026 - Revolution Padel Store","description":"Descubre la nueva pala Nox AT10 Genius 18K Alum 2026, ideal para jugadores avanzados y profesionales. Potencia, control y personalizaci\u00f3n en un dise\u00f1o exclusivo. \u00a1Disponible ya en www.revolutionpadelstore.com!","robots":{"index":"index","follow":"follow","max-snippet":"max-snippet:-1","max-image-preview":"max-image-preview:large","max-video-preview":"max-video-preview:-1"},"canonical":"https:\/\/revolutionpadelstore.com\/de\/produkt\/nox-at10-genius-18k-alum-by-agustin-tapia-2026-1\/","og_locale":"de_DE","og_type":"article","og_title":"NOX AT10 GENIUS 18K ALUM BY AGUSTIN TAPIA 2026 - Revolution Padel Store","og_description":"Descubre la nueva pala Nox AT10 Genius 18K Alum 2026, ideal para jugadores avanzados y profesionales. Potencia, control y personalizaci\u00f3n en un dise\u00f1o exclusivo. \u00a1Disponible ya en www.revolutionpadelstore.com!","og_url":"https:\/\/revolutionpadelstore.com\/de\/produkt\/nox-at10-genius-18k-alum-by-agustin-tapia-2026-1\/","og_site_name":"Revolution Padel Store","article_modified_time":"2026-04-20T00:02:07+00:00","og_image":[{"width":1500,"height":1500,"url":"https:\/\/revolutionpadelstore.com\/wp-content\/uploads\/2025\/09\/120970-pala-nox-at10-genius-18k-alumby-agustin-tapia-1500x1500-1.webp","type":"image\/webp"}],"twitter_card":"summary_large_image","twitter_misc":{"Gesch\u00e4tzte Lesezeit":"3\u00a0Minuten"},"schema":{"@context":"https:\/\/schema.org","@graph":[{"@type":"WebPage","@id":"https:\/\/revolutionpadelstore.com\/de\/produkt\/nox-at10-genius-18k-alum-by-agustin-tapia-2026-1\/","url":"https:\/\/revolutionpadelstore.com\/de\/produkt\/nox-at10-genius-18k-alum-by-agustin-tapia-2026-1\/","name":"NOX AT10 GENIUS 18K ALUM BY AGUSTIN TAPIA 2026 - Revolution Padel Store","isPartOf":{"@id":"https:\/\/revolutionpadelstore.com\/de\/#website"},"primaryImageOfPage":{"@id":"https:\/\/revolutionpadelstore.com\/de\/produkt\/nox-at10-genius-18k-alum-by-agustin-tapia-2026-1\/#primaryimage"},"image":{"@id":"https:\/\/revolutionpadelstore.com\/de\/produkt\/nox-at10-genius-18k-alum-by-agustin-tapia-2026-1\/#primaryimage"},"thumbnailUrl":"https:\/\/revolutionpadelstore.com\/wp-content\/uploads\/2025\/09\/120970-pala-nox-at10-genius-18k-alumby-agustin-tapia-1500x1500-1.webp","datePublished":"2025-09-25T18:52:27+00:00","dateModified":"2026-04-20T00:02:07+00:00","description":"Descubre la nueva pala Nox AT10 Genius 18K Alum 2026, ideal para jugadores avanzados y profesionales. Potencia, control y personalizaci\u00f3n en un dise\u00f1o exclusivo. \u00a1Disponible ya en www.revolutionpadelstore.com!","breadcrumb":{"@id":"https:\/\/revolutionpadelstore.com\/de\/produkt\/nox-at10-genius-18k-alum-by-agustin-tapia-2026-1\/#breadcrumb"},"inLanguage":"de","potentialAction":[{"@type":"ReadAction","target":["https:\/\/revolutionpadelstore.com\/de\/produkt\/nox-at10-genius-18k-alum-by-agustin-tapia-2026-1\/"]}]},{"@type":"ImageObject","inLanguage":"de","@id":"https:\/\/revolutionpadelstore.com\/de\/produkt\/nox-at10-genius-18k-alum-by-agustin-tapia-2026-1\/#primaryimage","url":"https:\/\/revolutionpadelstore.com\/wp-content\/uploads\/2025\/09\/120970-pala-nox-at10-genius-18k-alumby-agustin-tapia-1500x1500-1.webp","contentUrl":"https:\/\/revolutionpadelstore.com\/wp-content\/uploads\/2025\/09\/120970-pala-nox-at10-genius-18k-alumby-agustin-tapia-1500x1500-1.webp","width":1500,"height":1500},{"@type":"BreadcrumbList","@id":"https:\/\/revolutionpadelstore.com\/de\/produkt\/nox-at10-genius-18k-alum-by-agustin-tapia-2026-1\/#breadcrumb","itemListElement":[{"@type":"ListItem","position":1,"name":"Portada","item":"https:\/\/revolutionpadelstore.com\/de\/"},{"@type":"ListItem","position":2,"name":"Shop","item":"https:\/\/revolutionpadelstore.com\/de\/tienda\/"},{"@type":"ListItem","position":3,"name":"NOX AT10 GENIUS 18K ALUM BY AGUSTIN TAPIA 2026"}]},{"@type":"WebSite","@id":"https:\/\/revolutionpadelstore.com\/de\/#website","url":"https:\/\/revolutionpadelstore.com\/de\/","name":"Revolution Padel Store","description":"","publisher":{"@id":"https:\/\/revolutionpadelstore.com\/de\/#organization"},"potentialAction":[{"@type":"SearchAction","target":{"@type":"EntryPoint","urlTemplate":"https:\/\/revolutionpadelstore.com\/de\/?s={search_term_string}"},"query-input":{"@type":"PropertyValueSpecification","valueRequired":true,"valueName":"search_term_string"}}],"inLanguage":"de"},{"@type":"Organization","@id":"https:\/\/revolutionpadelstore.com\/de\/#organization","name":"Revolution Padel Store","url":"https:\/\/revolutionpadelstore.com\/de\/","logo":{"@type":"ImageObject","inLanguage":"de","@id":"https:\/\/revolutionpadelstore.com\/de\/#\/schema\/logo\/image\/","url":"https:\/\/revolutionpadelstore.com\/wp-content\/uploads\/2026\/02\/revolution-padel-store.jpg","contentUrl":"https:\/\/revolutionpadelstore.com\/wp-content\/uploads\/2026\/02\/revolution-padel-store.jpg","width":2000,"height":2000,"caption":"Revolution Padel Store"},"image":{"@id":"https:\/\/revolutionpadelstore.com\/de\/#\/schema\/logo\/image\/"},"sameAs":["https:\/\/www.instagram.com\/revolutionpadelstore\/"]}]}},"_links":{"self":[{"href":"https:\/\/revolutionpadelstore.com\/de\/wp-json\/wp\/v2\/product\/269006","targetHints":{"allow":["GET"]}}],"collection":[{"href":"https:\/\/revolutionpadelstore.com\/de\/wp-json\/wp\/v2\/product"}],"about":[{"href":"https:\/\/revolutionpadelstore.com\/de\/wp-json\/wp\/v2\/types\/product"}],"replies":[{"embeddable":true,"href":"https:\/\/revolutionpadelstore.com\/de\/wp-json\/wp\/v2\/comments?post=269006"}],"wp:featuredmedia":[{"embeddable":true,"href":"https:\/\/revolutionpadelstore.com\/de\/wp-json\/wp\/v2\/media\/269001"}],"wp:attachment":[{"href":"https:\/\/revolutionpadelstore.com\/de\/wp-json\/wp\/v2\/media?parent=269006"}],"wp:term":[{"taxonomy":"acabado","embeddable":true,"href":"https:\/\/revolutionpadelstore.com\/de\/wp-json\/wp\/v2\/acabado?post=269006"},{"taxonomy":"balance","embeddable":true,"href":"https:\/\/revolutionpadelstore.com\/de\/wp-json\/wp\/v2\/balance?post=269006"},{"taxonomy":"dureza","embeddable":true,"href":"https:\/\/revolutionpadelstore.com\/de\/wp-json\/wp\/v2\/dureza?post=269006"},{"taxonomy":"forma","embeddable":true,"href":"https:\/\/revolutionpadelstore.com\/de\/wp-json\/wp\/v2\/forma?post=269006"},{"taxonomy":"jugador","embeddable":true,"href":"https:\/\/revolutionpadelstore.com\/de\/wp-json\/wp\/v2\/jugador?post=269006"},{"taxonomy":"marca","embeddable":true,"href":"https:\/\/revolutionpadelstore.com\/de\/wp-json\/wp\/v2\/marca?post=269006"},{"taxonomy":"nivel-de-juego","embeddable":true,"href":"https:\/\/revolutionpadelstore.com\/de\/wp-json\/wp\/v2\/nivel-de-juego?post=269006"},{"taxonomy":"superficie","embeddable":true,"href":"https:\/\/revolutionpadelstore.com\/de\/wp-json\/wp\/v2\/superficie?post=269006"},{"taxonomy":"tipo-de-juego","embeddable":true,"href":"https:\/\/revolutionpadelstore.com\/de\/wp-json\/wp\/v2\/tipo-de-juego?post=269006"},{"taxonomy":"product_brand","embeddable":true,"href":"https:\/\/revolutionpadelstore.com\/de\/wp-json\/wp\/v2\/product_brand?post=269006"},{"taxonomy":"product_cat","embeddable":true,"href":"https:\/\/revolutionpadelstore.com\/de\/wp-json\/wp\/v2\/product_cat?post=269006"},{"taxonomy":"product_tag","embeddable":true,"href":"https:\/\/revolutionpadelstore.com\/de\/wp-json\/wp\/v2\/product_tag?post=269006"}],"curies":[{"name":"wp","href":"https:\/\/api.w.org\/{rel}","templated":true}]}}