{"id":268934,"date":"2025-09-25T20:39:03","date_gmt":"2025-09-25T18:39:03","guid":{"rendered":"https:\/\/revolutionpadelstore.com\/nox-at10-genius-12k-alum-xtrem-by-agustin-tapia-2026\/"},"modified":"2026-04-21T02:01:42","modified_gmt":"2026-04-21T00:01:42","slug":"nox-at10-genius-12k-alum-xtrem-by-agustin-tapia-2026-1","status":"publish","type":"product","link":"https:\/\/revolutionpadelstore.com\/de\/produkt\/nox-at10-genius-12k-alum-xtrem-by-agustin-tapia-2026-1\/","title":{"rendered":"NOX AT10 GENIUS 12K ALUM XTREM BY AGUSTIN TAPIA 2026"},"content":{"rendered":"<h2>Nox AT10 Genius 12K Alum Xtrem von Agust\u00edn Tapia 2026 \u2013 Hochleistungs-Vielseitigkeit f\u00fcr anspruchsvolle Spieler<\/h2>\n<p>Entdecken Sie den <strong>Nox AT10 Genius 12K Alum. Mit einer Tropfenform und einem mittelharten Schlaggef\u00fchl passt sich dieser vielseitige Schl\u00e4ger perfekt an jeden Spielstil an.<\/p>\n<h2>Hochwertige Konstruktion f\u00fcr maximale Leistung<\/h2>\n<p><strong>-12K Alum Xtrem Carbon<\/strong>: Neue Carbonfaser mit einer Aluminiumschicht, die f\u00fcr \u00fcberlegene Steifigkeit, gr\u00f6\u00dfere Stabilit\u00e4t und hervorragende Haltbarkeit bei extremen Temperaturschwankungen sorgt.<\/p>\n<p><strong>-HR3 Schwarzer EVA-Gummi<\/strong>: Kern mit hoher Dichte, der die Kraft bei aggressiven Schl\u00e4gen verbessert und eine hervorragende Kontrolle in der Verteidigung beh\u00e4lt.<\/p>\n<p><strong>-Gewicht von 360\u2013375 g und 38 mm Profil<\/strong>: perfekte Balance zwischen Handlichkeit, Kraft und totaler Kontrolle.<\/p>\n<h2>Personalisierte Technologie, um den Platz zu dominieren<\/h2>\n<p><strong>Weight Balance<\/strong>: System aus austauschbaren Gegengewichten, um die Balance an Ihre Spielvorlieben anzupassen.<\/p>\n<p><strong>Dual Spin<\/strong>: Oberfl\u00e4che mit gemischter rauer Oberfl\u00e4che, die die Spinerzeugung bei jedem Schlag verbessert.<\/p>\n<p><strong>EOS Tunnel<\/strong>: Aerodynamisches Design, das die Bewegungsgeschwindigkeit und Pr\u00e4zision erh\u00f6ht.<\/p>\n<p><strong>Pulse System<\/strong>: Antivibrationstechnologie, die die Auswirkungen jedes Schlags reduziert und so f\u00fcr mehr Komfort sorgt.<\/p>\n<p><strong>Custom Grip &amp; SmartStrap\u00ae<\/strong>: verbesserter Halt und austauschbare Sicherheitsschnur, hygienisch und einfach auszutauschen.<\/p>\n<p><strong>Photochromer Lack<\/strong>: Lichtreaktiver Lack, der ihm auf der Rennstrecke eine moderne und beeindruckende \u00c4sthetik verleiht.<\/p>\n<h2>F\u00fcr wen ist diese Schaufel?<\/h2>\n<p>Ideal f\u00fcr Spieler auf <strong>fortgeschrittenem oder professionellem<\/strong> Niveau, die ein <strong>vielseitiges<\/strong> Modell mit zus\u00e4tzlicher Leistung suchen, ohne dabei in jedem Punkt auf <strong>Pr\u00e4zision<\/strong> verzichten zu m\u00fcssen. Sein Design erm\u00f6glicht eine hervorragende Leistung sowohl in der Verteidigung als auch bei aggressiven Angriffen.<\/p>\n<h2> Vorteile des AT10 Genius 12K Alum Xtrem 2026<\/h2>\n<p>-Professionelle Leistung best\u00e4tigt durch Agust\u00edn Tapia.<\/p>\n<p>-Tolle Anpassungsf\u00e4higkeit dank des Weight Balance-Systems.<\/p>\n<p>-Widerstandsf\u00e4higkeit gegen\u00fcber thermischen Ver\u00e4nderungen.<\/p>\n<p>-Exklusives Design mit erstklassiger Verarbeitung.<\/p>\n<p>-Maximaler Komfort beim Schlagen durch Antivibrationstechnologien.<\/p>\n<h2>Holen Sie sich noch heute die offizielle Tapia-Schaufel!<\/h2>\n<p>Der <strong>Nox AT10 Genius 12K Alum Xtrem 2026<\/strong> ist einer der <strong>besten professionellen Padelschl\u00e4ger<\/strong> auf dem Markt. Wenn Sie auf der Suche nach einem leistungsstarken, pr\u00e4zisen und widerstandsf\u00e4higen Schl\u00e4ger mit modernster Technologie und einzigartigem Design sind, ist dies die beste Wahl. Ab sofort in unserem Online-Shop <strong><a href=\"https:\/\/www.revolutionpadelstore.com\/\">www.revolutionpadelstore.com<\/a><\/strong> erh\u00e4ltlich, wahrscheinlich zum besten Preis auf dem Markt.<\/p>\n<h2>Nox AT10 Genius 12K Alum Xtrem By Agust\u00edn Tapia 2026- Polivalencia de alto rendimiento para jugadores exigentes<\/h2>\n","protected":false},"excerpt":{"rendered":"<p>Erleben Sie maximale Leistung mit dem offiziellen Agust\u00edn Tapia-Schl\u00e4ger, der eine Tropfenform und 12K Alum Xtrem-Carbon kombiniert, um Ihnen Vielseitigkeit bei jedem Schlag zu bieten.<\/p>\n","protected":false},"featured_media":268929,"comment_status":"open","ping_status":"closed","template":"","meta":{"_acf_changed":false,"_joinchat":[]},"acabado":[1094,1084],"balance":[1134,1139],"dureza":[1159,1154],"forma":[1184],"jugador":[1189],"marca":[1259],"nivel-de-juego":[1334,1344],"superficie":[1359],"tipo-de-juego":[1384],"product_brand":[],"product_cat":[299],"product_tag":[],"class_list":{"0":"post-268934","1":"product","2":"type-product","3":"status-publish","4":"has-post-thumbnail","6":"acabado-arenoso-de","7":"acabado-kumpel","8":"balance-hoch","9":"balance-mittel","10":"dureza-dura-de","11":"dureza-media-de","12":"forma-lagrima-de","13":"jugador-mann","14":"marca-nox-de","15":"superficie-rugosa-de","16":"tipo-de-juego-mehrzweck","17":"product_cat-palas-de-padel-de","19":"first","20":"instock","21":"sale","22":"taxable","23":"shipping-taxable","24":"purchasable","25":"product-type-simple"},"acf":[],"yoast_head":"<!-- This site is optimized with the Yoast SEO plugin v27.4 - https:\/\/yoast.com\/product\/yoast-seo-wordpress\/ -->\n<title>NOX AT10 GENIUS 12K ALUM XTREM BY AGUSTIN TAPIA 2026 - Revolution Padel Store<\/title>\n<meta name=\"description\" content=\"Descubre la Nox AT10 Genius 12K Alum Xtrem 2026, la pala oficial de Agust\u00edn Tapia. Potencia, control y personalizaci\u00f3n total para jugadores profesionales. \u00a1Compra ahora en Revolution Padel Store!\" \/>\n<meta name=\"robots\" content=\"index, follow, max-snippet:-1, max-image-preview:large, max-video-preview:-1\" \/>\n<link rel=\"canonical\" href=\"https:\/\/revolutionpadelstore.com\/de\/produkt\/nox-at10-genius-12k-alum-xtrem-by-agustin-tapia-2026-1\/\" \/>\n<meta property=\"og:locale\" content=\"de_DE\" \/>\n<meta property=\"og:type\" content=\"article\" \/>\n<meta property=\"og:title\" content=\"NOX AT10 GENIUS 12K ALUM XTREM BY AGUSTIN TAPIA 2026 - Revolution Padel Store\" \/>\n<meta property=\"og:description\" content=\"Descubre la Nox AT10 Genius 12K Alum Xtrem 2026, la pala oficial de Agust\u00edn Tapia. Potencia, control y personalizaci\u00f3n total para jugadores profesionales. \u00a1Compra ahora en Revolution Padel Store!\" \/>\n<meta property=\"og:url\" content=\"https:\/\/revolutionpadelstore.com\/de\/produkt\/nox-at10-genius-12k-alum-xtrem-by-agustin-tapia-2026-1\/\" \/>\n<meta property=\"og:site_name\" content=\"Revolution Padel Store\" \/>\n<meta property=\"article:modified_time\" content=\"2026-04-21T00:01:42+00:00\" \/>\n<meta property=\"og:image\" content=\"https:\/\/revolutionpadelstore.com\/wp-content\/uploads\/2025\/09\/120968-pala-nox-at10-genius-12k-alum-xtreme-by-agustin-tapia-1500x1500-1.webp\" \/>\n\t<meta property=\"og:image:width\" content=\"1500\" \/>\n\t<meta property=\"og:image:height\" content=\"1500\" \/>\n\t<meta property=\"og:image:type\" content=\"image\/webp\" \/>\n<meta name=\"twitter:card\" content=\"summary_large_image\" \/>\n<meta name=\"twitter:label1\" content=\"Gesch\u00e4tzte Lesezeit\" \/>\n\t<meta name=\"twitter:data1\" content=\"2\u00a0Minuten\" \/>\n<script type=\"application\/ld+json\" class=\"yoast-schema-graph\">{\"@context\":\"https:\\\/\\\/schema.org\",\"@graph\":[{\"@type\":\"WebPage\",\"@id\":\"https:\\\/\\\/revolutionpadelstore.com\\\/de\\\/produkt\\\/nox-at10-genius-12k-alum-xtrem-by-agustin-tapia-2026-1\\\/\",\"url\":\"https:\\\/\\\/revolutionpadelstore.com\\\/de\\\/produkt\\\/nox-at10-genius-12k-alum-xtrem-by-agustin-tapia-2026-1\\\/\",\"name\":\"NOX AT10 GENIUS 12K ALUM XTREM BY AGUSTIN TAPIA 2026 - Revolution Padel Store\",\"isPartOf\":{\"@id\":\"https:\\\/\\\/revolutionpadelstore.com\\\/de\\\/#website\"},\"primaryImageOfPage\":{\"@id\":\"https:\\\/\\\/revolutionpadelstore.com\\\/de\\\/produkt\\\/nox-at10-genius-12k-alum-xtrem-by-agustin-tapia-2026-1\\\/#primaryimage\"},\"image\":{\"@id\":\"https:\\\/\\\/revolutionpadelstore.com\\\/de\\\/produkt\\\/nox-at10-genius-12k-alum-xtrem-by-agustin-tapia-2026-1\\\/#primaryimage\"},\"thumbnailUrl\":\"https:\\\/\\\/revolutionpadelstore.com\\\/wp-content\\\/uploads\\\/2025\\\/09\\\/120968-pala-nox-at10-genius-12k-alum-xtreme-by-agustin-tapia-1500x1500-1.webp\",\"datePublished\":\"2025-09-25T18:39:03+00:00\",\"dateModified\":\"2026-04-21T00:01:42+00:00\",\"description\":\"Descubre la Nox AT10 Genius 12K Alum Xtrem 2026, la pala oficial de Agust\u00edn Tapia. Potencia, control y personalizaci\u00f3n total para jugadores profesionales. \u00a1Compra ahora en Revolution Padel Store!\",\"breadcrumb\":{\"@id\":\"https:\\\/\\\/revolutionpadelstore.com\\\/de\\\/produkt\\\/nox-at10-genius-12k-alum-xtrem-by-agustin-tapia-2026-1\\\/#breadcrumb\"},\"inLanguage\":\"de\",\"potentialAction\":[{\"@type\":\"ReadAction\",\"target\":[\"https:\\\/\\\/revolutionpadelstore.com\\\/de\\\/produkt\\\/nox-at10-genius-12k-alum-xtrem-by-agustin-tapia-2026-1\\\/\"]}]},{\"@type\":\"ImageObject\",\"inLanguage\":\"de\",\"@id\":\"https:\\\/\\\/revolutionpadelstore.com\\\/de\\\/produkt\\\/nox-at10-genius-12k-alum-xtrem-by-agustin-tapia-2026-1\\\/#primaryimage\",\"url\":\"https:\\\/\\\/revolutionpadelstore.com\\\/wp-content\\\/uploads\\\/2025\\\/09\\\/120968-pala-nox-at10-genius-12k-alum-xtreme-by-agustin-tapia-1500x1500-1.webp\",\"contentUrl\":\"https:\\\/\\\/revolutionpadelstore.com\\\/wp-content\\\/uploads\\\/2025\\\/09\\\/120968-pala-nox-at10-genius-12k-alum-xtreme-by-agustin-tapia-1500x1500-1.webp\",\"width\":1500,\"height\":1500},{\"@type\":\"BreadcrumbList\",\"@id\":\"https:\\\/\\\/revolutionpadelstore.com\\\/de\\\/produkt\\\/nox-at10-genius-12k-alum-xtrem-by-agustin-tapia-2026-1\\\/#breadcrumb\",\"itemListElement\":[{\"@type\":\"ListItem\",\"position\":1,\"name\":\"Portada\",\"item\":\"https:\\\/\\\/revolutionpadelstore.com\\\/de\\\/\"},{\"@type\":\"ListItem\",\"position\":2,\"name\":\"Shop\",\"item\":\"https:\\\/\\\/revolutionpadelstore.com\\\/de\\\/tienda\\\/\"},{\"@type\":\"ListItem\",\"position\":3,\"name\":\"NOX AT10 GENIUS 12K ALUM XTREM BY AGUSTIN TAPIA 2026\"}]},{\"@type\":\"WebSite\",\"@id\":\"https:\\\/\\\/revolutionpadelstore.com\\\/de\\\/#website\",\"url\":\"https:\\\/\\\/revolutionpadelstore.com\\\/de\\\/\",\"name\":\"Revolution Padel Store\",\"description\":\"\",\"publisher\":{\"@id\":\"https:\\\/\\\/revolutionpadelstore.com\\\/de\\\/#organization\"},\"potentialAction\":[{\"@type\":\"SearchAction\",\"target\":{\"@type\":\"EntryPoint\",\"urlTemplate\":\"https:\\\/\\\/revolutionpadelstore.com\\\/de\\\/?s={search_term_string}\"},\"query-input\":{\"@type\":\"PropertyValueSpecification\",\"valueRequired\":true,\"valueName\":\"search_term_string\"}}],\"inLanguage\":\"de\"},{\"@type\":\"Organization\",\"@id\":\"https:\\\/\\\/revolutionpadelstore.com\\\/de\\\/#organization\",\"name\":\"Revolution Padel Store\",\"url\":\"https:\\\/\\\/revolutionpadelstore.com\\\/de\\\/\",\"logo\":{\"@type\":\"ImageObject\",\"inLanguage\":\"de\",\"@id\":\"https:\\\/\\\/revolutionpadelstore.com\\\/de\\\/#\\\/schema\\\/logo\\\/image\\\/\",\"url\":\"https:\\\/\\\/revolutionpadelstore.com\\\/wp-content\\\/uploads\\\/2026\\\/02\\\/revolution-padel-store.jpg\",\"contentUrl\":\"https:\\\/\\\/revolutionpadelstore.com\\\/wp-content\\\/uploads\\\/2026\\\/02\\\/revolution-padel-store.jpg\",\"width\":2000,\"height\":2000,\"caption\":\"Revolution Padel Store\"},\"image\":{\"@id\":\"https:\\\/\\\/revolutionpadelstore.com\\\/de\\\/#\\\/schema\\\/logo\\\/image\\\/\"},\"sameAs\":[\"https:\\\/\\\/www.instagram.com\\\/revolutionpadelstore\\\/\"]}]}<\/script>\n<!-- \/ Yoast SEO plugin. -->","yoast_head_json":{"title":"NOX AT10 GENIUS 12K ALUM XTREM BY AGUSTIN TAPIA 2026 - Revolution Padel Store","description":"Descubre la Nox AT10 Genius 12K Alum Xtrem 2026, la pala oficial de Agust\u00edn Tapia. Potencia, control y personalizaci\u00f3n total para jugadores profesionales. \u00a1Compra ahora en Revolution Padel Store!","robots":{"index":"index","follow":"follow","max-snippet":"max-snippet:-1","max-image-preview":"max-image-preview:large","max-video-preview":"max-video-preview:-1"},"canonical":"https:\/\/revolutionpadelstore.com\/de\/produkt\/nox-at10-genius-12k-alum-xtrem-by-agustin-tapia-2026-1\/","og_locale":"de_DE","og_type":"article","og_title":"NOX AT10 GENIUS 12K ALUM XTREM BY AGUSTIN TAPIA 2026 - Revolution Padel Store","og_description":"Descubre la Nox AT10 Genius 12K Alum Xtrem 2026, la pala oficial de Agust\u00edn Tapia. Potencia, control y personalizaci\u00f3n total para jugadores profesionales. \u00a1Compra ahora en Revolution Padel Store!","og_url":"https:\/\/revolutionpadelstore.com\/de\/produkt\/nox-at10-genius-12k-alum-xtrem-by-agustin-tapia-2026-1\/","og_site_name":"Revolution Padel Store","article_modified_time":"2026-04-21T00:01:42+00:00","og_image":[{"width":1500,"height":1500,"url":"https:\/\/revolutionpadelstore.com\/wp-content\/uploads\/2025\/09\/120968-pala-nox-at10-genius-12k-alum-xtreme-by-agustin-tapia-1500x1500-1.webp","type":"image\/webp"}],"twitter_card":"summary_large_image","twitter_misc":{"Gesch\u00e4tzte Lesezeit":"2\u00a0Minuten"},"schema":{"@context":"https:\/\/schema.org","@graph":[{"@type":"WebPage","@id":"https:\/\/revolutionpadelstore.com\/de\/produkt\/nox-at10-genius-12k-alum-xtrem-by-agustin-tapia-2026-1\/","url":"https:\/\/revolutionpadelstore.com\/de\/produkt\/nox-at10-genius-12k-alum-xtrem-by-agustin-tapia-2026-1\/","name":"NOX AT10 GENIUS 12K ALUM XTREM BY AGUSTIN TAPIA 2026 - Revolution Padel Store","isPartOf":{"@id":"https:\/\/revolutionpadelstore.com\/de\/#website"},"primaryImageOfPage":{"@id":"https:\/\/revolutionpadelstore.com\/de\/produkt\/nox-at10-genius-12k-alum-xtrem-by-agustin-tapia-2026-1\/#primaryimage"},"image":{"@id":"https:\/\/revolutionpadelstore.com\/de\/produkt\/nox-at10-genius-12k-alum-xtrem-by-agustin-tapia-2026-1\/#primaryimage"},"thumbnailUrl":"https:\/\/revolutionpadelstore.com\/wp-content\/uploads\/2025\/09\/120968-pala-nox-at10-genius-12k-alum-xtreme-by-agustin-tapia-1500x1500-1.webp","datePublished":"2025-09-25T18:39:03+00:00","dateModified":"2026-04-21T00:01:42+00:00","description":"Descubre la Nox AT10 Genius 12K Alum Xtrem 2026, la pala oficial de Agust\u00edn Tapia. Potencia, control y personalizaci\u00f3n total para jugadores profesionales. \u00a1Compra ahora en Revolution Padel Store!","breadcrumb":{"@id":"https:\/\/revolutionpadelstore.com\/de\/produkt\/nox-at10-genius-12k-alum-xtrem-by-agustin-tapia-2026-1\/#breadcrumb"},"inLanguage":"de","potentialAction":[{"@type":"ReadAction","target":["https:\/\/revolutionpadelstore.com\/de\/produkt\/nox-at10-genius-12k-alum-xtrem-by-agustin-tapia-2026-1\/"]}]},{"@type":"ImageObject","inLanguage":"de","@id":"https:\/\/revolutionpadelstore.com\/de\/produkt\/nox-at10-genius-12k-alum-xtrem-by-agustin-tapia-2026-1\/#primaryimage","url":"https:\/\/revolutionpadelstore.com\/wp-content\/uploads\/2025\/09\/120968-pala-nox-at10-genius-12k-alum-xtreme-by-agustin-tapia-1500x1500-1.webp","contentUrl":"https:\/\/revolutionpadelstore.com\/wp-content\/uploads\/2025\/09\/120968-pala-nox-at10-genius-12k-alum-xtreme-by-agustin-tapia-1500x1500-1.webp","width":1500,"height":1500},{"@type":"BreadcrumbList","@id":"https:\/\/revolutionpadelstore.com\/de\/produkt\/nox-at10-genius-12k-alum-xtrem-by-agustin-tapia-2026-1\/#breadcrumb","itemListElement":[{"@type":"ListItem","position":1,"name":"Portada","item":"https:\/\/revolutionpadelstore.com\/de\/"},{"@type":"ListItem","position":2,"name":"Shop","item":"https:\/\/revolutionpadelstore.com\/de\/tienda\/"},{"@type":"ListItem","position":3,"name":"NOX AT10 GENIUS 12K ALUM XTREM BY AGUSTIN TAPIA 2026"}]},{"@type":"WebSite","@id":"https:\/\/revolutionpadelstore.com\/de\/#website","url":"https:\/\/revolutionpadelstore.com\/de\/","name":"Revolution Padel Store","description":"","publisher":{"@id":"https:\/\/revolutionpadelstore.com\/de\/#organization"},"potentialAction":[{"@type":"SearchAction","target":{"@type":"EntryPoint","urlTemplate":"https:\/\/revolutionpadelstore.com\/de\/?s={search_term_string}"},"query-input":{"@type":"PropertyValueSpecification","valueRequired":true,"valueName":"search_term_string"}}],"inLanguage":"de"},{"@type":"Organization","@id":"https:\/\/revolutionpadelstore.com\/de\/#organization","name":"Revolution Padel Store","url":"https:\/\/revolutionpadelstore.com\/de\/","logo":{"@type":"ImageObject","inLanguage":"de","@id":"https:\/\/revolutionpadelstore.com\/de\/#\/schema\/logo\/image\/","url":"https:\/\/revolutionpadelstore.com\/wp-content\/uploads\/2026\/02\/revolution-padel-store.jpg","contentUrl":"https:\/\/revolutionpadelstore.com\/wp-content\/uploads\/2026\/02\/revolution-padel-store.jpg","width":2000,"height":2000,"caption":"Revolution Padel Store"},"image":{"@id":"https:\/\/revolutionpadelstore.com\/de\/#\/schema\/logo\/image\/"},"sameAs":["https:\/\/www.instagram.com\/revolutionpadelstore\/"]}]}},"_links":{"self":[{"href":"https:\/\/revolutionpadelstore.com\/de\/wp-json\/wp\/v2\/product\/268934","targetHints":{"allow":["GET"]}}],"collection":[{"href":"https:\/\/revolutionpadelstore.com\/de\/wp-json\/wp\/v2\/product"}],"about":[{"href":"https:\/\/revolutionpadelstore.com\/de\/wp-json\/wp\/v2\/types\/product"}],"replies":[{"embeddable":true,"href":"https:\/\/revolutionpadelstore.com\/de\/wp-json\/wp\/v2\/comments?post=268934"}],"wp:featuredmedia":[{"embeddable":true,"href":"https:\/\/revolutionpadelstore.com\/de\/wp-json\/wp\/v2\/media\/268929"}],"wp:attachment":[{"href":"https:\/\/revolutionpadelstore.com\/de\/wp-json\/wp\/v2\/media?parent=268934"}],"wp:term":[{"taxonomy":"acabado","embeddable":true,"href":"https:\/\/revolutionpadelstore.com\/de\/wp-json\/wp\/v2\/acabado?post=268934"},{"taxonomy":"balance","embeddable":true,"href":"https:\/\/revolutionpadelstore.com\/de\/wp-json\/wp\/v2\/balance?post=268934"},{"taxonomy":"dureza","embeddable":true,"href":"https:\/\/revolutionpadelstore.com\/de\/wp-json\/wp\/v2\/dureza?post=268934"},{"taxonomy":"forma","embeddable":true,"href":"https:\/\/revolutionpadelstore.com\/de\/wp-json\/wp\/v2\/forma?post=268934"},{"taxonomy":"jugador","embeddable":true,"href":"https:\/\/revolutionpadelstore.com\/de\/wp-json\/wp\/v2\/jugador?post=268934"},{"taxonomy":"marca","embeddable":true,"href":"https:\/\/revolutionpadelstore.com\/de\/wp-json\/wp\/v2\/marca?post=268934"},{"taxonomy":"nivel-de-juego","embeddable":true,"href":"https:\/\/revolutionpadelstore.com\/de\/wp-json\/wp\/v2\/nivel-de-juego?post=268934"},{"taxonomy":"superficie","embeddable":true,"href":"https:\/\/revolutionpadelstore.com\/de\/wp-json\/wp\/v2\/superficie?post=268934"},{"taxonomy":"tipo-de-juego","embeddable":true,"href":"https:\/\/revolutionpadelstore.com\/de\/wp-json\/wp\/v2\/tipo-de-juego?post=268934"},{"taxonomy":"product_brand","embeddable":true,"href":"https:\/\/revolutionpadelstore.com\/de\/wp-json\/wp\/v2\/product_brand?post=268934"},{"taxonomy":"product_cat","embeddable":true,"href":"https:\/\/revolutionpadelstore.com\/de\/wp-json\/wp\/v2\/product_cat?post=268934"},{"taxonomy":"product_tag","embeddable":true,"href":"https:\/\/revolutionpadelstore.com\/de\/wp-json\/wp\/v2\/product_tag?post=268934"}],"curies":[{"name":"wp","href":"https:\/\/api.w.org\/{rel}","templated":true}]}}