{"id":268416,"date":"2025-09-11T16:08:40","date_gmt":"2025-09-11T14:08:40","guid":{"rendered":"https:\/\/revolutionpadelstore.com\/?post_type=product&#038;p=268416"},"modified":"2026-04-10T14:04:54","modified_gmt":"2026-04-10T12:04:54","slug":"joma-slam-lady-2525-beige-1","status":"publish","type":"product","link":"https:\/\/revolutionpadelstore.com\/de\/produkt\/joma-slam-lady-2525-beige-1\/","title":{"rendered":"JOMA SLAM LADY 2525 BEIGE"},"content":{"rendered":"<h2>JOMA SLAM LADY 2525 BEIGE \u2013 Professionelle Leistung, absolute Stabilit\u00e4t<\/h2>\n<p>Diese High-End-Padelschuhe sind f\u00fcr Spieler mit guter Technik konzipiert, die ein h\u00f6heres Ma\u00df an Stabilit\u00e4t, D\u00e4mpfung und Reaktionsf\u00e4higkeit suchen. Sie sind ideal f\u00fcr anspruchsvolles Training und Hochleistungsspiele und wurden von Profispielern wie Vero Virseda getestet, was ihre Qualit\u00e4t und Zuverl\u00e4ssigkeit auf dem Platz garantiert.<\/p>\n<h2>Technische Eigenschaften<\/h2>\n<p>-Atmungsaktives Mesh-Obermaterial mit strategischen Mikroperforationen, die eine konstante Bel\u00fcftung f\u00f6rdern und Ihre F\u00fc\u00dfe auch bei intensiven Spielen k\u00fchl und trocken halten.<\/p>\n<p>-Hei\u00dfversiegelte JOMA SPORTECH-Technologie, die eine pr\u00e4zise und bequeme Passform bietet, ohne das Gewicht des Schuhs zu erh\u00f6hen.<\/p>\n<p>-PROTECTION-System mit Gummiverst\u00e4rkungen an wichtigen Stellen zum Schutz vor Reibung und St\u00f6\u00dfen, ohne die Flexibilit\u00e4t des Schuhwerks zu beeintr\u00e4chtigen.<\/p>\n<p>-DUAL REACTIVE Dual-Density-Zwischensohle:<\/p>\n<p>-\u00dcberlegenes Phylon, das die Energier\u00fcckgabe verbessert.<\/p>\n<p>&#8211; REACTIVE BALL-Unterseite, die eine effektive und weiche D\u00e4mpfung bietet.<\/p>\n<p>-STABILIS-Element im Mittelfu\u00dfbereich, das ein Verdrehen verhindert und f\u00fcr Stabilit\u00e4t bei seitlichen Bewegungen sorgt.<\/p>\n<p>-Omni-Sohle mit DURABILITY-Technologie aus widerstandsf\u00e4higem Gummi mit kleinen kreisf\u00f6rmigen Stollen, die die Traktion verbessern, ein kontrolliertes Gleiten erm\u00f6glichen und die Haltbarkeit auf harten Oberfl\u00e4chen erh\u00f6hen.<\/p>\n<h2>Besondere Vorteile<\/h2>\n<p>-Maximale Stabilit\u00e4t f\u00fcr schnelle Bewegungen und Richtungswechsel.<\/p>\n<p>-Hervorragende Kombination aus D\u00e4mpfung und Reaktivit\u00e4t.<\/p>\n<p>-Leichtigkeit, ohne auf Schutz zu verzichten.<\/p>\n<p>-Entwickelt mit der Validierung professioneller Spieler auf der Rennstrecke.<\/p>\n<p>-Optimierte Leistung f\u00fcr fortgeschrittene oder professionelle Spieler.<\/p>\n<h2>Warum diese Sneaker w\u00e4hlen?<\/h2>\n<p>Wenn Sie eine anspruchsvolle Spielerin sind und auf der Suche nach den besten Padel-Schuhen f\u00fcr Damen sind, ist dieses Modell die perfekte Wahl. Sie bieten Innovation, Komfort und Unterst\u00fctzung an jedem Punkt. Ob f\u00fcr Wettk\u00e4mpfe oder hochintensives Training, diese Schuhe sind darauf ausgelegt, Ihr Spiel auf die n\u00e4chste Stufe zu bringen.<\/p>\n<p>Bestellen Sie noch heute und erleben Sie echte Profileistung auf der Rennstrecke.<\/p>\n<p><strong>Jetzt erh\u00e4ltlich unter <a href=\"http:\/\/www.revolutionpadelstore.com\/\">www.revolutionpadelstore.com<\/a>, wahrscheinlich zum besten Preis auf dem Markt.<\/strong><\/p>\n","protected":false},"excerpt":{"rendered":"<p>Entdecken Sie die Padelschuhe, die Ihr Spiel auf die n\u00e4chste Stufe bringen. Sie wurden f\u00fcr anspruchsvolle Spieler entwickelt, die an jedem Punkt maximale Stabilit\u00e4t, D\u00e4mpfung und Explosivit\u00e4t suchen, und sind der perfekte Verb\u00fcndete f\u00fcr intensives Training und entscheidende Spiele. Unterst\u00fctzt von Elite-Profis wie Vero Virseda bieten sie das Selbstvertrauen, die Qualit\u00e4t und die Leistung, die Sie brauchen, um den Platz zu dominieren.<\/p>\n","protected":false},"featured_media":268440,"comment_status":"open","ping_status":"closed","template":"","meta":{"_acf_changed":false,"_joinchat":[]},"acabado":[],"balance":[],"dureza":[],"forma":[],"jugador":[],"marca":[1224],"nivel-de-juego":[],"superficie":[],"tipo-de-juego":[],"product_brand":[],"product_cat":[453,831],"product_tag":[],"class_list":{"0":"post-268416","1":"product","2":"type-product","3":"status-publish","4":"has-post-thumbnail","6":"marca-joma-de","7":"product_cat-sneakers-fur-damen","8":"product_cat-turnschuhe","10":"first","11":"outofstock","12":"sale","13":"taxable","14":"shipping-taxable","15":"purchasable","16":"product-type-variable"},"acf":[],"yoast_head":"<!-- This site is optimized with the Yoast SEO plugin v27.4 - https:\/\/yoast.com\/product\/yoast-seo-wordpress\/ -->\n<title>JOMA SLAM LADY 2525 BEIGE - Revolution Padel Store<\/title>\n<meta name=\"description\" content=\"Zapatillas de p\u00e1del para mujer profesionales con m\u00e1xima estabilidad, amortiguaci\u00f3n y tecnolog\u00edas avanzadas. Compra online en revolutionpadelstore.com al mejor precio.\" \/>\n<meta name=\"robots\" content=\"index, follow, max-snippet:-1, max-image-preview:large, max-video-preview:-1\" \/>\n<link rel=\"canonical\" href=\"https:\/\/revolutionpadelstore.com\/de\/produkt\/joma-slam-lady-2525-beige-1\/\" \/>\n<meta property=\"og:locale\" content=\"de_DE\" \/>\n<meta property=\"og:type\" content=\"article\" \/>\n<meta property=\"og:title\" content=\"JOMA SLAM LADY 2525 BEIGE - Revolution Padel Store\" \/>\n<meta property=\"og:description\" content=\"Zapatillas de p\u00e1del para mujer profesionales con m\u00e1xima estabilidad, amortiguaci\u00f3n y tecnolog\u00edas avanzadas. Compra online en revolutionpadelstore.com al mejor precio.\" \/>\n<meta property=\"og:url\" content=\"https:\/\/revolutionpadelstore.com\/de\/produkt\/joma-slam-lady-2525-beige-1\/\" \/>\n<meta property=\"og:site_name\" content=\"Revolution Padel Store\" \/>\n<meta property=\"article:modified_time\" content=\"2026-04-10T12:04:54+00:00\" \/>\n<meta property=\"og:image\" content=\"https:\/\/revolutionpadelstore.com\/wp-content\/uploads\/2025\/09\/FOTO-PALAS-32.png\" \/>\n\t<meta property=\"og:image:width\" content=\"1500\" \/>\n\t<meta property=\"og:image:height\" content=\"1500\" \/>\n\t<meta property=\"og:image:type\" content=\"image\/png\" \/>\n<meta name=\"twitter:card\" content=\"summary_large_image\" \/>\n<meta name=\"twitter:label1\" content=\"Gesch\u00e4tzte Lesezeit\" \/>\n\t<meta name=\"twitter:data1\" content=\"2\u00a0Minuten\" \/>\n<script type=\"application\/ld+json\" class=\"yoast-schema-graph\">{\"@context\":\"https:\\\/\\\/schema.org\",\"@graph\":[{\"@type\":\"WebPage\",\"@id\":\"https:\\\/\\\/revolutionpadelstore.com\\\/de\\\/produkt\\\/joma-slam-lady-2525-beige-1\\\/\",\"url\":\"https:\\\/\\\/revolutionpadelstore.com\\\/de\\\/produkt\\\/joma-slam-lady-2525-beige-1\\\/\",\"name\":\"JOMA SLAM LADY 2525 BEIGE - Revolution Padel Store\",\"isPartOf\":{\"@id\":\"https:\\\/\\\/revolutionpadelstore.com\\\/de\\\/#website\"},\"primaryImageOfPage\":{\"@id\":\"https:\\\/\\\/revolutionpadelstore.com\\\/de\\\/produkt\\\/joma-slam-lady-2525-beige-1\\\/#primaryimage\"},\"image\":{\"@id\":\"https:\\\/\\\/revolutionpadelstore.com\\\/de\\\/produkt\\\/joma-slam-lady-2525-beige-1\\\/#primaryimage\"},\"thumbnailUrl\":\"https:\\\/\\\/revolutionpadelstore.com\\\/wp-content\\\/uploads\\\/2025\\\/09\\\/FOTO-PALAS-32.png\",\"datePublished\":\"2025-09-11T14:08:40+00:00\",\"dateModified\":\"2026-04-10T12:04:54+00:00\",\"description\":\"Zapatillas de p\u00e1del para mujer profesionales con m\u00e1xima estabilidad, amortiguaci\u00f3n y tecnolog\u00edas avanzadas. Compra online en revolutionpadelstore.com al mejor precio.\",\"breadcrumb\":{\"@id\":\"https:\\\/\\\/revolutionpadelstore.com\\\/de\\\/produkt\\\/joma-slam-lady-2525-beige-1\\\/#breadcrumb\"},\"inLanguage\":\"de\",\"potentialAction\":[{\"@type\":\"ReadAction\",\"target\":[\"https:\\\/\\\/revolutionpadelstore.com\\\/de\\\/produkt\\\/joma-slam-lady-2525-beige-1\\\/\"]}]},{\"@type\":\"ImageObject\",\"inLanguage\":\"de\",\"@id\":\"https:\\\/\\\/revolutionpadelstore.com\\\/de\\\/produkt\\\/joma-slam-lady-2525-beige-1\\\/#primaryimage\",\"url\":\"https:\\\/\\\/revolutionpadelstore.com\\\/wp-content\\\/uploads\\\/2025\\\/09\\\/FOTO-PALAS-32.png\",\"contentUrl\":\"https:\\\/\\\/revolutionpadelstore.com\\\/wp-content\\\/uploads\\\/2025\\\/09\\\/FOTO-PALAS-32.png\",\"width\":1500,\"height\":1500},{\"@type\":\"BreadcrumbList\",\"@id\":\"https:\\\/\\\/revolutionpadelstore.com\\\/de\\\/produkt\\\/joma-slam-lady-2525-beige-1\\\/#breadcrumb\",\"itemListElement\":[{\"@type\":\"ListItem\",\"position\":1,\"name\":\"Portada\",\"item\":\"https:\\\/\\\/revolutionpadelstore.com\\\/de\\\/\"},{\"@type\":\"ListItem\",\"position\":2,\"name\":\"Shop\",\"item\":\"https:\\\/\\\/revolutionpadelstore.com\\\/de\\\/tienda\\\/\"},{\"@type\":\"ListItem\",\"position\":3,\"name\":\"JOMA SLAM LADY 2525 BEIGE\"}]},{\"@type\":\"WebSite\",\"@id\":\"https:\\\/\\\/revolutionpadelstore.com\\\/de\\\/#website\",\"url\":\"https:\\\/\\\/revolutionpadelstore.com\\\/de\\\/\",\"name\":\"Revolution Padel Store\",\"description\":\"\",\"publisher\":{\"@id\":\"https:\\\/\\\/revolutionpadelstore.com\\\/de\\\/#organization\"},\"potentialAction\":[{\"@type\":\"SearchAction\",\"target\":{\"@type\":\"EntryPoint\",\"urlTemplate\":\"https:\\\/\\\/revolutionpadelstore.com\\\/de\\\/?s={search_term_string}\"},\"query-input\":{\"@type\":\"PropertyValueSpecification\",\"valueRequired\":true,\"valueName\":\"search_term_string\"}}],\"inLanguage\":\"de\"},{\"@type\":\"Organization\",\"@id\":\"https:\\\/\\\/revolutionpadelstore.com\\\/de\\\/#organization\",\"name\":\"Revolution Padel Store\",\"url\":\"https:\\\/\\\/revolutionpadelstore.com\\\/de\\\/\",\"logo\":{\"@type\":\"ImageObject\",\"inLanguage\":\"de\",\"@id\":\"https:\\\/\\\/revolutionpadelstore.com\\\/de\\\/#\\\/schema\\\/logo\\\/image\\\/\",\"url\":\"https:\\\/\\\/revolutionpadelstore.com\\\/wp-content\\\/uploads\\\/2026\\\/02\\\/revolution-padel-store.jpg\",\"contentUrl\":\"https:\\\/\\\/revolutionpadelstore.com\\\/wp-content\\\/uploads\\\/2026\\\/02\\\/revolution-padel-store.jpg\",\"width\":2000,\"height\":2000,\"caption\":\"Revolution Padel Store\"},\"image\":{\"@id\":\"https:\\\/\\\/revolutionpadelstore.com\\\/de\\\/#\\\/schema\\\/logo\\\/image\\\/\"},\"sameAs\":[\"https:\\\/\\\/www.instagram.com\\\/revolutionpadelstore\\\/\"]}]}<\/script>\n<!-- \/ Yoast SEO plugin. -->","yoast_head_json":{"title":"JOMA SLAM LADY 2525 BEIGE - Revolution Padel Store","description":"Zapatillas de p\u00e1del para mujer profesionales con m\u00e1xima estabilidad, amortiguaci\u00f3n y tecnolog\u00edas avanzadas. Compra online en revolutionpadelstore.com al mejor precio.","robots":{"index":"index","follow":"follow","max-snippet":"max-snippet:-1","max-image-preview":"max-image-preview:large","max-video-preview":"max-video-preview:-1"},"canonical":"https:\/\/revolutionpadelstore.com\/de\/produkt\/joma-slam-lady-2525-beige-1\/","og_locale":"de_DE","og_type":"article","og_title":"JOMA SLAM LADY 2525 BEIGE - Revolution Padel Store","og_description":"Zapatillas de p\u00e1del para mujer profesionales con m\u00e1xima estabilidad, amortiguaci\u00f3n y tecnolog\u00edas avanzadas. Compra online en revolutionpadelstore.com al mejor precio.","og_url":"https:\/\/revolutionpadelstore.com\/de\/produkt\/joma-slam-lady-2525-beige-1\/","og_site_name":"Revolution Padel Store","article_modified_time":"2026-04-10T12:04:54+00:00","og_image":[{"width":1500,"height":1500,"url":"https:\/\/revolutionpadelstore.com\/wp-content\/uploads\/2025\/09\/FOTO-PALAS-32.png","type":"image\/png"}],"twitter_card":"summary_large_image","twitter_misc":{"Gesch\u00e4tzte Lesezeit":"2\u00a0Minuten"},"schema":{"@context":"https:\/\/schema.org","@graph":[{"@type":"WebPage","@id":"https:\/\/revolutionpadelstore.com\/de\/produkt\/joma-slam-lady-2525-beige-1\/","url":"https:\/\/revolutionpadelstore.com\/de\/produkt\/joma-slam-lady-2525-beige-1\/","name":"JOMA SLAM LADY 2525 BEIGE - Revolution Padel Store","isPartOf":{"@id":"https:\/\/revolutionpadelstore.com\/de\/#website"},"primaryImageOfPage":{"@id":"https:\/\/revolutionpadelstore.com\/de\/produkt\/joma-slam-lady-2525-beige-1\/#primaryimage"},"image":{"@id":"https:\/\/revolutionpadelstore.com\/de\/produkt\/joma-slam-lady-2525-beige-1\/#primaryimage"},"thumbnailUrl":"https:\/\/revolutionpadelstore.com\/wp-content\/uploads\/2025\/09\/FOTO-PALAS-32.png","datePublished":"2025-09-11T14:08:40+00:00","dateModified":"2026-04-10T12:04:54+00:00","description":"Zapatillas de p\u00e1del para mujer profesionales con m\u00e1xima estabilidad, amortiguaci\u00f3n y tecnolog\u00edas avanzadas. Compra online en revolutionpadelstore.com al mejor precio.","breadcrumb":{"@id":"https:\/\/revolutionpadelstore.com\/de\/produkt\/joma-slam-lady-2525-beige-1\/#breadcrumb"},"inLanguage":"de","potentialAction":[{"@type":"ReadAction","target":["https:\/\/revolutionpadelstore.com\/de\/produkt\/joma-slam-lady-2525-beige-1\/"]}]},{"@type":"ImageObject","inLanguage":"de","@id":"https:\/\/revolutionpadelstore.com\/de\/produkt\/joma-slam-lady-2525-beige-1\/#primaryimage","url":"https:\/\/revolutionpadelstore.com\/wp-content\/uploads\/2025\/09\/FOTO-PALAS-32.png","contentUrl":"https:\/\/revolutionpadelstore.com\/wp-content\/uploads\/2025\/09\/FOTO-PALAS-32.png","width":1500,"height":1500},{"@type":"BreadcrumbList","@id":"https:\/\/revolutionpadelstore.com\/de\/produkt\/joma-slam-lady-2525-beige-1\/#breadcrumb","itemListElement":[{"@type":"ListItem","position":1,"name":"Portada","item":"https:\/\/revolutionpadelstore.com\/de\/"},{"@type":"ListItem","position":2,"name":"Shop","item":"https:\/\/revolutionpadelstore.com\/de\/tienda\/"},{"@type":"ListItem","position":3,"name":"JOMA SLAM LADY 2525 BEIGE"}]},{"@type":"WebSite","@id":"https:\/\/revolutionpadelstore.com\/de\/#website","url":"https:\/\/revolutionpadelstore.com\/de\/","name":"Revolution Padel Store","description":"","publisher":{"@id":"https:\/\/revolutionpadelstore.com\/de\/#organization"},"potentialAction":[{"@type":"SearchAction","target":{"@type":"EntryPoint","urlTemplate":"https:\/\/revolutionpadelstore.com\/de\/?s={search_term_string}"},"query-input":{"@type":"PropertyValueSpecification","valueRequired":true,"valueName":"search_term_string"}}],"inLanguage":"de"},{"@type":"Organization","@id":"https:\/\/revolutionpadelstore.com\/de\/#organization","name":"Revolution Padel Store","url":"https:\/\/revolutionpadelstore.com\/de\/","logo":{"@type":"ImageObject","inLanguage":"de","@id":"https:\/\/revolutionpadelstore.com\/de\/#\/schema\/logo\/image\/","url":"https:\/\/revolutionpadelstore.com\/wp-content\/uploads\/2026\/02\/revolution-padel-store.jpg","contentUrl":"https:\/\/revolutionpadelstore.com\/wp-content\/uploads\/2026\/02\/revolution-padel-store.jpg","width":2000,"height":2000,"caption":"Revolution Padel Store"},"image":{"@id":"https:\/\/revolutionpadelstore.com\/de\/#\/schema\/logo\/image\/"},"sameAs":["https:\/\/www.instagram.com\/revolutionpadelstore\/"]}]}},"_links":{"self":[{"href":"https:\/\/revolutionpadelstore.com\/de\/wp-json\/wp\/v2\/product\/268416","targetHints":{"allow":["GET"]}}],"collection":[{"href":"https:\/\/revolutionpadelstore.com\/de\/wp-json\/wp\/v2\/product"}],"about":[{"href":"https:\/\/revolutionpadelstore.com\/de\/wp-json\/wp\/v2\/types\/product"}],"replies":[{"embeddable":true,"href":"https:\/\/revolutionpadelstore.com\/de\/wp-json\/wp\/v2\/comments?post=268416"}],"wp:featuredmedia":[{"embeddable":true,"href":"https:\/\/revolutionpadelstore.com\/de\/wp-json\/wp\/v2\/media\/268440"}],"wp:attachment":[{"href":"https:\/\/revolutionpadelstore.com\/de\/wp-json\/wp\/v2\/media?parent=268416"}],"wp:term":[{"taxonomy":"acabado","embeddable":true,"href":"https:\/\/revolutionpadelstore.com\/de\/wp-json\/wp\/v2\/acabado?post=268416"},{"taxonomy":"balance","embeddable":true,"href":"https:\/\/revolutionpadelstore.com\/de\/wp-json\/wp\/v2\/balance?post=268416"},{"taxonomy":"dureza","embeddable":true,"href":"https:\/\/revolutionpadelstore.com\/de\/wp-json\/wp\/v2\/dureza?post=268416"},{"taxonomy":"forma","embeddable":true,"href":"https:\/\/revolutionpadelstore.com\/de\/wp-json\/wp\/v2\/forma?post=268416"},{"taxonomy":"jugador","embeddable":true,"href":"https:\/\/revolutionpadelstore.com\/de\/wp-json\/wp\/v2\/jugador?post=268416"},{"taxonomy":"marca","embeddable":true,"href":"https:\/\/revolutionpadelstore.com\/de\/wp-json\/wp\/v2\/marca?post=268416"},{"taxonomy":"nivel-de-juego","embeddable":true,"href":"https:\/\/revolutionpadelstore.com\/de\/wp-json\/wp\/v2\/nivel-de-juego?post=268416"},{"taxonomy":"superficie","embeddable":true,"href":"https:\/\/revolutionpadelstore.com\/de\/wp-json\/wp\/v2\/superficie?post=268416"},{"taxonomy":"tipo-de-juego","embeddable":true,"href":"https:\/\/revolutionpadelstore.com\/de\/wp-json\/wp\/v2\/tipo-de-juego?post=268416"},{"taxonomy":"product_brand","embeddable":true,"href":"https:\/\/revolutionpadelstore.com\/de\/wp-json\/wp\/v2\/product_brand?post=268416"},{"taxonomy":"product_cat","embeddable":true,"href":"https:\/\/revolutionpadelstore.com\/de\/wp-json\/wp\/v2\/product_cat?post=268416"},{"taxonomy":"product_tag","embeddable":true,"href":"https:\/\/revolutionpadelstore.com\/de\/wp-json\/wp\/v2\/product_tag?post=268416"}],"curies":[{"name":"wp","href":"https:\/\/api.w.org\/{rel}","templated":true}]}}