{"id":268108,"date":"2025-08-25T17:18:13","date_gmt":"2025-08-25T15:18:13","guid":{"rendered":"https:\/\/revolutionpadelstore.com\/bullpadel-flow-legend\/"},"modified":"2026-04-15T14:02:06","modified_gmt":"2026-04-15T12:02:06","slug":"bullpadel-flow-legend-1","status":"publish","type":"product","link":"https:\/\/revolutionpadelstore.com\/de\/produkt\/bullpadel-flow-legend-1\/","title":{"rendered":"BULLPADEL FLOW LEGEND"},"content":{"rendered":"<h2>Bullpadel Flow Legend Woman \u2013 Alejandra Salazars Schl\u00e4ger dominiert jeden Punkt<\/h2>\n<p>Der <strong>Bullpadel Flow Legend Woman<\/strong> ist ein leistungsstarker Padelschl\u00e4ger, der vom Spiel von <strong>Alejandra Salazar<\/strong> inspiriert wurde und ideal f\u00fcr Spieler ist, die eine perfekte Kombination aus <strong>Kraft und Kontrolle<\/strong> suchen.<\/p>\n<p>Mit seiner <strong>Diamant<\/strong>-Form und <strong>hohen Balance<\/strong> ist dieser Schl\u00e4ger f\u00fcr einen <strong>offensiven<\/strong> Stil konzipiert, der es Ihnen erm\u00f6glicht, die Kontrolle \u00fcber das Netz zu \u00fcbernehmen und Schl\u00e4ge mit Pr\u00e4zision und Autorit\u00e4t auszuf\u00fchren. Sein geringes Gewicht (350-360 Gramm) erm\u00f6glicht ein agiles Handling, ohne bei jedem Schlag Kraft einzub\u00fc\u00dfen.<\/p>\n<p>Dank der <strong>rauen 3D-K\u00f6rnung<\/strong> k\u00f6nnen Sie Effekte einfacher drucken und so sowohl Angriffs- als auch Verteidigungsspiele optimieren. Sein Design und seine Technologien machen ihn zu einem professionellen Schl\u00e4ger, der sich den Anforderungen des modernen Padel anpasst.<\/p>\n<h2>Flow Legend: f\u00fcr aggressive Spieler, die mehr wollen<\/h2>\n<p>Mit einem mittleren Schlaggef\u00fchl und einer vielseitigen Struktur passt sich der <strong>Flow Legend Woman<\/strong> leicht an fortgeschrittene Spieler an, die nach <strong>extra Power suchen, ohne auf Kontrolle zu verzichten<\/strong>. Es ist perfekt f\u00fcr diejenigen, die zus\u00e4tzliche Sicherheit und Vertrauen bei jeder Aktion auf dem Platz w\u00fcnschen.<\/p>\n<h2>Hervorgehobene technische Eigenschaften<\/h2>\n<p><strong>-Diamantform und hohe Balance<\/strong>: Ideal f\u00fcr ein Offensivspiel mit Power im Abschluss.<\/p>\n<p><strong>-Geringes Gewicht (350-360 g):<\/strong> Gr\u00f6\u00dfere Man\u00f6vrierf\u00e4higkeit und Agilit\u00e4t bei jedem Schlag.<\/p>\n<p><strong>-Mittelm\u00e4\u00dfige Ber\u00fchrung<\/strong>: Hervorragende Balance zwischen Kraft und Kontrolle.<\/p>\n<p><strong>-Multieva Core<\/strong>: Doppelte Dichte, die die Ballausgabe in verschiedenen Spielsituationen verbessert.<\/p>\n<p><strong>-Fibrix<\/strong>: Kombination aus Glasfaser und Carbon f\u00fcr eine flexiblere und widerstandsf\u00e4higere Struktur.<\/p>\n<p><strong>-Flowforce<\/strong>: L\u00e4ngsverst\u00e4rkungen, die die Stabilit\u00e4t und Haltbarkeit erh\u00f6hen.<\/p>\n<p><strong>-Vibradrive<\/strong>: Vibrationsabsorptionssystem, das Ihre Gelenke schont.<\/p>\n<p><strong>-Carbontube<\/strong>: Rahmen aus 100 % bidirektionalem Carbon f\u00fcr maximale Leistung und Steifigkeit.<\/p>\n<p><strong>-3D-K\u00f6rnung<\/strong>: Raue Oberfl\u00e4che, die die Wirkung und Pr\u00e4zision Ihrer Schl\u00e4ge erh\u00f6ht.<\/p>\n<h2>Warum sollten Sie sich f\u00fcr die Bullpadel Flow Legend Woman entscheiden?<\/h2>\n<p><strong>-Entwickelt f\u00fcr professionelle und fortgeschrittene Spieler<\/strong><\/p>\n<p><strong>-Ideal f\u00fcr aggressives Spiel ohne Pr\u00e4zisionsverlust<\/strong><\/p>\n<p><strong>-Leicht, stabil und technologisch fortschrittlich<\/strong><\/p>\n<p><strong>-Inspiriert von einer Weltmeisterin wie Alejandra Salazar<\/strong><\/p>\n<h2>Machen Sie es jetzt zu Ihrem!<\/h2>\n<p>Die <strong>Flow Legend Woman<\/strong> ist viel mehr als ein Schl\u00e4ger: Sie ist ein Verb\u00fcndeter in Ihrer Entwicklung als Spielerin. Wenn Sie Ihr Niveau mit einem professionellen, technischen und \u00e4sthetisch beeindruckenden Produkt auf das Maximum bringen m\u00f6chten, ist dies die beste Option.<\/p>\n<p><strong>Jetzt erh\u00e4ltlich in unserem Online-Shop <a href=\"https:\/\/www.revolutionpadelstore.com\/\">www.revolutionpadelstore.com<\/a>, wahrscheinlich zum besten Preis auf dem Markt.<\/strong><\/p>\n","protected":false},"excerpt":{"rendered":"<p>Bringen Sie Ihr Spiel auf die n\u00e4chste Stufe mit Alejandra Salazars rautenf\u00f6rmigem Schl\u00e4ger und Fibrix-Flats mit rauer Oberfl\u00e4che f\u00fcr mehr Wirkung.<\/p>\n","protected":false},"featured_media":268132,"comment_status":"open","ping_status":"closed","template":"","meta":{"_acf_changed":false,"_joinchat":[]},"acabado":[1089],"balance":[1134],"dureza":[1154],"forma":[1169],"jugador":[1194],"marca":[1254],"nivel-de-juego":[1334],"superficie":[1359],"tipo-de-juego":[1374],"product_brand":[],"product_cat":[299],"product_tag":[],"class_list":{"0":"post-268108","1":"product","2":"type-product","3":"status-publish","4":"has-post-thumbnail","6":"acabado-3d-entlasten","7":"balance-hoch","8":"dureza-media-de","9":"forma-diamante-de","10":"jugador-frau","11":"marca-bullpadel-de","12":"superficie-rugosa-de","13":"tipo-de-juego-leistung","14":"product_cat-palas-de-padel-de","16":"first","17":"instock","18":"sale","19":"taxable","20":"shipping-taxable","21":"purchasable","22":"product-type-simple"},"acf":[],"yoast_head":"<!-- This site is optimized with the Yoast SEO plugin v27.4 - https:\/\/yoast.com\/product\/yoast-seo-wordpress\/ -->\n<title>BULLPADEL FLOW LEGEND - Revolution Padel Store<\/title>\n<meta name=\"description\" content=\"Compra la Bullpadel Flow Legend Woman en Revolution Padel Store. Pala profesional, ligera y potente, ideal para jugadoras ofensivas. \u00a1Hazte con la de Alejandra Salazar al mejor precio online!\" \/>\n<meta name=\"robots\" content=\"index, follow, max-snippet:-1, max-image-preview:large, max-video-preview:-1\" \/>\n<link rel=\"canonical\" href=\"https:\/\/revolutionpadelstore.com\/de\/produkt\/bullpadel-flow-legend-1\/\" \/>\n<meta property=\"og:locale\" content=\"de_DE\" \/>\n<meta property=\"og:type\" content=\"article\" \/>\n<meta property=\"og:title\" content=\"BULLPADEL FLOW LEGEND - Revolution Padel Store\" \/>\n<meta property=\"og:description\" content=\"Compra la Bullpadel Flow Legend Woman en Revolution Padel Store. Pala profesional, ligera y potente, ideal para jugadoras ofensivas. \u00a1Hazte con la de Alejandra Salazar al mejor precio online!\" \/>\n<meta property=\"og:url\" content=\"https:\/\/revolutionpadelstore.com\/de\/produkt\/bullpadel-flow-legend-1\/\" \/>\n<meta property=\"og:site_name\" content=\"Revolution Padel Store\" \/>\n<meta property=\"article:modified_time\" content=\"2026-04-15T12:02:06+00:00\" \/>\n<meta property=\"og:image\" content=\"https:\/\/revolutionpadelstore.com\/wp-content\/uploads\/2025\/08\/120891-pala-bullpadel-flow-legend-44405-mujer-1200x1200-1.webp\" \/>\n\t<meta property=\"og:image:width\" content=\"1200\" \/>\n\t<meta property=\"og:image:height\" content=\"1200\" \/>\n\t<meta property=\"og:image:type\" content=\"image\/webp\" \/>\n<meta name=\"twitter:card\" content=\"summary_large_image\" \/>\n<meta name=\"twitter:label1\" content=\"Gesch\u00e4tzte Lesezeit\" \/>\n\t<meta name=\"twitter:data1\" content=\"2\u00a0Minuten\" \/>\n<script type=\"application\/ld+json\" class=\"yoast-schema-graph\">{\"@context\":\"https:\\\/\\\/schema.org\",\"@graph\":[{\"@type\":\"WebPage\",\"@id\":\"https:\\\/\\\/revolutionpadelstore.com\\\/de\\\/produkt\\\/bullpadel-flow-legend-1\\\/\",\"url\":\"https:\\\/\\\/revolutionpadelstore.com\\\/de\\\/produkt\\\/bullpadel-flow-legend-1\\\/\",\"name\":\"BULLPADEL FLOW LEGEND - Revolution Padel Store\",\"isPartOf\":{\"@id\":\"https:\\\/\\\/revolutionpadelstore.com\\\/de\\\/#website\"},\"primaryImageOfPage\":{\"@id\":\"https:\\\/\\\/revolutionpadelstore.com\\\/de\\\/produkt\\\/bullpadel-flow-legend-1\\\/#primaryimage\"},\"image\":{\"@id\":\"https:\\\/\\\/revolutionpadelstore.com\\\/de\\\/produkt\\\/bullpadel-flow-legend-1\\\/#primaryimage\"},\"thumbnailUrl\":\"https:\\\/\\\/revolutionpadelstore.com\\\/wp-content\\\/uploads\\\/2025\\\/08\\\/120891-pala-bullpadel-flow-legend-44405-mujer-1200x1200-1.webp\",\"datePublished\":\"2025-08-25T15:18:13+00:00\",\"dateModified\":\"2026-04-15T12:02:06+00:00\",\"description\":\"Compra la Bullpadel Flow Legend Woman en Revolution Padel Store. Pala profesional, ligera y potente, ideal para jugadoras ofensivas. \u00a1Hazte con la de Alejandra Salazar al mejor precio online!\",\"breadcrumb\":{\"@id\":\"https:\\\/\\\/revolutionpadelstore.com\\\/de\\\/produkt\\\/bullpadel-flow-legend-1\\\/#breadcrumb\"},\"inLanguage\":\"de\",\"potentialAction\":[{\"@type\":\"ReadAction\",\"target\":[\"https:\\\/\\\/revolutionpadelstore.com\\\/de\\\/produkt\\\/bullpadel-flow-legend-1\\\/\"]}]},{\"@type\":\"ImageObject\",\"inLanguage\":\"de\",\"@id\":\"https:\\\/\\\/revolutionpadelstore.com\\\/de\\\/produkt\\\/bullpadel-flow-legend-1\\\/#primaryimage\",\"url\":\"https:\\\/\\\/revolutionpadelstore.com\\\/wp-content\\\/uploads\\\/2025\\\/08\\\/120891-pala-bullpadel-flow-legend-44405-mujer-1200x1200-1.webp\",\"contentUrl\":\"https:\\\/\\\/revolutionpadelstore.com\\\/wp-content\\\/uploads\\\/2025\\\/08\\\/120891-pala-bullpadel-flow-legend-44405-mujer-1200x1200-1.webp\",\"width\":1200,\"height\":1200},{\"@type\":\"BreadcrumbList\",\"@id\":\"https:\\\/\\\/revolutionpadelstore.com\\\/de\\\/produkt\\\/bullpadel-flow-legend-1\\\/#breadcrumb\",\"itemListElement\":[{\"@type\":\"ListItem\",\"position\":1,\"name\":\"Portada\",\"item\":\"https:\\\/\\\/revolutionpadelstore.com\\\/de\\\/\"},{\"@type\":\"ListItem\",\"position\":2,\"name\":\"Shop\",\"item\":\"https:\\\/\\\/revolutionpadelstore.com\\\/de\\\/tienda\\\/\"},{\"@type\":\"ListItem\",\"position\":3,\"name\":\"BULLPADEL FLOW LEGEND\"}]},{\"@type\":\"WebSite\",\"@id\":\"https:\\\/\\\/revolutionpadelstore.com\\\/de\\\/#website\",\"url\":\"https:\\\/\\\/revolutionpadelstore.com\\\/de\\\/\",\"name\":\"Revolution Padel Store\",\"description\":\"\",\"publisher\":{\"@id\":\"https:\\\/\\\/revolutionpadelstore.com\\\/de\\\/#organization\"},\"potentialAction\":[{\"@type\":\"SearchAction\",\"target\":{\"@type\":\"EntryPoint\",\"urlTemplate\":\"https:\\\/\\\/revolutionpadelstore.com\\\/de\\\/?s={search_term_string}\"},\"query-input\":{\"@type\":\"PropertyValueSpecification\",\"valueRequired\":true,\"valueName\":\"search_term_string\"}}],\"inLanguage\":\"de\"},{\"@type\":\"Organization\",\"@id\":\"https:\\\/\\\/revolutionpadelstore.com\\\/de\\\/#organization\",\"name\":\"Revolution Padel Store\",\"url\":\"https:\\\/\\\/revolutionpadelstore.com\\\/de\\\/\",\"logo\":{\"@type\":\"ImageObject\",\"inLanguage\":\"de\",\"@id\":\"https:\\\/\\\/revolutionpadelstore.com\\\/de\\\/#\\\/schema\\\/logo\\\/image\\\/\",\"url\":\"https:\\\/\\\/revolutionpadelstore.com\\\/wp-content\\\/uploads\\\/2026\\\/02\\\/revolution-padel-store.jpg\",\"contentUrl\":\"https:\\\/\\\/revolutionpadelstore.com\\\/wp-content\\\/uploads\\\/2026\\\/02\\\/revolution-padel-store.jpg\",\"width\":2000,\"height\":2000,\"caption\":\"Revolution Padel Store\"},\"image\":{\"@id\":\"https:\\\/\\\/revolutionpadelstore.com\\\/de\\\/#\\\/schema\\\/logo\\\/image\\\/\"},\"sameAs\":[\"https:\\\/\\\/www.instagram.com\\\/revolutionpadelstore\\\/\"]}]}<\/script>\n<!-- \/ Yoast SEO plugin. -->","yoast_head_json":{"title":"BULLPADEL FLOW LEGEND - Revolution Padel Store","description":"Compra la Bullpadel Flow Legend Woman en Revolution Padel Store. Pala profesional, ligera y potente, ideal para jugadoras ofensivas. \u00a1Hazte con la de Alejandra Salazar al mejor precio online!","robots":{"index":"index","follow":"follow","max-snippet":"max-snippet:-1","max-image-preview":"max-image-preview:large","max-video-preview":"max-video-preview:-1"},"canonical":"https:\/\/revolutionpadelstore.com\/de\/produkt\/bullpadel-flow-legend-1\/","og_locale":"de_DE","og_type":"article","og_title":"BULLPADEL FLOW LEGEND - Revolution Padel Store","og_description":"Compra la Bullpadel Flow Legend Woman en Revolution Padel Store. Pala profesional, ligera y potente, ideal para jugadoras ofensivas. \u00a1Hazte con la de Alejandra Salazar al mejor precio online!","og_url":"https:\/\/revolutionpadelstore.com\/de\/produkt\/bullpadel-flow-legend-1\/","og_site_name":"Revolution Padel Store","article_modified_time":"2026-04-15T12:02:06+00:00","og_image":[{"width":1200,"height":1200,"url":"https:\/\/revolutionpadelstore.com\/wp-content\/uploads\/2025\/08\/120891-pala-bullpadel-flow-legend-44405-mujer-1200x1200-1.webp","type":"image\/webp"}],"twitter_card":"summary_large_image","twitter_misc":{"Gesch\u00e4tzte Lesezeit":"2\u00a0Minuten"},"schema":{"@context":"https:\/\/schema.org","@graph":[{"@type":"WebPage","@id":"https:\/\/revolutionpadelstore.com\/de\/produkt\/bullpadel-flow-legend-1\/","url":"https:\/\/revolutionpadelstore.com\/de\/produkt\/bullpadel-flow-legend-1\/","name":"BULLPADEL FLOW LEGEND - Revolution Padel Store","isPartOf":{"@id":"https:\/\/revolutionpadelstore.com\/de\/#website"},"primaryImageOfPage":{"@id":"https:\/\/revolutionpadelstore.com\/de\/produkt\/bullpadel-flow-legend-1\/#primaryimage"},"image":{"@id":"https:\/\/revolutionpadelstore.com\/de\/produkt\/bullpadel-flow-legend-1\/#primaryimage"},"thumbnailUrl":"https:\/\/revolutionpadelstore.com\/wp-content\/uploads\/2025\/08\/120891-pala-bullpadel-flow-legend-44405-mujer-1200x1200-1.webp","datePublished":"2025-08-25T15:18:13+00:00","dateModified":"2026-04-15T12:02:06+00:00","description":"Compra la Bullpadel Flow Legend Woman en Revolution Padel Store. Pala profesional, ligera y potente, ideal para jugadoras ofensivas. \u00a1Hazte con la de Alejandra Salazar al mejor precio online!","breadcrumb":{"@id":"https:\/\/revolutionpadelstore.com\/de\/produkt\/bullpadel-flow-legend-1\/#breadcrumb"},"inLanguage":"de","potentialAction":[{"@type":"ReadAction","target":["https:\/\/revolutionpadelstore.com\/de\/produkt\/bullpadel-flow-legend-1\/"]}]},{"@type":"ImageObject","inLanguage":"de","@id":"https:\/\/revolutionpadelstore.com\/de\/produkt\/bullpadel-flow-legend-1\/#primaryimage","url":"https:\/\/revolutionpadelstore.com\/wp-content\/uploads\/2025\/08\/120891-pala-bullpadel-flow-legend-44405-mujer-1200x1200-1.webp","contentUrl":"https:\/\/revolutionpadelstore.com\/wp-content\/uploads\/2025\/08\/120891-pala-bullpadel-flow-legend-44405-mujer-1200x1200-1.webp","width":1200,"height":1200},{"@type":"BreadcrumbList","@id":"https:\/\/revolutionpadelstore.com\/de\/produkt\/bullpadel-flow-legend-1\/#breadcrumb","itemListElement":[{"@type":"ListItem","position":1,"name":"Portada","item":"https:\/\/revolutionpadelstore.com\/de\/"},{"@type":"ListItem","position":2,"name":"Shop","item":"https:\/\/revolutionpadelstore.com\/de\/tienda\/"},{"@type":"ListItem","position":3,"name":"BULLPADEL FLOW LEGEND"}]},{"@type":"WebSite","@id":"https:\/\/revolutionpadelstore.com\/de\/#website","url":"https:\/\/revolutionpadelstore.com\/de\/","name":"Revolution Padel Store","description":"","publisher":{"@id":"https:\/\/revolutionpadelstore.com\/de\/#organization"},"potentialAction":[{"@type":"SearchAction","target":{"@type":"EntryPoint","urlTemplate":"https:\/\/revolutionpadelstore.com\/de\/?s={search_term_string}"},"query-input":{"@type":"PropertyValueSpecification","valueRequired":true,"valueName":"search_term_string"}}],"inLanguage":"de"},{"@type":"Organization","@id":"https:\/\/revolutionpadelstore.com\/de\/#organization","name":"Revolution Padel Store","url":"https:\/\/revolutionpadelstore.com\/de\/","logo":{"@type":"ImageObject","inLanguage":"de","@id":"https:\/\/revolutionpadelstore.com\/de\/#\/schema\/logo\/image\/","url":"https:\/\/revolutionpadelstore.com\/wp-content\/uploads\/2026\/02\/revolution-padel-store.jpg","contentUrl":"https:\/\/revolutionpadelstore.com\/wp-content\/uploads\/2026\/02\/revolution-padel-store.jpg","width":2000,"height":2000,"caption":"Revolution Padel Store"},"image":{"@id":"https:\/\/revolutionpadelstore.com\/de\/#\/schema\/logo\/image\/"},"sameAs":["https:\/\/www.instagram.com\/revolutionpadelstore\/"]}]}},"_links":{"self":[{"href":"https:\/\/revolutionpadelstore.com\/de\/wp-json\/wp\/v2\/product\/268108","targetHints":{"allow":["GET"]}}],"collection":[{"href":"https:\/\/revolutionpadelstore.com\/de\/wp-json\/wp\/v2\/product"}],"about":[{"href":"https:\/\/revolutionpadelstore.com\/de\/wp-json\/wp\/v2\/types\/product"}],"replies":[{"embeddable":true,"href":"https:\/\/revolutionpadelstore.com\/de\/wp-json\/wp\/v2\/comments?post=268108"}],"wp:featuredmedia":[{"embeddable":true,"href":"https:\/\/revolutionpadelstore.com\/de\/wp-json\/wp\/v2\/media\/268132"}],"wp:attachment":[{"href":"https:\/\/revolutionpadelstore.com\/de\/wp-json\/wp\/v2\/media?parent=268108"}],"wp:term":[{"taxonomy":"acabado","embeddable":true,"href":"https:\/\/revolutionpadelstore.com\/de\/wp-json\/wp\/v2\/acabado?post=268108"},{"taxonomy":"balance","embeddable":true,"href":"https:\/\/revolutionpadelstore.com\/de\/wp-json\/wp\/v2\/balance?post=268108"},{"taxonomy":"dureza","embeddable":true,"href":"https:\/\/revolutionpadelstore.com\/de\/wp-json\/wp\/v2\/dureza?post=268108"},{"taxonomy":"forma","embeddable":true,"href":"https:\/\/revolutionpadelstore.com\/de\/wp-json\/wp\/v2\/forma?post=268108"},{"taxonomy":"jugador","embeddable":true,"href":"https:\/\/revolutionpadelstore.com\/de\/wp-json\/wp\/v2\/jugador?post=268108"},{"taxonomy":"marca","embeddable":true,"href":"https:\/\/revolutionpadelstore.com\/de\/wp-json\/wp\/v2\/marca?post=268108"},{"taxonomy":"nivel-de-juego","embeddable":true,"href":"https:\/\/revolutionpadelstore.com\/de\/wp-json\/wp\/v2\/nivel-de-juego?post=268108"},{"taxonomy":"superficie","embeddable":true,"href":"https:\/\/revolutionpadelstore.com\/de\/wp-json\/wp\/v2\/superficie?post=268108"},{"taxonomy":"tipo-de-juego","embeddable":true,"href":"https:\/\/revolutionpadelstore.com\/de\/wp-json\/wp\/v2\/tipo-de-juego?post=268108"},{"taxonomy":"product_brand","embeddable":true,"href":"https:\/\/revolutionpadelstore.com\/de\/wp-json\/wp\/v2\/product_brand?post=268108"},{"taxonomy":"product_cat","embeddable":true,"href":"https:\/\/revolutionpadelstore.com\/de\/wp-json\/wp\/v2\/product_cat?post=268108"},{"taxonomy":"product_tag","embeddable":true,"href":"https:\/\/revolutionpadelstore.com\/de\/wp-json\/wp\/v2\/product_tag?post=268108"}],"curies":[{"name":"wp","href":"https:\/\/api.w.org\/{rel}","templated":true}]}}