{"id":268060,"date":"2025-08-25T17:15:32","date_gmt":"2025-08-25T15:15:32","guid":{"rendered":"https:\/\/revolutionpadelstore.com\/bullpadel-elite-w-26\/"},"modified":"2026-04-21T14:01:23","modified_gmt":"2026-04-21T12:01:23","slug":"bullpadel-elite-w-26-5","status":"publish","type":"product","link":"https:\/\/revolutionpadelstore.com\/de\/produkt\/bullpadel-elite-w-26-5\/","title":{"rendered":"BULLPADEL ELITE W 26"},"content":{"rendered":"<h2><strong>Bullpadel Elite W 2026 \u2013 Kraft, Kontrolle und professioneller Stil f\u00fcr anspruchsvolle Spieler.<\/strong><\/h2>\n<p>Der neue <strong>Bullpadel Elite W 2026<\/strong>, offizieller Schl\u00e4ger von <strong>Gemma Triay<\/strong>, wurde f\u00fcr Spieler entwickelt, die die perfekte Balance zwischen <strong>Kraft, Kontrolle und Eleganz<\/strong> suchen. Mit einem Hybridformat und mittlerer Balance bietet dieser Schl\u00e4ger au\u00dfergew\u00f6hnliche Vielseitigkeit, die sich an jede Phase des Spiels anpasst. Ideal f\u00fcr Spieler auf fortgeschrittenem und professionellem Niveau. Sein geringes Gewicht (350\u2013360 g) verbessert die Beweglichkeit, ohne die Kraft beim Abschluss zu beeintr\u00e4chtigen.<\/p>\n<h2><strong>Hervorragende technische Eigenschaften des Elite 2026<\/strong><\/h2>\n<p><strong>-Hybridformat mit mittlerer Balance:<\/strong> totale Balance zwischen Kontrolle und Leistung.<\/p>\n<p><strong>-Reduziertes Gewicht (350-360 g):<\/strong> Gr\u00f6\u00dfere Beweglichkeit bei schnellen Bewegungen in der N\u00e4he des Netzes.<\/p>\n<p><strong>-3D Grain raue Oberfl\u00e4che:<\/strong> verbessert den Spin und die Pr\u00e4zision bei jedem Schlag.<\/p>\n<p><strong>-Multieva Core:<\/strong> Dreifache Dichte, die die Reaktion an die Intensit\u00e4t des Schlags anpasst.<\/p>\n<p><strong>-Fibrix:<\/strong> Mischung aus Glasfaser und Carbon f\u00fcr einen weichen und reaktiven Griff.<\/p>\n<p><strong>-100 % Carbon-Rahmen (Carbonrohr):<\/strong> Starke, leichte und langlebige Struktur.<\/p>\n<p><strong>-Air React Channel:<\/strong> aerodynamischer Kanal, der den Ballaussto\u00df beschleunigt.<\/p>\n<p><strong>-Vibradrive:<\/strong> Antivibrationssystem, das Beschwerden reduziert und den Komfort erh\u00f6ht.<\/p>\n<p><strong>-Elite Core:<\/strong> Klingenkern mit umgekehrter dreieckiger Geometrie f\u00fcr mehr Stabilit\u00e4t und Pr\u00e4zision.<\/p>\n<h2><strong>Spielen Sie wie ein Profi, heben Sie sich ab wie Gemma Triay<\/strong><\/h2>\n<p>Der <strong>Bullpadel Elite 2026<\/strong> wurde f\u00fcr Spieler entwickelt, die alle Aspekte des Spiels beherrschen und einen aggressiven, aber eleganten Stil zum Ausdruck bringen m\u00f6chten. Seine leichte Struktur erm\u00f6glicht eine <strong>schnelle Reaktion am Netz<\/strong>, w\u00e4hrend sein technischer Kern <strong>Kraft und Stabilit\u00e4t von der R\u00fcckseite des Spielfelds aus<\/strong> garantiert. Mit diesem Padelschl\u00e4ger verbessern Sie nicht nur Ihre Leistung, sondern auch Ihre Pr\u00e4senz in jedem Spiel.<\/p>\n<h2><strong>Warum das Bullpadel Elite W 2026 w\u00e4hlen?<\/strong><\/h2>\n<p>-Perfekt f\u00fcr fortgeschrittene oder professionelle Spieler.<\/p>\n<p>-Ideale Kombination aus <strong>Kraft, Kontrolle und Man\u00f6vrierf\u00e4higkeit<\/strong>.<\/p>\n<p>-Entworfen und verwendet von <strong>Gemma Triay<\/strong>, einer der besten Spielerinnen im Profibereich.<\/p>\n<p>-Es enth\u00e4lt die innovativsten <strong>Bullpadel<\/strong>-Technologien.<\/p>\n<p>-Elegantes und feminines Finish, das auf jedem Platz auff\u00e4llt.<\/p>\n<h2><strong>Jetzt das Bullpadel Elite 2026 kaufen<\/strong><\/h2>\n<p>Geben Sie sich nicht mit weniger zufrieden. Bringen Sie Ihr Spiel auf die n\u00e4chste Stufe mit dem Schl\u00e4ger, der Innovation, Stil und Leistung vereint. Der <strong>Bullpadel Elite W 2026<\/strong> ist in unserem Online-Shop erh\u00e4ltlich:<\/p>\n<p><strong><a href=\"https:\/\/www.revolutionpadelstore.com\/\">www.revolutionpadelstore.com<\/a><\/strong>, wahrscheinlich <strong>zum besten Preis auf dem Markt<\/strong>.<\/p>\n<h2><strong>Bullpadel Elite W 2026 \u2013 Potencia, control y estilo profesional para jugadoras exigentes.<\/strong><\/p>\n","protected":false},"excerpt":{"rendered":"<p>Entdecken Sie den Schl\u00e4ger der Championin Gemma Triay: fortschrittliche Technologie und ein einzigartiges Design, das Sie zum Strahlen bringt<\/p>\n","protected":false},"featured_media":268084,"comment_status":"open","ping_status":"closed","template":"","meta":{"_acf_changed":false,"_joinchat":[]},"acabado":[1089],"balance":[1139],"dureza":[1154],"forma":[1174],"jugador":[1194],"marca":[1254],"nivel-de-juego":[1334],"superficie":[1359],"tipo-de-juego":[1384],"product_brand":[],"product_cat":[299],"product_tag":[],"class_list":{"0":"post-268060","1":"product","2":"type-product","3":"status-publish","4":"has-post-thumbnail","6":"acabado-3d-entlasten","7":"balance-mittel","8":"dureza-media-de","9":"forma-hybrid","10":"jugador-frau","11":"marca-bullpadel-de","12":"superficie-rugosa-de","13":"tipo-de-juego-mehrzweck","14":"product_cat-palas-de-padel-de","16":"first","17":"instock","18":"sale","19":"taxable","20":"shipping-taxable","21":"purchasable","22":"product-type-simple"},"acf":[],"yoast_head":"<!-- This site is optimized with the Yoast SEO plugin v27.4 - https:\/\/yoast.com\/product\/yoast-seo-wordpress\/ -->\n<title>BULLPADEL ELITE W 26 - Revolution Padel Store<\/title>\n<meta name=\"description\" content=\"Descubre la Bullpadel Elite W 2026, la pala oficial de Gemma Triay para jugadoras profesionales. Potencia, control y estilo con tecnolog\u00edas avanzadas. \u00a1C\u00f3mprala en Revolution Padel Store al mejor precio!\" \/>\n<meta name=\"robots\" content=\"index, follow, max-snippet:-1, max-image-preview:large, max-video-preview:-1\" \/>\n<link rel=\"canonical\" href=\"https:\/\/revolutionpadelstore.com\/de\/produkt\/bullpadel-elite-w-26-5\/\" \/>\n<meta property=\"og:locale\" content=\"de_DE\" \/>\n<meta property=\"og:type\" content=\"article\" \/>\n<meta property=\"og:title\" content=\"BULLPADEL ELITE W 26 - Revolution Padel Store\" \/>\n<meta property=\"og:description\" content=\"Descubre la Bullpadel Elite W 2026, la pala oficial de Gemma Triay para jugadoras profesionales. Potencia, control y estilo con tecnolog\u00edas avanzadas. \u00a1C\u00f3mprala en Revolution Padel Store al mejor precio!\" \/>\n<meta property=\"og:url\" content=\"https:\/\/revolutionpadelstore.com\/de\/produkt\/bullpadel-elite-w-26-5\/\" \/>\n<meta property=\"og:site_name\" content=\"Revolution Padel Store\" \/>\n<meta property=\"article:modified_time\" content=\"2026-04-21T12:01:23+00:00\" \/>\n<meta property=\"og:image\" content=\"https:\/\/revolutionpadelstore.com\/wp-content\/uploads\/2025\/08\/120890-pala-bullpadel-elite-w-26-494406-mujer-1200x1200-1.webp\" \/>\n\t<meta property=\"og:image:width\" content=\"1200\" \/>\n\t<meta property=\"og:image:height\" content=\"1200\" \/>\n\t<meta property=\"og:image:type\" content=\"image\/webp\" \/>\n<meta name=\"twitter:card\" content=\"summary_large_image\" \/>\n<meta name=\"twitter:label1\" content=\"Gesch\u00e4tzte Lesezeit\" \/>\n\t<meta name=\"twitter:data1\" content=\"2\u00a0Minuten\" \/>\n<script type=\"application\/ld+json\" class=\"yoast-schema-graph\">{\"@context\":\"https:\\\/\\\/schema.org\",\"@graph\":[{\"@type\":\"WebPage\",\"@id\":\"https:\\\/\\\/revolutionpadelstore.com\\\/de\\\/produkt\\\/bullpadel-elite-w-26-5\\\/\",\"url\":\"https:\\\/\\\/revolutionpadelstore.com\\\/de\\\/produkt\\\/bullpadel-elite-w-26-5\\\/\",\"name\":\"BULLPADEL ELITE W 26 - Revolution Padel Store\",\"isPartOf\":{\"@id\":\"https:\\\/\\\/revolutionpadelstore.com\\\/de\\\/#website\"},\"primaryImageOfPage\":{\"@id\":\"https:\\\/\\\/revolutionpadelstore.com\\\/de\\\/produkt\\\/bullpadel-elite-w-26-5\\\/#primaryimage\"},\"image\":{\"@id\":\"https:\\\/\\\/revolutionpadelstore.com\\\/de\\\/produkt\\\/bullpadel-elite-w-26-5\\\/#primaryimage\"},\"thumbnailUrl\":\"https:\\\/\\\/revolutionpadelstore.com\\\/wp-content\\\/uploads\\\/2025\\\/08\\\/120890-pala-bullpadel-elite-w-26-494406-mujer-1200x1200-1.webp\",\"datePublished\":\"2025-08-25T15:15:32+00:00\",\"dateModified\":\"2026-04-21T12:01:23+00:00\",\"description\":\"Descubre la Bullpadel Elite W 2026, la pala oficial de Gemma Triay para jugadoras profesionales. Potencia, control y estilo con tecnolog\u00edas avanzadas. \u00a1C\u00f3mprala en Revolution Padel Store al mejor precio!\",\"breadcrumb\":{\"@id\":\"https:\\\/\\\/revolutionpadelstore.com\\\/de\\\/produkt\\\/bullpadel-elite-w-26-5\\\/#breadcrumb\"},\"inLanguage\":\"de\",\"potentialAction\":[{\"@type\":\"ReadAction\",\"target\":[\"https:\\\/\\\/revolutionpadelstore.com\\\/de\\\/produkt\\\/bullpadel-elite-w-26-5\\\/\"]}]},{\"@type\":\"ImageObject\",\"inLanguage\":\"de\",\"@id\":\"https:\\\/\\\/revolutionpadelstore.com\\\/de\\\/produkt\\\/bullpadel-elite-w-26-5\\\/#primaryimage\",\"url\":\"https:\\\/\\\/revolutionpadelstore.com\\\/wp-content\\\/uploads\\\/2025\\\/08\\\/120890-pala-bullpadel-elite-w-26-494406-mujer-1200x1200-1.webp\",\"contentUrl\":\"https:\\\/\\\/revolutionpadelstore.com\\\/wp-content\\\/uploads\\\/2025\\\/08\\\/120890-pala-bullpadel-elite-w-26-494406-mujer-1200x1200-1.webp\",\"width\":1200,\"height\":1200},{\"@type\":\"BreadcrumbList\",\"@id\":\"https:\\\/\\\/revolutionpadelstore.com\\\/de\\\/produkt\\\/bullpadel-elite-w-26-5\\\/#breadcrumb\",\"itemListElement\":[{\"@type\":\"ListItem\",\"position\":1,\"name\":\"Portada\",\"item\":\"https:\\\/\\\/revolutionpadelstore.com\\\/de\\\/\"},{\"@type\":\"ListItem\",\"position\":2,\"name\":\"Shop\",\"item\":\"https:\\\/\\\/revolutionpadelstore.com\\\/de\\\/tienda\\\/\"},{\"@type\":\"ListItem\",\"position\":3,\"name\":\"BULLPADEL ELITE W 26\"}]},{\"@type\":\"WebSite\",\"@id\":\"https:\\\/\\\/revolutionpadelstore.com\\\/de\\\/#website\",\"url\":\"https:\\\/\\\/revolutionpadelstore.com\\\/de\\\/\",\"name\":\"Revolution Padel Store\",\"description\":\"\",\"publisher\":{\"@id\":\"https:\\\/\\\/revolutionpadelstore.com\\\/de\\\/#organization\"},\"potentialAction\":[{\"@type\":\"SearchAction\",\"target\":{\"@type\":\"EntryPoint\",\"urlTemplate\":\"https:\\\/\\\/revolutionpadelstore.com\\\/de\\\/?s={search_term_string}\"},\"query-input\":{\"@type\":\"PropertyValueSpecification\",\"valueRequired\":true,\"valueName\":\"search_term_string\"}}],\"inLanguage\":\"de\"},{\"@type\":\"Organization\",\"@id\":\"https:\\\/\\\/revolutionpadelstore.com\\\/de\\\/#organization\",\"name\":\"Revolution Padel Store\",\"url\":\"https:\\\/\\\/revolutionpadelstore.com\\\/de\\\/\",\"logo\":{\"@type\":\"ImageObject\",\"inLanguage\":\"de\",\"@id\":\"https:\\\/\\\/revolutionpadelstore.com\\\/de\\\/#\\\/schema\\\/logo\\\/image\\\/\",\"url\":\"https:\\\/\\\/revolutionpadelstore.com\\\/wp-content\\\/uploads\\\/2026\\\/02\\\/revolution-padel-store.jpg\",\"contentUrl\":\"https:\\\/\\\/revolutionpadelstore.com\\\/wp-content\\\/uploads\\\/2026\\\/02\\\/revolution-padel-store.jpg\",\"width\":2000,\"height\":2000,\"caption\":\"Revolution Padel Store\"},\"image\":{\"@id\":\"https:\\\/\\\/revolutionpadelstore.com\\\/de\\\/#\\\/schema\\\/logo\\\/image\\\/\"},\"sameAs\":[\"https:\\\/\\\/www.instagram.com\\\/revolutionpadelstore\\\/\"]}]}<\/script>\n<!-- \/ Yoast SEO plugin. -->","yoast_head_json":{"title":"BULLPADEL ELITE W 26 - Revolution Padel Store","description":"Descubre la Bullpadel Elite W 2026, la pala oficial de Gemma Triay para jugadoras profesionales. Potencia, control y estilo con tecnolog\u00edas avanzadas. \u00a1C\u00f3mprala en Revolution Padel Store al mejor precio!","robots":{"index":"index","follow":"follow","max-snippet":"max-snippet:-1","max-image-preview":"max-image-preview:large","max-video-preview":"max-video-preview:-1"},"canonical":"https:\/\/revolutionpadelstore.com\/de\/produkt\/bullpadel-elite-w-26-5\/","og_locale":"de_DE","og_type":"article","og_title":"BULLPADEL ELITE W 26 - Revolution Padel Store","og_description":"Descubre la Bullpadel Elite W 2026, la pala oficial de Gemma Triay para jugadoras profesionales. Potencia, control y estilo con tecnolog\u00edas avanzadas. \u00a1C\u00f3mprala en Revolution Padel Store al mejor precio!","og_url":"https:\/\/revolutionpadelstore.com\/de\/produkt\/bullpadel-elite-w-26-5\/","og_site_name":"Revolution Padel Store","article_modified_time":"2026-04-21T12:01:23+00:00","og_image":[{"width":1200,"height":1200,"url":"https:\/\/revolutionpadelstore.com\/wp-content\/uploads\/2025\/08\/120890-pala-bullpadel-elite-w-26-494406-mujer-1200x1200-1.webp","type":"image\/webp"}],"twitter_card":"summary_large_image","twitter_misc":{"Gesch\u00e4tzte Lesezeit":"2\u00a0Minuten"},"schema":{"@context":"https:\/\/schema.org","@graph":[{"@type":"WebPage","@id":"https:\/\/revolutionpadelstore.com\/de\/produkt\/bullpadel-elite-w-26-5\/","url":"https:\/\/revolutionpadelstore.com\/de\/produkt\/bullpadel-elite-w-26-5\/","name":"BULLPADEL ELITE W 26 - Revolution Padel Store","isPartOf":{"@id":"https:\/\/revolutionpadelstore.com\/de\/#website"},"primaryImageOfPage":{"@id":"https:\/\/revolutionpadelstore.com\/de\/produkt\/bullpadel-elite-w-26-5\/#primaryimage"},"image":{"@id":"https:\/\/revolutionpadelstore.com\/de\/produkt\/bullpadel-elite-w-26-5\/#primaryimage"},"thumbnailUrl":"https:\/\/revolutionpadelstore.com\/wp-content\/uploads\/2025\/08\/120890-pala-bullpadel-elite-w-26-494406-mujer-1200x1200-1.webp","datePublished":"2025-08-25T15:15:32+00:00","dateModified":"2026-04-21T12:01:23+00:00","description":"Descubre la Bullpadel Elite W 2026, la pala oficial de Gemma Triay para jugadoras profesionales. Potencia, control y estilo con tecnolog\u00edas avanzadas. \u00a1C\u00f3mprala en Revolution Padel Store al mejor precio!","breadcrumb":{"@id":"https:\/\/revolutionpadelstore.com\/de\/produkt\/bullpadel-elite-w-26-5\/#breadcrumb"},"inLanguage":"de","potentialAction":[{"@type":"ReadAction","target":["https:\/\/revolutionpadelstore.com\/de\/produkt\/bullpadel-elite-w-26-5\/"]}]},{"@type":"ImageObject","inLanguage":"de","@id":"https:\/\/revolutionpadelstore.com\/de\/produkt\/bullpadel-elite-w-26-5\/#primaryimage","url":"https:\/\/revolutionpadelstore.com\/wp-content\/uploads\/2025\/08\/120890-pala-bullpadel-elite-w-26-494406-mujer-1200x1200-1.webp","contentUrl":"https:\/\/revolutionpadelstore.com\/wp-content\/uploads\/2025\/08\/120890-pala-bullpadel-elite-w-26-494406-mujer-1200x1200-1.webp","width":1200,"height":1200},{"@type":"BreadcrumbList","@id":"https:\/\/revolutionpadelstore.com\/de\/produkt\/bullpadel-elite-w-26-5\/#breadcrumb","itemListElement":[{"@type":"ListItem","position":1,"name":"Portada","item":"https:\/\/revolutionpadelstore.com\/de\/"},{"@type":"ListItem","position":2,"name":"Shop","item":"https:\/\/revolutionpadelstore.com\/de\/tienda\/"},{"@type":"ListItem","position":3,"name":"BULLPADEL ELITE W 26"}]},{"@type":"WebSite","@id":"https:\/\/revolutionpadelstore.com\/de\/#website","url":"https:\/\/revolutionpadelstore.com\/de\/","name":"Revolution Padel Store","description":"","publisher":{"@id":"https:\/\/revolutionpadelstore.com\/de\/#organization"},"potentialAction":[{"@type":"SearchAction","target":{"@type":"EntryPoint","urlTemplate":"https:\/\/revolutionpadelstore.com\/de\/?s={search_term_string}"},"query-input":{"@type":"PropertyValueSpecification","valueRequired":true,"valueName":"search_term_string"}}],"inLanguage":"de"},{"@type":"Organization","@id":"https:\/\/revolutionpadelstore.com\/de\/#organization","name":"Revolution Padel Store","url":"https:\/\/revolutionpadelstore.com\/de\/","logo":{"@type":"ImageObject","inLanguage":"de","@id":"https:\/\/revolutionpadelstore.com\/de\/#\/schema\/logo\/image\/","url":"https:\/\/revolutionpadelstore.com\/wp-content\/uploads\/2026\/02\/revolution-padel-store.jpg","contentUrl":"https:\/\/revolutionpadelstore.com\/wp-content\/uploads\/2026\/02\/revolution-padel-store.jpg","width":2000,"height":2000,"caption":"Revolution Padel Store"},"image":{"@id":"https:\/\/revolutionpadelstore.com\/de\/#\/schema\/logo\/image\/"},"sameAs":["https:\/\/www.instagram.com\/revolutionpadelstore\/"]}]}},"_links":{"self":[{"href":"https:\/\/revolutionpadelstore.com\/de\/wp-json\/wp\/v2\/product\/268060","targetHints":{"allow":["GET"]}}],"collection":[{"href":"https:\/\/revolutionpadelstore.com\/de\/wp-json\/wp\/v2\/product"}],"about":[{"href":"https:\/\/revolutionpadelstore.com\/de\/wp-json\/wp\/v2\/types\/product"}],"replies":[{"embeddable":true,"href":"https:\/\/revolutionpadelstore.com\/de\/wp-json\/wp\/v2\/comments?post=268060"}],"wp:featuredmedia":[{"embeddable":true,"href":"https:\/\/revolutionpadelstore.com\/de\/wp-json\/wp\/v2\/media\/268084"}],"wp:attachment":[{"href":"https:\/\/revolutionpadelstore.com\/de\/wp-json\/wp\/v2\/media?parent=268060"}],"wp:term":[{"taxonomy":"acabado","embeddable":true,"href":"https:\/\/revolutionpadelstore.com\/de\/wp-json\/wp\/v2\/acabado?post=268060"},{"taxonomy":"balance","embeddable":true,"href":"https:\/\/revolutionpadelstore.com\/de\/wp-json\/wp\/v2\/balance?post=268060"},{"taxonomy":"dureza","embeddable":true,"href":"https:\/\/revolutionpadelstore.com\/de\/wp-json\/wp\/v2\/dureza?post=268060"},{"taxonomy":"forma","embeddable":true,"href":"https:\/\/revolutionpadelstore.com\/de\/wp-json\/wp\/v2\/forma?post=268060"},{"taxonomy":"jugador","embeddable":true,"href":"https:\/\/revolutionpadelstore.com\/de\/wp-json\/wp\/v2\/jugador?post=268060"},{"taxonomy":"marca","embeddable":true,"href":"https:\/\/revolutionpadelstore.com\/de\/wp-json\/wp\/v2\/marca?post=268060"},{"taxonomy":"nivel-de-juego","embeddable":true,"href":"https:\/\/revolutionpadelstore.com\/de\/wp-json\/wp\/v2\/nivel-de-juego?post=268060"},{"taxonomy":"superficie","embeddable":true,"href":"https:\/\/revolutionpadelstore.com\/de\/wp-json\/wp\/v2\/superficie?post=268060"},{"taxonomy":"tipo-de-juego","embeddable":true,"href":"https:\/\/revolutionpadelstore.com\/de\/wp-json\/wp\/v2\/tipo-de-juego?post=268060"},{"taxonomy":"product_brand","embeddable":true,"href":"https:\/\/revolutionpadelstore.com\/de\/wp-json\/wp\/v2\/product_brand?post=268060"},{"taxonomy":"product_cat","embeddable":true,"href":"https:\/\/revolutionpadelstore.com\/de\/wp-json\/wp\/v2\/product_cat?post=268060"},{"taxonomy":"product_tag","embeddable":true,"href":"https:\/\/revolutionpadelstore.com\/de\/wp-json\/wp\/v2\/product_tag?post=268060"}],"curies":[{"name":"wp","href":"https:\/\/api.w.org\/{rel}","templated":true}]}}