{"id":268011,"date":"2025-08-23T10:32:05","date_gmt":"2025-08-23T08:32:05","guid":{"rendered":"https:\/\/revolutionpadelstore.com\/bullpadel-wonder\/"},"modified":"2026-04-21T02:01:32","modified_gmt":"2026-04-21T00:01:32","slug":"bullpadel-wonder-1","status":"publish","type":"product","link":"https:\/\/revolutionpadelstore.com\/de\/produkt\/bullpadel-wonder-1\/","title":{"rendered":"BULLPADEL WONDER"},"content":{"rendered":"<h2><strong>Bullpadel Wonder: Kraft, Leichtigkeit und Kontrolle bei jedem Schlag<\/strong><\/h2>\n<p>Entdecken Sie den <strong>Bullpadel Wonder<\/strong>, den offiziellen Schl\u00e4ger von <strong>Claudia Fern\u00e1ndez<\/strong>, eines der gro\u00dfen Versprechen des World Padel. Dieser hybrid geformte Schl\u00e4ger mit einem Gewicht zwischen 350 und 360 Gramm und mittlerer Balance wurde f\u00fcr eine <strong>ausgewogene und vielseitige<\/strong> Leistung entwickelt und ist ideal f\u00fcr alle, die Kontrolle, Agilit\u00e4t und Kraft suchen, ohne auf Komfort zu verzichten.<\/p>\n<h2><strong>Entwickelt f\u00fcr anspruchsvolle Spieler<\/strong><\/h2>\n<p>Der Bullpadel Wonder wurde f\u00fcr fortgeschrittene Spieler entwickelt, die alle Phasen des Spiels meistern m\u00f6chten, und passt sich sowohl dem offensiven als auch dem defensiven Stil perfekt an. Er gl\u00e4nzt am Netz durch seine Leichtigkeit und Beweglichkeit, er bietet kraftvolle Sch\u00fcsse und in der Verteidigung ist er solide und zuverl\u00e4ssig.<\/p>\n<p>Dank seiner Konstruktion aus hochwertigen Materialien und modernsten Technologien bietet dieser Schl\u00e4ger ein einzigartiges Spielerlebnis, perfekt f\u00fcr alle, die Pr\u00e4zision im Spin, Stabilit\u00e4t und vollst\u00e4ndige Kontrolle \u00fcber den Schl\u00e4gerkopf suchen.<\/p>\n<h2><strong>Herausragende Eigenschaften des Bullpadel Wonder<\/strong><\/h2>\n<p><strong>-Hybridform<\/strong>: kombiniert das Beste aus runden und diamantierten Klingen, um Vielseitigkeit bei Angriff und Verteidigung zu erreichen.<\/p>\n<p><strong>-Leichtes Gewicht (350-360 g): maximale Man\u00f6vrierf\u00e4higkeit f\u00fcr schnelle Reaktionen.<\/p>\n<p><strong>-Medium Balance<\/strong>: perfekte Balance zwischen Kontrolle und Kraft.<\/p>\n<p><strong>-3D Grain raue Oberfl\u00e4che<\/strong>: beg\u00fcnstigt Schl\u00e4ge mit Spin.<\/p>\n<p><strong>-Fibrix<\/strong>: Mischung aus Glasfaser und Carbon, die Widerstand bietet, ohne die Ballleistung zu beeintr\u00e4chtigen.<\/p>\n<p><strong>-Multieva Core<\/strong>: unterschiedliche Dichten, die sich an die Art des Schlags anpassen und so f\u00fcr mehr Komfort sorgen.<\/p>\n<p><strong>-Air React Channel<\/strong>: aerodynamische Struktur, die den Ballaussto\u00df und die Reaktionsgeschwindigkeit verbessert.<\/p>\n<p><strong>-ExoFrame<\/strong>: Exoskelett-\u00e4hnlicher Rahmen, der f\u00fcr zus\u00e4tzliche Steifigkeit und Kraft sorgt.<\/p>\n<p><strong>-Custom Weight<\/strong>: System austauschbarer Gewichte, um Balance und Leistung an Ihre Bed\u00fcrfnisse anzupassen.<\/p>\n<p><strong>-Vibradrive<\/strong>: Antivibrationstechnologie, die Beschwerden reduziert und das Gef\u00fchl der Kontrolle verbessert.<\/p>\n<h2><strong>Warum das Bullpadel Wonder w\u00e4hlen?<\/strong><\/h2>\n<p><strong>-Der offizielle Schl\u00e4ger von Claudia Fern\u00e1ndez<\/strong>: Spielen Sie wie die Profis.<\/p>\n<p><strong>-Kraft ohne Einbu\u00dfen bei der Leichtigkeit<\/strong>: Ideal f\u00fcr alle, die Fl\u00fcssigkeit und Kraft suchen.<\/p>\n<p><strong>-Modernes und wettbewerbsf\u00e4higes Design<\/strong>: ein Schl\u00e4ger, der sich sowohl durch Leistung als auch durch \u00c4sthetik auszeichnet.<\/p>\n<p><strong>-Fortschrittliche Technologie<\/strong>: Entwickelt, um Ihr Spielniveau zu steigern.<\/p>\n<p><strong>-Absolute Vielseitigkeit<\/strong>: Perfekt f\u00fcr die Anpassung an jeden Spielstil.<\/p>\n<h2><strong>Holen Sie sich jetzt das Bullpadel Wonder zum besten Preis<\/strong><\/h2>\n<p>Verbessern Sie Ihr Spiel mit einem Schl\u00e4ger, der die Zukunft des Damen-Padel-Sports repr\u00e4sentiert. Der <strong>Bullpadel Wonder<\/strong> ist eine gewinnbringende Option f\u00fcr alle, die auf dem Platz mit Stil und Effizienz auffallen m\u00f6chten.<\/p>\n<p>Ab sofort in unserem Online-Shop <a href=\"https:\/\/www.revolutionpadelstore.com\/\">www.revolutionpadelstore.com<\/a> erh\u00e4ltlich, wahrscheinlich zum besten Preis auf dem Markt! Warten Sie nicht l\u00e4nger und verbessern Sie Ihre Leistung vom ersten Treffer an.<\/p>\n<h2><strong>Bullpadel Wonder: potencia, ligereza y control en cada golpe<\/strong><\/p>\n","protected":false},"excerpt":{"rendered":"<p>Holen Sie sich den offiziellen Schl\u00e4ger von Claudia Fern\u00e1ndez: leicht, solide und anpassungsf\u00e4hig, entworfen mit innovativen Technologien und widerstandsf\u00e4higen Komponenten.<\/p>\n","protected":false},"featured_media":268036,"comment_status":"open","ping_status":"closed","template":"","meta":{"_acf_changed":false,"_joinchat":[]},"acabado":[1089],"balance":[1139],"dureza":[1154],"forma":[1174],"jugador":[1189],"marca":[1254],"nivel-de-juego":[1334],"superficie":[1359],"tipo-de-juego":[1384],"product_brand":[],"product_cat":[299],"product_tag":[],"class_list":{"0":"post-268011","1":"product","2":"type-product","3":"status-publish","4":"has-post-thumbnail","6":"acabado-3d-entlasten","7":"balance-mittel","8":"dureza-media-de","9":"forma-hybrid","10":"jugador-mann","11":"marca-bullpadel-de","12":"superficie-rugosa-de","13":"tipo-de-juego-mehrzweck","14":"product_cat-palas-de-padel-de","16":"first","17":"instock","18":"sale","19":"taxable","20":"shipping-taxable","21":"purchasable","22":"product-type-simple"},"acf":[],"yoast_head":"<!-- This site is optimized with the Yoast SEO plugin v27.4 - https:\/\/yoast.com\/product\/yoast-seo-wordpress\/ -->\n<title>BULLPADEL WONDER - Revolution Padel Store<\/title>\n<meta name=\"description\" content=\"Compra la Bullpadel Wonder, la pala oficial de Claudia Fern\u00e1ndez. Ligera, potente y vers\u00e1til, ideal para jugadores avanzados. Disponible en www.revolutionpadelstore.com al mejor precio.\" \/>\n<meta name=\"robots\" content=\"index, follow, max-snippet:-1, max-image-preview:large, max-video-preview:-1\" \/>\n<link rel=\"canonical\" href=\"https:\/\/revolutionpadelstore.com\/de\/produkt\/bullpadel-wonder-1\/\" \/>\n<meta property=\"og:locale\" content=\"de_DE\" \/>\n<meta property=\"og:type\" content=\"article\" \/>\n<meta property=\"og:title\" content=\"BULLPADEL WONDER - Revolution Padel Store\" \/>\n<meta property=\"og:description\" content=\"Compra la Bullpadel Wonder, la pala oficial de Claudia Fern\u00e1ndez. Ligera, potente y vers\u00e1til, ideal para jugadores avanzados. Disponible en www.revolutionpadelstore.com al mejor precio.\" \/>\n<meta property=\"og:url\" content=\"https:\/\/revolutionpadelstore.com\/de\/produkt\/bullpadel-wonder-1\/\" \/>\n<meta property=\"og:site_name\" content=\"Revolution Padel Store\" \/>\n<meta property=\"article:modified_time\" content=\"2026-04-21T00:01:32+00:00\" \/>\n<meta property=\"og:image\" content=\"https:\/\/revolutionpadelstore.com\/wp-content\/uploads\/2025\/08\/120919-pala-bullpadel-wonder-494407-mujer-1200x1200-1.webp\" \/>\n\t<meta property=\"og:image:width\" content=\"1200\" \/>\n\t<meta property=\"og:image:height\" content=\"1200\" \/>\n\t<meta property=\"og:image:type\" content=\"image\/webp\" \/>\n<meta name=\"twitter:card\" content=\"summary_large_image\" \/>\n<meta name=\"twitter:label1\" content=\"Gesch\u00e4tzte Lesezeit\" \/>\n\t<meta name=\"twitter:data1\" content=\"2\u00a0Minuten\" \/>\n<script type=\"application\/ld+json\" class=\"yoast-schema-graph\">{\"@context\":\"https:\\\/\\\/schema.org\",\"@graph\":[{\"@type\":\"WebPage\",\"@id\":\"https:\\\/\\\/revolutionpadelstore.com\\\/de\\\/produkt\\\/bullpadel-wonder-1\\\/\",\"url\":\"https:\\\/\\\/revolutionpadelstore.com\\\/de\\\/produkt\\\/bullpadel-wonder-1\\\/\",\"name\":\"BULLPADEL WONDER - Revolution Padel Store\",\"isPartOf\":{\"@id\":\"https:\\\/\\\/revolutionpadelstore.com\\\/de\\\/#website\"},\"primaryImageOfPage\":{\"@id\":\"https:\\\/\\\/revolutionpadelstore.com\\\/de\\\/produkt\\\/bullpadel-wonder-1\\\/#primaryimage\"},\"image\":{\"@id\":\"https:\\\/\\\/revolutionpadelstore.com\\\/de\\\/produkt\\\/bullpadel-wonder-1\\\/#primaryimage\"},\"thumbnailUrl\":\"https:\\\/\\\/revolutionpadelstore.com\\\/wp-content\\\/uploads\\\/2025\\\/08\\\/120919-pala-bullpadel-wonder-494407-mujer-1200x1200-1.webp\",\"datePublished\":\"2025-08-23T08:32:05+00:00\",\"dateModified\":\"2026-04-21T00:01:32+00:00\",\"description\":\"Compra la Bullpadel Wonder, la pala oficial de Claudia Fern\u00e1ndez. Ligera, potente y vers\u00e1til, ideal para jugadores avanzados. Disponible en www.revolutionpadelstore.com al mejor precio.\",\"breadcrumb\":{\"@id\":\"https:\\\/\\\/revolutionpadelstore.com\\\/de\\\/produkt\\\/bullpadel-wonder-1\\\/#breadcrumb\"},\"inLanguage\":\"de\",\"potentialAction\":[{\"@type\":\"ReadAction\",\"target\":[\"https:\\\/\\\/revolutionpadelstore.com\\\/de\\\/produkt\\\/bullpadel-wonder-1\\\/\"]}]},{\"@type\":\"ImageObject\",\"inLanguage\":\"de\",\"@id\":\"https:\\\/\\\/revolutionpadelstore.com\\\/de\\\/produkt\\\/bullpadel-wonder-1\\\/#primaryimage\",\"url\":\"https:\\\/\\\/revolutionpadelstore.com\\\/wp-content\\\/uploads\\\/2025\\\/08\\\/120919-pala-bullpadel-wonder-494407-mujer-1200x1200-1.webp\",\"contentUrl\":\"https:\\\/\\\/revolutionpadelstore.com\\\/wp-content\\\/uploads\\\/2025\\\/08\\\/120919-pala-bullpadel-wonder-494407-mujer-1200x1200-1.webp\",\"width\":1200,\"height\":1200},{\"@type\":\"BreadcrumbList\",\"@id\":\"https:\\\/\\\/revolutionpadelstore.com\\\/de\\\/produkt\\\/bullpadel-wonder-1\\\/#breadcrumb\",\"itemListElement\":[{\"@type\":\"ListItem\",\"position\":1,\"name\":\"Portada\",\"item\":\"https:\\\/\\\/revolutionpadelstore.com\\\/de\\\/\"},{\"@type\":\"ListItem\",\"position\":2,\"name\":\"Shop\",\"item\":\"https:\\\/\\\/revolutionpadelstore.com\\\/de\\\/tienda\\\/\"},{\"@type\":\"ListItem\",\"position\":3,\"name\":\"BULLPADEL WONDER\"}]},{\"@type\":\"WebSite\",\"@id\":\"https:\\\/\\\/revolutionpadelstore.com\\\/de\\\/#website\",\"url\":\"https:\\\/\\\/revolutionpadelstore.com\\\/de\\\/\",\"name\":\"Revolution Padel Store\",\"description\":\"\",\"publisher\":{\"@id\":\"https:\\\/\\\/revolutionpadelstore.com\\\/de\\\/#organization\"},\"potentialAction\":[{\"@type\":\"SearchAction\",\"target\":{\"@type\":\"EntryPoint\",\"urlTemplate\":\"https:\\\/\\\/revolutionpadelstore.com\\\/de\\\/?s={search_term_string}\"},\"query-input\":{\"@type\":\"PropertyValueSpecification\",\"valueRequired\":true,\"valueName\":\"search_term_string\"}}],\"inLanguage\":\"de\"},{\"@type\":\"Organization\",\"@id\":\"https:\\\/\\\/revolutionpadelstore.com\\\/de\\\/#organization\",\"name\":\"Revolution Padel Store\",\"url\":\"https:\\\/\\\/revolutionpadelstore.com\\\/de\\\/\",\"logo\":{\"@type\":\"ImageObject\",\"inLanguage\":\"de\",\"@id\":\"https:\\\/\\\/revolutionpadelstore.com\\\/de\\\/#\\\/schema\\\/logo\\\/image\\\/\",\"url\":\"https:\\\/\\\/revolutionpadelstore.com\\\/wp-content\\\/uploads\\\/2026\\\/02\\\/revolution-padel-store.jpg\",\"contentUrl\":\"https:\\\/\\\/revolutionpadelstore.com\\\/wp-content\\\/uploads\\\/2026\\\/02\\\/revolution-padel-store.jpg\",\"width\":2000,\"height\":2000,\"caption\":\"Revolution Padel Store\"},\"image\":{\"@id\":\"https:\\\/\\\/revolutionpadelstore.com\\\/de\\\/#\\\/schema\\\/logo\\\/image\\\/\"},\"sameAs\":[\"https:\\\/\\\/www.instagram.com\\\/revolutionpadelstore\\\/\"]}]}<\/script>\n<!-- \/ Yoast SEO plugin. -->","yoast_head_json":{"title":"BULLPADEL WONDER - Revolution Padel Store","description":"Compra la Bullpadel Wonder, la pala oficial de Claudia Fern\u00e1ndez. Ligera, potente y vers\u00e1til, ideal para jugadores avanzados. Disponible en www.revolutionpadelstore.com al mejor precio.","robots":{"index":"index","follow":"follow","max-snippet":"max-snippet:-1","max-image-preview":"max-image-preview:large","max-video-preview":"max-video-preview:-1"},"canonical":"https:\/\/revolutionpadelstore.com\/de\/produkt\/bullpadel-wonder-1\/","og_locale":"de_DE","og_type":"article","og_title":"BULLPADEL WONDER - Revolution Padel Store","og_description":"Compra la Bullpadel Wonder, la pala oficial de Claudia Fern\u00e1ndez. Ligera, potente y vers\u00e1til, ideal para jugadores avanzados. Disponible en www.revolutionpadelstore.com al mejor precio.","og_url":"https:\/\/revolutionpadelstore.com\/de\/produkt\/bullpadel-wonder-1\/","og_site_name":"Revolution Padel Store","article_modified_time":"2026-04-21T00:01:32+00:00","og_image":[{"width":1200,"height":1200,"url":"https:\/\/revolutionpadelstore.com\/wp-content\/uploads\/2025\/08\/120919-pala-bullpadel-wonder-494407-mujer-1200x1200-1.webp","type":"image\/webp"}],"twitter_card":"summary_large_image","twitter_misc":{"Gesch\u00e4tzte Lesezeit":"2\u00a0Minuten"},"schema":{"@context":"https:\/\/schema.org","@graph":[{"@type":"WebPage","@id":"https:\/\/revolutionpadelstore.com\/de\/produkt\/bullpadel-wonder-1\/","url":"https:\/\/revolutionpadelstore.com\/de\/produkt\/bullpadel-wonder-1\/","name":"BULLPADEL WONDER - Revolution Padel Store","isPartOf":{"@id":"https:\/\/revolutionpadelstore.com\/de\/#website"},"primaryImageOfPage":{"@id":"https:\/\/revolutionpadelstore.com\/de\/produkt\/bullpadel-wonder-1\/#primaryimage"},"image":{"@id":"https:\/\/revolutionpadelstore.com\/de\/produkt\/bullpadel-wonder-1\/#primaryimage"},"thumbnailUrl":"https:\/\/revolutionpadelstore.com\/wp-content\/uploads\/2025\/08\/120919-pala-bullpadel-wonder-494407-mujer-1200x1200-1.webp","datePublished":"2025-08-23T08:32:05+00:00","dateModified":"2026-04-21T00:01:32+00:00","description":"Compra la Bullpadel Wonder, la pala oficial de Claudia Fern\u00e1ndez. Ligera, potente y vers\u00e1til, ideal para jugadores avanzados. Disponible en www.revolutionpadelstore.com al mejor precio.","breadcrumb":{"@id":"https:\/\/revolutionpadelstore.com\/de\/produkt\/bullpadel-wonder-1\/#breadcrumb"},"inLanguage":"de","potentialAction":[{"@type":"ReadAction","target":["https:\/\/revolutionpadelstore.com\/de\/produkt\/bullpadel-wonder-1\/"]}]},{"@type":"ImageObject","inLanguage":"de","@id":"https:\/\/revolutionpadelstore.com\/de\/produkt\/bullpadel-wonder-1\/#primaryimage","url":"https:\/\/revolutionpadelstore.com\/wp-content\/uploads\/2025\/08\/120919-pala-bullpadel-wonder-494407-mujer-1200x1200-1.webp","contentUrl":"https:\/\/revolutionpadelstore.com\/wp-content\/uploads\/2025\/08\/120919-pala-bullpadel-wonder-494407-mujer-1200x1200-1.webp","width":1200,"height":1200},{"@type":"BreadcrumbList","@id":"https:\/\/revolutionpadelstore.com\/de\/produkt\/bullpadel-wonder-1\/#breadcrumb","itemListElement":[{"@type":"ListItem","position":1,"name":"Portada","item":"https:\/\/revolutionpadelstore.com\/de\/"},{"@type":"ListItem","position":2,"name":"Shop","item":"https:\/\/revolutionpadelstore.com\/de\/tienda\/"},{"@type":"ListItem","position":3,"name":"BULLPADEL WONDER"}]},{"@type":"WebSite","@id":"https:\/\/revolutionpadelstore.com\/de\/#website","url":"https:\/\/revolutionpadelstore.com\/de\/","name":"Revolution Padel Store","description":"","publisher":{"@id":"https:\/\/revolutionpadelstore.com\/de\/#organization"},"potentialAction":[{"@type":"SearchAction","target":{"@type":"EntryPoint","urlTemplate":"https:\/\/revolutionpadelstore.com\/de\/?s={search_term_string}"},"query-input":{"@type":"PropertyValueSpecification","valueRequired":true,"valueName":"search_term_string"}}],"inLanguage":"de"},{"@type":"Organization","@id":"https:\/\/revolutionpadelstore.com\/de\/#organization","name":"Revolution Padel Store","url":"https:\/\/revolutionpadelstore.com\/de\/","logo":{"@type":"ImageObject","inLanguage":"de","@id":"https:\/\/revolutionpadelstore.com\/de\/#\/schema\/logo\/image\/","url":"https:\/\/revolutionpadelstore.com\/wp-content\/uploads\/2026\/02\/revolution-padel-store.jpg","contentUrl":"https:\/\/revolutionpadelstore.com\/wp-content\/uploads\/2026\/02\/revolution-padel-store.jpg","width":2000,"height":2000,"caption":"Revolution Padel Store"},"image":{"@id":"https:\/\/revolutionpadelstore.com\/de\/#\/schema\/logo\/image\/"},"sameAs":["https:\/\/www.instagram.com\/revolutionpadelstore\/"]}]}},"_links":{"self":[{"href":"https:\/\/revolutionpadelstore.com\/de\/wp-json\/wp\/v2\/product\/268011","targetHints":{"allow":["GET"]}}],"collection":[{"href":"https:\/\/revolutionpadelstore.com\/de\/wp-json\/wp\/v2\/product"}],"about":[{"href":"https:\/\/revolutionpadelstore.com\/de\/wp-json\/wp\/v2\/types\/product"}],"replies":[{"embeddable":true,"href":"https:\/\/revolutionpadelstore.com\/de\/wp-json\/wp\/v2\/comments?post=268011"}],"wp:featuredmedia":[{"embeddable":true,"href":"https:\/\/revolutionpadelstore.com\/de\/wp-json\/wp\/v2\/media\/268036"}],"wp:attachment":[{"href":"https:\/\/revolutionpadelstore.com\/de\/wp-json\/wp\/v2\/media?parent=268011"}],"wp:term":[{"taxonomy":"acabado","embeddable":true,"href":"https:\/\/revolutionpadelstore.com\/de\/wp-json\/wp\/v2\/acabado?post=268011"},{"taxonomy":"balance","embeddable":true,"href":"https:\/\/revolutionpadelstore.com\/de\/wp-json\/wp\/v2\/balance?post=268011"},{"taxonomy":"dureza","embeddable":true,"href":"https:\/\/revolutionpadelstore.com\/de\/wp-json\/wp\/v2\/dureza?post=268011"},{"taxonomy":"forma","embeddable":true,"href":"https:\/\/revolutionpadelstore.com\/de\/wp-json\/wp\/v2\/forma?post=268011"},{"taxonomy":"jugador","embeddable":true,"href":"https:\/\/revolutionpadelstore.com\/de\/wp-json\/wp\/v2\/jugador?post=268011"},{"taxonomy":"marca","embeddable":true,"href":"https:\/\/revolutionpadelstore.com\/de\/wp-json\/wp\/v2\/marca?post=268011"},{"taxonomy":"nivel-de-juego","embeddable":true,"href":"https:\/\/revolutionpadelstore.com\/de\/wp-json\/wp\/v2\/nivel-de-juego?post=268011"},{"taxonomy":"superficie","embeddable":true,"href":"https:\/\/revolutionpadelstore.com\/de\/wp-json\/wp\/v2\/superficie?post=268011"},{"taxonomy":"tipo-de-juego","embeddable":true,"href":"https:\/\/revolutionpadelstore.com\/de\/wp-json\/wp\/v2\/tipo-de-juego?post=268011"},{"taxonomy":"product_brand","embeddable":true,"href":"https:\/\/revolutionpadelstore.com\/de\/wp-json\/wp\/v2\/product_brand?post=268011"},{"taxonomy":"product_cat","embeddable":true,"href":"https:\/\/revolutionpadelstore.com\/de\/wp-json\/wp\/v2\/product_cat?post=268011"},{"taxonomy":"product_tag","embeddable":true,"href":"https:\/\/revolutionpadelstore.com\/de\/wp-json\/wp\/v2\/product_tag?post=268011"}],"curies":[{"name":"wp","href":"https:\/\/api.w.org\/{rel}","templated":true}]}}